{"id":56640,"date":"2025-06-04T20:20:23","date_gmt":"2025-06-04T19:20:23","guid":{"rendered":"https:\/\/truusk.store\/product\/paviljong-stafot-4-delars-set-for-hopfallbar-paviljong-och-partytalt-robust-och-svart-idealisk-for-festtaltstabilitet\/"},"modified":"2026-03-12T09:01:17","modified_gmt":"2026-03-12T08:01:17","slug":"truusk-paviljong-stafot-4-delars-set-hopfallbar-och-robust-idealisk-for-festtaltstabilitet-svart","status":"publish","type":"product","link":"https:\/\/truusk.store\/sv\/produkt\/truusk-paviljong-stafot-4-delars-set-hopfallbar-och-robust-idealisk-for-festtaltstabilitet-svart\/","title":{"rendered":"TRUUSK Paviljong St\u00e5fot 4-delars Set &#8211; Hopf\u00e4llbar och Robust &#8211; Idealisk f\u00f6r Festt\u00e4ltstabilitet &#8211; Svart"},"content":{"rendered":"<p>passar f\u00f6r n\u00e4stan alla vanliga paviljonger<\/p>\n<p>Beskrivning:<\/p>\n<ul>\n<li> St\u00e5fotvikter passar f\u00f6r alla vanliga paviljonger<\/li>\n<li> valfritt att fylla med cirka 15 kg sand eller kiselstenar<\/li>\n<li> tillverkad av h\u00f6gkvalitativ 100% 180 g\/m\u00b2 polyester<\/li>\n<li> med PA-bel\u00e4ggning<\/li>\n<li> med kardborreband f\u00f6r fasts\u00e4ttning<\/li>\n<li> enkelt och s\u00e4kert<\/li>\n<\/ul>\n<p>Tekniska data:<\/p>\n<ul>\n<li> Material: 100% 160 g\/m\u00b2 polyester<\/li>\n<li> F\u00e4rg: Svart<\/li>\n<li> Vikt: 0,58 kg<\/li>\n<li> Totala m\u00e5tt: \u03a614 x H42 cm<\/li>\n<\/ul>\n<p>Leveransomfattning:<\/p>\n<ul>\n<li> 4 x stycken (Paviljong ing\u00e5r inte i leveransen);<\/li>\n<\/ul>\n","protected":false},"excerpt":{"rendered":"<p>passar f\u00f6r n\u00e4stan alla vanliga paviljonger Beskrivning: St\u00e5fotvikter passar f\u00f6r alla vanliga paviljonger valfritt att fylla med cirka 15 kg&#8230;<\/p>\n","protected":false},"featured_media":56624,"template":"","meta":[],"product_brand":[],"product_cat":[477,858,476],"product_tag":[],"class_list":{"0":"post-56640","1":"product","2":"type-product","3":"status-publish","4":"has-post-thumbnail","6":"product_cat-paviljonger-partytalt","7":"product_cat-tradgard-terrass","8":"product_cat-tradgardspaviljonger","10":"first","11":"instock","12":"sale","13":"taxable","14":"shipping-taxable","15":"purchasable","16":"product-type-simple"},"yoast_head":"<!-- This site is optimized with the Yoast SEO plugin v25.4 - https:\/\/yoast.com\/wordpress\/plugins\/seo\/ -->\n<title>TRUUSK Paviljong St\u00e5fot 4-delars Set - Hopf\u00e4llbar och Robust - Idealisk f\u00f6r Festt\u00e4ltstabilitet - Svart - TRUUSK - Hem, Tr\u00e4dg\u00e5rd &amp; Fritid<\/title>\n<meta name=\"robots\" content=\"index, follow, max-snippet:-1, max-image-preview:large, max-video-preview:-1\" \/>\n<link rel=\"canonical\" href=\"https:\/\/truusk.store\/sv\/produkt\/truusk-paviljong-stafot-4-delars-set-hopfallbar-och-robust-idealisk-for-festtaltstabilitet-svart\/\" \/>\n<meta property=\"og:locale\" content=\"sv_SE\" \/>\n<meta property=\"og:type\" content=\"article\" \/>\n<meta property=\"og:title\" content=\"TRUUSK Paviljong St\u00e5fot 4-delars Set - Hopf\u00e4llbar och Robust - Idealisk f\u00f6r Festt\u00e4ltstabilitet - Svart - TRUUSK - Hem, Tr\u00e4dg\u00e5rd &amp; Fritid\" \/>\n<meta property=\"og:description\" content=\"passar f\u00f6r n\u00e4stan alla vanliga paviljonger Beskrivning: St\u00e5fotvikter passar f\u00f6r alla vanliga paviljonger valfritt att fylla med cirka 15 kg...\" \/>\n<meta property=\"og:url\" content=\"https:\/\/truusk.store\/sv\/produkt\/truusk-paviljong-stafot-4-delars-set-hopfallbar-och-robust-idealisk-for-festtaltstabilitet-svart\/\" \/>\n<meta property=\"og:site_name\" content=\"TRUUSK - Hem, Tr\u00e4dg\u00e5rd &amp; Fritid\" \/>\n<meta property=\"article:modified_time\" content=\"2026-03-12T08:01:17+00:00\" \/>\n<meta property=\"og:image\" content=\"https:\/\/i0.wp.com\/truusk.se\/wp-content\/uploads\/2025\/06\/paviljong-stafot-4-pack-for-hopfallbar-paviljong-och-partytalt-robust-och-svart-idealisk-for-festtaltstabilitet-truusk-se-1.webp?fit=2000%2C2000&ssl=1\" \/>\n\t<meta property=\"og:image:width\" content=\"2000\" \/>\n\t<meta property=\"og:image:height\" content=\"2000\" \/>\n\t<meta property=\"og:image:type\" content=\"image\/webp\" \/>\n<meta name=\"twitter:card\" content=\"summary_large_image\" \/>\n<!-- \/ Yoast SEO plugin. -->","yoast_head_json":{"title":"TRUUSK Paviljong St\u00e5fot 4-delars Set - Hopf\u00e4llbar och Robust - Idealisk f\u00f6r Festt\u00e4ltstabilitet - Svart - TRUUSK - Hem, Tr\u00e4dg\u00e5rd &amp; Fritid","robots":{"index":"index","follow":"follow","max-snippet":"max-snippet:-1","max-image-preview":"max-image-preview:large","max-video-preview":"max-video-preview:-1"},"canonical":"https:\/\/truusk.store\/sv\/produkt\/truusk-paviljong-stafot-4-delars-set-hopfallbar-och-robust-idealisk-for-festtaltstabilitet-svart\/","og_locale":"sv_SE","og_type":"article","og_title":"TRUUSK Paviljong St\u00e5fot 4-delars Set - Hopf\u00e4llbar och Robust - Idealisk f\u00f6r Festt\u00e4ltstabilitet - Svart - TRUUSK - Hem, Tr\u00e4dg\u00e5rd &amp; Fritid","og_description":"passar f\u00f6r n\u00e4stan alla vanliga paviljonger Beskrivning: St\u00e5fotvikter passar f\u00f6r alla vanliga paviljonger valfritt att fylla med cirka 15 kg...","og_url":"https:\/\/truusk.store\/sv\/produkt\/truusk-paviljong-stafot-4-delars-set-hopfallbar-och-robust-idealisk-for-festtaltstabilitet-svart\/","og_site_name":"TRUUSK - Hem, Tr\u00e4dg\u00e5rd &amp; Fritid","article_modified_time":"2026-03-12T08:01:17+00:00","og_image":[{"width":2000,"height":2000,"url":"https:\/\/i0.wp.com\/truusk.se\/wp-content\/uploads\/2025\/06\/paviljong-stafot-4-pack-for-hopfallbar-paviljong-och-partytalt-robust-och-svart-idealisk-for-festtaltstabilitet-truusk-se-1.webp?fit=2000%2C2000&ssl=1","type":"image\/webp"}],"twitter_card":"summary_large_image","schema":{"@context":"https:\/\/schema.org","@graph":[{"@type":"WebPage","@id":"https:\/\/truusk.store\/sv\/produkt\/truusk-paviljong-stafot-4-delars-set-hopfallbar-och-robust-idealisk-for-festtaltstabilitet-svart\/","url":"https:\/\/truusk.store\/sv\/produkt\/truusk-paviljong-stafot-4-delars-set-hopfallbar-och-robust-idealisk-for-festtaltstabilitet-svart\/","name":"TRUUSK Paviljong St\u00e5fot 4-delars Set - Hopf\u00e4llbar och Robust - Idealisk f\u00f6r Festt\u00e4ltstabilitet - Svart - TRUUSK - Hem, Tr\u00e4dg\u00e5rd &amp; Fritid","isPartOf":{"@id":"https:\/\/truusk.store\/sv\/#website"},"primaryImageOfPage":{"@id":"https:\/\/truusk.store\/sv\/produkt\/truusk-paviljong-stafot-4-delars-set-hopfallbar-och-robust-idealisk-for-festtaltstabilitet-svart\/#primaryimage"},"image":{"@id":"https:\/\/truusk.store\/sv\/produkt\/truusk-paviljong-stafot-4-delars-set-hopfallbar-och-robust-idealisk-for-festtaltstabilitet-svart\/#primaryimage"},"thumbnailUrl":"https:\/\/i0.wp.com\/truusk.store\/wp-content\/uploads\/2025\/06\/paviljong-stafot-4-pack-for-hopfallbar-paviljong-och-partytalt-robust-och-svart-idealisk-for-festtaltstabilitet-truusk-se-1.webp?fit=2000%2C2000&ssl=1","datePublished":"2025-06-04T19:20:23+00:00","dateModified":"2026-03-12T08:01:17+00:00","breadcrumb":{"@id":"https:\/\/truusk.store\/sv\/produkt\/truusk-paviljong-stafot-4-delars-set-hopfallbar-och-robust-idealisk-for-festtaltstabilitet-svart\/#breadcrumb"},"inLanguage":"sv-SE","potentialAction":[{"@type":"ReadAction","target":["https:\/\/truusk.store\/sv\/produkt\/truusk-paviljong-stafot-4-delars-set-hopfallbar-och-robust-idealisk-for-festtaltstabilitet-svart\/"]}]},{"@type":"ImageObject","inLanguage":"sv-SE","@id":"https:\/\/truusk.store\/sv\/produkt\/truusk-paviljong-stafot-4-delars-set-hopfallbar-och-robust-idealisk-for-festtaltstabilitet-svart\/#primaryimage","url":"https:\/\/i0.wp.com\/truusk.store\/wp-content\/uploads\/2025\/06\/paviljong-stafot-4-pack-for-hopfallbar-paviljong-och-partytalt-robust-och-svart-idealisk-for-festtaltstabilitet-truusk-se-1.webp?fit=2000%2C2000&ssl=1","contentUrl":"https:\/\/i0.wp.com\/truusk.store\/wp-content\/uploads\/2025\/06\/paviljong-stafot-4-pack-for-hopfallbar-paviljong-och-partytalt-robust-och-svart-idealisk-for-festtaltstabilitet-truusk-se-1.webp?fit=2000%2C2000&ssl=1","width":2000,"height":2000},{"@type":"BreadcrumbList","@id":"https:\/\/truusk.store\/sv\/produkt\/truusk-paviljong-stafot-4-delars-set-hopfallbar-och-robust-idealisk-for-festtaltstabilitet-svart\/#breadcrumb","itemListElement":[{"@type":"ListItem","position":1,"name":"Home","item":"https:\/\/truusk.store\/sv\/"},{"@type":"ListItem","position":2,"name":"Shop","item":"https:\/\/truusk.store\/shop\/"},{"@type":"ListItem","position":3,"name":"TRUUSK Paviljong St\u00e5fot 4-delars Set &#8211; Hopf\u00e4llbar och Robust &#8211; Idealisk f\u00f6r Festt\u00e4ltstabilitet &#8211; Svart"}]},{"@type":"WebSite","@id":"https:\/\/truusk.store\/sv\/#website","url":"https:\/\/truusk.store\/sv\/","name":"TRUUSK - Hem, Tr\u00e4dg\u00e5rd & Fritid","description":"","publisher":{"@id":"https:\/\/truusk.store\/sv\/#organization"},"potentialAction":[{"@type":"SearchAction","target":{"@type":"EntryPoint","urlTemplate":"https:\/\/truusk.store\/sv\/?s={search_term_string}"},"query-input":{"@type":"PropertyValueSpecification","valueRequired":true,"valueName":"search_term_string"}}],"inLanguage":"sv-SE"},{"@type":"Organization","@id":"https:\/\/truusk.store\/sv\/#organization","name":"TRUUSK - Hem, Tr\u00e4dg\u00e5rd & Fritid","url":"https:\/\/truusk.store\/sv\/","logo":{"@type":"ImageObject","inLanguage":"sv-SE","@id":"https:\/\/truusk.store\/sv\/#\/schema\/logo\/image\/","url":"https:\/\/i0.wp.com\/truusk.store\/wp-content\/uploads\/2026\/03\/cropped-TRUUSK.png?fit=2032%2C917&ssl=1","contentUrl":"https:\/\/i0.wp.com\/truusk.store\/wp-content\/uploads\/2026\/03\/cropped-TRUUSK.png?fit=2032%2C917&ssl=1","width":2032,"height":917,"caption":"TRUUSK - Hem, Tr\u00e4dg\u00e5rd & Fritid"},"image":{"@id":"https:\/\/truusk.store\/sv\/#\/schema\/logo\/image\/"}}]}},"jetpack_sharing_enabled":true,"_links":{"self":[{"href":"https:\/\/truusk.store\/sv\/wp-json\/wp\/v2\/product\/56640","targetHints":{"allow":["GET"]}}],"collection":[{"href":"https:\/\/truusk.store\/sv\/wp-json\/wp\/v2\/product"}],"about":[{"href":"https:\/\/truusk.store\/sv\/wp-json\/wp\/v2\/types\/product"}],"wp:featuredmedia":[{"embeddable":true,"href":"https:\/\/truusk.store\/sv\/wp-json\/wp\/v2\/media\/56624"}],"wp:attachment":[{"href":"https:\/\/truusk.store\/sv\/wp-json\/wp\/v2\/media?parent=56640"}],"wp:term":[{"taxonomy":"product_brand","embeddable":true,"href":"https:\/\/truusk.store\/sv\/wp-json\/wp\/v2\/product_brand?post=56640"},{"taxonomy":"product_cat","embeddable":true,"href":"https:\/\/truusk.store\/sv\/wp-json\/wp\/v2\/product_cat?post=56640"},{"taxonomy":"product_tag","embeddable":true,"href":"https:\/\/truusk.store\/sv\/wp-json\/wp\/v2\/product_tag?post=56640"}],"curies":[{"name":"wp","href":"https:\/\/api.w.org\/{rel}","templated":true}]}}