{"id":56681,"date":"2025-06-04T20:28:37","date_gmt":"2025-06-04T19:28:37","guid":{"rendered":"https:\/\/truusk.store\/product\/barnstol-med-fotpall-rosa-barnsoffa-pall-bekvamt-soffa-stolset-83x42x41cm\/"},"modified":"2026-03-12T08:55:50","modified_gmt":"2026-03-12T07:55:50","slug":"truusk-hundvagn-och-kattvagn-2-i-1-hopfallbar-med-regnskydd-natoppningar-kudde-for-hundar-och-katter-upp-till-10-kg-4","status":"publish","type":"product","link":"https:\/\/truusk.store\/sv\/produkt\/truusk-hundvagn-och-kattvagn-2-i-1-hopfallbar-med-regnskydd-natoppningar-kudde-for-hundar-och-katter-upp-till-10-kg-4\/","title":{"rendered":"TRUUSK Hundvagn och Kattvagn 2-i-1 &#8211; Hopf\u00e4llbar med Regnskydd &#8211; N\u00e4t\u00f6ppningar &#8211; Kudde &#8211; F\u00f6r Hundar och Katter upp till 10 kg &#8211;"},"content":{"rendered":"<p>\u00c4ven om dina barn inte kan sitta still: De kommer inte att kunna motst\u00e5 detta TRUUSK barnsoffa med ottoman! En modern design i vitt, en stabil tr\u00e4ram och ett l\u00e4tt att sk\u00f6ta konstl\u00e4der\u00f6verdrag g\u00f6r denna barnsoffa till en praktisk och bekv\u00e4m sittplats. Sk\u00e4m bort dina barn och dig sj\u00e4lv med denna praktiska och dekorativa m\u00f6belupps\u00e4ttning f\u00f6r att tillsammans komma till ro och bara sitta bekv\u00e4mt.<\/p>\n<p>Beskrivning:<\/p>\n<ul>\n<li> 2-delat set best\u00e5r av 1 tv\u00e5sitssoffa och 1 pall<\/li>\n<li> 1 matchande pall erbjuder extra komfort<\/li>\n<li> Rundade kanter och h\u00f6rn skyddar ditt barn fr\u00e5n skador<\/li>\n<li> Massiv tr\u00e4ram och halkfria f\u00f6tter p\u00e5 undersidan g\u00f6r soffan stabil och s\u00e4ker<\/li>\n<li> PVC-\u00f6verdrag och skumstoppning ger ditt barn en bekv\u00e4m sittupplevelse<\/li>\n<li> Idealisk f\u00f6r barnrummet eller en egen plats i vardagsrummet<\/li>\n<li> L\u00e4tt att reng\u00f6ra<\/li>\n<\/ul>\n<p> Tekniska data:<\/p>\n<ul>\n<li> Material: Tr\u00e4, plast, skum<\/li>\n<li> F\u00e4rg: Rosa<\/li>\n<li> Soffans b\u00e4rkapacitet: 60 kg<\/li>\n<li> Pallens b\u00e4rkapacitet: 40 kg<\/li>\n<li> Soffans dimensioner: 83L x 42B x 41H cm<\/li>\n<li> Pallens dimensioner: 54L x 25B x 18H cm<\/li>\n<li> Sitsstorlek: 29B x 56T cm<\/li>\n<li> Sitth\u00f6jd: 18 cm<\/li>\n<li> L\u00e4mplig \u00e5lder: 1,5-3 \u00e5r gammal<\/li>\n<\/ul>\n<p>Leveransinneh\u00e5ll:<\/p>\n<ul>\n<li>1 x Barnsoffa<\/li>\n<li>1 x Pall<\/li>\n<\/ul>\n","protected":false},"excerpt":{"rendered":"<p>\u00c4ven om dina barn inte kan sitta still: De kommer inte att kunna motst\u00e5 detta TRUUSK barnsoffa med ottoman! En&#8230;<\/p>\n","protected":false},"featured_media":56672,"template":"","meta":[],"product_brand":[],"product_cat":[880,631,881,882],"product_tag":[],"class_list":{"0":"post-56681","1":"product","2":"type-product","3":"status-publish","4":"has-post-thumbnail","6":"product_cat-baby-barn-2","7":"product_cat-barnmobler","8":"product_cat-barnsittmobler","9":"product_cat-kindersessel","11":"first","12":"instock","13":"sale","14":"taxable","15":"shipping-taxable","16":"purchasable","17":"product-type-simple"},"yoast_head":"<!-- This site is optimized with the Yoast SEO plugin v25.4 - https:\/\/yoast.com\/wordpress\/plugins\/seo\/ -->\n<title>TRUUSK Hundvagn och Kattvagn 2-i-1 - Hopf\u00e4llbar med Regnskydd - N\u00e4t\u00f6ppningar - Kudde - F\u00f6r Hundar och Katter upp till 10 kg - TRUUSK - Hem, Tr\u00e4dg\u00e5rd &amp; Fritid<\/title>\n<meta name=\"robots\" content=\"index, follow, max-snippet:-1, max-image-preview:large, max-video-preview:-1\" \/>\n<link rel=\"canonical\" href=\"https:\/\/truusk.store\/sv\/produkt\/truusk-hundvagn-och-kattvagn-2-i-1-hopfallbar-med-regnskydd-natoppningar-kudde-for-hundar-och-katter-upp-till-10-kg-4\/\" \/>\n<meta property=\"og:locale\" content=\"sv_SE\" \/>\n<meta property=\"og:type\" content=\"article\" \/>\n<meta property=\"og:title\" content=\"TRUUSK Hundvagn och Kattvagn 2-i-1 - Hopf\u00e4llbar med Regnskydd - N\u00e4t\u00f6ppningar - Kudde - F\u00f6r Hundar och Katter upp till 10 kg - TRUUSK - Hem, Tr\u00e4dg\u00e5rd &amp; Fritid\" \/>\n<meta property=\"og:description\" content=\"\u00c4ven om dina barn inte kan sitta still: De kommer inte att kunna motst\u00e5 detta TRUUSK barnsoffa med ottoman! En...\" \/>\n<meta property=\"og:url\" content=\"https:\/\/truusk.store\/sv\/produkt\/truusk-hundvagn-och-kattvagn-2-i-1-hopfallbar-med-regnskydd-natoppningar-kudde-for-hundar-och-katter-upp-till-10-kg-4\/\" \/>\n<meta property=\"og:site_name\" content=\"TRUUSK - Hem, Tr\u00e4dg\u00e5rd &amp; Fritid\" \/>\n<meta property=\"article:modified_time\" content=\"2026-03-12T07:55:50+00:00\" \/>\n<meta property=\"og:image\" content=\"https:\/\/i0.wp.com\/truusk.se\/wp-content\/uploads\/2025\/06\/barnstol-med-fotpall-rosa-barnsoffa-pall-bekvamt-soffa-stolset-83x42x41cm-1.webp?fit=2000%2C2000&ssl=1\" \/>\n\t<meta property=\"og:image:width\" content=\"2000\" \/>\n\t<meta property=\"og:image:height\" content=\"2000\" \/>\n\t<meta property=\"og:image:type\" content=\"image\/webp\" \/>\n<meta name=\"twitter:card\" content=\"summary_large_image\" \/>\n<meta name=\"twitter:label1\" content=\"Ber\u00e4knad l\u00e4stid\" \/>\n\t<meta name=\"twitter:data1\" content=\"1 minut\" \/>\n<!-- \/ Yoast SEO plugin. -->","yoast_head_json":{"title":"TRUUSK Hundvagn och Kattvagn 2-i-1 - Hopf\u00e4llbar med Regnskydd - N\u00e4t\u00f6ppningar - Kudde - F\u00f6r Hundar och Katter upp till 10 kg - TRUUSK - Hem, Tr\u00e4dg\u00e5rd &amp; Fritid","robots":{"index":"index","follow":"follow","max-snippet":"max-snippet:-1","max-image-preview":"max-image-preview:large","max-video-preview":"max-video-preview:-1"},"canonical":"https:\/\/truusk.store\/sv\/produkt\/truusk-hundvagn-och-kattvagn-2-i-1-hopfallbar-med-regnskydd-natoppningar-kudde-for-hundar-och-katter-upp-till-10-kg-4\/","og_locale":"sv_SE","og_type":"article","og_title":"TRUUSK Hundvagn och Kattvagn 2-i-1 - Hopf\u00e4llbar med Regnskydd - N\u00e4t\u00f6ppningar - Kudde - F\u00f6r Hundar och Katter upp till 10 kg - TRUUSK - Hem, Tr\u00e4dg\u00e5rd &amp; Fritid","og_description":"\u00c4ven om dina barn inte kan sitta still: De kommer inte att kunna motst\u00e5 detta TRUUSK barnsoffa med ottoman! En...","og_url":"https:\/\/truusk.store\/sv\/produkt\/truusk-hundvagn-och-kattvagn-2-i-1-hopfallbar-med-regnskydd-natoppningar-kudde-for-hundar-och-katter-upp-till-10-kg-4\/","og_site_name":"TRUUSK - Hem, Tr\u00e4dg\u00e5rd &amp; Fritid","article_modified_time":"2026-03-12T07:55:50+00:00","og_image":[{"width":2000,"height":2000,"url":"https:\/\/i0.wp.com\/truusk.se\/wp-content\/uploads\/2025\/06\/barnstol-med-fotpall-rosa-barnsoffa-pall-bekvamt-soffa-stolset-83x42x41cm-1.webp?fit=2000%2C2000&ssl=1","type":"image\/webp"}],"twitter_card":"summary_large_image","twitter_misc":{"Ber\u00e4knad l\u00e4stid":"1 minut"},"schema":{"@context":"https:\/\/schema.org","@graph":[{"@type":"WebPage","@id":"https:\/\/truusk.store\/sv\/produkt\/truusk-hundvagn-och-kattvagn-2-i-1-hopfallbar-med-regnskydd-natoppningar-kudde-for-hundar-och-katter-upp-till-10-kg-4\/","url":"https:\/\/truusk.store\/sv\/produkt\/truusk-hundvagn-och-kattvagn-2-i-1-hopfallbar-med-regnskydd-natoppningar-kudde-for-hundar-och-katter-upp-till-10-kg-4\/","name":"TRUUSK Hundvagn och Kattvagn 2-i-1 - Hopf\u00e4llbar med Regnskydd - N\u00e4t\u00f6ppningar - Kudde - F\u00f6r Hundar och Katter upp till 10 kg - TRUUSK - Hem, Tr\u00e4dg\u00e5rd &amp; Fritid","isPartOf":{"@id":"https:\/\/truusk.store\/sv\/#website"},"primaryImageOfPage":{"@id":"https:\/\/truusk.store\/sv\/produkt\/truusk-hundvagn-och-kattvagn-2-i-1-hopfallbar-med-regnskydd-natoppningar-kudde-for-hundar-och-katter-upp-till-10-kg-4\/#primaryimage"},"image":{"@id":"https:\/\/truusk.store\/sv\/produkt\/truusk-hundvagn-och-kattvagn-2-i-1-hopfallbar-med-regnskydd-natoppningar-kudde-for-hundar-och-katter-upp-till-10-kg-4\/#primaryimage"},"thumbnailUrl":"https:\/\/i0.wp.com\/truusk.store\/wp-content\/uploads\/2025\/06\/barnstol-med-fotpall-rosa-barnsoffa-pall-bekvamt-soffa-stolset-83x42x41cm-1.webp?fit=2000%2C2000&ssl=1","datePublished":"2025-06-04T19:28:37+00:00","dateModified":"2026-03-12T07:55:50+00:00","breadcrumb":{"@id":"https:\/\/truusk.store\/sv\/produkt\/truusk-hundvagn-och-kattvagn-2-i-1-hopfallbar-med-regnskydd-natoppningar-kudde-for-hundar-och-katter-upp-till-10-kg-4\/#breadcrumb"},"inLanguage":"sv-SE","potentialAction":[{"@type":"ReadAction","target":["https:\/\/truusk.store\/sv\/produkt\/truusk-hundvagn-och-kattvagn-2-i-1-hopfallbar-med-regnskydd-natoppningar-kudde-for-hundar-och-katter-upp-till-10-kg-4\/"]}]},{"@type":"ImageObject","inLanguage":"sv-SE","@id":"https:\/\/truusk.store\/sv\/produkt\/truusk-hundvagn-och-kattvagn-2-i-1-hopfallbar-med-regnskydd-natoppningar-kudde-for-hundar-och-katter-upp-till-10-kg-4\/#primaryimage","url":"https:\/\/i0.wp.com\/truusk.store\/wp-content\/uploads\/2025\/06\/barnstol-med-fotpall-rosa-barnsoffa-pall-bekvamt-soffa-stolset-83x42x41cm-1.webp?fit=2000%2C2000&ssl=1","contentUrl":"https:\/\/i0.wp.com\/truusk.store\/wp-content\/uploads\/2025\/06\/barnstol-med-fotpall-rosa-barnsoffa-pall-bekvamt-soffa-stolset-83x42x41cm-1.webp?fit=2000%2C2000&ssl=1","width":2000,"height":2000},{"@type":"BreadcrumbList","@id":"https:\/\/truusk.store\/sv\/produkt\/truusk-hundvagn-och-kattvagn-2-i-1-hopfallbar-med-regnskydd-natoppningar-kudde-for-hundar-och-katter-upp-till-10-kg-4\/#breadcrumb","itemListElement":[{"@type":"ListItem","position":1,"name":"Home","item":"https:\/\/truusk.store\/sv\/"},{"@type":"ListItem","position":2,"name":"Shop","item":"https:\/\/truusk.store\/shop\/"},{"@type":"ListItem","position":3,"name":"TRUUSK Hundvagn och Kattvagn 2-i-1 &#8211; Hopf\u00e4llbar med Regnskydd &#8211; N\u00e4t\u00f6ppningar &#8211; Kudde &#8211; F\u00f6r Hundar och Katter upp till 10 kg &#8211;"}]},{"@type":"WebSite","@id":"https:\/\/truusk.store\/sv\/#website","url":"https:\/\/truusk.store\/sv\/","name":"TRUUSK - Hem, Tr\u00e4dg\u00e5rd & Fritid","description":"","publisher":{"@id":"https:\/\/truusk.store\/sv\/#organization"},"potentialAction":[{"@type":"SearchAction","target":{"@type":"EntryPoint","urlTemplate":"https:\/\/truusk.store\/sv\/?s={search_term_string}"},"query-input":{"@type":"PropertyValueSpecification","valueRequired":true,"valueName":"search_term_string"}}],"inLanguage":"sv-SE"},{"@type":"Organization","@id":"https:\/\/truusk.store\/sv\/#organization","name":"TRUUSK - Hem, Tr\u00e4dg\u00e5rd & Fritid","url":"https:\/\/truusk.store\/sv\/","logo":{"@type":"ImageObject","inLanguage":"sv-SE","@id":"https:\/\/truusk.store\/sv\/#\/schema\/logo\/image\/","url":"https:\/\/i0.wp.com\/truusk.store\/wp-content\/uploads\/2026\/03\/cropped-TRUUSK.png?fit=2032%2C917&ssl=1","contentUrl":"https:\/\/i0.wp.com\/truusk.store\/wp-content\/uploads\/2026\/03\/cropped-TRUUSK.png?fit=2032%2C917&ssl=1","width":2032,"height":917,"caption":"TRUUSK - Hem, Tr\u00e4dg\u00e5rd & Fritid"},"image":{"@id":"https:\/\/truusk.store\/sv\/#\/schema\/logo\/image\/"}}]}},"jetpack_sharing_enabled":true,"_links":{"self":[{"href":"https:\/\/truusk.store\/sv\/wp-json\/wp\/v2\/product\/56681","targetHints":{"allow":["GET"]}}],"collection":[{"href":"https:\/\/truusk.store\/sv\/wp-json\/wp\/v2\/product"}],"about":[{"href":"https:\/\/truusk.store\/sv\/wp-json\/wp\/v2\/types\/product"}],"wp:featuredmedia":[{"embeddable":true,"href":"https:\/\/truusk.store\/sv\/wp-json\/wp\/v2\/media\/56672"}],"wp:attachment":[{"href":"https:\/\/truusk.store\/sv\/wp-json\/wp\/v2\/media?parent=56681"}],"wp:term":[{"taxonomy":"product_brand","embeddable":true,"href":"https:\/\/truusk.store\/sv\/wp-json\/wp\/v2\/product_brand?post=56681"},{"taxonomy":"product_cat","embeddable":true,"href":"https:\/\/truusk.store\/sv\/wp-json\/wp\/v2\/product_cat?post=56681"},{"taxonomy":"product_tag","embeddable":true,"href":"https:\/\/truusk.store\/sv\/wp-json\/wp\/v2\/product_tag?post=56681"}],"curies":[{"name":"wp","href":"https:\/\/api.w.org\/{rel}","templated":true}]}}