{"id":56721,"date":"2025-06-04T20:32:36","date_gmt":"2025-06-04T19:32:36","guid":{"rendered":"https:\/\/truusk.store\/product\/blomstertrappa-blomsterhylla-3-steg-grantra-120x80x78cm-for-tradgard-balkong-terrass\/"},"modified":"2026-03-12T08:57:28","modified_gmt":"2026-03-12T07:57:28","slug":"truusk-blomstertrappa-i-grantra-3-steg-120x80x78cm-for-tradgard-balkong-terrass","status":"publish","type":"product","link":"https:\/\/truusk.store\/sv\/produkt\/truusk-blomstertrappa-i-grantra-3-steg-120x80x78cm-for-tradgard-balkong-terrass\/","title":{"rendered":"TRUUSK Blomstertrappa i Grantr\u00e4 3 Steg 120x80x78cm &#8211; F\u00f6r Tr\u00e4dg\u00e5rd Balkong &amp; Terrass"},"content":{"rendered":"<p>V\u00e5r 3-stegs blomstertrappa \u00e4r tillverkad av v\u00e4derbest\u00e4ndigt grantr\u00e4 och passar p\u00e5 balkongen, terrassen eller i tr\u00e4dg\u00e5rden. De tre stegen \u00e4r placerade p\u00e5 olika h\u00f6jder och erbjuder gott om utrymme f\u00f6r dina blomkrukor och skapar samtidigt ett vackert, rumsligt utseende. V\u00e5r v\u00e4xtst\u00e4llning har en s\u00e4rskilt h\u00f6g b\u00e4rkapacitet, vilket g\u00f6r att \u00e4ven tyngre krukor kan placeras p\u00e5 den.<\/p>\n<p>Beskrivning:<\/p>\n<ul>\n<li> Blomstertrappa i naturlig f\u00e4rg f\u00f6r blommor eller v\u00e4xter<\/li>\n<li>Idealisk f\u00f6r utomhusomr\u00e5den som balkong, terrass eller tr\u00e4dg\u00e5rd<\/li>\n<li>Tillverkad av massivt, r\u00f6tmotst\u00e5ndigt grantr\u00e4 med f\u00f6rstklassig bearbetning<\/li>\n<li>3 steg p\u00e5 olika h\u00f6jder erbjuder tillr\u00e4ckligt med utrymme<\/li>\n<li>H\u00f6g stabilitet tack vare de stabila st\u00f6dbenen<\/li>\n<li>H\u00f6g b\u00e4rkapacitet upp till 90 kg<\/li>\n<li>Enkel och snabb montering<\/li>\n<\/ul>\n<p>Tekniska data:<\/p>\n<ul>\n<li>Material: Grantr\u00e4<\/li>\n<li>F\u00e4rg: Natur<\/li>\n<li>Totala m\u00e5tt: L120 x B80 x H78cm<\/li>\n<li>M\u00e5tt p\u00e5 steget: L120 x B26cm<\/li>\n<li>Vikt: ca.12kg<\/li>\n<li>Max. belastningskapacitet: 90kg<\/li>\n<\/ul>\n<p>Leveransinneh\u00e5ll:<\/p>\n<ul>\n<li>1 x Blomstertrappa<\/li>\n<\/ul>\n","protected":false},"excerpt":{"rendered":"<p>V\u00e5r 3-stegs blomstertrappa \u00e4r tillverkad av v\u00e4derbest\u00e4ndigt grantr\u00e4 och passar p\u00e5 balkongen, terrassen eller i tr\u00e4dg\u00e5rden. De tre stegen \u00e4r&#8230;<\/p>\n","protected":false},"featured_media":56712,"template":"","meta":[],"product_brand":[],"product_cat":[884,858,443,883],"product_tag":[],"class_list":{"0":"post-56721","1":"product","2":"type-product","3":"status-publish","4":"has-post-thumbnail","6":"product_cat-pflanzentreppen","7":"product_cat-tradgard-terrass","8":"product_cat-vaxthus-tradgardsskotsel","9":"product_cat-vaxttrappor-hyllor","11":"first","12":"instock","13":"sale","14":"taxable","15":"shipping-taxable","16":"purchasable","17":"product-type-simple"},"yoast_head":"<!-- This site is optimized with the Yoast SEO plugin v25.4 - https:\/\/yoast.com\/wordpress\/plugins\/seo\/ -->\n<title>TRUUSK Blomstertrappa i Grantr\u00e4 3 Steg 120x80x78cm - F\u00f6r Tr\u00e4dg\u00e5rd Balkong &amp; Terrass - TRUUSK - Hem, Tr\u00e4dg\u00e5rd &amp; Fritid<\/title>\n<meta name=\"robots\" content=\"index, follow, max-snippet:-1, max-image-preview:large, max-video-preview:-1\" \/>\n<link rel=\"canonical\" href=\"https:\/\/truusk.store\/sv\/produkt\/truusk-blomstertrappa-i-grantra-3-steg-120x80x78cm-for-tradgard-balkong-terrass\/\" \/>\n<meta property=\"og:locale\" content=\"sv_SE\" \/>\n<meta property=\"og:type\" content=\"article\" \/>\n<meta property=\"og:title\" content=\"TRUUSK Blomstertrappa i Grantr\u00e4 3 Steg 120x80x78cm - F\u00f6r Tr\u00e4dg\u00e5rd Balkong &amp; Terrass - TRUUSK - Hem, Tr\u00e4dg\u00e5rd &amp; Fritid\" \/>\n<meta property=\"og:description\" content=\"V\u00e5r 3-stegs blomstertrappa \u00e4r tillverkad av v\u00e4derbest\u00e4ndigt grantr\u00e4 och passar p\u00e5 balkongen, terrassen eller i tr\u00e4dg\u00e5rden. De tre stegen \u00e4r...\" \/>\n<meta property=\"og:url\" content=\"https:\/\/truusk.store\/sv\/produkt\/truusk-blomstertrappa-i-grantra-3-steg-120x80x78cm-for-tradgard-balkong-terrass\/\" \/>\n<meta property=\"og:site_name\" content=\"TRUUSK - Hem, Tr\u00e4dg\u00e5rd &amp; Fritid\" \/>\n<meta property=\"article:modified_time\" content=\"2026-03-12T07:57:28+00:00\" \/>\n<meta property=\"og:image\" content=\"https:\/\/i0.wp.com\/truusk.se\/wp-content\/uploads\/2025\/06\/blomstertrappa-blomsterhylla-3-steg-grantra-120x80x78cm-for-tradgard-balkong-terrass-1.webp?fit=2000%2C2000&ssl=1\" \/>\n\t<meta property=\"og:image:width\" content=\"2000\" \/>\n\t<meta property=\"og:image:height\" content=\"2000\" \/>\n\t<meta property=\"og:image:type\" content=\"image\/webp\" \/>\n<meta name=\"twitter:card\" content=\"summary_large_image\" \/>\n<meta name=\"twitter:label1\" content=\"Ber\u00e4knad l\u00e4stid\" \/>\n\t<meta name=\"twitter:data1\" content=\"1 minut\" \/>\n<!-- \/ Yoast SEO plugin. -->","yoast_head_json":{"title":"TRUUSK Blomstertrappa i Grantr\u00e4 3 Steg 120x80x78cm - F\u00f6r Tr\u00e4dg\u00e5rd Balkong &amp; Terrass - TRUUSK - Hem, Tr\u00e4dg\u00e5rd &amp; Fritid","robots":{"index":"index","follow":"follow","max-snippet":"max-snippet:-1","max-image-preview":"max-image-preview:large","max-video-preview":"max-video-preview:-1"},"canonical":"https:\/\/truusk.store\/sv\/produkt\/truusk-blomstertrappa-i-grantra-3-steg-120x80x78cm-for-tradgard-balkong-terrass\/","og_locale":"sv_SE","og_type":"article","og_title":"TRUUSK Blomstertrappa i Grantr\u00e4 3 Steg 120x80x78cm - F\u00f6r Tr\u00e4dg\u00e5rd Balkong &amp; Terrass - TRUUSK - Hem, Tr\u00e4dg\u00e5rd &amp; Fritid","og_description":"V\u00e5r 3-stegs blomstertrappa \u00e4r tillverkad av v\u00e4derbest\u00e4ndigt grantr\u00e4 och passar p\u00e5 balkongen, terrassen eller i tr\u00e4dg\u00e5rden. De tre stegen \u00e4r...","og_url":"https:\/\/truusk.store\/sv\/produkt\/truusk-blomstertrappa-i-grantra-3-steg-120x80x78cm-for-tradgard-balkong-terrass\/","og_site_name":"TRUUSK - Hem, Tr\u00e4dg\u00e5rd &amp; Fritid","article_modified_time":"2026-03-12T07:57:28+00:00","og_image":[{"width":2000,"height":2000,"url":"https:\/\/i0.wp.com\/truusk.se\/wp-content\/uploads\/2025\/06\/blomstertrappa-blomsterhylla-3-steg-grantra-120x80x78cm-for-tradgard-balkong-terrass-1.webp?fit=2000%2C2000&ssl=1","type":"image\/webp"}],"twitter_card":"summary_large_image","twitter_misc":{"Ber\u00e4knad l\u00e4stid":"1 minut"},"schema":{"@context":"https:\/\/schema.org","@graph":[{"@type":"WebPage","@id":"https:\/\/truusk.store\/sv\/produkt\/truusk-blomstertrappa-i-grantra-3-steg-120x80x78cm-for-tradgard-balkong-terrass\/","url":"https:\/\/truusk.store\/sv\/produkt\/truusk-blomstertrappa-i-grantra-3-steg-120x80x78cm-for-tradgard-balkong-terrass\/","name":"TRUUSK Blomstertrappa i Grantr\u00e4 3 Steg 120x80x78cm - F\u00f6r Tr\u00e4dg\u00e5rd Balkong &amp; Terrass - TRUUSK - Hem, Tr\u00e4dg\u00e5rd &amp; Fritid","isPartOf":{"@id":"https:\/\/truusk.store\/sv\/#website"},"primaryImageOfPage":{"@id":"https:\/\/truusk.store\/sv\/produkt\/truusk-blomstertrappa-i-grantra-3-steg-120x80x78cm-for-tradgard-balkong-terrass\/#primaryimage"},"image":{"@id":"https:\/\/truusk.store\/sv\/produkt\/truusk-blomstertrappa-i-grantra-3-steg-120x80x78cm-for-tradgard-balkong-terrass\/#primaryimage"},"thumbnailUrl":"https:\/\/i0.wp.com\/truusk.store\/wp-content\/uploads\/2025\/06\/blomstertrappa-blomsterhylla-3-steg-grantra-120x80x78cm-for-tradgard-balkong-terrass-1.webp?fit=2000%2C2000&ssl=1","datePublished":"2025-06-04T19:32:36+00:00","dateModified":"2026-03-12T07:57:28+00:00","breadcrumb":{"@id":"https:\/\/truusk.store\/sv\/produkt\/truusk-blomstertrappa-i-grantra-3-steg-120x80x78cm-for-tradgard-balkong-terrass\/#breadcrumb"},"inLanguage":"sv-SE","potentialAction":[{"@type":"ReadAction","target":["https:\/\/truusk.store\/sv\/produkt\/truusk-blomstertrappa-i-grantra-3-steg-120x80x78cm-for-tradgard-balkong-terrass\/"]}]},{"@type":"ImageObject","inLanguage":"sv-SE","@id":"https:\/\/truusk.store\/sv\/produkt\/truusk-blomstertrappa-i-grantra-3-steg-120x80x78cm-for-tradgard-balkong-terrass\/#primaryimage","url":"https:\/\/i0.wp.com\/truusk.store\/wp-content\/uploads\/2025\/06\/blomstertrappa-blomsterhylla-3-steg-grantra-120x80x78cm-for-tradgard-balkong-terrass-1.webp?fit=2000%2C2000&ssl=1","contentUrl":"https:\/\/i0.wp.com\/truusk.store\/wp-content\/uploads\/2025\/06\/blomstertrappa-blomsterhylla-3-steg-grantra-120x80x78cm-for-tradgard-balkong-terrass-1.webp?fit=2000%2C2000&ssl=1","width":2000,"height":2000},{"@type":"BreadcrumbList","@id":"https:\/\/truusk.store\/sv\/produkt\/truusk-blomstertrappa-i-grantra-3-steg-120x80x78cm-for-tradgard-balkong-terrass\/#breadcrumb","itemListElement":[{"@type":"ListItem","position":1,"name":"Home","item":"https:\/\/truusk.store\/sv\/"},{"@type":"ListItem","position":2,"name":"Shop","item":"https:\/\/truusk.store\/shop\/"},{"@type":"ListItem","position":3,"name":"TRUUSK Blomstertrappa i Grantr\u00e4 3 Steg 120x80x78cm &#8211; F\u00f6r Tr\u00e4dg\u00e5rd Balkong &amp; Terrass"}]},{"@type":"WebSite","@id":"https:\/\/truusk.store\/sv\/#website","url":"https:\/\/truusk.store\/sv\/","name":"TRUUSK - Hem, Tr\u00e4dg\u00e5rd & Fritid","description":"","publisher":{"@id":"https:\/\/truusk.store\/sv\/#organization"},"potentialAction":[{"@type":"SearchAction","target":{"@type":"EntryPoint","urlTemplate":"https:\/\/truusk.store\/sv\/?s={search_term_string}"},"query-input":{"@type":"PropertyValueSpecification","valueRequired":true,"valueName":"search_term_string"}}],"inLanguage":"sv-SE"},{"@type":"Organization","@id":"https:\/\/truusk.store\/sv\/#organization","name":"TRUUSK - Hem, Tr\u00e4dg\u00e5rd & Fritid","url":"https:\/\/truusk.store\/sv\/","logo":{"@type":"ImageObject","inLanguage":"sv-SE","@id":"https:\/\/truusk.store\/sv\/#\/schema\/logo\/image\/","url":"https:\/\/i0.wp.com\/truusk.store\/wp-content\/uploads\/2026\/03\/cropped-TRUUSK.png?fit=2032%2C917&ssl=1","contentUrl":"https:\/\/i0.wp.com\/truusk.store\/wp-content\/uploads\/2026\/03\/cropped-TRUUSK.png?fit=2032%2C917&ssl=1","width":2032,"height":917,"caption":"TRUUSK - Hem, Tr\u00e4dg\u00e5rd & Fritid"},"image":{"@id":"https:\/\/truusk.store\/sv\/#\/schema\/logo\/image\/"}}]}},"jetpack_sharing_enabled":true,"_links":{"self":[{"href":"https:\/\/truusk.store\/sv\/wp-json\/wp\/v2\/product\/56721","targetHints":{"allow":["GET"]}}],"collection":[{"href":"https:\/\/truusk.store\/sv\/wp-json\/wp\/v2\/product"}],"about":[{"href":"https:\/\/truusk.store\/sv\/wp-json\/wp\/v2\/types\/product"}],"wp:featuredmedia":[{"embeddable":true,"href":"https:\/\/truusk.store\/sv\/wp-json\/wp\/v2\/media\/56712"}],"wp:attachment":[{"href":"https:\/\/truusk.store\/sv\/wp-json\/wp\/v2\/media?parent=56721"}],"wp:term":[{"taxonomy":"product_brand","embeddable":true,"href":"https:\/\/truusk.store\/sv\/wp-json\/wp\/v2\/product_brand?post=56721"},{"taxonomy":"product_cat","embeddable":true,"href":"https:\/\/truusk.store\/sv\/wp-json\/wp\/v2\/product_cat?post=56721"},{"taxonomy":"product_tag","embeddable":true,"href":"https:\/\/truusk.store\/sv\/wp-json\/wp\/v2\/product_tag?post=56721"}],"curies":[{"name":"wp","href":"https:\/\/api.w.org\/{rel}","templated":true}]}}