{"id":56731,"date":"2025-06-04T20:33:35","date_gmt":"2025-06-04T19:33:35","guid":{"rendered":"https:\/\/truusk.store\/product\/mobil-parasollfot-28kg-marmor-rostfritt-stal-42x42x36cm-stabil-paraplyfot-for-tradgard-terrass\/"},"modified":"2026-03-12T08:58:27","modified_gmt":"2026-03-12T07:58:27","slug":"truusk-mobil-parasollfot-28kg-marmor-rostfritt-stal-stabil-for-tradgard-terrass","status":"publish","type":"product","link":"https:\/\/truusk.store\/sv\/produkt\/truusk-mobil-parasollfot-28kg-marmor-rostfritt-stal-stabil-for-tradgard-terrass\/","title":{"rendered":"TRUUSK Mobil Parasollfot 28kg &#8211; Marmor &#8211; Rostfritt St\u00e5l &#8211; Stabil &#8211; F\u00f6r Tr\u00e4dg\u00e5rd &amp; Terrass"},"content":{"rendered":"<p>Denna parasollfot \u00e4r perfekt f\u00f6r parasoller med en parasollst\u00e5ngdiameter p\u00e5 \u22053,4 cm\/\u22053,8 cm\/\u22054,8 cm och ger parasollet ett s\u00e4kert grepp och ideal stabilitet. Den \u00e4r tillverkad av marmor och ett rostfritt st\u00e5lr\u00f6r och har d\u00e4rf\u00f6r h\u00f6g stabilitet och l\u00e5ng livsl\u00e4ngd. Utrustad med tv\u00e5 hjul och ett handtag, \u00e4r denna parasollfot trots sin h\u00f6ga vikt p\u00e5 25 kg mycket enkel och bekv\u00e4m att flytta.<\/p>\n<p>Beskrivning:<\/p>\n<ul>\n<li>Parasollfot, tillverkad av polerad marmor och ett rostfritt st\u00e5lr\u00f6r i stabil konstruktion<\/li>\n<li>Ger parasoller ett s\u00e4kert grepp och f\u00f6rstklassig stabilitet<\/li>\n<li>Passar f\u00f6r parasollst\u00e4nger med en diameter p\u00e5 3,4 cm\/3,8 cm\/4,8 cm<\/li>\n<li>L\u00e4tt att flytta tack vare de 2 hjulen p\u00e5 undersidan och ett handtag p\u00e5 sidan av basen<\/li>\n<li>Med 2 l\u00e5sskruvar f\u00f6r att fixera parasollst\u00e5ngen<\/li>\n<li>Med 2 kuddar p\u00e5 undersidan av basen f\u00f6r att skydda golvet<\/li>\n<li>Enkel montering<\/li>\n<\/ul>\n<p>Tekniska data:<\/p>\n<ul>\n<li>Material: Marmor, 201 rostfritt st\u00e5l, plast<\/li>\n<li>Totala m\u00e5tt: L40 x B40 x H36 cm<\/li>\n<li>M\u00e5tt p\u00e5 marmorplattan: L42 x B42 x H5,5 cm<\/li>\n<li>Passande parasollst\u00e5ng: \u22053,5 cm\/\u22053,8 cm\/\u22054,8 cm<\/li>\n<li>Nettovikt: 25 kg<\/li>\n<\/ul>\n<p>Inneh\u00e5ll:<\/p>\n<ul>\n<li>1 x parasollfot inkl. rostfritt st\u00e5lr\u00f6r<\/li>\n<\/ul>\n","protected":false},"excerpt":{"rendered":"<p>Denna parasollfot \u00e4r perfekt f\u00f6r parasoller med en parasollst\u00e5ngdiameter p\u00e5 \u22053,4 cm\/\u22053,8 cm\/\u22054,8 cm och ger parasollet ett s\u00e4kert grepp&#8230;<\/p>\n","protected":false},"featured_media":56722,"template":"","meta":[],"product_brand":[],"product_cat":[886,862,885,858],"product_tag":[],"class_list":{"0":"post-56731","1":"product","2":"type-product","3":"status-publish","4":"has-post-thumbnail","6":"product_cat-schirmstander","7":"product_cat-sol-insynsskydd","8":"product_cat-tillbehor-till-parasoller","9":"product_cat-tradgard-terrass","11":"first","12":"instock","13":"sale","14":"taxable","15":"shipping-taxable","16":"purchasable","17":"product-type-simple"},"yoast_head":"<!-- This site is optimized with the Yoast SEO plugin v25.4 - https:\/\/yoast.com\/wordpress\/plugins\/seo\/ -->\n<title>TRUUSK Mobil Parasollfot 28kg - Marmor - Rostfritt St\u00e5l - Stabil - F\u00f6r Tr\u00e4dg\u00e5rd &amp; Terrass - TRUUSK - Hem, Tr\u00e4dg\u00e5rd &amp; Fritid<\/title>\n<meta name=\"robots\" content=\"index, follow, max-snippet:-1, max-image-preview:large, max-video-preview:-1\" \/>\n<link rel=\"canonical\" href=\"https:\/\/truusk.store\/sv\/produkt\/truusk-mobil-parasollfot-28kg-marmor-rostfritt-stal-stabil-for-tradgard-terrass\/\" \/>\n<meta property=\"og:locale\" content=\"sv_SE\" \/>\n<meta property=\"og:type\" content=\"article\" \/>\n<meta property=\"og:title\" content=\"TRUUSK Mobil Parasollfot 28kg - Marmor - Rostfritt St\u00e5l - Stabil - F\u00f6r Tr\u00e4dg\u00e5rd &amp; Terrass - TRUUSK - Hem, Tr\u00e4dg\u00e5rd &amp; Fritid\" \/>\n<meta property=\"og:description\" content=\"Denna parasollfot \u00e4r perfekt f\u00f6r parasoller med en parasollst\u00e5ngdiameter p\u00e5 \u22053,4 cm\/\u22053,8 cm\/\u22054,8 cm och ger parasollet ett s\u00e4kert grepp...\" \/>\n<meta property=\"og:url\" content=\"https:\/\/truusk.store\/sv\/produkt\/truusk-mobil-parasollfot-28kg-marmor-rostfritt-stal-stabil-for-tradgard-terrass\/\" \/>\n<meta property=\"og:site_name\" content=\"TRUUSK - Hem, Tr\u00e4dg\u00e5rd &amp; Fritid\" \/>\n<meta property=\"article:modified_time\" content=\"2026-03-12T07:58:27+00:00\" \/>\n<meta property=\"og:image\" content=\"https:\/\/i0.wp.com\/truusk.se\/wp-content\/uploads\/2025\/06\/mobil-parasollfot-28kg-marmor-rostfritt-stal-42x42x36cm-stabil-paraplyfot-for-tradgard-terrass-1.webp?fit=2000%2C2000&ssl=1\" \/>\n\t<meta property=\"og:image:width\" content=\"2000\" \/>\n\t<meta property=\"og:image:height\" content=\"2000\" \/>\n\t<meta property=\"og:image:type\" content=\"image\/webp\" \/>\n<meta name=\"twitter:card\" content=\"summary_large_image\" \/>\n<meta name=\"twitter:label1\" content=\"Ber\u00e4knad l\u00e4stid\" \/>\n\t<meta name=\"twitter:data1\" content=\"1 minut\" \/>\n<!-- \/ Yoast SEO plugin. -->","yoast_head_json":{"title":"TRUUSK Mobil Parasollfot 28kg - Marmor - Rostfritt St\u00e5l - Stabil - F\u00f6r Tr\u00e4dg\u00e5rd &amp; Terrass - TRUUSK - Hem, Tr\u00e4dg\u00e5rd &amp; Fritid","robots":{"index":"index","follow":"follow","max-snippet":"max-snippet:-1","max-image-preview":"max-image-preview:large","max-video-preview":"max-video-preview:-1"},"canonical":"https:\/\/truusk.store\/sv\/produkt\/truusk-mobil-parasollfot-28kg-marmor-rostfritt-stal-stabil-for-tradgard-terrass\/","og_locale":"sv_SE","og_type":"article","og_title":"TRUUSK Mobil Parasollfot 28kg - Marmor - Rostfritt St\u00e5l - Stabil - F\u00f6r Tr\u00e4dg\u00e5rd &amp; Terrass - TRUUSK - Hem, Tr\u00e4dg\u00e5rd &amp; Fritid","og_description":"Denna parasollfot \u00e4r perfekt f\u00f6r parasoller med en parasollst\u00e5ngdiameter p\u00e5 \u22053,4 cm\/\u22053,8 cm\/\u22054,8 cm och ger parasollet ett s\u00e4kert grepp...","og_url":"https:\/\/truusk.store\/sv\/produkt\/truusk-mobil-parasollfot-28kg-marmor-rostfritt-stal-stabil-for-tradgard-terrass\/","og_site_name":"TRUUSK - Hem, Tr\u00e4dg\u00e5rd &amp; Fritid","article_modified_time":"2026-03-12T07:58:27+00:00","og_image":[{"width":2000,"height":2000,"url":"https:\/\/i0.wp.com\/truusk.se\/wp-content\/uploads\/2025\/06\/mobil-parasollfot-28kg-marmor-rostfritt-stal-42x42x36cm-stabil-paraplyfot-for-tradgard-terrass-1.webp?fit=2000%2C2000&ssl=1","type":"image\/webp"}],"twitter_card":"summary_large_image","twitter_misc":{"Ber\u00e4knad l\u00e4stid":"1 minut"},"schema":{"@context":"https:\/\/schema.org","@graph":[{"@type":"WebPage","@id":"https:\/\/truusk.store\/sv\/produkt\/truusk-mobil-parasollfot-28kg-marmor-rostfritt-stal-stabil-for-tradgard-terrass\/","url":"https:\/\/truusk.store\/sv\/produkt\/truusk-mobil-parasollfot-28kg-marmor-rostfritt-stal-stabil-for-tradgard-terrass\/","name":"TRUUSK Mobil Parasollfot 28kg - Marmor - Rostfritt St\u00e5l - Stabil - F\u00f6r Tr\u00e4dg\u00e5rd &amp; Terrass - TRUUSK - Hem, Tr\u00e4dg\u00e5rd &amp; Fritid","isPartOf":{"@id":"https:\/\/truusk.store\/sv\/#website"},"primaryImageOfPage":{"@id":"https:\/\/truusk.store\/sv\/produkt\/truusk-mobil-parasollfot-28kg-marmor-rostfritt-stal-stabil-for-tradgard-terrass\/#primaryimage"},"image":{"@id":"https:\/\/truusk.store\/sv\/produkt\/truusk-mobil-parasollfot-28kg-marmor-rostfritt-stal-stabil-for-tradgard-terrass\/#primaryimage"},"thumbnailUrl":"https:\/\/i0.wp.com\/truusk.store\/wp-content\/uploads\/2025\/06\/mobil-parasollfot-28kg-marmor-rostfritt-stal-42x42x36cm-stabil-paraplyfot-for-tradgard-terrass-1.webp?fit=2000%2C2000&ssl=1","datePublished":"2025-06-04T19:33:35+00:00","dateModified":"2026-03-12T07:58:27+00:00","breadcrumb":{"@id":"https:\/\/truusk.store\/sv\/produkt\/truusk-mobil-parasollfot-28kg-marmor-rostfritt-stal-stabil-for-tradgard-terrass\/#breadcrumb"},"inLanguage":"sv-SE","potentialAction":[{"@type":"ReadAction","target":["https:\/\/truusk.store\/sv\/produkt\/truusk-mobil-parasollfot-28kg-marmor-rostfritt-stal-stabil-for-tradgard-terrass\/"]}]},{"@type":"ImageObject","inLanguage":"sv-SE","@id":"https:\/\/truusk.store\/sv\/produkt\/truusk-mobil-parasollfot-28kg-marmor-rostfritt-stal-stabil-for-tradgard-terrass\/#primaryimage","url":"https:\/\/i0.wp.com\/truusk.store\/wp-content\/uploads\/2025\/06\/mobil-parasollfot-28kg-marmor-rostfritt-stal-42x42x36cm-stabil-paraplyfot-for-tradgard-terrass-1.webp?fit=2000%2C2000&ssl=1","contentUrl":"https:\/\/i0.wp.com\/truusk.store\/wp-content\/uploads\/2025\/06\/mobil-parasollfot-28kg-marmor-rostfritt-stal-42x42x36cm-stabil-paraplyfot-for-tradgard-terrass-1.webp?fit=2000%2C2000&ssl=1","width":2000,"height":2000},{"@type":"BreadcrumbList","@id":"https:\/\/truusk.store\/sv\/produkt\/truusk-mobil-parasollfot-28kg-marmor-rostfritt-stal-stabil-for-tradgard-terrass\/#breadcrumb","itemListElement":[{"@type":"ListItem","position":1,"name":"Home","item":"https:\/\/truusk.store\/sv\/"},{"@type":"ListItem","position":2,"name":"Shop","item":"https:\/\/truusk.store\/shop\/"},{"@type":"ListItem","position":3,"name":"TRUUSK Mobil Parasollfot 28kg &#8211; Marmor &#8211; Rostfritt St\u00e5l &#8211; Stabil &#8211; F\u00f6r Tr\u00e4dg\u00e5rd &amp; Terrass"}]},{"@type":"WebSite","@id":"https:\/\/truusk.store\/sv\/#website","url":"https:\/\/truusk.store\/sv\/","name":"TRUUSK - Hem, Tr\u00e4dg\u00e5rd & Fritid","description":"","publisher":{"@id":"https:\/\/truusk.store\/sv\/#organization"},"potentialAction":[{"@type":"SearchAction","target":{"@type":"EntryPoint","urlTemplate":"https:\/\/truusk.store\/sv\/?s={search_term_string}"},"query-input":{"@type":"PropertyValueSpecification","valueRequired":true,"valueName":"search_term_string"}}],"inLanguage":"sv-SE"},{"@type":"Organization","@id":"https:\/\/truusk.store\/sv\/#organization","name":"TRUUSK - Hem, Tr\u00e4dg\u00e5rd & Fritid","url":"https:\/\/truusk.store\/sv\/","logo":{"@type":"ImageObject","inLanguage":"sv-SE","@id":"https:\/\/truusk.store\/sv\/#\/schema\/logo\/image\/","url":"https:\/\/i0.wp.com\/truusk.store\/wp-content\/uploads\/2026\/03\/cropped-TRUUSK.png?fit=2032%2C917&ssl=1","contentUrl":"https:\/\/i0.wp.com\/truusk.store\/wp-content\/uploads\/2026\/03\/cropped-TRUUSK.png?fit=2032%2C917&ssl=1","width":2032,"height":917,"caption":"TRUUSK - Hem, Tr\u00e4dg\u00e5rd & Fritid"},"image":{"@id":"https:\/\/truusk.store\/sv\/#\/schema\/logo\/image\/"}}]}},"jetpack_sharing_enabled":true,"_links":{"self":[{"href":"https:\/\/truusk.store\/sv\/wp-json\/wp\/v2\/product\/56731","targetHints":{"allow":["GET"]}}],"collection":[{"href":"https:\/\/truusk.store\/sv\/wp-json\/wp\/v2\/product"}],"about":[{"href":"https:\/\/truusk.store\/sv\/wp-json\/wp\/v2\/types\/product"}],"wp:featuredmedia":[{"embeddable":true,"href":"https:\/\/truusk.store\/sv\/wp-json\/wp\/v2\/media\/56722"}],"wp:attachment":[{"href":"https:\/\/truusk.store\/sv\/wp-json\/wp\/v2\/media?parent=56731"}],"wp:term":[{"taxonomy":"product_brand","embeddable":true,"href":"https:\/\/truusk.store\/sv\/wp-json\/wp\/v2\/product_brand?post=56731"},{"taxonomy":"product_cat","embeddable":true,"href":"https:\/\/truusk.store\/sv\/wp-json\/wp\/v2\/product_cat?post=56731"},{"taxonomy":"product_tag","embeddable":true,"href":"https:\/\/truusk.store\/sv\/wp-json\/wp\/v2\/product_tag?post=56731"}],"curies":[{"name":"wp","href":"https:\/\/api.w.org\/{rel}","templated":true}]}}