{"id":56741,"date":"2025-06-04T20:34:28","date_gmt":"2025-06-04T19:34:28","guid":{"rendered":"https:\/\/truusk.store\/product\/rund-tradgardsbord-balkongbord-o60xh70cm-i-metall-med-sakerhetsglas-idealisk-for-tradgard-balkong\/"},"modified":"2026-03-12T08:57:42","modified_gmt":"2026-03-12T07:57:42","slug":"truusk-runt-tradgardsbord-o60xh70cm-metall-med-sakerhetsglas-idealisk-for-tradgard-balkong","status":"publish","type":"product","link":"https:\/\/truusk.store\/sv\/produkt\/truusk-runt-tradgardsbord-o60xh70cm-metall-med-sakerhetsglas-idealisk-for-tradgard-balkong\/","title":{"rendered":"TRUUSK Runt Tr\u00e4dg\u00e5rdsbord \u00d860xH70cm &#8211; Metall med S\u00e4kerhetsglas &#8211; Idealisk f\u00f6r Tr\u00e4dg\u00e5rd &amp; Balkong"},"content":{"rendered":"<p>Denna moderna, formvackra terrassbord kan anv\u00e4ndas p\u00e5 m\u00e5nga s\u00e4tt tack vare sin moderna design och det lilla utrymmet det tar upp, och fungerar som en blickf\u00e5ngare i tr\u00e4dg\u00e5rden, p\u00e5 balkongen eller p\u00e5 terrassen! De fyra solida st\u00f6dbenen och bordsramen \u00e4r gjorda av pulverlackerat metall och bordsskivan \u00e4r gjord av tjockt, robust s\u00e4kerhetsglas med vattenkrusningsm\u00f6nster. V\u00e5rt balkongbord har h\u00f6g stabilitet och b\u00e4rkapacitet och \u00e4r dessutom v\u00e4derbest\u00e4ndigt!<\/p>\n<p>Beskrivning:<\/p>\n<ul>\n<li>H\u00f6gkvalitativt tr\u00e4dg\u00e5rdsbord i modern design<\/li>\n<li>L\u00e4mplig f\u00f6r tr\u00e4dg\u00e5rd, balkong eller terrass<\/li>\n<li>St\u00f6dben och bordsram \u00e4r gjorda av pulverlackerat metall<\/li>\n<li>Bordsskiva av robust s\u00e4kerhetsglas med vattenkrusningsm\u00f6nster<\/li>\n<li>Med plastf\u00e4stdelar f\u00f6r att f\u00e4sta st\u00f6dbenen<\/li>\n<li>Enkel montering<\/li>\n<\/ul>\n<p>Tekniska data:<\/p>\n<ul>\n<li>Material: Metall, s\u00e4kerhetsglas, plast<\/li>\n<li>F\u00e4rg: Svart<\/li>\n<li>M\u00e5tt: \u220560 x H70 cm<\/li>\n<li>Tjocklek p\u00e5 bordsskivan: 5 mm<\/li>\n<li>Vikt: ca.6 kg<\/li>\n<li>Max. belastningskapacitet: 50 kg<\/li>\n<\/ul>\n<p>Leveransinneh\u00e5ll:<\/p>\n<ul>\n<li>1 x Tr\u00e4dg\u00e5rdsbord<\/li>\n<\/ul>\n","protected":false},"excerpt":{"rendered":"<p>Denna moderna, formvackra terrassbord kan anv\u00e4ndas p\u00e5 m\u00e5nga s\u00e4tt tack vare sin moderna design och det lilla utrymmet det tar&#8230;<\/p>\n","protected":false},"featured_media":56732,"template":"","meta":[],"product_brand":[],"product_cat":[858,457,450],"product_tag":[],"class_list":{"0":"post-56741","1":"product","2":"type-product","3":"status-publish","4":"has-post-thumbnail","6":"product_cat-tradgard-terrass","7":"product_cat-tradgardsbord","8":"product_cat-tradgardsmobler","10":"first","11":"instock","12":"sale","13":"taxable","14":"shipping-taxable","15":"purchasable","16":"product-type-simple"},"yoast_head":"<!-- This site is optimized with the Yoast SEO plugin v25.4 - https:\/\/yoast.com\/wordpress\/plugins\/seo\/ -->\n<title>TRUUSK Runt Tr\u00e4dg\u00e5rdsbord \u00d860xH70cm - Metall med S\u00e4kerhetsglas - Idealisk f\u00f6r Tr\u00e4dg\u00e5rd &amp; Balkong - TRUUSK - Hem, Tr\u00e4dg\u00e5rd &amp; Fritid<\/title>\n<meta name=\"robots\" content=\"index, follow, max-snippet:-1, max-image-preview:large, max-video-preview:-1\" \/>\n<link rel=\"canonical\" href=\"https:\/\/truusk.store\/sv\/produkt\/truusk-runt-tradgardsbord-o60xh70cm-metall-med-sakerhetsglas-idealisk-for-tradgard-balkong\/\" \/>\n<meta property=\"og:locale\" content=\"sv_SE\" \/>\n<meta property=\"og:type\" content=\"article\" \/>\n<meta property=\"og:title\" content=\"TRUUSK Runt Tr\u00e4dg\u00e5rdsbord \u00d860xH70cm - Metall med S\u00e4kerhetsglas - Idealisk f\u00f6r Tr\u00e4dg\u00e5rd &amp; Balkong - TRUUSK - Hem, Tr\u00e4dg\u00e5rd &amp; Fritid\" \/>\n<meta property=\"og:description\" content=\"Denna moderna, formvackra terrassbord kan anv\u00e4ndas p\u00e5 m\u00e5nga s\u00e4tt tack vare sin moderna design och det lilla utrymmet det tar...\" \/>\n<meta property=\"og:url\" content=\"https:\/\/truusk.store\/sv\/produkt\/truusk-runt-tradgardsbord-o60xh70cm-metall-med-sakerhetsglas-idealisk-for-tradgard-balkong\/\" \/>\n<meta property=\"og:site_name\" content=\"TRUUSK - Hem, Tr\u00e4dg\u00e5rd &amp; Fritid\" \/>\n<meta property=\"article:modified_time\" content=\"2026-03-12T07:57:42+00:00\" \/>\n<meta property=\"og:image\" content=\"https:\/\/i0.wp.com\/truusk.se\/wp-content\/uploads\/2025\/06\/rund-tradgardsbord-balkongbord-o60xh70cm-i-metall-med-sakerhetsglas-idealisk-for-tradgard-balkong-1.webp?fit=2000%2C2000&ssl=1\" \/>\n\t<meta property=\"og:image:width\" content=\"2000\" \/>\n\t<meta property=\"og:image:height\" content=\"2000\" \/>\n\t<meta property=\"og:image:type\" content=\"image\/webp\" \/>\n<meta name=\"twitter:card\" content=\"summary_large_image\" \/>\n<meta name=\"twitter:label1\" content=\"Ber\u00e4knad l\u00e4stid\" \/>\n\t<meta name=\"twitter:data1\" content=\"1 minut\" \/>\n<!-- \/ Yoast SEO plugin. -->","yoast_head_json":{"title":"TRUUSK Runt Tr\u00e4dg\u00e5rdsbord \u00d860xH70cm - Metall med S\u00e4kerhetsglas - Idealisk f\u00f6r Tr\u00e4dg\u00e5rd &amp; Balkong - TRUUSK - Hem, Tr\u00e4dg\u00e5rd &amp; Fritid","robots":{"index":"index","follow":"follow","max-snippet":"max-snippet:-1","max-image-preview":"max-image-preview:large","max-video-preview":"max-video-preview:-1"},"canonical":"https:\/\/truusk.store\/sv\/produkt\/truusk-runt-tradgardsbord-o60xh70cm-metall-med-sakerhetsglas-idealisk-for-tradgard-balkong\/","og_locale":"sv_SE","og_type":"article","og_title":"TRUUSK Runt Tr\u00e4dg\u00e5rdsbord \u00d860xH70cm - Metall med S\u00e4kerhetsglas - Idealisk f\u00f6r Tr\u00e4dg\u00e5rd &amp; Balkong - TRUUSK - Hem, Tr\u00e4dg\u00e5rd &amp; Fritid","og_description":"Denna moderna, formvackra terrassbord kan anv\u00e4ndas p\u00e5 m\u00e5nga s\u00e4tt tack vare sin moderna design och det lilla utrymmet det tar...","og_url":"https:\/\/truusk.store\/sv\/produkt\/truusk-runt-tradgardsbord-o60xh70cm-metall-med-sakerhetsglas-idealisk-for-tradgard-balkong\/","og_site_name":"TRUUSK - Hem, Tr\u00e4dg\u00e5rd &amp; Fritid","article_modified_time":"2026-03-12T07:57:42+00:00","og_image":[{"width":2000,"height":2000,"url":"https:\/\/i0.wp.com\/truusk.se\/wp-content\/uploads\/2025\/06\/rund-tradgardsbord-balkongbord-o60xh70cm-i-metall-med-sakerhetsglas-idealisk-for-tradgard-balkong-1.webp?fit=2000%2C2000&ssl=1","type":"image\/webp"}],"twitter_card":"summary_large_image","twitter_misc":{"Ber\u00e4knad l\u00e4stid":"1 minut"},"schema":{"@context":"https:\/\/schema.org","@graph":[{"@type":"WebPage","@id":"https:\/\/truusk.store\/sv\/produkt\/truusk-runt-tradgardsbord-o60xh70cm-metall-med-sakerhetsglas-idealisk-for-tradgard-balkong\/","url":"https:\/\/truusk.store\/sv\/produkt\/truusk-runt-tradgardsbord-o60xh70cm-metall-med-sakerhetsglas-idealisk-for-tradgard-balkong\/","name":"TRUUSK Runt Tr\u00e4dg\u00e5rdsbord \u00d860xH70cm - Metall med S\u00e4kerhetsglas - Idealisk f\u00f6r Tr\u00e4dg\u00e5rd &amp; Balkong - TRUUSK - Hem, Tr\u00e4dg\u00e5rd &amp; Fritid","isPartOf":{"@id":"https:\/\/truusk.store\/sv\/#website"},"primaryImageOfPage":{"@id":"https:\/\/truusk.store\/sv\/produkt\/truusk-runt-tradgardsbord-o60xh70cm-metall-med-sakerhetsglas-idealisk-for-tradgard-balkong\/#primaryimage"},"image":{"@id":"https:\/\/truusk.store\/sv\/produkt\/truusk-runt-tradgardsbord-o60xh70cm-metall-med-sakerhetsglas-idealisk-for-tradgard-balkong\/#primaryimage"},"thumbnailUrl":"https:\/\/i0.wp.com\/truusk.store\/wp-content\/uploads\/2025\/06\/rund-tradgardsbord-balkongbord-o60xh70cm-i-metall-med-sakerhetsglas-idealisk-for-tradgard-balkong-1.webp?fit=2000%2C2000&ssl=1","datePublished":"2025-06-04T19:34:28+00:00","dateModified":"2026-03-12T07:57:42+00:00","breadcrumb":{"@id":"https:\/\/truusk.store\/sv\/produkt\/truusk-runt-tradgardsbord-o60xh70cm-metall-med-sakerhetsglas-idealisk-for-tradgard-balkong\/#breadcrumb"},"inLanguage":"sv-SE","potentialAction":[{"@type":"ReadAction","target":["https:\/\/truusk.store\/sv\/produkt\/truusk-runt-tradgardsbord-o60xh70cm-metall-med-sakerhetsglas-idealisk-for-tradgard-balkong\/"]}]},{"@type":"ImageObject","inLanguage":"sv-SE","@id":"https:\/\/truusk.store\/sv\/produkt\/truusk-runt-tradgardsbord-o60xh70cm-metall-med-sakerhetsglas-idealisk-for-tradgard-balkong\/#primaryimage","url":"https:\/\/i0.wp.com\/truusk.store\/wp-content\/uploads\/2025\/06\/rund-tradgardsbord-balkongbord-o60xh70cm-i-metall-med-sakerhetsglas-idealisk-for-tradgard-balkong-1.webp?fit=2000%2C2000&ssl=1","contentUrl":"https:\/\/i0.wp.com\/truusk.store\/wp-content\/uploads\/2025\/06\/rund-tradgardsbord-balkongbord-o60xh70cm-i-metall-med-sakerhetsglas-idealisk-for-tradgard-balkong-1.webp?fit=2000%2C2000&ssl=1","width":2000,"height":2000},{"@type":"BreadcrumbList","@id":"https:\/\/truusk.store\/sv\/produkt\/truusk-runt-tradgardsbord-o60xh70cm-metall-med-sakerhetsglas-idealisk-for-tradgard-balkong\/#breadcrumb","itemListElement":[{"@type":"ListItem","position":1,"name":"Home","item":"https:\/\/truusk.store\/sv\/"},{"@type":"ListItem","position":2,"name":"Shop","item":"https:\/\/truusk.store\/shop\/"},{"@type":"ListItem","position":3,"name":"TRUUSK Runt Tr\u00e4dg\u00e5rdsbord \u00d860xH70cm &#8211; Metall med S\u00e4kerhetsglas &#8211; Idealisk f\u00f6r Tr\u00e4dg\u00e5rd &amp; Balkong"}]},{"@type":"WebSite","@id":"https:\/\/truusk.store\/sv\/#website","url":"https:\/\/truusk.store\/sv\/","name":"TRUUSK - Hem, Tr\u00e4dg\u00e5rd & Fritid","description":"","publisher":{"@id":"https:\/\/truusk.store\/sv\/#organization"},"potentialAction":[{"@type":"SearchAction","target":{"@type":"EntryPoint","urlTemplate":"https:\/\/truusk.store\/sv\/?s={search_term_string}"},"query-input":{"@type":"PropertyValueSpecification","valueRequired":true,"valueName":"search_term_string"}}],"inLanguage":"sv-SE"},{"@type":"Organization","@id":"https:\/\/truusk.store\/sv\/#organization","name":"TRUUSK - Hem, Tr\u00e4dg\u00e5rd & Fritid","url":"https:\/\/truusk.store\/sv\/","logo":{"@type":"ImageObject","inLanguage":"sv-SE","@id":"https:\/\/truusk.store\/sv\/#\/schema\/logo\/image\/","url":"https:\/\/i0.wp.com\/truusk.store\/wp-content\/uploads\/2026\/03\/cropped-TRUUSK.png?fit=2032%2C917&ssl=1","contentUrl":"https:\/\/i0.wp.com\/truusk.store\/wp-content\/uploads\/2026\/03\/cropped-TRUUSK.png?fit=2032%2C917&ssl=1","width":2032,"height":917,"caption":"TRUUSK - Hem, Tr\u00e4dg\u00e5rd & Fritid"},"image":{"@id":"https:\/\/truusk.store\/sv\/#\/schema\/logo\/image\/"}}]}},"jetpack_sharing_enabled":true,"_links":{"self":[{"href":"https:\/\/truusk.store\/sv\/wp-json\/wp\/v2\/product\/56741","targetHints":{"allow":["GET"]}}],"collection":[{"href":"https:\/\/truusk.store\/sv\/wp-json\/wp\/v2\/product"}],"about":[{"href":"https:\/\/truusk.store\/sv\/wp-json\/wp\/v2\/types\/product"}],"wp:featuredmedia":[{"embeddable":true,"href":"https:\/\/truusk.store\/sv\/wp-json\/wp\/v2\/media\/56732"}],"wp:attachment":[{"href":"https:\/\/truusk.store\/sv\/wp-json\/wp\/v2\/media?parent=56741"}],"wp:term":[{"taxonomy":"product_brand","embeddable":true,"href":"https:\/\/truusk.store\/sv\/wp-json\/wp\/v2\/product_brand?post=56741"},{"taxonomy":"product_cat","embeddable":true,"href":"https:\/\/truusk.store\/sv\/wp-json\/wp\/v2\/product_cat?post=56741"},{"taxonomy":"product_tag","embeddable":true,"href":"https:\/\/truusk.store\/sv\/wp-json\/wp\/v2\/product_tag?post=56741"}],"curies":[{"name":"wp","href":"https:\/\/api.w.org\/{rel}","templated":true}]}}