{"id":56751,"date":"2025-06-04T20:35:31","date_gmt":"2025-06-04T19:35:31","guid":{"rendered":"https:\/\/truusk.store\/product\/automatisk-soptunna-med-sensor-for-kok-rostfritt-stal-50-68l-silver-50l\/"},"modified":"2026-03-12T09:01:42","modified_gmt":"2026-03-12T08:01:42","slug":"truusk-automatisk-sensor-soptunna-for-kok-rostfritt-stal-50-68l-silver-50l","status":"publish","type":"product","link":"https:\/\/truusk.store\/sv\/produkt\/truusk-automatisk-sensor-soptunna-for-kok-rostfritt-stal-50-68l-silver-50l\/","title":{"rendered":"TRUUSK Automatisk Sensor Soptunna f\u00f6r K\u00f6k &#8211; Rostfritt St\u00e5l 50\/68L &#8211; Silver (50L)"},"content":{"rendered":"<p>Den automatiska soptunnan 50L i rostfritt st\u00e5l fr\u00e5n TRUUSK bidrar till bekv\u00e4m och hygienisk avfallshantering. Sopbeh\u00e5llaren med sensor \u00f6ppnas automatiskt n\u00e4r du n\u00e4rmar dig p\u00e5 ett avst\u00e5nd av 20-35cm. Efter att avfallet har f\u00f6rsvunnit i den batteridrivna soptunnan med sensor, st\u00e4nger den automatiskt. Denna funktion kan st\u00e4ngas av vid behov, varp\u00e5 du kan \u00f6ppna eller st\u00e4nga locket genom att trycka p\u00e5 knappen. Den automatiska soptunnan med sensor \u00e4r s\u00e4rskilt l\u00e4mplig f\u00f6r k\u00f6ket p\u00e5 grund av dess stora kapacitet, men kan ocks\u00e5 anv\u00e4ndas i alla andra rum.<\/p>\n<p>Beskrivning:<\/p>\n<ul>\n<li>Automatisk soptunna med avtagbart lock<\/li>\n<li>Automatisk \u00f6ppning och st\u00e4ngning av locket tack vare en sensor<\/li>\n<li>Med LED-funktionsindikator<\/li>\n<li>H\u00f6lje av rostfritt st\u00e5l, lock av plast, l\u00e4tt att reng\u00f6ra<\/li>\n<li>Sensorfunktionen kan st\u00e4ngas av, locket kan kontrolleras med knapparna<\/li>\n<\/ul>\n<p>Tekniska data:<\/p>\n<ul>\n<li>F\u00e4rg: Silver<\/li>\n<li>Material: Rostfritt st\u00e5l, plast<\/li>\n<li>Totala m\u00e5tt: L33 x B25 x H84 cm<\/li>\n<li>Kapacitet: 50 L<\/li>\n<li>Nettovikt: ca. 3,2 kg<\/li>\n<li>Drivs med batteri: 4 x AA (ing\u00e5r ej)<\/li>\n<\/ul>\n<p>Leveransinneh\u00e5ll:<\/p>\n<ul>\n<li>1 x Automatisk soptunna 50L<\/li>\n<li>Batterierna ing\u00e5r INTE i leveransen.<\/li>\n<\/ul>\n","protected":false},"excerpt":{"rendered":"<p>Den automatiska soptunnan 50L i rostfritt st\u00e5l fr\u00e5n TRUUSK bidrar till bekv\u00e4m och hygienisk avfallshantering. Sopbeh\u00e5llaren med sensor \u00f6ppnas automatiskt&#8230;<\/p>\n","protected":false},"featured_media":56742,"template":"","meta":[],"product_brand":[],"product_cat":[867,869,870],"product_tag":[],"class_list":{"0":"post-56751","1":"product","2":"type-product","3":"status-publish","4":"has-post-thumbnail","6":"product_cat-byggmarknad","7":"product_cat-rengoring-ordning","8":"product_cat-sopkorgar","10":"first","11":"instock","12":"sale","13":"taxable","14":"shipping-taxable","15":"purchasable","16":"product-type-simple"},"yoast_head":"<!-- This site is optimized with the Yoast SEO plugin v25.4 - https:\/\/yoast.com\/wordpress\/plugins\/seo\/ -->\n<title>TRUUSK Automatisk Sensor Soptunna f\u00f6r K\u00f6k - Rostfritt St\u00e5l 50\/68L - Silver (50L) - TRUUSK - Hem, Tr\u00e4dg\u00e5rd &amp; Fritid<\/title>\n<meta name=\"robots\" content=\"index, follow, max-snippet:-1, max-image-preview:large, max-video-preview:-1\" \/>\n<link rel=\"canonical\" href=\"https:\/\/truusk.store\/sv\/produkt\/truusk-automatisk-sensor-soptunna-for-kok-rostfritt-stal-50-68l-silver-50l\/\" \/>\n<meta property=\"og:locale\" content=\"sv_SE\" \/>\n<meta property=\"og:type\" content=\"article\" \/>\n<meta property=\"og:title\" content=\"TRUUSK Automatisk Sensor Soptunna f\u00f6r K\u00f6k - Rostfritt St\u00e5l 50\/68L - Silver (50L) - TRUUSK - Hem, Tr\u00e4dg\u00e5rd &amp; Fritid\" \/>\n<meta property=\"og:description\" content=\"Den automatiska soptunnan 50L i rostfritt st\u00e5l fr\u00e5n TRUUSK bidrar till bekv\u00e4m och hygienisk avfallshantering. Sopbeh\u00e5llaren med sensor \u00f6ppnas automatiskt...\" \/>\n<meta property=\"og:url\" content=\"https:\/\/truusk.store\/sv\/produkt\/truusk-automatisk-sensor-soptunna-for-kok-rostfritt-stal-50-68l-silver-50l\/\" \/>\n<meta property=\"og:site_name\" content=\"TRUUSK - Hem, Tr\u00e4dg\u00e5rd &amp; Fritid\" \/>\n<meta property=\"article:modified_time\" content=\"2026-03-12T08:01:42+00:00\" \/>\n<meta property=\"og:image\" content=\"https:\/\/i0.wp.com\/truusk.se\/wp-content\/uploads\/2025\/06\/automatisk-soptunna-med-sensor-for-kok-rostfritt-stal-50-68l-silver-50l-1.webp?fit=2000%2C2000&ssl=1\" \/>\n\t<meta property=\"og:image:width\" content=\"2000\" \/>\n\t<meta property=\"og:image:height\" content=\"2000\" \/>\n\t<meta property=\"og:image:type\" content=\"image\/webp\" \/>\n<meta name=\"twitter:card\" content=\"summary_large_image\" \/>\n<meta name=\"twitter:label1\" content=\"Ber\u00e4knad l\u00e4stid\" \/>\n\t<meta name=\"twitter:data1\" content=\"1 minut\" \/>\n<!-- \/ Yoast SEO plugin. -->","yoast_head_json":{"title":"TRUUSK Automatisk Sensor Soptunna f\u00f6r K\u00f6k - Rostfritt St\u00e5l 50\/68L - Silver (50L) - TRUUSK - Hem, Tr\u00e4dg\u00e5rd &amp; Fritid","robots":{"index":"index","follow":"follow","max-snippet":"max-snippet:-1","max-image-preview":"max-image-preview:large","max-video-preview":"max-video-preview:-1"},"canonical":"https:\/\/truusk.store\/sv\/produkt\/truusk-automatisk-sensor-soptunna-for-kok-rostfritt-stal-50-68l-silver-50l\/","og_locale":"sv_SE","og_type":"article","og_title":"TRUUSK Automatisk Sensor Soptunna f\u00f6r K\u00f6k - Rostfritt St\u00e5l 50\/68L - Silver (50L) - TRUUSK - Hem, Tr\u00e4dg\u00e5rd &amp; Fritid","og_description":"Den automatiska soptunnan 50L i rostfritt st\u00e5l fr\u00e5n TRUUSK bidrar till bekv\u00e4m och hygienisk avfallshantering. Sopbeh\u00e5llaren med sensor \u00f6ppnas automatiskt...","og_url":"https:\/\/truusk.store\/sv\/produkt\/truusk-automatisk-sensor-soptunna-for-kok-rostfritt-stal-50-68l-silver-50l\/","og_site_name":"TRUUSK - Hem, Tr\u00e4dg\u00e5rd &amp; Fritid","article_modified_time":"2026-03-12T08:01:42+00:00","og_image":[{"width":2000,"height":2000,"url":"https:\/\/i0.wp.com\/truusk.se\/wp-content\/uploads\/2025\/06\/automatisk-soptunna-med-sensor-for-kok-rostfritt-stal-50-68l-silver-50l-1.webp?fit=2000%2C2000&ssl=1","type":"image\/webp"}],"twitter_card":"summary_large_image","twitter_misc":{"Ber\u00e4knad l\u00e4stid":"1 minut"},"schema":{"@context":"https:\/\/schema.org","@graph":[{"@type":"WebPage","@id":"https:\/\/truusk.store\/sv\/produkt\/truusk-automatisk-sensor-soptunna-for-kok-rostfritt-stal-50-68l-silver-50l\/","url":"https:\/\/truusk.store\/sv\/produkt\/truusk-automatisk-sensor-soptunna-for-kok-rostfritt-stal-50-68l-silver-50l\/","name":"TRUUSK Automatisk Sensor Soptunna f\u00f6r K\u00f6k - Rostfritt St\u00e5l 50\/68L - Silver (50L) - TRUUSK - Hem, Tr\u00e4dg\u00e5rd &amp; Fritid","isPartOf":{"@id":"https:\/\/truusk.store\/sv\/#website"},"primaryImageOfPage":{"@id":"https:\/\/truusk.store\/sv\/produkt\/truusk-automatisk-sensor-soptunna-for-kok-rostfritt-stal-50-68l-silver-50l\/#primaryimage"},"image":{"@id":"https:\/\/truusk.store\/sv\/produkt\/truusk-automatisk-sensor-soptunna-for-kok-rostfritt-stal-50-68l-silver-50l\/#primaryimage"},"thumbnailUrl":"https:\/\/i0.wp.com\/truusk.store\/wp-content\/uploads\/2025\/06\/automatisk-soptunna-med-sensor-for-kok-rostfritt-stal-50-68l-silver-50l-1.webp?fit=2000%2C2000&ssl=1","datePublished":"2025-06-04T19:35:31+00:00","dateModified":"2026-03-12T08:01:42+00:00","breadcrumb":{"@id":"https:\/\/truusk.store\/sv\/produkt\/truusk-automatisk-sensor-soptunna-for-kok-rostfritt-stal-50-68l-silver-50l\/#breadcrumb"},"inLanguage":"sv-SE","potentialAction":[{"@type":"ReadAction","target":["https:\/\/truusk.store\/sv\/produkt\/truusk-automatisk-sensor-soptunna-for-kok-rostfritt-stal-50-68l-silver-50l\/"]}]},{"@type":"ImageObject","inLanguage":"sv-SE","@id":"https:\/\/truusk.store\/sv\/produkt\/truusk-automatisk-sensor-soptunna-for-kok-rostfritt-stal-50-68l-silver-50l\/#primaryimage","url":"https:\/\/i0.wp.com\/truusk.store\/wp-content\/uploads\/2025\/06\/automatisk-soptunna-med-sensor-for-kok-rostfritt-stal-50-68l-silver-50l-1.webp?fit=2000%2C2000&ssl=1","contentUrl":"https:\/\/i0.wp.com\/truusk.store\/wp-content\/uploads\/2025\/06\/automatisk-soptunna-med-sensor-for-kok-rostfritt-stal-50-68l-silver-50l-1.webp?fit=2000%2C2000&ssl=1","width":2000,"height":2000},{"@type":"BreadcrumbList","@id":"https:\/\/truusk.store\/sv\/produkt\/truusk-automatisk-sensor-soptunna-for-kok-rostfritt-stal-50-68l-silver-50l\/#breadcrumb","itemListElement":[{"@type":"ListItem","position":1,"name":"Home","item":"https:\/\/truusk.store\/sv\/"},{"@type":"ListItem","position":2,"name":"Shop","item":"https:\/\/truusk.store\/shop\/"},{"@type":"ListItem","position":3,"name":"TRUUSK Automatisk Sensor Soptunna f\u00f6r K\u00f6k &#8211; Rostfritt St\u00e5l 50\/68L &#8211; Silver (50L)"}]},{"@type":"WebSite","@id":"https:\/\/truusk.store\/sv\/#website","url":"https:\/\/truusk.store\/sv\/","name":"TRUUSK - Hem, Tr\u00e4dg\u00e5rd & Fritid","description":"","publisher":{"@id":"https:\/\/truusk.store\/sv\/#organization"},"potentialAction":[{"@type":"SearchAction","target":{"@type":"EntryPoint","urlTemplate":"https:\/\/truusk.store\/sv\/?s={search_term_string}"},"query-input":{"@type":"PropertyValueSpecification","valueRequired":true,"valueName":"search_term_string"}}],"inLanguage":"sv-SE"},{"@type":"Organization","@id":"https:\/\/truusk.store\/sv\/#organization","name":"TRUUSK - Hem, Tr\u00e4dg\u00e5rd & Fritid","url":"https:\/\/truusk.store\/sv\/","logo":{"@type":"ImageObject","inLanguage":"sv-SE","@id":"https:\/\/truusk.store\/sv\/#\/schema\/logo\/image\/","url":"https:\/\/i0.wp.com\/truusk.store\/wp-content\/uploads\/2026\/03\/cropped-TRUUSK.png?fit=2032%2C917&ssl=1","contentUrl":"https:\/\/i0.wp.com\/truusk.store\/wp-content\/uploads\/2026\/03\/cropped-TRUUSK.png?fit=2032%2C917&ssl=1","width":2032,"height":917,"caption":"TRUUSK - Hem, Tr\u00e4dg\u00e5rd & Fritid"},"image":{"@id":"https:\/\/truusk.store\/sv\/#\/schema\/logo\/image\/"}}]}},"jetpack_sharing_enabled":true,"_links":{"self":[{"href":"https:\/\/truusk.store\/sv\/wp-json\/wp\/v2\/product\/56751","targetHints":{"allow":["GET"]}}],"collection":[{"href":"https:\/\/truusk.store\/sv\/wp-json\/wp\/v2\/product"}],"about":[{"href":"https:\/\/truusk.store\/sv\/wp-json\/wp\/v2\/types\/product"}],"wp:featuredmedia":[{"embeddable":true,"href":"https:\/\/truusk.store\/sv\/wp-json\/wp\/v2\/media\/56742"}],"wp:attachment":[{"href":"https:\/\/truusk.store\/sv\/wp-json\/wp\/v2\/media?parent=56751"}],"wp:term":[{"taxonomy":"product_brand","embeddable":true,"href":"https:\/\/truusk.store\/sv\/wp-json\/wp\/v2\/product_brand?post=56751"},{"taxonomy":"product_cat","embeddable":true,"href":"https:\/\/truusk.store\/sv\/wp-json\/wp\/v2\/product_cat?post=56751"},{"taxonomy":"product_tag","embeddable":true,"href":"https:\/\/truusk.store\/sv\/wp-json\/wp\/v2\/product_tag?post=56751"}],"curies":[{"name":"wp","href":"https:\/\/api.w.org\/{rel}","templated":true}]}}