{"id":56771,"date":"2025-06-04T20:37:27","date_gmt":"2025-06-04T19:37:27","guid":{"rendered":"https:\/\/truusk.store\/product\/hink-rengoringsvagn-20-liter-med-press-mopvagn-med-2-kammare-gul-idealisk-for-rengoring-hushall\/"},"modified":"2026-03-12T09:02:21","modified_gmt":"2026-03-12T08:02:21","slug":"truusk-rengoringsvagn-20-liter-med-press-mopvagn-med-2-kammare-gul-idealisk-for-rengoring-hushall","status":"publish","type":"product","link":"https:\/\/truusk.store\/sv\/produkt\/truusk-rengoringsvagn-20-liter-med-press-mopvagn-med-2-kammare-gul-idealisk-for-rengoring-hushall\/","title":{"rendered":"TRUUSK Reng\u00f6ringsvagn 20 Liter &#8211; Med Press &#8211; Mopvagn Med 2 Kammare &#8211; Gul &#8211; Idealisk F\u00f6r Reng\u00f6ring &amp; Hush\u00e5ll"},"content":{"rendered":"<p>Underl\u00e4tta golvreng\u00f6ringen med TRUUSK mopphink inklusive vridare. Med en kapacitet p\u00e5 20 liter och en skiljev\u00e4gg som separerar rent fr\u00e5n smutsigt vatten. Den avtagbara vridaren pressar ut \u00f6verfl\u00f6digt vatten fr\u00e5n moppen och m\u00f6jligg\u00f6r snabb, s\u00e4ker torkning. Reng\u00f6ringshinken \u00e4r ocks\u00e5 rullbar och kan enkelt flyttas.<\/p>\n<p>Beskrivning:<\/p>\n<ul>\n<li> 20-liters kapacitet. Skiljev\u00e4gg f\u00f6r att separera rent och smutsigt vatten<\/li>\n<li> Vridaren kan tas bort f\u00f6r enkel p\u00e5fyllning av hinken f\u00f6re anv\u00e4ndning<\/li>\n<li> Fyra hjul f\u00f6r enkel f\u00f6rflyttning<\/li>\n<li> Robust plastkonstruktion<\/li>\n<li> Handtag f\u00f6r att lyfta och b\u00e4ra hinken<\/li>\n<li> Moppen ing\u00e5r inte<\/li>\n<li> Montering kr\u00e4vs<\/li>\n<\/ul>\n<p> Tekniska data:<\/p>\n<ul>\n<li> F\u00e4rg: Gul<\/li>\n<li> Material: Plast<\/li>\n<li> Totala dimensioner: 60L x 27B x 70,5H cm<\/li>\n<li> Vridarens storlek: 24L x 24B x 21,5H cm<\/li>\n<li> Panel f\u00f6r separation: 22,5L x 18B cm<\/li>\n<li> Hinkkapacitet: 20 L<\/li>\n<\/ul>\n<p> Leveransinneh\u00e5ll:<\/p>\n<ul>\n<li> 1 x Mopphink med vridare<\/li>\n<li> 1 x Handbok<\/li>\n<\/ul>\n","protected":false},"excerpt":{"rendered":"<p>Underl\u00e4tta golvreng\u00f6ringen med TRUUSK mopphink inklusive vridare. Med en kapacitet p\u00e5 20 liter och en skiljev\u00e4gg som separerar rent fr\u00e5n&#8230;<\/p>\n","protected":false},"featured_media":56762,"template":"","meta":[],"product_brand":[],"product_cat":[867,869,888],"product_tag":[],"class_list":{"0":"post-56771","1":"product","2":"type-product","3":"status-publish","4":"has-post-thumbnail","6":"product_cat-byggmarknad","7":"product_cat-rengoring-ordning","8":"product_cat-stadverktyg","10":"first","11":"instock","12":"sale","13":"taxable","14":"shipping-taxable","15":"purchasable","16":"product-type-simple"},"yoast_head":"<!-- This site is optimized with the Yoast SEO plugin v25.4 - https:\/\/yoast.com\/wordpress\/plugins\/seo\/ -->\n<title>TRUUSK Reng\u00f6ringsvagn 20 Liter - Med Press - Mopvagn Med 2 Kammare - Gul - Idealisk F\u00f6r Reng\u00f6ring &amp; Hush\u00e5ll - TRUUSK - Hem, Tr\u00e4dg\u00e5rd &amp; Fritid<\/title>\n<meta name=\"robots\" content=\"index, follow, max-snippet:-1, max-image-preview:large, max-video-preview:-1\" \/>\n<link rel=\"canonical\" href=\"https:\/\/truusk.store\/sv\/produkt\/truusk-rengoringsvagn-20-liter-med-press-mopvagn-med-2-kammare-gul-idealisk-for-rengoring-hushall\/\" \/>\n<meta property=\"og:locale\" content=\"sv_SE\" \/>\n<meta property=\"og:type\" content=\"article\" \/>\n<meta property=\"og:title\" content=\"TRUUSK Reng\u00f6ringsvagn 20 Liter - Med Press - Mopvagn Med 2 Kammare - Gul - Idealisk F\u00f6r Reng\u00f6ring &amp; Hush\u00e5ll - TRUUSK - Hem, Tr\u00e4dg\u00e5rd &amp; Fritid\" \/>\n<meta property=\"og:description\" content=\"Underl\u00e4tta golvreng\u00f6ringen med TRUUSK mopphink inklusive vridare. Med en kapacitet p\u00e5 20 liter och en skiljev\u00e4gg som separerar rent fr\u00e5n...\" \/>\n<meta property=\"og:url\" content=\"https:\/\/truusk.store\/sv\/produkt\/truusk-rengoringsvagn-20-liter-med-press-mopvagn-med-2-kammare-gul-idealisk-for-rengoring-hushall\/\" \/>\n<meta property=\"og:site_name\" content=\"TRUUSK - Hem, Tr\u00e4dg\u00e5rd &amp; Fritid\" \/>\n<meta property=\"article:modified_time\" content=\"2026-03-12T08:02:21+00:00\" \/>\n<meta property=\"og:image\" content=\"https:\/\/i0.wp.com\/truusk.se\/wp-content\/uploads\/2025\/06\/hink-rengoringsvagn-20-liter-med-press-mopvagn-med-2-kammare-gul-idealisk-for-rengoring-hushall-1.webp?fit=2000%2C2000&ssl=1\" \/>\n\t<meta property=\"og:image:width\" content=\"2000\" \/>\n\t<meta property=\"og:image:height\" content=\"2000\" \/>\n\t<meta property=\"og:image:type\" content=\"image\/webp\" \/>\n<meta name=\"twitter:card\" content=\"summary_large_image\" \/>\n<meta name=\"twitter:label1\" content=\"Ber\u00e4knad l\u00e4stid\" \/>\n\t<meta name=\"twitter:data1\" content=\"1 minut\" \/>\n<!-- \/ Yoast SEO plugin. -->","yoast_head_json":{"title":"TRUUSK Reng\u00f6ringsvagn 20 Liter - Med Press - Mopvagn Med 2 Kammare - Gul - Idealisk F\u00f6r Reng\u00f6ring &amp; Hush\u00e5ll - TRUUSK - Hem, Tr\u00e4dg\u00e5rd &amp; Fritid","robots":{"index":"index","follow":"follow","max-snippet":"max-snippet:-1","max-image-preview":"max-image-preview:large","max-video-preview":"max-video-preview:-1"},"canonical":"https:\/\/truusk.store\/sv\/produkt\/truusk-rengoringsvagn-20-liter-med-press-mopvagn-med-2-kammare-gul-idealisk-for-rengoring-hushall\/","og_locale":"sv_SE","og_type":"article","og_title":"TRUUSK Reng\u00f6ringsvagn 20 Liter - Med Press - Mopvagn Med 2 Kammare - Gul - Idealisk F\u00f6r Reng\u00f6ring &amp; Hush\u00e5ll - TRUUSK - Hem, Tr\u00e4dg\u00e5rd &amp; Fritid","og_description":"Underl\u00e4tta golvreng\u00f6ringen med TRUUSK mopphink inklusive vridare. Med en kapacitet p\u00e5 20 liter och en skiljev\u00e4gg som separerar rent fr\u00e5n...","og_url":"https:\/\/truusk.store\/sv\/produkt\/truusk-rengoringsvagn-20-liter-med-press-mopvagn-med-2-kammare-gul-idealisk-for-rengoring-hushall\/","og_site_name":"TRUUSK - Hem, Tr\u00e4dg\u00e5rd &amp; Fritid","article_modified_time":"2026-03-12T08:02:21+00:00","og_image":[{"width":2000,"height":2000,"url":"https:\/\/i0.wp.com\/truusk.se\/wp-content\/uploads\/2025\/06\/hink-rengoringsvagn-20-liter-med-press-mopvagn-med-2-kammare-gul-idealisk-for-rengoring-hushall-1.webp?fit=2000%2C2000&ssl=1","type":"image\/webp"}],"twitter_card":"summary_large_image","twitter_misc":{"Ber\u00e4knad l\u00e4stid":"1 minut"},"schema":{"@context":"https:\/\/schema.org","@graph":[{"@type":"WebPage","@id":"https:\/\/truusk.store\/sv\/produkt\/truusk-rengoringsvagn-20-liter-med-press-mopvagn-med-2-kammare-gul-idealisk-for-rengoring-hushall\/","url":"https:\/\/truusk.store\/sv\/produkt\/truusk-rengoringsvagn-20-liter-med-press-mopvagn-med-2-kammare-gul-idealisk-for-rengoring-hushall\/","name":"TRUUSK Reng\u00f6ringsvagn 20 Liter - Med Press - Mopvagn Med 2 Kammare - Gul - Idealisk F\u00f6r Reng\u00f6ring &amp; Hush\u00e5ll - TRUUSK - Hem, Tr\u00e4dg\u00e5rd &amp; Fritid","isPartOf":{"@id":"https:\/\/truusk.store\/sv\/#website"},"primaryImageOfPage":{"@id":"https:\/\/truusk.store\/sv\/produkt\/truusk-rengoringsvagn-20-liter-med-press-mopvagn-med-2-kammare-gul-idealisk-for-rengoring-hushall\/#primaryimage"},"image":{"@id":"https:\/\/truusk.store\/sv\/produkt\/truusk-rengoringsvagn-20-liter-med-press-mopvagn-med-2-kammare-gul-idealisk-for-rengoring-hushall\/#primaryimage"},"thumbnailUrl":"https:\/\/i0.wp.com\/truusk.store\/wp-content\/uploads\/2025\/06\/hink-rengoringsvagn-20-liter-med-press-mopvagn-med-2-kammare-gul-idealisk-for-rengoring-hushall-1.webp?fit=2000%2C2000&ssl=1","datePublished":"2025-06-04T19:37:27+00:00","dateModified":"2026-03-12T08:02:21+00:00","breadcrumb":{"@id":"https:\/\/truusk.store\/sv\/produkt\/truusk-rengoringsvagn-20-liter-med-press-mopvagn-med-2-kammare-gul-idealisk-for-rengoring-hushall\/#breadcrumb"},"inLanguage":"sv-SE","potentialAction":[{"@type":"ReadAction","target":["https:\/\/truusk.store\/sv\/produkt\/truusk-rengoringsvagn-20-liter-med-press-mopvagn-med-2-kammare-gul-idealisk-for-rengoring-hushall\/"]}]},{"@type":"ImageObject","inLanguage":"sv-SE","@id":"https:\/\/truusk.store\/sv\/produkt\/truusk-rengoringsvagn-20-liter-med-press-mopvagn-med-2-kammare-gul-idealisk-for-rengoring-hushall\/#primaryimage","url":"https:\/\/i0.wp.com\/truusk.store\/wp-content\/uploads\/2025\/06\/hink-rengoringsvagn-20-liter-med-press-mopvagn-med-2-kammare-gul-idealisk-for-rengoring-hushall-1.webp?fit=2000%2C2000&ssl=1","contentUrl":"https:\/\/i0.wp.com\/truusk.store\/wp-content\/uploads\/2025\/06\/hink-rengoringsvagn-20-liter-med-press-mopvagn-med-2-kammare-gul-idealisk-for-rengoring-hushall-1.webp?fit=2000%2C2000&ssl=1","width":2000,"height":2000},{"@type":"BreadcrumbList","@id":"https:\/\/truusk.store\/sv\/produkt\/truusk-rengoringsvagn-20-liter-med-press-mopvagn-med-2-kammare-gul-idealisk-for-rengoring-hushall\/#breadcrumb","itemListElement":[{"@type":"ListItem","position":1,"name":"Home","item":"https:\/\/truusk.store\/sv\/"},{"@type":"ListItem","position":2,"name":"Shop","item":"https:\/\/truusk.store\/shop\/"},{"@type":"ListItem","position":3,"name":"TRUUSK Reng\u00f6ringsvagn 20 Liter &#8211; Med Press &#8211; Mopvagn Med 2 Kammare &#8211; Gul &#8211; Idealisk F\u00f6r Reng\u00f6ring &amp; Hush\u00e5ll"}]},{"@type":"WebSite","@id":"https:\/\/truusk.store\/sv\/#website","url":"https:\/\/truusk.store\/sv\/","name":"TRUUSK - Hem, Tr\u00e4dg\u00e5rd & Fritid","description":"","publisher":{"@id":"https:\/\/truusk.store\/sv\/#organization"},"potentialAction":[{"@type":"SearchAction","target":{"@type":"EntryPoint","urlTemplate":"https:\/\/truusk.store\/sv\/?s={search_term_string}"},"query-input":{"@type":"PropertyValueSpecification","valueRequired":true,"valueName":"search_term_string"}}],"inLanguage":"sv-SE"},{"@type":"Organization","@id":"https:\/\/truusk.store\/sv\/#organization","name":"TRUUSK - Hem, Tr\u00e4dg\u00e5rd & Fritid","url":"https:\/\/truusk.store\/sv\/","logo":{"@type":"ImageObject","inLanguage":"sv-SE","@id":"https:\/\/truusk.store\/sv\/#\/schema\/logo\/image\/","url":"https:\/\/i0.wp.com\/truusk.store\/wp-content\/uploads\/2026\/03\/cropped-TRUUSK.png?fit=2032%2C917&ssl=1","contentUrl":"https:\/\/i0.wp.com\/truusk.store\/wp-content\/uploads\/2026\/03\/cropped-TRUUSK.png?fit=2032%2C917&ssl=1","width":2032,"height":917,"caption":"TRUUSK - Hem, Tr\u00e4dg\u00e5rd & Fritid"},"image":{"@id":"https:\/\/truusk.store\/sv\/#\/schema\/logo\/image\/"}}]}},"jetpack_sharing_enabled":true,"_links":{"self":[{"href":"https:\/\/truusk.store\/sv\/wp-json\/wp\/v2\/product\/56771","targetHints":{"allow":["GET"]}}],"collection":[{"href":"https:\/\/truusk.store\/sv\/wp-json\/wp\/v2\/product"}],"about":[{"href":"https:\/\/truusk.store\/sv\/wp-json\/wp\/v2\/types\/product"}],"wp:featuredmedia":[{"embeddable":true,"href":"https:\/\/truusk.store\/sv\/wp-json\/wp\/v2\/media\/56762"}],"wp:attachment":[{"href":"https:\/\/truusk.store\/sv\/wp-json\/wp\/v2\/media?parent=56771"}],"wp:term":[{"taxonomy":"product_brand","embeddable":true,"href":"https:\/\/truusk.store\/sv\/wp-json\/wp\/v2\/product_brand?post=56771"},{"taxonomy":"product_cat","embeddable":true,"href":"https:\/\/truusk.store\/sv\/wp-json\/wp\/v2\/product_cat?post=56771"},{"taxonomy":"product_tag","embeddable":true,"href":"https:\/\/truusk.store\/sv\/wp-json\/wp\/v2\/product_tag?post=56771"}],"curies":[{"name":"wp","href":"https:\/\/api.w.org\/{rel}","templated":true}]}}