{"id":56791,"date":"2025-06-04T20:39:32","date_gmt":"2025-06-04T19:39:32","guid":{"rendered":"https:\/\/truusk.store\/product\/tradgardsbord-kvadratiskt-glasbord-vaderbestandigt-svart-685x685cm-for-balkong-terrass-tradgardsmobler\/"},"modified":"2026-03-12T09:05:35","modified_gmt":"2026-03-12T08:05:35","slug":"truusk-tradgardsbord-kvadratiskt-vaderbestandigt-glasbord-svart-685x685cm-for-balkong-terrass-tradgardsmobler","status":"publish","type":"product","link":"https:\/\/truusk.store\/sv\/produkt\/truusk-tradgardsbord-kvadratiskt-vaderbestandigt-glasbord-svart-685x685cm-for-balkong-terrass-tradgardsmobler\/","title":{"rendered":"TRUUSK Tr\u00e4dg\u00e5rdsbord Kvadratiskt &#8211; V\u00e4derbest\u00e4ndigt Glasbord &#8211; Svart 68,5&#215;68,5cm &#8211; F\u00f6r Balkong Terrass &#8211; Tr\u00e4dg\u00e5rdsm\u00f6bler"},"content":{"rendered":"<p>Den h\u00e4r eleganta tr\u00e4dg\u00e5rdsbordet fr\u00e5n TRUUSK \u00e4r tack vare sin moderna design och lilla utrymmesbehov m\u00e5ngsidigt anv\u00e4ndbart och skapar en modern, karakt\u00e4rsfull dekor f\u00f6r tr\u00e4dg\u00e5rdar, terrasser och balkonger. De fyra stabila st\u00f6dbenen och bordramen \u00e4r gjorda av pulverlackerat metall. Bordsskivan \u00e4r tillverkad av robust h\u00e4rdat glas och har ett fint krullat vattenm\u00f6nster. S\u00e4tt dig ner och avsluta din dag avslappnat med en kopp te.<\/p>\n<p>Beskrivning:<\/p>\n<ul>\n<li> Kvadratisk tr\u00e4dg\u00e5rdsbord i modern design<\/li>\n<li> L\u00e4mplig f\u00f6r inomhus och utomhus anv\u00e4ndning<\/li>\n<li> Ram av pulverlackerat metall, stabil och rostbest\u00e4ndig<\/li>\n<li> Bordsskiva av h\u00e5llbart h\u00e4rdat glas med vattenkrusningsm\u00f6nster<\/li>\n<li> Fyra st\u00f6dben ger en s\u00e4ker st\u00e5nd<\/li>\n<li> Enkel montering<\/li>\n<\/ul>\n<p> Tekniska data:<\/p>\n<ul>\n<li> Material: Metall, h\u00e4rdat glas<\/li>\n<li> F\u00e4rg: Svart<\/li>\n<li> Totala m\u00e5tt: 68,5L x 68,5B x 84H cm<\/li>\n<li> Netto vikt: ca. 9,4 kg<\/li>\n<li> Max. belastningskapacitet: 75 kg<\/li>\n<\/ul>\n<p>Leveransinneh\u00e5ll:<\/p>\n<ul>\n<li> 1 x Tr\u00e4dg\u00e5rdsbord;<\/li>\n<\/ul>\n","protected":false},"excerpt":{"rendered":"<p>Den h\u00e4r eleganta tr\u00e4dg\u00e5rdsbordet fr\u00e5n TRUUSK \u00e4r tack vare sin moderna design och lilla utrymmesbehov m\u00e5ngsidigt anv\u00e4ndbart och skapar en&#8230;<\/p>\n","protected":false},"featured_media":56782,"template":"","meta":[],"product_brand":[],"product_cat":[858,457,450],"product_tag":[],"class_list":{"0":"post-56791","1":"product","2":"type-product","3":"status-publish","4":"has-post-thumbnail","6":"product_cat-tradgard-terrass","7":"product_cat-tradgardsbord","8":"product_cat-tradgardsmobler","10":"first","11":"instock","12":"sale","13":"taxable","14":"shipping-taxable","15":"purchasable","16":"product-type-simple"},"yoast_head":"<!-- This site is optimized with the Yoast SEO plugin v25.4 - https:\/\/yoast.com\/wordpress\/plugins\/seo\/ -->\n<title>TRUUSK Tr\u00e4dg\u00e5rdsbord Kvadratiskt - V\u00e4derbest\u00e4ndigt Glasbord - Svart 68,5x68,5cm - F\u00f6r Balkong Terrass - Tr\u00e4dg\u00e5rdsm\u00f6bler - TRUUSK - Hem, Tr\u00e4dg\u00e5rd &amp; Fritid<\/title>\n<meta name=\"robots\" content=\"index, follow, max-snippet:-1, max-image-preview:large, max-video-preview:-1\" \/>\n<link rel=\"canonical\" href=\"https:\/\/truusk.store\/sv\/produkt\/truusk-tradgardsbord-kvadratiskt-vaderbestandigt-glasbord-svart-685x685cm-for-balkong-terrass-tradgardsmobler\/\" \/>\n<meta property=\"og:locale\" content=\"sv_SE\" \/>\n<meta property=\"og:type\" content=\"article\" \/>\n<meta property=\"og:title\" content=\"TRUUSK Tr\u00e4dg\u00e5rdsbord Kvadratiskt - V\u00e4derbest\u00e4ndigt Glasbord - Svart 68,5x68,5cm - F\u00f6r Balkong Terrass - Tr\u00e4dg\u00e5rdsm\u00f6bler - TRUUSK - Hem, Tr\u00e4dg\u00e5rd &amp; Fritid\" \/>\n<meta property=\"og:description\" content=\"Den h\u00e4r eleganta tr\u00e4dg\u00e5rdsbordet fr\u00e5n TRUUSK \u00e4r tack vare sin moderna design och lilla utrymmesbehov m\u00e5ngsidigt anv\u00e4ndbart och skapar en...\" \/>\n<meta property=\"og:url\" content=\"https:\/\/truusk.store\/sv\/produkt\/truusk-tradgardsbord-kvadratiskt-vaderbestandigt-glasbord-svart-685x685cm-for-balkong-terrass-tradgardsmobler\/\" \/>\n<meta property=\"og:site_name\" content=\"TRUUSK - Hem, Tr\u00e4dg\u00e5rd &amp; Fritid\" \/>\n<meta property=\"article:modified_time\" content=\"2026-03-12T08:05:35+00:00\" \/>\n<meta property=\"og:image\" content=\"https:\/\/i0.wp.com\/truusk.se\/wp-content\/uploads\/2025\/06\/tradgardsbord-kvadratiskt-glasbord-vaderbestandigt-svart-685x685cm-for-balkong-terrass-tradgardsmobler-1.webp?fit=2000%2C2000&ssl=1\" \/>\n\t<meta property=\"og:image:width\" content=\"2000\" \/>\n\t<meta property=\"og:image:height\" content=\"2000\" \/>\n\t<meta property=\"og:image:type\" content=\"image\/webp\" \/>\n<meta name=\"twitter:card\" content=\"summary_large_image\" \/>\n<meta name=\"twitter:label1\" content=\"Ber\u00e4knad l\u00e4stid\" \/>\n\t<meta name=\"twitter:data1\" content=\"1 minut\" \/>\n<!-- \/ Yoast SEO plugin. -->","yoast_head_json":{"title":"TRUUSK Tr\u00e4dg\u00e5rdsbord Kvadratiskt - V\u00e4derbest\u00e4ndigt Glasbord - Svart 68,5x68,5cm - F\u00f6r Balkong Terrass - Tr\u00e4dg\u00e5rdsm\u00f6bler - TRUUSK - Hem, Tr\u00e4dg\u00e5rd &amp; Fritid","robots":{"index":"index","follow":"follow","max-snippet":"max-snippet:-1","max-image-preview":"max-image-preview:large","max-video-preview":"max-video-preview:-1"},"canonical":"https:\/\/truusk.store\/sv\/produkt\/truusk-tradgardsbord-kvadratiskt-vaderbestandigt-glasbord-svart-685x685cm-for-balkong-terrass-tradgardsmobler\/","og_locale":"sv_SE","og_type":"article","og_title":"TRUUSK Tr\u00e4dg\u00e5rdsbord Kvadratiskt - V\u00e4derbest\u00e4ndigt Glasbord - Svart 68,5x68,5cm - F\u00f6r Balkong Terrass - Tr\u00e4dg\u00e5rdsm\u00f6bler - TRUUSK - Hem, Tr\u00e4dg\u00e5rd &amp; Fritid","og_description":"Den h\u00e4r eleganta tr\u00e4dg\u00e5rdsbordet fr\u00e5n TRUUSK \u00e4r tack vare sin moderna design och lilla utrymmesbehov m\u00e5ngsidigt anv\u00e4ndbart och skapar en...","og_url":"https:\/\/truusk.store\/sv\/produkt\/truusk-tradgardsbord-kvadratiskt-vaderbestandigt-glasbord-svart-685x685cm-for-balkong-terrass-tradgardsmobler\/","og_site_name":"TRUUSK - Hem, Tr\u00e4dg\u00e5rd &amp; Fritid","article_modified_time":"2026-03-12T08:05:35+00:00","og_image":[{"width":2000,"height":2000,"url":"https:\/\/i0.wp.com\/truusk.se\/wp-content\/uploads\/2025\/06\/tradgardsbord-kvadratiskt-glasbord-vaderbestandigt-svart-685x685cm-for-balkong-terrass-tradgardsmobler-1.webp?fit=2000%2C2000&ssl=1","type":"image\/webp"}],"twitter_card":"summary_large_image","twitter_misc":{"Ber\u00e4knad l\u00e4stid":"1 minut"},"schema":{"@context":"https:\/\/schema.org","@graph":[{"@type":"WebPage","@id":"https:\/\/truusk.store\/sv\/produkt\/truusk-tradgardsbord-kvadratiskt-vaderbestandigt-glasbord-svart-685x685cm-for-balkong-terrass-tradgardsmobler\/","url":"https:\/\/truusk.store\/sv\/produkt\/truusk-tradgardsbord-kvadratiskt-vaderbestandigt-glasbord-svart-685x685cm-for-balkong-terrass-tradgardsmobler\/","name":"TRUUSK Tr\u00e4dg\u00e5rdsbord Kvadratiskt - V\u00e4derbest\u00e4ndigt Glasbord - Svart 68,5x68,5cm - F\u00f6r Balkong Terrass - Tr\u00e4dg\u00e5rdsm\u00f6bler - TRUUSK - Hem, Tr\u00e4dg\u00e5rd &amp; Fritid","isPartOf":{"@id":"https:\/\/truusk.store\/sv\/#website"},"primaryImageOfPage":{"@id":"https:\/\/truusk.store\/sv\/produkt\/truusk-tradgardsbord-kvadratiskt-vaderbestandigt-glasbord-svart-685x685cm-for-balkong-terrass-tradgardsmobler\/#primaryimage"},"image":{"@id":"https:\/\/truusk.store\/sv\/produkt\/truusk-tradgardsbord-kvadratiskt-vaderbestandigt-glasbord-svart-685x685cm-for-balkong-terrass-tradgardsmobler\/#primaryimage"},"thumbnailUrl":"https:\/\/i0.wp.com\/truusk.store\/wp-content\/uploads\/2025\/06\/tradgardsbord-kvadratiskt-glasbord-vaderbestandigt-svart-685x685cm-for-balkong-terrass-tradgardsmobler-1.webp?fit=2000%2C2000&ssl=1","datePublished":"2025-06-04T19:39:32+00:00","dateModified":"2026-03-12T08:05:35+00:00","breadcrumb":{"@id":"https:\/\/truusk.store\/sv\/produkt\/truusk-tradgardsbord-kvadratiskt-vaderbestandigt-glasbord-svart-685x685cm-for-balkong-terrass-tradgardsmobler\/#breadcrumb"},"inLanguage":"sv-SE","potentialAction":[{"@type":"ReadAction","target":["https:\/\/truusk.store\/sv\/produkt\/truusk-tradgardsbord-kvadratiskt-vaderbestandigt-glasbord-svart-685x685cm-for-balkong-terrass-tradgardsmobler\/"]}]},{"@type":"ImageObject","inLanguage":"sv-SE","@id":"https:\/\/truusk.store\/sv\/produkt\/truusk-tradgardsbord-kvadratiskt-vaderbestandigt-glasbord-svart-685x685cm-for-balkong-terrass-tradgardsmobler\/#primaryimage","url":"https:\/\/i0.wp.com\/truusk.store\/wp-content\/uploads\/2025\/06\/tradgardsbord-kvadratiskt-glasbord-vaderbestandigt-svart-685x685cm-for-balkong-terrass-tradgardsmobler-1.webp?fit=2000%2C2000&ssl=1","contentUrl":"https:\/\/i0.wp.com\/truusk.store\/wp-content\/uploads\/2025\/06\/tradgardsbord-kvadratiskt-glasbord-vaderbestandigt-svart-685x685cm-for-balkong-terrass-tradgardsmobler-1.webp?fit=2000%2C2000&ssl=1","width":2000,"height":2000},{"@type":"BreadcrumbList","@id":"https:\/\/truusk.store\/sv\/produkt\/truusk-tradgardsbord-kvadratiskt-vaderbestandigt-glasbord-svart-685x685cm-for-balkong-terrass-tradgardsmobler\/#breadcrumb","itemListElement":[{"@type":"ListItem","position":1,"name":"Home","item":"https:\/\/truusk.store\/sv\/"},{"@type":"ListItem","position":2,"name":"Shop","item":"https:\/\/truusk.store\/shop\/"},{"@type":"ListItem","position":3,"name":"TRUUSK Tr\u00e4dg\u00e5rdsbord Kvadratiskt &#8211; V\u00e4derbest\u00e4ndigt Glasbord &#8211; Svart 68,5&#215;68,5cm &#8211; F\u00f6r Balkong Terrass &#8211; Tr\u00e4dg\u00e5rdsm\u00f6bler"}]},{"@type":"WebSite","@id":"https:\/\/truusk.store\/sv\/#website","url":"https:\/\/truusk.store\/sv\/","name":"TRUUSK - Hem, Tr\u00e4dg\u00e5rd & Fritid","description":"","publisher":{"@id":"https:\/\/truusk.store\/sv\/#organization"},"potentialAction":[{"@type":"SearchAction","target":{"@type":"EntryPoint","urlTemplate":"https:\/\/truusk.store\/sv\/?s={search_term_string}"},"query-input":{"@type":"PropertyValueSpecification","valueRequired":true,"valueName":"search_term_string"}}],"inLanguage":"sv-SE"},{"@type":"Organization","@id":"https:\/\/truusk.store\/sv\/#organization","name":"TRUUSK - Hem, Tr\u00e4dg\u00e5rd & Fritid","url":"https:\/\/truusk.store\/sv\/","logo":{"@type":"ImageObject","inLanguage":"sv-SE","@id":"https:\/\/truusk.store\/sv\/#\/schema\/logo\/image\/","url":"https:\/\/i0.wp.com\/truusk.store\/wp-content\/uploads\/2026\/03\/cropped-TRUUSK.png?fit=2032%2C917&ssl=1","contentUrl":"https:\/\/i0.wp.com\/truusk.store\/wp-content\/uploads\/2026\/03\/cropped-TRUUSK.png?fit=2032%2C917&ssl=1","width":2032,"height":917,"caption":"TRUUSK - Hem, Tr\u00e4dg\u00e5rd & Fritid"},"image":{"@id":"https:\/\/truusk.store\/sv\/#\/schema\/logo\/image\/"}}]}},"jetpack_sharing_enabled":true,"_links":{"self":[{"href":"https:\/\/truusk.store\/sv\/wp-json\/wp\/v2\/product\/56791","targetHints":{"allow":["GET"]}}],"collection":[{"href":"https:\/\/truusk.store\/sv\/wp-json\/wp\/v2\/product"}],"about":[{"href":"https:\/\/truusk.store\/sv\/wp-json\/wp\/v2\/types\/product"}],"wp:featuredmedia":[{"embeddable":true,"href":"https:\/\/truusk.store\/sv\/wp-json\/wp\/v2\/media\/56782"}],"wp:attachment":[{"href":"https:\/\/truusk.store\/sv\/wp-json\/wp\/v2\/media?parent=56791"}],"wp:term":[{"taxonomy":"product_brand","embeddable":true,"href":"https:\/\/truusk.store\/sv\/wp-json\/wp\/v2\/product_brand?post=56791"},{"taxonomy":"product_cat","embeddable":true,"href":"https:\/\/truusk.store\/sv\/wp-json\/wp\/v2\/product_cat?post=56791"},{"taxonomy":"product_tag","embeddable":true,"href":"https:\/\/truusk.store\/sv\/wp-json\/wp\/v2\/product_tag?post=56791"}],"curies":[{"name":"wp","href":"https:\/\/api.w.org\/{rel}","templated":true}]}}