{"id":56831,"date":"2025-06-04T20:43:53","date_gmt":"2025-06-04T19:43:53","guid":{"rendered":"https:\/\/truusk.store\/product\/katt-hus-katt-stuga-med-terrass-balkong-for-katter-och-hundar-grantra-gra-vit-115-x-665-x-747-cm\/"},"modified":"2026-03-12T08:57:42","modified_gmt":"2026-03-12T07:57:42","slug":"truusk-kattstuga-med-terrass-balkong-grantra-gra-vit-115-x-665-x-747-cm","status":"publish","type":"product","link":"https:\/\/truusk.store\/sv\/produkt\/truusk-kattstuga-med-terrass-balkong-grantra-gra-vit-115-x-665-x-747-cm\/","title":{"rendered":"TRUUSK Kattstuga med Terrass &amp; Balkong &#8211; Grantr\u00e4 Gr\u00e5 &amp; Vit &#8211; 115 x 66,5 x 74,7 cm"},"content":{"rendered":"<p>Denna kattvilla fr\u00e5n TRUUSK \u00e4r tillverkad av h\u00f6gkvalitativt grantr\u00e4 och erbjuder dina djur en s\u00e4ker tillflyktsort i alla v\u00e4der. Den stora terrassen \u00e4r en idealisk plats f\u00f6r att leka och lata sig i solen. S\u00e4rskilt f\u00f6r frig\u00e5ende katter \u00e4r huset en bekv\u00e4m bostad. Tack vare den vattent\u00e4ta bel\u00e4ggningen p\u00e5 taket och den upph\u00f6jda golvet, f\u00f6rblir huset alltid torrt. G\u00f6r dina katter glada med sitt eget lilla hus!<\/p>\n<p>Beskrivning:<\/p>\n<ul>\n<li> Best\u00e5r av huvudhus, terrass och sidobalkong<\/li>\n<li> Massiv grantr\u00e4konstruktion: milj\u00f6v\u00e4nlig och s\u00e4ker f\u00f6r husdjur<\/li>\n<li> Huvudhus med sadeltak med bitumenpapp f\u00f6r att skydda dina husdjur mot d\u00e5ligt v\u00e4der<\/li>\n<li> Terrass f\u00f6r att vila i solen<\/li>\n<li> Sidobalkong f\u00f6r blommor eller leksaker<\/li>\n<li> Upph\u00f6jt golv skyddar mot fukt och insekter<\/li>\n<li> Bekv\u00e4m in- eller utg\u00e5ng genom fram- och bakturer<\/li>\n<li> Perfekt f\u00f6r de flesta sm\u00e5 till medelstora katter och andra sm\u00e5djur<\/li>\n<li> Enkel montering<\/li>\n<\/ul>\n<p>Tekniska data:<\/p>\n<ul>\n<li> Material: Grantr\u00e4, metall, bitumenpapp<\/li>\n<li> F\u00e4rg: Gr\u00e5 + Vit<\/li>\n<li> Vikt: 14 kg<\/li>\n<li> Totala m\u00e5tt: L115 x B66,5 x H74,7 cm<\/li>\n<li> M\u00e5tt huvudhus: L83 x B55 x H74,7 cm<\/li>\n<li> M\u00e5tt fr\u00e4mre d\u00f6rr: B20 x H25,4 cm<\/li>\n<li> M\u00e5tt bakd\u00f6rr: B19,5 x H22,3 cm<\/li>\n<li> M\u00e5tt terrass: L46,4 x B36,5 x H18,5 cm<\/li>\n<\/ul>\n<p>Leveransinneh\u00e5ll:<\/p>\n<ul>\n<li> 1 x Djurhydda<\/li>\n<li> 1 x Monteringsanvisning<\/li>\n<\/ul>\n","protected":false},"excerpt":{"rendered":"<p>Denna kattvilla fr\u00e5n TRUUSK \u00e4r tillverkad av h\u00f6gkvalitativt grantr\u00e4 och erbjuder dina djur en s\u00e4ker tillflyktsort i alla v\u00e4der. Den&#8230;<\/p>\n","protected":false},"featured_media":56822,"template":"","meta":[],"product_brand":[],"product_cat":[878,890,588],"product_tag":[],"class_list":{"0":"post-56831","1":"product","2":"type-product","3":"status-publish","4":"has-post-thumbnail","6":"product_cat-djurbehov","7":"product_cat-katt-hus","8":"product_cat-katttillbehor","10":"first","11":"instock","12":"sale","13":"taxable","14":"shipping-taxable","15":"purchasable","16":"product-type-simple"},"yoast_head":"<!-- This site is optimized with the Yoast SEO plugin v25.4 - https:\/\/yoast.com\/wordpress\/plugins\/seo\/ -->\n<title>TRUUSK Kattstuga med Terrass &amp; Balkong - Grantr\u00e4 Gr\u00e5 &amp; Vit - 115 x 66,5 x 74,7 cm - TRUUSK - Hem, Tr\u00e4dg\u00e5rd &amp; Fritid<\/title>\n<meta name=\"robots\" content=\"index, follow, max-snippet:-1, max-image-preview:large, max-video-preview:-1\" \/>\n<link rel=\"canonical\" href=\"https:\/\/truusk.store\/sv\/produkt\/truusk-kattstuga-med-terrass-balkong-grantra-gra-vit-115-x-665-x-747-cm\/\" \/>\n<meta property=\"og:locale\" content=\"sv_SE\" \/>\n<meta property=\"og:type\" content=\"article\" \/>\n<meta property=\"og:title\" content=\"TRUUSK Kattstuga med Terrass &amp; Balkong - Grantr\u00e4 Gr\u00e5 &amp; Vit - 115 x 66,5 x 74,7 cm - TRUUSK - Hem, Tr\u00e4dg\u00e5rd &amp; Fritid\" \/>\n<meta property=\"og:description\" content=\"Denna kattvilla fr\u00e5n TRUUSK \u00e4r tillverkad av h\u00f6gkvalitativt grantr\u00e4 och erbjuder dina djur en s\u00e4ker tillflyktsort i alla v\u00e4der. Den...\" \/>\n<meta property=\"og:url\" content=\"https:\/\/truusk.store\/sv\/produkt\/truusk-kattstuga-med-terrass-balkong-grantra-gra-vit-115-x-665-x-747-cm\/\" \/>\n<meta property=\"og:site_name\" content=\"TRUUSK - Hem, Tr\u00e4dg\u00e5rd &amp; Fritid\" \/>\n<meta property=\"article:modified_time\" content=\"2026-03-12T07:57:42+00:00\" \/>\n<meta property=\"og:image\" content=\"https:\/\/i0.wp.com\/truusk.se\/wp-content\/uploads\/2025\/06\/katt-hus-katt-stuga-med-terrass-balkong-for-katter-och-hundar-grantra-gra-vit-115-x-665-x-747-cm-1.webp?fit=2000%2C2000&ssl=1\" \/>\n\t<meta property=\"og:image:width\" content=\"2000\" \/>\n\t<meta property=\"og:image:height\" content=\"2000\" \/>\n\t<meta property=\"og:image:type\" content=\"image\/webp\" \/>\n<meta name=\"twitter:card\" content=\"summary_large_image\" \/>\n<meta name=\"twitter:label1\" content=\"Ber\u00e4knad l\u00e4stid\" \/>\n\t<meta name=\"twitter:data1\" content=\"1 minut\" \/>\n<!-- \/ Yoast SEO plugin. -->","yoast_head_json":{"title":"TRUUSK Kattstuga med Terrass &amp; Balkong - Grantr\u00e4 Gr\u00e5 &amp; Vit - 115 x 66,5 x 74,7 cm - TRUUSK - Hem, Tr\u00e4dg\u00e5rd &amp; Fritid","robots":{"index":"index","follow":"follow","max-snippet":"max-snippet:-1","max-image-preview":"max-image-preview:large","max-video-preview":"max-video-preview:-1"},"canonical":"https:\/\/truusk.store\/sv\/produkt\/truusk-kattstuga-med-terrass-balkong-grantra-gra-vit-115-x-665-x-747-cm\/","og_locale":"sv_SE","og_type":"article","og_title":"TRUUSK Kattstuga med Terrass &amp; Balkong - Grantr\u00e4 Gr\u00e5 &amp; Vit - 115 x 66,5 x 74,7 cm - TRUUSK - Hem, Tr\u00e4dg\u00e5rd &amp; Fritid","og_description":"Denna kattvilla fr\u00e5n TRUUSK \u00e4r tillverkad av h\u00f6gkvalitativt grantr\u00e4 och erbjuder dina djur en s\u00e4ker tillflyktsort i alla v\u00e4der. Den...","og_url":"https:\/\/truusk.store\/sv\/produkt\/truusk-kattstuga-med-terrass-balkong-grantra-gra-vit-115-x-665-x-747-cm\/","og_site_name":"TRUUSK - Hem, Tr\u00e4dg\u00e5rd &amp; Fritid","article_modified_time":"2026-03-12T07:57:42+00:00","og_image":[{"width":2000,"height":2000,"url":"https:\/\/i0.wp.com\/truusk.se\/wp-content\/uploads\/2025\/06\/katt-hus-katt-stuga-med-terrass-balkong-for-katter-och-hundar-grantra-gra-vit-115-x-665-x-747-cm-1.webp?fit=2000%2C2000&ssl=1","type":"image\/webp"}],"twitter_card":"summary_large_image","twitter_misc":{"Ber\u00e4knad l\u00e4stid":"1 minut"},"schema":{"@context":"https:\/\/schema.org","@graph":[{"@type":"WebPage","@id":"https:\/\/truusk.store\/sv\/produkt\/truusk-kattstuga-med-terrass-balkong-grantra-gra-vit-115-x-665-x-747-cm\/","url":"https:\/\/truusk.store\/sv\/produkt\/truusk-kattstuga-med-terrass-balkong-grantra-gra-vit-115-x-665-x-747-cm\/","name":"TRUUSK Kattstuga med Terrass &amp; Balkong - Grantr\u00e4 Gr\u00e5 &amp; Vit - 115 x 66,5 x 74,7 cm - TRUUSK - Hem, Tr\u00e4dg\u00e5rd &amp; Fritid","isPartOf":{"@id":"https:\/\/truusk.store\/sv\/#website"},"primaryImageOfPage":{"@id":"https:\/\/truusk.store\/sv\/produkt\/truusk-kattstuga-med-terrass-balkong-grantra-gra-vit-115-x-665-x-747-cm\/#primaryimage"},"image":{"@id":"https:\/\/truusk.store\/sv\/produkt\/truusk-kattstuga-med-terrass-balkong-grantra-gra-vit-115-x-665-x-747-cm\/#primaryimage"},"thumbnailUrl":"https:\/\/i0.wp.com\/truusk.store\/wp-content\/uploads\/2025\/06\/katt-hus-katt-stuga-med-terrass-balkong-for-katter-och-hundar-grantra-gra-vit-115-x-665-x-747-cm-1.webp?fit=2000%2C2000&ssl=1","datePublished":"2025-06-04T19:43:53+00:00","dateModified":"2026-03-12T07:57:42+00:00","breadcrumb":{"@id":"https:\/\/truusk.store\/sv\/produkt\/truusk-kattstuga-med-terrass-balkong-grantra-gra-vit-115-x-665-x-747-cm\/#breadcrumb"},"inLanguage":"sv-SE","potentialAction":[{"@type":"ReadAction","target":["https:\/\/truusk.store\/sv\/produkt\/truusk-kattstuga-med-terrass-balkong-grantra-gra-vit-115-x-665-x-747-cm\/"]}]},{"@type":"ImageObject","inLanguage":"sv-SE","@id":"https:\/\/truusk.store\/sv\/produkt\/truusk-kattstuga-med-terrass-balkong-grantra-gra-vit-115-x-665-x-747-cm\/#primaryimage","url":"https:\/\/i0.wp.com\/truusk.store\/wp-content\/uploads\/2025\/06\/katt-hus-katt-stuga-med-terrass-balkong-for-katter-och-hundar-grantra-gra-vit-115-x-665-x-747-cm-1.webp?fit=2000%2C2000&ssl=1","contentUrl":"https:\/\/i0.wp.com\/truusk.store\/wp-content\/uploads\/2025\/06\/katt-hus-katt-stuga-med-terrass-balkong-for-katter-och-hundar-grantra-gra-vit-115-x-665-x-747-cm-1.webp?fit=2000%2C2000&ssl=1","width":2000,"height":2000},{"@type":"BreadcrumbList","@id":"https:\/\/truusk.store\/sv\/produkt\/truusk-kattstuga-med-terrass-balkong-grantra-gra-vit-115-x-665-x-747-cm\/#breadcrumb","itemListElement":[{"@type":"ListItem","position":1,"name":"Home","item":"https:\/\/truusk.store\/sv\/"},{"@type":"ListItem","position":2,"name":"Shop","item":"https:\/\/truusk.store\/shop\/"},{"@type":"ListItem","position":3,"name":"TRUUSK Kattstuga med Terrass &amp; Balkong &#8211; Grantr\u00e4 Gr\u00e5 &amp; Vit &#8211; 115 x 66,5 x 74,7 cm"}]},{"@type":"WebSite","@id":"https:\/\/truusk.store\/sv\/#website","url":"https:\/\/truusk.store\/sv\/","name":"TRUUSK - Hem, Tr\u00e4dg\u00e5rd & Fritid","description":"","publisher":{"@id":"https:\/\/truusk.store\/sv\/#organization"},"potentialAction":[{"@type":"SearchAction","target":{"@type":"EntryPoint","urlTemplate":"https:\/\/truusk.store\/sv\/?s={search_term_string}"},"query-input":{"@type":"PropertyValueSpecification","valueRequired":true,"valueName":"search_term_string"}}],"inLanguage":"sv-SE"},{"@type":"Organization","@id":"https:\/\/truusk.store\/sv\/#organization","name":"TRUUSK - Hem, Tr\u00e4dg\u00e5rd & Fritid","url":"https:\/\/truusk.store\/sv\/","logo":{"@type":"ImageObject","inLanguage":"sv-SE","@id":"https:\/\/truusk.store\/sv\/#\/schema\/logo\/image\/","url":"https:\/\/i0.wp.com\/truusk.store\/wp-content\/uploads\/2026\/03\/cropped-TRUUSK.png?fit=2032%2C917&ssl=1","contentUrl":"https:\/\/i0.wp.com\/truusk.store\/wp-content\/uploads\/2026\/03\/cropped-TRUUSK.png?fit=2032%2C917&ssl=1","width":2032,"height":917,"caption":"TRUUSK - Hem, Tr\u00e4dg\u00e5rd & Fritid"},"image":{"@id":"https:\/\/truusk.store\/sv\/#\/schema\/logo\/image\/"}}]}},"jetpack_sharing_enabled":true,"_links":{"self":[{"href":"https:\/\/truusk.store\/sv\/wp-json\/wp\/v2\/product\/56831","targetHints":{"allow":["GET"]}}],"collection":[{"href":"https:\/\/truusk.store\/sv\/wp-json\/wp\/v2\/product"}],"about":[{"href":"https:\/\/truusk.store\/sv\/wp-json\/wp\/v2\/types\/product"}],"wp:featuredmedia":[{"embeddable":true,"href":"https:\/\/truusk.store\/sv\/wp-json\/wp\/v2\/media\/56822"}],"wp:attachment":[{"href":"https:\/\/truusk.store\/sv\/wp-json\/wp\/v2\/media?parent=56831"}],"wp:term":[{"taxonomy":"product_brand","embeddable":true,"href":"https:\/\/truusk.store\/sv\/wp-json\/wp\/v2\/product_brand?post=56831"},{"taxonomy":"product_cat","embeddable":true,"href":"https:\/\/truusk.store\/sv\/wp-json\/wp\/v2\/product_cat?post=56831"},{"taxonomy":"product_tag","embeddable":true,"href":"https:\/\/truusk.store\/sv\/wp-json\/wp\/v2\/product_tag?post=56831"}],"curies":[{"name":"wp","href":"https:\/\/api.w.org\/{rel}","templated":true}]}}