{"id":56851,"date":"2025-06-04T20:45:40","date_gmt":"2025-06-04T19:45:40","guid":{"rendered":"https:\/\/truusk.store\/product\/tradgardspaviljong-3-x-3-m-vaderbestandig-med-myggnat-festtalt-av-metall-och-polyester-i-kramvit\/"},"modified":"2026-03-12T08:55:28","modified_gmt":"2026-03-12T07:55:28","slug":"truusk-tradgardspaviljong-3-x-3-m-vaderbestandig-myggnat-festtalt-av-metall-och-polyester-kramvit","status":"publish","type":"product","link":"https:\/\/truusk.store\/sv\/produkt\/truusk-tradgardspaviljong-3-x-3-m-vaderbestandig-myggnat-festtalt-av-metall-och-polyester-kramvit\/","title":{"rendered":"TRUUSK Tr\u00e4dg\u00e5rdspaviljong 3 x 3 m &#8211; V\u00e4derbest\u00e4ndig &#8211; Myggn\u00e4t &#8211; Festt\u00e4lt av Metall och Polyester &#8211; Kr\u00e4mvit"},"content":{"rendered":"<p>Den h\u00e4r eleganta paviljongen fr\u00e5n TRUUSK f\u00f6rvandlar din tr\u00e4dg\u00e5rd till en oas av avkoppling. Med en vacker och praktisk design, ger det spetsiga taket skydd mot sol och regn. Den pulverlackerade metallramen garanterar att du kan njuta av detta mysiga utrymme i m\u00e5nga \u00e5r. Tack vare sidopanelerna av n\u00e4ttyg kan du och dina g\u00e4ster slappna av utan att bli st\u00f6rda av myggor och andra insekter. Njut av utomhuslivet p\u00e5 ett behagligt s\u00e4tt!<\/p>\n<p>Beskrivning:<\/p>\n<ul>\n<li> H\u00f6gkvalitativ paviljong i enkel design<\/li>\n<li> Idealisk skuggplats f\u00f6r festivaler, fester eller loppmarknader<\/li>\n<li> Stark ram av pulverlackerat metall: robust och stabil<\/li>\n<li> Tak av vattenavvisande polyester<\/li>\n<li> Sidomyggn\u00e4t med dragkedjor<\/li>\n<li> Enkel och snabb montering med klicksystem<\/li>\n<li> 8 markpinnar f\u00f6r f\u00f6rankring i marken och 4 sp\u00e4nnlinor ger extra stabilitet<\/li>\n<li> L\u00e4tt att transportera tack vare den l\u00e4tta vikten<\/li>\n<li>OBS: Anv\u00e4nd denna artikel endast vid torrt, soligt v\u00e4der. Anv\u00e4nd inte vid vind eller nederb\u00f6rd.<\/li>\n<\/ul>\n<p>Tekniska data:<\/p>\n<ul>\n<li> Material: St\u00e5l, Polyester<\/li>\n<li> F\u00e4rg: Kr\u00e4mvit<\/li>\n<li> Totala m\u00e5tt: L300 x B300 x H245 cm<\/li>\n<li> \u00d6vre storlek: 235 x 235 cm<\/li>\n<li> Undre storlek: 300 x 300 cm &#8211; Passeringsh\u00f6jd: 198 cm<\/li>\n<\/ul>\n<p>Leveransinneh\u00e5ll:<\/p>\n<ul>\n<li> 1 x Paviljong (inkl. 8 x markpinne, 4 x sp\u00e4nnlina)<\/li>\n<li> 1 x Monteringsanvisning<\/li>\n<\/ul>\n","protected":false},"excerpt":{"rendered":"<p>Den h\u00e4r eleganta paviljongen fr\u00e5n TRUUSK f\u00f6rvandlar din tr\u00e4dg\u00e5rd till en oas av avkoppling. Med en vacker och praktisk design,&#8230;<\/p>\n","protected":false},"featured_media":56842,"template":"","meta":[],"product_brand":[],"product_cat":[477,858,476],"product_tag":[],"class_list":{"0":"post-56851","1":"product","2":"type-product","3":"status-publish","4":"has-post-thumbnail","6":"product_cat-paviljonger-partytalt","7":"product_cat-tradgard-terrass","8":"product_cat-tradgardspaviljonger","10":"first","11":"instock","12":"sale","13":"taxable","14":"shipping-taxable","15":"purchasable","16":"product-type-simple"},"yoast_head":"<!-- This site is optimized with the Yoast SEO plugin v25.4 - https:\/\/yoast.com\/wordpress\/plugins\/seo\/ -->\n<title>TRUUSK Tr\u00e4dg\u00e5rdspaviljong 3 x 3 m - V\u00e4derbest\u00e4ndig - Myggn\u00e4t - Festt\u00e4lt av Metall och Polyester - Kr\u00e4mvit - TRUUSK - Hem, Tr\u00e4dg\u00e5rd &amp; Fritid<\/title>\n<meta name=\"robots\" content=\"index, follow, max-snippet:-1, max-image-preview:large, max-video-preview:-1\" \/>\n<link rel=\"canonical\" href=\"https:\/\/truusk.store\/sv\/produkt\/truusk-tradgardspaviljong-3-x-3-m-vaderbestandig-myggnat-festtalt-av-metall-och-polyester-kramvit\/\" \/>\n<meta property=\"og:locale\" content=\"sv_SE\" \/>\n<meta property=\"og:type\" content=\"article\" \/>\n<meta property=\"og:title\" content=\"TRUUSK Tr\u00e4dg\u00e5rdspaviljong 3 x 3 m - V\u00e4derbest\u00e4ndig - Myggn\u00e4t - Festt\u00e4lt av Metall och Polyester - Kr\u00e4mvit - TRUUSK - Hem, Tr\u00e4dg\u00e5rd &amp; Fritid\" \/>\n<meta property=\"og:description\" content=\"Den h\u00e4r eleganta paviljongen fr\u00e5n TRUUSK f\u00f6rvandlar din tr\u00e4dg\u00e5rd till en oas av avkoppling. Med en vacker och praktisk design,...\" \/>\n<meta property=\"og:url\" content=\"https:\/\/truusk.store\/sv\/produkt\/truusk-tradgardspaviljong-3-x-3-m-vaderbestandig-myggnat-festtalt-av-metall-och-polyester-kramvit\/\" \/>\n<meta property=\"og:site_name\" content=\"TRUUSK - Hem, Tr\u00e4dg\u00e5rd &amp; Fritid\" \/>\n<meta property=\"article:modified_time\" content=\"2026-03-12T07:55:28+00:00\" \/>\n<meta property=\"og:image\" content=\"https:\/\/i0.wp.com\/truusk.se\/wp-content\/uploads\/2025\/06\/tradgardspaviljong-3-x-3-m-vaderbestandig-med-myggnat-festtalt-av-metall-och-polyester-i-kramvit-1.webp?fit=2000%2C2000&ssl=1\" \/>\n\t<meta property=\"og:image:width\" content=\"2000\" \/>\n\t<meta property=\"og:image:height\" content=\"2000\" \/>\n\t<meta property=\"og:image:type\" content=\"image\/webp\" \/>\n<meta name=\"twitter:card\" content=\"summary_large_image\" \/>\n<meta name=\"twitter:label1\" content=\"Ber\u00e4knad l\u00e4stid\" \/>\n\t<meta name=\"twitter:data1\" content=\"1 minut\" \/>\n<!-- \/ Yoast SEO plugin. -->","yoast_head_json":{"title":"TRUUSK Tr\u00e4dg\u00e5rdspaviljong 3 x 3 m - V\u00e4derbest\u00e4ndig - Myggn\u00e4t - Festt\u00e4lt av Metall och Polyester - Kr\u00e4mvit - TRUUSK - Hem, Tr\u00e4dg\u00e5rd &amp; Fritid","robots":{"index":"index","follow":"follow","max-snippet":"max-snippet:-1","max-image-preview":"max-image-preview:large","max-video-preview":"max-video-preview:-1"},"canonical":"https:\/\/truusk.store\/sv\/produkt\/truusk-tradgardspaviljong-3-x-3-m-vaderbestandig-myggnat-festtalt-av-metall-och-polyester-kramvit\/","og_locale":"sv_SE","og_type":"article","og_title":"TRUUSK Tr\u00e4dg\u00e5rdspaviljong 3 x 3 m - V\u00e4derbest\u00e4ndig - Myggn\u00e4t - Festt\u00e4lt av Metall och Polyester - Kr\u00e4mvit - TRUUSK - Hem, Tr\u00e4dg\u00e5rd &amp; Fritid","og_description":"Den h\u00e4r eleganta paviljongen fr\u00e5n TRUUSK f\u00f6rvandlar din tr\u00e4dg\u00e5rd till en oas av avkoppling. Med en vacker och praktisk design,...","og_url":"https:\/\/truusk.store\/sv\/produkt\/truusk-tradgardspaviljong-3-x-3-m-vaderbestandig-myggnat-festtalt-av-metall-och-polyester-kramvit\/","og_site_name":"TRUUSK - Hem, Tr\u00e4dg\u00e5rd &amp; Fritid","article_modified_time":"2026-03-12T07:55:28+00:00","og_image":[{"width":2000,"height":2000,"url":"https:\/\/i0.wp.com\/truusk.se\/wp-content\/uploads\/2025\/06\/tradgardspaviljong-3-x-3-m-vaderbestandig-med-myggnat-festtalt-av-metall-och-polyester-i-kramvit-1.webp?fit=2000%2C2000&ssl=1","type":"image\/webp"}],"twitter_card":"summary_large_image","twitter_misc":{"Ber\u00e4knad l\u00e4stid":"1 minut"},"schema":{"@context":"https:\/\/schema.org","@graph":[{"@type":"WebPage","@id":"https:\/\/truusk.store\/sv\/produkt\/truusk-tradgardspaviljong-3-x-3-m-vaderbestandig-myggnat-festtalt-av-metall-och-polyester-kramvit\/","url":"https:\/\/truusk.store\/sv\/produkt\/truusk-tradgardspaviljong-3-x-3-m-vaderbestandig-myggnat-festtalt-av-metall-och-polyester-kramvit\/","name":"TRUUSK Tr\u00e4dg\u00e5rdspaviljong 3 x 3 m - V\u00e4derbest\u00e4ndig - Myggn\u00e4t - Festt\u00e4lt av Metall och Polyester - Kr\u00e4mvit - TRUUSK - Hem, Tr\u00e4dg\u00e5rd &amp; Fritid","isPartOf":{"@id":"https:\/\/truusk.store\/sv\/#website"},"primaryImageOfPage":{"@id":"https:\/\/truusk.store\/sv\/produkt\/truusk-tradgardspaviljong-3-x-3-m-vaderbestandig-myggnat-festtalt-av-metall-och-polyester-kramvit\/#primaryimage"},"image":{"@id":"https:\/\/truusk.store\/sv\/produkt\/truusk-tradgardspaviljong-3-x-3-m-vaderbestandig-myggnat-festtalt-av-metall-och-polyester-kramvit\/#primaryimage"},"thumbnailUrl":"https:\/\/i0.wp.com\/truusk.store\/wp-content\/uploads\/2025\/06\/tradgardspaviljong-3-x-3-m-vaderbestandig-med-myggnat-festtalt-av-metall-och-polyester-i-kramvit-1.webp?fit=2000%2C2000&ssl=1","datePublished":"2025-06-04T19:45:40+00:00","dateModified":"2026-03-12T07:55:28+00:00","breadcrumb":{"@id":"https:\/\/truusk.store\/sv\/produkt\/truusk-tradgardspaviljong-3-x-3-m-vaderbestandig-myggnat-festtalt-av-metall-och-polyester-kramvit\/#breadcrumb"},"inLanguage":"sv-SE","potentialAction":[{"@type":"ReadAction","target":["https:\/\/truusk.store\/sv\/produkt\/truusk-tradgardspaviljong-3-x-3-m-vaderbestandig-myggnat-festtalt-av-metall-och-polyester-kramvit\/"]}]},{"@type":"ImageObject","inLanguage":"sv-SE","@id":"https:\/\/truusk.store\/sv\/produkt\/truusk-tradgardspaviljong-3-x-3-m-vaderbestandig-myggnat-festtalt-av-metall-och-polyester-kramvit\/#primaryimage","url":"https:\/\/i0.wp.com\/truusk.store\/wp-content\/uploads\/2025\/06\/tradgardspaviljong-3-x-3-m-vaderbestandig-med-myggnat-festtalt-av-metall-och-polyester-i-kramvit-1.webp?fit=2000%2C2000&ssl=1","contentUrl":"https:\/\/i0.wp.com\/truusk.store\/wp-content\/uploads\/2025\/06\/tradgardspaviljong-3-x-3-m-vaderbestandig-med-myggnat-festtalt-av-metall-och-polyester-i-kramvit-1.webp?fit=2000%2C2000&ssl=1","width":2000,"height":2000},{"@type":"BreadcrumbList","@id":"https:\/\/truusk.store\/sv\/produkt\/truusk-tradgardspaviljong-3-x-3-m-vaderbestandig-myggnat-festtalt-av-metall-och-polyester-kramvit\/#breadcrumb","itemListElement":[{"@type":"ListItem","position":1,"name":"Home","item":"https:\/\/truusk.store\/sv\/"},{"@type":"ListItem","position":2,"name":"Shop","item":"https:\/\/truusk.store\/shop\/"},{"@type":"ListItem","position":3,"name":"TRUUSK Tr\u00e4dg\u00e5rdspaviljong 3 x 3 m &#8211; V\u00e4derbest\u00e4ndig &#8211; Myggn\u00e4t &#8211; Festt\u00e4lt av Metall och Polyester &#8211; Kr\u00e4mvit"}]},{"@type":"WebSite","@id":"https:\/\/truusk.store\/sv\/#website","url":"https:\/\/truusk.store\/sv\/","name":"TRUUSK - Hem, Tr\u00e4dg\u00e5rd & Fritid","description":"","publisher":{"@id":"https:\/\/truusk.store\/sv\/#organization"},"potentialAction":[{"@type":"SearchAction","target":{"@type":"EntryPoint","urlTemplate":"https:\/\/truusk.store\/sv\/?s={search_term_string}"},"query-input":{"@type":"PropertyValueSpecification","valueRequired":true,"valueName":"search_term_string"}}],"inLanguage":"sv-SE"},{"@type":"Organization","@id":"https:\/\/truusk.store\/sv\/#organization","name":"TRUUSK - Hem, Tr\u00e4dg\u00e5rd & Fritid","url":"https:\/\/truusk.store\/sv\/","logo":{"@type":"ImageObject","inLanguage":"sv-SE","@id":"https:\/\/truusk.store\/sv\/#\/schema\/logo\/image\/","url":"https:\/\/i0.wp.com\/truusk.store\/wp-content\/uploads\/2026\/03\/cropped-TRUUSK.png?fit=2032%2C917&ssl=1","contentUrl":"https:\/\/i0.wp.com\/truusk.store\/wp-content\/uploads\/2026\/03\/cropped-TRUUSK.png?fit=2032%2C917&ssl=1","width":2032,"height":917,"caption":"TRUUSK - Hem, Tr\u00e4dg\u00e5rd & Fritid"},"image":{"@id":"https:\/\/truusk.store\/sv\/#\/schema\/logo\/image\/"}}]}},"jetpack_sharing_enabled":true,"_links":{"self":[{"href":"https:\/\/truusk.store\/sv\/wp-json\/wp\/v2\/product\/56851","targetHints":{"allow":["GET"]}}],"collection":[{"href":"https:\/\/truusk.store\/sv\/wp-json\/wp\/v2\/product"}],"about":[{"href":"https:\/\/truusk.store\/sv\/wp-json\/wp\/v2\/types\/product"}],"wp:featuredmedia":[{"embeddable":true,"href":"https:\/\/truusk.store\/sv\/wp-json\/wp\/v2\/media\/56842"}],"wp:attachment":[{"href":"https:\/\/truusk.store\/sv\/wp-json\/wp\/v2\/media?parent=56851"}],"wp:term":[{"taxonomy":"product_brand","embeddable":true,"href":"https:\/\/truusk.store\/sv\/wp-json\/wp\/v2\/product_brand?post=56851"},{"taxonomy":"product_cat","embeddable":true,"href":"https:\/\/truusk.store\/sv\/wp-json\/wp\/v2\/product_cat?post=56851"},{"taxonomy":"product_tag","embeddable":true,"href":"https:\/\/truusk.store\/sv\/wp-json\/wp\/v2\/product_tag?post=56851"}],"curies":[{"name":"wp","href":"https:\/\/api.w.org\/{rel}","templated":true}]}}