{"id":56871,"date":"2025-06-04T20:47:25","date_gmt":"2025-06-04T19:47:25","guid":{"rendered":"https:\/\/truusk.store\/product\/elektrisk-kamin-med-flammeffekt-950-1850w-overhettningsskydd-vit-415x28x548cm-for-mysiga-kvallar\/"},"modified":"2026-03-12T09:06:10","modified_gmt":"2026-03-12T08:06:10","slug":"truusk-elektrisk-kamin-med-flammeffekt-950-1850w-overhettningsskydd-vit-415x28x548cm-mysiga-kvallar","status":"publish","type":"product","link":"https:\/\/truusk.store\/sv\/produkt\/truusk-elektrisk-kamin-med-flammeffekt-950-1850w-overhettningsskydd-vit-415x28x548cm-mysiga-kvallar\/","title":{"rendered":"TRUUSK Elektrisk Kamin med Flammeffekt &#8211; 950\/1850W &#8211; \u00d6verhettningsskydd &#8211; Vit &#8211; 41,5x28x54,8cm &#8211; Mysiga Kv\u00e4llar"},"content":{"rendered":"<p>Ute kallt, inne varmt! Med kaminen fr\u00e5n TRUUSK blir det mysigt. Spisen drivs elektroniskt. Den stora f\u00f6rdelen: Inget irriterande r\u00f6k och damm. Du best\u00e4mmer sj\u00e4lv om endast v\u00e4rmefunktionen ska anv\u00e4ndas eller om endast den bedr\u00e4gligt verkliga eldsimuleringen ska doppa ditt vardagsrum i en romantisk st\u00e4mning. Den robusta st\u00e5lkonstruktionen bidrar till kaminens \u00e4kthet. Tack vare \u00f6verhettningsskyddet st\u00e4nger spisen automatiskt av om den blir f\u00f6r varm.<\/p>\n<p>Beskrivning:<\/p>\n<ul>\n<li> Elektrisk kamin i modern design<\/li>\n<li> S\u00e4rskilt l\u00e4mplig f\u00f6r vardagsrum och sovrum<\/li>\n<li> Brinnande, realistisk flammeffekt<\/li>\n<li> Flammans ljusstyrka kan justeras individuellt<\/li>\n<li> 2 effektniv\u00e5er att v\u00e4lja mellan: 950 \/ 1850W<\/li>\n<li> En s\u00e4kerhetsanordning skyddar automatiskt mot \u00f6verhettning<\/li>\n<li> D\u00f6rr av h\u00e4rdat glas, mycket h\u00e5llbar med handtag f\u00f6r att \u00f6ppna<\/li>\n<\/ul>\n<p>Tekniska data:<\/p>\n<ul>\n<li> Material: Nylon, metall, plast<\/li>\n<li> F\u00e4rg: Vit<\/li>\n<li> Totala m\u00e5tt: L41,5x B28 x H54,8 cm<\/li>\n<li> L\u00e4ngd p\u00e5 n\u00e4tkabel: 1,7\u00b10,05 m<\/li>\n<li> Ing\u00e5ngssp\u00e4nning: 220-240V<\/li>\n<li> Frekvens: 50 Hz<\/li>\n<li> Justerbar effekt: 950 W eller 1850 W<\/li>\n<li> Rumsstorlek: 15-20 m\u00b2<\/li>\n<li> Certifikat: GS<\/li>\n<\/ul>\n<p>Leveransinneh\u00e5ll:<\/p>\n<ul>\n<li> 1 x Elektrisk kamin<\/li>\n<li> 1 x Bruksanvisning<\/li>\n<\/ul>\n","protected":false},"excerpt":{"rendered":"<p>Ute kallt, inne varmt! Med kaminen fr\u00e5n TRUUSK blir det mysigt. Spisen drivs elektroniskt. Den stora f\u00f6rdelen: Inget irriterande r\u00f6k&#8230;<\/p>\n","protected":false},"featured_media":56862,"template":"","meta":[],"product_brand":[],"product_cat":[867,877,876],"product_tag":[],"class_list":{"0":"post-56871","1":"product","2":"type-product","3":"status-publish","4":"has-post-thumbnail","6":"product_cat-byggmarknad","7":"product_cat-elektriska-kaminer","8":"product_cat-kaminer-ugnar","10":"first","11":"instock","12":"sale","13":"taxable","14":"shipping-taxable","15":"purchasable","16":"product-type-simple"},"yoast_head":"<!-- This site is optimized with the Yoast SEO plugin v25.4 - https:\/\/yoast.com\/wordpress\/plugins\/seo\/ -->\n<title>TRUUSK Elektrisk Kamin med Flammeffekt - 950\/1850W - \u00d6verhettningsskydd - Vit - 41,5x28x54,8cm - Mysiga Kv\u00e4llar - TRUUSK - Hem, Tr\u00e4dg\u00e5rd &amp; Fritid<\/title>\n<meta name=\"robots\" content=\"index, follow, max-snippet:-1, max-image-preview:large, max-video-preview:-1\" \/>\n<link rel=\"canonical\" href=\"https:\/\/truusk.store\/sv\/produkt\/truusk-elektrisk-kamin-med-flammeffekt-950-1850w-overhettningsskydd-vit-415x28x548cm-mysiga-kvallar\/\" \/>\n<meta property=\"og:locale\" content=\"sv_SE\" \/>\n<meta property=\"og:type\" content=\"article\" \/>\n<meta property=\"og:title\" content=\"TRUUSK Elektrisk Kamin med Flammeffekt - 950\/1850W - \u00d6verhettningsskydd - Vit - 41,5x28x54,8cm - Mysiga Kv\u00e4llar - TRUUSK - Hem, Tr\u00e4dg\u00e5rd &amp; Fritid\" \/>\n<meta property=\"og:description\" content=\"Ute kallt, inne varmt! Med kaminen fr\u00e5n TRUUSK blir det mysigt. Spisen drivs elektroniskt. Den stora f\u00f6rdelen: Inget irriterande r\u00f6k...\" \/>\n<meta property=\"og:url\" content=\"https:\/\/truusk.store\/sv\/produkt\/truusk-elektrisk-kamin-med-flammeffekt-950-1850w-overhettningsskydd-vit-415x28x548cm-mysiga-kvallar\/\" \/>\n<meta property=\"og:site_name\" content=\"TRUUSK - Hem, Tr\u00e4dg\u00e5rd &amp; Fritid\" \/>\n<meta property=\"article:modified_time\" content=\"2026-03-12T08:06:10+00:00\" \/>\n<meta property=\"og:image\" content=\"https:\/\/i0.wp.com\/truusk.se\/wp-content\/uploads\/2025\/06\/elektrisk-kamin-med-flammeffekt-950-1850w-overhettningsskydd-vit-415x28x548cm-for-mysiga-kvallar-1.webp?fit=1500%2C1500&ssl=1\" \/>\n\t<meta property=\"og:image:width\" content=\"1500\" \/>\n\t<meta property=\"og:image:height\" content=\"1500\" \/>\n\t<meta property=\"og:image:type\" content=\"image\/webp\" \/>\n<meta name=\"twitter:card\" content=\"summary_large_image\" \/>\n<meta name=\"twitter:label1\" content=\"Ber\u00e4knad l\u00e4stid\" \/>\n\t<meta name=\"twitter:data1\" content=\"1 minut\" \/>\n<!-- \/ Yoast SEO plugin. -->","yoast_head_json":{"title":"TRUUSK Elektrisk Kamin med Flammeffekt - 950\/1850W - \u00d6verhettningsskydd - Vit - 41,5x28x54,8cm - Mysiga Kv\u00e4llar - TRUUSK - Hem, Tr\u00e4dg\u00e5rd &amp; Fritid","robots":{"index":"index","follow":"follow","max-snippet":"max-snippet:-1","max-image-preview":"max-image-preview:large","max-video-preview":"max-video-preview:-1"},"canonical":"https:\/\/truusk.store\/sv\/produkt\/truusk-elektrisk-kamin-med-flammeffekt-950-1850w-overhettningsskydd-vit-415x28x548cm-mysiga-kvallar\/","og_locale":"sv_SE","og_type":"article","og_title":"TRUUSK Elektrisk Kamin med Flammeffekt - 950\/1850W - \u00d6verhettningsskydd - Vit - 41,5x28x54,8cm - Mysiga Kv\u00e4llar - TRUUSK - Hem, Tr\u00e4dg\u00e5rd &amp; Fritid","og_description":"Ute kallt, inne varmt! Med kaminen fr\u00e5n TRUUSK blir det mysigt. Spisen drivs elektroniskt. Den stora f\u00f6rdelen: Inget irriterande r\u00f6k...","og_url":"https:\/\/truusk.store\/sv\/produkt\/truusk-elektrisk-kamin-med-flammeffekt-950-1850w-overhettningsskydd-vit-415x28x548cm-mysiga-kvallar\/","og_site_name":"TRUUSK - Hem, Tr\u00e4dg\u00e5rd &amp; Fritid","article_modified_time":"2026-03-12T08:06:10+00:00","og_image":[{"width":1500,"height":1500,"url":"https:\/\/i0.wp.com\/truusk.se\/wp-content\/uploads\/2025\/06\/elektrisk-kamin-med-flammeffekt-950-1850w-overhettningsskydd-vit-415x28x548cm-for-mysiga-kvallar-1.webp?fit=1500%2C1500&ssl=1","type":"image\/webp"}],"twitter_card":"summary_large_image","twitter_misc":{"Ber\u00e4knad l\u00e4stid":"1 minut"},"schema":{"@context":"https:\/\/schema.org","@graph":[{"@type":"WebPage","@id":"https:\/\/truusk.store\/sv\/produkt\/truusk-elektrisk-kamin-med-flammeffekt-950-1850w-overhettningsskydd-vit-415x28x548cm-mysiga-kvallar\/","url":"https:\/\/truusk.store\/sv\/produkt\/truusk-elektrisk-kamin-med-flammeffekt-950-1850w-overhettningsskydd-vit-415x28x548cm-mysiga-kvallar\/","name":"TRUUSK Elektrisk Kamin med Flammeffekt - 950\/1850W - \u00d6verhettningsskydd - Vit - 41,5x28x54,8cm - Mysiga Kv\u00e4llar - TRUUSK - Hem, Tr\u00e4dg\u00e5rd &amp; Fritid","isPartOf":{"@id":"https:\/\/truusk.store\/sv\/#website"},"primaryImageOfPage":{"@id":"https:\/\/truusk.store\/sv\/produkt\/truusk-elektrisk-kamin-med-flammeffekt-950-1850w-overhettningsskydd-vit-415x28x548cm-mysiga-kvallar\/#primaryimage"},"image":{"@id":"https:\/\/truusk.store\/sv\/produkt\/truusk-elektrisk-kamin-med-flammeffekt-950-1850w-overhettningsskydd-vit-415x28x548cm-mysiga-kvallar\/#primaryimage"},"thumbnailUrl":"https:\/\/i0.wp.com\/truusk.store\/wp-content\/uploads\/2025\/06\/elektrisk-kamin-med-flammeffekt-950-1850w-overhettningsskydd-vit-415x28x548cm-for-mysiga-kvallar-1.webp?fit=1500%2C1500&ssl=1","datePublished":"2025-06-04T19:47:25+00:00","dateModified":"2026-03-12T08:06:10+00:00","breadcrumb":{"@id":"https:\/\/truusk.store\/sv\/produkt\/truusk-elektrisk-kamin-med-flammeffekt-950-1850w-overhettningsskydd-vit-415x28x548cm-mysiga-kvallar\/#breadcrumb"},"inLanguage":"sv-SE","potentialAction":[{"@type":"ReadAction","target":["https:\/\/truusk.store\/sv\/produkt\/truusk-elektrisk-kamin-med-flammeffekt-950-1850w-overhettningsskydd-vit-415x28x548cm-mysiga-kvallar\/"]}]},{"@type":"ImageObject","inLanguage":"sv-SE","@id":"https:\/\/truusk.store\/sv\/produkt\/truusk-elektrisk-kamin-med-flammeffekt-950-1850w-overhettningsskydd-vit-415x28x548cm-mysiga-kvallar\/#primaryimage","url":"https:\/\/i0.wp.com\/truusk.store\/wp-content\/uploads\/2025\/06\/elektrisk-kamin-med-flammeffekt-950-1850w-overhettningsskydd-vit-415x28x548cm-for-mysiga-kvallar-1.webp?fit=1500%2C1500&ssl=1","contentUrl":"https:\/\/i0.wp.com\/truusk.store\/wp-content\/uploads\/2025\/06\/elektrisk-kamin-med-flammeffekt-950-1850w-overhettningsskydd-vit-415x28x548cm-for-mysiga-kvallar-1.webp?fit=1500%2C1500&ssl=1","width":1500,"height":1500},{"@type":"BreadcrumbList","@id":"https:\/\/truusk.store\/sv\/produkt\/truusk-elektrisk-kamin-med-flammeffekt-950-1850w-overhettningsskydd-vit-415x28x548cm-mysiga-kvallar\/#breadcrumb","itemListElement":[{"@type":"ListItem","position":1,"name":"Home","item":"https:\/\/truusk.store\/sv\/"},{"@type":"ListItem","position":2,"name":"Shop","item":"https:\/\/truusk.store\/shop\/"},{"@type":"ListItem","position":3,"name":"TRUUSK Elektrisk Kamin med Flammeffekt &#8211; 950\/1850W &#8211; \u00d6verhettningsskydd &#8211; Vit &#8211; 41,5x28x54,8cm &#8211; Mysiga Kv\u00e4llar"}]},{"@type":"WebSite","@id":"https:\/\/truusk.store\/sv\/#website","url":"https:\/\/truusk.store\/sv\/","name":"TRUUSK - Hem, Tr\u00e4dg\u00e5rd & Fritid","description":"","publisher":{"@id":"https:\/\/truusk.store\/sv\/#organization"},"potentialAction":[{"@type":"SearchAction","target":{"@type":"EntryPoint","urlTemplate":"https:\/\/truusk.store\/sv\/?s={search_term_string}"},"query-input":{"@type":"PropertyValueSpecification","valueRequired":true,"valueName":"search_term_string"}}],"inLanguage":"sv-SE"},{"@type":"Organization","@id":"https:\/\/truusk.store\/sv\/#organization","name":"TRUUSK - Hem, Tr\u00e4dg\u00e5rd & Fritid","url":"https:\/\/truusk.store\/sv\/","logo":{"@type":"ImageObject","inLanguage":"sv-SE","@id":"https:\/\/truusk.store\/sv\/#\/schema\/logo\/image\/","url":"https:\/\/i0.wp.com\/truusk.store\/wp-content\/uploads\/2026\/03\/cropped-TRUUSK.png?fit=2032%2C917&ssl=1","contentUrl":"https:\/\/i0.wp.com\/truusk.store\/wp-content\/uploads\/2026\/03\/cropped-TRUUSK.png?fit=2032%2C917&ssl=1","width":2032,"height":917,"caption":"TRUUSK - Hem, Tr\u00e4dg\u00e5rd & Fritid"},"image":{"@id":"https:\/\/truusk.store\/sv\/#\/schema\/logo\/image\/"}}]}},"jetpack_sharing_enabled":true,"_links":{"self":[{"href":"https:\/\/truusk.store\/sv\/wp-json\/wp\/v2\/product\/56871","targetHints":{"allow":["GET"]}}],"collection":[{"href":"https:\/\/truusk.store\/sv\/wp-json\/wp\/v2\/product"}],"about":[{"href":"https:\/\/truusk.store\/sv\/wp-json\/wp\/v2\/types\/product"}],"wp:featuredmedia":[{"embeddable":true,"href":"https:\/\/truusk.store\/sv\/wp-json\/wp\/v2\/media\/56862"}],"wp:attachment":[{"href":"https:\/\/truusk.store\/sv\/wp-json\/wp\/v2\/media?parent=56871"}],"wp:term":[{"taxonomy":"product_brand","embeddable":true,"href":"https:\/\/truusk.store\/sv\/wp-json\/wp\/v2\/product_brand?post=56871"},{"taxonomy":"product_cat","embeddable":true,"href":"https:\/\/truusk.store\/sv\/wp-json\/wp\/v2\/product_cat?post=56871"},{"taxonomy":"product_tag","embeddable":true,"href":"https:\/\/truusk.store\/sv\/wp-json\/wp\/v2\/product_tag?post=56871"}],"curies":[{"name":"wp","href":"https:\/\/api.w.org\/{rel}","templated":true}]}}