{"id":56881,"date":"2025-06-04T20:48:38","date_gmt":"2025-06-04T19:48:38","guid":{"rendered":"https:\/\/truusk.store\/product\/multifunktionell-justerbar-traningsbank-lutande-bank-magtranare-svart-64-x-146-x-735-85-cm-for-effektiv-traning\/"},"modified":"2026-03-12T08:59:32","modified_gmt":"2026-03-12T07:59:32","slug":"truusk-justerbar-multifunktionell-traningsbank-lutande-bank-magtranare-svart-effektiv-traning-64-x-146-x-735-85-cm","status":"publish","type":"product","link":"https:\/\/truusk.store\/sv\/produkt\/truusk-justerbar-multifunktionell-traningsbank-lutande-bank-magtranare-svart-effektiv-traning-64-x-146-x-735-85-cm\/","title":{"rendered":"TRUUSK Justerbar Multifunktionell Tr\u00e4ningsb\u00e4nk &#8211; Lutande B\u00e4nk &#8211; Magtr\u00e4nare &#8211; Svart &#8211; Effektiv Tr\u00e4ning &#8211; 64 X 146 X 73,5-85 cm"},"content":{"rendered":"<p>Liten men naggande god! Med tr\u00e4ningsb\u00e4nken fr\u00e5n TRUUSK kan du tr\u00e4na huvudmusklerna som rygg, mage, br\u00f6st, rumpa, l\u00e5r och b\u00e5l. Tr\u00e4ningsb\u00e4nken \u00e4r gjord av stabil st\u00e5l och kan belastas med upp till 120 kg. De h\u00f6gkvalitativa kuddarna g\u00f6r b\u00e4nken bekv\u00e4m och underl\u00e4ttar tr\u00e4ningen. Tack vare de flexibla inst\u00e4llningsm\u00f6jligheterna kan du anpassa denna tr\u00e4ningsutrustning exakt efter dina behov. Ta hem ditt dagliga tr\u00e4ningspass.<\/p>\n<p>Beskrivning:<\/p>\n<ul>\n<li> Kan anv\u00e4ndas som AB- och hantelb\u00e4nk<\/li>\n<li> F\u00f6r tr\u00e4ning av mage, rygg, br\u00f6st, rumpa, l\u00e5r och b\u00e5l<\/li>\n<li> Multifunktionell: L\u00e4mplig f\u00f6r hyperextension, sidob\u00f6j, sit-ups, omv\u00e4nd crunch, hantelrad, hantelpress<\/li>\n<li> Tillverkad av st\u00e5l med rept\u00e5lig pulverlack<\/li>\n<li> B\u00e4nken kan anv\u00e4ndas i olika vinklar (0 \u00b0, -22,5 \u00b0 och -45 \u00b0)<\/li>\n<li> 4 fotpedalinst\u00e4llningar<\/li>\n<li> L\u00e5rkudden \u00e4r h\u00f6jdjusterbar i 7 steg<\/li>\n<li> V\u00e4l och bekv\u00e4mt vadderad<\/li>\n<li> Halkfria f\u00f6tter f\u00f6r extra s\u00e4kerhet och f\u00f6r att skydda ditt golv fr\u00e5n repor<\/li>\n<li> Montering kr\u00e4vs<\/li>\n<\/ul>\n<p>Tekniska data:<\/p>\n<ul>\n<li> Material: St\u00e5l, PVC, EVA<\/li>\n<li> F\u00e4rg: Svart+R\u00f6d<\/li>\n<li> Totala m\u00e5tt: B64 x D146 x H73,5-85 cm<\/li>\n<li> M\u00e5tt magkudde: L30 x B16 x D7,5 cm<\/li>\n<li> M\u00e5tt ryggkudde: L98 x B32 x D5 cm<\/li>\n<li> Vikt: 13,7 kg<\/li>\n<li> max. Belastningskapacitet: 120 kg<\/li>\n<\/ul>\n<p>Leveransinneh\u00e5ll:<\/p>\n<ul>\n<li> 1 x Hantelb\u00e4nk<\/li>\n<li> 1 x Monteringsanvisning<\/li>\n<\/ul>\n","protected":false},"excerpt":{"rendered":"<p>Liten men naggande god! Med tr\u00e4ningsb\u00e4nken fr\u00e5n TRUUSK kan du tr\u00e4na huvudmusklerna som rygg, mage, br\u00f6st, rumpa, l\u00e5r och b\u00e5l&#8230;.<\/p>\n","protected":false},"featured_media":56872,"template":"","meta":[],"product_brand":[],"product_cat":[873,892,647,665],"product_tag":[],"class_list":{"0":"post-56881","1":"product","2":"type-product","3":"status-publish","4":"has-post-thumbnail","6":"product_cat-fitness-styrketraning","7":"product_cat-hantelbanke","8":"product_cat-sport-fritid","9":"product_cat-styrketraning","11":"first","12":"instock","13":"sale","14":"taxable","15":"shipping-taxable","16":"purchasable","17":"product-type-simple"},"yoast_head":"<!-- This site is optimized with the Yoast SEO plugin v25.4 - https:\/\/yoast.com\/wordpress\/plugins\/seo\/ -->\n<title>TRUUSK Justerbar Multifunktionell Tr\u00e4ningsb\u00e4nk - Lutande B\u00e4nk - Magtr\u00e4nare - Svart - Effektiv Tr\u00e4ning - 64 X 146 X 73,5-85 cm - TRUUSK - Hem, Tr\u00e4dg\u00e5rd &amp; Fritid<\/title>\n<meta name=\"robots\" content=\"index, follow, max-snippet:-1, max-image-preview:large, max-video-preview:-1\" \/>\n<link rel=\"canonical\" href=\"https:\/\/truusk.store\/sv\/produkt\/truusk-justerbar-multifunktionell-traningsbank-lutande-bank-magtranare-svart-effektiv-traning-64-x-146-x-735-85-cm\/\" \/>\n<meta property=\"og:locale\" content=\"sv_SE\" \/>\n<meta property=\"og:type\" content=\"article\" \/>\n<meta property=\"og:title\" content=\"TRUUSK Justerbar Multifunktionell Tr\u00e4ningsb\u00e4nk - Lutande B\u00e4nk - Magtr\u00e4nare - Svart - Effektiv Tr\u00e4ning - 64 X 146 X 73,5-85 cm - TRUUSK - Hem, Tr\u00e4dg\u00e5rd &amp; Fritid\" \/>\n<meta property=\"og:description\" content=\"Liten men naggande god! Med tr\u00e4ningsb\u00e4nken fr\u00e5n TRUUSK kan du tr\u00e4na huvudmusklerna som rygg, mage, br\u00f6st, rumpa, l\u00e5r och b\u00e5l....\" \/>\n<meta property=\"og:url\" content=\"https:\/\/truusk.store\/sv\/produkt\/truusk-justerbar-multifunktionell-traningsbank-lutande-bank-magtranare-svart-effektiv-traning-64-x-146-x-735-85-cm\/\" \/>\n<meta property=\"og:site_name\" content=\"TRUUSK - Hem, Tr\u00e4dg\u00e5rd &amp; Fritid\" \/>\n<meta property=\"article:modified_time\" content=\"2026-03-12T07:59:32+00:00\" \/>\n<meta property=\"og:image\" content=\"https:\/\/i0.wp.com\/truusk.se\/wp-content\/uploads\/2025\/06\/multifunktionell-justerbar-traningsbank-lutande-bank-magtranare-svart-64-x-146-x-735-85-cm-for-effektiv-traning-1.webp?fit=2000%2C2000&ssl=1\" \/>\n\t<meta property=\"og:image:width\" content=\"2000\" \/>\n\t<meta property=\"og:image:height\" content=\"2000\" \/>\n\t<meta property=\"og:image:type\" content=\"image\/webp\" \/>\n<meta name=\"twitter:card\" content=\"summary_large_image\" \/>\n<meta name=\"twitter:label1\" content=\"Ber\u00e4knad l\u00e4stid\" \/>\n\t<meta name=\"twitter:data1\" content=\"1 minut\" \/>\n<!-- \/ Yoast SEO plugin. -->","yoast_head_json":{"title":"TRUUSK Justerbar Multifunktionell Tr\u00e4ningsb\u00e4nk - Lutande B\u00e4nk - Magtr\u00e4nare - Svart - Effektiv Tr\u00e4ning - 64 X 146 X 73,5-85 cm - TRUUSK - Hem, Tr\u00e4dg\u00e5rd &amp; Fritid","robots":{"index":"index","follow":"follow","max-snippet":"max-snippet:-1","max-image-preview":"max-image-preview:large","max-video-preview":"max-video-preview:-1"},"canonical":"https:\/\/truusk.store\/sv\/produkt\/truusk-justerbar-multifunktionell-traningsbank-lutande-bank-magtranare-svart-effektiv-traning-64-x-146-x-735-85-cm\/","og_locale":"sv_SE","og_type":"article","og_title":"TRUUSK Justerbar Multifunktionell Tr\u00e4ningsb\u00e4nk - Lutande B\u00e4nk - Magtr\u00e4nare - Svart - Effektiv Tr\u00e4ning - 64 X 146 X 73,5-85 cm - TRUUSK - Hem, Tr\u00e4dg\u00e5rd &amp; Fritid","og_description":"Liten men naggande god! Med tr\u00e4ningsb\u00e4nken fr\u00e5n TRUUSK kan du tr\u00e4na huvudmusklerna som rygg, mage, br\u00f6st, rumpa, l\u00e5r och b\u00e5l....","og_url":"https:\/\/truusk.store\/sv\/produkt\/truusk-justerbar-multifunktionell-traningsbank-lutande-bank-magtranare-svart-effektiv-traning-64-x-146-x-735-85-cm\/","og_site_name":"TRUUSK - Hem, Tr\u00e4dg\u00e5rd &amp; Fritid","article_modified_time":"2026-03-12T07:59:32+00:00","og_image":[{"width":2000,"height":2000,"url":"https:\/\/i0.wp.com\/truusk.se\/wp-content\/uploads\/2025\/06\/multifunktionell-justerbar-traningsbank-lutande-bank-magtranare-svart-64-x-146-x-735-85-cm-for-effektiv-traning-1.webp?fit=2000%2C2000&ssl=1","type":"image\/webp"}],"twitter_card":"summary_large_image","twitter_misc":{"Ber\u00e4knad l\u00e4stid":"1 minut"},"schema":{"@context":"https:\/\/schema.org","@graph":[{"@type":"WebPage","@id":"https:\/\/truusk.store\/sv\/produkt\/truusk-justerbar-multifunktionell-traningsbank-lutande-bank-magtranare-svart-effektiv-traning-64-x-146-x-735-85-cm\/","url":"https:\/\/truusk.store\/sv\/produkt\/truusk-justerbar-multifunktionell-traningsbank-lutande-bank-magtranare-svart-effektiv-traning-64-x-146-x-735-85-cm\/","name":"TRUUSK Justerbar Multifunktionell Tr\u00e4ningsb\u00e4nk - Lutande B\u00e4nk - Magtr\u00e4nare - Svart - Effektiv Tr\u00e4ning - 64 X 146 X 73,5-85 cm - TRUUSK - Hem, Tr\u00e4dg\u00e5rd &amp; Fritid","isPartOf":{"@id":"https:\/\/truusk.store\/sv\/#website"},"primaryImageOfPage":{"@id":"https:\/\/truusk.store\/sv\/produkt\/truusk-justerbar-multifunktionell-traningsbank-lutande-bank-magtranare-svart-effektiv-traning-64-x-146-x-735-85-cm\/#primaryimage"},"image":{"@id":"https:\/\/truusk.store\/sv\/produkt\/truusk-justerbar-multifunktionell-traningsbank-lutande-bank-magtranare-svart-effektiv-traning-64-x-146-x-735-85-cm\/#primaryimage"},"thumbnailUrl":"https:\/\/i0.wp.com\/truusk.store\/wp-content\/uploads\/2025\/06\/multifunktionell-justerbar-traningsbank-lutande-bank-magtranare-svart-64-x-146-x-735-85-cm-for-effektiv-traning-1.webp?fit=2000%2C2000&ssl=1","datePublished":"2025-06-04T19:48:38+00:00","dateModified":"2026-03-12T07:59:32+00:00","breadcrumb":{"@id":"https:\/\/truusk.store\/sv\/produkt\/truusk-justerbar-multifunktionell-traningsbank-lutande-bank-magtranare-svart-effektiv-traning-64-x-146-x-735-85-cm\/#breadcrumb"},"inLanguage":"sv-SE","potentialAction":[{"@type":"ReadAction","target":["https:\/\/truusk.store\/sv\/produkt\/truusk-justerbar-multifunktionell-traningsbank-lutande-bank-magtranare-svart-effektiv-traning-64-x-146-x-735-85-cm\/"]}]},{"@type":"ImageObject","inLanguage":"sv-SE","@id":"https:\/\/truusk.store\/sv\/produkt\/truusk-justerbar-multifunktionell-traningsbank-lutande-bank-magtranare-svart-effektiv-traning-64-x-146-x-735-85-cm\/#primaryimage","url":"https:\/\/i0.wp.com\/truusk.store\/wp-content\/uploads\/2025\/06\/multifunktionell-justerbar-traningsbank-lutande-bank-magtranare-svart-64-x-146-x-735-85-cm-for-effektiv-traning-1.webp?fit=2000%2C2000&ssl=1","contentUrl":"https:\/\/i0.wp.com\/truusk.store\/wp-content\/uploads\/2025\/06\/multifunktionell-justerbar-traningsbank-lutande-bank-magtranare-svart-64-x-146-x-735-85-cm-for-effektiv-traning-1.webp?fit=2000%2C2000&ssl=1","width":2000,"height":2000},{"@type":"BreadcrumbList","@id":"https:\/\/truusk.store\/sv\/produkt\/truusk-justerbar-multifunktionell-traningsbank-lutande-bank-magtranare-svart-effektiv-traning-64-x-146-x-735-85-cm\/#breadcrumb","itemListElement":[{"@type":"ListItem","position":1,"name":"Home","item":"https:\/\/truusk.store\/sv\/"},{"@type":"ListItem","position":2,"name":"Shop","item":"https:\/\/truusk.store\/shop\/"},{"@type":"ListItem","position":3,"name":"TRUUSK Justerbar Multifunktionell Tr\u00e4ningsb\u00e4nk &#8211; Lutande B\u00e4nk &#8211; Magtr\u00e4nare &#8211; Svart &#8211; Effektiv Tr\u00e4ning &#8211; 64 X 146 X 73,5-85 cm"}]},{"@type":"WebSite","@id":"https:\/\/truusk.store\/sv\/#website","url":"https:\/\/truusk.store\/sv\/","name":"TRUUSK - Hem, Tr\u00e4dg\u00e5rd & Fritid","description":"","publisher":{"@id":"https:\/\/truusk.store\/sv\/#organization"},"potentialAction":[{"@type":"SearchAction","target":{"@type":"EntryPoint","urlTemplate":"https:\/\/truusk.store\/sv\/?s={search_term_string}"},"query-input":{"@type":"PropertyValueSpecification","valueRequired":true,"valueName":"search_term_string"}}],"inLanguage":"sv-SE"},{"@type":"Organization","@id":"https:\/\/truusk.store\/sv\/#organization","name":"TRUUSK - Hem, Tr\u00e4dg\u00e5rd & Fritid","url":"https:\/\/truusk.store\/sv\/","logo":{"@type":"ImageObject","inLanguage":"sv-SE","@id":"https:\/\/truusk.store\/sv\/#\/schema\/logo\/image\/","url":"https:\/\/i0.wp.com\/truusk.store\/wp-content\/uploads\/2026\/03\/cropped-TRUUSK.png?fit=2032%2C917&ssl=1","contentUrl":"https:\/\/i0.wp.com\/truusk.store\/wp-content\/uploads\/2026\/03\/cropped-TRUUSK.png?fit=2032%2C917&ssl=1","width":2032,"height":917,"caption":"TRUUSK - Hem, Tr\u00e4dg\u00e5rd & Fritid"},"image":{"@id":"https:\/\/truusk.store\/sv\/#\/schema\/logo\/image\/"}}]}},"jetpack_sharing_enabled":true,"_links":{"self":[{"href":"https:\/\/truusk.store\/sv\/wp-json\/wp\/v2\/product\/56881","targetHints":{"allow":["GET"]}}],"collection":[{"href":"https:\/\/truusk.store\/sv\/wp-json\/wp\/v2\/product"}],"about":[{"href":"https:\/\/truusk.store\/sv\/wp-json\/wp\/v2\/types\/product"}],"wp:featuredmedia":[{"embeddable":true,"href":"https:\/\/truusk.store\/sv\/wp-json\/wp\/v2\/media\/56872"}],"wp:attachment":[{"href":"https:\/\/truusk.store\/sv\/wp-json\/wp\/v2\/media?parent=56881"}],"wp:term":[{"taxonomy":"product_brand","embeddable":true,"href":"https:\/\/truusk.store\/sv\/wp-json\/wp\/v2\/product_brand?post=56881"},{"taxonomy":"product_cat","embeddable":true,"href":"https:\/\/truusk.store\/sv\/wp-json\/wp\/v2\/product_cat?post=56881"},{"taxonomy":"product_tag","embeddable":true,"href":"https:\/\/truusk.store\/sv\/wp-json\/wp\/v2\/product_tag?post=56881"}],"curies":[{"name":"wp","href":"https:\/\/api.w.org\/{rel}","templated":true}]}}