{"id":56921,"date":"2025-06-04T20:52:33","date_gmt":"2025-06-04T19:52:33","guid":{"rendered":"https:\/\/truusk.store\/product\/pawhut-smadjursbur-gnagarbur-for-marsvin-med-tradgard-balkong-metall-88x1285x56cm-rymlig-robust\/"},"modified":"2026-03-12T08:59:22","modified_gmt":"2026-03-12T07:59:22","slug":"truusk-gnagarbur-for-marsvin-med-tradgard-balkong-rymlig-robust-metall-88x1285x56cm-pawhut","status":"publish","type":"product","link":"https:\/\/truusk.store\/sv\/produkt\/truusk-gnagarbur-for-marsvin-med-tradgard-balkong-rymlig-robust-metall-88x1285x56cm-pawhut\/","title":{"rendered":"TRUUSK Gnagarbur f\u00f6r Marsvin &#8211; Med Tr\u00e4dg\u00e5rd &amp; Balkong &#8211; Rymlig &amp; Robust &#8211; Metall 88&#215;128,5x56cm &#8211; Pawhut"},"content":{"rendered":"<p>Detta sm\u00e5djursbur fr\u00e5n TRUUSK kommer med en stor rastg\u00e5rd och tillbeh\u00f6r. En vattenflaska, en h\u00f6h\u00e4ck och en ramp ing\u00e5r i leveransen. N\u00e4r den inte anv\u00e4nds kan rastg\u00e5rden f\u00e4llas ihop och f\u00f6rvaras utrymmeseffektivt. Tack vare dess fyra hjul kan den enkelt flyttas fr\u00e5n ute till inne. Detta sm\u00e5djursbur fr\u00e5n Pawhut \u00e4r det idealiska hemmet f\u00f6r dina husdjur.<\/p>\n<p>Beskrivning:<\/p>\n<ul>\n<li> Smart 2-i-1-design<\/li>\n<li> Rastg\u00e5rden kan f\u00e4llas ihop och f\u00f6rvaras utrymmeseffektivt n\u00e4r den inte anv\u00e4nds<\/li>\n<li> 4 hjul och 2 l\u00e5sbara bromsar g\u00f6r detta bur mobilt<\/li>\n<li> Inkluderar vattenflaska, h\u00f6h\u00e4ck och 1 ramp<\/li>\n<li> Ett l\u00e5sbart burd\u00f6rr och ett f\u00e4llbart tak f\u00f6r enkel reng\u00f6ring<\/li>\n<li> Enkel montering<\/li>\n<\/ul>\n<p>Tekniska data:<\/p>\n<ul>\n<li> F\u00e4rg: Svart<\/li>\n<li> Material: J\u00e4rntr\u00e5d, polypropen, plysch<\/li>\n<li> Totala m\u00e5tt: L88 x B128,5 x H56 cm<\/li>\n<li> Storlek p\u00e5 burdelens yttre del: L33 x B15,5 cm<\/li>\n<li> Storlek p\u00e5 burdelens inre del: L29 x B14 cm<\/li>\n<li> Balkongstorlek: L41 x B24,5 cm<\/li>\n<li> Storlek p\u00e5 huvudd\u00f6rren: L27,5 x H17,5 cm<\/li>\n<li> Tr\u00e4dg\u00e5rdsstorlek: L87 x B87 x H44 cm<\/li>\n<li> Tips: Detta sm\u00e5djursbur \u00e4r inte l\u00e4mpligt f\u00f6r hamstrar eller r\u00e5ttor<\/li>\n<\/ul>\n<p>Leveransinneh\u00e5ll:<\/p>\n<ul>\n<li> 1 x bur<\/li>\n<li> 1 x vattenflaska<\/li>\n<li> 1 x vattensk\u00e5l<\/li>\n<li> 1 x matkopp<\/li>\n<li> 1 x monteringsanvisning<\/li>\n<\/ul>\n","protected":false},"excerpt":{"rendered":"<p>Detta sm\u00e5djursbur fr\u00e5n TRUUSK kommer med en stor rastg\u00e5rd och tillbeh\u00f6r. En vattenflaska, en h\u00f6h\u00e4ck och en ramp ing\u00e5r i&#8230;<\/p>\n","protected":false},"featured_media":56912,"template":"","meta":[],"product_brand":[],"product_cat":[878,599,597],"product_tag":[],"class_list":{"0":"post-56921","1":"product","2":"type-product","3":"status-publish","4":"has-post-thumbnail","6":"product_cat-djurbehov","7":"product_cat-sma-djurburar","8":"product_cat-sma-djurtillbehor","10":"first","11":"instock","12":"sale","13":"taxable","14":"shipping-taxable","15":"purchasable","16":"product-type-simple"},"yoast_head":"<!-- This site is optimized with the Yoast SEO plugin v25.4 - https:\/\/yoast.com\/wordpress\/plugins\/seo\/ -->\n<title>TRUUSK Gnagarbur f\u00f6r Marsvin - Med Tr\u00e4dg\u00e5rd &amp; Balkong - Rymlig &amp; Robust - Metall 88x128,5x56cm - Pawhut - TRUUSK - Hem, Tr\u00e4dg\u00e5rd &amp; Fritid<\/title>\n<meta name=\"robots\" content=\"index, follow, max-snippet:-1, max-image-preview:large, max-video-preview:-1\" \/>\n<link rel=\"canonical\" href=\"https:\/\/truusk.store\/sv\/produkt\/truusk-gnagarbur-for-marsvin-med-tradgard-balkong-rymlig-robust-metall-88x1285x56cm-pawhut\/\" \/>\n<meta property=\"og:locale\" content=\"sv_SE\" \/>\n<meta property=\"og:type\" content=\"article\" \/>\n<meta property=\"og:title\" content=\"TRUUSK Gnagarbur f\u00f6r Marsvin - Med Tr\u00e4dg\u00e5rd &amp; Balkong - Rymlig &amp; Robust - Metall 88x128,5x56cm - Pawhut - TRUUSK - Hem, Tr\u00e4dg\u00e5rd &amp; Fritid\" \/>\n<meta property=\"og:description\" content=\"Detta sm\u00e5djursbur fr\u00e5n TRUUSK kommer med en stor rastg\u00e5rd och tillbeh\u00f6r. En vattenflaska, en h\u00f6h\u00e4ck och en ramp ing\u00e5r i...\" \/>\n<meta property=\"og:url\" content=\"https:\/\/truusk.store\/sv\/produkt\/truusk-gnagarbur-for-marsvin-med-tradgard-balkong-rymlig-robust-metall-88x1285x56cm-pawhut\/\" \/>\n<meta property=\"og:site_name\" content=\"TRUUSK - Hem, Tr\u00e4dg\u00e5rd &amp; Fritid\" \/>\n<meta property=\"article:modified_time\" content=\"2026-03-12T07:59:22+00:00\" \/>\n<meta property=\"og:image\" content=\"https:\/\/i0.wp.com\/truusk.se\/wp-content\/uploads\/2025\/06\/pawhut-smadjursbur-gnagarbur-for-marsvin-med-tradgard-balkong-metall-88x1285x56cm-rymlig-robust-1.webp?fit=2000%2C2000&ssl=1\" \/>\n\t<meta property=\"og:image:width\" content=\"2000\" \/>\n\t<meta property=\"og:image:height\" content=\"2000\" \/>\n\t<meta property=\"og:image:type\" content=\"image\/webp\" \/>\n<meta name=\"twitter:card\" content=\"summary_large_image\" \/>\n<meta name=\"twitter:label1\" content=\"Ber\u00e4knad l\u00e4stid\" \/>\n\t<meta name=\"twitter:data1\" content=\"1 minut\" \/>\n<!-- \/ Yoast SEO plugin. -->","yoast_head_json":{"title":"TRUUSK Gnagarbur f\u00f6r Marsvin - Med Tr\u00e4dg\u00e5rd &amp; Balkong - Rymlig &amp; Robust - Metall 88x128,5x56cm - Pawhut - TRUUSK - Hem, Tr\u00e4dg\u00e5rd &amp; Fritid","robots":{"index":"index","follow":"follow","max-snippet":"max-snippet:-1","max-image-preview":"max-image-preview:large","max-video-preview":"max-video-preview:-1"},"canonical":"https:\/\/truusk.store\/sv\/produkt\/truusk-gnagarbur-for-marsvin-med-tradgard-balkong-rymlig-robust-metall-88x1285x56cm-pawhut\/","og_locale":"sv_SE","og_type":"article","og_title":"TRUUSK Gnagarbur f\u00f6r Marsvin - Med Tr\u00e4dg\u00e5rd &amp; Balkong - Rymlig &amp; Robust - Metall 88x128,5x56cm - Pawhut - TRUUSK - Hem, Tr\u00e4dg\u00e5rd &amp; Fritid","og_description":"Detta sm\u00e5djursbur fr\u00e5n TRUUSK kommer med en stor rastg\u00e5rd och tillbeh\u00f6r. En vattenflaska, en h\u00f6h\u00e4ck och en ramp ing\u00e5r i...","og_url":"https:\/\/truusk.store\/sv\/produkt\/truusk-gnagarbur-for-marsvin-med-tradgard-balkong-rymlig-robust-metall-88x1285x56cm-pawhut\/","og_site_name":"TRUUSK - Hem, Tr\u00e4dg\u00e5rd &amp; Fritid","article_modified_time":"2026-03-12T07:59:22+00:00","og_image":[{"width":2000,"height":2000,"url":"https:\/\/i0.wp.com\/truusk.se\/wp-content\/uploads\/2025\/06\/pawhut-smadjursbur-gnagarbur-for-marsvin-med-tradgard-balkong-metall-88x1285x56cm-rymlig-robust-1.webp?fit=2000%2C2000&ssl=1","type":"image\/webp"}],"twitter_card":"summary_large_image","twitter_misc":{"Ber\u00e4knad l\u00e4stid":"1 minut"},"schema":{"@context":"https:\/\/schema.org","@graph":[{"@type":"WebPage","@id":"https:\/\/truusk.store\/sv\/produkt\/truusk-gnagarbur-for-marsvin-med-tradgard-balkong-rymlig-robust-metall-88x1285x56cm-pawhut\/","url":"https:\/\/truusk.store\/sv\/produkt\/truusk-gnagarbur-for-marsvin-med-tradgard-balkong-rymlig-robust-metall-88x1285x56cm-pawhut\/","name":"TRUUSK Gnagarbur f\u00f6r Marsvin - Med Tr\u00e4dg\u00e5rd &amp; Balkong - Rymlig &amp; Robust - Metall 88x128,5x56cm - Pawhut - TRUUSK - Hem, Tr\u00e4dg\u00e5rd &amp; Fritid","isPartOf":{"@id":"https:\/\/truusk.store\/sv\/#website"},"primaryImageOfPage":{"@id":"https:\/\/truusk.store\/sv\/produkt\/truusk-gnagarbur-for-marsvin-med-tradgard-balkong-rymlig-robust-metall-88x1285x56cm-pawhut\/#primaryimage"},"image":{"@id":"https:\/\/truusk.store\/sv\/produkt\/truusk-gnagarbur-for-marsvin-med-tradgard-balkong-rymlig-robust-metall-88x1285x56cm-pawhut\/#primaryimage"},"thumbnailUrl":"https:\/\/i0.wp.com\/truusk.store\/wp-content\/uploads\/2025\/06\/pawhut-smadjursbur-gnagarbur-for-marsvin-med-tradgard-balkong-metall-88x1285x56cm-rymlig-robust-1.webp?fit=2000%2C2000&ssl=1","datePublished":"2025-06-04T19:52:33+00:00","dateModified":"2026-03-12T07:59:22+00:00","breadcrumb":{"@id":"https:\/\/truusk.store\/sv\/produkt\/truusk-gnagarbur-for-marsvin-med-tradgard-balkong-rymlig-robust-metall-88x1285x56cm-pawhut\/#breadcrumb"},"inLanguage":"sv-SE","potentialAction":[{"@type":"ReadAction","target":["https:\/\/truusk.store\/sv\/produkt\/truusk-gnagarbur-for-marsvin-med-tradgard-balkong-rymlig-robust-metall-88x1285x56cm-pawhut\/"]}]},{"@type":"ImageObject","inLanguage":"sv-SE","@id":"https:\/\/truusk.store\/sv\/produkt\/truusk-gnagarbur-for-marsvin-med-tradgard-balkong-rymlig-robust-metall-88x1285x56cm-pawhut\/#primaryimage","url":"https:\/\/i0.wp.com\/truusk.store\/wp-content\/uploads\/2025\/06\/pawhut-smadjursbur-gnagarbur-for-marsvin-med-tradgard-balkong-metall-88x1285x56cm-rymlig-robust-1.webp?fit=2000%2C2000&ssl=1","contentUrl":"https:\/\/i0.wp.com\/truusk.store\/wp-content\/uploads\/2025\/06\/pawhut-smadjursbur-gnagarbur-for-marsvin-med-tradgard-balkong-metall-88x1285x56cm-rymlig-robust-1.webp?fit=2000%2C2000&ssl=1","width":2000,"height":2000},{"@type":"BreadcrumbList","@id":"https:\/\/truusk.store\/sv\/produkt\/truusk-gnagarbur-for-marsvin-med-tradgard-balkong-rymlig-robust-metall-88x1285x56cm-pawhut\/#breadcrumb","itemListElement":[{"@type":"ListItem","position":1,"name":"Home","item":"https:\/\/truusk.store\/sv\/"},{"@type":"ListItem","position":2,"name":"Shop","item":"https:\/\/truusk.store\/shop\/"},{"@type":"ListItem","position":3,"name":"TRUUSK Gnagarbur f\u00f6r Marsvin &#8211; Med Tr\u00e4dg\u00e5rd &amp; Balkong &#8211; Rymlig &amp; Robust &#8211; Metall 88&#215;128,5x56cm &#8211; Pawhut"}]},{"@type":"WebSite","@id":"https:\/\/truusk.store\/sv\/#website","url":"https:\/\/truusk.store\/sv\/","name":"TRUUSK - Hem, Tr\u00e4dg\u00e5rd & Fritid","description":"","publisher":{"@id":"https:\/\/truusk.store\/sv\/#organization"},"potentialAction":[{"@type":"SearchAction","target":{"@type":"EntryPoint","urlTemplate":"https:\/\/truusk.store\/sv\/?s={search_term_string}"},"query-input":{"@type":"PropertyValueSpecification","valueRequired":true,"valueName":"search_term_string"}}],"inLanguage":"sv-SE"},{"@type":"Organization","@id":"https:\/\/truusk.store\/sv\/#organization","name":"TRUUSK - Hem, Tr\u00e4dg\u00e5rd & Fritid","url":"https:\/\/truusk.store\/sv\/","logo":{"@type":"ImageObject","inLanguage":"sv-SE","@id":"https:\/\/truusk.store\/sv\/#\/schema\/logo\/image\/","url":"https:\/\/i0.wp.com\/truusk.store\/wp-content\/uploads\/2026\/03\/cropped-TRUUSK.png?fit=2032%2C917&ssl=1","contentUrl":"https:\/\/i0.wp.com\/truusk.store\/wp-content\/uploads\/2026\/03\/cropped-TRUUSK.png?fit=2032%2C917&ssl=1","width":2032,"height":917,"caption":"TRUUSK - Hem, Tr\u00e4dg\u00e5rd & Fritid"},"image":{"@id":"https:\/\/truusk.store\/sv\/#\/schema\/logo\/image\/"}}]}},"jetpack_sharing_enabled":true,"_links":{"self":[{"href":"https:\/\/truusk.store\/sv\/wp-json\/wp\/v2\/product\/56921","targetHints":{"allow":["GET"]}}],"collection":[{"href":"https:\/\/truusk.store\/sv\/wp-json\/wp\/v2\/product"}],"about":[{"href":"https:\/\/truusk.store\/sv\/wp-json\/wp\/v2\/types\/product"}],"wp:featuredmedia":[{"embeddable":true,"href":"https:\/\/truusk.store\/sv\/wp-json\/wp\/v2\/media\/56912"}],"wp:attachment":[{"href":"https:\/\/truusk.store\/sv\/wp-json\/wp\/v2\/media?parent=56921"}],"wp:term":[{"taxonomy":"product_brand","embeddable":true,"href":"https:\/\/truusk.store\/sv\/wp-json\/wp\/v2\/product_brand?post=56921"},{"taxonomy":"product_cat","embeddable":true,"href":"https:\/\/truusk.store\/sv\/wp-json\/wp\/v2\/product_cat?post=56921"},{"taxonomy":"product_tag","embeddable":true,"href":"https:\/\/truusk.store\/sv\/wp-json\/wp\/v2\/product_tag?post=56921"}],"curies":[{"name":"wp","href":"https:\/\/api.w.org\/{rel}","templated":true}]}}