{"id":56931,"date":"2025-06-04T20:53:40","date_gmt":"2025-06-04T19:53:40","guid":{"rendered":"https:\/\/truusk.store\/product\/smadjursstall-smadjursbur-144-x-645-x-100-cm-med-asfalttak-frigangshagn-tva-vaningar-grantra-naturlig\/"},"modified":"2026-03-12T09:02:22","modified_gmt":"2026-03-12T08:02:22","slug":"truusk-smadjursstall-och-smadjursbur-144-x-645-x-100-cm-asfalttak-frigangshagn-tva-vaningar-grantra-naturlig","status":"publish","type":"product","link":"https:\/\/truusk.store\/sv\/produkt\/truusk-smadjursstall-och-smadjursbur-144-x-645-x-100-cm-asfalttak-frigangshagn-tva-vaningar-grantra-naturlig\/","title":{"rendered":"TRUUSK Sm\u00e5djursstall och Sm\u00e5djursbur &#8211; 144 x 64,5 x 100 cm &#8211; Asfalttak &#8211; Frig\u00e5ngsh\u00e4gn &#8211; Tv\u00e5 v\u00e5ningar &#8211; Grantr\u00e4 &#8211; Naturlig"},"content":{"rendered":"<p>I TRUUSKs sm\u00e5djursbur har dina sm\u00e5djur ett skyddat hem och mycket r\u00f6relsefrihet. Reng\u00f6ringen \u00e4r mycket enkel tack vare en stor d\u00f6rr till inre utrymmet och den utdragbara botten. Den robusta konstruktionen av 100% massivt tr\u00e4 \u00e4r belagd med en v\u00e4derbest\u00e4ndig lack, s\u00e5 att du kan l\u00e4mna sm\u00e5djursburen i tr\u00e4dg\u00e5rden utan bekymmer. Ge dig sj\u00e4lv och dina husdjur gl\u00e4djen!<\/p>\n<p>Beskrivning:<\/p>\n<ul>\n<li> Sm\u00e5djursbur f\u00f6r tr\u00e4dg\u00e5rden<\/li>\n<li> Mycket utrymme i det skyddade inre utrymmet och i det stora utomhusomr\u00e5det<\/li>\n<li> Med UV-resistent asfalttak och v\u00e4derbest\u00e4ndig lack<\/li>\n<li> Rampen f\u00f6rbinder inre och yttre utrymmet<\/li>\n<li> Platssparande tack vare tv\u00e5v\u00e5ningsdesign<\/li>\n<li> Tillverkad av 100% massivt tr\u00e4: robust och naturligt<\/li>\n<li> Flera d\u00f6rrar f\u00f6r enkel \u00e5tkomst<\/li>\n<li> D\u00f6rrarna kan l\u00e5sas med en regel<\/li>\n<li> Uttagbar bottenbricka f\u00f6r snabb reng\u00f6ring<\/li>\n<li> Enkel montering<\/li>\n<\/ul>\n<p>Tekniska data:<\/p>\n<ul>\n<li> Material: Grantr\u00e4, metall, asfalt<\/li>\n<li> Totala m\u00e5tt: L144 x B64,5 x H100 cm<\/li>\n<li> M\u00e5tt p\u00e5 huvudrummet: L72 x B48,5 x H68 cm<\/li>\n<li> M\u00e5tt p\u00e5 sidorummet: L66,5 x B48,5 x H66 cm<\/li>\n<li> M\u00e5tt p\u00e5 rampen: L54 x B14 cm<\/li>\n<li> Vikt: 13 kg<\/li>\n<li> F\u00e4rg: Natur<\/li>\n<\/ul>\n<p>Leveransinneh\u00e5ll:<\/p>\n<ul>\n<li> 1 x Sm\u00e5djursbur<\/li>\n<li> 1 x Monteringsanvisning<\/li>\n<\/ul>\n","protected":false},"excerpt":{"rendered":"<p>I TRUUSKs sm\u00e5djursbur har dina sm\u00e5djur ett skyddat hem och mycket r\u00f6relsefrihet. Reng\u00f6ringen \u00e4r mycket enkel tack vare en stor&#8230;<\/p>\n","protected":false},"featured_media":56922,"template":"","meta":[],"product_brand":[],"product_cat":[895,598,597],"product_tag":[],"class_list":{"0":"post-56931","1":"product","2":"type-product","3":"status-publish","4":"has-post-thumbnail","6":"product_cat-djurutrustning","7":"product_cat-sma-djurstallar","8":"product_cat-sma-djurtillbehor","10":"first","11":"instock","12":"sale","13":"taxable","14":"shipping-taxable","15":"purchasable","16":"product-type-simple"},"yoast_head":"<!-- This site is optimized with the Yoast SEO plugin v25.4 - https:\/\/yoast.com\/wordpress\/plugins\/seo\/ -->\n<title>TRUUSK Sm\u00e5djursstall och Sm\u00e5djursbur - 144 x 64,5 x 100 cm - Asfalttak - Frig\u00e5ngsh\u00e4gn - Tv\u00e5 v\u00e5ningar - Grantr\u00e4 - Naturlig - TRUUSK - Hem, Tr\u00e4dg\u00e5rd &amp; Fritid<\/title>\n<meta name=\"robots\" content=\"index, follow, max-snippet:-1, max-image-preview:large, max-video-preview:-1\" \/>\n<link rel=\"canonical\" href=\"https:\/\/truusk.store\/sv\/produkt\/truusk-smadjursstall-och-smadjursbur-144-x-645-x-100-cm-asfalttak-frigangshagn-tva-vaningar-grantra-naturlig\/\" \/>\n<meta property=\"og:locale\" content=\"sv_SE\" \/>\n<meta property=\"og:type\" content=\"article\" \/>\n<meta property=\"og:title\" content=\"TRUUSK Sm\u00e5djursstall och Sm\u00e5djursbur - 144 x 64,5 x 100 cm - Asfalttak - Frig\u00e5ngsh\u00e4gn - Tv\u00e5 v\u00e5ningar - Grantr\u00e4 - Naturlig - TRUUSK - Hem, Tr\u00e4dg\u00e5rd &amp; Fritid\" \/>\n<meta property=\"og:description\" content=\"I TRUUSKs sm\u00e5djursbur har dina sm\u00e5djur ett skyddat hem och mycket r\u00f6relsefrihet. Reng\u00f6ringen \u00e4r mycket enkel tack vare en stor...\" \/>\n<meta property=\"og:url\" content=\"https:\/\/truusk.store\/sv\/produkt\/truusk-smadjursstall-och-smadjursbur-144-x-645-x-100-cm-asfalttak-frigangshagn-tva-vaningar-grantra-naturlig\/\" \/>\n<meta property=\"og:site_name\" content=\"TRUUSK - Hem, Tr\u00e4dg\u00e5rd &amp; Fritid\" \/>\n<meta property=\"article:modified_time\" content=\"2026-03-12T08:02:22+00:00\" \/>\n<meta property=\"og:image\" content=\"https:\/\/i0.wp.com\/truusk.se\/wp-content\/uploads\/2025\/06\/smadjursstall-smadjursbur-144-x-645-x-100-cm-med-asfalttak-frigangshagn-tva-vaningar-grantra-naturlig-1.webp?fit=2000%2C2000&ssl=1\" \/>\n\t<meta property=\"og:image:width\" content=\"2000\" \/>\n\t<meta property=\"og:image:height\" content=\"2000\" \/>\n\t<meta property=\"og:image:type\" content=\"image\/webp\" \/>\n<meta name=\"twitter:card\" content=\"summary_large_image\" \/>\n<meta name=\"twitter:label1\" content=\"Ber\u00e4knad l\u00e4stid\" \/>\n\t<meta name=\"twitter:data1\" content=\"1 minut\" \/>\n<!-- \/ Yoast SEO plugin. -->","yoast_head_json":{"title":"TRUUSK Sm\u00e5djursstall och Sm\u00e5djursbur - 144 x 64,5 x 100 cm - Asfalttak - Frig\u00e5ngsh\u00e4gn - Tv\u00e5 v\u00e5ningar - Grantr\u00e4 - Naturlig - TRUUSK - Hem, Tr\u00e4dg\u00e5rd &amp; Fritid","robots":{"index":"index","follow":"follow","max-snippet":"max-snippet:-1","max-image-preview":"max-image-preview:large","max-video-preview":"max-video-preview:-1"},"canonical":"https:\/\/truusk.store\/sv\/produkt\/truusk-smadjursstall-och-smadjursbur-144-x-645-x-100-cm-asfalttak-frigangshagn-tva-vaningar-grantra-naturlig\/","og_locale":"sv_SE","og_type":"article","og_title":"TRUUSK Sm\u00e5djursstall och Sm\u00e5djursbur - 144 x 64,5 x 100 cm - Asfalttak - Frig\u00e5ngsh\u00e4gn - Tv\u00e5 v\u00e5ningar - Grantr\u00e4 - Naturlig - TRUUSK - Hem, Tr\u00e4dg\u00e5rd &amp; Fritid","og_description":"I TRUUSKs sm\u00e5djursbur har dina sm\u00e5djur ett skyddat hem och mycket r\u00f6relsefrihet. Reng\u00f6ringen \u00e4r mycket enkel tack vare en stor...","og_url":"https:\/\/truusk.store\/sv\/produkt\/truusk-smadjursstall-och-smadjursbur-144-x-645-x-100-cm-asfalttak-frigangshagn-tva-vaningar-grantra-naturlig\/","og_site_name":"TRUUSK - Hem, Tr\u00e4dg\u00e5rd &amp; Fritid","article_modified_time":"2026-03-12T08:02:22+00:00","og_image":[{"width":2000,"height":2000,"url":"https:\/\/i0.wp.com\/truusk.se\/wp-content\/uploads\/2025\/06\/smadjursstall-smadjursbur-144-x-645-x-100-cm-med-asfalttak-frigangshagn-tva-vaningar-grantra-naturlig-1.webp?fit=2000%2C2000&ssl=1","type":"image\/webp"}],"twitter_card":"summary_large_image","twitter_misc":{"Ber\u00e4knad l\u00e4stid":"1 minut"},"schema":{"@context":"https:\/\/schema.org","@graph":[{"@type":"WebPage","@id":"https:\/\/truusk.store\/sv\/produkt\/truusk-smadjursstall-och-smadjursbur-144-x-645-x-100-cm-asfalttak-frigangshagn-tva-vaningar-grantra-naturlig\/","url":"https:\/\/truusk.store\/sv\/produkt\/truusk-smadjursstall-och-smadjursbur-144-x-645-x-100-cm-asfalttak-frigangshagn-tva-vaningar-grantra-naturlig\/","name":"TRUUSK Sm\u00e5djursstall och Sm\u00e5djursbur - 144 x 64,5 x 100 cm - Asfalttak - Frig\u00e5ngsh\u00e4gn - Tv\u00e5 v\u00e5ningar - Grantr\u00e4 - Naturlig - TRUUSK - Hem, Tr\u00e4dg\u00e5rd &amp; Fritid","isPartOf":{"@id":"https:\/\/truusk.store\/sv\/#website"},"primaryImageOfPage":{"@id":"https:\/\/truusk.store\/sv\/produkt\/truusk-smadjursstall-och-smadjursbur-144-x-645-x-100-cm-asfalttak-frigangshagn-tva-vaningar-grantra-naturlig\/#primaryimage"},"image":{"@id":"https:\/\/truusk.store\/sv\/produkt\/truusk-smadjursstall-och-smadjursbur-144-x-645-x-100-cm-asfalttak-frigangshagn-tva-vaningar-grantra-naturlig\/#primaryimage"},"thumbnailUrl":"https:\/\/i0.wp.com\/truusk.store\/wp-content\/uploads\/2025\/06\/smadjursstall-smadjursbur-144-x-645-x-100-cm-med-asfalttak-frigangshagn-tva-vaningar-grantra-naturlig-1.webp?fit=2000%2C2000&ssl=1","datePublished":"2025-06-04T19:53:40+00:00","dateModified":"2026-03-12T08:02:22+00:00","breadcrumb":{"@id":"https:\/\/truusk.store\/sv\/produkt\/truusk-smadjursstall-och-smadjursbur-144-x-645-x-100-cm-asfalttak-frigangshagn-tva-vaningar-grantra-naturlig\/#breadcrumb"},"inLanguage":"sv-SE","potentialAction":[{"@type":"ReadAction","target":["https:\/\/truusk.store\/sv\/produkt\/truusk-smadjursstall-och-smadjursbur-144-x-645-x-100-cm-asfalttak-frigangshagn-tva-vaningar-grantra-naturlig\/"]}]},{"@type":"ImageObject","inLanguage":"sv-SE","@id":"https:\/\/truusk.store\/sv\/produkt\/truusk-smadjursstall-och-smadjursbur-144-x-645-x-100-cm-asfalttak-frigangshagn-tva-vaningar-grantra-naturlig\/#primaryimage","url":"https:\/\/i0.wp.com\/truusk.store\/wp-content\/uploads\/2025\/06\/smadjursstall-smadjursbur-144-x-645-x-100-cm-med-asfalttak-frigangshagn-tva-vaningar-grantra-naturlig-1.webp?fit=2000%2C2000&ssl=1","contentUrl":"https:\/\/i0.wp.com\/truusk.store\/wp-content\/uploads\/2025\/06\/smadjursstall-smadjursbur-144-x-645-x-100-cm-med-asfalttak-frigangshagn-tva-vaningar-grantra-naturlig-1.webp?fit=2000%2C2000&ssl=1","width":2000,"height":2000},{"@type":"BreadcrumbList","@id":"https:\/\/truusk.store\/sv\/produkt\/truusk-smadjursstall-och-smadjursbur-144-x-645-x-100-cm-asfalttak-frigangshagn-tva-vaningar-grantra-naturlig\/#breadcrumb","itemListElement":[{"@type":"ListItem","position":1,"name":"Home","item":"https:\/\/truusk.store\/sv\/"},{"@type":"ListItem","position":2,"name":"Shop","item":"https:\/\/truusk.store\/shop\/"},{"@type":"ListItem","position":3,"name":"TRUUSK Sm\u00e5djursstall och Sm\u00e5djursbur &#8211; 144 x 64,5 x 100 cm &#8211; Asfalttak &#8211; Frig\u00e5ngsh\u00e4gn &#8211; Tv\u00e5 v\u00e5ningar &#8211; Grantr\u00e4 &#8211; Naturlig"}]},{"@type":"WebSite","@id":"https:\/\/truusk.store\/sv\/#website","url":"https:\/\/truusk.store\/sv\/","name":"TRUUSK - Hem, Tr\u00e4dg\u00e5rd & Fritid","description":"","publisher":{"@id":"https:\/\/truusk.store\/sv\/#organization"},"potentialAction":[{"@type":"SearchAction","target":{"@type":"EntryPoint","urlTemplate":"https:\/\/truusk.store\/sv\/?s={search_term_string}"},"query-input":{"@type":"PropertyValueSpecification","valueRequired":true,"valueName":"search_term_string"}}],"inLanguage":"sv-SE"},{"@type":"Organization","@id":"https:\/\/truusk.store\/sv\/#organization","name":"TRUUSK - Hem, Tr\u00e4dg\u00e5rd & Fritid","url":"https:\/\/truusk.store\/sv\/","logo":{"@type":"ImageObject","inLanguage":"sv-SE","@id":"https:\/\/truusk.store\/sv\/#\/schema\/logo\/image\/","url":"https:\/\/i0.wp.com\/truusk.store\/wp-content\/uploads\/2026\/03\/cropped-TRUUSK.png?fit=2032%2C917&ssl=1","contentUrl":"https:\/\/i0.wp.com\/truusk.store\/wp-content\/uploads\/2026\/03\/cropped-TRUUSK.png?fit=2032%2C917&ssl=1","width":2032,"height":917,"caption":"TRUUSK - Hem, Tr\u00e4dg\u00e5rd & Fritid"},"image":{"@id":"https:\/\/truusk.store\/sv\/#\/schema\/logo\/image\/"}}]}},"jetpack_sharing_enabled":true,"_links":{"self":[{"href":"https:\/\/truusk.store\/sv\/wp-json\/wp\/v2\/product\/56931","targetHints":{"allow":["GET"]}}],"collection":[{"href":"https:\/\/truusk.store\/sv\/wp-json\/wp\/v2\/product"}],"about":[{"href":"https:\/\/truusk.store\/sv\/wp-json\/wp\/v2\/types\/product"}],"wp:featuredmedia":[{"embeddable":true,"href":"https:\/\/truusk.store\/sv\/wp-json\/wp\/v2\/media\/56922"}],"wp:attachment":[{"href":"https:\/\/truusk.store\/sv\/wp-json\/wp\/v2\/media?parent=56931"}],"wp:term":[{"taxonomy":"product_brand","embeddable":true,"href":"https:\/\/truusk.store\/sv\/wp-json\/wp\/v2\/product_brand?post=56931"},{"taxonomy":"product_cat","embeddable":true,"href":"https:\/\/truusk.store\/sv\/wp-json\/wp\/v2\/product_cat?post=56931"},{"taxonomy":"product_tag","embeddable":true,"href":"https:\/\/truusk.store\/sv\/wp-json\/wp\/v2\/product_tag?post=56931"}],"curies":[{"name":"wp","href":"https:\/\/api.w.org\/{rel}","templated":true}]}}