{"id":56951,"date":"2025-06-04T20:55:40","date_gmt":"2025-06-04T19:55:40","guid":{"rendered":"https:\/\/truusk.store\/product\/kattstuga-i-tra-78-x-555-x-91-cm-vattentat-med-fuktbestandigt-golv-flyktdorr-hoppplattformar-golvoppning-gra\/"},"modified":"2026-03-12T09:01:50","modified_gmt":"2026-03-12T08:01:50","slug":"truusk-kattstuga-i-tra-78-x-555-x-91-cm-vattentat-med-fuktbestandigt-golv-flyktdorr-hoppplattformar-gra","status":"publish","type":"product","link":"https:\/\/truusk.store\/sv\/produkt\/truusk-kattstuga-i-tra-78-x-555-x-91-cm-vattentat-med-fuktbestandigt-golv-flyktdorr-hoppplattformar-gra\/","title":{"rendered":"TRUUSK Kattstuga i tr\u00e4 78 x 55,5 x 91 cm &#8211; Vattent\u00e4t med fuktbest\u00e4ndigt golv &#8211; Flyktd\u00f6rr &#8211; Hoppplattformar &#8211; Gr\u00e5"},"content":{"rendered":"<p>Dina katter kommer definitivt att \u00e4lska detta fantastiska katt hus fr\u00e5n TRUUSK! Taket kan enkelt \u00f6ppnas f\u00f6r enkel reng\u00f6ring och god ventilation. Det massiva grantr\u00e4et och den vattent\u00e4ta m\u00e5lningen, samt det asfalterade taket g\u00f6r katt huset idealiskt f\u00f6r inomhus- och utomhusomr\u00e5den. Stilfullt och funktionellt kommer detta hus att bli din katts nya favoritplats.<\/p>\n<p>Beskrivning:<\/p>\n<ul>\n<li> 100 % grantr\u00e4 med milj\u00f6v\u00e4nlig m\u00e5lning<\/li>\n<li> Grantr\u00e4et \u00e4r stabilt och h\u00e5llbart<\/li>\n<li> 2 v\u00e5ningar erbjuder ett stort utrymme f\u00f6r din katt<\/li>\n<li> Asfalt takfot och vattent\u00e4t m\u00e5lning g\u00f6r huset till en hit \u00e4ven i utomhusomr\u00e5den<\/li>\n<li> Upph\u00f6jd botten f\u00f6r att f\u00f6rhindra fuktansamling<\/li>\n<li> Idealisk f\u00f6r inomhus och utomhus<\/li>\n<li> Flyktd\u00f6rr, sidod\u00f6rrar, hoppplattformar och golv h\u00e5l ger din katt mycket roligt att uppt\u00e4cka<\/li>\n<li> Taket kan enkelt \u00f6ppnas f\u00f6r enkel reng\u00f6ring och god luftcirkulation<\/li>\n<\/ul>\n<p>Tekniska data:<\/p>\n<ul>\n<li> Material: Grantr\u00e4, Asfalttak<\/li>\n<li> Totala m\u00e5tt: L78 x B55,5 x H91 cm<\/li>\n<li> M\u00e5tt (Underv\u00e5ning): L72 x B48 x H31 cm<\/li>\n<li> M\u00e5tt (\u00d6verv\u00e5ning): L72 x B48 x H43 cm<\/li>\n<li> M\u00e5tt (\u00d6vre d\u00f6rr): L17 x H25 cm<\/li>\n<li> M\u00e5tt (Flyktd\u00f6rr): L20 x H25,4 cm<\/li>\n<li> M\u00e5tt (Sidod\u00f6rr): L17 x H22 cm<\/li>\n<li> M\u00e5tt (Hoppplattform): L25 x B20 cm<\/li>\n<li> H\u00f6jd fr\u00e5n marken: 8 cm<\/li>\n<li> Nettovikt: 16,2 kg<\/li>\n<li> B\u00e4rkapacitet: 30 kg<\/li>\n<li> F\u00e4rg: Gr\u00e5+Vit<\/li>\n<\/ul>\n<p>Leveransinneh\u00e5ll:<\/p>\n<ul>\n<li> 1 x Katt hus<\/li>\n<li> 1 x Monteringsanvisning<\/li>\n<\/ul>\n","protected":false},"excerpt":{"rendered":"<p>Dina katter kommer definitivt att \u00e4lska detta fantastiska katt hus fr\u00e5n TRUUSK! Taket kan enkelt \u00f6ppnas f\u00f6r enkel reng\u00f6ring och&#8230;<\/p>\n","protected":false},"featured_media":56942,"template":"","meta":[],"product_brand":[],"product_cat":[878,890,588],"product_tag":[],"class_list":{"0":"post-56951","1":"product","2":"type-product","3":"status-publish","4":"has-post-thumbnail","6":"product_cat-djurbehov","7":"product_cat-katt-hus","8":"product_cat-katttillbehor","10":"first","11":"instock","12":"sale","13":"taxable","14":"shipping-taxable","15":"purchasable","16":"product-type-simple"},"yoast_head":"<!-- This site is optimized with the Yoast SEO plugin v25.4 - https:\/\/yoast.com\/wordpress\/plugins\/seo\/ -->\n<title>TRUUSK Kattstuga i tr\u00e4 78 x 55,5 x 91 cm - Vattent\u00e4t med fuktbest\u00e4ndigt golv - Flyktd\u00f6rr - Hoppplattformar - Gr\u00e5 - TRUUSK - Hem, Tr\u00e4dg\u00e5rd &amp; Fritid<\/title>\n<meta name=\"robots\" content=\"index, follow, max-snippet:-1, max-image-preview:large, max-video-preview:-1\" \/>\n<link rel=\"canonical\" href=\"https:\/\/truusk.store\/sv\/produkt\/truusk-kattstuga-i-tra-78-x-555-x-91-cm-vattentat-med-fuktbestandigt-golv-flyktdorr-hoppplattformar-gra\/\" \/>\n<meta property=\"og:locale\" content=\"sv_SE\" \/>\n<meta property=\"og:type\" content=\"article\" \/>\n<meta property=\"og:title\" content=\"TRUUSK Kattstuga i tr\u00e4 78 x 55,5 x 91 cm - Vattent\u00e4t med fuktbest\u00e4ndigt golv - Flyktd\u00f6rr - Hoppplattformar - Gr\u00e5 - TRUUSK - Hem, Tr\u00e4dg\u00e5rd &amp; Fritid\" \/>\n<meta property=\"og:description\" content=\"Dina katter kommer definitivt att \u00e4lska detta fantastiska katt hus fr\u00e5n TRUUSK! Taket kan enkelt \u00f6ppnas f\u00f6r enkel reng\u00f6ring och...\" \/>\n<meta property=\"og:url\" content=\"https:\/\/truusk.store\/sv\/produkt\/truusk-kattstuga-i-tra-78-x-555-x-91-cm-vattentat-med-fuktbestandigt-golv-flyktdorr-hoppplattformar-gra\/\" \/>\n<meta property=\"og:site_name\" content=\"TRUUSK - Hem, Tr\u00e4dg\u00e5rd &amp; Fritid\" \/>\n<meta property=\"article:modified_time\" content=\"2026-03-12T08:01:50+00:00\" \/>\n<meta property=\"og:image\" content=\"https:\/\/i0.wp.com\/truusk.se\/wp-content\/uploads\/2025\/06\/kattstuga-i-tra-78-x-555-x-91-cm-vattentat-med-fuktbestandigt-golv-flyktdorr-hoppplattformar-golvoppning-gra-1.webp?fit=2000%2C2000&ssl=1\" \/>\n\t<meta property=\"og:image:width\" content=\"2000\" \/>\n\t<meta property=\"og:image:height\" content=\"2000\" \/>\n\t<meta property=\"og:image:type\" content=\"image\/webp\" \/>\n<meta name=\"twitter:card\" content=\"summary_large_image\" \/>\n<meta name=\"twitter:label1\" content=\"Ber\u00e4knad l\u00e4stid\" \/>\n\t<meta name=\"twitter:data1\" content=\"1 minut\" \/>\n<!-- \/ Yoast SEO plugin. -->","yoast_head_json":{"title":"TRUUSK Kattstuga i tr\u00e4 78 x 55,5 x 91 cm - Vattent\u00e4t med fuktbest\u00e4ndigt golv - Flyktd\u00f6rr - Hoppplattformar - Gr\u00e5 - TRUUSK - Hem, Tr\u00e4dg\u00e5rd &amp; Fritid","robots":{"index":"index","follow":"follow","max-snippet":"max-snippet:-1","max-image-preview":"max-image-preview:large","max-video-preview":"max-video-preview:-1"},"canonical":"https:\/\/truusk.store\/sv\/produkt\/truusk-kattstuga-i-tra-78-x-555-x-91-cm-vattentat-med-fuktbestandigt-golv-flyktdorr-hoppplattformar-gra\/","og_locale":"sv_SE","og_type":"article","og_title":"TRUUSK Kattstuga i tr\u00e4 78 x 55,5 x 91 cm - Vattent\u00e4t med fuktbest\u00e4ndigt golv - Flyktd\u00f6rr - Hoppplattformar - Gr\u00e5 - TRUUSK - Hem, Tr\u00e4dg\u00e5rd &amp; Fritid","og_description":"Dina katter kommer definitivt att \u00e4lska detta fantastiska katt hus fr\u00e5n TRUUSK! Taket kan enkelt \u00f6ppnas f\u00f6r enkel reng\u00f6ring och...","og_url":"https:\/\/truusk.store\/sv\/produkt\/truusk-kattstuga-i-tra-78-x-555-x-91-cm-vattentat-med-fuktbestandigt-golv-flyktdorr-hoppplattformar-gra\/","og_site_name":"TRUUSK - Hem, Tr\u00e4dg\u00e5rd &amp; Fritid","article_modified_time":"2026-03-12T08:01:50+00:00","og_image":[{"width":2000,"height":2000,"url":"https:\/\/i0.wp.com\/truusk.se\/wp-content\/uploads\/2025\/06\/kattstuga-i-tra-78-x-555-x-91-cm-vattentat-med-fuktbestandigt-golv-flyktdorr-hoppplattformar-golvoppning-gra-1.webp?fit=2000%2C2000&ssl=1","type":"image\/webp"}],"twitter_card":"summary_large_image","twitter_misc":{"Ber\u00e4knad l\u00e4stid":"1 minut"},"schema":{"@context":"https:\/\/schema.org","@graph":[{"@type":"WebPage","@id":"https:\/\/truusk.store\/sv\/produkt\/truusk-kattstuga-i-tra-78-x-555-x-91-cm-vattentat-med-fuktbestandigt-golv-flyktdorr-hoppplattformar-gra\/","url":"https:\/\/truusk.store\/sv\/produkt\/truusk-kattstuga-i-tra-78-x-555-x-91-cm-vattentat-med-fuktbestandigt-golv-flyktdorr-hoppplattformar-gra\/","name":"TRUUSK Kattstuga i tr\u00e4 78 x 55,5 x 91 cm - Vattent\u00e4t med fuktbest\u00e4ndigt golv - Flyktd\u00f6rr - Hoppplattformar - Gr\u00e5 - TRUUSK - Hem, Tr\u00e4dg\u00e5rd &amp; Fritid","isPartOf":{"@id":"https:\/\/truusk.store\/sv\/#website"},"primaryImageOfPage":{"@id":"https:\/\/truusk.store\/sv\/produkt\/truusk-kattstuga-i-tra-78-x-555-x-91-cm-vattentat-med-fuktbestandigt-golv-flyktdorr-hoppplattformar-gra\/#primaryimage"},"image":{"@id":"https:\/\/truusk.store\/sv\/produkt\/truusk-kattstuga-i-tra-78-x-555-x-91-cm-vattentat-med-fuktbestandigt-golv-flyktdorr-hoppplattformar-gra\/#primaryimage"},"thumbnailUrl":"https:\/\/i0.wp.com\/truusk.store\/wp-content\/uploads\/2025\/06\/kattstuga-i-tra-78-x-555-x-91-cm-vattentat-med-fuktbestandigt-golv-flyktdorr-hoppplattformar-golvoppning-gra-1.webp?fit=2000%2C2000&ssl=1","datePublished":"2025-06-04T19:55:40+00:00","dateModified":"2026-03-12T08:01:50+00:00","breadcrumb":{"@id":"https:\/\/truusk.store\/sv\/produkt\/truusk-kattstuga-i-tra-78-x-555-x-91-cm-vattentat-med-fuktbestandigt-golv-flyktdorr-hoppplattformar-gra\/#breadcrumb"},"inLanguage":"sv-SE","potentialAction":[{"@type":"ReadAction","target":["https:\/\/truusk.store\/sv\/produkt\/truusk-kattstuga-i-tra-78-x-555-x-91-cm-vattentat-med-fuktbestandigt-golv-flyktdorr-hoppplattformar-gra\/"]}]},{"@type":"ImageObject","inLanguage":"sv-SE","@id":"https:\/\/truusk.store\/sv\/produkt\/truusk-kattstuga-i-tra-78-x-555-x-91-cm-vattentat-med-fuktbestandigt-golv-flyktdorr-hoppplattformar-gra\/#primaryimage","url":"https:\/\/i0.wp.com\/truusk.store\/wp-content\/uploads\/2025\/06\/kattstuga-i-tra-78-x-555-x-91-cm-vattentat-med-fuktbestandigt-golv-flyktdorr-hoppplattformar-golvoppning-gra-1.webp?fit=2000%2C2000&ssl=1","contentUrl":"https:\/\/i0.wp.com\/truusk.store\/wp-content\/uploads\/2025\/06\/kattstuga-i-tra-78-x-555-x-91-cm-vattentat-med-fuktbestandigt-golv-flyktdorr-hoppplattformar-golvoppning-gra-1.webp?fit=2000%2C2000&ssl=1","width":2000,"height":2000},{"@type":"BreadcrumbList","@id":"https:\/\/truusk.store\/sv\/produkt\/truusk-kattstuga-i-tra-78-x-555-x-91-cm-vattentat-med-fuktbestandigt-golv-flyktdorr-hoppplattformar-gra\/#breadcrumb","itemListElement":[{"@type":"ListItem","position":1,"name":"Home","item":"https:\/\/truusk.store\/sv\/"},{"@type":"ListItem","position":2,"name":"Shop","item":"https:\/\/truusk.store\/shop\/"},{"@type":"ListItem","position":3,"name":"TRUUSK Kattstuga i tr\u00e4 78 x 55,5 x 91 cm &#8211; Vattent\u00e4t med fuktbest\u00e4ndigt golv &#8211; Flyktd\u00f6rr &#8211; Hoppplattformar &#8211; Gr\u00e5"}]},{"@type":"WebSite","@id":"https:\/\/truusk.store\/sv\/#website","url":"https:\/\/truusk.store\/sv\/","name":"TRUUSK - Hem, Tr\u00e4dg\u00e5rd & Fritid","description":"","publisher":{"@id":"https:\/\/truusk.store\/sv\/#organization"},"potentialAction":[{"@type":"SearchAction","target":{"@type":"EntryPoint","urlTemplate":"https:\/\/truusk.store\/sv\/?s={search_term_string}"},"query-input":{"@type":"PropertyValueSpecification","valueRequired":true,"valueName":"search_term_string"}}],"inLanguage":"sv-SE"},{"@type":"Organization","@id":"https:\/\/truusk.store\/sv\/#organization","name":"TRUUSK - Hem, Tr\u00e4dg\u00e5rd & Fritid","url":"https:\/\/truusk.store\/sv\/","logo":{"@type":"ImageObject","inLanguage":"sv-SE","@id":"https:\/\/truusk.store\/sv\/#\/schema\/logo\/image\/","url":"https:\/\/i0.wp.com\/truusk.store\/wp-content\/uploads\/2026\/03\/cropped-TRUUSK.png?fit=2032%2C917&ssl=1","contentUrl":"https:\/\/i0.wp.com\/truusk.store\/wp-content\/uploads\/2026\/03\/cropped-TRUUSK.png?fit=2032%2C917&ssl=1","width":2032,"height":917,"caption":"TRUUSK - Hem, Tr\u00e4dg\u00e5rd & Fritid"},"image":{"@id":"https:\/\/truusk.store\/sv\/#\/schema\/logo\/image\/"}}]}},"jetpack_sharing_enabled":true,"_links":{"self":[{"href":"https:\/\/truusk.store\/sv\/wp-json\/wp\/v2\/product\/56951","targetHints":{"allow":["GET"]}}],"collection":[{"href":"https:\/\/truusk.store\/sv\/wp-json\/wp\/v2\/product"}],"about":[{"href":"https:\/\/truusk.store\/sv\/wp-json\/wp\/v2\/types\/product"}],"wp:featuredmedia":[{"embeddable":true,"href":"https:\/\/truusk.store\/sv\/wp-json\/wp\/v2\/media\/56942"}],"wp:attachment":[{"href":"https:\/\/truusk.store\/sv\/wp-json\/wp\/v2\/media?parent=56951"}],"wp:term":[{"taxonomy":"product_brand","embeddable":true,"href":"https:\/\/truusk.store\/sv\/wp-json\/wp\/v2\/product_brand?post=56951"},{"taxonomy":"product_cat","embeddable":true,"href":"https:\/\/truusk.store\/sv\/wp-json\/wp\/v2\/product_cat?post=56951"},{"taxonomy":"product_tag","embeddable":true,"href":"https:\/\/truusk.store\/sv\/wp-json\/wp\/v2\/product_tag?post=56951"}],"curies":[{"name":"wp","href":"https:\/\/api.w.org\/{rel}","templated":true}]}}