{"id":56971,"date":"2025-06-04T20:57:24","date_gmt":"2025-06-04T19:57:24","guid":{"rendered":"https:\/\/truusk.store\/product\/tradgardsbord-massivt-tra-balkongbord-trabord-hjulform-vaderbestandig-natur-113-x-b60-x-h65-cm\/"},"modified":"2026-03-12T09:06:08","modified_gmt":"2026-03-12T08:06:08","slug":"truusk-tradgardsbord-i-massivt-tra-balkongbord-med-hjulform-vaderbestandig-natur-113-x-b60-x-h65-cm","status":"publish","type":"product","link":"https:\/\/truusk.store\/sv\/produkt\/truusk-tradgardsbord-i-massivt-tra-balkongbord-med-hjulform-vaderbestandig-natur-113-x-b60-x-h65-cm\/","title":{"rendered":"TRUUSK Tr\u00e4dg\u00e5rdsbord i Massivt Tr\u00e4 &#8211; Balkongbord med Hjulform &#8211; V\u00e4derbest\u00e4ndig &#8211; Natur &#8211; 113 x B60 x H65 cm"},"content":{"rendered":"<p>Utebordet fr\u00e5n TRUUSK kommer med mycket rustik charm. Det \u00e4r tillverkat av massivt grantr\u00e4 med v\u00e4derbest\u00e4ndig finish. I dess stabila ben \u00e4r tv\u00e5 hjul inbyggda, vilket ytterligare understryker bordets lantliga stil. Det \u00e4r ocks\u00e5 l\u00e4mpligt f\u00f6r inomhusbruk, till exempel som matbord eller sidobord. Med denna vackert designade tr\u00e4dg\u00e5rdsm\u00f6bel kommer du att njuta \u00e4nnu mer av v\u00e5ren och sommaren.<\/p>\n<p>Beskrivning:<\/p>\n<ul>\n<li> H\u00f6g stabilitet tack vare massivt grantr\u00e4<\/li>\n<li> V\u00e4derbest\u00e4ndig finish f\u00f6r l\u00e5ng h\u00e5llbarhet<\/li>\n<li> L\u00e4mplig f\u00f6r tr\u00e4dg\u00e5rd, balkong, terrass eller andra utomhus- och inomhusomr\u00e5den<\/li>\n<li> Dekorativa ben med inbyggda hjul<\/li>\n<li> Enkel montering<\/li>\n<\/ul>\n<p> Tekniska data:<\/p>\n<ul>\n<li> Material: Grantr\u00e4<\/li>\n<li> Totala m\u00e5tt: L110 x B60 x H65 cm<\/li>\n<li> Vikt: 20 kg<\/li>\n<li> Maximal belastningskapacitet: 100 kg<\/li>\n<li> F\u00e4rg: Natur<\/li>\n<\/ul>\n<p>Leveransinneh\u00e5ll:<\/p>\n<ul>\n<li> 1 x Tr\u00e4dg\u00e5rdsbord<\/li>\n<li> 1 x Monteringsanvisningar<\/li>\n<\/ul>\n","protected":false},"excerpt":{"rendered":"<p>Utebordet fr\u00e5n TRUUSK kommer med mycket rustik charm. Det \u00e4r tillverkat av massivt grantr\u00e4 med v\u00e4derbest\u00e4ndig finish. I dess stabila&#8230;<\/p>\n","protected":false},"featured_media":56962,"template":"","meta":[],"product_brand":[],"product_cat":[858,457,450],"product_tag":[],"class_list":{"0":"post-56971","1":"product","2":"type-product","3":"status-publish","4":"has-post-thumbnail","6":"product_cat-tradgard-terrass","7":"product_cat-tradgardsbord","8":"product_cat-tradgardsmobler","10":"first","11":"instock","12":"sale","13":"taxable","14":"shipping-taxable","15":"purchasable","16":"product-type-simple"},"yoast_head":"<!-- This site is optimized with the Yoast SEO plugin v25.4 - https:\/\/yoast.com\/wordpress\/plugins\/seo\/ -->\n<title>TRUUSK Tr\u00e4dg\u00e5rdsbord i Massivt Tr\u00e4 - Balkongbord med Hjulform - V\u00e4derbest\u00e4ndig - Natur - 113 x B60 x H65 cm - TRUUSK - Hem, Tr\u00e4dg\u00e5rd &amp; Fritid<\/title>\n<meta name=\"robots\" content=\"index, follow, max-snippet:-1, max-image-preview:large, max-video-preview:-1\" \/>\n<link rel=\"canonical\" href=\"https:\/\/truusk.store\/sv\/produkt\/truusk-tradgardsbord-i-massivt-tra-balkongbord-med-hjulform-vaderbestandig-natur-113-x-b60-x-h65-cm\/\" \/>\n<meta property=\"og:locale\" content=\"sv_SE\" \/>\n<meta property=\"og:type\" content=\"article\" \/>\n<meta property=\"og:title\" content=\"TRUUSK Tr\u00e4dg\u00e5rdsbord i Massivt Tr\u00e4 - Balkongbord med Hjulform - V\u00e4derbest\u00e4ndig - Natur - 113 x B60 x H65 cm - TRUUSK - Hem, Tr\u00e4dg\u00e5rd &amp; Fritid\" \/>\n<meta property=\"og:description\" content=\"Utebordet fr\u00e5n TRUUSK kommer med mycket rustik charm. Det \u00e4r tillverkat av massivt grantr\u00e4 med v\u00e4derbest\u00e4ndig finish. I dess stabila...\" \/>\n<meta property=\"og:url\" content=\"https:\/\/truusk.store\/sv\/produkt\/truusk-tradgardsbord-i-massivt-tra-balkongbord-med-hjulform-vaderbestandig-natur-113-x-b60-x-h65-cm\/\" \/>\n<meta property=\"og:site_name\" content=\"TRUUSK - Hem, Tr\u00e4dg\u00e5rd &amp; Fritid\" \/>\n<meta property=\"article:modified_time\" content=\"2026-03-12T08:06:08+00:00\" \/>\n<meta property=\"og:image\" content=\"https:\/\/i0.wp.com\/truusk.se\/wp-content\/uploads\/2025\/06\/tradgardsbord-massivt-tra-balkongbord-trabord-hjulform-vaderbestandig-natur-113-x-b60-x-h65-cm-1.webp?fit=1600%2C1600&ssl=1\" \/>\n\t<meta property=\"og:image:width\" content=\"1600\" \/>\n\t<meta property=\"og:image:height\" content=\"1600\" \/>\n\t<meta property=\"og:image:type\" content=\"image\/webp\" \/>\n<meta name=\"twitter:card\" content=\"summary_large_image\" \/>\n<meta name=\"twitter:label1\" content=\"Ber\u00e4knad l\u00e4stid\" \/>\n\t<meta name=\"twitter:data1\" content=\"1 minut\" \/>\n<!-- \/ Yoast SEO plugin. -->","yoast_head_json":{"title":"TRUUSK Tr\u00e4dg\u00e5rdsbord i Massivt Tr\u00e4 - Balkongbord med Hjulform - V\u00e4derbest\u00e4ndig - Natur - 113 x B60 x H65 cm - TRUUSK - Hem, Tr\u00e4dg\u00e5rd &amp; Fritid","robots":{"index":"index","follow":"follow","max-snippet":"max-snippet:-1","max-image-preview":"max-image-preview:large","max-video-preview":"max-video-preview:-1"},"canonical":"https:\/\/truusk.store\/sv\/produkt\/truusk-tradgardsbord-i-massivt-tra-balkongbord-med-hjulform-vaderbestandig-natur-113-x-b60-x-h65-cm\/","og_locale":"sv_SE","og_type":"article","og_title":"TRUUSK Tr\u00e4dg\u00e5rdsbord i Massivt Tr\u00e4 - Balkongbord med Hjulform - V\u00e4derbest\u00e4ndig - Natur - 113 x B60 x H65 cm - TRUUSK - Hem, Tr\u00e4dg\u00e5rd &amp; Fritid","og_description":"Utebordet fr\u00e5n TRUUSK kommer med mycket rustik charm. Det \u00e4r tillverkat av massivt grantr\u00e4 med v\u00e4derbest\u00e4ndig finish. I dess stabila...","og_url":"https:\/\/truusk.store\/sv\/produkt\/truusk-tradgardsbord-i-massivt-tra-balkongbord-med-hjulform-vaderbestandig-natur-113-x-b60-x-h65-cm\/","og_site_name":"TRUUSK - Hem, Tr\u00e4dg\u00e5rd &amp; Fritid","article_modified_time":"2026-03-12T08:06:08+00:00","og_image":[{"width":1600,"height":1600,"url":"https:\/\/i0.wp.com\/truusk.se\/wp-content\/uploads\/2025\/06\/tradgardsbord-massivt-tra-balkongbord-trabord-hjulform-vaderbestandig-natur-113-x-b60-x-h65-cm-1.webp?fit=1600%2C1600&ssl=1","type":"image\/webp"}],"twitter_card":"summary_large_image","twitter_misc":{"Ber\u00e4knad l\u00e4stid":"1 minut"},"schema":{"@context":"https:\/\/schema.org","@graph":[{"@type":"WebPage","@id":"https:\/\/truusk.store\/sv\/produkt\/truusk-tradgardsbord-i-massivt-tra-balkongbord-med-hjulform-vaderbestandig-natur-113-x-b60-x-h65-cm\/","url":"https:\/\/truusk.store\/sv\/produkt\/truusk-tradgardsbord-i-massivt-tra-balkongbord-med-hjulform-vaderbestandig-natur-113-x-b60-x-h65-cm\/","name":"TRUUSK Tr\u00e4dg\u00e5rdsbord i Massivt Tr\u00e4 - Balkongbord med Hjulform - V\u00e4derbest\u00e4ndig - Natur - 113 x B60 x H65 cm - TRUUSK - Hem, Tr\u00e4dg\u00e5rd &amp; Fritid","isPartOf":{"@id":"https:\/\/truusk.store\/sv\/#website"},"primaryImageOfPage":{"@id":"https:\/\/truusk.store\/sv\/produkt\/truusk-tradgardsbord-i-massivt-tra-balkongbord-med-hjulform-vaderbestandig-natur-113-x-b60-x-h65-cm\/#primaryimage"},"image":{"@id":"https:\/\/truusk.store\/sv\/produkt\/truusk-tradgardsbord-i-massivt-tra-balkongbord-med-hjulform-vaderbestandig-natur-113-x-b60-x-h65-cm\/#primaryimage"},"thumbnailUrl":"https:\/\/i0.wp.com\/truusk.store\/wp-content\/uploads\/2025\/06\/tradgardsbord-massivt-tra-balkongbord-trabord-hjulform-vaderbestandig-natur-113-x-b60-x-h65-cm-1.webp?fit=1600%2C1600&ssl=1","datePublished":"2025-06-04T19:57:24+00:00","dateModified":"2026-03-12T08:06:08+00:00","breadcrumb":{"@id":"https:\/\/truusk.store\/sv\/produkt\/truusk-tradgardsbord-i-massivt-tra-balkongbord-med-hjulform-vaderbestandig-natur-113-x-b60-x-h65-cm\/#breadcrumb"},"inLanguage":"sv-SE","potentialAction":[{"@type":"ReadAction","target":["https:\/\/truusk.store\/sv\/produkt\/truusk-tradgardsbord-i-massivt-tra-balkongbord-med-hjulform-vaderbestandig-natur-113-x-b60-x-h65-cm\/"]}]},{"@type":"ImageObject","inLanguage":"sv-SE","@id":"https:\/\/truusk.store\/sv\/produkt\/truusk-tradgardsbord-i-massivt-tra-balkongbord-med-hjulform-vaderbestandig-natur-113-x-b60-x-h65-cm\/#primaryimage","url":"https:\/\/i0.wp.com\/truusk.store\/wp-content\/uploads\/2025\/06\/tradgardsbord-massivt-tra-balkongbord-trabord-hjulform-vaderbestandig-natur-113-x-b60-x-h65-cm-1.webp?fit=1600%2C1600&ssl=1","contentUrl":"https:\/\/i0.wp.com\/truusk.store\/wp-content\/uploads\/2025\/06\/tradgardsbord-massivt-tra-balkongbord-trabord-hjulform-vaderbestandig-natur-113-x-b60-x-h65-cm-1.webp?fit=1600%2C1600&ssl=1","width":1600,"height":1600},{"@type":"BreadcrumbList","@id":"https:\/\/truusk.store\/sv\/produkt\/truusk-tradgardsbord-i-massivt-tra-balkongbord-med-hjulform-vaderbestandig-natur-113-x-b60-x-h65-cm\/#breadcrumb","itemListElement":[{"@type":"ListItem","position":1,"name":"Home","item":"https:\/\/truusk.store\/sv\/"},{"@type":"ListItem","position":2,"name":"Shop","item":"https:\/\/truusk.store\/shop\/"},{"@type":"ListItem","position":3,"name":"TRUUSK Tr\u00e4dg\u00e5rdsbord i Massivt Tr\u00e4 &#8211; Balkongbord med Hjulform &#8211; V\u00e4derbest\u00e4ndig &#8211; Natur &#8211; 113 x B60 x H65 cm"}]},{"@type":"WebSite","@id":"https:\/\/truusk.store\/sv\/#website","url":"https:\/\/truusk.store\/sv\/","name":"TRUUSK - Hem, Tr\u00e4dg\u00e5rd & Fritid","description":"","publisher":{"@id":"https:\/\/truusk.store\/sv\/#organization"},"potentialAction":[{"@type":"SearchAction","target":{"@type":"EntryPoint","urlTemplate":"https:\/\/truusk.store\/sv\/?s={search_term_string}"},"query-input":{"@type":"PropertyValueSpecification","valueRequired":true,"valueName":"search_term_string"}}],"inLanguage":"sv-SE"},{"@type":"Organization","@id":"https:\/\/truusk.store\/sv\/#organization","name":"TRUUSK - Hem, Tr\u00e4dg\u00e5rd & Fritid","url":"https:\/\/truusk.store\/sv\/","logo":{"@type":"ImageObject","inLanguage":"sv-SE","@id":"https:\/\/truusk.store\/sv\/#\/schema\/logo\/image\/","url":"https:\/\/i0.wp.com\/truusk.store\/wp-content\/uploads\/2026\/03\/cropped-TRUUSK.png?fit=2032%2C917&ssl=1","contentUrl":"https:\/\/i0.wp.com\/truusk.store\/wp-content\/uploads\/2026\/03\/cropped-TRUUSK.png?fit=2032%2C917&ssl=1","width":2032,"height":917,"caption":"TRUUSK - Hem, Tr\u00e4dg\u00e5rd & Fritid"},"image":{"@id":"https:\/\/truusk.store\/sv\/#\/schema\/logo\/image\/"}}]}},"jetpack_sharing_enabled":true,"_links":{"self":[{"href":"https:\/\/truusk.store\/sv\/wp-json\/wp\/v2\/product\/56971","targetHints":{"allow":["GET"]}}],"collection":[{"href":"https:\/\/truusk.store\/sv\/wp-json\/wp\/v2\/product"}],"about":[{"href":"https:\/\/truusk.store\/sv\/wp-json\/wp\/v2\/types\/product"}],"wp:featuredmedia":[{"embeddable":true,"href":"https:\/\/truusk.store\/sv\/wp-json\/wp\/v2\/media\/56962"}],"wp:attachment":[{"href":"https:\/\/truusk.store\/sv\/wp-json\/wp\/v2\/media?parent=56971"}],"wp:term":[{"taxonomy":"product_brand","embeddable":true,"href":"https:\/\/truusk.store\/sv\/wp-json\/wp\/v2\/product_brand?post=56971"},{"taxonomy":"product_cat","embeddable":true,"href":"https:\/\/truusk.store\/sv\/wp-json\/wp\/v2\/product_cat?post=56971"},{"taxonomy":"product_tag","embeddable":true,"href":"https:\/\/truusk.store\/sv\/wp-json\/wp\/v2\/product_tag?post=56971"}],"curies":[{"name":"wp","href":"https:\/\/api.w.org\/{rel}","templated":true}]}}