{"id":56991,"date":"2025-06-04T20:59:44","date_gmt":"2025-06-04T19:59:44","guid":{"rendered":"https:\/\/truusk.store\/product\/campingstolar-2-pack-fallstol-med-armstod-fiskestol-i-metall-svart-58x64x94cm-idealisk-for-utomhus-fritid\/"},"modified":"2026-03-12T09:05:12","modified_gmt":"2026-03-12T08:05:12","slug":"truusk-campingstolar-2-pack-fallstol-med-armstod-fiskestol-i-metall-idealisk-for-utomhus-fritid","status":"publish","type":"product","link":"https:\/\/truusk.store\/sv\/produkt\/truusk-campingstolar-2-pack-fallstol-med-armstod-fiskestol-i-metall-idealisk-for-utomhus-fritid\/","title":{"rendered":"TRUUSK Campingstolar 2-pack &#8211; F\u00e4llstol med Armst\u00f6d &#8211; Fiskestol i Metall &#8211; Idealisk f\u00f6r Utomhus &amp; Fritid"},"content":{"rendered":"<p>Detta eleganta stolset inneh\u00e5ller tv\u00e5 hopf\u00e4llbara stolar i en ergonomisk design och med h\u00f6ga ryggst\u00f6d, som kan minska muskelsm\u00e4rtor och sp\u00e4nningar. Det fasta och flexibla materialet anpassar sig till kroppen och erbjuder optimal komfort. Alla delar kan f\u00e4llas ihop f\u00f6r enkel transport, f\u00f6rvaring och uppst\u00e4llning, vilket g\u00f6r dem till det perfekta tillbeh\u00f6ret f\u00f6r en helgutflykt eller en strandsemester.<\/p>\n<p>Beskrivning:<\/p>\n<ul>\n<li> Hopf\u00e4llbart stolset \u00e4r ett utm\u00e4rkt tillskott till din uteplats eller tr\u00e4dg\u00e5rd<\/li>\n<li> Massiv metallramkonstruktion och h\u00f6gkvalitativ Texteline-tyg i uts\u00f6kt utf\u00f6rande f\u00f6r garanterad h\u00e5llbarhet<\/li>\n<li> Hopf\u00e4llbar f\u00f6r enkel f\u00f6rvaring och l\u00e4tt transport<\/li>\n<li> Idealisk f\u00f6r tr\u00e4dg\u00e5rd, terrass, balkong, strand etc.<\/li>\n<li> Armst\u00f6d och ett h\u00f6gt ryggst\u00f6d ger extra komfort och st\u00f6d<\/li>\n<li> Tillverkad av v\u00e4derbest\u00e4ndigt material, idealiskt f\u00f6r utomhusbruk<\/li>\n<li> Ingen montering kr\u00e4vs<\/li>\n<\/ul>\n<p> Tekniska specifikationer:<\/p>\n<ul>\n<li> Material: Metall, Texteline<\/li>\n<li> Stolstorlek: 58B x 64T x 94H cm<\/li>\n<li> Sitsstorlek: 45B x 47T cm<\/li>\n<li> Sitth\u00f6jd: 37cm<\/li>\n<li> Ryggst\u00f6dsstorlek: 45B x 57H cm<\/li>\n<li> Hopf\u00e4llda m\u00e5tt: 86L x 58B x 17H cm<\/li>\n<li> Netto vikt: 10,2 kg<\/li>\n<li> B\u00e4rkapacitet: 100 kg<\/li>\n<li> F\u00e4rg: Svart<\/li>\n<\/ul>\n<p> Leverans inneh\u00e5ller:<\/p>\n<ul>\n<li> 2 x Campingstolar<\/li>\n<li> 1 x Bruksanvisning<\/li>\n<\/ul>\n","protected":false},"excerpt":{"rendered":"<p>Detta eleganta stolset inneh\u00e5ller tv\u00e5 hopf\u00e4llbara stolar i en ergonomisk design och med h\u00f6ga ryggst\u00f6d, som kan minska muskelsm\u00e4rtor och&#8230;<\/p>\n","protected":false},"featured_media":56982,"template":"","meta":[],"product_brand":[],"product_cat":[858,450,452],"product_tag":[],"class_list":{"0":"post-56991","1":"product","2":"type-product","3":"status-publish","4":"has-post-thumbnail","6":"product_cat-tradgard-terrass","7":"product_cat-tradgardsmobler","8":"product_cat-tradgardsstolar","10":"first","11":"instock","12":"sale","13":"taxable","14":"shipping-taxable","15":"purchasable","16":"product-type-simple"},"yoast_head":"<!-- This site is optimized with the Yoast SEO plugin v25.4 - https:\/\/yoast.com\/wordpress\/plugins\/seo\/ -->\n<title>TRUUSK Campingstolar 2-pack - F\u00e4llstol med Armst\u00f6d - Fiskestol i Metall - Idealisk f\u00f6r Utomhus &amp; Fritid - TRUUSK - Hem, Tr\u00e4dg\u00e5rd &amp; Fritid<\/title>\n<meta name=\"robots\" content=\"index, follow, max-snippet:-1, max-image-preview:large, max-video-preview:-1\" \/>\n<link rel=\"canonical\" href=\"https:\/\/truusk.store\/sv\/produkt\/truusk-campingstolar-2-pack-fallstol-med-armstod-fiskestol-i-metall-idealisk-for-utomhus-fritid\/\" \/>\n<meta property=\"og:locale\" content=\"sv_SE\" \/>\n<meta property=\"og:type\" content=\"article\" \/>\n<meta property=\"og:title\" content=\"TRUUSK Campingstolar 2-pack - F\u00e4llstol med Armst\u00f6d - Fiskestol i Metall - Idealisk f\u00f6r Utomhus &amp; Fritid - TRUUSK - Hem, Tr\u00e4dg\u00e5rd &amp; Fritid\" \/>\n<meta property=\"og:description\" content=\"Detta eleganta stolset inneh\u00e5ller tv\u00e5 hopf\u00e4llbara stolar i en ergonomisk design och med h\u00f6ga ryggst\u00f6d, som kan minska muskelsm\u00e4rtor och...\" \/>\n<meta property=\"og:url\" content=\"https:\/\/truusk.store\/sv\/produkt\/truusk-campingstolar-2-pack-fallstol-med-armstod-fiskestol-i-metall-idealisk-for-utomhus-fritid\/\" \/>\n<meta property=\"og:site_name\" content=\"TRUUSK - Hem, Tr\u00e4dg\u00e5rd &amp; Fritid\" \/>\n<meta property=\"article:modified_time\" content=\"2026-03-12T08:05:12+00:00\" \/>\n<meta property=\"og:image\" content=\"https:\/\/i0.wp.com\/truusk.se\/wp-content\/uploads\/2025\/06\/campingstolar-2-pack-fallstol-med-armstod-fiskestol-i-metall-svart-58x64x94cm-idealisk-for-utomhus-fritid-1.webp?fit=1600%2C1600&ssl=1\" \/>\n\t<meta property=\"og:image:width\" content=\"1600\" \/>\n\t<meta property=\"og:image:height\" content=\"1600\" \/>\n\t<meta property=\"og:image:type\" content=\"image\/webp\" \/>\n<meta name=\"twitter:card\" content=\"summary_large_image\" \/>\n<meta name=\"twitter:label1\" content=\"Ber\u00e4knad l\u00e4stid\" \/>\n\t<meta name=\"twitter:data1\" content=\"1 minut\" \/>\n<!-- \/ Yoast SEO plugin. -->","yoast_head_json":{"title":"TRUUSK Campingstolar 2-pack - F\u00e4llstol med Armst\u00f6d - Fiskestol i Metall - Idealisk f\u00f6r Utomhus &amp; Fritid - TRUUSK - Hem, Tr\u00e4dg\u00e5rd &amp; Fritid","robots":{"index":"index","follow":"follow","max-snippet":"max-snippet:-1","max-image-preview":"max-image-preview:large","max-video-preview":"max-video-preview:-1"},"canonical":"https:\/\/truusk.store\/sv\/produkt\/truusk-campingstolar-2-pack-fallstol-med-armstod-fiskestol-i-metall-idealisk-for-utomhus-fritid\/","og_locale":"sv_SE","og_type":"article","og_title":"TRUUSK Campingstolar 2-pack - F\u00e4llstol med Armst\u00f6d - Fiskestol i Metall - Idealisk f\u00f6r Utomhus &amp; Fritid - TRUUSK - Hem, Tr\u00e4dg\u00e5rd &amp; Fritid","og_description":"Detta eleganta stolset inneh\u00e5ller tv\u00e5 hopf\u00e4llbara stolar i en ergonomisk design och med h\u00f6ga ryggst\u00f6d, som kan minska muskelsm\u00e4rtor och...","og_url":"https:\/\/truusk.store\/sv\/produkt\/truusk-campingstolar-2-pack-fallstol-med-armstod-fiskestol-i-metall-idealisk-for-utomhus-fritid\/","og_site_name":"TRUUSK - Hem, Tr\u00e4dg\u00e5rd &amp; Fritid","article_modified_time":"2026-03-12T08:05:12+00:00","og_image":[{"width":1600,"height":1600,"url":"https:\/\/i0.wp.com\/truusk.se\/wp-content\/uploads\/2025\/06\/campingstolar-2-pack-fallstol-med-armstod-fiskestol-i-metall-svart-58x64x94cm-idealisk-for-utomhus-fritid-1.webp?fit=1600%2C1600&ssl=1","type":"image\/webp"}],"twitter_card":"summary_large_image","twitter_misc":{"Ber\u00e4knad l\u00e4stid":"1 minut"},"schema":{"@context":"https:\/\/schema.org","@graph":[{"@type":"WebPage","@id":"https:\/\/truusk.store\/sv\/produkt\/truusk-campingstolar-2-pack-fallstol-med-armstod-fiskestol-i-metall-idealisk-for-utomhus-fritid\/","url":"https:\/\/truusk.store\/sv\/produkt\/truusk-campingstolar-2-pack-fallstol-med-armstod-fiskestol-i-metall-idealisk-for-utomhus-fritid\/","name":"TRUUSK Campingstolar 2-pack - F\u00e4llstol med Armst\u00f6d - Fiskestol i Metall - Idealisk f\u00f6r Utomhus &amp; Fritid - TRUUSK - Hem, Tr\u00e4dg\u00e5rd &amp; Fritid","isPartOf":{"@id":"https:\/\/truusk.store\/sv\/#website"},"primaryImageOfPage":{"@id":"https:\/\/truusk.store\/sv\/produkt\/truusk-campingstolar-2-pack-fallstol-med-armstod-fiskestol-i-metall-idealisk-for-utomhus-fritid\/#primaryimage"},"image":{"@id":"https:\/\/truusk.store\/sv\/produkt\/truusk-campingstolar-2-pack-fallstol-med-armstod-fiskestol-i-metall-idealisk-for-utomhus-fritid\/#primaryimage"},"thumbnailUrl":"https:\/\/i0.wp.com\/truusk.store\/wp-content\/uploads\/2025\/06\/campingstolar-2-pack-fallstol-med-armstod-fiskestol-i-metall-svart-58x64x94cm-idealisk-for-utomhus-fritid-1.webp?fit=1600%2C1600&ssl=1","datePublished":"2025-06-04T19:59:44+00:00","dateModified":"2026-03-12T08:05:12+00:00","breadcrumb":{"@id":"https:\/\/truusk.store\/sv\/produkt\/truusk-campingstolar-2-pack-fallstol-med-armstod-fiskestol-i-metall-idealisk-for-utomhus-fritid\/#breadcrumb"},"inLanguage":"sv-SE","potentialAction":[{"@type":"ReadAction","target":["https:\/\/truusk.store\/sv\/produkt\/truusk-campingstolar-2-pack-fallstol-med-armstod-fiskestol-i-metall-idealisk-for-utomhus-fritid\/"]}]},{"@type":"ImageObject","inLanguage":"sv-SE","@id":"https:\/\/truusk.store\/sv\/produkt\/truusk-campingstolar-2-pack-fallstol-med-armstod-fiskestol-i-metall-idealisk-for-utomhus-fritid\/#primaryimage","url":"https:\/\/i0.wp.com\/truusk.store\/wp-content\/uploads\/2025\/06\/campingstolar-2-pack-fallstol-med-armstod-fiskestol-i-metall-svart-58x64x94cm-idealisk-for-utomhus-fritid-1.webp?fit=1600%2C1600&ssl=1","contentUrl":"https:\/\/i0.wp.com\/truusk.store\/wp-content\/uploads\/2025\/06\/campingstolar-2-pack-fallstol-med-armstod-fiskestol-i-metall-svart-58x64x94cm-idealisk-for-utomhus-fritid-1.webp?fit=1600%2C1600&ssl=1","width":1600,"height":1600},{"@type":"BreadcrumbList","@id":"https:\/\/truusk.store\/sv\/produkt\/truusk-campingstolar-2-pack-fallstol-med-armstod-fiskestol-i-metall-idealisk-for-utomhus-fritid\/#breadcrumb","itemListElement":[{"@type":"ListItem","position":1,"name":"Home","item":"https:\/\/truusk.store\/sv\/"},{"@type":"ListItem","position":2,"name":"Shop","item":"https:\/\/truusk.store\/shop\/"},{"@type":"ListItem","position":3,"name":"TRUUSK Campingstolar 2-pack &#8211; F\u00e4llstol med Armst\u00f6d &#8211; Fiskestol i Metall &#8211; Idealisk f\u00f6r Utomhus &amp; Fritid"}]},{"@type":"WebSite","@id":"https:\/\/truusk.store\/sv\/#website","url":"https:\/\/truusk.store\/sv\/","name":"TRUUSK - Hem, Tr\u00e4dg\u00e5rd & Fritid","description":"","publisher":{"@id":"https:\/\/truusk.store\/sv\/#organization"},"potentialAction":[{"@type":"SearchAction","target":{"@type":"EntryPoint","urlTemplate":"https:\/\/truusk.store\/sv\/?s={search_term_string}"},"query-input":{"@type":"PropertyValueSpecification","valueRequired":true,"valueName":"search_term_string"}}],"inLanguage":"sv-SE"},{"@type":"Organization","@id":"https:\/\/truusk.store\/sv\/#organization","name":"TRUUSK - Hem, Tr\u00e4dg\u00e5rd & Fritid","url":"https:\/\/truusk.store\/sv\/","logo":{"@type":"ImageObject","inLanguage":"sv-SE","@id":"https:\/\/truusk.store\/sv\/#\/schema\/logo\/image\/","url":"https:\/\/i0.wp.com\/truusk.store\/wp-content\/uploads\/2026\/03\/cropped-TRUUSK.png?fit=2032%2C917&ssl=1","contentUrl":"https:\/\/i0.wp.com\/truusk.store\/wp-content\/uploads\/2026\/03\/cropped-TRUUSK.png?fit=2032%2C917&ssl=1","width":2032,"height":917,"caption":"TRUUSK - Hem, Tr\u00e4dg\u00e5rd & Fritid"},"image":{"@id":"https:\/\/truusk.store\/sv\/#\/schema\/logo\/image\/"}}]}},"jetpack_sharing_enabled":true,"_links":{"self":[{"href":"https:\/\/truusk.store\/sv\/wp-json\/wp\/v2\/product\/56991","targetHints":{"allow":["GET"]}}],"collection":[{"href":"https:\/\/truusk.store\/sv\/wp-json\/wp\/v2\/product"}],"about":[{"href":"https:\/\/truusk.store\/sv\/wp-json\/wp\/v2\/types\/product"}],"wp:featuredmedia":[{"embeddable":true,"href":"https:\/\/truusk.store\/sv\/wp-json\/wp\/v2\/media\/56982"}],"wp:attachment":[{"href":"https:\/\/truusk.store\/sv\/wp-json\/wp\/v2\/media?parent=56991"}],"wp:term":[{"taxonomy":"product_brand","embeddable":true,"href":"https:\/\/truusk.store\/sv\/wp-json\/wp\/v2\/product_brand?post=56991"},{"taxonomy":"product_cat","embeddable":true,"href":"https:\/\/truusk.store\/sv\/wp-json\/wp\/v2\/product_cat?post=56991"},{"taxonomy":"product_tag","embeddable":true,"href":"https:\/\/truusk.store\/sv\/wp-json\/wp\/v2\/product_tag?post=56991"}],"curies":[{"name":"wp","href":"https:\/\/api.w.org\/{rel}","templated":true}]}}