{"id":57001,"date":"2025-06-04T21:00:31","date_gmt":"2025-06-04T20:00:31","guid":{"rendered":"https:\/\/truusk.store\/product\/bagformad-klatterstallning-for-vaxter-tradgardsbage-med-metalltak-svart-114-x-30-x-230-cm-for-klattervaxter-dekoration\/"},"modified":"2026-03-12T08:55:51","modified_gmt":"2026-03-12T07:55:51","slug":"truusk-bagformad-klatterstallning-med-metalltak-svart-114-x-30-x-230-cm-for-klattervaxter-dekoration","status":"publish","type":"product","link":"https:\/\/truusk.store\/sv\/produkt\/truusk-bagformad-klatterstallning-med-metalltak-svart-114-x-30-x-230-cm-for-klattervaxter-dekoration\/","title":{"rendered":"TRUUSK B\u00e5gformad Kl\u00e4tterst\u00e4llning Med Metalltak &#8211; Svart &#8211; 114 x 30 x 230 cm &#8211; F\u00f6r Kl\u00e4tterv\u00e4xter &amp; Dekoration"},"content":{"rendered":"<p>Ett smycke f\u00f6r din tr\u00e4dg\u00e5rd: Rosb\u00e5gen fr\u00e5n TRUUSK blir garanterat en blickf\u00e5ngare &#8211; oavsett om du l\u00e5ter kl\u00e4tterrosor eller vinrankor v\u00e4xa upp p\u00e5 den eller bara st\u00e4ller den i sin enkla elegans i tr\u00e4dg\u00e5rden. Den passar ocks\u00e5 bra f\u00f6r tr\u00e4dg\u00e5rdsfester och utomhusbr\u00f6llop, till exempel dekorerad med ballonger och lyktor. Metallb\u00e5gen \u00e4r belagd med ett rostfritt pulverlack. S\u00e5 du kommer att ha gl\u00e4dje av denna vackra tr\u00e4dg\u00e5rdsdekoration under l\u00e5ng tid.<\/p>\n<p>Beskrivning:<\/p>\n<ul>\n<li> Tillverkad av metall och belagd med v\u00e4derbest\u00e4ndig, svart lack<\/li>\n<li> Anv\u00e4ndning som planteringsb\u00e5ge f\u00f6r t.ex. kl\u00e4tterrosor eller vinrankor<\/li>\n<li> B\u00e5gen kan ocks\u00e5 dekoreras med ballonger eller ljusslingor vid firanden<\/li>\n<li> T\u00e4ltpinnar f\u00f6r f\u00f6rankring i marken ing\u00e5r<\/li>\n<li> Enkel montering<\/li>\n<\/ul>\n<p> Tekniska data:<\/p>\n<ul>\n<li> Material: Metall<\/li>\n<li> Totala m\u00e5tt: L114 x B30 x H230 cm<\/li>\n<li> Vikt: 4,66 kg<\/li>\n<li> F\u00e4rg: Svart<\/li>\n<\/ul>\n<p> Leveransinneh\u00e5ll:<\/p>\n<ul>\n<li> 1 x Planteringsb\u00e5ge<\/li>\n<li> T\u00e4ltpinnar<\/li>\n<li> 1 x Monteringsanvisning<\/li>\n<\/ul>\n","protected":false},"excerpt":{"rendered":"<p>Ett smycke f\u00f6r din tr\u00e4dg\u00e5rd: Rosb\u00e5gen fr\u00e5n TRUUSK blir garanterat en blickf\u00e5ngare &#8211; oavsett om du l\u00e5ter kl\u00e4tterrosor eller vinrankor&#8230;<\/p>\n","protected":false},"featured_media":56992,"template":"","meta":[],"product_brand":[],"product_cat":[896,858,464],"product_tag":[],"class_list":{"0":"post-57001","1":"product","2":"type-product","3":"status-publish","4":"has-post-thumbnail","6":"product_cat-rosbage","7":"product_cat-tradgard-terrass","8":"product_cat-tradgardsdekoration","10":"first","11":"instock","12":"sale","13":"taxable","14":"shipping-taxable","15":"purchasable","16":"product-type-simple"},"yoast_head":"<!-- This site is optimized with the Yoast SEO plugin v25.4 - https:\/\/yoast.com\/wordpress\/plugins\/seo\/ -->\n<title>TRUUSK B\u00e5gformad Kl\u00e4tterst\u00e4llning Med Metalltak - Svart - 114 x 30 x 230 cm - F\u00f6r Kl\u00e4tterv\u00e4xter &amp; Dekoration - TRUUSK - Hem, Tr\u00e4dg\u00e5rd &amp; Fritid<\/title>\n<meta name=\"robots\" content=\"index, follow, max-snippet:-1, max-image-preview:large, max-video-preview:-1\" \/>\n<link rel=\"canonical\" href=\"https:\/\/truusk.store\/sv\/produkt\/truusk-bagformad-klatterstallning-med-metalltak-svart-114-x-30-x-230-cm-for-klattervaxter-dekoration\/\" \/>\n<meta property=\"og:locale\" content=\"sv_SE\" \/>\n<meta property=\"og:type\" content=\"article\" \/>\n<meta property=\"og:title\" content=\"TRUUSK B\u00e5gformad Kl\u00e4tterst\u00e4llning Med Metalltak - Svart - 114 x 30 x 230 cm - F\u00f6r Kl\u00e4tterv\u00e4xter &amp; Dekoration - TRUUSK - Hem, Tr\u00e4dg\u00e5rd &amp; Fritid\" \/>\n<meta property=\"og:description\" content=\"Ett smycke f\u00f6r din tr\u00e4dg\u00e5rd: Rosb\u00e5gen fr\u00e5n TRUUSK blir garanterat en blickf\u00e5ngare &#8211; oavsett om du l\u00e5ter kl\u00e4tterrosor eller vinrankor...\" \/>\n<meta property=\"og:url\" content=\"https:\/\/truusk.store\/sv\/produkt\/truusk-bagformad-klatterstallning-med-metalltak-svart-114-x-30-x-230-cm-for-klattervaxter-dekoration\/\" \/>\n<meta property=\"og:site_name\" content=\"TRUUSK - Hem, Tr\u00e4dg\u00e5rd &amp; Fritid\" \/>\n<meta property=\"article:modified_time\" content=\"2026-03-12T07:55:51+00:00\" \/>\n<meta property=\"og:image\" content=\"https:\/\/i0.wp.com\/truusk.se\/wp-content\/uploads\/2025\/06\/bagformad-klatterstallning-for-vaxter-tradgardsbage-med-metalltak-svart-114-x-30-x-230-cm-for-klattervaxter-dekoration-1.webp?fit=1600%2C1600&ssl=1\" \/>\n\t<meta property=\"og:image:width\" content=\"1600\" \/>\n\t<meta property=\"og:image:height\" content=\"1600\" \/>\n\t<meta property=\"og:image:type\" content=\"image\/webp\" \/>\n<meta name=\"twitter:card\" content=\"summary_large_image\" \/>\n<meta name=\"twitter:label1\" content=\"Ber\u00e4knad l\u00e4stid\" \/>\n\t<meta name=\"twitter:data1\" content=\"1 minut\" \/>\n<!-- \/ Yoast SEO plugin. -->","yoast_head_json":{"title":"TRUUSK B\u00e5gformad Kl\u00e4tterst\u00e4llning Med Metalltak - Svart - 114 x 30 x 230 cm - F\u00f6r Kl\u00e4tterv\u00e4xter &amp; Dekoration - TRUUSK - Hem, Tr\u00e4dg\u00e5rd &amp; Fritid","robots":{"index":"index","follow":"follow","max-snippet":"max-snippet:-1","max-image-preview":"max-image-preview:large","max-video-preview":"max-video-preview:-1"},"canonical":"https:\/\/truusk.store\/sv\/produkt\/truusk-bagformad-klatterstallning-med-metalltak-svart-114-x-30-x-230-cm-for-klattervaxter-dekoration\/","og_locale":"sv_SE","og_type":"article","og_title":"TRUUSK B\u00e5gformad Kl\u00e4tterst\u00e4llning Med Metalltak - Svart - 114 x 30 x 230 cm - F\u00f6r Kl\u00e4tterv\u00e4xter &amp; Dekoration - TRUUSK - Hem, Tr\u00e4dg\u00e5rd &amp; Fritid","og_description":"Ett smycke f\u00f6r din tr\u00e4dg\u00e5rd: Rosb\u00e5gen fr\u00e5n TRUUSK blir garanterat en blickf\u00e5ngare &#8211; oavsett om du l\u00e5ter kl\u00e4tterrosor eller vinrankor...","og_url":"https:\/\/truusk.store\/sv\/produkt\/truusk-bagformad-klatterstallning-med-metalltak-svart-114-x-30-x-230-cm-for-klattervaxter-dekoration\/","og_site_name":"TRUUSK - Hem, Tr\u00e4dg\u00e5rd &amp; Fritid","article_modified_time":"2026-03-12T07:55:51+00:00","og_image":[{"width":1600,"height":1600,"url":"https:\/\/i0.wp.com\/truusk.se\/wp-content\/uploads\/2025\/06\/bagformad-klatterstallning-for-vaxter-tradgardsbage-med-metalltak-svart-114-x-30-x-230-cm-for-klattervaxter-dekoration-1.webp?fit=1600%2C1600&ssl=1","type":"image\/webp"}],"twitter_card":"summary_large_image","twitter_misc":{"Ber\u00e4knad l\u00e4stid":"1 minut"},"schema":{"@context":"https:\/\/schema.org","@graph":[{"@type":"WebPage","@id":"https:\/\/truusk.store\/sv\/produkt\/truusk-bagformad-klatterstallning-med-metalltak-svart-114-x-30-x-230-cm-for-klattervaxter-dekoration\/","url":"https:\/\/truusk.store\/sv\/produkt\/truusk-bagformad-klatterstallning-med-metalltak-svart-114-x-30-x-230-cm-for-klattervaxter-dekoration\/","name":"TRUUSK B\u00e5gformad Kl\u00e4tterst\u00e4llning Med Metalltak - Svart - 114 x 30 x 230 cm - F\u00f6r Kl\u00e4tterv\u00e4xter &amp; Dekoration - TRUUSK - Hem, Tr\u00e4dg\u00e5rd &amp; Fritid","isPartOf":{"@id":"https:\/\/truusk.store\/sv\/#website"},"primaryImageOfPage":{"@id":"https:\/\/truusk.store\/sv\/produkt\/truusk-bagformad-klatterstallning-med-metalltak-svart-114-x-30-x-230-cm-for-klattervaxter-dekoration\/#primaryimage"},"image":{"@id":"https:\/\/truusk.store\/sv\/produkt\/truusk-bagformad-klatterstallning-med-metalltak-svart-114-x-30-x-230-cm-for-klattervaxter-dekoration\/#primaryimage"},"thumbnailUrl":"https:\/\/i0.wp.com\/truusk.store\/wp-content\/uploads\/2025\/06\/bagformad-klatterstallning-for-vaxter-tradgardsbage-med-metalltak-svart-114-x-30-x-230-cm-for-klattervaxter-dekoration-1.webp?fit=1600%2C1600&ssl=1","datePublished":"2025-06-04T20:00:31+00:00","dateModified":"2026-03-12T07:55:51+00:00","breadcrumb":{"@id":"https:\/\/truusk.store\/sv\/produkt\/truusk-bagformad-klatterstallning-med-metalltak-svart-114-x-30-x-230-cm-for-klattervaxter-dekoration\/#breadcrumb"},"inLanguage":"sv-SE","potentialAction":[{"@type":"ReadAction","target":["https:\/\/truusk.store\/sv\/produkt\/truusk-bagformad-klatterstallning-med-metalltak-svart-114-x-30-x-230-cm-for-klattervaxter-dekoration\/"]}]},{"@type":"ImageObject","inLanguage":"sv-SE","@id":"https:\/\/truusk.store\/sv\/produkt\/truusk-bagformad-klatterstallning-med-metalltak-svart-114-x-30-x-230-cm-for-klattervaxter-dekoration\/#primaryimage","url":"https:\/\/i0.wp.com\/truusk.store\/wp-content\/uploads\/2025\/06\/bagformad-klatterstallning-for-vaxter-tradgardsbage-med-metalltak-svart-114-x-30-x-230-cm-for-klattervaxter-dekoration-1.webp?fit=1600%2C1600&ssl=1","contentUrl":"https:\/\/i0.wp.com\/truusk.store\/wp-content\/uploads\/2025\/06\/bagformad-klatterstallning-for-vaxter-tradgardsbage-med-metalltak-svart-114-x-30-x-230-cm-for-klattervaxter-dekoration-1.webp?fit=1600%2C1600&ssl=1","width":1600,"height":1600},{"@type":"BreadcrumbList","@id":"https:\/\/truusk.store\/sv\/produkt\/truusk-bagformad-klatterstallning-med-metalltak-svart-114-x-30-x-230-cm-for-klattervaxter-dekoration\/#breadcrumb","itemListElement":[{"@type":"ListItem","position":1,"name":"Home","item":"https:\/\/truusk.store\/sv\/"},{"@type":"ListItem","position":2,"name":"Shop","item":"https:\/\/truusk.store\/shop\/"},{"@type":"ListItem","position":3,"name":"TRUUSK B\u00e5gformad Kl\u00e4tterst\u00e4llning Med Metalltak &#8211; Svart &#8211; 114 x 30 x 230 cm &#8211; F\u00f6r Kl\u00e4tterv\u00e4xter &amp; Dekoration"}]},{"@type":"WebSite","@id":"https:\/\/truusk.store\/sv\/#website","url":"https:\/\/truusk.store\/sv\/","name":"TRUUSK - Hem, Tr\u00e4dg\u00e5rd & Fritid","description":"","publisher":{"@id":"https:\/\/truusk.store\/sv\/#organization"},"potentialAction":[{"@type":"SearchAction","target":{"@type":"EntryPoint","urlTemplate":"https:\/\/truusk.store\/sv\/?s={search_term_string}"},"query-input":{"@type":"PropertyValueSpecification","valueRequired":true,"valueName":"search_term_string"}}],"inLanguage":"sv-SE"},{"@type":"Organization","@id":"https:\/\/truusk.store\/sv\/#organization","name":"TRUUSK - Hem, Tr\u00e4dg\u00e5rd & Fritid","url":"https:\/\/truusk.store\/sv\/","logo":{"@type":"ImageObject","inLanguage":"sv-SE","@id":"https:\/\/truusk.store\/sv\/#\/schema\/logo\/image\/","url":"https:\/\/i0.wp.com\/truusk.store\/wp-content\/uploads\/2026\/03\/cropped-TRUUSK.png?fit=2032%2C917&ssl=1","contentUrl":"https:\/\/i0.wp.com\/truusk.store\/wp-content\/uploads\/2026\/03\/cropped-TRUUSK.png?fit=2032%2C917&ssl=1","width":2032,"height":917,"caption":"TRUUSK - Hem, Tr\u00e4dg\u00e5rd & Fritid"},"image":{"@id":"https:\/\/truusk.store\/sv\/#\/schema\/logo\/image\/"}}]}},"jetpack_sharing_enabled":true,"_links":{"self":[{"href":"https:\/\/truusk.store\/sv\/wp-json\/wp\/v2\/product\/57001","targetHints":{"allow":["GET"]}}],"collection":[{"href":"https:\/\/truusk.store\/sv\/wp-json\/wp\/v2\/product"}],"about":[{"href":"https:\/\/truusk.store\/sv\/wp-json\/wp\/v2\/types\/product"}],"wp:featuredmedia":[{"embeddable":true,"href":"https:\/\/truusk.store\/sv\/wp-json\/wp\/v2\/media\/56992"}],"wp:attachment":[{"href":"https:\/\/truusk.store\/sv\/wp-json\/wp\/v2\/media?parent=57001"}],"wp:term":[{"taxonomy":"product_brand","embeddable":true,"href":"https:\/\/truusk.store\/sv\/wp-json\/wp\/v2\/product_brand?post=57001"},{"taxonomy":"product_cat","embeddable":true,"href":"https:\/\/truusk.store\/sv\/wp-json\/wp\/v2\/product_cat?post=57001"},{"taxonomy":"product_tag","embeddable":true,"href":"https:\/\/truusk.store\/sv\/wp-json\/wp\/v2\/product_tag?post=57001"}],"curies":[{"name":"wp","href":"https:\/\/api.w.org\/{rel}","templated":true}]}}