{"id":57021,"date":"2025-06-04T21:02:27","date_gmt":"2025-06-04T20:02:27","guid":{"rendered":"https:\/\/truusk.store\/product\/barkasse-i-stal-134x48x36-45cm-robust-mangsidig-for-transport\/"},"modified":"2026-03-12T09:06:32","modified_gmt":"2026-03-12T08:06:32","slug":"truusk-barkasse-i-stal-robust-mangsidig-134x48x36-45cm-for-transport","status":"publish","type":"product","link":"https:\/\/truusk.store\/sv\/produkt\/truusk-barkasse-i-stal-robust-mangsidig-134x48x36-45cm-for-transport\/","title":{"rendered":"TRUUSK B\u00e4rkasse I St\u00e5l &#8211; Robust &amp; M\u00e5ngsidig &#8211; 134x48x36-45cm &#8211; F\u00f6r Transport"},"content":{"rendered":"<p>Om det finns n\u00e5got du beh\u00f6ver p\u00e5 stranden i sommar, s\u00e5 \u00e4r det strandstolarna fr\u00e5n TRUUSK. Med sin robusta st\u00e5lram och behagliga tyg\u00f6verdrag \u00e4r de en verklig f\u00f6rb\u00e4ttring j\u00e4mf\u00f6rt med de vanliga strandstolarna. Strandstolen kan snabbt f\u00e4llas ihop och levereras med en b\u00e4rp\u00e5se. Tack vare den mjuka stoppningen st\u00f6ds kroppen optimalt, s\u00e5 att du kan njuta av din strandsemester bekv\u00e4mt.<\/p>\n<p>Beskrivning:<\/p>\n<ul>\n<li> Kan f\u00e4llas ihop till ett kompakt format f\u00f6r transport och f\u00f6rvaring<\/li>\n<li> Lounge-stolar erbjuder absolut avkoppling<\/li>\n<li> Justerbart ryggst\u00f6d<\/li>\n<li> Slitstarkt \u00f6verdrag av Oxford-polyester<\/li>\n<li> Kudde f\u00f6r extra komfort (ej avtagbar)<\/li>\n<li> Inkluderar b\u00e4rp\u00e5se<\/li>\n<li> Idealisk f\u00f6r solbad, pooler, str\u00e4nder, etc.<\/li>\n<li> F\u00e4llbart design med b\u00e4rp\u00e5se f\u00f6r enkel transport<\/li>\n<\/ul>\n<p>Tekniska data:<\/p>\n<ul>\n<li> F\u00e4rg: Gr\u00e5<\/li>\n<li> Material: St\u00e5l, PE-tyg, EPE-ull<\/li>\n<li> M\u00e5tt: 134L x 48B x 33-43H cm<\/li>\n<li> Sittm\u00e5tt: 48L x 89B cm<\/li>\n<li> M\u00e5tt (hopf\u00e4lld): 49,5L x 48B x 3,5H cm<\/li>\n<\/ul>\n<p>Leveransinneh\u00e5ll:<\/p>\n<ul>\n<li> 2 x Strandmatta<\/li>\n<li> 1 x B\u00e4rp\u00e5se<\/li>\n<\/ul>\n","protected":false},"excerpt":{"rendered":"<p>Om det finns n\u00e5got du beh\u00f6ver p\u00e5 stranden i sommar, s\u00e5 \u00e4r det strandstolarna fr\u00e5n TRUUSK. Med sin robusta st\u00e5lram&#8230;<\/p>\n","protected":false},"featured_media":57012,"template":"","meta":[],"product_brand":[],"product_cat":[451,858,450],"product_tag":[],"class_list":{"0":"post-57021","1":"product","2":"type-product","3":"status-publish","4":"has-post-thumbnail","6":"product_cat-solstolar","7":"product_cat-tradgard-terrass","8":"product_cat-tradgardsmobler","10":"first","11":"instock","12":"sale","13":"taxable","14":"shipping-taxable","15":"purchasable","16":"product-type-simple"},"yoast_head":"<!-- This site is optimized with the Yoast SEO plugin v25.4 - https:\/\/yoast.com\/wordpress\/plugins\/seo\/ -->\n<title>TRUUSK B\u00e4rkasse I St\u00e5l - Robust &amp; M\u00e5ngsidig - 134x48x36-45cm - F\u00f6r Transport - TRUUSK - Hem, Tr\u00e4dg\u00e5rd &amp; Fritid<\/title>\n<meta name=\"robots\" content=\"index, follow, max-snippet:-1, max-image-preview:large, max-video-preview:-1\" \/>\n<link rel=\"canonical\" href=\"https:\/\/truusk.store\/sv\/produkt\/truusk-barkasse-i-stal-robust-mangsidig-134x48x36-45cm-for-transport\/\" \/>\n<meta property=\"og:locale\" content=\"sv_SE\" \/>\n<meta property=\"og:type\" content=\"article\" \/>\n<meta property=\"og:title\" content=\"TRUUSK B\u00e4rkasse I St\u00e5l - Robust &amp; M\u00e5ngsidig - 134x48x36-45cm - F\u00f6r Transport - TRUUSK - Hem, Tr\u00e4dg\u00e5rd &amp; Fritid\" \/>\n<meta property=\"og:description\" content=\"Om det finns n\u00e5got du beh\u00f6ver p\u00e5 stranden i sommar, s\u00e5 \u00e4r det strandstolarna fr\u00e5n TRUUSK. Med sin robusta st\u00e5lram...\" \/>\n<meta property=\"og:url\" content=\"https:\/\/truusk.store\/sv\/produkt\/truusk-barkasse-i-stal-robust-mangsidig-134x48x36-45cm-for-transport\/\" \/>\n<meta property=\"og:site_name\" content=\"TRUUSK - Hem, Tr\u00e4dg\u00e5rd &amp; Fritid\" \/>\n<meta property=\"article:modified_time\" content=\"2026-03-12T08:06:32+00:00\" \/>\n<meta property=\"og:image\" content=\"https:\/\/i0.wp.com\/truusk.se\/wp-content\/uploads\/2025\/06\/barkasse-i-stal-134x48x36-45cm-robust-mangsidig-for-transport-1.webp?fit=2000%2C2000&ssl=1\" \/>\n\t<meta property=\"og:image:width\" content=\"2000\" \/>\n\t<meta property=\"og:image:height\" content=\"2000\" \/>\n\t<meta property=\"og:image:type\" content=\"image\/webp\" \/>\n<meta name=\"twitter:card\" content=\"summary_large_image\" \/>\n<meta name=\"twitter:label1\" content=\"Ber\u00e4knad l\u00e4stid\" \/>\n\t<meta name=\"twitter:data1\" content=\"1 minut\" \/>\n<!-- \/ Yoast SEO plugin. -->","yoast_head_json":{"title":"TRUUSK B\u00e4rkasse I St\u00e5l - Robust &amp; M\u00e5ngsidig - 134x48x36-45cm - F\u00f6r Transport - TRUUSK - Hem, Tr\u00e4dg\u00e5rd &amp; Fritid","robots":{"index":"index","follow":"follow","max-snippet":"max-snippet:-1","max-image-preview":"max-image-preview:large","max-video-preview":"max-video-preview:-1"},"canonical":"https:\/\/truusk.store\/sv\/produkt\/truusk-barkasse-i-stal-robust-mangsidig-134x48x36-45cm-for-transport\/","og_locale":"sv_SE","og_type":"article","og_title":"TRUUSK B\u00e4rkasse I St\u00e5l - Robust &amp; M\u00e5ngsidig - 134x48x36-45cm - F\u00f6r Transport - TRUUSK - Hem, Tr\u00e4dg\u00e5rd &amp; Fritid","og_description":"Om det finns n\u00e5got du beh\u00f6ver p\u00e5 stranden i sommar, s\u00e5 \u00e4r det strandstolarna fr\u00e5n TRUUSK. Med sin robusta st\u00e5lram...","og_url":"https:\/\/truusk.store\/sv\/produkt\/truusk-barkasse-i-stal-robust-mangsidig-134x48x36-45cm-for-transport\/","og_site_name":"TRUUSK - Hem, Tr\u00e4dg\u00e5rd &amp; Fritid","article_modified_time":"2026-03-12T08:06:32+00:00","og_image":[{"width":2000,"height":2000,"url":"https:\/\/i0.wp.com\/truusk.se\/wp-content\/uploads\/2025\/06\/barkasse-i-stal-134x48x36-45cm-robust-mangsidig-for-transport-1.webp?fit=2000%2C2000&ssl=1","type":"image\/webp"}],"twitter_card":"summary_large_image","twitter_misc":{"Ber\u00e4knad l\u00e4stid":"1 minut"},"schema":{"@context":"https:\/\/schema.org","@graph":[{"@type":"WebPage","@id":"https:\/\/truusk.store\/sv\/produkt\/truusk-barkasse-i-stal-robust-mangsidig-134x48x36-45cm-for-transport\/","url":"https:\/\/truusk.store\/sv\/produkt\/truusk-barkasse-i-stal-robust-mangsidig-134x48x36-45cm-for-transport\/","name":"TRUUSK B\u00e4rkasse I St\u00e5l - Robust &amp; M\u00e5ngsidig - 134x48x36-45cm - F\u00f6r Transport - TRUUSK - Hem, Tr\u00e4dg\u00e5rd &amp; Fritid","isPartOf":{"@id":"https:\/\/truusk.store\/sv\/#website"},"primaryImageOfPage":{"@id":"https:\/\/truusk.store\/sv\/produkt\/truusk-barkasse-i-stal-robust-mangsidig-134x48x36-45cm-for-transport\/#primaryimage"},"image":{"@id":"https:\/\/truusk.store\/sv\/produkt\/truusk-barkasse-i-stal-robust-mangsidig-134x48x36-45cm-for-transport\/#primaryimage"},"thumbnailUrl":"https:\/\/i0.wp.com\/truusk.store\/wp-content\/uploads\/2025\/06\/barkasse-i-stal-134x48x36-45cm-robust-mangsidig-for-transport-1.webp?fit=2000%2C2000&ssl=1","datePublished":"2025-06-04T20:02:27+00:00","dateModified":"2026-03-12T08:06:32+00:00","breadcrumb":{"@id":"https:\/\/truusk.store\/sv\/produkt\/truusk-barkasse-i-stal-robust-mangsidig-134x48x36-45cm-for-transport\/#breadcrumb"},"inLanguage":"sv-SE","potentialAction":[{"@type":"ReadAction","target":["https:\/\/truusk.store\/sv\/produkt\/truusk-barkasse-i-stal-robust-mangsidig-134x48x36-45cm-for-transport\/"]}]},{"@type":"ImageObject","inLanguage":"sv-SE","@id":"https:\/\/truusk.store\/sv\/produkt\/truusk-barkasse-i-stal-robust-mangsidig-134x48x36-45cm-for-transport\/#primaryimage","url":"https:\/\/i0.wp.com\/truusk.store\/wp-content\/uploads\/2025\/06\/barkasse-i-stal-134x48x36-45cm-robust-mangsidig-for-transport-1.webp?fit=2000%2C2000&ssl=1","contentUrl":"https:\/\/i0.wp.com\/truusk.store\/wp-content\/uploads\/2025\/06\/barkasse-i-stal-134x48x36-45cm-robust-mangsidig-for-transport-1.webp?fit=2000%2C2000&ssl=1","width":2000,"height":2000},{"@type":"BreadcrumbList","@id":"https:\/\/truusk.store\/sv\/produkt\/truusk-barkasse-i-stal-robust-mangsidig-134x48x36-45cm-for-transport\/#breadcrumb","itemListElement":[{"@type":"ListItem","position":1,"name":"Home","item":"https:\/\/truusk.store\/sv\/"},{"@type":"ListItem","position":2,"name":"Shop","item":"https:\/\/truusk.store\/shop\/"},{"@type":"ListItem","position":3,"name":"TRUUSK B\u00e4rkasse I St\u00e5l &#8211; Robust &amp; M\u00e5ngsidig &#8211; 134x48x36-45cm &#8211; F\u00f6r Transport"}]},{"@type":"WebSite","@id":"https:\/\/truusk.store\/sv\/#website","url":"https:\/\/truusk.store\/sv\/","name":"TRUUSK - Hem, Tr\u00e4dg\u00e5rd & Fritid","description":"","publisher":{"@id":"https:\/\/truusk.store\/sv\/#organization"},"potentialAction":[{"@type":"SearchAction","target":{"@type":"EntryPoint","urlTemplate":"https:\/\/truusk.store\/sv\/?s={search_term_string}"},"query-input":{"@type":"PropertyValueSpecification","valueRequired":true,"valueName":"search_term_string"}}],"inLanguage":"sv-SE"},{"@type":"Organization","@id":"https:\/\/truusk.store\/sv\/#organization","name":"TRUUSK - Hem, Tr\u00e4dg\u00e5rd & Fritid","url":"https:\/\/truusk.store\/sv\/","logo":{"@type":"ImageObject","inLanguage":"sv-SE","@id":"https:\/\/truusk.store\/sv\/#\/schema\/logo\/image\/","url":"https:\/\/i0.wp.com\/truusk.store\/wp-content\/uploads\/2026\/03\/cropped-TRUUSK.png?fit=2032%2C917&ssl=1","contentUrl":"https:\/\/i0.wp.com\/truusk.store\/wp-content\/uploads\/2026\/03\/cropped-TRUUSK.png?fit=2032%2C917&ssl=1","width":2032,"height":917,"caption":"TRUUSK - Hem, Tr\u00e4dg\u00e5rd & Fritid"},"image":{"@id":"https:\/\/truusk.store\/sv\/#\/schema\/logo\/image\/"}}]}},"jetpack_sharing_enabled":true,"_links":{"self":[{"href":"https:\/\/truusk.store\/sv\/wp-json\/wp\/v2\/product\/57021","targetHints":{"allow":["GET"]}}],"collection":[{"href":"https:\/\/truusk.store\/sv\/wp-json\/wp\/v2\/product"}],"about":[{"href":"https:\/\/truusk.store\/sv\/wp-json\/wp\/v2\/types\/product"}],"wp:featuredmedia":[{"embeddable":true,"href":"https:\/\/truusk.store\/sv\/wp-json\/wp\/v2\/media\/57012"}],"wp:attachment":[{"href":"https:\/\/truusk.store\/sv\/wp-json\/wp\/v2\/media?parent=57021"}],"wp:term":[{"taxonomy":"product_brand","embeddable":true,"href":"https:\/\/truusk.store\/sv\/wp-json\/wp\/v2\/product_brand?post=57021"},{"taxonomy":"product_cat","embeddable":true,"href":"https:\/\/truusk.store\/sv\/wp-json\/wp\/v2\/product_cat?post=57021"},{"taxonomy":"product_tag","embeddable":true,"href":"https:\/\/truusk.store\/sv\/wp-json\/wp\/v2\/product_tag?post=57021"}],"curies":[{"name":"wp","href":"https:\/\/api.w.org\/{rel}","templated":true}]}}