{"id":57051,"date":"2025-06-04T21:05:46","date_gmt":"2025-06-04T20:05:46","guid":{"rendered":"https:\/\/truusk.store\/product\/stadningsvagn-med-4-hjul-systemvagn-for-professionell-rengoring-svart-bla-orange-111x633x103cm\/"},"modified":"2026-03-12T09:02:26","modified_gmt":"2026-03-12T08:02:26","slug":"truusk-stadningsvagn-med-4-hjul-systemvagn-for-professionell-rengoring-svart-bla-orange-111x633x103cm","status":"publish","type":"product","link":"https:\/\/truusk.store\/sv\/produkt\/truusk-stadningsvagn-med-4-hjul-systemvagn-for-professionell-rengoring-svart-bla-orange-111x633x103cm\/","title":{"rendered":"TRUUSK St\u00e4dningsvagn Med 4 Hjul &#8211; Systemvagn F\u00f6r Professionell Reng\u00f6ring &#8211; Svart\/Bl\u00e5\/Orange &#8211; 111&#215;63,3x103cm"},"content":{"rendered":"<p>Den professionella st\u00e4dvagnen fr\u00e5n TRUUSK kommer att underl\u00e4tta ditt arbete avsev\u00e4rt. Den \u00e4r perfekt f\u00f6r ytreng\u00f6ring i hotell, sjukhus eller kontor. St\u00e4dvagnen \u00e4r tillverkad av robust plast och har fyra l\u00e4ttg\u00e5ende hjul, tv\u00e5 hyllor och en sopkorg med stor kapacitet. Utrustningen inkluderar ocks\u00e5 tv\u00e5 olika f\u00e4rgade hinkar med avtagbar vridanordning &#8211; f\u00f6r att g\u00f6ra ditt arbete \u00e4nnu l\u00e4ttare och renare.<\/p>\n<p>Beskrivning:<\/p>\n<ul>\n<li> L\u00e4mplig f\u00f6r professionell anv\u00e4ndning p\u00e5 hotell, restauranger, sjukhus eller kontor<\/li>\n<li> Med tv\u00e5 hyllor p\u00e5 olika h\u00f6jder<\/li>\n<li> Utrustad med en avtagbar vridanordning<\/li>\n<li> Stor sopkorg f\u00f6r avfallssamling<\/li>\n<li> Med tv\u00e5 18-liters hinkar i olika f\u00e4rger<\/li>\n<li> Utrustad med 4 l\u00e4ttg\u00e5ende hjul<\/li>\n<\/ul>\n<p>Tekniska data:<\/p>\n<ul>\n<li> Material: Metall, PP, plastv\u00e4v<\/li>\n<li> Totala m\u00e5tt: L111 \u00d7 B63,3 \u00d7 H103 cm<\/li>\n<li> Hyllm\u00e5tt: L49,6 \u00d7 B32,4 \u00d7 H12 cm<\/li>\n<li> M\u00e5tt p\u00e5 sopkorg: L69 \u00d7 B37 cm<\/li>\n<li> M\u00e5tt p\u00e5 vridanordning: L26,5 \u00d7 B20,5 \u00d7 H56,5 cm<\/li>\n<li> Kapacitet f\u00f6r hinkar: 18 L<\/li>\n<li> Maximal belastningskapacitet: 25 kg<\/li>\n<li> F\u00e4rg: Svart + Bl\u00e5 + Orange<\/li>\n<\/ul>\n<p>Leveransinneh\u00e5ll:<\/p>\n<ul>\n<li> 1 x St\u00e4dvagn<\/li>\n<li> 1 x Monteringsanvisning<\/li>\n<\/ul>\n","protected":false},"excerpt":{"rendered":"<p>Den professionella st\u00e4dvagnen fr\u00e5n TRUUSK kommer att underl\u00e4tta ditt arbete avsev\u00e4rt. Den \u00e4r perfekt f\u00f6r ytreng\u00f6ring i hotell, sjukhus eller&#8230;<\/p>\n","protected":false},"featured_media":57042,"template":"","meta":[],"product_brand":[],"product_cat":[867,869,687],"product_tag":[],"class_list":{"0":"post-57051","1":"product","2":"type-product","3":"status-publish","4":"has-post-thumbnail","6":"product_cat-byggmarknad","7":"product_cat-rengoring-ordning","8":"product_cat-stadutrustning","10":"first","11":"instock","12":"sale","13":"taxable","14":"shipping-taxable","15":"purchasable","16":"product-type-simple"},"yoast_head":"<!-- This site is optimized with the Yoast SEO plugin v25.4 - https:\/\/yoast.com\/wordpress\/plugins\/seo\/ -->\n<title>TRUUSK St\u00e4dningsvagn Med 4 Hjul - Systemvagn F\u00f6r Professionell Reng\u00f6ring - Svart\/Bl\u00e5\/Orange - 111x63,3x103cm - TRUUSK - Hem, Tr\u00e4dg\u00e5rd &amp; Fritid<\/title>\n<meta name=\"robots\" content=\"index, follow, max-snippet:-1, max-image-preview:large, max-video-preview:-1\" \/>\n<link rel=\"canonical\" href=\"https:\/\/truusk.store\/sv\/produkt\/truusk-stadningsvagn-med-4-hjul-systemvagn-for-professionell-rengoring-svart-bla-orange-111x633x103cm\/\" \/>\n<meta property=\"og:locale\" content=\"sv_SE\" \/>\n<meta property=\"og:type\" content=\"article\" \/>\n<meta property=\"og:title\" content=\"TRUUSK St\u00e4dningsvagn Med 4 Hjul - Systemvagn F\u00f6r Professionell Reng\u00f6ring - Svart\/Bl\u00e5\/Orange - 111x63,3x103cm - TRUUSK - Hem, Tr\u00e4dg\u00e5rd &amp; Fritid\" \/>\n<meta property=\"og:description\" content=\"Den professionella st\u00e4dvagnen fr\u00e5n TRUUSK kommer att underl\u00e4tta ditt arbete avsev\u00e4rt. Den \u00e4r perfekt f\u00f6r ytreng\u00f6ring i hotell, sjukhus eller...\" \/>\n<meta property=\"og:url\" content=\"https:\/\/truusk.store\/sv\/produkt\/truusk-stadningsvagn-med-4-hjul-systemvagn-for-professionell-rengoring-svart-bla-orange-111x633x103cm\/\" \/>\n<meta property=\"og:site_name\" content=\"TRUUSK - Hem, Tr\u00e4dg\u00e5rd &amp; Fritid\" \/>\n<meta property=\"article:modified_time\" content=\"2026-03-12T08:02:26+00:00\" \/>\n<meta property=\"og:image\" content=\"https:\/\/i0.wp.com\/truusk.se\/wp-content\/uploads\/2025\/06\/stadningsvagn-med-4-hjul-systemvagn-for-professionell-rengoring-svart-bla-orange-111x633x103cm-1.webp?fit=2000%2C2000&ssl=1\" \/>\n\t<meta property=\"og:image:width\" content=\"2000\" \/>\n\t<meta property=\"og:image:height\" content=\"2000\" \/>\n\t<meta property=\"og:image:type\" content=\"image\/webp\" \/>\n<meta name=\"twitter:card\" content=\"summary_large_image\" \/>\n<meta name=\"twitter:label1\" content=\"Ber\u00e4knad l\u00e4stid\" \/>\n\t<meta name=\"twitter:data1\" content=\"1 minut\" \/>\n<!-- \/ Yoast SEO plugin. -->","yoast_head_json":{"title":"TRUUSK St\u00e4dningsvagn Med 4 Hjul - Systemvagn F\u00f6r Professionell Reng\u00f6ring - Svart\/Bl\u00e5\/Orange - 111x63,3x103cm - TRUUSK - Hem, Tr\u00e4dg\u00e5rd &amp; Fritid","robots":{"index":"index","follow":"follow","max-snippet":"max-snippet:-1","max-image-preview":"max-image-preview:large","max-video-preview":"max-video-preview:-1"},"canonical":"https:\/\/truusk.store\/sv\/produkt\/truusk-stadningsvagn-med-4-hjul-systemvagn-for-professionell-rengoring-svart-bla-orange-111x633x103cm\/","og_locale":"sv_SE","og_type":"article","og_title":"TRUUSK St\u00e4dningsvagn Med 4 Hjul - Systemvagn F\u00f6r Professionell Reng\u00f6ring - Svart\/Bl\u00e5\/Orange - 111x63,3x103cm - TRUUSK - Hem, Tr\u00e4dg\u00e5rd &amp; Fritid","og_description":"Den professionella st\u00e4dvagnen fr\u00e5n TRUUSK kommer att underl\u00e4tta ditt arbete avsev\u00e4rt. Den \u00e4r perfekt f\u00f6r ytreng\u00f6ring i hotell, sjukhus eller...","og_url":"https:\/\/truusk.store\/sv\/produkt\/truusk-stadningsvagn-med-4-hjul-systemvagn-for-professionell-rengoring-svart-bla-orange-111x633x103cm\/","og_site_name":"TRUUSK - Hem, Tr\u00e4dg\u00e5rd &amp; Fritid","article_modified_time":"2026-03-12T08:02:26+00:00","og_image":[{"width":2000,"height":2000,"url":"https:\/\/i0.wp.com\/truusk.se\/wp-content\/uploads\/2025\/06\/stadningsvagn-med-4-hjul-systemvagn-for-professionell-rengoring-svart-bla-orange-111x633x103cm-1.webp?fit=2000%2C2000&ssl=1","type":"image\/webp"}],"twitter_card":"summary_large_image","twitter_misc":{"Ber\u00e4knad l\u00e4stid":"1 minut"},"schema":{"@context":"https:\/\/schema.org","@graph":[{"@type":"WebPage","@id":"https:\/\/truusk.store\/sv\/produkt\/truusk-stadningsvagn-med-4-hjul-systemvagn-for-professionell-rengoring-svart-bla-orange-111x633x103cm\/","url":"https:\/\/truusk.store\/sv\/produkt\/truusk-stadningsvagn-med-4-hjul-systemvagn-for-professionell-rengoring-svart-bla-orange-111x633x103cm\/","name":"TRUUSK St\u00e4dningsvagn Med 4 Hjul - Systemvagn F\u00f6r Professionell Reng\u00f6ring - Svart\/Bl\u00e5\/Orange - 111x63,3x103cm - TRUUSK - Hem, Tr\u00e4dg\u00e5rd &amp; Fritid","isPartOf":{"@id":"https:\/\/truusk.store\/sv\/#website"},"primaryImageOfPage":{"@id":"https:\/\/truusk.store\/sv\/produkt\/truusk-stadningsvagn-med-4-hjul-systemvagn-for-professionell-rengoring-svart-bla-orange-111x633x103cm\/#primaryimage"},"image":{"@id":"https:\/\/truusk.store\/sv\/produkt\/truusk-stadningsvagn-med-4-hjul-systemvagn-for-professionell-rengoring-svart-bla-orange-111x633x103cm\/#primaryimage"},"thumbnailUrl":"https:\/\/i0.wp.com\/truusk.store\/wp-content\/uploads\/2025\/06\/stadningsvagn-med-4-hjul-systemvagn-for-professionell-rengoring-svart-bla-orange-111x633x103cm-1.webp?fit=2000%2C2000&ssl=1","datePublished":"2025-06-04T20:05:46+00:00","dateModified":"2026-03-12T08:02:26+00:00","breadcrumb":{"@id":"https:\/\/truusk.store\/sv\/produkt\/truusk-stadningsvagn-med-4-hjul-systemvagn-for-professionell-rengoring-svart-bla-orange-111x633x103cm\/#breadcrumb"},"inLanguage":"sv-SE","potentialAction":[{"@type":"ReadAction","target":["https:\/\/truusk.store\/sv\/produkt\/truusk-stadningsvagn-med-4-hjul-systemvagn-for-professionell-rengoring-svart-bla-orange-111x633x103cm\/"]}]},{"@type":"ImageObject","inLanguage":"sv-SE","@id":"https:\/\/truusk.store\/sv\/produkt\/truusk-stadningsvagn-med-4-hjul-systemvagn-for-professionell-rengoring-svart-bla-orange-111x633x103cm\/#primaryimage","url":"https:\/\/i0.wp.com\/truusk.store\/wp-content\/uploads\/2025\/06\/stadningsvagn-med-4-hjul-systemvagn-for-professionell-rengoring-svart-bla-orange-111x633x103cm-1.webp?fit=2000%2C2000&ssl=1","contentUrl":"https:\/\/i0.wp.com\/truusk.store\/wp-content\/uploads\/2025\/06\/stadningsvagn-med-4-hjul-systemvagn-for-professionell-rengoring-svart-bla-orange-111x633x103cm-1.webp?fit=2000%2C2000&ssl=1","width":2000,"height":2000},{"@type":"BreadcrumbList","@id":"https:\/\/truusk.store\/sv\/produkt\/truusk-stadningsvagn-med-4-hjul-systemvagn-for-professionell-rengoring-svart-bla-orange-111x633x103cm\/#breadcrumb","itemListElement":[{"@type":"ListItem","position":1,"name":"Home","item":"https:\/\/truusk.store\/sv\/"},{"@type":"ListItem","position":2,"name":"Shop","item":"https:\/\/truusk.store\/shop\/"},{"@type":"ListItem","position":3,"name":"TRUUSK St\u00e4dningsvagn Med 4 Hjul &#8211; Systemvagn F\u00f6r Professionell Reng\u00f6ring &#8211; Svart\/Bl\u00e5\/Orange &#8211; 111&#215;63,3x103cm"}]},{"@type":"WebSite","@id":"https:\/\/truusk.store\/sv\/#website","url":"https:\/\/truusk.store\/sv\/","name":"TRUUSK - Hem, Tr\u00e4dg\u00e5rd & Fritid","description":"","publisher":{"@id":"https:\/\/truusk.store\/sv\/#organization"},"potentialAction":[{"@type":"SearchAction","target":{"@type":"EntryPoint","urlTemplate":"https:\/\/truusk.store\/sv\/?s={search_term_string}"},"query-input":{"@type":"PropertyValueSpecification","valueRequired":true,"valueName":"search_term_string"}}],"inLanguage":"sv-SE"},{"@type":"Organization","@id":"https:\/\/truusk.store\/sv\/#organization","name":"TRUUSK - Hem, Tr\u00e4dg\u00e5rd & Fritid","url":"https:\/\/truusk.store\/sv\/","logo":{"@type":"ImageObject","inLanguage":"sv-SE","@id":"https:\/\/truusk.store\/sv\/#\/schema\/logo\/image\/","url":"https:\/\/i0.wp.com\/truusk.store\/wp-content\/uploads\/2026\/03\/cropped-TRUUSK.png?fit=2032%2C917&ssl=1","contentUrl":"https:\/\/i0.wp.com\/truusk.store\/wp-content\/uploads\/2026\/03\/cropped-TRUUSK.png?fit=2032%2C917&ssl=1","width":2032,"height":917,"caption":"TRUUSK - Hem, Tr\u00e4dg\u00e5rd & Fritid"},"image":{"@id":"https:\/\/truusk.store\/sv\/#\/schema\/logo\/image\/"}}]}},"jetpack_sharing_enabled":true,"_links":{"self":[{"href":"https:\/\/truusk.store\/sv\/wp-json\/wp\/v2\/product\/57051","targetHints":{"allow":["GET"]}}],"collection":[{"href":"https:\/\/truusk.store\/sv\/wp-json\/wp\/v2\/product"}],"about":[{"href":"https:\/\/truusk.store\/sv\/wp-json\/wp\/v2\/types\/product"}],"wp:featuredmedia":[{"embeddable":true,"href":"https:\/\/truusk.store\/sv\/wp-json\/wp\/v2\/media\/57042"}],"wp:attachment":[{"href":"https:\/\/truusk.store\/sv\/wp-json\/wp\/v2\/media?parent=57051"}],"wp:term":[{"taxonomy":"product_brand","embeddable":true,"href":"https:\/\/truusk.store\/sv\/wp-json\/wp\/v2\/product_brand?post=57051"},{"taxonomy":"product_cat","embeddable":true,"href":"https:\/\/truusk.store\/sv\/wp-json\/wp\/v2\/product_cat?post=57051"},{"taxonomy":"product_tag","embeddable":true,"href":"https:\/\/truusk.store\/sv\/wp-json\/wp\/v2\/product_tag?post=57051"}],"curies":[{"name":"wp","href":"https:\/\/api.w.org\/{rel}","templated":true}]}}