{"id":57061,"date":"2025-06-04T21:06:29","date_gmt":"2025-06-04T20:06:29","guid":{"rendered":"https:\/\/truusk.store\/product\/stadkarra-med-2-hinkar-4-hjul-metall-pp-bla-rod-73x45x92cm-for-effektiv-renhet\/"},"modified":"2026-03-12T08:55:25","modified_gmt":"2026-03-12T07:55:25","slug":"truusk-stadvagn-med-2-hinkar-4-hjul-metall-pp-bla-rod-73x45x92cm-effektiv-renhet","status":"publish","type":"product","link":"https:\/\/truusk.store\/sv\/produkt\/truusk-stadvagn-med-2-hinkar-4-hjul-metall-pp-bla-rod-73x45x92cm-effektiv-renhet\/","title":{"rendered":"TRUUSK St\u00e4dvagn med 2 Hinkar &amp; 4 Hjul &#8211; Metall\/PP &#8211; Bl\u00e5\/R\u00f6d &#8211; 73x45x92cm &#8211; Effektiv Renhet"},"content":{"rendered":"<p>St\u00e4dvagnen fr\u00e5n TRUUSK \u00e4r utm\u00e4rkt f\u00f6r anv\u00e4ndning hemma eller inom professionella omr\u00e5den, till exempel p\u00e5 restaurangen eller kontoret. Den \u00e4r tillverkad av metall och stabil plast och \u00e4r utrustad med tv\u00e5 stora hinkar, en moppvridare samt fyra smidiga hjul. Med denna praktiska st\u00e4dvagn kommer ditt arbete att bli \u00e4nnu l\u00e4ttare och renare!<\/p>\n<p>Beskrivning:<\/p>\n<ul>\n<li> Idealisk f\u00f6r snabb och effektiv reng\u00f6ring av golv hemma, p\u00e5 restaurangen eller kontoret<\/li>\n<li> Robust metallram med stabil plast<\/li>\n<li> Med 2 hinkar i olika f\u00e4rger<\/li>\n<li> Utrustad med en praktisk moppvridare<\/li>\n<li> Bekv\u00e4mt handtag och 4 hjul f\u00f6r enkel skjutning<\/li>\n<li> Enkel montering<\/li>\n<\/ul>\n<p> Tekniska data:<\/p>\n<ul>\n<li> Material: Metall, PP<\/li>\n<li> Totala m\u00e5tt: L73 \u00d7 B45 \u00d7 H92 cm<\/li>\n<li> M\u00e5tt hink: L37,5 \u00d7 B35 \u00d7 H31,5 cm<\/li>\n<li> M\u00e5tt moppvridare: L26,5 x B20,5 x H56,5 cm<\/li>\n<li> Maximal belastningskapacitet: 15 kg<\/li>\n<li> F\u00e4rg: Bl\u00e5 + R\u00f6d<\/li>\n<\/ul>\n<p>Leveransinneh\u00e5ll:<\/p>\n<ul>\n<li> 1 x St\u00e4dvagn<\/li>\n<li> 1 x Monteringsanvisning<\/li>\n<\/ul>\n","protected":false},"excerpt":{"rendered":"<p>St\u00e4dvagnen fr\u00e5n TRUUSK \u00e4r utm\u00e4rkt f\u00f6r anv\u00e4ndning hemma eller inom professionella omr\u00e5den, till exempel p\u00e5 restaurangen eller kontoret. Den \u00e4r&#8230;<\/p>\n","protected":false},"featured_media":57052,"template":"","meta":[],"product_brand":[],"product_cat":[867,869,687],"product_tag":[],"class_list":{"0":"post-57061","1":"product","2":"type-product","3":"status-publish","4":"has-post-thumbnail","6":"product_cat-byggmarknad","7":"product_cat-rengoring-ordning","8":"product_cat-stadutrustning","10":"first","11":"instock","12":"sale","13":"taxable","14":"shipping-taxable","15":"purchasable","16":"product-type-simple"},"yoast_head":"<!-- This site is optimized with the Yoast SEO plugin v25.4 - https:\/\/yoast.com\/wordpress\/plugins\/seo\/ -->\n<title>TRUUSK St\u00e4dvagn med 2 Hinkar &amp; 4 Hjul - Metall\/PP - Bl\u00e5\/R\u00f6d - 73x45x92cm - Effektiv Renhet - TRUUSK - Hem, Tr\u00e4dg\u00e5rd &amp; Fritid<\/title>\n<meta name=\"robots\" content=\"index, follow, max-snippet:-1, max-image-preview:large, max-video-preview:-1\" \/>\n<link rel=\"canonical\" href=\"https:\/\/truusk.store\/sv\/produkt\/truusk-stadvagn-med-2-hinkar-4-hjul-metall-pp-bla-rod-73x45x92cm-effektiv-renhet\/\" \/>\n<meta property=\"og:locale\" content=\"sv_SE\" \/>\n<meta property=\"og:type\" content=\"article\" \/>\n<meta property=\"og:title\" content=\"TRUUSK St\u00e4dvagn med 2 Hinkar &amp; 4 Hjul - Metall\/PP - Bl\u00e5\/R\u00f6d - 73x45x92cm - Effektiv Renhet - TRUUSK - Hem, Tr\u00e4dg\u00e5rd &amp; Fritid\" \/>\n<meta property=\"og:description\" content=\"St\u00e4dvagnen fr\u00e5n TRUUSK \u00e4r utm\u00e4rkt f\u00f6r anv\u00e4ndning hemma eller inom professionella omr\u00e5den, till exempel p\u00e5 restaurangen eller kontoret. Den \u00e4r...\" \/>\n<meta property=\"og:url\" content=\"https:\/\/truusk.store\/sv\/produkt\/truusk-stadvagn-med-2-hinkar-4-hjul-metall-pp-bla-rod-73x45x92cm-effektiv-renhet\/\" \/>\n<meta property=\"og:site_name\" content=\"TRUUSK - Hem, Tr\u00e4dg\u00e5rd &amp; Fritid\" \/>\n<meta property=\"article:modified_time\" content=\"2026-03-12T07:55:25+00:00\" \/>\n<meta property=\"og:image\" content=\"https:\/\/i0.wp.com\/truusk.se\/wp-content\/uploads\/2025\/06\/stadkarra-med-2-hinkar-4-hjul-metall-pp-bla-rod-73x45x92cm-for-effektiv-renhet-1.webp?fit=2000%2C2000&ssl=1\" \/>\n\t<meta property=\"og:image:width\" content=\"2000\" \/>\n\t<meta property=\"og:image:height\" content=\"2000\" \/>\n\t<meta property=\"og:image:type\" content=\"image\/webp\" \/>\n<meta name=\"twitter:card\" content=\"summary_large_image\" \/>\n<meta name=\"twitter:label1\" content=\"Ber\u00e4knad l\u00e4stid\" \/>\n\t<meta name=\"twitter:data1\" content=\"1 minut\" \/>\n<!-- \/ Yoast SEO plugin. -->","yoast_head_json":{"title":"TRUUSK St\u00e4dvagn med 2 Hinkar &amp; 4 Hjul - Metall\/PP - Bl\u00e5\/R\u00f6d - 73x45x92cm - Effektiv Renhet - TRUUSK - Hem, Tr\u00e4dg\u00e5rd &amp; Fritid","robots":{"index":"index","follow":"follow","max-snippet":"max-snippet:-1","max-image-preview":"max-image-preview:large","max-video-preview":"max-video-preview:-1"},"canonical":"https:\/\/truusk.store\/sv\/produkt\/truusk-stadvagn-med-2-hinkar-4-hjul-metall-pp-bla-rod-73x45x92cm-effektiv-renhet\/","og_locale":"sv_SE","og_type":"article","og_title":"TRUUSK St\u00e4dvagn med 2 Hinkar &amp; 4 Hjul - Metall\/PP - Bl\u00e5\/R\u00f6d - 73x45x92cm - Effektiv Renhet - TRUUSK - Hem, Tr\u00e4dg\u00e5rd &amp; Fritid","og_description":"St\u00e4dvagnen fr\u00e5n TRUUSK \u00e4r utm\u00e4rkt f\u00f6r anv\u00e4ndning hemma eller inom professionella omr\u00e5den, till exempel p\u00e5 restaurangen eller kontoret. Den \u00e4r...","og_url":"https:\/\/truusk.store\/sv\/produkt\/truusk-stadvagn-med-2-hinkar-4-hjul-metall-pp-bla-rod-73x45x92cm-effektiv-renhet\/","og_site_name":"TRUUSK - Hem, Tr\u00e4dg\u00e5rd &amp; Fritid","article_modified_time":"2026-03-12T07:55:25+00:00","og_image":[{"width":2000,"height":2000,"url":"https:\/\/i0.wp.com\/truusk.se\/wp-content\/uploads\/2025\/06\/stadkarra-med-2-hinkar-4-hjul-metall-pp-bla-rod-73x45x92cm-for-effektiv-renhet-1.webp?fit=2000%2C2000&ssl=1","type":"image\/webp"}],"twitter_card":"summary_large_image","twitter_misc":{"Ber\u00e4knad l\u00e4stid":"1 minut"},"schema":{"@context":"https:\/\/schema.org","@graph":[{"@type":"WebPage","@id":"https:\/\/truusk.store\/sv\/produkt\/truusk-stadvagn-med-2-hinkar-4-hjul-metall-pp-bla-rod-73x45x92cm-effektiv-renhet\/","url":"https:\/\/truusk.store\/sv\/produkt\/truusk-stadvagn-med-2-hinkar-4-hjul-metall-pp-bla-rod-73x45x92cm-effektiv-renhet\/","name":"TRUUSK St\u00e4dvagn med 2 Hinkar &amp; 4 Hjul - Metall\/PP - Bl\u00e5\/R\u00f6d - 73x45x92cm - Effektiv Renhet - TRUUSK - Hem, Tr\u00e4dg\u00e5rd &amp; Fritid","isPartOf":{"@id":"https:\/\/truusk.store\/sv\/#website"},"primaryImageOfPage":{"@id":"https:\/\/truusk.store\/sv\/produkt\/truusk-stadvagn-med-2-hinkar-4-hjul-metall-pp-bla-rod-73x45x92cm-effektiv-renhet\/#primaryimage"},"image":{"@id":"https:\/\/truusk.store\/sv\/produkt\/truusk-stadvagn-med-2-hinkar-4-hjul-metall-pp-bla-rod-73x45x92cm-effektiv-renhet\/#primaryimage"},"thumbnailUrl":"https:\/\/i0.wp.com\/truusk.store\/wp-content\/uploads\/2025\/06\/stadkarra-med-2-hinkar-4-hjul-metall-pp-bla-rod-73x45x92cm-for-effektiv-renhet-1.webp?fit=2000%2C2000&ssl=1","datePublished":"2025-06-04T20:06:29+00:00","dateModified":"2026-03-12T07:55:25+00:00","breadcrumb":{"@id":"https:\/\/truusk.store\/sv\/produkt\/truusk-stadvagn-med-2-hinkar-4-hjul-metall-pp-bla-rod-73x45x92cm-effektiv-renhet\/#breadcrumb"},"inLanguage":"sv-SE","potentialAction":[{"@type":"ReadAction","target":["https:\/\/truusk.store\/sv\/produkt\/truusk-stadvagn-med-2-hinkar-4-hjul-metall-pp-bla-rod-73x45x92cm-effektiv-renhet\/"]}]},{"@type":"ImageObject","inLanguage":"sv-SE","@id":"https:\/\/truusk.store\/sv\/produkt\/truusk-stadvagn-med-2-hinkar-4-hjul-metall-pp-bla-rod-73x45x92cm-effektiv-renhet\/#primaryimage","url":"https:\/\/i0.wp.com\/truusk.store\/wp-content\/uploads\/2025\/06\/stadkarra-med-2-hinkar-4-hjul-metall-pp-bla-rod-73x45x92cm-for-effektiv-renhet-1.webp?fit=2000%2C2000&ssl=1","contentUrl":"https:\/\/i0.wp.com\/truusk.store\/wp-content\/uploads\/2025\/06\/stadkarra-med-2-hinkar-4-hjul-metall-pp-bla-rod-73x45x92cm-for-effektiv-renhet-1.webp?fit=2000%2C2000&ssl=1","width":2000,"height":2000},{"@type":"BreadcrumbList","@id":"https:\/\/truusk.store\/sv\/produkt\/truusk-stadvagn-med-2-hinkar-4-hjul-metall-pp-bla-rod-73x45x92cm-effektiv-renhet\/#breadcrumb","itemListElement":[{"@type":"ListItem","position":1,"name":"Home","item":"https:\/\/truusk.store\/sv\/"},{"@type":"ListItem","position":2,"name":"Shop","item":"https:\/\/truusk.store\/shop\/"},{"@type":"ListItem","position":3,"name":"TRUUSK St\u00e4dvagn med 2 Hinkar &amp; 4 Hjul &#8211; Metall\/PP &#8211; Bl\u00e5\/R\u00f6d &#8211; 73x45x92cm &#8211; Effektiv Renhet"}]},{"@type":"WebSite","@id":"https:\/\/truusk.store\/sv\/#website","url":"https:\/\/truusk.store\/sv\/","name":"TRUUSK - Hem, Tr\u00e4dg\u00e5rd & Fritid","description":"","publisher":{"@id":"https:\/\/truusk.store\/sv\/#organization"},"potentialAction":[{"@type":"SearchAction","target":{"@type":"EntryPoint","urlTemplate":"https:\/\/truusk.store\/sv\/?s={search_term_string}"},"query-input":{"@type":"PropertyValueSpecification","valueRequired":true,"valueName":"search_term_string"}}],"inLanguage":"sv-SE"},{"@type":"Organization","@id":"https:\/\/truusk.store\/sv\/#organization","name":"TRUUSK - Hem, Tr\u00e4dg\u00e5rd & Fritid","url":"https:\/\/truusk.store\/sv\/","logo":{"@type":"ImageObject","inLanguage":"sv-SE","@id":"https:\/\/truusk.store\/sv\/#\/schema\/logo\/image\/","url":"https:\/\/i0.wp.com\/truusk.store\/wp-content\/uploads\/2026\/03\/cropped-TRUUSK.png?fit=2032%2C917&ssl=1","contentUrl":"https:\/\/i0.wp.com\/truusk.store\/wp-content\/uploads\/2026\/03\/cropped-TRUUSK.png?fit=2032%2C917&ssl=1","width":2032,"height":917,"caption":"TRUUSK - Hem, Tr\u00e4dg\u00e5rd & Fritid"},"image":{"@id":"https:\/\/truusk.store\/sv\/#\/schema\/logo\/image\/"}}]}},"jetpack_sharing_enabled":true,"_links":{"self":[{"href":"https:\/\/truusk.store\/sv\/wp-json\/wp\/v2\/product\/57061","targetHints":{"allow":["GET"]}}],"collection":[{"href":"https:\/\/truusk.store\/sv\/wp-json\/wp\/v2\/product"}],"about":[{"href":"https:\/\/truusk.store\/sv\/wp-json\/wp\/v2\/types\/product"}],"wp:featuredmedia":[{"embeddable":true,"href":"https:\/\/truusk.store\/sv\/wp-json\/wp\/v2\/media\/57052"}],"wp:attachment":[{"href":"https:\/\/truusk.store\/sv\/wp-json\/wp\/v2\/media?parent=57061"}],"wp:term":[{"taxonomy":"product_brand","embeddable":true,"href":"https:\/\/truusk.store\/sv\/wp-json\/wp\/v2\/product_brand?post=57061"},{"taxonomy":"product_cat","embeddable":true,"href":"https:\/\/truusk.store\/sv\/wp-json\/wp\/v2\/product_cat?post=57061"},{"taxonomy":"product_tag","embeddable":true,"href":"https:\/\/truusk.store\/sv\/wp-json\/wp\/v2\/product_tag?post=57061"}],"curies":[{"name":"wp","href":"https:\/\/api.w.org\/{rel}","templated":true}]}}