{"id":57071,"date":"2025-06-04T21:07:36","date_gmt":"2025-06-04T20:07:36","guid":{"rendered":"https:\/\/truusk.store\/product\/ergonomisk-skrivbordsstol-hojdjusterbar-46-61-cm-med-armstod-idealisk-for-kontor-hemmakontor\/"},"modified":"2026-03-12T08:55:37","modified_gmt":"2026-03-12T07:55:37","slug":"truusk-ergonomisk-skrivbordsstol-hojdjusterbar-46-61-cm-med-armstod-idealisk-for-kontor-hemmakontor","status":"publish","type":"product","link":"https:\/\/truusk.store\/sv\/produkt\/truusk-ergonomisk-skrivbordsstol-hojdjusterbar-46-61-cm-med-armstod-idealisk-for-kontor-hemmakontor\/","title":{"rendered":"TRUUSK Ergonomisk Skrivbordsstol &#8211; H\u00f6jdjusterbar 46-61 cm &#8211; Med Armst\u00f6d &#8211; Idealisk f\u00f6r Kontor &amp; Hemmakontor"},"content":{"rendered":"<p>Exklusiv design kombinerad med h\u00f6g vardaglig anv\u00e4ndbarhet k\u00e4nnetecknar v\u00e5r snurrstol fr\u00e5n TRUUSK. Den vackra, vita konstl\u00e4der\u00f6verdraget t\u00e4cker den bekv\u00e4ma stoppningen. Tack vare armst\u00f6d och h\u00f6jdjusterbarhet sitter du alltid riktigt bekv\u00e4mt. Din skrivbordsstol sticker ut, oavsett om det \u00e4r p\u00e5 kontoret, hemmakontoret eller i din bostadsmilj\u00f6. S\u00e4tt accenter med din nya arbetsstol.<\/p>\n<p>Beskrivning:<\/p>\n<ul>\n<li> Lyxig verkst\u00e4llande kontorsstol i PU-l\u00e4der<\/li>\n<li> Stark 5-hjuls krom fotkryss med 360-graders rotation<\/li>\n<li> H\u00f6gkvalitativ f\u00f6rkromning av armst\u00f6d och ben<\/li>\n<li> H\u00f6jdjusterbar och l\u00e5sbar<\/li>\n<li> 6,5 cm tjock, mjukt stoppad sits och ryggst\u00f6d f\u00f6r h\u00f6gsta komfort<\/li>\n<li> Ergonomisk design med tanke p\u00e5 bekv\u00e4mlighet f\u00f6r dem som arbetar l\u00e4ngre tid vid skrivbordet<\/li>\n<li> 150 mm gasfj\u00e4dermekanism<\/li>\n<li> Maximal b\u00e4rvikt: 120 kg<\/li>\n<\/ul>\n<p>Tekniska data:<\/p>\n<ul>\n<li> Material: PU, PVC, Metall<\/li>\n<li> F\u00e4rg: Svart<\/li>\n<li> Totala m\u00e5tt: B52,5 x D54 x H84-99 cm<\/li>\n<li> Sitsstorlek: B45 x D39 cm<\/li>\n<li> Sitth\u00f6jd: 46-61 cm<\/li>\n<li> Belastning: 120 kg<\/li>\n<\/ul>\n<p>Leveransinneh\u00e5ll:<\/p>\n<ul>\n<li>1 x Kontorsstol<\/li>\n<li>1 x Artikelinstruktioner<\/li>\n<\/ul>\n","protected":false},"excerpt":{"rendered":"<p>Exklusiv design kombinerad med h\u00f6g vardaglig anv\u00e4ndbarhet k\u00e4nnetecknar v\u00e5r snurrstol fr\u00e5n TRUUSK. Den vackra, vita konstl\u00e4der\u00f6verdraget t\u00e4cker den bekv\u00e4ma stoppningen&#8230;.<\/p>\n","protected":false},"featured_media":57062,"template":"","meta":[],"product_brand":[],"product_cat":[872,871,516],"product_tag":[],"class_list":{"0":"post-57071","1":"product","2":"type-product","3":"status-publish","4":"has-post-thumbnail","6":"product_cat-hemmakontor-arbetsplats","7":"product_cat-hus-hem","8":"product_cat-kontorsstolar","10":"first","11":"instock","12":"sale","13":"taxable","14":"shipping-taxable","15":"purchasable","16":"product-type-simple"},"yoast_head":"<!-- This site is optimized with the Yoast SEO plugin v25.4 - https:\/\/yoast.com\/wordpress\/plugins\/seo\/ -->\n<title>TRUUSK Ergonomisk Skrivbordsstol - H\u00f6jdjusterbar 46-61 cm - Med Armst\u00f6d - Idealisk f\u00f6r Kontor &amp; Hemmakontor - TRUUSK - Hem, Tr\u00e4dg\u00e5rd &amp; Fritid<\/title>\n<meta name=\"robots\" content=\"index, follow, max-snippet:-1, max-image-preview:large, max-video-preview:-1\" \/>\n<link rel=\"canonical\" href=\"https:\/\/truusk.store\/sv\/produkt\/truusk-ergonomisk-skrivbordsstol-hojdjusterbar-46-61-cm-med-armstod-idealisk-for-kontor-hemmakontor\/\" \/>\n<meta property=\"og:locale\" content=\"sv_SE\" \/>\n<meta property=\"og:type\" content=\"article\" \/>\n<meta property=\"og:title\" content=\"TRUUSK Ergonomisk Skrivbordsstol - H\u00f6jdjusterbar 46-61 cm - Med Armst\u00f6d - Idealisk f\u00f6r Kontor &amp; Hemmakontor - TRUUSK - Hem, Tr\u00e4dg\u00e5rd &amp; Fritid\" \/>\n<meta property=\"og:description\" content=\"Exklusiv design kombinerad med h\u00f6g vardaglig anv\u00e4ndbarhet k\u00e4nnetecknar v\u00e5r snurrstol fr\u00e5n TRUUSK. Den vackra, vita konstl\u00e4der\u00f6verdraget t\u00e4cker den bekv\u00e4ma stoppningen....\" \/>\n<meta property=\"og:url\" content=\"https:\/\/truusk.store\/sv\/produkt\/truusk-ergonomisk-skrivbordsstol-hojdjusterbar-46-61-cm-med-armstod-idealisk-for-kontor-hemmakontor\/\" \/>\n<meta property=\"og:site_name\" content=\"TRUUSK - Hem, Tr\u00e4dg\u00e5rd &amp; Fritid\" \/>\n<meta property=\"article:modified_time\" content=\"2026-03-12T07:55:37+00:00\" \/>\n<meta property=\"og:image\" content=\"https:\/\/i0.wp.com\/truusk.se\/wp-content\/uploads\/2025\/06\/ergonomisk-skrivbordsstol-hojdjusterbar-46-61-cm-med-armstod-idealisk-for-kontor-hemmakontor-1.webp?fit=2000%2C2000&ssl=1\" \/>\n\t<meta property=\"og:image:width\" content=\"2000\" \/>\n\t<meta property=\"og:image:height\" content=\"2000\" \/>\n\t<meta property=\"og:image:type\" content=\"image\/webp\" \/>\n<meta name=\"twitter:card\" content=\"summary_large_image\" \/>\n<meta name=\"twitter:label1\" content=\"Ber\u00e4knad l\u00e4stid\" \/>\n\t<meta name=\"twitter:data1\" content=\"1 minut\" \/>\n<!-- \/ Yoast SEO plugin. -->","yoast_head_json":{"title":"TRUUSK Ergonomisk Skrivbordsstol - H\u00f6jdjusterbar 46-61 cm - Med Armst\u00f6d - Idealisk f\u00f6r Kontor &amp; Hemmakontor - TRUUSK - Hem, Tr\u00e4dg\u00e5rd &amp; Fritid","robots":{"index":"index","follow":"follow","max-snippet":"max-snippet:-1","max-image-preview":"max-image-preview:large","max-video-preview":"max-video-preview:-1"},"canonical":"https:\/\/truusk.store\/sv\/produkt\/truusk-ergonomisk-skrivbordsstol-hojdjusterbar-46-61-cm-med-armstod-idealisk-for-kontor-hemmakontor\/","og_locale":"sv_SE","og_type":"article","og_title":"TRUUSK Ergonomisk Skrivbordsstol - H\u00f6jdjusterbar 46-61 cm - Med Armst\u00f6d - Idealisk f\u00f6r Kontor &amp; Hemmakontor - TRUUSK - Hem, Tr\u00e4dg\u00e5rd &amp; Fritid","og_description":"Exklusiv design kombinerad med h\u00f6g vardaglig anv\u00e4ndbarhet k\u00e4nnetecknar v\u00e5r snurrstol fr\u00e5n TRUUSK. Den vackra, vita konstl\u00e4der\u00f6verdraget t\u00e4cker den bekv\u00e4ma stoppningen....","og_url":"https:\/\/truusk.store\/sv\/produkt\/truusk-ergonomisk-skrivbordsstol-hojdjusterbar-46-61-cm-med-armstod-idealisk-for-kontor-hemmakontor\/","og_site_name":"TRUUSK - Hem, Tr\u00e4dg\u00e5rd &amp; Fritid","article_modified_time":"2026-03-12T07:55:37+00:00","og_image":[{"width":2000,"height":2000,"url":"https:\/\/i0.wp.com\/truusk.se\/wp-content\/uploads\/2025\/06\/ergonomisk-skrivbordsstol-hojdjusterbar-46-61-cm-med-armstod-idealisk-for-kontor-hemmakontor-1.webp?fit=2000%2C2000&ssl=1","type":"image\/webp"}],"twitter_card":"summary_large_image","twitter_misc":{"Ber\u00e4knad l\u00e4stid":"1 minut"},"schema":{"@context":"https:\/\/schema.org","@graph":[{"@type":"WebPage","@id":"https:\/\/truusk.store\/sv\/produkt\/truusk-ergonomisk-skrivbordsstol-hojdjusterbar-46-61-cm-med-armstod-idealisk-for-kontor-hemmakontor\/","url":"https:\/\/truusk.store\/sv\/produkt\/truusk-ergonomisk-skrivbordsstol-hojdjusterbar-46-61-cm-med-armstod-idealisk-for-kontor-hemmakontor\/","name":"TRUUSK Ergonomisk Skrivbordsstol - H\u00f6jdjusterbar 46-61 cm - Med Armst\u00f6d - Idealisk f\u00f6r Kontor &amp; Hemmakontor - TRUUSK - Hem, Tr\u00e4dg\u00e5rd &amp; Fritid","isPartOf":{"@id":"https:\/\/truusk.store\/sv\/#website"},"primaryImageOfPage":{"@id":"https:\/\/truusk.store\/sv\/produkt\/truusk-ergonomisk-skrivbordsstol-hojdjusterbar-46-61-cm-med-armstod-idealisk-for-kontor-hemmakontor\/#primaryimage"},"image":{"@id":"https:\/\/truusk.store\/sv\/produkt\/truusk-ergonomisk-skrivbordsstol-hojdjusterbar-46-61-cm-med-armstod-idealisk-for-kontor-hemmakontor\/#primaryimage"},"thumbnailUrl":"https:\/\/i0.wp.com\/truusk.store\/wp-content\/uploads\/2025\/06\/ergonomisk-skrivbordsstol-hojdjusterbar-46-61-cm-med-armstod-idealisk-for-kontor-hemmakontor-1.webp?fit=2000%2C2000&ssl=1","datePublished":"2025-06-04T20:07:36+00:00","dateModified":"2026-03-12T07:55:37+00:00","breadcrumb":{"@id":"https:\/\/truusk.store\/sv\/produkt\/truusk-ergonomisk-skrivbordsstol-hojdjusterbar-46-61-cm-med-armstod-idealisk-for-kontor-hemmakontor\/#breadcrumb"},"inLanguage":"sv-SE","potentialAction":[{"@type":"ReadAction","target":["https:\/\/truusk.store\/sv\/produkt\/truusk-ergonomisk-skrivbordsstol-hojdjusterbar-46-61-cm-med-armstod-idealisk-for-kontor-hemmakontor\/"]}]},{"@type":"ImageObject","inLanguage":"sv-SE","@id":"https:\/\/truusk.store\/sv\/produkt\/truusk-ergonomisk-skrivbordsstol-hojdjusterbar-46-61-cm-med-armstod-idealisk-for-kontor-hemmakontor\/#primaryimage","url":"https:\/\/i0.wp.com\/truusk.store\/wp-content\/uploads\/2025\/06\/ergonomisk-skrivbordsstol-hojdjusterbar-46-61-cm-med-armstod-idealisk-for-kontor-hemmakontor-1.webp?fit=2000%2C2000&ssl=1","contentUrl":"https:\/\/i0.wp.com\/truusk.store\/wp-content\/uploads\/2025\/06\/ergonomisk-skrivbordsstol-hojdjusterbar-46-61-cm-med-armstod-idealisk-for-kontor-hemmakontor-1.webp?fit=2000%2C2000&ssl=1","width":2000,"height":2000},{"@type":"BreadcrumbList","@id":"https:\/\/truusk.store\/sv\/produkt\/truusk-ergonomisk-skrivbordsstol-hojdjusterbar-46-61-cm-med-armstod-idealisk-for-kontor-hemmakontor\/#breadcrumb","itemListElement":[{"@type":"ListItem","position":1,"name":"Home","item":"https:\/\/truusk.store\/sv\/"},{"@type":"ListItem","position":2,"name":"Shop","item":"https:\/\/truusk.store\/shop\/"},{"@type":"ListItem","position":3,"name":"TRUUSK Ergonomisk Skrivbordsstol &#8211; H\u00f6jdjusterbar 46-61 cm &#8211; Med Armst\u00f6d &#8211; Idealisk f\u00f6r Kontor &amp; Hemmakontor"}]},{"@type":"WebSite","@id":"https:\/\/truusk.store\/sv\/#website","url":"https:\/\/truusk.store\/sv\/","name":"TRUUSK - Hem, Tr\u00e4dg\u00e5rd & Fritid","description":"","publisher":{"@id":"https:\/\/truusk.store\/sv\/#organization"},"potentialAction":[{"@type":"SearchAction","target":{"@type":"EntryPoint","urlTemplate":"https:\/\/truusk.store\/sv\/?s={search_term_string}"},"query-input":{"@type":"PropertyValueSpecification","valueRequired":true,"valueName":"search_term_string"}}],"inLanguage":"sv-SE"},{"@type":"Organization","@id":"https:\/\/truusk.store\/sv\/#organization","name":"TRUUSK - Hem, Tr\u00e4dg\u00e5rd & Fritid","url":"https:\/\/truusk.store\/sv\/","logo":{"@type":"ImageObject","inLanguage":"sv-SE","@id":"https:\/\/truusk.store\/sv\/#\/schema\/logo\/image\/","url":"https:\/\/i0.wp.com\/truusk.store\/wp-content\/uploads\/2026\/03\/cropped-TRUUSK.png?fit=2032%2C917&ssl=1","contentUrl":"https:\/\/i0.wp.com\/truusk.store\/wp-content\/uploads\/2026\/03\/cropped-TRUUSK.png?fit=2032%2C917&ssl=1","width":2032,"height":917,"caption":"TRUUSK - Hem, Tr\u00e4dg\u00e5rd & Fritid"},"image":{"@id":"https:\/\/truusk.store\/sv\/#\/schema\/logo\/image\/"}}]}},"jetpack_sharing_enabled":true,"_links":{"self":[{"href":"https:\/\/truusk.store\/sv\/wp-json\/wp\/v2\/product\/57071","targetHints":{"allow":["GET"]}}],"collection":[{"href":"https:\/\/truusk.store\/sv\/wp-json\/wp\/v2\/product"}],"about":[{"href":"https:\/\/truusk.store\/sv\/wp-json\/wp\/v2\/types\/product"}],"wp:featuredmedia":[{"embeddable":true,"href":"https:\/\/truusk.store\/sv\/wp-json\/wp\/v2\/media\/57062"}],"wp:attachment":[{"href":"https:\/\/truusk.store\/sv\/wp-json\/wp\/v2\/media?parent=57071"}],"wp:term":[{"taxonomy":"product_brand","embeddable":true,"href":"https:\/\/truusk.store\/sv\/wp-json\/wp\/v2\/product_brand?post=57071"},{"taxonomy":"product_cat","embeddable":true,"href":"https:\/\/truusk.store\/sv\/wp-json\/wp\/v2\/product_cat?post=57071"},{"taxonomy":"product_tag","embeddable":true,"href":"https:\/\/truusk.store\/sv\/wp-json\/wp\/v2\/product_tag?post=57071"}],"curies":[{"name":"wp","href":"https:\/\/api.w.org\/{rel}","templated":true}]}}