{"id":57111,"date":"2025-06-04T21:11:54","date_gmt":"2025-06-04T20:11:54","guid":{"rendered":"https:\/\/truusk.store\/product\/redskapshus-tradgardshus-redskapsbod-med-ventilationsfonster-sadeltak-metall-gra-134-x-104-x-204-cm-for-tradgard-utomhus\/"},"modified":"2026-03-12T08:58:22","modified_gmt":"2026-03-12T07:58:22","slug":"truusk-redskapshus-med-ventilationsfonster-sadeltak-metall-gra-134-x-104-x-204-cm-for-tradgard-utomhus","status":"publish","type":"product","link":"https:\/\/truusk.store\/sv\/produkt\/truusk-redskapshus-med-ventilationsfonster-sadeltak-metall-gra-134-x-104-x-204-cm-for-tradgard-utomhus\/","title":{"rendered":"TRUUSK Redskapshus med Ventilationsf\u00f6nster &#8211; Sadeltak &#8211; Metall &#8211; Gr\u00e5 &#8211; 134 x 104 x 204 cm &#8211; F\u00f6r Tr\u00e4dg\u00e5rd &amp; Utomhus"},"content":{"rendered":"<p>Tr\u00e4dg\u00e5rdsskjulet fr\u00e5n TRUUSK, tillverkat av polypropenplast, \u00e4r h\u00e5llbart och korrosionsbest\u00e4ndigt och kommer att ha en hedersplats i din tr\u00e4dg\u00e5rd i m\u00e5nga \u00e5r fram\u00f6ver. Tr\u00e4dg\u00e5rdsskjulet har ett lutande tak f\u00f6r att undvika vattenansamlingar, en l\u00e5sbar d\u00f6rr f\u00f6r enkel tillg\u00e5ng och tv\u00e5 ventilations\u00f6ppningar f\u00f6r intern luftcirkulation f\u00f6r att undvika m\u00f6gel och fukt. Tr\u00e4dg\u00e5rdsskjulet kan anv\u00e4ndas f\u00f6r att f\u00f6rvara alla tr\u00e4dg\u00e5rdsverktyg.<\/p>\n<p>Beskrivning:<\/p>\n<ul>\n<li> Ett eget f\u00f6rvaringsutrymme f\u00f6r tr\u00e4dg\u00e5rdsverktyg, tr\u00e4dg\u00e5rdsutrustning, poolutrustning etc<\/li>\n<li> Robust skjulram av polypropenharzplast f\u00f6r l\u00e5ng livsl\u00e4ngd<\/li>\n<li> Lutande tak f\u00f6r att undvika vattenansamlingar<\/li>\n<li> Stor d\u00f6rr f\u00f6r dig och f\u00f6rem\u00e5l som du enkelt kan lasta in och ut<\/li>\n<li> D\u00f6rren \u00e4r utrustad med ett l\u00e5s f\u00f6r s\u00e4kerheten f\u00f6r objekten<\/li>\n<li> Tv\u00e5 ventilations\u00f6ppningar f\u00f6r god ventilation<\/li>\n<li> Sidof\u00f6nster f\u00f6r mer ljus<\/li>\n<li> Montering kr\u00e4vs<\/li>\n<\/ul>\n<p>Tekniska data:<\/p>\n<ul>\n<li> F\u00e4rg: Gr\u00e5<\/li>\n<li> Material: PP, Metall<\/li>\n<li> Totala m\u00e5tt: 134L x 104B x 204H cm<\/li>\n<li> Golvarea: 120L x 92B cm<\/li>\n<li> Inre omr\u00e5de: 117L x 87B cm<\/li>\n<li> D\u00f6rrstorlek: 72B x 171H cm<\/li>\n<li> Ventilations\u00f6ppningens storlek: 21B x 13H cm<\/li>\n<li> F\u00f6nsterstorlek: 38B x 50H cm<\/li>\n<li> Sn\u00f6kapacitet: 20 kg\/m\u00b2<\/li>\n<\/ul>\n<p>Leveransinneh\u00e5ll:<\/p>\n<ul>\n<li> 1 x Verktygsskjul<\/li>\n<li> 1 x Instruktioner<\/li>\n<\/ul>\n","protected":false},"excerpt":{"rendered":"<p>Tr\u00e4dg\u00e5rdsskjulet fr\u00e5n TRUUSK, tillverkat av polypropenplast, \u00e4r h\u00e5llbart och korrosionsbest\u00e4ndigt och kommer att ha en hedersplats i din tr\u00e4dg\u00e5rd i&#8230;<\/p>\n","protected":false},"featured_media":57102,"template":"","meta":[],"product_brand":[],"product_cat":[901,902,858],"product_tag":[],"class_list":{"0":"post-57111","1":"product","2":"type-product","3":"status-publish","4":"has-post-thumbnail","6":"product_cat-ordning-i-tradgarden","7":"product_cat-redskapsskjul-och-redskapshus","8":"product_cat-tradgard-terrass","10":"first","11":"instock","12":"sale","13":"taxable","14":"shipping-taxable","15":"purchasable","16":"product-type-simple"},"yoast_head":"<!-- This site is optimized with the Yoast SEO plugin v25.4 - https:\/\/yoast.com\/wordpress\/plugins\/seo\/ -->\n<title>TRUUSK Redskapshus med Ventilationsf\u00f6nster - Sadeltak - Metall - Gr\u00e5 - 134 x 104 x 204 cm - F\u00f6r Tr\u00e4dg\u00e5rd &amp; Utomhus - TRUUSK - Hem, Tr\u00e4dg\u00e5rd &amp; Fritid<\/title>\n<meta name=\"robots\" content=\"index, follow, max-snippet:-1, max-image-preview:large, max-video-preview:-1\" \/>\n<link rel=\"canonical\" href=\"https:\/\/truusk.store\/sv\/produkt\/truusk-redskapshus-med-ventilationsfonster-sadeltak-metall-gra-134-x-104-x-204-cm-for-tradgard-utomhus\/\" \/>\n<meta property=\"og:locale\" content=\"sv_SE\" \/>\n<meta property=\"og:type\" content=\"article\" \/>\n<meta property=\"og:title\" content=\"TRUUSK Redskapshus med Ventilationsf\u00f6nster - Sadeltak - Metall - Gr\u00e5 - 134 x 104 x 204 cm - F\u00f6r Tr\u00e4dg\u00e5rd &amp; Utomhus - TRUUSK - Hem, Tr\u00e4dg\u00e5rd &amp; Fritid\" \/>\n<meta property=\"og:description\" content=\"Tr\u00e4dg\u00e5rdsskjulet fr\u00e5n TRUUSK, tillverkat av polypropenplast, \u00e4r h\u00e5llbart och korrosionsbest\u00e4ndigt och kommer att ha en hedersplats i din tr\u00e4dg\u00e5rd i...\" \/>\n<meta property=\"og:url\" content=\"https:\/\/truusk.store\/sv\/produkt\/truusk-redskapshus-med-ventilationsfonster-sadeltak-metall-gra-134-x-104-x-204-cm-for-tradgard-utomhus\/\" \/>\n<meta property=\"og:site_name\" content=\"TRUUSK - Hem, Tr\u00e4dg\u00e5rd &amp; Fritid\" \/>\n<meta property=\"article:modified_time\" content=\"2026-03-12T07:58:22+00:00\" \/>\n<meta property=\"og:image\" content=\"https:\/\/i0.wp.com\/truusk.se\/wp-content\/uploads\/2025\/06\/redskapshus-tradgardshus-redskapsbod-med-ventilationsfonster-sadeltak-metall-gra-134-x-104-x-204-cm-for-tradgard-utomhus-1.webp?fit=2000%2C2000&ssl=1\" \/>\n\t<meta property=\"og:image:width\" content=\"2000\" \/>\n\t<meta property=\"og:image:height\" content=\"2000\" \/>\n\t<meta property=\"og:image:type\" content=\"image\/webp\" \/>\n<meta name=\"twitter:card\" content=\"summary_large_image\" \/>\n<meta name=\"twitter:label1\" content=\"Ber\u00e4knad l\u00e4stid\" \/>\n\t<meta name=\"twitter:data1\" content=\"1 minut\" \/>\n<!-- \/ Yoast SEO plugin. -->","yoast_head_json":{"title":"TRUUSK Redskapshus med Ventilationsf\u00f6nster - Sadeltak - Metall - Gr\u00e5 - 134 x 104 x 204 cm - F\u00f6r Tr\u00e4dg\u00e5rd &amp; Utomhus - TRUUSK - Hem, Tr\u00e4dg\u00e5rd &amp; Fritid","robots":{"index":"index","follow":"follow","max-snippet":"max-snippet:-1","max-image-preview":"max-image-preview:large","max-video-preview":"max-video-preview:-1"},"canonical":"https:\/\/truusk.store\/sv\/produkt\/truusk-redskapshus-med-ventilationsfonster-sadeltak-metall-gra-134-x-104-x-204-cm-for-tradgard-utomhus\/","og_locale":"sv_SE","og_type":"article","og_title":"TRUUSK Redskapshus med Ventilationsf\u00f6nster - Sadeltak - Metall - Gr\u00e5 - 134 x 104 x 204 cm - F\u00f6r Tr\u00e4dg\u00e5rd &amp; Utomhus - TRUUSK - Hem, Tr\u00e4dg\u00e5rd &amp; Fritid","og_description":"Tr\u00e4dg\u00e5rdsskjulet fr\u00e5n TRUUSK, tillverkat av polypropenplast, \u00e4r h\u00e5llbart och korrosionsbest\u00e4ndigt och kommer att ha en hedersplats i din tr\u00e4dg\u00e5rd i...","og_url":"https:\/\/truusk.store\/sv\/produkt\/truusk-redskapshus-med-ventilationsfonster-sadeltak-metall-gra-134-x-104-x-204-cm-for-tradgard-utomhus\/","og_site_name":"TRUUSK - Hem, Tr\u00e4dg\u00e5rd &amp; Fritid","article_modified_time":"2026-03-12T07:58:22+00:00","og_image":[{"width":2000,"height":2000,"url":"https:\/\/i0.wp.com\/truusk.se\/wp-content\/uploads\/2025\/06\/redskapshus-tradgardshus-redskapsbod-med-ventilationsfonster-sadeltak-metall-gra-134-x-104-x-204-cm-for-tradgard-utomhus-1.webp?fit=2000%2C2000&ssl=1","type":"image\/webp"}],"twitter_card":"summary_large_image","twitter_misc":{"Ber\u00e4knad l\u00e4stid":"1 minut"},"schema":{"@context":"https:\/\/schema.org","@graph":[{"@type":"WebPage","@id":"https:\/\/truusk.store\/sv\/produkt\/truusk-redskapshus-med-ventilationsfonster-sadeltak-metall-gra-134-x-104-x-204-cm-for-tradgard-utomhus\/","url":"https:\/\/truusk.store\/sv\/produkt\/truusk-redskapshus-med-ventilationsfonster-sadeltak-metall-gra-134-x-104-x-204-cm-for-tradgard-utomhus\/","name":"TRUUSK Redskapshus med Ventilationsf\u00f6nster - Sadeltak - Metall - Gr\u00e5 - 134 x 104 x 204 cm - F\u00f6r Tr\u00e4dg\u00e5rd &amp; Utomhus - TRUUSK - Hem, Tr\u00e4dg\u00e5rd &amp; Fritid","isPartOf":{"@id":"https:\/\/truusk.store\/sv\/#website"},"primaryImageOfPage":{"@id":"https:\/\/truusk.store\/sv\/produkt\/truusk-redskapshus-med-ventilationsfonster-sadeltak-metall-gra-134-x-104-x-204-cm-for-tradgard-utomhus\/#primaryimage"},"image":{"@id":"https:\/\/truusk.store\/sv\/produkt\/truusk-redskapshus-med-ventilationsfonster-sadeltak-metall-gra-134-x-104-x-204-cm-for-tradgard-utomhus\/#primaryimage"},"thumbnailUrl":"https:\/\/i0.wp.com\/truusk.store\/wp-content\/uploads\/2025\/06\/redskapshus-tradgardshus-redskapsbod-med-ventilationsfonster-sadeltak-metall-gra-134-x-104-x-204-cm-for-tradgard-utomhus-1.webp?fit=2000%2C2000&ssl=1","datePublished":"2025-06-04T20:11:54+00:00","dateModified":"2026-03-12T07:58:22+00:00","breadcrumb":{"@id":"https:\/\/truusk.store\/sv\/produkt\/truusk-redskapshus-med-ventilationsfonster-sadeltak-metall-gra-134-x-104-x-204-cm-for-tradgard-utomhus\/#breadcrumb"},"inLanguage":"sv-SE","potentialAction":[{"@type":"ReadAction","target":["https:\/\/truusk.store\/sv\/produkt\/truusk-redskapshus-med-ventilationsfonster-sadeltak-metall-gra-134-x-104-x-204-cm-for-tradgard-utomhus\/"]}]},{"@type":"ImageObject","inLanguage":"sv-SE","@id":"https:\/\/truusk.store\/sv\/produkt\/truusk-redskapshus-med-ventilationsfonster-sadeltak-metall-gra-134-x-104-x-204-cm-for-tradgard-utomhus\/#primaryimage","url":"https:\/\/i0.wp.com\/truusk.store\/wp-content\/uploads\/2025\/06\/redskapshus-tradgardshus-redskapsbod-med-ventilationsfonster-sadeltak-metall-gra-134-x-104-x-204-cm-for-tradgard-utomhus-1.webp?fit=2000%2C2000&ssl=1","contentUrl":"https:\/\/i0.wp.com\/truusk.store\/wp-content\/uploads\/2025\/06\/redskapshus-tradgardshus-redskapsbod-med-ventilationsfonster-sadeltak-metall-gra-134-x-104-x-204-cm-for-tradgard-utomhus-1.webp?fit=2000%2C2000&ssl=1","width":2000,"height":2000},{"@type":"BreadcrumbList","@id":"https:\/\/truusk.store\/sv\/produkt\/truusk-redskapshus-med-ventilationsfonster-sadeltak-metall-gra-134-x-104-x-204-cm-for-tradgard-utomhus\/#breadcrumb","itemListElement":[{"@type":"ListItem","position":1,"name":"Home","item":"https:\/\/truusk.store\/sv\/"},{"@type":"ListItem","position":2,"name":"Shop","item":"https:\/\/truusk.store\/shop\/"},{"@type":"ListItem","position":3,"name":"TRUUSK Redskapshus med Ventilationsf\u00f6nster &#8211; Sadeltak &#8211; Metall &#8211; Gr\u00e5 &#8211; 134 x 104 x 204 cm &#8211; F\u00f6r Tr\u00e4dg\u00e5rd &amp; Utomhus"}]},{"@type":"WebSite","@id":"https:\/\/truusk.store\/sv\/#website","url":"https:\/\/truusk.store\/sv\/","name":"TRUUSK - Hem, Tr\u00e4dg\u00e5rd & Fritid","description":"","publisher":{"@id":"https:\/\/truusk.store\/sv\/#organization"},"potentialAction":[{"@type":"SearchAction","target":{"@type":"EntryPoint","urlTemplate":"https:\/\/truusk.store\/sv\/?s={search_term_string}"},"query-input":{"@type":"PropertyValueSpecification","valueRequired":true,"valueName":"search_term_string"}}],"inLanguage":"sv-SE"},{"@type":"Organization","@id":"https:\/\/truusk.store\/sv\/#organization","name":"TRUUSK - Hem, Tr\u00e4dg\u00e5rd & Fritid","url":"https:\/\/truusk.store\/sv\/","logo":{"@type":"ImageObject","inLanguage":"sv-SE","@id":"https:\/\/truusk.store\/sv\/#\/schema\/logo\/image\/","url":"https:\/\/i0.wp.com\/truusk.store\/wp-content\/uploads\/2026\/03\/cropped-TRUUSK.png?fit=2032%2C917&ssl=1","contentUrl":"https:\/\/i0.wp.com\/truusk.store\/wp-content\/uploads\/2026\/03\/cropped-TRUUSK.png?fit=2032%2C917&ssl=1","width":2032,"height":917,"caption":"TRUUSK - Hem, Tr\u00e4dg\u00e5rd & Fritid"},"image":{"@id":"https:\/\/truusk.store\/sv\/#\/schema\/logo\/image\/"}}]}},"jetpack_sharing_enabled":true,"_links":{"self":[{"href":"https:\/\/truusk.store\/sv\/wp-json\/wp\/v2\/product\/57111","targetHints":{"allow":["GET"]}}],"collection":[{"href":"https:\/\/truusk.store\/sv\/wp-json\/wp\/v2\/product"}],"about":[{"href":"https:\/\/truusk.store\/sv\/wp-json\/wp\/v2\/types\/product"}],"wp:featuredmedia":[{"embeddable":true,"href":"https:\/\/truusk.store\/sv\/wp-json\/wp\/v2\/media\/57102"}],"wp:attachment":[{"href":"https:\/\/truusk.store\/sv\/wp-json\/wp\/v2\/media?parent=57111"}],"wp:term":[{"taxonomy":"product_brand","embeddable":true,"href":"https:\/\/truusk.store\/sv\/wp-json\/wp\/v2\/product_brand?post=57111"},{"taxonomy":"product_cat","embeddable":true,"href":"https:\/\/truusk.store\/sv\/wp-json\/wp\/v2\/product_cat?post=57111"},{"taxonomy":"product_tag","embeddable":true,"href":"https:\/\/truusk.store\/sv\/wp-json\/wp\/v2\/product_tag?post=57111"}],"curies":[{"name":"wp","href":"https:\/\/api.w.org\/{rel}","templated":true}]}}