{"id":57121,"date":"2025-06-04T21:12:50","date_gmt":"2025-06-04T20:12:50","guid":{"rendered":"https:\/\/truusk.store\/product\/polyetenfilm-3x2x2m-reservfilm-med-6-fonster-for-tradgardstunnel-vaxthus-folietunnel-vaxthusfilm-tradgardsfilm\/"},"modified":"2026-03-12T09:00:24","modified_gmt":"2026-03-12T08:00:24","slug":"truusk-polyetenfilm-3x2x2m-reservfilm-med-6-fonster-for-tradgardstunnel-vaxthus-folietunnel-vaxthusfilm-tradgardsfilm","status":"publish","type":"product","link":"https:\/\/truusk.store\/sv\/produkt\/truusk-polyetenfilm-3x2x2m-reservfilm-med-6-fonster-for-tradgardstunnel-vaxthus-folietunnel-vaxthusfilm-tradgardsfilm\/","title":{"rendered":"TRUUSK Polyetenfilm 3x2x2m &#8211; Reservfilm med 6 f\u00f6nster &#8211; F\u00f6r tr\u00e4dg\u00e5rdstunnel &#8211; V\u00e4xthus &#8211; Folietunnel &#8211; V\u00e4xthusfilm &#8211; Tr\u00e4dg\u00e5rdsfilm"},"content":{"rendered":"<p>\u00c4r du orolig f\u00f6r att beh\u00f6va k\u00f6pa ett nytt v\u00e4xthus om skyddet skadas? Med denna v\u00e4xthusfilm har du en kostnadseffektiv och praktisk l\u00f6sning till hands. Duken med f\u00f6nster och dragkedjeing\u00e5ng \u00e4r idealisk som ers\u00e4ttningsfilm, f\u00f6rutsatt att du redan har en passande v\u00e4xthusram fr\u00e5n TRUUSK. OBS: Endast film ing\u00e5r, ingen ram! Denna produkt \u00e4r avsedd som ers\u00e4ttningsduk f\u00f6r ett redan befintligt passande v\u00e4xthus.<\/p>\n<p>Beskrivning:<\/p>\n<ul>\n<li> OBS: Endast film ing\u00e5r, ingen ram! Denna produkt \u00e4r avsedd som ers\u00e4ttningsduk f\u00f6r ett redan befintligt passande v\u00e4xthus<\/li>\n<li> L\u00e4mplig f\u00f6r g\u00e5ngbara tunnelv\u00e4xthus<\/li>\n<li> Tillverkad av en h\u00e5llbar, rivs\u00e4ker och luftgenomsl\u00e4pplig film<\/li>\n<li> Skyddar v\u00e4xterna p\u00e5 vintern mot kyla, frost och hagel<\/li>\n<li> Stimulerar tillv\u00e4xten p\u00e5 v\u00e5ren och sommaren<\/li>\n<li> Upprullbar fr\u00e4mre d\u00f6rr f\u00f6r snabb och enkel \u00e5tkomst<\/li>\n<li> Flera f\u00f6nster f\u00f6r f\u00f6rb\u00e4ttrad ventilation och mer solljus<\/li>\n<li> De 15 cm f\u00f6rl\u00e4ngda kanterna kan gr\u00e4vas djupt ner i marken<\/li>\n<\/ul>\n<p>Tekniska data:<\/p>\n<ul>\n<li> F\u00e4rg: Gr\u00f6n<\/li>\n<li> Material: Plast<\/li>\n<li> Totala dimensioner: 300L x 200B x 200H cm<\/li>\n<li> D\u00f6rrstorlek: 120L x 170B cm<\/li>\n<li> F\u00f6nsterstorlek: 35L x 35B cm<\/li>\n<li> OBS: Endast film ing\u00e5r, ingen ram! Denna produkt \u00e4r avsedd som ers\u00e4ttningsduk f\u00f6r ett redan befintligt passande v\u00e4xthus<\/li>\n<\/ul>\n<p>Leveransinneh\u00e5ll:<\/p>\n<ul>\n<li> 1 x Skydd f\u00f6r tunnelv\u00e4xthus;<\/li>\n<\/ul>\n","protected":false},"excerpt":{"rendered":"<p>\u00c4r du orolig f\u00f6r att beh\u00f6va k\u00f6pa ett nytt v\u00e4xthus om skyddet skadas? Med denna v\u00e4xthusfilm har du en kostnadseffektiv&#8230;<\/p>\n","protected":false},"featured_media":57112,"template":"","meta":[],"product_brand":[],"product_cat":[903,858,443],"product_tag":[],"class_list":{"0":"post-57121","1":"product","2":"type-product","3":"status-publish","4":"has-post-thumbnail","6":"product_cat-plastvaxthus","7":"product_cat-tradgard-terrass","8":"product_cat-vaxthus-tradgardsskotsel","10":"first","11":"instock","12":"sale","13":"taxable","14":"shipping-taxable","15":"purchasable","16":"product-type-simple"},"yoast_head":"<!-- This site is optimized with the Yoast SEO plugin v25.4 - https:\/\/yoast.com\/wordpress\/plugins\/seo\/ -->\n<title>TRUUSK Polyetenfilm 3x2x2m - Reservfilm med 6 f\u00f6nster - F\u00f6r tr\u00e4dg\u00e5rdstunnel - V\u00e4xthus - Folietunnel - V\u00e4xthusfilm - Tr\u00e4dg\u00e5rdsfilm - TRUUSK - Hem, Tr\u00e4dg\u00e5rd &amp; Fritid<\/title>\n<meta name=\"robots\" content=\"index, follow, max-snippet:-1, max-image-preview:large, max-video-preview:-1\" \/>\n<link rel=\"canonical\" href=\"https:\/\/truusk.store\/sv\/produkt\/truusk-polyetenfilm-3x2x2m-reservfilm-med-6-fonster-for-tradgardstunnel-vaxthus-folietunnel-vaxthusfilm-tradgardsfilm\/\" \/>\n<meta property=\"og:locale\" content=\"sv_SE\" \/>\n<meta property=\"og:type\" content=\"article\" \/>\n<meta property=\"og:title\" content=\"TRUUSK Polyetenfilm 3x2x2m - Reservfilm med 6 f\u00f6nster - F\u00f6r tr\u00e4dg\u00e5rdstunnel - V\u00e4xthus - Folietunnel - V\u00e4xthusfilm - Tr\u00e4dg\u00e5rdsfilm - TRUUSK - Hem, Tr\u00e4dg\u00e5rd &amp; Fritid\" \/>\n<meta property=\"og:description\" content=\"\u00c4r du orolig f\u00f6r att beh\u00f6va k\u00f6pa ett nytt v\u00e4xthus om skyddet skadas? Med denna v\u00e4xthusfilm har du en kostnadseffektiv...\" \/>\n<meta property=\"og:url\" content=\"https:\/\/truusk.store\/sv\/produkt\/truusk-polyetenfilm-3x2x2m-reservfilm-med-6-fonster-for-tradgardstunnel-vaxthus-folietunnel-vaxthusfilm-tradgardsfilm\/\" \/>\n<meta property=\"og:site_name\" content=\"TRUUSK - Hem, Tr\u00e4dg\u00e5rd &amp; Fritid\" \/>\n<meta property=\"article:modified_time\" content=\"2026-03-12T08:00:24+00:00\" \/>\n<meta property=\"og:image\" content=\"https:\/\/i0.wp.com\/truusk.se\/wp-content\/uploads\/2025\/06\/polyetenfilm-3x2x2m-reservfilm-med-6-fonster-for-tradgardstunnel-vaxthus-folietunnel-vaxthusfilm-tradgardsfilm-1.webp?fit=2000%2C2000&ssl=1\" \/>\n\t<meta property=\"og:image:width\" content=\"2000\" \/>\n\t<meta property=\"og:image:height\" content=\"2000\" \/>\n\t<meta property=\"og:image:type\" content=\"image\/webp\" \/>\n<meta name=\"twitter:card\" content=\"summary_large_image\" \/>\n<meta name=\"twitter:label1\" content=\"Ber\u00e4knad l\u00e4stid\" \/>\n\t<meta name=\"twitter:data1\" content=\"1 minut\" \/>\n<!-- \/ Yoast SEO plugin. -->","yoast_head_json":{"title":"TRUUSK Polyetenfilm 3x2x2m - Reservfilm med 6 f\u00f6nster - F\u00f6r tr\u00e4dg\u00e5rdstunnel - V\u00e4xthus - Folietunnel - V\u00e4xthusfilm - Tr\u00e4dg\u00e5rdsfilm - TRUUSK - Hem, Tr\u00e4dg\u00e5rd &amp; Fritid","robots":{"index":"index","follow":"follow","max-snippet":"max-snippet:-1","max-image-preview":"max-image-preview:large","max-video-preview":"max-video-preview:-1"},"canonical":"https:\/\/truusk.store\/sv\/produkt\/truusk-polyetenfilm-3x2x2m-reservfilm-med-6-fonster-for-tradgardstunnel-vaxthus-folietunnel-vaxthusfilm-tradgardsfilm\/","og_locale":"sv_SE","og_type":"article","og_title":"TRUUSK Polyetenfilm 3x2x2m - Reservfilm med 6 f\u00f6nster - F\u00f6r tr\u00e4dg\u00e5rdstunnel - V\u00e4xthus - Folietunnel - V\u00e4xthusfilm - Tr\u00e4dg\u00e5rdsfilm - TRUUSK - Hem, Tr\u00e4dg\u00e5rd &amp; Fritid","og_description":"\u00c4r du orolig f\u00f6r att beh\u00f6va k\u00f6pa ett nytt v\u00e4xthus om skyddet skadas? Med denna v\u00e4xthusfilm har du en kostnadseffektiv...","og_url":"https:\/\/truusk.store\/sv\/produkt\/truusk-polyetenfilm-3x2x2m-reservfilm-med-6-fonster-for-tradgardstunnel-vaxthus-folietunnel-vaxthusfilm-tradgardsfilm\/","og_site_name":"TRUUSK - Hem, Tr\u00e4dg\u00e5rd &amp; Fritid","article_modified_time":"2026-03-12T08:00:24+00:00","og_image":[{"width":2000,"height":2000,"url":"https:\/\/i0.wp.com\/truusk.se\/wp-content\/uploads\/2025\/06\/polyetenfilm-3x2x2m-reservfilm-med-6-fonster-for-tradgardstunnel-vaxthus-folietunnel-vaxthusfilm-tradgardsfilm-1.webp?fit=2000%2C2000&ssl=1","type":"image\/webp"}],"twitter_card":"summary_large_image","twitter_misc":{"Ber\u00e4knad l\u00e4stid":"1 minut"},"schema":{"@context":"https:\/\/schema.org","@graph":[{"@type":"WebPage","@id":"https:\/\/truusk.store\/sv\/produkt\/truusk-polyetenfilm-3x2x2m-reservfilm-med-6-fonster-for-tradgardstunnel-vaxthus-folietunnel-vaxthusfilm-tradgardsfilm\/","url":"https:\/\/truusk.store\/sv\/produkt\/truusk-polyetenfilm-3x2x2m-reservfilm-med-6-fonster-for-tradgardstunnel-vaxthus-folietunnel-vaxthusfilm-tradgardsfilm\/","name":"TRUUSK Polyetenfilm 3x2x2m - Reservfilm med 6 f\u00f6nster - F\u00f6r tr\u00e4dg\u00e5rdstunnel - V\u00e4xthus - Folietunnel - V\u00e4xthusfilm - Tr\u00e4dg\u00e5rdsfilm - TRUUSK - Hem, Tr\u00e4dg\u00e5rd &amp; Fritid","isPartOf":{"@id":"https:\/\/truusk.store\/sv\/#website"},"primaryImageOfPage":{"@id":"https:\/\/truusk.store\/sv\/produkt\/truusk-polyetenfilm-3x2x2m-reservfilm-med-6-fonster-for-tradgardstunnel-vaxthus-folietunnel-vaxthusfilm-tradgardsfilm\/#primaryimage"},"image":{"@id":"https:\/\/truusk.store\/sv\/produkt\/truusk-polyetenfilm-3x2x2m-reservfilm-med-6-fonster-for-tradgardstunnel-vaxthus-folietunnel-vaxthusfilm-tradgardsfilm\/#primaryimage"},"thumbnailUrl":"https:\/\/i0.wp.com\/truusk.store\/wp-content\/uploads\/2025\/06\/polyetenfilm-3x2x2m-reservfilm-med-6-fonster-for-tradgardstunnel-vaxthus-folietunnel-vaxthusfilm-tradgardsfilm-1.webp?fit=2000%2C2000&ssl=1","datePublished":"2025-06-04T20:12:50+00:00","dateModified":"2026-03-12T08:00:24+00:00","breadcrumb":{"@id":"https:\/\/truusk.store\/sv\/produkt\/truusk-polyetenfilm-3x2x2m-reservfilm-med-6-fonster-for-tradgardstunnel-vaxthus-folietunnel-vaxthusfilm-tradgardsfilm\/#breadcrumb"},"inLanguage":"sv-SE","potentialAction":[{"@type":"ReadAction","target":["https:\/\/truusk.store\/sv\/produkt\/truusk-polyetenfilm-3x2x2m-reservfilm-med-6-fonster-for-tradgardstunnel-vaxthus-folietunnel-vaxthusfilm-tradgardsfilm\/"]}]},{"@type":"ImageObject","inLanguage":"sv-SE","@id":"https:\/\/truusk.store\/sv\/produkt\/truusk-polyetenfilm-3x2x2m-reservfilm-med-6-fonster-for-tradgardstunnel-vaxthus-folietunnel-vaxthusfilm-tradgardsfilm\/#primaryimage","url":"https:\/\/i0.wp.com\/truusk.store\/wp-content\/uploads\/2025\/06\/polyetenfilm-3x2x2m-reservfilm-med-6-fonster-for-tradgardstunnel-vaxthus-folietunnel-vaxthusfilm-tradgardsfilm-1.webp?fit=2000%2C2000&ssl=1","contentUrl":"https:\/\/i0.wp.com\/truusk.store\/wp-content\/uploads\/2025\/06\/polyetenfilm-3x2x2m-reservfilm-med-6-fonster-for-tradgardstunnel-vaxthus-folietunnel-vaxthusfilm-tradgardsfilm-1.webp?fit=2000%2C2000&ssl=1","width":2000,"height":2000},{"@type":"BreadcrumbList","@id":"https:\/\/truusk.store\/sv\/produkt\/truusk-polyetenfilm-3x2x2m-reservfilm-med-6-fonster-for-tradgardstunnel-vaxthus-folietunnel-vaxthusfilm-tradgardsfilm\/#breadcrumb","itemListElement":[{"@type":"ListItem","position":1,"name":"Home","item":"https:\/\/truusk.store\/sv\/"},{"@type":"ListItem","position":2,"name":"Shop","item":"https:\/\/truusk.store\/shop\/"},{"@type":"ListItem","position":3,"name":"TRUUSK Polyetenfilm 3x2x2m &#8211; Reservfilm med 6 f\u00f6nster &#8211; F\u00f6r tr\u00e4dg\u00e5rdstunnel &#8211; V\u00e4xthus &#8211; Folietunnel &#8211; V\u00e4xthusfilm &#8211; Tr\u00e4dg\u00e5rdsfilm"}]},{"@type":"WebSite","@id":"https:\/\/truusk.store\/sv\/#website","url":"https:\/\/truusk.store\/sv\/","name":"TRUUSK - Hem, Tr\u00e4dg\u00e5rd & Fritid","description":"","publisher":{"@id":"https:\/\/truusk.store\/sv\/#organization"},"potentialAction":[{"@type":"SearchAction","target":{"@type":"EntryPoint","urlTemplate":"https:\/\/truusk.store\/sv\/?s={search_term_string}"},"query-input":{"@type":"PropertyValueSpecification","valueRequired":true,"valueName":"search_term_string"}}],"inLanguage":"sv-SE"},{"@type":"Organization","@id":"https:\/\/truusk.store\/sv\/#organization","name":"TRUUSK - Hem, Tr\u00e4dg\u00e5rd & Fritid","url":"https:\/\/truusk.store\/sv\/","logo":{"@type":"ImageObject","inLanguage":"sv-SE","@id":"https:\/\/truusk.store\/sv\/#\/schema\/logo\/image\/","url":"https:\/\/i0.wp.com\/truusk.store\/wp-content\/uploads\/2026\/03\/cropped-TRUUSK.png?fit=2032%2C917&ssl=1","contentUrl":"https:\/\/i0.wp.com\/truusk.store\/wp-content\/uploads\/2026\/03\/cropped-TRUUSK.png?fit=2032%2C917&ssl=1","width":2032,"height":917,"caption":"TRUUSK - Hem, Tr\u00e4dg\u00e5rd & Fritid"},"image":{"@id":"https:\/\/truusk.store\/sv\/#\/schema\/logo\/image\/"}}]}},"jetpack_sharing_enabled":true,"_links":{"self":[{"href":"https:\/\/truusk.store\/sv\/wp-json\/wp\/v2\/product\/57121","targetHints":{"allow":["GET"]}}],"collection":[{"href":"https:\/\/truusk.store\/sv\/wp-json\/wp\/v2\/product"}],"about":[{"href":"https:\/\/truusk.store\/sv\/wp-json\/wp\/v2\/types\/product"}],"wp:featuredmedia":[{"embeddable":true,"href":"https:\/\/truusk.store\/sv\/wp-json\/wp\/v2\/media\/57112"}],"wp:attachment":[{"href":"https:\/\/truusk.store\/sv\/wp-json\/wp\/v2\/media?parent=57121"}],"wp:term":[{"taxonomy":"product_brand","embeddable":true,"href":"https:\/\/truusk.store\/sv\/wp-json\/wp\/v2\/product_brand?post=57121"},{"taxonomy":"product_cat","embeddable":true,"href":"https:\/\/truusk.store\/sv\/wp-json\/wp\/v2\/product_cat?post=57121"},{"taxonomy":"product_tag","embeddable":true,"href":"https:\/\/truusk.store\/sv\/wp-json\/wp\/v2\/product_tag?post=57121"}],"curies":[{"name":"wp","href":"https:\/\/api.w.org\/{rel}","templated":true}]}}