{"id":57131,"date":"2025-06-04T21:13:52","date_gmt":"2025-06-04T20:13:52","guid":{"rendered":"https:\/\/truusk.store\/product\/vaxthus-drivhus-tomatvaxthus-med-dorr-och-rullfonster-pe-stal-morkgron-238-x-178-x-240-cm-for-optimal-vaxtodling\/"},"modified":"2026-03-12T08:59:39","modified_gmt":"2026-03-12T07:59:39","slug":"truusk-vaxthus-med-dorr-och-rullfonster-pe-stal-morkgron-238-x-178-x-240-cm-for-optimal-vaxtodling","status":"publish","type":"product","link":"https:\/\/truusk.store\/sv\/produkt\/truusk-vaxthus-med-dorr-och-rullfonster-pe-stal-morkgron-238-x-178-x-240-cm-for-optimal-vaxtodling\/","title":{"rendered":"TRUUSK V\u00e4xthus med D\u00f6rr och Rullf\u00f6nster &#8211; PE-st\u00e5l &#8211; M\u00f6rkgr\u00f6n &#8211; 238 x 178 x 240 cm &#8211; F\u00f6r Optimal V\u00e4xtodling"},"content":{"rendered":"<p>V\u00e5rt TRUUSK v\u00e4xthus \u00e4r det perfekta valet f\u00f6r dem som \u00e4lskar att plantera. Stabil ram och h\u00e5llbart PE-\u00f6verdrag skapar ett varmt och s\u00e4kert hem f\u00f6r dina v\u00e4xter. Praktisk design med dragkedja rullande d\u00f6rr och f\u00f6nster, dina v\u00e4xter kan helt absorbera solen och andas fritt f\u00f6r att v\u00e4xa h\u00e4lsosamt. Detta v\u00e4xthus kommer att vara din bra assistent i tr\u00e4dg\u00e5rden och ge dig en trevlig upplevelse av plantering!<\/p>\n<p>Beskrivning:<\/p>\n<ul>\n<li> L\u00e4mplig f\u00f6r v\u00e4xter, gr\u00f6nsaker, frukt, blomodling<\/li>\n<li> H\u00f6gkvalitativ PE-\u00f6verdrag f\u00f6r l\u00e5ngvarig anv\u00e4ndning<\/li>\n<li> F\u00f6rl\u00e4ngda kanter b\u00f6r gr\u00e4vas djupt in i marken f\u00f6r att strama \u00f6verdraget f\u00f6r mer stabilitet<\/li>\n<li> F\u00e4llbar design, l\u00e4tt att \u00f6ppna och st\u00e4nga<\/li>\n<li> Utrustad med en b\u00e4rbar dragkedjep\u00e5se, l\u00e4tt att b\u00e4ra och flytta<\/li>\n<li> 2 f\u00f6nster ger god ventilation<\/li>\n<li> Dragkedja rullande d\u00f6rrdesign kan f\u00e4stas uppe f\u00f6r att h\u00e5lla \u00f6ppen<\/li>\n<li> Montering kr\u00e4vs<\/li>\n<\/ul>\n<p>Specifikationer:<\/p>\n<ul>\n<li> F\u00e4rg: M\u00f6rkgr\u00f6n<\/li>\n<li> Material: St\u00e5l, PE<\/li>\n<li> Totala dimensioner: 238L x 178B x 240H cm<\/li>\n<li> F\u00f6nsterstorlek: 115L x 55B cm<\/li>\n<li> D\u00f6rrstorlek: 128B x 190H cm<\/li>\n<li> Hopf\u00e4llda dimensioner: 115L x 19,5B x 18,5Hcm<\/li>\n<\/ul>\n<p>Leveransinneh\u00e5ll:<\/p>\n<ul>\n<li> 1 x V\u00e4xthus<\/li>\n<li> 4 x Draglinor<\/li>\n<li> 12 x Jordspikar<\/li>\n<li> 1 x Instruktioner<\/li>\n<\/ul>\n","protected":false},"excerpt":{"rendered":"<p>V\u00e5rt TRUUSK v\u00e4xthus \u00e4r det perfekta valet f\u00f6r dem som \u00e4lskar att plantera. Stabil ram och h\u00e5llbart PE-\u00f6verdrag skapar ett&#8230;<\/p>\n","protected":false},"featured_media":57122,"template":"","meta":[],"product_brand":[],"product_cat":[903,858,443],"product_tag":[],"class_list":{"0":"post-57131","1":"product","2":"type-product","3":"status-publish","4":"has-post-thumbnail","6":"product_cat-plastvaxthus","7":"product_cat-tradgard-terrass","8":"product_cat-vaxthus-tradgardsskotsel","10":"first","11":"instock","12":"sale","13":"taxable","14":"shipping-taxable","15":"purchasable","16":"product-type-simple"},"yoast_head":"<!-- This site is optimized with the Yoast SEO plugin v25.4 - https:\/\/yoast.com\/wordpress\/plugins\/seo\/ -->\n<title>TRUUSK V\u00e4xthus med D\u00f6rr och Rullf\u00f6nster - PE-st\u00e5l - M\u00f6rkgr\u00f6n - 238 x 178 x 240 cm - F\u00f6r Optimal V\u00e4xtodling - TRUUSK - Hem, Tr\u00e4dg\u00e5rd &amp; Fritid<\/title>\n<meta name=\"robots\" content=\"index, follow, max-snippet:-1, max-image-preview:large, max-video-preview:-1\" \/>\n<link rel=\"canonical\" href=\"https:\/\/truusk.store\/sv\/produkt\/truusk-vaxthus-med-dorr-och-rullfonster-pe-stal-morkgron-238-x-178-x-240-cm-for-optimal-vaxtodling\/\" \/>\n<meta property=\"og:locale\" content=\"sv_SE\" \/>\n<meta property=\"og:type\" content=\"article\" \/>\n<meta property=\"og:title\" content=\"TRUUSK V\u00e4xthus med D\u00f6rr och Rullf\u00f6nster - PE-st\u00e5l - M\u00f6rkgr\u00f6n - 238 x 178 x 240 cm - F\u00f6r Optimal V\u00e4xtodling - TRUUSK - Hem, Tr\u00e4dg\u00e5rd &amp; Fritid\" \/>\n<meta property=\"og:description\" content=\"V\u00e5rt TRUUSK v\u00e4xthus \u00e4r det perfekta valet f\u00f6r dem som \u00e4lskar att plantera. Stabil ram och h\u00e5llbart PE-\u00f6verdrag skapar ett...\" \/>\n<meta property=\"og:url\" content=\"https:\/\/truusk.store\/sv\/produkt\/truusk-vaxthus-med-dorr-och-rullfonster-pe-stal-morkgron-238-x-178-x-240-cm-for-optimal-vaxtodling\/\" \/>\n<meta property=\"og:site_name\" content=\"TRUUSK - Hem, Tr\u00e4dg\u00e5rd &amp; Fritid\" \/>\n<meta property=\"article:modified_time\" content=\"2026-03-12T07:59:39+00:00\" \/>\n<meta property=\"og:image\" content=\"https:\/\/i0.wp.com\/truusk.se\/wp-content\/uploads\/2025\/06\/vaxthus-drivhus-tomatvaxthus-med-dorr-och-rullfonster-pe-stal-morkgron-238-x-178-x-240-cm-for-optimal-vaxtodling-1.webp?fit=2000%2C2000&ssl=1\" \/>\n\t<meta property=\"og:image:width\" content=\"2000\" \/>\n\t<meta property=\"og:image:height\" content=\"2000\" \/>\n\t<meta property=\"og:image:type\" content=\"image\/webp\" \/>\n<meta name=\"twitter:card\" content=\"summary_large_image\" \/>\n<meta name=\"twitter:label1\" content=\"Ber\u00e4knad l\u00e4stid\" \/>\n\t<meta name=\"twitter:data1\" content=\"1 minut\" \/>\n<!-- \/ Yoast SEO plugin. -->","yoast_head_json":{"title":"TRUUSK V\u00e4xthus med D\u00f6rr och Rullf\u00f6nster - PE-st\u00e5l - M\u00f6rkgr\u00f6n - 238 x 178 x 240 cm - F\u00f6r Optimal V\u00e4xtodling - TRUUSK - Hem, Tr\u00e4dg\u00e5rd &amp; Fritid","robots":{"index":"index","follow":"follow","max-snippet":"max-snippet:-1","max-image-preview":"max-image-preview:large","max-video-preview":"max-video-preview:-1"},"canonical":"https:\/\/truusk.store\/sv\/produkt\/truusk-vaxthus-med-dorr-och-rullfonster-pe-stal-morkgron-238-x-178-x-240-cm-for-optimal-vaxtodling\/","og_locale":"sv_SE","og_type":"article","og_title":"TRUUSK V\u00e4xthus med D\u00f6rr och Rullf\u00f6nster - PE-st\u00e5l - M\u00f6rkgr\u00f6n - 238 x 178 x 240 cm - F\u00f6r Optimal V\u00e4xtodling - TRUUSK - Hem, Tr\u00e4dg\u00e5rd &amp; Fritid","og_description":"V\u00e5rt TRUUSK v\u00e4xthus \u00e4r det perfekta valet f\u00f6r dem som \u00e4lskar att plantera. Stabil ram och h\u00e5llbart PE-\u00f6verdrag skapar ett...","og_url":"https:\/\/truusk.store\/sv\/produkt\/truusk-vaxthus-med-dorr-och-rullfonster-pe-stal-morkgron-238-x-178-x-240-cm-for-optimal-vaxtodling\/","og_site_name":"TRUUSK - Hem, Tr\u00e4dg\u00e5rd &amp; Fritid","article_modified_time":"2026-03-12T07:59:39+00:00","og_image":[{"width":2000,"height":2000,"url":"https:\/\/i0.wp.com\/truusk.se\/wp-content\/uploads\/2025\/06\/vaxthus-drivhus-tomatvaxthus-med-dorr-och-rullfonster-pe-stal-morkgron-238-x-178-x-240-cm-for-optimal-vaxtodling-1.webp?fit=2000%2C2000&ssl=1","type":"image\/webp"}],"twitter_card":"summary_large_image","twitter_misc":{"Ber\u00e4knad l\u00e4stid":"1 minut"},"schema":{"@context":"https:\/\/schema.org","@graph":[{"@type":"WebPage","@id":"https:\/\/truusk.store\/sv\/produkt\/truusk-vaxthus-med-dorr-och-rullfonster-pe-stal-morkgron-238-x-178-x-240-cm-for-optimal-vaxtodling\/","url":"https:\/\/truusk.store\/sv\/produkt\/truusk-vaxthus-med-dorr-och-rullfonster-pe-stal-morkgron-238-x-178-x-240-cm-for-optimal-vaxtodling\/","name":"TRUUSK V\u00e4xthus med D\u00f6rr och Rullf\u00f6nster - PE-st\u00e5l - M\u00f6rkgr\u00f6n - 238 x 178 x 240 cm - F\u00f6r Optimal V\u00e4xtodling - TRUUSK - Hem, Tr\u00e4dg\u00e5rd &amp; Fritid","isPartOf":{"@id":"https:\/\/truusk.store\/sv\/#website"},"primaryImageOfPage":{"@id":"https:\/\/truusk.store\/sv\/produkt\/truusk-vaxthus-med-dorr-och-rullfonster-pe-stal-morkgron-238-x-178-x-240-cm-for-optimal-vaxtodling\/#primaryimage"},"image":{"@id":"https:\/\/truusk.store\/sv\/produkt\/truusk-vaxthus-med-dorr-och-rullfonster-pe-stal-morkgron-238-x-178-x-240-cm-for-optimal-vaxtodling\/#primaryimage"},"thumbnailUrl":"https:\/\/i0.wp.com\/truusk.store\/wp-content\/uploads\/2025\/06\/vaxthus-drivhus-tomatvaxthus-med-dorr-och-rullfonster-pe-stal-morkgron-238-x-178-x-240-cm-for-optimal-vaxtodling-1.webp?fit=2000%2C2000&ssl=1","datePublished":"2025-06-04T20:13:52+00:00","dateModified":"2026-03-12T07:59:39+00:00","breadcrumb":{"@id":"https:\/\/truusk.store\/sv\/produkt\/truusk-vaxthus-med-dorr-och-rullfonster-pe-stal-morkgron-238-x-178-x-240-cm-for-optimal-vaxtodling\/#breadcrumb"},"inLanguage":"sv-SE","potentialAction":[{"@type":"ReadAction","target":["https:\/\/truusk.store\/sv\/produkt\/truusk-vaxthus-med-dorr-och-rullfonster-pe-stal-morkgron-238-x-178-x-240-cm-for-optimal-vaxtodling\/"]}]},{"@type":"ImageObject","inLanguage":"sv-SE","@id":"https:\/\/truusk.store\/sv\/produkt\/truusk-vaxthus-med-dorr-och-rullfonster-pe-stal-morkgron-238-x-178-x-240-cm-for-optimal-vaxtodling\/#primaryimage","url":"https:\/\/i0.wp.com\/truusk.store\/wp-content\/uploads\/2025\/06\/vaxthus-drivhus-tomatvaxthus-med-dorr-och-rullfonster-pe-stal-morkgron-238-x-178-x-240-cm-for-optimal-vaxtodling-1.webp?fit=2000%2C2000&ssl=1","contentUrl":"https:\/\/i0.wp.com\/truusk.store\/wp-content\/uploads\/2025\/06\/vaxthus-drivhus-tomatvaxthus-med-dorr-och-rullfonster-pe-stal-morkgron-238-x-178-x-240-cm-for-optimal-vaxtodling-1.webp?fit=2000%2C2000&ssl=1","width":2000,"height":2000},{"@type":"BreadcrumbList","@id":"https:\/\/truusk.store\/sv\/produkt\/truusk-vaxthus-med-dorr-och-rullfonster-pe-stal-morkgron-238-x-178-x-240-cm-for-optimal-vaxtodling\/#breadcrumb","itemListElement":[{"@type":"ListItem","position":1,"name":"Home","item":"https:\/\/truusk.store\/sv\/"},{"@type":"ListItem","position":2,"name":"Shop","item":"https:\/\/truusk.store\/shop\/"},{"@type":"ListItem","position":3,"name":"TRUUSK V\u00e4xthus med D\u00f6rr och Rullf\u00f6nster &#8211; PE-st\u00e5l &#8211; M\u00f6rkgr\u00f6n &#8211; 238 x 178 x 240 cm &#8211; F\u00f6r Optimal V\u00e4xtodling"}]},{"@type":"WebSite","@id":"https:\/\/truusk.store\/sv\/#website","url":"https:\/\/truusk.store\/sv\/","name":"TRUUSK - Hem, Tr\u00e4dg\u00e5rd & Fritid","description":"","publisher":{"@id":"https:\/\/truusk.store\/sv\/#organization"},"potentialAction":[{"@type":"SearchAction","target":{"@type":"EntryPoint","urlTemplate":"https:\/\/truusk.store\/sv\/?s={search_term_string}"},"query-input":{"@type":"PropertyValueSpecification","valueRequired":true,"valueName":"search_term_string"}}],"inLanguage":"sv-SE"},{"@type":"Organization","@id":"https:\/\/truusk.store\/sv\/#organization","name":"TRUUSK - Hem, Tr\u00e4dg\u00e5rd & Fritid","url":"https:\/\/truusk.store\/sv\/","logo":{"@type":"ImageObject","inLanguage":"sv-SE","@id":"https:\/\/truusk.store\/sv\/#\/schema\/logo\/image\/","url":"https:\/\/i0.wp.com\/truusk.store\/wp-content\/uploads\/2026\/03\/cropped-TRUUSK.png?fit=2032%2C917&ssl=1","contentUrl":"https:\/\/i0.wp.com\/truusk.store\/wp-content\/uploads\/2026\/03\/cropped-TRUUSK.png?fit=2032%2C917&ssl=1","width":2032,"height":917,"caption":"TRUUSK - Hem, Tr\u00e4dg\u00e5rd & Fritid"},"image":{"@id":"https:\/\/truusk.store\/sv\/#\/schema\/logo\/image\/"}}]}},"jetpack_sharing_enabled":true,"_links":{"self":[{"href":"https:\/\/truusk.store\/sv\/wp-json\/wp\/v2\/product\/57131","targetHints":{"allow":["GET"]}}],"collection":[{"href":"https:\/\/truusk.store\/sv\/wp-json\/wp\/v2\/product"}],"about":[{"href":"https:\/\/truusk.store\/sv\/wp-json\/wp\/v2\/types\/product"}],"wp:featuredmedia":[{"embeddable":true,"href":"https:\/\/truusk.store\/sv\/wp-json\/wp\/v2\/media\/57122"}],"wp:attachment":[{"href":"https:\/\/truusk.store\/sv\/wp-json\/wp\/v2\/media?parent=57131"}],"wp:term":[{"taxonomy":"product_brand","embeddable":true,"href":"https:\/\/truusk.store\/sv\/wp-json\/wp\/v2\/product_brand?post=57131"},{"taxonomy":"product_cat","embeddable":true,"href":"https:\/\/truusk.store\/sv\/wp-json\/wp\/v2\/product_cat?post=57131"},{"taxonomy":"product_tag","embeddable":true,"href":"https:\/\/truusk.store\/sv\/wp-json\/wp\/v2\/product_tag?post=57131"}],"curies":[{"name":"wp","href":"https:\/\/api.w.org\/{rel}","templated":true}]}}