{"id":57141,"date":"2025-06-04T21:14:37","date_gmt":"2025-06-04T20:14:37","guid":{"rendered":"https:\/\/truusk.store\/product\/sittbank-kista-for-sovrum-vardagsrum-konstlader-metall-vit-guld-120x43x42-cm-stilfull-sangbank\/"},"modified":"2026-03-12T08:55:23","modified_gmt":"2026-03-12T07:55:23","slug":"truusk-sangbank-i-konstlader-120x43x42-cm-vit-guld-stilfull-design-for-sovrum-vardagsrum","status":"publish","type":"product","link":"https:\/\/truusk.store\/sv\/produkt\/truusk-sangbank-i-konstlader-120x43x42-cm-vit-guld-stilfull-design-for-sovrum-vardagsrum\/","title":{"rendered":"TRUUSK S\u00e4ngb\u00e4nk i Konstl\u00e4der &#8211; 120x43x42 cm &#8211; Vit\/Guld &#8211; Stilfull Design &#8211; F\u00f6r Sovrum &amp; Vardagsrum"},"content":{"rendered":"<p>Bring sk\u00f6nhet till ditt sovrum med denna b\u00e4nk fr\u00e5n TRUUSK. Den \u00e4r tillverkad av solid metall f\u00f6r en stark st\u00e4llning. Det unikt formade benet med guld lack ger det en klassisk k\u00e4nsla som passar till alla rum dekorationer. Kan inte bara anv\u00e4ndas som en s\u00e4ngb\u00e4nk, utan ocks\u00e5 som en skob\u00e4nk och pianob\u00e4nk. Den ger extra sittplatser n\u00e4r det beh\u00f6vs. En touch av lyxig raffinement att \u00e4lska, oavsett om det \u00e4r f\u00f6r att sitta eller bara f\u00f6r att beundra.<\/p>\n<p>Beskrivning:<\/p>\n<ul>\n<li> Sytt diamantm\u00f6nster och unikt formade guld ben, sm\u00e4lter s\u00f6ml\u00f6st in i din heminredning<\/li>\n<li> Med solid metallram och galvaniserade ben, stark belastningskapacitet upp till 150 kg, robust och h\u00e5llbar<\/li>\n<li> Slitstark och mjuk konstl\u00e4der yta f\u00f6r enkel reng\u00f6ring och underh\u00e5ll<\/li>\n<li> Den vadderade s\u00e4tet ger dig h\u00f6g sittkomfort<\/li>\n<li> Idealisk f\u00f6r sovrum, entr\u00e9, lounge, vardagsrum etc<\/li>\n<li> Montering kr\u00e4vs<\/li>\n<\/ul>\n<p> Tekniska data:<\/p>\n<ul>\n<li> F\u00e4rg: Vit+Guld<\/li>\n<li> Material: Konstl\u00e4der, skum, metall<\/li>\n<li> Totala m\u00e5tt: 123B x 43T x 42H cm<\/li>\n<li> Sitt h\u00f6jd: 17 cm<\/li>\n<li> Benh\u00f6jd (till golvet): 25 cm<\/li>\n<li> Belastningskapacitet: 150 kg<\/li>\n<\/ul>\n<p>Leveransinneh\u00e5ll:<\/p>\n<ul>\n<li> 1 x Sittb\u00e4nk<\/li>\n<li> 1 x Instruktion<\/li>\n<\/ul>\n","protected":false},"excerpt":{"rendered":"<p>Bring sk\u00f6nhet till ditt sovrum med denna b\u00e4nk fr\u00e5n TRUUSK. Den \u00e4r tillverkad av solid metall f\u00f6r en stark st\u00e4llning&#8230;.<\/p>\n","protected":false},"featured_media":57132,"template":"","meta":[],"product_brand":[],"product_cat":[871,897,540],"product_tag":[],"class_list":{"0":"post-57141","1":"product","2":"type-product","3":"status-publish","4":"has-post-thumbnail","6":"product_cat-hus-hem","7":"product_cat-sovrum","8":"product_cat-stoppade-bankar","10":"first","11":"instock","12":"sale","13":"taxable","14":"shipping-taxable","15":"purchasable","16":"product-type-simple"},"yoast_head":"<!-- This site is optimized with the Yoast SEO plugin v25.4 - https:\/\/yoast.com\/wordpress\/plugins\/seo\/ -->\n<title>TRUUSK S\u00e4ngb\u00e4nk i Konstl\u00e4der - 120x43x42 cm - Vit\/Guld - Stilfull Design - F\u00f6r Sovrum &amp; Vardagsrum - TRUUSK - Hem, Tr\u00e4dg\u00e5rd &amp; Fritid<\/title>\n<meta name=\"robots\" content=\"index, follow, max-snippet:-1, max-image-preview:large, max-video-preview:-1\" \/>\n<link rel=\"canonical\" href=\"https:\/\/truusk.store\/sv\/produkt\/truusk-sangbank-i-konstlader-120x43x42-cm-vit-guld-stilfull-design-for-sovrum-vardagsrum\/\" \/>\n<meta property=\"og:locale\" content=\"sv_SE\" \/>\n<meta property=\"og:type\" content=\"article\" \/>\n<meta property=\"og:title\" content=\"TRUUSK S\u00e4ngb\u00e4nk i Konstl\u00e4der - 120x43x42 cm - Vit\/Guld - Stilfull Design - F\u00f6r Sovrum &amp; Vardagsrum - TRUUSK - Hem, Tr\u00e4dg\u00e5rd &amp; Fritid\" \/>\n<meta property=\"og:description\" content=\"Bring sk\u00f6nhet till ditt sovrum med denna b\u00e4nk fr\u00e5n TRUUSK. Den \u00e4r tillverkad av solid metall f\u00f6r en stark st\u00e4llning....\" \/>\n<meta property=\"og:url\" content=\"https:\/\/truusk.store\/sv\/produkt\/truusk-sangbank-i-konstlader-120x43x42-cm-vit-guld-stilfull-design-for-sovrum-vardagsrum\/\" \/>\n<meta property=\"og:site_name\" content=\"TRUUSK - Hem, Tr\u00e4dg\u00e5rd &amp; Fritid\" \/>\n<meta property=\"article:modified_time\" content=\"2026-03-12T07:55:23+00:00\" \/>\n<meta property=\"og:image\" content=\"https:\/\/i0.wp.com\/truusk.se\/wp-content\/uploads\/2025\/06\/sittbank-kista-for-sovrum-vardagsrum-konstlader-metall-vit-guld-120x43x42-cm-stilfull-sangbank-1.webp?fit=2000%2C2000&ssl=1\" \/>\n\t<meta property=\"og:image:width\" content=\"2000\" \/>\n\t<meta property=\"og:image:height\" content=\"2000\" \/>\n\t<meta property=\"og:image:type\" content=\"image\/webp\" \/>\n<meta name=\"twitter:card\" content=\"summary_large_image\" \/>\n<meta name=\"twitter:label1\" content=\"Ber\u00e4knad l\u00e4stid\" \/>\n\t<meta name=\"twitter:data1\" content=\"1 minut\" \/>\n<!-- \/ Yoast SEO plugin. -->","yoast_head_json":{"title":"TRUUSK S\u00e4ngb\u00e4nk i Konstl\u00e4der - 120x43x42 cm - Vit\/Guld - Stilfull Design - F\u00f6r Sovrum &amp; Vardagsrum - TRUUSK - Hem, Tr\u00e4dg\u00e5rd &amp; Fritid","robots":{"index":"index","follow":"follow","max-snippet":"max-snippet:-1","max-image-preview":"max-image-preview:large","max-video-preview":"max-video-preview:-1"},"canonical":"https:\/\/truusk.store\/sv\/produkt\/truusk-sangbank-i-konstlader-120x43x42-cm-vit-guld-stilfull-design-for-sovrum-vardagsrum\/","og_locale":"sv_SE","og_type":"article","og_title":"TRUUSK S\u00e4ngb\u00e4nk i Konstl\u00e4der - 120x43x42 cm - Vit\/Guld - Stilfull Design - F\u00f6r Sovrum &amp; Vardagsrum - TRUUSK - Hem, Tr\u00e4dg\u00e5rd &amp; Fritid","og_description":"Bring sk\u00f6nhet till ditt sovrum med denna b\u00e4nk fr\u00e5n TRUUSK. Den \u00e4r tillverkad av solid metall f\u00f6r en stark st\u00e4llning....","og_url":"https:\/\/truusk.store\/sv\/produkt\/truusk-sangbank-i-konstlader-120x43x42-cm-vit-guld-stilfull-design-for-sovrum-vardagsrum\/","og_site_name":"TRUUSK - Hem, Tr\u00e4dg\u00e5rd &amp; Fritid","article_modified_time":"2026-03-12T07:55:23+00:00","og_image":[{"width":2000,"height":2000,"url":"https:\/\/i0.wp.com\/truusk.se\/wp-content\/uploads\/2025\/06\/sittbank-kista-for-sovrum-vardagsrum-konstlader-metall-vit-guld-120x43x42-cm-stilfull-sangbank-1.webp?fit=2000%2C2000&ssl=1","type":"image\/webp"}],"twitter_card":"summary_large_image","twitter_misc":{"Ber\u00e4knad l\u00e4stid":"1 minut"},"schema":{"@context":"https:\/\/schema.org","@graph":[{"@type":"WebPage","@id":"https:\/\/truusk.store\/sv\/produkt\/truusk-sangbank-i-konstlader-120x43x42-cm-vit-guld-stilfull-design-for-sovrum-vardagsrum\/","url":"https:\/\/truusk.store\/sv\/produkt\/truusk-sangbank-i-konstlader-120x43x42-cm-vit-guld-stilfull-design-for-sovrum-vardagsrum\/","name":"TRUUSK S\u00e4ngb\u00e4nk i Konstl\u00e4der - 120x43x42 cm - Vit\/Guld - Stilfull Design - F\u00f6r Sovrum &amp; Vardagsrum - TRUUSK - Hem, Tr\u00e4dg\u00e5rd &amp; Fritid","isPartOf":{"@id":"https:\/\/truusk.store\/sv\/#website"},"primaryImageOfPage":{"@id":"https:\/\/truusk.store\/sv\/produkt\/truusk-sangbank-i-konstlader-120x43x42-cm-vit-guld-stilfull-design-for-sovrum-vardagsrum\/#primaryimage"},"image":{"@id":"https:\/\/truusk.store\/sv\/produkt\/truusk-sangbank-i-konstlader-120x43x42-cm-vit-guld-stilfull-design-for-sovrum-vardagsrum\/#primaryimage"},"thumbnailUrl":"https:\/\/i0.wp.com\/truusk.store\/wp-content\/uploads\/2025\/06\/sittbank-kista-for-sovrum-vardagsrum-konstlader-metall-vit-guld-120x43x42-cm-stilfull-sangbank-1.webp?fit=2000%2C2000&ssl=1","datePublished":"2025-06-04T20:14:37+00:00","dateModified":"2026-03-12T07:55:23+00:00","breadcrumb":{"@id":"https:\/\/truusk.store\/sv\/produkt\/truusk-sangbank-i-konstlader-120x43x42-cm-vit-guld-stilfull-design-for-sovrum-vardagsrum\/#breadcrumb"},"inLanguage":"sv-SE","potentialAction":[{"@type":"ReadAction","target":["https:\/\/truusk.store\/sv\/produkt\/truusk-sangbank-i-konstlader-120x43x42-cm-vit-guld-stilfull-design-for-sovrum-vardagsrum\/"]}]},{"@type":"ImageObject","inLanguage":"sv-SE","@id":"https:\/\/truusk.store\/sv\/produkt\/truusk-sangbank-i-konstlader-120x43x42-cm-vit-guld-stilfull-design-for-sovrum-vardagsrum\/#primaryimage","url":"https:\/\/i0.wp.com\/truusk.store\/wp-content\/uploads\/2025\/06\/sittbank-kista-for-sovrum-vardagsrum-konstlader-metall-vit-guld-120x43x42-cm-stilfull-sangbank-1.webp?fit=2000%2C2000&ssl=1","contentUrl":"https:\/\/i0.wp.com\/truusk.store\/wp-content\/uploads\/2025\/06\/sittbank-kista-for-sovrum-vardagsrum-konstlader-metall-vit-guld-120x43x42-cm-stilfull-sangbank-1.webp?fit=2000%2C2000&ssl=1","width":2000,"height":2000},{"@type":"BreadcrumbList","@id":"https:\/\/truusk.store\/sv\/produkt\/truusk-sangbank-i-konstlader-120x43x42-cm-vit-guld-stilfull-design-for-sovrum-vardagsrum\/#breadcrumb","itemListElement":[{"@type":"ListItem","position":1,"name":"Home","item":"https:\/\/truusk.store\/sv\/"},{"@type":"ListItem","position":2,"name":"Shop","item":"https:\/\/truusk.store\/shop\/"},{"@type":"ListItem","position":3,"name":"TRUUSK S\u00e4ngb\u00e4nk i Konstl\u00e4der &#8211; 120x43x42 cm &#8211; Vit\/Guld &#8211; Stilfull Design &#8211; F\u00f6r Sovrum &amp; Vardagsrum"}]},{"@type":"WebSite","@id":"https:\/\/truusk.store\/sv\/#website","url":"https:\/\/truusk.store\/sv\/","name":"TRUUSK - Hem, Tr\u00e4dg\u00e5rd & Fritid","description":"","publisher":{"@id":"https:\/\/truusk.store\/sv\/#organization"},"potentialAction":[{"@type":"SearchAction","target":{"@type":"EntryPoint","urlTemplate":"https:\/\/truusk.store\/sv\/?s={search_term_string}"},"query-input":{"@type":"PropertyValueSpecification","valueRequired":true,"valueName":"search_term_string"}}],"inLanguage":"sv-SE"},{"@type":"Organization","@id":"https:\/\/truusk.store\/sv\/#organization","name":"TRUUSK - Hem, Tr\u00e4dg\u00e5rd & Fritid","url":"https:\/\/truusk.store\/sv\/","logo":{"@type":"ImageObject","inLanguage":"sv-SE","@id":"https:\/\/truusk.store\/sv\/#\/schema\/logo\/image\/","url":"https:\/\/i0.wp.com\/truusk.store\/wp-content\/uploads\/2026\/03\/cropped-TRUUSK.png?fit=2032%2C917&ssl=1","contentUrl":"https:\/\/i0.wp.com\/truusk.store\/wp-content\/uploads\/2026\/03\/cropped-TRUUSK.png?fit=2032%2C917&ssl=1","width":2032,"height":917,"caption":"TRUUSK - Hem, Tr\u00e4dg\u00e5rd & Fritid"},"image":{"@id":"https:\/\/truusk.store\/sv\/#\/schema\/logo\/image\/"}}]}},"jetpack_sharing_enabled":true,"_links":{"self":[{"href":"https:\/\/truusk.store\/sv\/wp-json\/wp\/v2\/product\/57141","targetHints":{"allow":["GET"]}}],"collection":[{"href":"https:\/\/truusk.store\/sv\/wp-json\/wp\/v2\/product"}],"about":[{"href":"https:\/\/truusk.store\/sv\/wp-json\/wp\/v2\/types\/product"}],"wp:featuredmedia":[{"embeddable":true,"href":"https:\/\/truusk.store\/sv\/wp-json\/wp\/v2\/media\/57132"}],"wp:attachment":[{"href":"https:\/\/truusk.store\/sv\/wp-json\/wp\/v2\/media?parent=57141"}],"wp:term":[{"taxonomy":"product_brand","embeddable":true,"href":"https:\/\/truusk.store\/sv\/wp-json\/wp\/v2\/product_brand?post=57141"},{"taxonomy":"product_cat","embeddable":true,"href":"https:\/\/truusk.store\/sv\/wp-json\/wp\/v2\/product_cat?post=57141"},{"taxonomy":"product_tag","embeddable":true,"href":"https:\/\/truusk.store\/sv\/wp-json\/wp\/v2\/product_tag?post=57141"}],"curies":[{"name":"wp","href":"https:\/\/api.w.org\/{rel}","templated":true}]}}