{"id":57161,"date":"2025-06-04T21:16:40","date_gmt":"2025-06-04T20:16:40","guid":{"rendered":"https:\/\/truusk.store\/product\/hund-slalomstanger-agility-traningssats-for-husdjur-med-600d-vaska-polyester-vit-bla-305-x-60-x-94-cm-for-hundsport\/"},"modified":"2026-03-12T08:55:27","modified_gmt":"2026-03-12T07:55:27","slug":"truusk-agility-traningsset-for-hundar-slalomstanger-600d-vask-vit-bla-matt-305-x-60-x-94-cm-hundsport","status":"publish","type":"product","link":"https:\/\/truusk.store\/sv\/produkt\/truusk-agility-traningsset-for-hundar-slalomstanger-600d-vask-vit-bla-matt-305-x-60-x-94-cm-hundsport\/","title":{"rendered":"TRUUSK Agility Tr\u00e4ningsset f\u00f6r Hundar &#8211; Slalomst\u00e4nger &#8211; 600D V\u00e4sk &#8211; Vit\/Bl\u00e5 &#8211; M\u00e5tt 305 x 60 x 94 cm &#8211; Hundsport"},"content":{"rendered":"<p>V\u00e5rt hundagility-set fr\u00e5n Pawhut \u00e4r idealiskt utformat f\u00f6r att tr\u00e4na dina husdjur och ge dem en bra tid. Detta hundagility-set gynnar b\u00e5de \u00e4gare och husdjur. \u00c4garna kan l\u00e4ra sina husdjur nya tricks medan de leker och bygga en n\u00e4ra relation till dem, och dina hundar f\u00e5r ett stort utrymme att springa p\u00e5 och otroligt mycket kul!<\/p>\n<p>Beskrivning:<\/p>\n<ul>\n<li> Detta hundagility-set inneh\u00e5ller 6 st\u00e4nger och en f\u00f6rvaringsv\u00e4ska<\/li>\n<li> En 600D Oxford-v\u00e4ska \u00e4r avsedd f\u00f6r enkel transport<\/li>\n<li> De 6 st\u00e4ngerna kan f\u00e4llas ihop nedifr\u00e5n f\u00f6r enkel f\u00f6rvaring<\/li>\n<li> Produkten kan anv\u00e4ndas b\u00e5de p\u00e5 gr\u00e4s och p\u00e5 alla plana ytor<\/li>\n<li> Polyestermaterialet motst\u00e5r rivning under tr\u00e4ningen, detta agility-tr\u00e4ningssats \u00e4r byggt f\u00f6r att h\u00e5lla i flera \u00e5r<\/li>\n<li> M\u00e5nga s\u00e4tt att anv\u00e4nda slalomst\u00e4ngerna, dessa 6 st\u00e4nger kan st\u00e4llas upp i en linje eller konfigureras f\u00f6rskjutna<\/li>\n<\/ul>\n<p> Tekniska specifikationer:<\/p>\n<ul>\n<li> Totala m\u00e5tt: 305L x 60T x 94H cm<\/li>\n<li> Material: PE-plast<\/li>\n<li> F\u00e4rg: Vit+Bl\u00e5<\/li>\n<li> St\u00e5ngstorlek: \u00d827 mm<\/li>\n<\/ul>\n<p>Leveransinneh\u00e5ll:<\/p>\n<ul>\n<li> 6 x st\u00e4nger<\/li>\n<li> 1 x f\u00f6rvaringsv\u00e4ska<\/li>\n<li> 1 x instruktioner<\/li>\n<\/ul>\n","protected":false},"excerpt":{"rendered":"<p>V\u00e5rt hundagility-set fr\u00e5n Pawhut \u00e4r idealiskt utformat f\u00f6r att tr\u00e4na dina husdjur och ge dem en bra tid. Detta hundagility-set&#8230;<\/p>\n","protected":false},"featured_media":57152,"template":"","meta":[],"product_brand":[],"product_cat":[578,878,574],"product_tag":[],"class_list":{"0":"post-57161","1":"product","2":"type-product","3":"status-publish","4":"has-post-thumbnail","6":"product_cat-agility-set","7":"product_cat-djurbehov","8":"product_cat-hundtillbehor","10":"first","11":"instock","12":"sale","13":"taxable","14":"shipping-taxable","15":"purchasable","16":"product-type-simple"},"yoast_head":"<!-- This site is optimized with the Yoast SEO plugin v25.4 - https:\/\/yoast.com\/wordpress\/plugins\/seo\/ -->\n<title>TRUUSK Agility Tr\u00e4ningsset f\u00f6r Hundar - Slalomst\u00e4nger - 600D V\u00e4sk - Vit\/Bl\u00e5 - M\u00e5tt 305 x 60 x 94 cm - Hundsport - TRUUSK - Hem, Tr\u00e4dg\u00e5rd &amp; Fritid<\/title>\n<meta name=\"robots\" content=\"index, follow, max-snippet:-1, max-image-preview:large, max-video-preview:-1\" \/>\n<link rel=\"canonical\" href=\"https:\/\/truusk.store\/sv\/produkt\/truusk-agility-traningsset-for-hundar-slalomstanger-600d-vask-vit-bla-matt-305-x-60-x-94-cm-hundsport\/\" \/>\n<meta property=\"og:locale\" content=\"sv_SE\" \/>\n<meta property=\"og:type\" content=\"article\" \/>\n<meta property=\"og:title\" content=\"TRUUSK Agility Tr\u00e4ningsset f\u00f6r Hundar - Slalomst\u00e4nger - 600D V\u00e4sk - Vit\/Bl\u00e5 - M\u00e5tt 305 x 60 x 94 cm - Hundsport - TRUUSK - Hem, Tr\u00e4dg\u00e5rd &amp; Fritid\" \/>\n<meta property=\"og:description\" content=\"V\u00e5rt hundagility-set fr\u00e5n Pawhut \u00e4r idealiskt utformat f\u00f6r att tr\u00e4na dina husdjur och ge dem en bra tid. Detta hundagility-set...\" \/>\n<meta property=\"og:url\" content=\"https:\/\/truusk.store\/sv\/produkt\/truusk-agility-traningsset-for-hundar-slalomstanger-600d-vask-vit-bla-matt-305-x-60-x-94-cm-hundsport\/\" \/>\n<meta property=\"og:site_name\" content=\"TRUUSK - Hem, Tr\u00e4dg\u00e5rd &amp; Fritid\" \/>\n<meta property=\"article:modified_time\" content=\"2026-03-12T07:55:27+00:00\" \/>\n<meta property=\"og:image\" content=\"https:\/\/i0.wp.com\/truusk.se\/wp-content\/uploads\/2025\/06\/hund-slalomstanger-agility-traningssats-for-husdjur-med-600d-vaska-polyester-vit-bla-305-x-60-x-94-cm-for-hundsport-1.webp?fit=2000%2C2000&ssl=1\" \/>\n\t<meta property=\"og:image:width\" content=\"2000\" \/>\n\t<meta property=\"og:image:height\" content=\"2000\" \/>\n\t<meta property=\"og:image:type\" content=\"image\/webp\" \/>\n<meta name=\"twitter:card\" content=\"summary_large_image\" \/>\n<meta name=\"twitter:label1\" content=\"Ber\u00e4knad l\u00e4stid\" \/>\n\t<meta name=\"twitter:data1\" content=\"1 minut\" \/>\n<!-- \/ Yoast SEO plugin. -->","yoast_head_json":{"title":"TRUUSK Agility Tr\u00e4ningsset f\u00f6r Hundar - Slalomst\u00e4nger - 600D V\u00e4sk - Vit\/Bl\u00e5 - M\u00e5tt 305 x 60 x 94 cm - Hundsport - TRUUSK - Hem, Tr\u00e4dg\u00e5rd &amp; Fritid","robots":{"index":"index","follow":"follow","max-snippet":"max-snippet:-1","max-image-preview":"max-image-preview:large","max-video-preview":"max-video-preview:-1"},"canonical":"https:\/\/truusk.store\/sv\/produkt\/truusk-agility-traningsset-for-hundar-slalomstanger-600d-vask-vit-bla-matt-305-x-60-x-94-cm-hundsport\/","og_locale":"sv_SE","og_type":"article","og_title":"TRUUSK Agility Tr\u00e4ningsset f\u00f6r Hundar - Slalomst\u00e4nger - 600D V\u00e4sk - Vit\/Bl\u00e5 - M\u00e5tt 305 x 60 x 94 cm - Hundsport - TRUUSK - Hem, Tr\u00e4dg\u00e5rd &amp; Fritid","og_description":"V\u00e5rt hundagility-set fr\u00e5n Pawhut \u00e4r idealiskt utformat f\u00f6r att tr\u00e4na dina husdjur och ge dem en bra tid. Detta hundagility-set...","og_url":"https:\/\/truusk.store\/sv\/produkt\/truusk-agility-traningsset-for-hundar-slalomstanger-600d-vask-vit-bla-matt-305-x-60-x-94-cm-hundsport\/","og_site_name":"TRUUSK - Hem, Tr\u00e4dg\u00e5rd &amp; Fritid","article_modified_time":"2026-03-12T07:55:27+00:00","og_image":[{"width":2000,"height":2000,"url":"https:\/\/i0.wp.com\/truusk.se\/wp-content\/uploads\/2025\/06\/hund-slalomstanger-agility-traningssats-for-husdjur-med-600d-vaska-polyester-vit-bla-305-x-60-x-94-cm-for-hundsport-1.webp?fit=2000%2C2000&ssl=1","type":"image\/webp"}],"twitter_card":"summary_large_image","twitter_misc":{"Ber\u00e4knad l\u00e4stid":"1 minut"},"schema":{"@context":"https:\/\/schema.org","@graph":[{"@type":"WebPage","@id":"https:\/\/truusk.store\/sv\/produkt\/truusk-agility-traningsset-for-hundar-slalomstanger-600d-vask-vit-bla-matt-305-x-60-x-94-cm-hundsport\/","url":"https:\/\/truusk.store\/sv\/produkt\/truusk-agility-traningsset-for-hundar-slalomstanger-600d-vask-vit-bla-matt-305-x-60-x-94-cm-hundsport\/","name":"TRUUSK Agility Tr\u00e4ningsset f\u00f6r Hundar - Slalomst\u00e4nger - 600D V\u00e4sk - Vit\/Bl\u00e5 - M\u00e5tt 305 x 60 x 94 cm - Hundsport - TRUUSK - Hem, Tr\u00e4dg\u00e5rd &amp; Fritid","isPartOf":{"@id":"https:\/\/truusk.store\/sv\/#website"},"primaryImageOfPage":{"@id":"https:\/\/truusk.store\/sv\/produkt\/truusk-agility-traningsset-for-hundar-slalomstanger-600d-vask-vit-bla-matt-305-x-60-x-94-cm-hundsport\/#primaryimage"},"image":{"@id":"https:\/\/truusk.store\/sv\/produkt\/truusk-agility-traningsset-for-hundar-slalomstanger-600d-vask-vit-bla-matt-305-x-60-x-94-cm-hundsport\/#primaryimage"},"thumbnailUrl":"https:\/\/i0.wp.com\/truusk.store\/wp-content\/uploads\/2025\/06\/hund-slalomstanger-agility-traningssats-for-husdjur-med-600d-vaska-polyester-vit-bla-305-x-60-x-94-cm-for-hundsport-1.webp?fit=2000%2C2000&ssl=1","datePublished":"2025-06-04T20:16:40+00:00","dateModified":"2026-03-12T07:55:27+00:00","breadcrumb":{"@id":"https:\/\/truusk.store\/sv\/produkt\/truusk-agility-traningsset-for-hundar-slalomstanger-600d-vask-vit-bla-matt-305-x-60-x-94-cm-hundsport\/#breadcrumb"},"inLanguage":"sv-SE","potentialAction":[{"@type":"ReadAction","target":["https:\/\/truusk.store\/sv\/produkt\/truusk-agility-traningsset-for-hundar-slalomstanger-600d-vask-vit-bla-matt-305-x-60-x-94-cm-hundsport\/"]}]},{"@type":"ImageObject","inLanguage":"sv-SE","@id":"https:\/\/truusk.store\/sv\/produkt\/truusk-agility-traningsset-for-hundar-slalomstanger-600d-vask-vit-bla-matt-305-x-60-x-94-cm-hundsport\/#primaryimage","url":"https:\/\/i0.wp.com\/truusk.store\/wp-content\/uploads\/2025\/06\/hund-slalomstanger-agility-traningssats-for-husdjur-med-600d-vaska-polyester-vit-bla-305-x-60-x-94-cm-for-hundsport-1.webp?fit=2000%2C2000&ssl=1","contentUrl":"https:\/\/i0.wp.com\/truusk.store\/wp-content\/uploads\/2025\/06\/hund-slalomstanger-agility-traningssats-for-husdjur-med-600d-vaska-polyester-vit-bla-305-x-60-x-94-cm-for-hundsport-1.webp?fit=2000%2C2000&ssl=1","width":2000,"height":2000},{"@type":"BreadcrumbList","@id":"https:\/\/truusk.store\/sv\/produkt\/truusk-agility-traningsset-for-hundar-slalomstanger-600d-vask-vit-bla-matt-305-x-60-x-94-cm-hundsport\/#breadcrumb","itemListElement":[{"@type":"ListItem","position":1,"name":"Home","item":"https:\/\/truusk.store\/sv\/"},{"@type":"ListItem","position":2,"name":"Shop","item":"https:\/\/truusk.store\/shop\/"},{"@type":"ListItem","position":3,"name":"TRUUSK Agility Tr\u00e4ningsset f\u00f6r Hundar &#8211; Slalomst\u00e4nger &#8211; 600D V\u00e4sk &#8211; Vit\/Bl\u00e5 &#8211; M\u00e5tt 305 x 60 x 94 cm &#8211; Hundsport"}]},{"@type":"WebSite","@id":"https:\/\/truusk.store\/sv\/#website","url":"https:\/\/truusk.store\/sv\/","name":"TRUUSK - Hem, Tr\u00e4dg\u00e5rd & Fritid","description":"","publisher":{"@id":"https:\/\/truusk.store\/sv\/#organization"},"potentialAction":[{"@type":"SearchAction","target":{"@type":"EntryPoint","urlTemplate":"https:\/\/truusk.store\/sv\/?s={search_term_string}"},"query-input":{"@type":"PropertyValueSpecification","valueRequired":true,"valueName":"search_term_string"}}],"inLanguage":"sv-SE"},{"@type":"Organization","@id":"https:\/\/truusk.store\/sv\/#organization","name":"TRUUSK - Hem, Tr\u00e4dg\u00e5rd & Fritid","url":"https:\/\/truusk.store\/sv\/","logo":{"@type":"ImageObject","inLanguage":"sv-SE","@id":"https:\/\/truusk.store\/sv\/#\/schema\/logo\/image\/","url":"https:\/\/i0.wp.com\/truusk.store\/wp-content\/uploads\/2026\/03\/cropped-TRUUSK.png?fit=2032%2C917&ssl=1","contentUrl":"https:\/\/i0.wp.com\/truusk.store\/wp-content\/uploads\/2026\/03\/cropped-TRUUSK.png?fit=2032%2C917&ssl=1","width":2032,"height":917,"caption":"TRUUSK - Hem, Tr\u00e4dg\u00e5rd & Fritid"},"image":{"@id":"https:\/\/truusk.store\/sv\/#\/schema\/logo\/image\/"}}]}},"jetpack_sharing_enabled":true,"_links":{"self":[{"href":"https:\/\/truusk.store\/sv\/wp-json\/wp\/v2\/product\/57161","targetHints":{"allow":["GET"]}}],"collection":[{"href":"https:\/\/truusk.store\/sv\/wp-json\/wp\/v2\/product"}],"about":[{"href":"https:\/\/truusk.store\/sv\/wp-json\/wp\/v2\/types\/product"}],"wp:featuredmedia":[{"embeddable":true,"href":"https:\/\/truusk.store\/sv\/wp-json\/wp\/v2\/media\/57152"}],"wp:attachment":[{"href":"https:\/\/truusk.store\/sv\/wp-json\/wp\/v2\/media?parent=57161"}],"wp:term":[{"taxonomy":"product_brand","embeddable":true,"href":"https:\/\/truusk.store\/sv\/wp-json\/wp\/v2\/product_brand?post=57161"},{"taxonomy":"product_cat","embeddable":true,"href":"https:\/\/truusk.store\/sv\/wp-json\/wp\/v2\/product_cat?post=57161"},{"taxonomy":"product_tag","embeddable":true,"href":"https:\/\/truusk.store\/sv\/wp-json\/wp\/v2\/product_tag?post=57161"}],"curies":[{"name":"wp","href":"https:\/\/api.w.org\/{rel}","templated":true}]}}