{"id":57171,"date":"2025-06-04T21:17:33","date_gmt":"2025-06-04T20:17:33","guid":{"rendered":"https:\/\/truusk.store\/product\/alu-kanotvagn-kajakvagn-surfbrada-vagn-hopfallbar-med-rem-och-pu-hjul-upp-till-75-kg-68-x-445-x-40-cm-idealisk-for-transport\/"},"modified":"2026-03-12T08:58:16","modified_gmt":"2026-03-12T07:58:16","slug":"truusk-aluminium-kanowagen-opvouwbaar-met-pu-wielen-draagriem-tot-75-kg-68-x-445-x-40-cm-ideaal-voor-transport-zweden","status":"publish","type":"product","link":"https:\/\/truusk.store\/sv\/produkt\/truusk-aluminium-kanowagen-opvouwbaar-met-pu-wielen-draagriem-tot-75-kg-68-x-445-x-40-cm-ideaal-voor-transport-zweden\/","title":{"rendered":"TRUUSK Aluminium Kanowagen &#8211; Opvouwbaar met PU-wielen &#8211; Draagriem &#8211; Tot 75 kg &#8211; 68 x 44,5 x 40 cm &#8211; Ideaal voor Transport &#8211; Zweden"},"content":{"rendered":"<p>Flytta din kanot l\u00e4tt och s\u00e4kert \u00f6ver alla underlag med v\u00e5r kanotvagn fr\u00e5n TRUUSK, utan att beh\u00f6va oroa dig f\u00f6r repor. F\u00f6r transport och f\u00f6rvaring kan kanotvagnen enkelt f\u00e4llas ihop f\u00f6r att spara utrymme. G\u00f6r transporten helt avslappnad s\u00e5 att det riktiga n\u00f6jet kan b\u00f6rja. Vi \u00f6nskar dig mycket roligt p\u00e5 vattnet!<\/p>\n<p>Beskrivning:<\/p>\n<ul>\n<li> Passar f\u00f6r kajaker, kanoter och stand up paddle-br\u00e4dor<\/li>\n<li> De 24 cm konstl\u00e4derhjulen beh\u00f6ver inte pumpas upp och kan k\u00f6ras p\u00e5 oj\u00e4mnt underlag<\/li>\n<li> Stark ram av oxiderat aluminium<\/li>\n<li> Bred skumvaddering f\u00f6r att skydda mot repor och bucklor<\/li>\n<li> Med mittband och f\u00e4strem f\u00f6r extra h\u00e5llbarhet<\/li>\n<li> F\u00e4llbar f\u00f6r platsbesparande f\u00f6rvaring och enkel transport<\/li>\n<\/ul>\n<p> Tekniska data:<\/p>\n<ul>\n<li> F\u00e4rg: Silver<\/li>\n<li> Material: Aluminium, konstl\u00e4der, EVA<\/li>\n<li> Totala m\u00e5tt: 68L x 44,5B x 40H cm<\/li>\n<li> F\u00e4llbar storlek: 68L x 44B x 24H cm<\/li>\n<li> D\u00e4ckdimensioner: \u00d824 x 5B cm<\/li>\n<li> B\u00e4rkapacitet: 75 kg<\/li>\n<li> Artikelnummer: A32-009<\/li>\n<\/ul>\n<p>Leveransinneh\u00e5ll:<\/p>\n<ul>\n<li> 1 x Kanotvagn (inkl. f\u00e4strem);<\/li>\n<\/ul>\n","protected":false},"excerpt":{"rendered":"<p>Flytta din kanot l\u00e4tt och s\u00e4kert \u00f6ver alla underlag med v\u00e5r kanotvagn fr\u00e5n TRUUSK, utan att beh\u00f6va oroa dig f\u00f6r&#8230;<\/p>\n","protected":false},"featured_media":57162,"template":"","meta":[],"product_brand":[],"product_cat":[647,904],"product_tag":[],"class_list":{"0":"post-57171","1":"product","2":"type-product","3":"status-publish","4":"has-post-thumbnail","6":"product_cat-sport-fritid","7":"product_cat-vattensport","9":"first","10":"instock","11":"sale","12":"taxable","13":"shipping-taxable","14":"purchasable","15":"product-type-simple"},"yoast_head":"<!-- This site is optimized with the Yoast SEO plugin v25.4 - https:\/\/yoast.com\/wordpress\/plugins\/seo\/ -->\n<title>TRUUSK Aluminium Kanowagen - Opvouwbaar met PU-wielen - Draagriem - Tot 75 kg - 68 x 44,5 x 40 cm - Ideaal voor Transport - Zweden - TRUUSK - Hem, Tr\u00e4dg\u00e5rd &amp; Fritid<\/title>\n<meta name=\"robots\" content=\"index, follow, max-snippet:-1, max-image-preview:large, max-video-preview:-1\" \/>\n<link rel=\"canonical\" href=\"https:\/\/truusk.store\/sv\/produkt\/truusk-aluminium-kanowagen-opvouwbaar-met-pu-wielen-draagriem-tot-75-kg-68-x-445-x-40-cm-ideaal-voor-transport-zweden\/\" \/>\n<meta property=\"og:locale\" content=\"sv_SE\" \/>\n<meta property=\"og:type\" content=\"article\" \/>\n<meta property=\"og:title\" content=\"TRUUSK Aluminium Kanowagen - Opvouwbaar met PU-wielen - Draagriem - Tot 75 kg - 68 x 44,5 x 40 cm - Ideaal voor Transport - Zweden - TRUUSK - Hem, Tr\u00e4dg\u00e5rd &amp; Fritid\" \/>\n<meta property=\"og:description\" content=\"Flytta din kanot l\u00e4tt och s\u00e4kert \u00f6ver alla underlag med v\u00e5r kanotvagn fr\u00e5n TRUUSK, utan att beh\u00f6va oroa dig f\u00f6r...\" \/>\n<meta property=\"og:url\" content=\"https:\/\/truusk.store\/sv\/produkt\/truusk-aluminium-kanowagen-opvouwbaar-met-pu-wielen-draagriem-tot-75-kg-68-x-445-x-40-cm-ideaal-voor-transport-zweden\/\" \/>\n<meta property=\"og:site_name\" content=\"TRUUSK - Hem, Tr\u00e4dg\u00e5rd &amp; Fritid\" \/>\n<meta property=\"article:modified_time\" content=\"2026-03-12T07:58:16+00:00\" \/>\n<meta property=\"og:image\" content=\"https:\/\/i0.wp.com\/truusk.se\/wp-content\/uploads\/2025\/06\/alu-kanotvagn-kajakvagn-surfbrada-vagn-hopfallbar-med-rem-och-pu-hjul-upp-till-75-kg-68-x-445-x-40-cm-idealisk-for-transport-1.webp?fit=2000%2C2000&ssl=1\" \/>\n\t<meta property=\"og:image:width\" content=\"2000\" \/>\n\t<meta property=\"og:image:height\" content=\"2000\" \/>\n\t<meta property=\"og:image:type\" content=\"image\/webp\" \/>\n<meta name=\"twitter:card\" content=\"summary_large_image\" \/>\n<meta name=\"twitter:label1\" content=\"Ber\u00e4knad l\u00e4stid\" \/>\n\t<meta name=\"twitter:data1\" content=\"1 minut\" \/>\n<!-- \/ Yoast SEO plugin. -->","yoast_head_json":{"title":"TRUUSK Aluminium Kanowagen - Opvouwbaar met PU-wielen - Draagriem - Tot 75 kg - 68 x 44,5 x 40 cm - Ideaal voor Transport - Zweden - TRUUSK - Hem, Tr\u00e4dg\u00e5rd &amp; Fritid","robots":{"index":"index","follow":"follow","max-snippet":"max-snippet:-1","max-image-preview":"max-image-preview:large","max-video-preview":"max-video-preview:-1"},"canonical":"https:\/\/truusk.store\/sv\/produkt\/truusk-aluminium-kanowagen-opvouwbaar-met-pu-wielen-draagriem-tot-75-kg-68-x-445-x-40-cm-ideaal-voor-transport-zweden\/","og_locale":"sv_SE","og_type":"article","og_title":"TRUUSK Aluminium Kanowagen - Opvouwbaar met PU-wielen - Draagriem - Tot 75 kg - 68 x 44,5 x 40 cm - Ideaal voor Transport - Zweden - TRUUSK - Hem, Tr\u00e4dg\u00e5rd &amp; Fritid","og_description":"Flytta din kanot l\u00e4tt och s\u00e4kert \u00f6ver alla underlag med v\u00e5r kanotvagn fr\u00e5n TRUUSK, utan att beh\u00f6va oroa dig f\u00f6r...","og_url":"https:\/\/truusk.store\/sv\/produkt\/truusk-aluminium-kanowagen-opvouwbaar-met-pu-wielen-draagriem-tot-75-kg-68-x-445-x-40-cm-ideaal-voor-transport-zweden\/","og_site_name":"TRUUSK - Hem, Tr\u00e4dg\u00e5rd &amp; Fritid","article_modified_time":"2026-03-12T07:58:16+00:00","og_image":[{"width":2000,"height":2000,"url":"https:\/\/i0.wp.com\/truusk.se\/wp-content\/uploads\/2025\/06\/alu-kanotvagn-kajakvagn-surfbrada-vagn-hopfallbar-med-rem-och-pu-hjul-upp-till-75-kg-68-x-445-x-40-cm-idealisk-for-transport-1.webp?fit=2000%2C2000&ssl=1","type":"image\/webp"}],"twitter_card":"summary_large_image","twitter_misc":{"Ber\u00e4knad l\u00e4stid":"1 minut"},"schema":{"@context":"https:\/\/schema.org","@graph":[{"@type":"WebPage","@id":"https:\/\/truusk.store\/sv\/produkt\/truusk-aluminium-kanowagen-opvouwbaar-met-pu-wielen-draagriem-tot-75-kg-68-x-445-x-40-cm-ideaal-voor-transport-zweden\/","url":"https:\/\/truusk.store\/sv\/produkt\/truusk-aluminium-kanowagen-opvouwbaar-met-pu-wielen-draagriem-tot-75-kg-68-x-445-x-40-cm-ideaal-voor-transport-zweden\/","name":"TRUUSK Aluminium Kanowagen - Opvouwbaar met PU-wielen - Draagriem - Tot 75 kg - 68 x 44,5 x 40 cm - Ideaal voor Transport - Zweden - TRUUSK - Hem, Tr\u00e4dg\u00e5rd &amp; Fritid","isPartOf":{"@id":"https:\/\/truusk.store\/sv\/#website"},"primaryImageOfPage":{"@id":"https:\/\/truusk.store\/sv\/produkt\/truusk-aluminium-kanowagen-opvouwbaar-met-pu-wielen-draagriem-tot-75-kg-68-x-445-x-40-cm-ideaal-voor-transport-zweden\/#primaryimage"},"image":{"@id":"https:\/\/truusk.store\/sv\/produkt\/truusk-aluminium-kanowagen-opvouwbaar-met-pu-wielen-draagriem-tot-75-kg-68-x-445-x-40-cm-ideaal-voor-transport-zweden\/#primaryimage"},"thumbnailUrl":"https:\/\/i0.wp.com\/truusk.store\/wp-content\/uploads\/2025\/06\/alu-kanotvagn-kajakvagn-surfbrada-vagn-hopfallbar-med-rem-och-pu-hjul-upp-till-75-kg-68-x-445-x-40-cm-idealisk-for-transport-1.webp?fit=2000%2C2000&ssl=1","datePublished":"2025-06-04T20:17:33+00:00","dateModified":"2026-03-12T07:58:16+00:00","breadcrumb":{"@id":"https:\/\/truusk.store\/sv\/produkt\/truusk-aluminium-kanowagen-opvouwbaar-met-pu-wielen-draagriem-tot-75-kg-68-x-445-x-40-cm-ideaal-voor-transport-zweden\/#breadcrumb"},"inLanguage":"sv-SE","potentialAction":[{"@type":"ReadAction","target":["https:\/\/truusk.store\/sv\/produkt\/truusk-aluminium-kanowagen-opvouwbaar-met-pu-wielen-draagriem-tot-75-kg-68-x-445-x-40-cm-ideaal-voor-transport-zweden\/"]}]},{"@type":"ImageObject","inLanguage":"sv-SE","@id":"https:\/\/truusk.store\/sv\/produkt\/truusk-aluminium-kanowagen-opvouwbaar-met-pu-wielen-draagriem-tot-75-kg-68-x-445-x-40-cm-ideaal-voor-transport-zweden\/#primaryimage","url":"https:\/\/i0.wp.com\/truusk.store\/wp-content\/uploads\/2025\/06\/alu-kanotvagn-kajakvagn-surfbrada-vagn-hopfallbar-med-rem-och-pu-hjul-upp-till-75-kg-68-x-445-x-40-cm-idealisk-for-transport-1.webp?fit=2000%2C2000&ssl=1","contentUrl":"https:\/\/i0.wp.com\/truusk.store\/wp-content\/uploads\/2025\/06\/alu-kanotvagn-kajakvagn-surfbrada-vagn-hopfallbar-med-rem-och-pu-hjul-upp-till-75-kg-68-x-445-x-40-cm-idealisk-for-transport-1.webp?fit=2000%2C2000&ssl=1","width":2000,"height":2000},{"@type":"BreadcrumbList","@id":"https:\/\/truusk.store\/sv\/produkt\/truusk-aluminium-kanowagen-opvouwbaar-met-pu-wielen-draagriem-tot-75-kg-68-x-445-x-40-cm-ideaal-voor-transport-zweden\/#breadcrumb","itemListElement":[{"@type":"ListItem","position":1,"name":"Home","item":"https:\/\/truusk.store\/sv\/"},{"@type":"ListItem","position":2,"name":"Shop","item":"https:\/\/truusk.store\/shop\/"},{"@type":"ListItem","position":3,"name":"TRUUSK Aluminium Kanowagen &#8211; Opvouwbaar met PU-wielen &#8211; Draagriem &#8211; Tot 75 kg &#8211; 68 x 44,5 x 40 cm &#8211; Ideaal voor Transport &#8211; Zweden"}]},{"@type":"WebSite","@id":"https:\/\/truusk.store\/sv\/#website","url":"https:\/\/truusk.store\/sv\/","name":"TRUUSK - Hem, Tr\u00e4dg\u00e5rd & Fritid","description":"","publisher":{"@id":"https:\/\/truusk.store\/sv\/#organization"},"potentialAction":[{"@type":"SearchAction","target":{"@type":"EntryPoint","urlTemplate":"https:\/\/truusk.store\/sv\/?s={search_term_string}"},"query-input":{"@type":"PropertyValueSpecification","valueRequired":true,"valueName":"search_term_string"}}],"inLanguage":"sv-SE"},{"@type":"Organization","@id":"https:\/\/truusk.store\/sv\/#organization","name":"TRUUSK - Hem, Tr\u00e4dg\u00e5rd & Fritid","url":"https:\/\/truusk.store\/sv\/","logo":{"@type":"ImageObject","inLanguage":"sv-SE","@id":"https:\/\/truusk.store\/sv\/#\/schema\/logo\/image\/","url":"https:\/\/i0.wp.com\/truusk.store\/wp-content\/uploads\/2026\/03\/cropped-TRUUSK.png?fit=2032%2C917&ssl=1","contentUrl":"https:\/\/i0.wp.com\/truusk.store\/wp-content\/uploads\/2026\/03\/cropped-TRUUSK.png?fit=2032%2C917&ssl=1","width":2032,"height":917,"caption":"TRUUSK - Hem, Tr\u00e4dg\u00e5rd & Fritid"},"image":{"@id":"https:\/\/truusk.store\/sv\/#\/schema\/logo\/image\/"}}]}},"jetpack_sharing_enabled":true,"_links":{"self":[{"href":"https:\/\/truusk.store\/sv\/wp-json\/wp\/v2\/product\/57171","targetHints":{"allow":["GET"]}}],"collection":[{"href":"https:\/\/truusk.store\/sv\/wp-json\/wp\/v2\/product"}],"about":[{"href":"https:\/\/truusk.store\/sv\/wp-json\/wp\/v2\/types\/product"}],"wp:featuredmedia":[{"embeddable":true,"href":"https:\/\/truusk.store\/sv\/wp-json\/wp\/v2\/media\/57162"}],"wp:attachment":[{"href":"https:\/\/truusk.store\/sv\/wp-json\/wp\/v2\/media?parent=57171"}],"wp:term":[{"taxonomy":"product_brand","embeddable":true,"href":"https:\/\/truusk.store\/sv\/wp-json\/wp\/v2\/product_brand?post=57171"},{"taxonomy":"product_cat","embeddable":true,"href":"https:\/\/truusk.store\/sv\/wp-json\/wp\/v2\/product_cat?post=57171"},{"taxonomy":"product_tag","embeddable":true,"href":"https:\/\/truusk.store\/sv\/wp-json\/wp\/v2\/product_tag?post=57171"}],"curies":[{"name":"wp","href":"https:\/\/api.w.org\/{rel}","templated":true}]}}