{"id":57181,"date":"2025-06-04T21:18:38","date_gmt":"2025-06-04T20:18:38","guid":{"rendered":"https:\/\/truusk.store\/product\/golvflakt-med-vattenangare-28l-dimfunktion-justerbar-lutningsvinkel-metall-120cm-hojd-for-sval-uppfriskning\/"},"modified":"2026-03-12T09:05:28","modified_gmt":"2026-03-12T08:05:28","slug":"truusk-golvflakt-med-vattenangare-28l-tank-dimfunktion-justerbar-lutningsvinkel-metall-120cm-hojd-sval-uppfriskning","status":"publish","type":"product","link":"https:\/\/truusk.store\/sv\/produkt\/truusk-golvflakt-med-vattenangare-28l-tank-dimfunktion-justerbar-lutningsvinkel-metall-120cm-hojd-sval-uppfriskning\/","title":{"rendered":"TRUUSK Golvfl\u00e4kt Med Vatten\u00e5ngare &#8211; 2,8L Tank &#8211; Dimfunktion &#8211; Justerbar Lutningsvinkel &#8211; Metall &#8211; 120cm H\u00f6jd &#8211; Sval Uppfriskning"},"content":{"rendered":"<p>F\u00f6rfriska dig med TRUUSK fl\u00e4kten med spraydimma. Tack vare ultraljudsatomisering kyler den effektivt och fuktar luften. V\u00e4lj mellan tre hastigheter och justera dimintensiteten individuellt. Den automatiska 70\u00b0-rotationen av golvfl\u00e4kten med vattenkylning sprider brisen j\u00e4mnt i rummet.<\/p>\n<p>Beskrivning:<\/p>\n<ul>\n<li> Fl\u00e4ktens ultraljudsatomiseringsteknik med vatten ger effektiv kylning och f\u00f6rhindrar torrhet<\/li>\n<li> Separat anv\u00e4ndning av fl\u00e4kt och dimma m\u00f6jlig<\/li>\n<li> Tre hastighetsniv\u00e5er och stegl\u00f6st justerbar dimstyrka<\/li>\n<li> Automatisk 70\u00b0-rotation t\u00e4cker ett brett omr\u00e5de<\/li>\n<li> 2,8 liters tanken p\u00e5 spraydimmafl\u00e4kten m\u00f6jligg\u00f6r upp till 13 timmars fuktning<\/li>\n<li> P\u00e5minnelse vid l\u00e5g vattenniv\u00e5 f\u00f6rhindrar torrk\u00f6rning<\/li>\n<li> Hjul underl\u00e4ttar flyttning<\/li>\n<\/ul>\n<p> Tekniska data:<\/p>\n<ul>\n<li> F\u00e4rg: Svart<\/li>\n<li> Material: Metall, plast<\/li>\n<li> Totala dimensioner: \u00d844,5 x 120H cm<\/li>\n<li> Basstorlek: \u00d839 cm<\/li>\n<li> Kabell\u00e4ngd: 1,6 m<\/li>\n<li> Max. dimning: 220 mL\/h<\/li>\n<li> Max. vind: 59 m\u00b3\/min<\/li>\n<li> Vattentankkapacitet: 2,8 L<\/li>\n<li> Max. kontinuerlig spraytid: 13 timmar<\/li>\n<li> Buller: 57 dB<\/li>\n<li> Ing\u00e5ng: 220-240V, 50-60Hz<\/li>\n<li> Effekt: 90W<\/li>\n<\/ul>\n<p>Leveransinneh\u00e5ll:<\/p>\n<ul>\n<li> 1 x golvfl\u00e4kt med vattenspraydimma<\/li>\n<li> 1 x bruksanvisning<\/li>\n<\/ul>\n","protected":false},"excerpt":{"rendered":"<p>F\u00f6rfriska dig med TRUUSK fl\u00e4kten med spraydimma. Tack vare ultraljudsatomisering kyler den effektivt och fuktar luften. V\u00e4lj mellan tre hastigheter&#8230;<\/p>\n","protected":false},"featured_media":57172,"template":"","meta":[],"product_brand":[],"product_cat":[867,906,905],"product_tag":[],"class_list":{"0":"post-57181","1":"product","2":"type-product","3":"status-publish","4":"has-post-thumbnail","6":"product_cat-byggmarknad","7":"product_cat-flaktar-luftkonditionering","8":"product_cat-klimatkontroll-flaktar","10":"first","11":"instock","12":"sale","13":"taxable","14":"shipping-taxable","15":"purchasable","16":"product-type-simple"},"yoast_head":"<!-- This site is optimized with the Yoast SEO plugin v25.4 - https:\/\/yoast.com\/wordpress\/plugins\/seo\/ -->\n<title>TRUUSK Golvfl\u00e4kt Med Vatten\u00e5ngare - 2,8L Tank - Dimfunktion - Justerbar Lutningsvinkel - Metall - 120cm H\u00f6jd - Sval Uppfriskning - TRUUSK - Hem, Tr\u00e4dg\u00e5rd &amp; Fritid<\/title>\n<meta name=\"robots\" content=\"index, follow, max-snippet:-1, max-image-preview:large, max-video-preview:-1\" \/>\n<link rel=\"canonical\" href=\"https:\/\/truusk.store\/sv\/produkt\/truusk-golvflakt-med-vattenangare-28l-tank-dimfunktion-justerbar-lutningsvinkel-metall-120cm-hojd-sval-uppfriskning\/\" \/>\n<meta property=\"og:locale\" content=\"sv_SE\" \/>\n<meta property=\"og:type\" content=\"article\" \/>\n<meta property=\"og:title\" content=\"TRUUSK Golvfl\u00e4kt Med Vatten\u00e5ngare - 2,8L Tank - Dimfunktion - Justerbar Lutningsvinkel - Metall - 120cm H\u00f6jd - Sval Uppfriskning - TRUUSK - Hem, Tr\u00e4dg\u00e5rd &amp; Fritid\" \/>\n<meta property=\"og:description\" content=\"F\u00f6rfriska dig med TRUUSK fl\u00e4kten med spraydimma. Tack vare ultraljudsatomisering kyler den effektivt och fuktar luften. V\u00e4lj mellan tre hastigheter...\" \/>\n<meta property=\"og:url\" content=\"https:\/\/truusk.store\/sv\/produkt\/truusk-golvflakt-med-vattenangare-28l-tank-dimfunktion-justerbar-lutningsvinkel-metall-120cm-hojd-sval-uppfriskning\/\" \/>\n<meta property=\"og:site_name\" content=\"TRUUSK - Hem, Tr\u00e4dg\u00e5rd &amp; Fritid\" \/>\n<meta property=\"article:modified_time\" content=\"2026-03-12T08:05:28+00:00\" \/>\n<meta property=\"og:image\" content=\"https:\/\/i0.wp.com\/truusk.se\/wp-content\/uploads\/2025\/06\/golvflakt-med-vattenangare-28l-dimfunktion-justerbar-lutningsvinkel-metall-120cm-hojd-for-sval-uppfriskning-1.webp?fit=2000%2C2000&ssl=1\" \/>\n\t<meta property=\"og:image:width\" content=\"2000\" \/>\n\t<meta property=\"og:image:height\" content=\"2000\" \/>\n\t<meta property=\"og:image:type\" content=\"image\/webp\" \/>\n<meta name=\"twitter:card\" content=\"summary_large_image\" \/>\n<meta name=\"twitter:label1\" content=\"Ber\u00e4knad l\u00e4stid\" \/>\n\t<meta name=\"twitter:data1\" content=\"1 minut\" \/>\n<!-- \/ Yoast SEO plugin. -->","yoast_head_json":{"title":"TRUUSK Golvfl\u00e4kt Med Vatten\u00e5ngare - 2,8L Tank - Dimfunktion - Justerbar Lutningsvinkel - Metall - 120cm H\u00f6jd - Sval Uppfriskning - TRUUSK - Hem, Tr\u00e4dg\u00e5rd &amp; Fritid","robots":{"index":"index","follow":"follow","max-snippet":"max-snippet:-1","max-image-preview":"max-image-preview:large","max-video-preview":"max-video-preview:-1"},"canonical":"https:\/\/truusk.store\/sv\/produkt\/truusk-golvflakt-med-vattenangare-28l-tank-dimfunktion-justerbar-lutningsvinkel-metall-120cm-hojd-sval-uppfriskning\/","og_locale":"sv_SE","og_type":"article","og_title":"TRUUSK Golvfl\u00e4kt Med Vatten\u00e5ngare - 2,8L Tank - Dimfunktion - Justerbar Lutningsvinkel - Metall - 120cm H\u00f6jd - Sval Uppfriskning - TRUUSK - Hem, Tr\u00e4dg\u00e5rd &amp; Fritid","og_description":"F\u00f6rfriska dig med TRUUSK fl\u00e4kten med spraydimma. Tack vare ultraljudsatomisering kyler den effektivt och fuktar luften. V\u00e4lj mellan tre hastigheter...","og_url":"https:\/\/truusk.store\/sv\/produkt\/truusk-golvflakt-med-vattenangare-28l-tank-dimfunktion-justerbar-lutningsvinkel-metall-120cm-hojd-sval-uppfriskning\/","og_site_name":"TRUUSK - Hem, Tr\u00e4dg\u00e5rd &amp; Fritid","article_modified_time":"2026-03-12T08:05:28+00:00","og_image":[{"width":2000,"height":2000,"url":"https:\/\/i0.wp.com\/truusk.se\/wp-content\/uploads\/2025\/06\/golvflakt-med-vattenangare-28l-dimfunktion-justerbar-lutningsvinkel-metall-120cm-hojd-for-sval-uppfriskning-1.webp?fit=2000%2C2000&ssl=1","type":"image\/webp"}],"twitter_card":"summary_large_image","twitter_misc":{"Ber\u00e4knad l\u00e4stid":"1 minut"},"schema":{"@context":"https:\/\/schema.org","@graph":[{"@type":"WebPage","@id":"https:\/\/truusk.store\/sv\/produkt\/truusk-golvflakt-med-vattenangare-28l-tank-dimfunktion-justerbar-lutningsvinkel-metall-120cm-hojd-sval-uppfriskning\/","url":"https:\/\/truusk.store\/sv\/produkt\/truusk-golvflakt-med-vattenangare-28l-tank-dimfunktion-justerbar-lutningsvinkel-metall-120cm-hojd-sval-uppfriskning\/","name":"TRUUSK Golvfl\u00e4kt Med Vatten\u00e5ngare - 2,8L Tank - Dimfunktion - Justerbar Lutningsvinkel - Metall - 120cm H\u00f6jd - Sval Uppfriskning - TRUUSK - Hem, Tr\u00e4dg\u00e5rd &amp; Fritid","isPartOf":{"@id":"https:\/\/truusk.store\/sv\/#website"},"primaryImageOfPage":{"@id":"https:\/\/truusk.store\/sv\/produkt\/truusk-golvflakt-med-vattenangare-28l-tank-dimfunktion-justerbar-lutningsvinkel-metall-120cm-hojd-sval-uppfriskning\/#primaryimage"},"image":{"@id":"https:\/\/truusk.store\/sv\/produkt\/truusk-golvflakt-med-vattenangare-28l-tank-dimfunktion-justerbar-lutningsvinkel-metall-120cm-hojd-sval-uppfriskning\/#primaryimage"},"thumbnailUrl":"https:\/\/i0.wp.com\/truusk.store\/wp-content\/uploads\/2025\/06\/golvflakt-med-vattenangare-28l-dimfunktion-justerbar-lutningsvinkel-metall-120cm-hojd-for-sval-uppfriskning-1.webp?fit=2000%2C2000&ssl=1","datePublished":"2025-06-04T20:18:38+00:00","dateModified":"2026-03-12T08:05:28+00:00","breadcrumb":{"@id":"https:\/\/truusk.store\/sv\/produkt\/truusk-golvflakt-med-vattenangare-28l-tank-dimfunktion-justerbar-lutningsvinkel-metall-120cm-hojd-sval-uppfriskning\/#breadcrumb"},"inLanguage":"sv-SE","potentialAction":[{"@type":"ReadAction","target":["https:\/\/truusk.store\/sv\/produkt\/truusk-golvflakt-med-vattenangare-28l-tank-dimfunktion-justerbar-lutningsvinkel-metall-120cm-hojd-sval-uppfriskning\/"]}]},{"@type":"ImageObject","inLanguage":"sv-SE","@id":"https:\/\/truusk.store\/sv\/produkt\/truusk-golvflakt-med-vattenangare-28l-tank-dimfunktion-justerbar-lutningsvinkel-metall-120cm-hojd-sval-uppfriskning\/#primaryimage","url":"https:\/\/i0.wp.com\/truusk.store\/wp-content\/uploads\/2025\/06\/golvflakt-med-vattenangare-28l-dimfunktion-justerbar-lutningsvinkel-metall-120cm-hojd-for-sval-uppfriskning-1.webp?fit=2000%2C2000&ssl=1","contentUrl":"https:\/\/i0.wp.com\/truusk.store\/wp-content\/uploads\/2025\/06\/golvflakt-med-vattenangare-28l-dimfunktion-justerbar-lutningsvinkel-metall-120cm-hojd-for-sval-uppfriskning-1.webp?fit=2000%2C2000&ssl=1","width":2000,"height":2000},{"@type":"BreadcrumbList","@id":"https:\/\/truusk.store\/sv\/produkt\/truusk-golvflakt-med-vattenangare-28l-tank-dimfunktion-justerbar-lutningsvinkel-metall-120cm-hojd-sval-uppfriskning\/#breadcrumb","itemListElement":[{"@type":"ListItem","position":1,"name":"Home","item":"https:\/\/truusk.store\/sv\/"},{"@type":"ListItem","position":2,"name":"Shop","item":"https:\/\/truusk.store\/shop\/"},{"@type":"ListItem","position":3,"name":"TRUUSK Golvfl\u00e4kt Med Vatten\u00e5ngare &#8211; 2,8L Tank &#8211; Dimfunktion &#8211; Justerbar Lutningsvinkel &#8211; Metall &#8211; 120cm H\u00f6jd &#8211; Sval Uppfriskning"}]},{"@type":"WebSite","@id":"https:\/\/truusk.store\/sv\/#website","url":"https:\/\/truusk.store\/sv\/","name":"TRUUSK - Hem, Tr\u00e4dg\u00e5rd & Fritid","description":"","publisher":{"@id":"https:\/\/truusk.store\/sv\/#organization"},"potentialAction":[{"@type":"SearchAction","target":{"@type":"EntryPoint","urlTemplate":"https:\/\/truusk.store\/sv\/?s={search_term_string}"},"query-input":{"@type":"PropertyValueSpecification","valueRequired":true,"valueName":"search_term_string"}}],"inLanguage":"sv-SE"},{"@type":"Organization","@id":"https:\/\/truusk.store\/sv\/#organization","name":"TRUUSK - Hem, Tr\u00e4dg\u00e5rd & Fritid","url":"https:\/\/truusk.store\/sv\/","logo":{"@type":"ImageObject","inLanguage":"sv-SE","@id":"https:\/\/truusk.store\/sv\/#\/schema\/logo\/image\/","url":"https:\/\/i0.wp.com\/truusk.store\/wp-content\/uploads\/2026\/03\/cropped-TRUUSK.png?fit=2032%2C917&ssl=1","contentUrl":"https:\/\/i0.wp.com\/truusk.store\/wp-content\/uploads\/2026\/03\/cropped-TRUUSK.png?fit=2032%2C917&ssl=1","width":2032,"height":917,"caption":"TRUUSK - Hem, Tr\u00e4dg\u00e5rd & Fritid"},"image":{"@id":"https:\/\/truusk.store\/sv\/#\/schema\/logo\/image\/"}}]}},"jetpack_sharing_enabled":true,"_links":{"self":[{"href":"https:\/\/truusk.store\/sv\/wp-json\/wp\/v2\/product\/57181","targetHints":{"allow":["GET"]}}],"collection":[{"href":"https:\/\/truusk.store\/sv\/wp-json\/wp\/v2\/product"}],"about":[{"href":"https:\/\/truusk.store\/sv\/wp-json\/wp\/v2\/types\/product"}],"wp:featuredmedia":[{"embeddable":true,"href":"https:\/\/truusk.store\/sv\/wp-json\/wp\/v2\/media\/57172"}],"wp:attachment":[{"href":"https:\/\/truusk.store\/sv\/wp-json\/wp\/v2\/media?parent=57181"}],"wp:term":[{"taxonomy":"product_brand","embeddable":true,"href":"https:\/\/truusk.store\/sv\/wp-json\/wp\/v2\/product_brand?post=57181"},{"taxonomy":"product_cat","embeddable":true,"href":"https:\/\/truusk.store\/sv\/wp-json\/wp\/v2\/product_cat?post=57181"},{"taxonomy":"product_tag","embeddable":true,"href":"https:\/\/truusk.store\/sv\/wp-json\/wp\/v2\/product_tag?post=57181"}],"curies":[{"name":"wp","href":"https:\/\/api.w.org\/{rel}","templated":true}]}}