{"id":57191,"date":"2025-06-04T21:19:37","date_gmt":"2025-06-04T20:19:37","guid":{"rendered":"https:\/\/truusk.store\/product\/golvlampa-e27-sockel-golvljus-for-vardagsrum-sovrum-kontor-metallstal-linne-guld-vit-47x37x153-cm\/"},"modified":"2026-03-12T09:03:27","modified_gmt":"2026-03-12T08:03:27","slug":"truusk-golvlampa-e27-sockel-metallstal-linne-guld-vit-47x37x153-cm-for-vardagsrum-sovrum-kontor","status":"publish","type":"product","link":"https:\/\/truusk.store\/sv\/produkt\/truusk-golvlampa-e27-sockel-metallstal-linne-guld-vit-47x37x153-cm-for-vardagsrum-sovrum-kontor\/","title":{"rendered":"TRUUSK Golvlampa E27 Sockel &#8211; Metallst\u00e5l Linne &#8211; Guld Vit &#8211; 47x37x153 cm &#8211; F\u00f6r Vardagsrum, Sovrum, Kontor"},"content":{"rendered":"<p>Denna okonstlade eleganta golvlampa fr\u00e5n TRUUSK imponerar med sina rena linjer och en sofistikerad estetik som sm\u00e4lter s\u00f6ml\u00f6st in i varje modern milj\u00f6. Lys upp ditt vardagsrum p\u00e5 ett st\u00e4mningsfullt s\u00e4tt eller placera lampan bredvid din favoritstol f\u00f6r att skapa en ljus och mysig l\u00e4sh\u00f6rna. Att sl\u00e5 p\u00e5 och st\u00e4nga av \u00e4r otroligt bekv\u00e4mt med hj\u00e4lp av den praktiska fotbrytaren. Se ditt hem i ett nytt, f\u00f6rtrollande ljus med hj\u00e4lp av denna vackra golvlampa!<\/p>\n<p>Beskrivning:<\/p>\n<ul>\n<li> Klassisk design \u00e4r idealisk f\u00f6r modern och traditionell inredningsstil<\/li>\n<li> Passar i vardagsrum, matsal, sovrum, studie, kontor och mer<\/li>\n<li> Robust metallstativ med en tung bas f\u00f6r h\u00f6g stabilitet<\/li>\n<li> F\u00f6r ljusk\u00e4llor med E27-sockel (gl\u00f6dlampa ing\u00e5r ej)<\/li>\n<li> Enkel p\u00e5 och avst\u00e4ngning via fotbrytaren<\/li>\n<li> Levereras med europeisk standardplugg<\/li>\n<li> 1,8 m l\u00e5ng kabel underl\u00e4ttar anslutningen<\/li>\n<li> Lampsk\u00e4rmen m\u00e5ste monteras<\/li>\n<li> Montering kr\u00e4vs<\/li>\n<\/ul>\n<p>Tekniska data:<\/p>\n<ul>\n<li> F\u00e4rg: Guld+Vit<\/li>\n<li> Material: St\u00e5l, tyg (lampsk\u00e4rm)<\/li>\n<li> Totala m\u00e5tt: 47L x 37B x 153H cm<\/li>\n<li> M\u00e5tt lampsk\u00e4rm: \u00d837 x 18H cm<\/li>\n<li> M\u00e5tt bas: \u00d826 x 3H cm<\/li>\n<li> Ing\u00e5ngssp\u00e4nning: 230 V\/50 HZ<\/li>\n<li> Maximal effekt: 40 W<\/li>\n<li> L\u00e4ngd p\u00e5 n\u00e4tkabel: 1,8 m<\/li>\n<li> Sockel: E27 (gl\u00f6dlampa ing\u00e5r ej)<\/li>\n<li> Artikelnummer: B31-254<\/li>\n<\/ul>\n<p>Leveransinneh\u00e5ll:<\/p>\n<ul>\n<li> 1 x Golvlampa<\/li>\n<li> 1 x Instruktioner<\/li>\n<\/ul>\n","protected":false},"excerpt":{"rendered":"<p>Denna okonstlade eleganta golvlampa fr\u00e5n TRUUSK imponerar med sina rena linjer och en sofistikerad estetik som sm\u00e4lter s\u00f6ml\u00f6st in i&#8230;<\/p>\n","protected":false},"featured_media":57182,"template":"","meta":[],"product_brand":[],"product_cat":[486,907,871],"product_tag":[],"class_list":{"0":"post-57191","1":"product","2":"type-product","3":"status-publish","4":"has-post-thumbnail","6":"product_cat-belysning","7":"product_cat-golvlampor","8":"product_cat-hus-hem","10":"first","11":"instock","12":"sale","13":"taxable","14":"shipping-taxable","15":"purchasable","16":"product-type-simple"},"yoast_head":"<!-- This site is optimized with the Yoast SEO plugin v25.4 - https:\/\/yoast.com\/wordpress\/plugins\/seo\/ -->\n<title>TRUUSK Golvlampa E27 Sockel - Metallst\u00e5l Linne - Guld Vit - 47x37x153 cm - F\u00f6r Vardagsrum, Sovrum, Kontor - TRUUSK - Hem, Tr\u00e4dg\u00e5rd &amp; Fritid<\/title>\n<meta name=\"robots\" content=\"index, follow, max-snippet:-1, max-image-preview:large, max-video-preview:-1\" \/>\n<link rel=\"canonical\" href=\"https:\/\/truusk.store\/sv\/produkt\/truusk-golvlampa-e27-sockel-metallstal-linne-guld-vit-47x37x153-cm-for-vardagsrum-sovrum-kontor\/\" \/>\n<meta property=\"og:locale\" content=\"sv_SE\" \/>\n<meta property=\"og:type\" content=\"article\" \/>\n<meta property=\"og:title\" content=\"TRUUSK Golvlampa E27 Sockel - Metallst\u00e5l Linne - Guld Vit - 47x37x153 cm - F\u00f6r Vardagsrum, Sovrum, Kontor - TRUUSK - Hem, Tr\u00e4dg\u00e5rd &amp; Fritid\" \/>\n<meta property=\"og:description\" content=\"Denna okonstlade eleganta golvlampa fr\u00e5n TRUUSK imponerar med sina rena linjer och en sofistikerad estetik som sm\u00e4lter s\u00f6ml\u00f6st in i...\" \/>\n<meta property=\"og:url\" content=\"https:\/\/truusk.store\/sv\/produkt\/truusk-golvlampa-e27-sockel-metallstal-linne-guld-vit-47x37x153-cm-for-vardagsrum-sovrum-kontor\/\" \/>\n<meta property=\"og:site_name\" content=\"TRUUSK - Hem, Tr\u00e4dg\u00e5rd &amp; Fritid\" \/>\n<meta property=\"article:modified_time\" content=\"2026-03-12T08:03:27+00:00\" \/>\n<meta property=\"og:image\" content=\"https:\/\/i0.wp.com\/truusk.se\/wp-content\/uploads\/2025\/06\/golvlampa-e27-sockel-golvljus-for-vardagsrum-sovrum-kontor-metallstal-linne-guld-vit-47x37x153-cm-1.webp?fit=2000%2C2000&ssl=1\" \/>\n\t<meta property=\"og:image:width\" content=\"2000\" \/>\n\t<meta property=\"og:image:height\" content=\"2000\" \/>\n\t<meta property=\"og:image:type\" content=\"image\/webp\" \/>\n<meta name=\"twitter:card\" content=\"summary_large_image\" \/>\n<meta name=\"twitter:label1\" content=\"Ber\u00e4knad l\u00e4stid\" \/>\n\t<meta name=\"twitter:data1\" content=\"1 minut\" \/>\n<!-- \/ Yoast SEO plugin. -->","yoast_head_json":{"title":"TRUUSK Golvlampa E27 Sockel - Metallst\u00e5l Linne - Guld Vit - 47x37x153 cm - F\u00f6r Vardagsrum, Sovrum, Kontor - TRUUSK - Hem, Tr\u00e4dg\u00e5rd &amp; Fritid","robots":{"index":"index","follow":"follow","max-snippet":"max-snippet:-1","max-image-preview":"max-image-preview:large","max-video-preview":"max-video-preview:-1"},"canonical":"https:\/\/truusk.store\/sv\/produkt\/truusk-golvlampa-e27-sockel-metallstal-linne-guld-vit-47x37x153-cm-for-vardagsrum-sovrum-kontor\/","og_locale":"sv_SE","og_type":"article","og_title":"TRUUSK Golvlampa E27 Sockel - Metallst\u00e5l Linne - Guld Vit - 47x37x153 cm - F\u00f6r Vardagsrum, Sovrum, Kontor - TRUUSK - Hem, Tr\u00e4dg\u00e5rd &amp; Fritid","og_description":"Denna okonstlade eleganta golvlampa fr\u00e5n TRUUSK imponerar med sina rena linjer och en sofistikerad estetik som sm\u00e4lter s\u00f6ml\u00f6st in i...","og_url":"https:\/\/truusk.store\/sv\/produkt\/truusk-golvlampa-e27-sockel-metallstal-linne-guld-vit-47x37x153-cm-for-vardagsrum-sovrum-kontor\/","og_site_name":"TRUUSK - Hem, Tr\u00e4dg\u00e5rd &amp; Fritid","article_modified_time":"2026-03-12T08:03:27+00:00","og_image":[{"width":2000,"height":2000,"url":"https:\/\/i0.wp.com\/truusk.se\/wp-content\/uploads\/2025\/06\/golvlampa-e27-sockel-golvljus-for-vardagsrum-sovrum-kontor-metallstal-linne-guld-vit-47x37x153-cm-1.webp?fit=2000%2C2000&ssl=1","type":"image\/webp"}],"twitter_card":"summary_large_image","twitter_misc":{"Ber\u00e4knad l\u00e4stid":"1 minut"},"schema":{"@context":"https:\/\/schema.org","@graph":[{"@type":"WebPage","@id":"https:\/\/truusk.store\/sv\/produkt\/truusk-golvlampa-e27-sockel-metallstal-linne-guld-vit-47x37x153-cm-for-vardagsrum-sovrum-kontor\/","url":"https:\/\/truusk.store\/sv\/produkt\/truusk-golvlampa-e27-sockel-metallstal-linne-guld-vit-47x37x153-cm-for-vardagsrum-sovrum-kontor\/","name":"TRUUSK Golvlampa E27 Sockel - Metallst\u00e5l Linne - Guld Vit - 47x37x153 cm - F\u00f6r Vardagsrum, Sovrum, Kontor - TRUUSK - Hem, Tr\u00e4dg\u00e5rd &amp; Fritid","isPartOf":{"@id":"https:\/\/truusk.store\/sv\/#website"},"primaryImageOfPage":{"@id":"https:\/\/truusk.store\/sv\/produkt\/truusk-golvlampa-e27-sockel-metallstal-linne-guld-vit-47x37x153-cm-for-vardagsrum-sovrum-kontor\/#primaryimage"},"image":{"@id":"https:\/\/truusk.store\/sv\/produkt\/truusk-golvlampa-e27-sockel-metallstal-linne-guld-vit-47x37x153-cm-for-vardagsrum-sovrum-kontor\/#primaryimage"},"thumbnailUrl":"https:\/\/i0.wp.com\/truusk.store\/wp-content\/uploads\/2025\/06\/golvlampa-e27-sockel-golvljus-for-vardagsrum-sovrum-kontor-metallstal-linne-guld-vit-47x37x153-cm-1.webp?fit=2000%2C2000&ssl=1","datePublished":"2025-06-04T20:19:37+00:00","dateModified":"2026-03-12T08:03:27+00:00","breadcrumb":{"@id":"https:\/\/truusk.store\/sv\/produkt\/truusk-golvlampa-e27-sockel-metallstal-linne-guld-vit-47x37x153-cm-for-vardagsrum-sovrum-kontor\/#breadcrumb"},"inLanguage":"sv-SE","potentialAction":[{"@type":"ReadAction","target":["https:\/\/truusk.store\/sv\/produkt\/truusk-golvlampa-e27-sockel-metallstal-linne-guld-vit-47x37x153-cm-for-vardagsrum-sovrum-kontor\/"]}]},{"@type":"ImageObject","inLanguage":"sv-SE","@id":"https:\/\/truusk.store\/sv\/produkt\/truusk-golvlampa-e27-sockel-metallstal-linne-guld-vit-47x37x153-cm-for-vardagsrum-sovrum-kontor\/#primaryimage","url":"https:\/\/i0.wp.com\/truusk.store\/wp-content\/uploads\/2025\/06\/golvlampa-e27-sockel-golvljus-for-vardagsrum-sovrum-kontor-metallstal-linne-guld-vit-47x37x153-cm-1.webp?fit=2000%2C2000&ssl=1","contentUrl":"https:\/\/i0.wp.com\/truusk.store\/wp-content\/uploads\/2025\/06\/golvlampa-e27-sockel-golvljus-for-vardagsrum-sovrum-kontor-metallstal-linne-guld-vit-47x37x153-cm-1.webp?fit=2000%2C2000&ssl=1","width":2000,"height":2000},{"@type":"BreadcrumbList","@id":"https:\/\/truusk.store\/sv\/produkt\/truusk-golvlampa-e27-sockel-metallstal-linne-guld-vit-47x37x153-cm-for-vardagsrum-sovrum-kontor\/#breadcrumb","itemListElement":[{"@type":"ListItem","position":1,"name":"Home","item":"https:\/\/truusk.store\/sv\/"},{"@type":"ListItem","position":2,"name":"Shop","item":"https:\/\/truusk.store\/shop\/"},{"@type":"ListItem","position":3,"name":"TRUUSK Golvlampa E27 Sockel &#8211; Metallst\u00e5l Linne &#8211; Guld Vit &#8211; 47x37x153 cm &#8211; F\u00f6r Vardagsrum, Sovrum, Kontor"}]},{"@type":"WebSite","@id":"https:\/\/truusk.store\/sv\/#website","url":"https:\/\/truusk.store\/sv\/","name":"TRUUSK - Hem, Tr\u00e4dg\u00e5rd & Fritid","description":"","publisher":{"@id":"https:\/\/truusk.store\/sv\/#organization"},"potentialAction":[{"@type":"SearchAction","target":{"@type":"EntryPoint","urlTemplate":"https:\/\/truusk.store\/sv\/?s={search_term_string}"},"query-input":{"@type":"PropertyValueSpecification","valueRequired":true,"valueName":"search_term_string"}}],"inLanguage":"sv-SE"},{"@type":"Organization","@id":"https:\/\/truusk.store\/sv\/#organization","name":"TRUUSK - Hem, Tr\u00e4dg\u00e5rd & Fritid","url":"https:\/\/truusk.store\/sv\/","logo":{"@type":"ImageObject","inLanguage":"sv-SE","@id":"https:\/\/truusk.store\/sv\/#\/schema\/logo\/image\/","url":"https:\/\/i0.wp.com\/truusk.store\/wp-content\/uploads\/2026\/03\/cropped-TRUUSK.png?fit=2032%2C917&ssl=1","contentUrl":"https:\/\/i0.wp.com\/truusk.store\/wp-content\/uploads\/2026\/03\/cropped-TRUUSK.png?fit=2032%2C917&ssl=1","width":2032,"height":917,"caption":"TRUUSK - Hem, Tr\u00e4dg\u00e5rd & Fritid"},"image":{"@id":"https:\/\/truusk.store\/sv\/#\/schema\/logo\/image\/"}}]}},"jetpack_sharing_enabled":true,"_links":{"self":[{"href":"https:\/\/truusk.store\/sv\/wp-json\/wp\/v2\/product\/57191","targetHints":{"allow":["GET"]}}],"collection":[{"href":"https:\/\/truusk.store\/sv\/wp-json\/wp\/v2\/product"}],"about":[{"href":"https:\/\/truusk.store\/sv\/wp-json\/wp\/v2\/types\/product"}],"wp:featuredmedia":[{"embeddable":true,"href":"https:\/\/truusk.store\/sv\/wp-json\/wp\/v2\/media\/57182"}],"wp:attachment":[{"href":"https:\/\/truusk.store\/sv\/wp-json\/wp\/v2\/media?parent=57191"}],"wp:term":[{"taxonomy":"product_brand","embeddable":true,"href":"https:\/\/truusk.store\/sv\/wp-json\/wp\/v2\/product_brand?post=57191"},{"taxonomy":"product_cat","embeddable":true,"href":"https:\/\/truusk.store\/sv\/wp-json\/wp\/v2\/product_cat?post=57191"},{"taxonomy":"product_tag","embeddable":true,"href":"https:\/\/truusk.store\/sv\/wp-json\/wp\/v2\/product_tag?post=57191"}],"curies":[{"name":"wp","href":"https:\/\/api.w.org\/{rel}","templated":true}]}}