{"id":57231,"date":"2025-06-04T21:23:29","date_gmt":"2025-06-04T20:23:29","guid":{"rendered":"https:\/\/truusk.store\/product\/parasollskydd-vaderbestandigt-vindtatt-med-snorstangning-latt-att-rengora-for-hangande-parasoll-o63-x-164-cm-i-khaki\/"},"modified":"2026-03-12T09:04:30","modified_gmt":"2026-03-12T08:04:30","slug":"truusk-parasollskydd-vaderbestandigt-vindtatt-snorstangning-latt-att-rengora-khaki-o63-x-164-cm","status":"publish","type":"product","link":"https:\/\/truusk.store\/sv\/produkt\/truusk-parasollskydd-vaderbestandigt-vindtatt-snorstangning-latt-att-rengora-khaki-o63-x-164-cm\/","title":{"rendered":"TRUUSK Parasollskydd &#8211; V\u00e4derbest\u00e4ndigt &amp; Vindt\u00e4tt &#8211; Sn\u00f6rst\u00e4ngning &#8211; L\u00e4tt att reng\u00f6ra &#8211; Khaki &#8211; \u00d863 x 164 cm"},"content":{"rendered":"<p>Denna TRUUSK parasollskydd \u00e4r ett fantastiskt tillbeh\u00f6r f\u00f6r att skydda ditt parasoll n\u00e4r det inte anv\u00e4nds. Den \u00e4r tillverkad av slitstarkt polyestertyg och skyddar parasollet mot regn, sn\u00f6, damm etc. Parasollet har en dragsko i botten som kan dras \u00e5t f\u00f6r att s\u00e4kra vid bl\u00e5sigt v\u00e4der. En dragkedja p\u00e5 ena sidan g\u00f6r det enkelt att \u00f6ppna och st\u00e4nga.<\/p>\n<p>Beskrivning:<\/p>\n<ul>\n<li>Beskrivning:<\/li>\n<li>Hj\u00e4lper dig att h\u00e5lla uteplatsparasollet torrt och redo att anv\u00e4ndas;<\/li>\n<\/ul>\n<p>Specifikationer:<\/p>\n<ul>\n<li>Specifikationer:<\/li>\n<li>Material: Polyestertyg med konstl\u00e4derbel\u00e4ggning;<\/li>\n<\/ul>\n<p>Inneh\u00e5ll:<\/p>\n<ul>\n<li> 1 x Parasollskydd<\/li>\n<li> 1 x Instruktioner<\/li>\n<\/ul>\n","protected":false},"excerpt":{"rendered":"<p>Denna TRUUSK parasollskydd \u00e4r ett fantastiskt tillbeh\u00f6r f\u00f6r att skydda ditt parasoll n\u00e4r det inte anv\u00e4nds. Den \u00e4r tillverkad av&#8230;<\/p>\n","protected":false},"featured_media":57222,"template":"","meta":[],"product_brand":[],"product_cat":[908,862,885,858],"product_tag":[],"class_list":{"0":"post-57231","1":"product","2":"type-product","3":"status-publish","4":"has-post-thumbnail","6":"product_cat-abdeckplanen-fur-sonnenschirme","7":"product_cat-sol-insynsskydd","8":"product_cat-tillbehor-till-parasoller","9":"product_cat-tradgard-terrass","11":"first","12":"instock","13":"sale","14":"taxable","15":"shipping-taxable","16":"purchasable","17":"product-type-simple"},"yoast_head":"<!-- This site is optimized with the Yoast SEO plugin v25.4 - https:\/\/yoast.com\/wordpress\/plugins\/seo\/ -->\n<title>TRUUSK Parasollskydd - V\u00e4derbest\u00e4ndigt &amp; Vindt\u00e4tt - Sn\u00f6rst\u00e4ngning - L\u00e4tt att reng\u00f6ra - Khaki - \u00d863 x 164 cm - TRUUSK - Hem, Tr\u00e4dg\u00e5rd &amp; Fritid<\/title>\n<meta name=\"robots\" content=\"index, follow, max-snippet:-1, max-image-preview:large, max-video-preview:-1\" \/>\n<link rel=\"canonical\" href=\"https:\/\/truusk.store\/sv\/produkt\/truusk-parasollskydd-vaderbestandigt-vindtatt-snorstangning-latt-att-rengora-khaki-o63-x-164-cm\/\" \/>\n<meta property=\"og:locale\" content=\"sv_SE\" \/>\n<meta property=\"og:type\" content=\"article\" \/>\n<meta property=\"og:title\" content=\"TRUUSK Parasollskydd - V\u00e4derbest\u00e4ndigt &amp; Vindt\u00e4tt - Sn\u00f6rst\u00e4ngning - L\u00e4tt att reng\u00f6ra - Khaki - \u00d863 x 164 cm - TRUUSK - Hem, Tr\u00e4dg\u00e5rd &amp; Fritid\" \/>\n<meta property=\"og:description\" content=\"Denna TRUUSK parasollskydd \u00e4r ett fantastiskt tillbeh\u00f6r f\u00f6r att skydda ditt parasoll n\u00e4r det inte anv\u00e4nds. Den \u00e4r tillverkad av...\" \/>\n<meta property=\"og:url\" content=\"https:\/\/truusk.store\/sv\/produkt\/truusk-parasollskydd-vaderbestandigt-vindtatt-snorstangning-latt-att-rengora-khaki-o63-x-164-cm\/\" \/>\n<meta property=\"og:site_name\" content=\"TRUUSK - Hem, Tr\u00e4dg\u00e5rd &amp; Fritid\" \/>\n<meta property=\"article:modified_time\" content=\"2026-03-12T08:04:30+00:00\" \/>\n<meta property=\"og:image\" content=\"https:\/\/i0.wp.com\/truusk.se\/wp-content\/uploads\/2025\/06\/parasollskydd-vaderbestandigt-vindtatt-med-snorstangning-latt-att-rengora-for-hangande-parasoll-o63-x-164-cm-i-khaki-1.webp?fit=2000%2C2000&ssl=1\" \/>\n\t<meta property=\"og:image:width\" content=\"2000\" \/>\n\t<meta property=\"og:image:height\" content=\"2000\" \/>\n\t<meta property=\"og:image:type\" content=\"image\/webp\" \/>\n<meta name=\"twitter:card\" content=\"summary_large_image\" \/>\n<!-- \/ Yoast SEO plugin. -->","yoast_head_json":{"title":"TRUUSK Parasollskydd - V\u00e4derbest\u00e4ndigt &amp; Vindt\u00e4tt - Sn\u00f6rst\u00e4ngning - L\u00e4tt att reng\u00f6ra - Khaki - \u00d863 x 164 cm - TRUUSK - Hem, Tr\u00e4dg\u00e5rd &amp; Fritid","robots":{"index":"index","follow":"follow","max-snippet":"max-snippet:-1","max-image-preview":"max-image-preview:large","max-video-preview":"max-video-preview:-1"},"canonical":"https:\/\/truusk.store\/sv\/produkt\/truusk-parasollskydd-vaderbestandigt-vindtatt-snorstangning-latt-att-rengora-khaki-o63-x-164-cm\/","og_locale":"sv_SE","og_type":"article","og_title":"TRUUSK Parasollskydd - V\u00e4derbest\u00e4ndigt &amp; Vindt\u00e4tt - Sn\u00f6rst\u00e4ngning - L\u00e4tt att reng\u00f6ra - Khaki - \u00d863 x 164 cm - TRUUSK - Hem, Tr\u00e4dg\u00e5rd &amp; Fritid","og_description":"Denna TRUUSK parasollskydd \u00e4r ett fantastiskt tillbeh\u00f6r f\u00f6r att skydda ditt parasoll n\u00e4r det inte anv\u00e4nds. Den \u00e4r tillverkad av...","og_url":"https:\/\/truusk.store\/sv\/produkt\/truusk-parasollskydd-vaderbestandigt-vindtatt-snorstangning-latt-att-rengora-khaki-o63-x-164-cm\/","og_site_name":"TRUUSK - Hem, Tr\u00e4dg\u00e5rd &amp; Fritid","article_modified_time":"2026-03-12T08:04:30+00:00","og_image":[{"width":2000,"height":2000,"url":"https:\/\/i0.wp.com\/truusk.se\/wp-content\/uploads\/2025\/06\/parasollskydd-vaderbestandigt-vindtatt-med-snorstangning-latt-att-rengora-for-hangande-parasoll-o63-x-164-cm-i-khaki-1.webp?fit=2000%2C2000&ssl=1","type":"image\/webp"}],"twitter_card":"summary_large_image","schema":{"@context":"https:\/\/schema.org","@graph":[{"@type":"WebPage","@id":"https:\/\/truusk.store\/sv\/produkt\/truusk-parasollskydd-vaderbestandigt-vindtatt-snorstangning-latt-att-rengora-khaki-o63-x-164-cm\/","url":"https:\/\/truusk.store\/sv\/produkt\/truusk-parasollskydd-vaderbestandigt-vindtatt-snorstangning-latt-att-rengora-khaki-o63-x-164-cm\/","name":"TRUUSK Parasollskydd - V\u00e4derbest\u00e4ndigt &amp; Vindt\u00e4tt - Sn\u00f6rst\u00e4ngning - L\u00e4tt att reng\u00f6ra - Khaki - \u00d863 x 164 cm - TRUUSK - Hem, Tr\u00e4dg\u00e5rd &amp; Fritid","isPartOf":{"@id":"https:\/\/truusk.store\/sv\/#website"},"primaryImageOfPage":{"@id":"https:\/\/truusk.store\/sv\/produkt\/truusk-parasollskydd-vaderbestandigt-vindtatt-snorstangning-latt-att-rengora-khaki-o63-x-164-cm\/#primaryimage"},"image":{"@id":"https:\/\/truusk.store\/sv\/produkt\/truusk-parasollskydd-vaderbestandigt-vindtatt-snorstangning-latt-att-rengora-khaki-o63-x-164-cm\/#primaryimage"},"thumbnailUrl":"https:\/\/i0.wp.com\/truusk.store\/wp-content\/uploads\/2025\/06\/parasollskydd-vaderbestandigt-vindtatt-med-snorstangning-latt-att-rengora-for-hangande-parasoll-o63-x-164-cm-i-khaki-1.webp?fit=2000%2C2000&ssl=1","datePublished":"2025-06-04T20:23:29+00:00","dateModified":"2026-03-12T08:04:30+00:00","breadcrumb":{"@id":"https:\/\/truusk.store\/sv\/produkt\/truusk-parasollskydd-vaderbestandigt-vindtatt-snorstangning-latt-att-rengora-khaki-o63-x-164-cm\/#breadcrumb"},"inLanguage":"sv-SE","potentialAction":[{"@type":"ReadAction","target":["https:\/\/truusk.store\/sv\/produkt\/truusk-parasollskydd-vaderbestandigt-vindtatt-snorstangning-latt-att-rengora-khaki-o63-x-164-cm\/"]}]},{"@type":"ImageObject","inLanguage":"sv-SE","@id":"https:\/\/truusk.store\/sv\/produkt\/truusk-parasollskydd-vaderbestandigt-vindtatt-snorstangning-latt-att-rengora-khaki-o63-x-164-cm\/#primaryimage","url":"https:\/\/i0.wp.com\/truusk.store\/wp-content\/uploads\/2025\/06\/parasollskydd-vaderbestandigt-vindtatt-med-snorstangning-latt-att-rengora-for-hangande-parasoll-o63-x-164-cm-i-khaki-1.webp?fit=2000%2C2000&ssl=1","contentUrl":"https:\/\/i0.wp.com\/truusk.store\/wp-content\/uploads\/2025\/06\/parasollskydd-vaderbestandigt-vindtatt-med-snorstangning-latt-att-rengora-for-hangande-parasoll-o63-x-164-cm-i-khaki-1.webp?fit=2000%2C2000&ssl=1","width":2000,"height":2000},{"@type":"BreadcrumbList","@id":"https:\/\/truusk.store\/sv\/produkt\/truusk-parasollskydd-vaderbestandigt-vindtatt-snorstangning-latt-att-rengora-khaki-o63-x-164-cm\/#breadcrumb","itemListElement":[{"@type":"ListItem","position":1,"name":"Home","item":"https:\/\/truusk.store\/sv\/"},{"@type":"ListItem","position":2,"name":"Shop","item":"https:\/\/truusk.store\/shop\/"},{"@type":"ListItem","position":3,"name":"TRUUSK Parasollskydd &#8211; V\u00e4derbest\u00e4ndigt &amp; Vindt\u00e4tt &#8211; Sn\u00f6rst\u00e4ngning &#8211; L\u00e4tt att reng\u00f6ra &#8211; Khaki &#8211; \u00d863 x 164 cm"}]},{"@type":"WebSite","@id":"https:\/\/truusk.store\/sv\/#website","url":"https:\/\/truusk.store\/sv\/","name":"TRUUSK - Hem, Tr\u00e4dg\u00e5rd & Fritid","description":"","publisher":{"@id":"https:\/\/truusk.store\/sv\/#organization"},"potentialAction":[{"@type":"SearchAction","target":{"@type":"EntryPoint","urlTemplate":"https:\/\/truusk.store\/sv\/?s={search_term_string}"},"query-input":{"@type":"PropertyValueSpecification","valueRequired":true,"valueName":"search_term_string"}}],"inLanguage":"sv-SE"},{"@type":"Organization","@id":"https:\/\/truusk.store\/sv\/#organization","name":"TRUUSK - Hem, Tr\u00e4dg\u00e5rd & Fritid","url":"https:\/\/truusk.store\/sv\/","logo":{"@type":"ImageObject","inLanguage":"sv-SE","@id":"https:\/\/truusk.store\/sv\/#\/schema\/logo\/image\/","url":"https:\/\/i0.wp.com\/truusk.store\/wp-content\/uploads\/2026\/03\/cropped-TRUUSK.png?fit=2032%2C917&ssl=1","contentUrl":"https:\/\/i0.wp.com\/truusk.store\/wp-content\/uploads\/2026\/03\/cropped-TRUUSK.png?fit=2032%2C917&ssl=1","width":2032,"height":917,"caption":"TRUUSK - Hem, Tr\u00e4dg\u00e5rd & Fritid"},"image":{"@id":"https:\/\/truusk.store\/sv\/#\/schema\/logo\/image\/"}}]}},"jetpack_sharing_enabled":true,"_links":{"self":[{"href":"https:\/\/truusk.store\/sv\/wp-json\/wp\/v2\/product\/57231","targetHints":{"allow":["GET"]}}],"collection":[{"href":"https:\/\/truusk.store\/sv\/wp-json\/wp\/v2\/product"}],"about":[{"href":"https:\/\/truusk.store\/sv\/wp-json\/wp\/v2\/types\/product"}],"wp:featuredmedia":[{"embeddable":true,"href":"https:\/\/truusk.store\/sv\/wp-json\/wp\/v2\/media\/57222"}],"wp:attachment":[{"href":"https:\/\/truusk.store\/sv\/wp-json\/wp\/v2\/media?parent=57231"}],"wp:term":[{"taxonomy":"product_brand","embeddable":true,"href":"https:\/\/truusk.store\/sv\/wp-json\/wp\/v2\/product_brand?post=57231"},{"taxonomy":"product_cat","embeddable":true,"href":"https:\/\/truusk.store\/sv\/wp-json\/wp\/v2\/product_cat?post=57231"},{"taxonomy":"product_tag","embeddable":true,"href":"https:\/\/truusk.store\/sv\/wp-json\/wp\/v2\/product_tag?post=57231"}],"curies":[{"name":"wp","href":"https:\/\/api.w.org\/{rel}","templated":true}]}}