{"id":57241,"date":"2025-06-04T21:24:42","date_gmt":"2025-06-04T20:24:42","guid":{"rendered":"https:\/\/truusk.store\/product\/staende-boxningssack-170cm-med-sugkoppbas-heavy-duty-for-proffs-nyborjare-svart\/"},"modified":"2026-03-12T08:55:27","modified_gmt":"2026-03-12T07:55:27","slug":"truusk-staende-boxningssack-170cm-med-sugkoppbas-heavy-duty-for-proffs-nyborjare-svart","status":"publish","type":"product","link":"https:\/\/truusk.store\/sv\/produkt\/truusk-staende-boxningssack-170cm-med-sugkoppbas-heavy-duty-for-proffs-nyborjare-svart\/","title":{"rendered":"TRUUSK St\u00e5ende Boxningss\u00e4ck 170cm &#8211; Med Sugkoppbas &#8211; Heavy Duty &#8211; F\u00f6r Proffs &amp; Nyb\u00f6rjare &#8211; Svart"},"content":{"rendered":"<p>TRUUSK boxningsst\u00e4ll \u00e4r det b\u00e4sta valet f\u00f6r boxningsfans och kroppsbyggare att tr\u00e4na hemma eller p\u00e5 gymmet. Boxningss\u00e4cken kommer att f\u00f6rb\u00e4ttra din hand-\u00f6ga koordination samt snabba returbollar och \u00f6vningsreflexer, och hj\u00e4lper till med muskeluppbyggnad. Den robusta basen erbjuder god stabilitet.<\/p>\n<p>Beskrivning:<\/p>\n<ul>\n<li> Denna boxningss\u00e4ck \u00e4r effektiv f\u00f6r att tr\u00e4na hela kroppens muskler<\/li>\n<li> Den robusta basen kan fyllas med vatten eller sand f\u00f6r att \u00f6ka stabiliteten<\/li>\n<li> Basen har en robust fj\u00e4der som erbjuder b\u00e4ttre elasticitet och h\u00e5llbarhet<\/li>\n<li> Med 12 starka sugkoppar p\u00e5 undersidan kan den f\u00e4stas p\u00e5 de flesta golv<\/li>\n<li> Stor slagyta erbjuder mer omfattande tr\u00e4ning<\/li>\n<li> Tillverkad av robust st\u00e5lkonstruktion, inlindad med h\u00e5llbart och mjukt PU-\u00f6verdrag, t\u00e4t s\u00f6m f\u00f6r att garantera l\u00e5ngvarig anv\u00e4ndning<\/li>\n<li> L\u00e4mplig f\u00f6r anv\u00e4ndning hemma, p\u00e5 kontoret, p\u00e5 gymmet, tr\u00e4ning \u00f6verallt<\/li>\n<li> Montering kr\u00e4vs<\/li>\n<\/ul>\n<p>Tekniska data:<\/p>\n<ul>\n<li> F\u00e4rg: Svart<\/li>\n<li> Material: St\u00e5l, PU, HDPE<\/li>\n<li> Totala m\u00e5tt: \u00d850 x 170H cm<\/li>\n<li> M\u00e5tt boxningss\u00e4ck: \u055328 x 110H cm<\/li>\n<li> M\u00e5tt p\u00e5 basen: \u00d848 x 30H cm<\/li>\n<li> Artikelnummer: A91-122<\/li>\n<li> Obs: F\u00f6r att garantera b\u00e4ttre anv\u00e4ndning rekommenderar vi att du fyller basen innan du installerar produkten<\/li>\n<\/ul>\n<p>Leverans inneh\u00e5ller:<\/p>\n<ul>\n<li> 1 x Boxningss\u00e4ck<\/li>\n<li> 1 x Instruktioner<\/li>\n<\/ul>\n","protected":false},"excerpt":{"rendered":"<p>TRUUSK boxningsst\u00e4ll \u00e4r det b\u00e4sta valet f\u00f6r boxningsfans och kroppsbyggare att tr\u00e4na hemma eller p\u00e5 gymmet. Boxningss\u00e4cken kommer att f\u00f6rb\u00e4ttra&#8230;<\/p>\n","protected":false},"featured_media":57232,"template":"","meta":[],"product_brand":[],"product_cat":[667,873,647],"product_tag":[],"class_list":{"0":"post-57241","1":"product","2":"type-product","3":"status-publish","4":"has-post-thumbnail","6":"product_cat-boxningssack","7":"product_cat-fitness-styrketraning","8":"product_cat-sport-fritid","10":"first","11":"instock","12":"sale","13":"taxable","14":"shipping-taxable","15":"purchasable","16":"product-type-simple"},"yoast_head":"<!-- This site is optimized with the Yoast SEO plugin v25.4 - https:\/\/yoast.com\/wordpress\/plugins\/seo\/ -->\n<title>TRUUSK St\u00e5ende Boxningss\u00e4ck 170cm - Med Sugkoppbas - Heavy Duty - F\u00f6r Proffs &amp; Nyb\u00f6rjare - Svart - TRUUSK - Hem, Tr\u00e4dg\u00e5rd &amp; Fritid<\/title>\n<meta name=\"robots\" content=\"index, follow, max-snippet:-1, max-image-preview:large, max-video-preview:-1\" \/>\n<link rel=\"canonical\" href=\"https:\/\/truusk.store\/sv\/produkt\/truusk-staende-boxningssack-170cm-med-sugkoppbas-heavy-duty-for-proffs-nyborjare-svart\/\" \/>\n<meta property=\"og:locale\" content=\"sv_SE\" \/>\n<meta property=\"og:type\" content=\"article\" \/>\n<meta property=\"og:title\" content=\"TRUUSK St\u00e5ende Boxningss\u00e4ck 170cm - Med Sugkoppbas - Heavy Duty - F\u00f6r Proffs &amp; Nyb\u00f6rjare - Svart - TRUUSK - Hem, Tr\u00e4dg\u00e5rd &amp; Fritid\" \/>\n<meta property=\"og:description\" content=\"TRUUSK boxningsst\u00e4ll \u00e4r det b\u00e4sta valet f\u00f6r boxningsfans och kroppsbyggare att tr\u00e4na hemma eller p\u00e5 gymmet. Boxningss\u00e4cken kommer att f\u00f6rb\u00e4ttra...\" \/>\n<meta property=\"og:url\" content=\"https:\/\/truusk.store\/sv\/produkt\/truusk-staende-boxningssack-170cm-med-sugkoppbas-heavy-duty-for-proffs-nyborjare-svart\/\" \/>\n<meta property=\"og:site_name\" content=\"TRUUSK - Hem, Tr\u00e4dg\u00e5rd &amp; Fritid\" \/>\n<meta property=\"article:modified_time\" content=\"2026-03-12T07:55:27+00:00\" \/>\n<meta property=\"og:image\" content=\"https:\/\/i0.wp.com\/truusk.se\/wp-content\/uploads\/2025\/06\/staende-boxningssack-170cm-med-sugkoppbas-heavy-duty-for-proffs-nyborjare-svart-1.webp?fit=2000%2C2000&ssl=1\" \/>\n\t<meta property=\"og:image:width\" content=\"2000\" \/>\n\t<meta property=\"og:image:height\" content=\"2000\" \/>\n\t<meta property=\"og:image:type\" content=\"image\/webp\" \/>\n<meta name=\"twitter:card\" content=\"summary_large_image\" \/>\n<meta name=\"twitter:label1\" content=\"Ber\u00e4knad l\u00e4stid\" \/>\n\t<meta name=\"twitter:data1\" content=\"1 minut\" \/>\n<!-- \/ Yoast SEO plugin. -->","yoast_head_json":{"title":"TRUUSK St\u00e5ende Boxningss\u00e4ck 170cm - Med Sugkoppbas - Heavy Duty - F\u00f6r Proffs &amp; Nyb\u00f6rjare - Svart - TRUUSK - Hem, Tr\u00e4dg\u00e5rd &amp; Fritid","robots":{"index":"index","follow":"follow","max-snippet":"max-snippet:-1","max-image-preview":"max-image-preview:large","max-video-preview":"max-video-preview:-1"},"canonical":"https:\/\/truusk.store\/sv\/produkt\/truusk-staende-boxningssack-170cm-med-sugkoppbas-heavy-duty-for-proffs-nyborjare-svart\/","og_locale":"sv_SE","og_type":"article","og_title":"TRUUSK St\u00e5ende Boxningss\u00e4ck 170cm - Med Sugkoppbas - Heavy Duty - F\u00f6r Proffs &amp; Nyb\u00f6rjare - Svart - TRUUSK - Hem, Tr\u00e4dg\u00e5rd &amp; Fritid","og_description":"TRUUSK boxningsst\u00e4ll \u00e4r det b\u00e4sta valet f\u00f6r boxningsfans och kroppsbyggare att tr\u00e4na hemma eller p\u00e5 gymmet. Boxningss\u00e4cken kommer att f\u00f6rb\u00e4ttra...","og_url":"https:\/\/truusk.store\/sv\/produkt\/truusk-staende-boxningssack-170cm-med-sugkoppbas-heavy-duty-for-proffs-nyborjare-svart\/","og_site_name":"TRUUSK - Hem, Tr\u00e4dg\u00e5rd &amp; Fritid","article_modified_time":"2026-03-12T07:55:27+00:00","og_image":[{"width":2000,"height":2000,"url":"https:\/\/i0.wp.com\/truusk.se\/wp-content\/uploads\/2025\/06\/staende-boxningssack-170cm-med-sugkoppbas-heavy-duty-for-proffs-nyborjare-svart-1.webp?fit=2000%2C2000&ssl=1","type":"image\/webp"}],"twitter_card":"summary_large_image","twitter_misc":{"Ber\u00e4knad l\u00e4stid":"1 minut"},"schema":{"@context":"https:\/\/schema.org","@graph":[{"@type":"WebPage","@id":"https:\/\/truusk.store\/sv\/produkt\/truusk-staende-boxningssack-170cm-med-sugkoppbas-heavy-duty-for-proffs-nyborjare-svart\/","url":"https:\/\/truusk.store\/sv\/produkt\/truusk-staende-boxningssack-170cm-med-sugkoppbas-heavy-duty-for-proffs-nyborjare-svart\/","name":"TRUUSK St\u00e5ende Boxningss\u00e4ck 170cm - Med Sugkoppbas - Heavy Duty - F\u00f6r Proffs &amp; Nyb\u00f6rjare - Svart - TRUUSK - Hem, Tr\u00e4dg\u00e5rd &amp; Fritid","isPartOf":{"@id":"https:\/\/truusk.store\/sv\/#website"},"primaryImageOfPage":{"@id":"https:\/\/truusk.store\/sv\/produkt\/truusk-staende-boxningssack-170cm-med-sugkoppbas-heavy-duty-for-proffs-nyborjare-svart\/#primaryimage"},"image":{"@id":"https:\/\/truusk.store\/sv\/produkt\/truusk-staende-boxningssack-170cm-med-sugkoppbas-heavy-duty-for-proffs-nyborjare-svart\/#primaryimage"},"thumbnailUrl":"https:\/\/i0.wp.com\/truusk.store\/wp-content\/uploads\/2025\/06\/staende-boxningssack-170cm-med-sugkoppbas-heavy-duty-for-proffs-nyborjare-svart-1.webp?fit=2000%2C2000&ssl=1","datePublished":"2025-06-04T20:24:42+00:00","dateModified":"2026-03-12T07:55:27+00:00","breadcrumb":{"@id":"https:\/\/truusk.store\/sv\/produkt\/truusk-staende-boxningssack-170cm-med-sugkoppbas-heavy-duty-for-proffs-nyborjare-svart\/#breadcrumb"},"inLanguage":"sv-SE","potentialAction":[{"@type":"ReadAction","target":["https:\/\/truusk.store\/sv\/produkt\/truusk-staende-boxningssack-170cm-med-sugkoppbas-heavy-duty-for-proffs-nyborjare-svart\/"]}]},{"@type":"ImageObject","inLanguage":"sv-SE","@id":"https:\/\/truusk.store\/sv\/produkt\/truusk-staende-boxningssack-170cm-med-sugkoppbas-heavy-duty-for-proffs-nyborjare-svart\/#primaryimage","url":"https:\/\/i0.wp.com\/truusk.store\/wp-content\/uploads\/2025\/06\/staende-boxningssack-170cm-med-sugkoppbas-heavy-duty-for-proffs-nyborjare-svart-1.webp?fit=2000%2C2000&ssl=1","contentUrl":"https:\/\/i0.wp.com\/truusk.store\/wp-content\/uploads\/2025\/06\/staende-boxningssack-170cm-med-sugkoppbas-heavy-duty-for-proffs-nyborjare-svart-1.webp?fit=2000%2C2000&ssl=1","width":2000,"height":2000},{"@type":"BreadcrumbList","@id":"https:\/\/truusk.store\/sv\/produkt\/truusk-staende-boxningssack-170cm-med-sugkoppbas-heavy-duty-for-proffs-nyborjare-svart\/#breadcrumb","itemListElement":[{"@type":"ListItem","position":1,"name":"Home","item":"https:\/\/truusk.store\/sv\/"},{"@type":"ListItem","position":2,"name":"Shop","item":"https:\/\/truusk.store\/shop\/"},{"@type":"ListItem","position":3,"name":"TRUUSK St\u00e5ende Boxningss\u00e4ck 170cm &#8211; Med Sugkoppbas &#8211; Heavy Duty &#8211; F\u00f6r Proffs &amp; Nyb\u00f6rjare &#8211; Svart"}]},{"@type":"WebSite","@id":"https:\/\/truusk.store\/sv\/#website","url":"https:\/\/truusk.store\/sv\/","name":"TRUUSK - Hem, Tr\u00e4dg\u00e5rd & Fritid","description":"","publisher":{"@id":"https:\/\/truusk.store\/sv\/#organization"},"potentialAction":[{"@type":"SearchAction","target":{"@type":"EntryPoint","urlTemplate":"https:\/\/truusk.store\/sv\/?s={search_term_string}"},"query-input":{"@type":"PropertyValueSpecification","valueRequired":true,"valueName":"search_term_string"}}],"inLanguage":"sv-SE"},{"@type":"Organization","@id":"https:\/\/truusk.store\/sv\/#organization","name":"TRUUSK - Hem, Tr\u00e4dg\u00e5rd & Fritid","url":"https:\/\/truusk.store\/sv\/","logo":{"@type":"ImageObject","inLanguage":"sv-SE","@id":"https:\/\/truusk.store\/sv\/#\/schema\/logo\/image\/","url":"https:\/\/i0.wp.com\/truusk.store\/wp-content\/uploads\/2026\/03\/cropped-TRUUSK.png?fit=2032%2C917&ssl=1","contentUrl":"https:\/\/i0.wp.com\/truusk.store\/wp-content\/uploads\/2026\/03\/cropped-TRUUSK.png?fit=2032%2C917&ssl=1","width":2032,"height":917,"caption":"TRUUSK - Hem, Tr\u00e4dg\u00e5rd & Fritid"},"image":{"@id":"https:\/\/truusk.store\/sv\/#\/schema\/logo\/image\/"}}]}},"jetpack_sharing_enabled":true,"_links":{"self":[{"href":"https:\/\/truusk.store\/sv\/wp-json\/wp\/v2\/product\/57241","targetHints":{"allow":["GET"]}}],"collection":[{"href":"https:\/\/truusk.store\/sv\/wp-json\/wp\/v2\/product"}],"about":[{"href":"https:\/\/truusk.store\/sv\/wp-json\/wp\/v2\/types\/product"}],"wp:featuredmedia":[{"embeddable":true,"href":"https:\/\/truusk.store\/sv\/wp-json\/wp\/v2\/media\/57232"}],"wp:attachment":[{"href":"https:\/\/truusk.store\/sv\/wp-json\/wp\/v2\/media?parent=57241"}],"wp:term":[{"taxonomy":"product_brand","embeddable":true,"href":"https:\/\/truusk.store\/sv\/wp-json\/wp\/v2\/product_brand?post=57241"},{"taxonomy":"product_cat","embeddable":true,"href":"https:\/\/truusk.store\/sv\/wp-json\/wp\/v2\/product_cat?post=57241"},{"taxonomy":"product_tag","embeddable":true,"href":"https:\/\/truusk.store\/sv\/wp-json\/wp\/v2\/product_tag?post=57241"}],"curies":[{"name":"wp","href":"https:\/\/api.w.org\/{rel}","templated":true}]}}