{"id":57251,"date":"2025-06-04T21:25:35","date_gmt":"2025-06-04T20:25:35","guid":{"rendered":"https:\/\/truusk.store\/product\/solstol-tradgardsstol-5-faldigt-justerbar-hopfallbar-ergonomisk-med-nattyg-svart-170-x-60-x-76-cm-for-avkopplande-timmar-utomhus\/"},"modified":"2026-03-12T09:03:17","modified_gmt":"2026-03-12T08:03:17","slug":"truusk-hopfallbar-solstol-justerbar-ergonomisk-design-nattyg-svart-170-x-60-x-76-cm-for-avkopplande-utomhusstunder","status":"publish","type":"product","link":"https:\/\/truusk.store\/sv\/produkt\/truusk-hopfallbar-solstol-justerbar-ergonomisk-design-nattyg-svart-170-x-60-x-76-cm-for-avkopplande-utomhusstunder\/","title":{"rendered":"TRUUSK Hopf\u00e4llbar Solstol &#8211; Justerbar &#8211; Ergonomisk Design &#8211; N\u00e4ttyg &#8211; Svart &#8211; 170 x 60 x 76 cm &#8211; F\u00f6r Avkopplande Utomhusstunder"},"content":{"rendered":"<p>Denna hopf\u00e4llbara balkonglounge fr\u00e5n TRUUSK \u00e4r det perfekta tillskottet till din tr\u00e4dg\u00e5rd n\u00e4r du bara vill njuta av sommarsolen. Med dess 4-stegs justerbara ryggst\u00f6d kan du anpassa loungen fritt efter dina personliga behov och det robusta aluminiumramverket med ett andningsbart \u00f6verdrag erbjuder dig en bekv\u00e4m loungeupplevelse. Den \u00e4r utm\u00e4rkt f\u00f6r utomhusbruk. Perfekt som tr\u00e4dg\u00e5rdslounge.<\/p>\n<p>Beskrivning:<\/p>\n<ul>\n<li> L\u00e4mplig f\u00f6r utomhuspark, tr\u00e4dg\u00e5rd, terrass, pool, vintertr\u00e4dg\u00e5rd, strand och mer<\/li>\n<li> Avtagbar kudde f\u00f6r anpassbart huvudst\u00f6d<\/li>\n<li> Ryggst\u00f6det \u00e4r justerbart och den nedre halvan av stolen kan f\u00e4llas<\/li>\n<li> L\u00e4gg bara stolen platt f\u00f6r att omvandla den till en praktisk s\u00e4ng<\/li>\n<li> Hopf\u00e4llbar och utrymmesbesparande design f\u00f6r snabb transport och lagring<\/li>\n<li> Fotbeskyttelsekuddar skyddar st\u00f6dbenen och golvet fr\u00e5n slitage<\/li>\n<li> Aluminiumram f\u00f6r robust och l\u00e5ngvarig anv\u00e4ndning<\/li>\n<li> Texteline-tyg f\u00f6r snabb torkning efter regn<\/li>\n<\/ul>\n<p> Tekniska specifikationer:<\/p>\n<ul>\n<li> F\u00e4rg: Svart<\/li>\n<li> Material: Aluminium, n\u00e4ttyg, skum<\/li>\n<li> Total storlek: (uppr\u00e4tt) 165L x 60B x 76H cm, (platt) 189L x 60B x 28H cm<\/li>\n<li> Hopf\u00e4lld storlek: 80L x 60B x 19,5H cm<\/li>\n<li> Bredd p\u00e5 tyget p\u00e5 liggytan: 52 cm<\/li>\n<li> Kuddstorlek: 35L x 16,5B x 5T cm<\/li>\n<li> B\u00e4rkapacitet: 120 kg<\/li>\n<\/ul>\n<p> Leveransinneh\u00e5ll:<\/p>\n<ul>\n<li> 1 x Tr\u00e4dg\u00e5rdslounge<\/li>\n<li> 1 x Kudde<\/li>\n<\/ul>\n","protected":false},"excerpt":{"rendered":"<p>Denna hopf\u00e4llbara balkonglounge fr\u00e5n TRUUSK \u00e4r det perfekta tillskottet till din tr\u00e4dg\u00e5rd n\u00e4r du bara vill njuta av sommarsolen. Med&#8230;<\/p>\n","protected":false},"featured_media":57242,"template":"","meta":[],"product_brand":[],"product_cat":[451,858,450],"product_tag":[],"class_list":{"0":"post-57251","1":"product","2":"type-product","3":"status-publish","4":"has-post-thumbnail","6":"product_cat-solstolar","7":"product_cat-tradgard-terrass","8":"product_cat-tradgardsmobler","10":"first","11":"instock","12":"sale","13":"taxable","14":"shipping-taxable","15":"purchasable","16":"product-type-simple"},"yoast_head":"<!-- This site is optimized with the Yoast SEO plugin v25.4 - https:\/\/yoast.com\/wordpress\/plugins\/seo\/ -->\n<title>TRUUSK Hopf\u00e4llbar Solstol - Justerbar - Ergonomisk Design - N\u00e4ttyg - Svart - 170 x 60 x 76 cm - F\u00f6r Avkopplande Utomhusstunder - TRUUSK - Hem, Tr\u00e4dg\u00e5rd &amp; Fritid<\/title>\n<meta name=\"robots\" content=\"index, follow, max-snippet:-1, max-image-preview:large, max-video-preview:-1\" \/>\n<link rel=\"canonical\" href=\"https:\/\/truusk.store\/sv\/produkt\/truusk-hopfallbar-solstol-justerbar-ergonomisk-design-nattyg-svart-170-x-60-x-76-cm-for-avkopplande-utomhusstunder\/\" \/>\n<meta property=\"og:locale\" content=\"sv_SE\" \/>\n<meta property=\"og:type\" content=\"article\" \/>\n<meta property=\"og:title\" content=\"TRUUSK Hopf\u00e4llbar Solstol - Justerbar - Ergonomisk Design - N\u00e4ttyg - Svart - 170 x 60 x 76 cm - F\u00f6r Avkopplande Utomhusstunder - TRUUSK - Hem, Tr\u00e4dg\u00e5rd &amp; Fritid\" \/>\n<meta property=\"og:description\" content=\"Denna hopf\u00e4llbara balkonglounge fr\u00e5n TRUUSK \u00e4r det perfekta tillskottet till din tr\u00e4dg\u00e5rd n\u00e4r du bara vill njuta av sommarsolen. Med...\" \/>\n<meta property=\"og:url\" content=\"https:\/\/truusk.store\/sv\/produkt\/truusk-hopfallbar-solstol-justerbar-ergonomisk-design-nattyg-svart-170-x-60-x-76-cm-for-avkopplande-utomhusstunder\/\" \/>\n<meta property=\"og:site_name\" content=\"TRUUSK - Hem, Tr\u00e4dg\u00e5rd &amp; Fritid\" \/>\n<meta property=\"article:modified_time\" content=\"2026-03-12T08:03:17+00:00\" \/>\n<meta property=\"og:image\" content=\"https:\/\/i0.wp.com\/truusk.se\/wp-content\/uploads\/2025\/06\/solstol-tradgardsstol-5-faldigt-justerbar-hopfallbar-ergonomisk-med-nattyg-svart-170-x-60-x-76-cm-for-avkopplande-timmar-utomhus-1.webp?fit=2000%2C2000&ssl=1\" \/>\n\t<meta property=\"og:image:width\" content=\"2000\" \/>\n\t<meta property=\"og:image:height\" content=\"2000\" \/>\n\t<meta property=\"og:image:type\" content=\"image\/webp\" \/>\n<meta name=\"twitter:card\" content=\"summary_large_image\" \/>\n<meta name=\"twitter:label1\" content=\"Ber\u00e4knad l\u00e4stid\" \/>\n\t<meta name=\"twitter:data1\" content=\"1 minut\" \/>\n<!-- \/ Yoast SEO plugin. -->","yoast_head_json":{"title":"TRUUSK Hopf\u00e4llbar Solstol - Justerbar - Ergonomisk Design - N\u00e4ttyg - Svart - 170 x 60 x 76 cm - F\u00f6r Avkopplande Utomhusstunder - TRUUSK - Hem, Tr\u00e4dg\u00e5rd &amp; Fritid","robots":{"index":"index","follow":"follow","max-snippet":"max-snippet:-1","max-image-preview":"max-image-preview:large","max-video-preview":"max-video-preview:-1"},"canonical":"https:\/\/truusk.store\/sv\/produkt\/truusk-hopfallbar-solstol-justerbar-ergonomisk-design-nattyg-svart-170-x-60-x-76-cm-for-avkopplande-utomhusstunder\/","og_locale":"sv_SE","og_type":"article","og_title":"TRUUSK Hopf\u00e4llbar Solstol - Justerbar - Ergonomisk Design - N\u00e4ttyg - Svart - 170 x 60 x 76 cm - F\u00f6r Avkopplande Utomhusstunder - TRUUSK - Hem, Tr\u00e4dg\u00e5rd &amp; Fritid","og_description":"Denna hopf\u00e4llbara balkonglounge fr\u00e5n TRUUSK \u00e4r det perfekta tillskottet till din tr\u00e4dg\u00e5rd n\u00e4r du bara vill njuta av sommarsolen. Med...","og_url":"https:\/\/truusk.store\/sv\/produkt\/truusk-hopfallbar-solstol-justerbar-ergonomisk-design-nattyg-svart-170-x-60-x-76-cm-for-avkopplande-utomhusstunder\/","og_site_name":"TRUUSK - Hem, Tr\u00e4dg\u00e5rd &amp; Fritid","article_modified_time":"2026-03-12T08:03:17+00:00","og_image":[{"width":2000,"height":2000,"url":"https:\/\/i0.wp.com\/truusk.se\/wp-content\/uploads\/2025\/06\/solstol-tradgardsstol-5-faldigt-justerbar-hopfallbar-ergonomisk-med-nattyg-svart-170-x-60-x-76-cm-for-avkopplande-timmar-utomhus-1.webp?fit=2000%2C2000&ssl=1","type":"image\/webp"}],"twitter_card":"summary_large_image","twitter_misc":{"Ber\u00e4knad l\u00e4stid":"1 minut"},"schema":{"@context":"https:\/\/schema.org","@graph":[{"@type":"WebPage","@id":"https:\/\/truusk.store\/sv\/produkt\/truusk-hopfallbar-solstol-justerbar-ergonomisk-design-nattyg-svart-170-x-60-x-76-cm-for-avkopplande-utomhusstunder\/","url":"https:\/\/truusk.store\/sv\/produkt\/truusk-hopfallbar-solstol-justerbar-ergonomisk-design-nattyg-svart-170-x-60-x-76-cm-for-avkopplande-utomhusstunder\/","name":"TRUUSK Hopf\u00e4llbar Solstol - Justerbar - Ergonomisk Design - N\u00e4ttyg - Svart - 170 x 60 x 76 cm - F\u00f6r Avkopplande Utomhusstunder - TRUUSK - Hem, Tr\u00e4dg\u00e5rd &amp; Fritid","isPartOf":{"@id":"https:\/\/truusk.store\/sv\/#website"},"primaryImageOfPage":{"@id":"https:\/\/truusk.store\/sv\/produkt\/truusk-hopfallbar-solstol-justerbar-ergonomisk-design-nattyg-svart-170-x-60-x-76-cm-for-avkopplande-utomhusstunder\/#primaryimage"},"image":{"@id":"https:\/\/truusk.store\/sv\/produkt\/truusk-hopfallbar-solstol-justerbar-ergonomisk-design-nattyg-svart-170-x-60-x-76-cm-for-avkopplande-utomhusstunder\/#primaryimage"},"thumbnailUrl":"https:\/\/i0.wp.com\/truusk.store\/wp-content\/uploads\/2025\/06\/solstol-tradgardsstol-5-faldigt-justerbar-hopfallbar-ergonomisk-med-nattyg-svart-170-x-60-x-76-cm-for-avkopplande-timmar-utomhus-1.webp?fit=2000%2C2000&ssl=1","datePublished":"2025-06-04T20:25:35+00:00","dateModified":"2026-03-12T08:03:17+00:00","breadcrumb":{"@id":"https:\/\/truusk.store\/sv\/produkt\/truusk-hopfallbar-solstol-justerbar-ergonomisk-design-nattyg-svart-170-x-60-x-76-cm-for-avkopplande-utomhusstunder\/#breadcrumb"},"inLanguage":"sv-SE","potentialAction":[{"@type":"ReadAction","target":["https:\/\/truusk.store\/sv\/produkt\/truusk-hopfallbar-solstol-justerbar-ergonomisk-design-nattyg-svart-170-x-60-x-76-cm-for-avkopplande-utomhusstunder\/"]}]},{"@type":"ImageObject","inLanguage":"sv-SE","@id":"https:\/\/truusk.store\/sv\/produkt\/truusk-hopfallbar-solstol-justerbar-ergonomisk-design-nattyg-svart-170-x-60-x-76-cm-for-avkopplande-utomhusstunder\/#primaryimage","url":"https:\/\/i0.wp.com\/truusk.store\/wp-content\/uploads\/2025\/06\/solstol-tradgardsstol-5-faldigt-justerbar-hopfallbar-ergonomisk-med-nattyg-svart-170-x-60-x-76-cm-for-avkopplande-timmar-utomhus-1.webp?fit=2000%2C2000&ssl=1","contentUrl":"https:\/\/i0.wp.com\/truusk.store\/wp-content\/uploads\/2025\/06\/solstol-tradgardsstol-5-faldigt-justerbar-hopfallbar-ergonomisk-med-nattyg-svart-170-x-60-x-76-cm-for-avkopplande-timmar-utomhus-1.webp?fit=2000%2C2000&ssl=1","width":2000,"height":2000},{"@type":"BreadcrumbList","@id":"https:\/\/truusk.store\/sv\/produkt\/truusk-hopfallbar-solstol-justerbar-ergonomisk-design-nattyg-svart-170-x-60-x-76-cm-for-avkopplande-utomhusstunder\/#breadcrumb","itemListElement":[{"@type":"ListItem","position":1,"name":"Home","item":"https:\/\/truusk.store\/sv\/"},{"@type":"ListItem","position":2,"name":"Shop","item":"https:\/\/truusk.store\/shop\/"},{"@type":"ListItem","position":3,"name":"TRUUSK Hopf\u00e4llbar Solstol &#8211; Justerbar &#8211; Ergonomisk Design &#8211; N\u00e4ttyg &#8211; Svart &#8211; 170 x 60 x 76 cm &#8211; F\u00f6r Avkopplande Utomhusstunder"}]},{"@type":"WebSite","@id":"https:\/\/truusk.store\/sv\/#website","url":"https:\/\/truusk.store\/sv\/","name":"TRUUSK - Hem, Tr\u00e4dg\u00e5rd & Fritid","description":"","publisher":{"@id":"https:\/\/truusk.store\/sv\/#organization"},"potentialAction":[{"@type":"SearchAction","target":{"@type":"EntryPoint","urlTemplate":"https:\/\/truusk.store\/sv\/?s={search_term_string}"},"query-input":{"@type":"PropertyValueSpecification","valueRequired":true,"valueName":"search_term_string"}}],"inLanguage":"sv-SE"},{"@type":"Organization","@id":"https:\/\/truusk.store\/sv\/#organization","name":"TRUUSK - Hem, Tr\u00e4dg\u00e5rd & Fritid","url":"https:\/\/truusk.store\/sv\/","logo":{"@type":"ImageObject","inLanguage":"sv-SE","@id":"https:\/\/truusk.store\/sv\/#\/schema\/logo\/image\/","url":"https:\/\/i0.wp.com\/truusk.store\/wp-content\/uploads\/2026\/03\/cropped-TRUUSK.png?fit=2032%2C917&ssl=1","contentUrl":"https:\/\/i0.wp.com\/truusk.store\/wp-content\/uploads\/2026\/03\/cropped-TRUUSK.png?fit=2032%2C917&ssl=1","width":2032,"height":917,"caption":"TRUUSK - Hem, Tr\u00e4dg\u00e5rd & Fritid"},"image":{"@id":"https:\/\/truusk.store\/sv\/#\/schema\/logo\/image\/"}}]}},"jetpack_sharing_enabled":true,"_links":{"self":[{"href":"https:\/\/truusk.store\/sv\/wp-json\/wp\/v2\/product\/57251","targetHints":{"allow":["GET"]}}],"collection":[{"href":"https:\/\/truusk.store\/sv\/wp-json\/wp\/v2\/product"}],"about":[{"href":"https:\/\/truusk.store\/sv\/wp-json\/wp\/v2\/types\/product"}],"wp:featuredmedia":[{"embeddable":true,"href":"https:\/\/truusk.store\/sv\/wp-json\/wp\/v2\/media\/57242"}],"wp:attachment":[{"href":"https:\/\/truusk.store\/sv\/wp-json\/wp\/v2\/media?parent=57251"}],"wp:term":[{"taxonomy":"product_brand","embeddable":true,"href":"https:\/\/truusk.store\/sv\/wp-json\/wp\/v2\/product_brand?post=57251"},{"taxonomy":"product_cat","embeddable":true,"href":"https:\/\/truusk.store\/sv\/wp-json\/wp\/v2\/product_cat?post=57251"},{"taxonomy":"product_tag","embeddable":true,"href":"https:\/\/truusk.store\/sv\/wp-json\/wp\/v2\/product_tag?post=57251"}],"curies":[{"name":"wp","href":"https:\/\/api.w.org\/{rel}","templated":true}]}}