{"id":57271,"date":"2025-06-04T21:27:45","date_gmt":"2025-06-04T20:27:45","guid":{"rendered":"https:\/\/truusk.store\/product\/hopfallbar-campingbadd-tal-upp-till-136-kg-faltbadd-med-sidoficka-oxford-gron-svart-200-x-73-x-49-cm-for-utomhus-resor\/"},"modified":"2026-03-12T08:56:15","modified_gmt":"2026-03-12T07:56:15","slug":"truusk-hopfallbar-campingbadd-talig-och-praktisk-sidoficka-oxford-material-for-utomhus-och-resor-gron-svart-200-x-73","status":"publish","type":"product","link":"https:\/\/truusk.store\/sv\/produkt\/truusk-hopfallbar-campingbadd-talig-och-praktisk-sidoficka-oxford-material-for-utomhus-och-resor-gron-svart-200-x-73\/","title":{"rendered":"TRUUSK Hopf\u00e4llbar Campingb\u00e4dd &#8211; T\u00e5lig och Praktisk &#8211; Sidoficka &#8211; Oxford Material &#8211; F\u00f6r Utomhus och Resor &#8211; Gr\u00f6n\/Svart &#8211; 200 x 73"},"content":{"rendered":"<p>Med den b\u00e4rbara hopf\u00e4llbara campingb\u00e4dden f\u00f6r vuxna fr\u00e5n TRUUSK har du alltid en plats att vila p\u00e5. Den har en praktisk sidoficka d\u00e4r du kan f\u00f6rvara din telefon, nycklar eller andra sm\u00e5 f\u00f6rem\u00e5l. St\u00e5lramen och Oxford-tyget kan b\u00e4ra upp till 136 kg. Den upph\u00f6jda designen m\u00f6jligg\u00f6r god luftcirkulation. Den \u00e4r m\u00e5ngsidig och kan anv\u00e4ndas f\u00f6r camping, som g\u00e4sts\u00e4ng, eller allt d\u00e4remellan.<\/p>\n<p>Beskrivning:<\/p>\n<ul>\n<li> Idealisk f\u00f6r camping, g\u00e4ster och f\u00f6r att packa in i ett fordon<\/li>\n<li> Har en stabil, h\u00f6gkapacitets st\u00e5lram som g\u00f6r den mycket h\u00e5llbar<\/li>\n<li> 600D plast Oxford-tyg \u00e4r vatten- och t\u00e5rfast och h\u00e5ller v\u00e4rme borta<\/li>\n<li> Nylonhandtag p\u00e5 varje sida av s\u00e4ngen f\u00f6r att ge extra st\u00f6d f\u00f6r dina h\u00e5llnings\u00e4ndringar<\/li>\n<li> En sidoficka och en mugg h\u00e5llare f\u00f6r att rymma sm\u00e5 f\u00f6rem\u00e5l som telefon, nycklar, ficklampa och mer<\/li>\n<li> H\u00f6jd \u00f6ver marken f\u00f6r komfort och f\u00f6r att till\u00e5ta luftfl\u00f6de p\u00e5 alla sidor<\/li>\n<li> Inkluderar en resev\u00e4ska f\u00f6r enkel f\u00f6rvaring och transport<\/li>\n<\/ul>\n<p> Tekniska data:<\/p>\n<ul>\n<li> F\u00e4rg: Gr\u00f6n+Svart<\/li>\n<li> Material: St\u00e5l, Oxford-tyg, PE<\/li>\n<li> Totala m\u00e5tt: 190L x 65B x 40H cm<\/li>\n<li> Hopf\u00e4llbar storlek: 95L x 15B x 15H cm<\/li>\n<li> Storlek p\u00e5 f\u00f6rvaringsp\u00e5se: 44L x 20B x 5D cm<\/li>\n<li> Dryckesh\u00e5llare: \u00d87 x 11H cm<\/li>\n<li> B\u00e4rkapacitet: 136 kg<\/li>\n<li> Artikelbeteckning: A20-194<\/li>\n<\/ul>\n<p>Leveransinneh\u00e5ll:<\/p>\n<ul>\n<li> 1 x Campingb\u00e4dd<\/li>\n<li> 1 x B\u00e4rp\u00e5se<\/li>\n<li> 1 x Instruktioner<\/li>\n<\/ul>\n","protected":false},"excerpt":{"rendered":"<p>Med den b\u00e4rbara hopf\u00e4llbara campingb\u00e4dden f\u00f6r vuxna fr\u00e5n TRUUSK har du alltid en plats att vila p\u00e5. Den har en&#8230;<\/p>\n","protected":false},"featured_media":57262,"template":"","meta":[],"product_brand":[],"product_cat":[648,887,647],"product_tag":[],"class_list":{"0":"post-57271","1":"product","2":"type-product","3":"status-publish","4":"has-post-thumbnail","6":"product_cat-camping-tillbehor","7":"product_cat-faltbaddar","8":"product_cat-sport-fritid","10":"first","11":"instock","12":"sale","13":"taxable","14":"shipping-taxable","15":"purchasable","16":"product-type-simple"},"yoast_head":"<!-- This site is optimized with the Yoast SEO plugin v25.4 - https:\/\/yoast.com\/wordpress\/plugins\/seo\/ -->\n<title>TRUUSK Hopf\u00e4llbar Campingb\u00e4dd - T\u00e5lig och Praktisk - Sidoficka - Oxford Material - F\u00f6r Utomhus och Resor - Gr\u00f6n\/Svart - 200 x 73 - TRUUSK - Hem, Tr\u00e4dg\u00e5rd &amp; Fritid<\/title>\n<meta name=\"robots\" content=\"index, follow, max-snippet:-1, max-image-preview:large, max-video-preview:-1\" \/>\n<link rel=\"canonical\" href=\"https:\/\/truusk.store\/sv\/produkt\/truusk-hopfallbar-campingbadd-talig-och-praktisk-sidoficka-oxford-material-for-utomhus-och-resor-gron-svart-200-x-73\/\" \/>\n<meta property=\"og:locale\" content=\"sv_SE\" \/>\n<meta property=\"og:type\" content=\"article\" \/>\n<meta property=\"og:title\" content=\"TRUUSK Hopf\u00e4llbar Campingb\u00e4dd - T\u00e5lig och Praktisk - Sidoficka - Oxford Material - F\u00f6r Utomhus och Resor - Gr\u00f6n\/Svart - 200 x 73 - TRUUSK - Hem, Tr\u00e4dg\u00e5rd &amp; Fritid\" \/>\n<meta property=\"og:description\" content=\"Med den b\u00e4rbara hopf\u00e4llbara campingb\u00e4dden f\u00f6r vuxna fr\u00e5n TRUUSK har du alltid en plats att vila p\u00e5. Den har en...\" \/>\n<meta property=\"og:url\" content=\"https:\/\/truusk.store\/sv\/produkt\/truusk-hopfallbar-campingbadd-talig-och-praktisk-sidoficka-oxford-material-for-utomhus-och-resor-gron-svart-200-x-73\/\" \/>\n<meta property=\"og:site_name\" content=\"TRUUSK - Hem, Tr\u00e4dg\u00e5rd &amp; Fritid\" \/>\n<meta property=\"article:modified_time\" content=\"2026-03-12T07:56:15+00:00\" \/>\n<meta property=\"og:image\" content=\"https:\/\/i0.wp.com\/truusk.se\/wp-content\/uploads\/2025\/06\/hopfallbar-campingbadd-tal-upp-till-136-kg-faltbadd-med-sidoficka-oxford-gron-svart-200-x-73-x-49-cm-for-utomhus-resor-1.webp?fit=2000%2C2000&ssl=1\" \/>\n\t<meta property=\"og:image:width\" content=\"2000\" \/>\n\t<meta property=\"og:image:height\" content=\"2000\" \/>\n\t<meta property=\"og:image:type\" content=\"image\/webp\" \/>\n<meta name=\"twitter:card\" content=\"summary_large_image\" \/>\n<meta name=\"twitter:label1\" content=\"Ber\u00e4knad l\u00e4stid\" \/>\n\t<meta name=\"twitter:data1\" content=\"1 minut\" \/>\n<!-- \/ Yoast SEO plugin. -->","yoast_head_json":{"title":"TRUUSK Hopf\u00e4llbar Campingb\u00e4dd - T\u00e5lig och Praktisk - Sidoficka - Oxford Material - F\u00f6r Utomhus och Resor - Gr\u00f6n\/Svart - 200 x 73 - TRUUSK - Hem, Tr\u00e4dg\u00e5rd &amp; Fritid","robots":{"index":"index","follow":"follow","max-snippet":"max-snippet:-1","max-image-preview":"max-image-preview:large","max-video-preview":"max-video-preview:-1"},"canonical":"https:\/\/truusk.store\/sv\/produkt\/truusk-hopfallbar-campingbadd-talig-och-praktisk-sidoficka-oxford-material-for-utomhus-och-resor-gron-svart-200-x-73\/","og_locale":"sv_SE","og_type":"article","og_title":"TRUUSK Hopf\u00e4llbar Campingb\u00e4dd - T\u00e5lig och Praktisk - Sidoficka - Oxford Material - F\u00f6r Utomhus och Resor - Gr\u00f6n\/Svart - 200 x 73 - TRUUSK - Hem, Tr\u00e4dg\u00e5rd &amp; Fritid","og_description":"Med den b\u00e4rbara hopf\u00e4llbara campingb\u00e4dden f\u00f6r vuxna fr\u00e5n TRUUSK har du alltid en plats att vila p\u00e5. Den har en...","og_url":"https:\/\/truusk.store\/sv\/produkt\/truusk-hopfallbar-campingbadd-talig-och-praktisk-sidoficka-oxford-material-for-utomhus-och-resor-gron-svart-200-x-73\/","og_site_name":"TRUUSK - Hem, Tr\u00e4dg\u00e5rd &amp; Fritid","article_modified_time":"2026-03-12T07:56:15+00:00","og_image":[{"width":2000,"height":2000,"url":"https:\/\/i0.wp.com\/truusk.se\/wp-content\/uploads\/2025\/06\/hopfallbar-campingbadd-tal-upp-till-136-kg-faltbadd-med-sidoficka-oxford-gron-svart-200-x-73-x-49-cm-for-utomhus-resor-1.webp?fit=2000%2C2000&ssl=1","type":"image\/webp"}],"twitter_card":"summary_large_image","twitter_misc":{"Ber\u00e4knad l\u00e4stid":"1 minut"},"schema":{"@context":"https:\/\/schema.org","@graph":[{"@type":"WebPage","@id":"https:\/\/truusk.store\/sv\/produkt\/truusk-hopfallbar-campingbadd-talig-och-praktisk-sidoficka-oxford-material-for-utomhus-och-resor-gron-svart-200-x-73\/","url":"https:\/\/truusk.store\/sv\/produkt\/truusk-hopfallbar-campingbadd-talig-och-praktisk-sidoficka-oxford-material-for-utomhus-och-resor-gron-svart-200-x-73\/","name":"TRUUSK Hopf\u00e4llbar Campingb\u00e4dd - T\u00e5lig och Praktisk - Sidoficka - Oxford Material - F\u00f6r Utomhus och Resor - Gr\u00f6n\/Svart - 200 x 73 - TRUUSK - Hem, Tr\u00e4dg\u00e5rd &amp; Fritid","isPartOf":{"@id":"https:\/\/truusk.store\/sv\/#website"},"primaryImageOfPage":{"@id":"https:\/\/truusk.store\/sv\/produkt\/truusk-hopfallbar-campingbadd-talig-och-praktisk-sidoficka-oxford-material-for-utomhus-och-resor-gron-svart-200-x-73\/#primaryimage"},"image":{"@id":"https:\/\/truusk.store\/sv\/produkt\/truusk-hopfallbar-campingbadd-talig-och-praktisk-sidoficka-oxford-material-for-utomhus-och-resor-gron-svart-200-x-73\/#primaryimage"},"thumbnailUrl":"https:\/\/i0.wp.com\/truusk.store\/wp-content\/uploads\/2025\/06\/hopfallbar-campingbadd-tal-upp-till-136-kg-faltbadd-med-sidoficka-oxford-gron-svart-200-x-73-x-49-cm-for-utomhus-resor-1.webp?fit=2000%2C2000&ssl=1","datePublished":"2025-06-04T20:27:45+00:00","dateModified":"2026-03-12T07:56:15+00:00","breadcrumb":{"@id":"https:\/\/truusk.store\/sv\/produkt\/truusk-hopfallbar-campingbadd-talig-och-praktisk-sidoficka-oxford-material-for-utomhus-och-resor-gron-svart-200-x-73\/#breadcrumb"},"inLanguage":"sv-SE","potentialAction":[{"@type":"ReadAction","target":["https:\/\/truusk.store\/sv\/produkt\/truusk-hopfallbar-campingbadd-talig-och-praktisk-sidoficka-oxford-material-for-utomhus-och-resor-gron-svart-200-x-73\/"]}]},{"@type":"ImageObject","inLanguage":"sv-SE","@id":"https:\/\/truusk.store\/sv\/produkt\/truusk-hopfallbar-campingbadd-talig-och-praktisk-sidoficka-oxford-material-for-utomhus-och-resor-gron-svart-200-x-73\/#primaryimage","url":"https:\/\/i0.wp.com\/truusk.store\/wp-content\/uploads\/2025\/06\/hopfallbar-campingbadd-tal-upp-till-136-kg-faltbadd-med-sidoficka-oxford-gron-svart-200-x-73-x-49-cm-for-utomhus-resor-1.webp?fit=2000%2C2000&ssl=1","contentUrl":"https:\/\/i0.wp.com\/truusk.store\/wp-content\/uploads\/2025\/06\/hopfallbar-campingbadd-tal-upp-till-136-kg-faltbadd-med-sidoficka-oxford-gron-svart-200-x-73-x-49-cm-for-utomhus-resor-1.webp?fit=2000%2C2000&ssl=1","width":2000,"height":2000},{"@type":"BreadcrumbList","@id":"https:\/\/truusk.store\/sv\/produkt\/truusk-hopfallbar-campingbadd-talig-och-praktisk-sidoficka-oxford-material-for-utomhus-och-resor-gron-svart-200-x-73\/#breadcrumb","itemListElement":[{"@type":"ListItem","position":1,"name":"Home","item":"https:\/\/truusk.store\/sv\/"},{"@type":"ListItem","position":2,"name":"Shop","item":"https:\/\/truusk.store\/shop\/"},{"@type":"ListItem","position":3,"name":"TRUUSK Hopf\u00e4llbar Campingb\u00e4dd &#8211; T\u00e5lig och Praktisk &#8211; Sidoficka &#8211; Oxford Material &#8211; F\u00f6r Utomhus och Resor &#8211; Gr\u00f6n\/Svart &#8211; 200 x 73"}]},{"@type":"WebSite","@id":"https:\/\/truusk.store\/sv\/#website","url":"https:\/\/truusk.store\/sv\/","name":"TRUUSK - Hem, Tr\u00e4dg\u00e5rd & Fritid","description":"","publisher":{"@id":"https:\/\/truusk.store\/sv\/#organization"},"potentialAction":[{"@type":"SearchAction","target":{"@type":"EntryPoint","urlTemplate":"https:\/\/truusk.store\/sv\/?s={search_term_string}"},"query-input":{"@type":"PropertyValueSpecification","valueRequired":true,"valueName":"search_term_string"}}],"inLanguage":"sv-SE"},{"@type":"Organization","@id":"https:\/\/truusk.store\/sv\/#organization","name":"TRUUSK - Hem, Tr\u00e4dg\u00e5rd & Fritid","url":"https:\/\/truusk.store\/sv\/","logo":{"@type":"ImageObject","inLanguage":"sv-SE","@id":"https:\/\/truusk.store\/sv\/#\/schema\/logo\/image\/","url":"https:\/\/i0.wp.com\/truusk.store\/wp-content\/uploads\/2026\/03\/cropped-TRUUSK.png?fit=2032%2C917&ssl=1","contentUrl":"https:\/\/i0.wp.com\/truusk.store\/wp-content\/uploads\/2026\/03\/cropped-TRUUSK.png?fit=2032%2C917&ssl=1","width":2032,"height":917,"caption":"TRUUSK - Hem, Tr\u00e4dg\u00e5rd & Fritid"},"image":{"@id":"https:\/\/truusk.store\/sv\/#\/schema\/logo\/image\/"}}]}},"jetpack_sharing_enabled":true,"_links":{"self":[{"href":"https:\/\/truusk.store\/sv\/wp-json\/wp\/v2\/product\/57271","targetHints":{"allow":["GET"]}}],"collection":[{"href":"https:\/\/truusk.store\/sv\/wp-json\/wp\/v2\/product"}],"about":[{"href":"https:\/\/truusk.store\/sv\/wp-json\/wp\/v2\/types\/product"}],"wp:featuredmedia":[{"embeddable":true,"href":"https:\/\/truusk.store\/sv\/wp-json\/wp\/v2\/media\/57262"}],"wp:attachment":[{"href":"https:\/\/truusk.store\/sv\/wp-json\/wp\/v2\/media?parent=57271"}],"wp:term":[{"taxonomy":"product_brand","embeddable":true,"href":"https:\/\/truusk.store\/sv\/wp-json\/wp\/v2\/product_brand?post=57271"},{"taxonomy":"product_cat","embeddable":true,"href":"https:\/\/truusk.store\/sv\/wp-json\/wp\/v2\/product_cat?post=57271"},{"taxonomy":"product_tag","embeddable":true,"href":"https:\/\/truusk.store\/sv\/wp-json\/wp\/v2\/product_tag?post=57271"}],"curies":[{"name":"wp","href":"https:\/\/api.w.org\/{rel}","templated":true}]}}