{"id":57321,"date":"2025-06-04T21:32:43","date_gmt":"2025-06-04T20:32:43","guid":{"rendered":"https:\/\/truusk.store\/product\/kontorsstol-med-fotstod-ergonomisk-hojdjusterbar-svangstol-med-huvudkudde-upp-till-120-kg-belastning-gra\/"},"modified":"2026-03-12T08:55:20","modified_gmt":"2026-03-12T07:55:20","slug":"truusk-ergonomisk-kontorsstol-med-fotstod-justerbar-hojd-huvudkudde-upp-till-120-kg-gra","status":"publish","type":"product","link":"https:\/\/truusk.store\/sv\/produkt\/truusk-ergonomisk-kontorsstol-med-fotstod-justerbar-hojd-huvudkudde-upp-till-120-kg-gra\/","title":{"rendered":"TRUUSK Ergonomisk Kontorsstol med Fotst\u00f6d &#8211; Justerbar H\u00f6jd &#8211; Huvudkudde &#8211; Upp till 120 kg &#8211; Gr\u00e5"},"content":{"rendered":"<p>Den h\u00e4r kontorsstolen fr\u00e5n TRUUSK \u00e4r perfekt f\u00f6r alla som beh\u00f6ver sitta mycket och l\u00e4nge p\u00e5 jobbet, men inte vill kompromissa med komfort. Denna kontorsstol st\u00f6der din rygg under l\u00e5nga arbetspass. En utdragbar fotst\u00f6d och en huvudst\u00f6d ger mycket komfort under l\u00e5nga sittperioder. Ryggst\u00f6det, armst\u00f6den och s\u00e4tet kan anpassas efter dina individuella behov.<\/p>\n<p>Beskrivning:<\/p>\n<ul>\n<li> Modern ergonomisk kontorsstol<\/li>\n<li> Ovandel i v\u00e4v f\u00f6r l\u00e5ngvarig anv\u00e4ndning<\/li>\n<li> Mjuk skumstoppning och vadderade armst\u00f6d f\u00f6r mycket komfort<\/li>\n<li> Huvudst\u00f6d f\u00f6r extra st\u00f6d, perfekt f\u00f6r l\u00e5ngvarigt sittande och arbete<\/li>\n<li> Uttagbar fotst\u00f6d kan d\u00f6ljas under stolen n\u00e4r den inte anv\u00e4nds<\/li>\n<li> Lutning upp till 155 grader f\u00f6r maximal komfort<\/li>\n<li> Sitsens h\u00f6jd kan anpassas efter din kroppsl\u00e4ngd och skrivbordsh\u00f6jd<\/li>\n<li> 360\u00b0 roterande hjul f\u00f6r smidig r\u00f6relse<\/li>\n<li>Enkel hantering med en pneumatisk spak<\/li>\n<\/ul>\n<p>Tekniska data:<\/p>\n<ul>\n<li> F\u00e4rg: Ljusgr\u00e5<\/li>\n<li> Material: Linne (Polyester), skum, PVC<\/li>\n<li> Totala m\u00e5tt: 66B x 76D x 112-120H cm<\/li>\n<li> Liggyta (utan fotst\u00f6d): 66B x 122D x 83-91H cm<\/li>\n<li> Sitsens storlek: 54B x 51D x 12H cm<\/li>\n<li> Huvudst\u00f6dets storlek: 34B x 22D x 13H cm<\/li>\n<li> Ryggst\u00f6dets storlek: 52L x 12B x 69H cm<\/li>\n<li> Fotst\u00f6dets storlek: 35B x 22D x7H cm<\/li>\n<li> Armst\u00f6dets h\u00f6jd: 21 cm (fr\u00e5n sitsen)<\/li>\n<li> Maximal belastning: 120 kg<\/li>\n<\/ul>\n<p>Leveransinneh\u00e5ll:<\/p>\n<ul>\n<li> 1 x Kontorsliggstol<\/li>\n<li> 1 x Monteringsanvisning<\/li>\n<\/ul>\n","protected":false},"excerpt":{"rendered":"<p>Den h\u00e4r kontorsstolen fr\u00e5n TRUUSK \u00e4r perfekt f\u00f6r alla som beh\u00f6ver sitta mycket och l\u00e4nge p\u00e5 jobbet, men inte vill&#8230;<\/p>\n","protected":false},"featured_media":57312,"template":"","meta":[],"product_brand":[],"product_cat":[872,871,516],"product_tag":[],"class_list":{"0":"post-57321","1":"product","2":"type-product","3":"status-publish","4":"has-post-thumbnail","6":"product_cat-hemmakontor-arbetsplats","7":"product_cat-hus-hem","8":"product_cat-kontorsstolar","10":"first","11":"instock","12":"sale","13":"taxable","14":"shipping-taxable","15":"purchasable","16":"product-type-simple"},"yoast_head":"<!-- This site is optimized with the Yoast SEO plugin v25.4 - https:\/\/yoast.com\/wordpress\/plugins\/seo\/ -->\n<title>TRUUSK Ergonomisk Kontorsstol med Fotst\u00f6d - Justerbar H\u00f6jd - Huvudkudde - Upp till 120 kg - Gr\u00e5 - TRUUSK - Hem, Tr\u00e4dg\u00e5rd &amp; Fritid<\/title>\n<meta name=\"robots\" content=\"index, follow, max-snippet:-1, max-image-preview:large, max-video-preview:-1\" \/>\n<link rel=\"canonical\" href=\"https:\/\/truusk.store\/sv\/produkt\/truusk-ergonomisk-kontorsstol-med-fotstod-justerbar-hojd-huvudkudde-upp-till-120-kg-gra\/\" \/>\n<meta property=\"og:locale\" content=\"sv_SE\" \/>\n<meta property=\"og:type\" content=\"article\" \/>\n<meta property=\"og:title\" content=\"TRUUSK Ergonomisk Kontorsstol med Fotst\u00f6d - Justerbar H\u00f6jd - Huvudkudde - Upp till 120 kg - Gr\u00e5 - TRUUSK - Hem, Tr\u00e4dg\u00e5rd &amp; Fritid\" \/>\n<meta property=\"og:description\" content=\"Den h\u00e4r kontorsstolen fr\u00e5n TRUUSK \u00e4r perfekt f\u00f6r alla som beh\u00f6ver sitta mycket och l\u00e4nge p\u00e5 jobbet, men inte vill...\" \/>\n<meta property=\"og:url\" content=\"https:\/\/truusk.store\/sv\/produkt\/truusk-ergonomisk-kontorsstol-med-fotstod-justerbar-hojd-huvudkudde-upp-till-120-kg-gra\/\" \/>\n<meta property=\"og:site_name\" content=\"TRUUSK - Hem, Tr\u00e4dg\u00e5rd &amp; Fritid\" \/>\n<meta property=\"article:modified_time\" content=\"2026-03-12T07:55:20+00:00\" \/>\n<meta property=\"og:image\" content=\"https:\/\/i0.wp.com\/truusk.se\/wp-content\/uploads\/2025\/06\/kontorsstol-med-fotstod-ergonomisk-hojdjusterbar-svangstol-med-huvudkudde-upp-till-120-kg-belastning-gra-1.webp?fit=2000%2C2000&ssl=1\" \/>\n\t<meta property=\"og:image:width\" content=\"2000\" \/>\n\t<meta property=\"og:image:height\" content=\"2000\" \/>\n\t<meta property=\"og:image:type\" content=\"image\/webp\" \/>\n<meta name=\"twitter:card\" content=\"summary_large_image\" \/>\n<meta name=\"twitter:label1\" content=\"Ber\u00e4knad l\u00e4stid\" \/>\n\t<meta name=\"twitter:data1\" content=\"1 minut\" \/>\n<!-- \/ Yoast SEO plugin. -->","yoast_head_json":{"title":"TRUUSK Ergonomisk Kontorsstol med Fotst\u00f6d - Justerbar H\u00f6jd - Huvudkudde - Upp till 120 kg - Gr\u00e5 - TRUUSK - Hem, Tr\u00e4dg\u00e5rd &amp; Fritid","robots":{"index":"index","follow":"follow","max-snippet":"max-snippet:-1","max-image-preview":"max-image-preview:large","max-video-preview":"max-video-preview:-1"},"canonical":"https:\/\/truusk.store\/sv\/produkt\/truusk-ergonomisk-kontorsstol-med-fotstod-justerbar-hojd-huvudkudde-upp-till-120-kg-gra\/","og_locale":"sv_SE","og_type":"article","og_title":"TRUUSK Ergonomisk Kontorsstol med Fotst\u00f6d - Justerbar H\u00f6jd - Huvudkudde - Upp till 120 kg - Gr\u00e5 - TRUUSK - Hem, Tr\u00e4dg\u00e5rd &amp; Fritid","og_description":"Den h\u00e4r kontorsstolen fr\u00e5n TRUUSK \u00e4r perfekt f\u00f6r alla som beh\u00f6ver sitta mycket och l\u00e4nge p\u00e5 jobbet, men inte vill...","og_url":"https:\/\/truusk.store\/sv\/produkt\/truusk-ergonomisk-kontorsstol-med-fotstod-justerbar-hojd-huvudkudde-upp-till-120-kg-gra\/","og_site_name":"TRUUSK - Hem, Tr\u00e4dg\u00e5rd &amp; Fritid","article_modified_time":"2026-03-12T07:55:20+00:00","og_image":[{"width":2000,"height":2000,"url":"https:\/\/i0.wp.com\/truusk.se\/wp-content\/uploads\/2025\/06\/kontorsstol-med-fotstod-ergonomisk-hojdjusterbar-svangstol-med-huvudkudde-upp-till-120-kg-belastning-gra-1.webp?fit=2000%2C2000&ssl=1","type":"image\/webp"}],"twitter_card":"summary_large_image","twitter_misc":{"Ber\u00e4knad l\u00e4stid":"1 minut"},"schema":{"@context":"https:\/\/schema.org","@graph":[{"@type":"WebPage","@id":"https:\/\/truusk.store\/sv\/produkt\/truusk-ergonomisk-kontorsstol-med-fotstod-justerbar-hojd-huvudkudde-upp-till-120-kg-gra\/","url":"https:\/\/truusk.store\/sv\/produkt\/truusk-ergonomisk-kontorsstol-med-fotstod-justerbar-hojd-huvudkudde-upp-till-120-kg-gra\/","name":"TRUUSK Ergonomisk Kontorsstol med Fotst\u00f6d - Justerbar H\u00f6jd - Huvudkudde - Upp till 120 kg - Gr\u00e5 - TRUUSK - Hem, Tr\u00e4dg\u00e5rd &amp; Fritid","isPartOf":{"@id":"https:\/\/truusk.store\/sv\/#website"},"primaryImageOfPage":{"@id":"https:\/\/truusk.store\/sv\/produkt\/truusk-ergonomisk-kontorsstol-med-fotstod-justerbar-hojd-huvudkudde-upp-till-120-kg-gra\/#primaryimage"},"image":{"@id":"https:\/\/truusk.store\/sv\/produkt\/truusk-ergonomisk-kontorsstol-med-fotstod-justerbar-hojd-huvudkudde-upp-till-120-kg-gra\/#primaryimage"},"thumbnailUrl":"https:\/\/i0.wp.com\/truusk.store\/wp-content\/uploads\/2025\/06\/kontorsstol-med-fotstod-ergonomisk-hojdjusterbar-svangstol-med-huvudkudde-upp-till-120-kg-belastning-gra-1.webp?fit=2000%2C2000&ssl=1","datePublished":"2025-06-04T20:32:43+00:00","dateModified":"2026-03-12T07:55:20+00:00","breadcrumb":{"@id":"https:\/\/truusk.store\/sv\/produkt\/truusk-ergonomisk-kontorsstol-med-fotstod-justerbar-hojd-huvudkudde-upp-till-120-kg-gra\/#breadcrumb"},"inLanguage":"sv-SE","potentialAction":[{"@type":"ReadAction","target":["https:\/\/truusk.store\/sv\/produkt\/truusk-ergonomisk-kontorsstol-med-fotstod-justerbar-hojd-huvudkudde-upp-till-120-kg-gra\/"]}]},{"@type":"ImageObject","inLanguage":"sv-SE","@id":"https:\/\/truusk.store\/sv\/produkt\/truusk-ergonomisk-kontorsstol-med-fotstod-justerbar-hojd-huvudkudde-upp-till-120-kg-gra\/#primaryimage","url":"https:\/\/i0.wp.com\/truusk.store\/wp-content\/uploads\/2025\/06\/kontorsstol-med-fotstod-ergonomisk-hojdjusterbar-svangstol-med-huvudkudde-upp-till-120-kg-belastning-gra-1.webp?fit=2000%2C2000&ssl=1","contentUrl":"https:\/\/i0.wp.com\/truusk.store\/wp-content\/uploads\/2025\/06\/kontorsstol-med-fotstod-ergonomisk-hojdjusterbar-svangstol-med-huvudkudde-upp-till-120-kg-belastning-gra-1.webp?fit=2000%2C2000&ssl=1","width":2000,"height":2000},{"@type":"BreadcrumbList","@id":"https:\/\/truusk.store\/sv\/produkt\/truusk-ergonomisk-kontorsstol-med-fotstod-justerbar-hojd-huvudkudde-upp-till-120-kg-gra\/#breadcrumb","itemListElement":[{"@type":"ListItem","position":1,"name":"Home","item":"https:\/\/truusk.store\/sv\/"},{"@type":"ListItem","position":2,"name":"Shop","item":"https:\/\/truusk.store\/shop\/"},{"@type":"ListItem","position":3,"name":"TRUUSK Ergonomisk Kontorsstol med Fotst\u00f6d &#8211; Justerbar H\u00f6jd &#8211; Huvudkudde &#8211; Upp till 120 kg &#8211; Gr\u00e5"}]},{"@type":"WebSite","@id":"https:\/\/truusk.store\/sv\/#website","url":"https:\/\/truusk.store\/sv\/","name":"TRUUSK - Hem, Tr\u00e4dg\u00e5rd & Fritid","description":"","publisher":{"@id":"https:\/\/truusk.store\/sv\/#organization"},"potentialAction":[{"@type":"SearchAction","target":{"@type":"EntryPoint","urlTemplate":"https:\/\/truusk.store\/sv\/?s={search_term_string}"},"query-input":{"@type":"PropertyValueSpecification","valueRequired":true,"valueName":"search_term_string"}}],"inLanguage":"sv-SE"},{"@type":"Organization","@id":"https:\/\/truusk.store\/sv\/#organization","name":"TRUUSK - Hem, Tr\u00e4dg\u00e5rd & Fritid","url":"https:\/\/truusk.store\/sv\/","logo":{"@type":"ImageObject","inLanguage":"sv-SE","@id":"https:\/\/truusk.store\/sv\/#\/schema\/logo\/image\/","url":"https:\/\/i0.wp.com\/truusk.store\/wp-content\/uploads\/2026\/03\/cropped-TRUUSK.png?fit=2032%2C917&ssl=1","contentUrl":"https:\/\/i0.wp.com\/truusk.store\/wp-content\/uploads\/2026\/03\/cropped-TRUUSK.png?fit=2032%2C917&ssl=1","width":2032,"height":917,"caption":"TRUUSK - Hem, Tr\u00e4dg\u00e5rd & Fritid"},"image":{"@id":"https:\/\/truusk.store\/sv\/#\/schema\/logo\/image\/"}}]}},"jetpack_sharing_enabled":true,"_links":{"self":[{"href":"https:\/\/truusk.store\/sv\/wp-json\/wp\/v2\/product\/57321","targetHints":{"allow":["GET"]}}],"collection":[{"href":"https:\/\/truusk.store\/sv\/wp-json\/wp\/v2\/product"}],"about":[{"href":"https:\/\/truusk.store\/sv\/wp-json\/wp\/v2\/types\/product"}],"wp:featuredmedia":[{"embeddable":true,"href":"https:\/\/truusk.store\/sv\/wp-json\/wp\/v2\/media\/57312"}],"wp:attachment":[{"href":"https:\/\/truusk.store\/sv\/wp-json\/wp\/v2\/media?parent=57321"}],"wp:term":[{"taxonomy":"product_brand","embeddable":true,"href":"https:\/\/truusk.store\/sv\/wp-json\/wp\/v2\/product_brand?post=57321"},{"taxonomy":"product_cat","embeddable":true,"href":"https:\/\/truusk.store\/sv\/wp-json\/wp\/v2\/product_cat?post=57321"},{"taxonomy":"product_tag","embeddable":true,"href":"https:\/\/truusk.store\/sv\/wp-json\/wp\/v2\/product_tag?post=57321"}],"curies":[{"name":"wp","href":"https:\/\/api.w.org\/{rel}","templated":true}]}}