{"id":57331,"date":"2025-06-04T21:33:45","date_gmt":"2025-06-04T20:33:45","guid":{"rendered":"https:\/\/truusk.store\/product\/gym-kraftstation-fitnessstation-multigym-med-vikter-latdrag-bencurl-metall-pu-konstlader-svart\/"},"modified":"2026-03-12T09:03:35","modified_gmt":"2026-03-12T08:03:35","slug":"truusk-fitnessstation-multigym-med-vikter-latdrag-bencurl-svart-hogkvalitativt-pu-konstlader-allt-i-ett-traningsmaskin","status":"publish","type":"product","link":"https:\/\/truusk.store\/sv\/produkt\/truusk-fitnessstation-multigym-med-vikter-latdrag-bencurl-svart-hogkvalitativt-pu-konstlader-allt-i-ett-traningsmaskin\/","title":{"rendered":"TRUUSK Fitnessstation Multigym &#8211; Med Vikter &#8211; Latdrag &amp; Bencurl &#8211; Svart &#8211; H\u00f6gkvalitativt PU-konstl\u00e4der &#8211; Allt-i-ett tr\u00e4ningsmaskin"},"content":{"rendered":"<p>Med denna multifunktionella hemtr\u00e4ningsutrustning kan du utf\u00f6ra din motions\u00f6vning hemma eller p\u00e5 kontoret. Tr\u00e4na hela din kropp med denna utrustning, som t.ex. ryggdragst\u00e5ng, fj\u00e4rilsarm, nedre dragst\u00e5ngsfunktion, arm b\u00f6jtr\u00e4ning, sparktr\u00e4ning. Du kan tr\u00e4na dina armar, ben, midja, h\u00f6fter och mage med den. Njut av tr\u00e4ningen hemma f\u00f6r att h\u00e5lla din kropp h\u00e4lsosam.<\/p>\n<p>Beskrivning:<\/p>\n<ul>\n<li> Byggd med starkt st\u00e5lr\u00f6r med stabil struktur f\u00f6r p\u00e5litlig anv\u00e4ndning<\/li>\n<li> St\u00f6der m\u00e5nga typer av \u00f6vningar som ryggdragst\u00e5ng, fj\u00e4rilsarm, nedre dragst\u00e5ngsfunktion, arm b\u00f6jtr\u00e4ning, sparktr\u00e4ning<\/li>\n<li> Du kan tr\u00e4na dina armar, ben, midja, h\u00f6fter och mage med den<\/li>\n<li> Utrustning med 4 rullkuddar och en fullt fungerande benutvecklare f\u00f6r bekv\u00e4m styrketr\u00e4ning<\/li>\n<li> Halkfria \u00e4ndlock g\u00f6r utrustningen stark och stabil<\/li>\n<li> Skyddande stapel\u00f6verdrag f\u00f6r anv\u00e4ndarens s\u00e4kerhet<\/li>\n<li> Utm\u00e4rkt f\u00f6r hemmet, kontoret, GYM och fitnesscenter<\/li>\n<li> Observera: Denna artikel levereras i 4 separata kartonger<\/li>\n<li> Montering kr\u00e4vs<\/li>\n<\/ul>\n<p> Tekniska data:<\/p>\n<ul>\n<li> F\u00e4rg: Svart<\/li>\n<li> Material: Metall, PU-konstl\u00e4der<\/li>\n<li> Totala m\u00e5tt: 150L x 110B x 210H cm<\/li>\n<li> Sitsstorlek: 35L x 32B x 4T cm<\/li>\n<li> 10 x 4,5 kg motvikt, total motvikt 45 kg<\/li>\n<li> Maximal belastningskapacitet: 120 kg<\/li>\n<li> Certifiering: EN20957-1-2<\/li>\n<\/ul>\n<p>Leveransinneh\u00e5ll:<\/p>\n<ul>\n<li> 1 x GYM kraftstation<\/li>\n<li> 10 x 4,5 kg motvikt<\/li>\n<li> 1 x Instruktion<\/li>\n<\/ul>\n","protected":false},"excerpt":{"rendered":"<p>Med denna multifunktionella hemtr\u00e4ningsutrustning kan du utf\u00f6ra din motions\u00f6vning hemma eller p\u00e5 kontoret. Tr\u00e4na hela din kropp med denna utrustning,&#8230;<\/p>\n","protected":false},"featured_media":57322,"template":"","meta":[],"product_brand":[],"product_cat":[873,647,665],"product_tag":[],"class_list":{"0":"post-57331","1":"product","2":"type-product","3":"status-publish","4":"has-post-thumbnail","6":"product_cat-fitness-styrketraning","7":"product_cat-sport-fritid","8":"product_cat-styrketraning","10":"first","11":"instock","12":"sale","13":"taxable","14":"shipping-taxable","15":"purchasable","16":"product-type-simple"},"yoast_head":"<!-- This site is optimized with the Yoast SEO plugin v25.4 - https:\/\/yoast.com\/wordpress\/plugins\/seo\/ -->\n<title>TRUUSK Fitnessstation Multigym - Med Vikter - Latdrag &amp; Bencurl - Svart - H\u00f6gkvalitativt PU-konstl\u00e4der - Allt-i-ett tr\u00e4ningsmaskin - TRUUSK - Hem, Tr\u00e4dg\u00e5rd &amp; Fritid<\/title>\n<meta name=\"robots\" content=\"index, follow, max-snippet:-1, max-image-preview:large, max-video-preview:-1\" \/>\n<link rel=\"canonical\" href=\"https:\/\/truusk.store\/sv\/produkt\/truusk-fitnessstation-multigym-med-vikter-latdrag-bencurl-svart-hogkvalitativt-pu-konstlader-allt-i-ett-traningsmaskin\/\" \/>\n<meta property=\"og:locale\" content=\"sv_SE\" \/>\n<meta property=\"og:type\" content=\"article\" \/>\n<meta property=\"og:title\" content=\"TRUUSK Fitnessstation Multigym - Med Vikter - Latdrag &amp; Bencurl - Svart - H\u00f6gkvalitativt PU-konstl\u00e4der - Allt-i-ett tr\u00e4ningsmaskin - TRUUSK - Hem, Tr\u00e4dg\u00e5rd &amp; Fritid\" \/>\n<meta property=\"og:description\" content=\"Med denna multifunktionella hemtr\u00e4ningsutrustning kan du utf\u00f6ra din motions\u00f6vning hemma eller p\u00e5 kontoret. Tr\u00e4na hela din kropp med denna utrustning,...\" \/>\n<meta property=\"og:url\" content=\"https:\/\/truusk.store\/sv\/produkt\/truusk-fitnessstation-multigym-med-vikter-latdrag-bencurl-svart-hogkvalitativt-pu-konstlader-allt-i-ett-traningsmaskin\/\" \/>\n<meta property=\"og:site_name\" content=\"TRUUSK - Hem, Tr\u00e4dg\u00e5rd &amp; Fritid\" \/>\n<meta property=\"article:modified_time\" content=\"2026-03-12T08:03:35+00:00\" \/>\n<meta property=\"og:image\" content=\"https:\/\/i0.wp.com\/truusk.se\/wp-content\/uploads\/2025\/06\/gym-kraftstation-fitnessstation-multigym-med-vikter-latdrag-bencurl-metall-pu-konstlader-svart-1.webp?fit=2000%2C2000&ssl=1\" \/>\n\t<meta property=\"og:image:width\" content=\"2000\" \/>\n\t<meta property=\"og:image:height\" content=\"2000\" \/>\n\t<meta property=\"og:image:type\" content=\"image\/webp\" \/>\n<meta name=\"twitter:card\" content=\"summary_large_image\" \/>\n<meta name=\"twitter:label1\" content=\"Ber\u00e4knad l\u00e4stid\" \/>\n\t<meta name=\"twitter:data1\" content=\"1 minut\" \/>\n<!-- \/ Yoast SEO plugin. -->","yoast_head_json":{"title":"TRUUSK Fitnessstation Multigym - Med Vikter - Latdrag &amp; Bencurl - Svart - H\u00f6gkvalitativt PU-konstl\u00e4der - Allt-i-ett tr\u00e4ningsmaskin - TRUUSK - Hem, Tr\u00e4dg\u00e5rd &amp; Fritid","robots":{"index":"index","follow":"follow","max-snippet":"max-snippet:-1","max-image-preview":"max-image-preview:large","max-video-preview":"max-video-preview:-1"},"canonical":"https:\/\/truusk.store\/sv\/produkt\/truusk-fitnessstation-multigym-med-vikter-latdrag-bencurl-svart-hogkvalitativt-pu-konstlader-allt-i-ett-traningsmaskin\/","og_locale":"sv_SE","og_type":"article","og_title":"TRUUSK Fitnessstation Multigym - Med Vikter - Latdrag &amp; Bencurl - Svart - H\u00f6gkvalitativt PU-konstl\u00e4der - Allt-i-ett tr\u00e4ningsmaskin - TRUUSK - Hem, Tr\u00e4dg\u00e5rd &amp; Fritid","og_description":"Med denna multifunktionella hemtr\u00e4ningsutrustning kan du utf\u00f6ra din motions\u00f6vning hemma eller p\u00e5 kontoret. Tr\u00e4na hela din kropp med denna utrustning,...","og_url":"https:\/\/truusk.store\/sv\/produkt\/truusk-fitnessstation-multigym-med-vikter-latdrag-bencurl-svart-hogkvalitativt-pu-konstlader-allt-i-ett-traningsmaskin\/","og_site_name":"TRUUSK - Hem, Tr\u00e4dg\u00e5rd &amp; Fritid","article_modified_time":"2026-03-12T08:03:35+00:00","og_image":[{"width":2000,"height":2000,"url":"https:\/\/i0.wp.com\/truusk.se\/wp-content\/uploads\/2025\/06\/gym-kraftstation-fitnessstation-multigym-med-vikter-latdrag-bencurl-metall-pu-konstlader-svart-1.webp?fit=2000%2C2000&ssl=1","type":"image\/webp"}],"twitter_card":"summary_large_image","twitter_misc":{"Ber\u00e4knad l\u00e4stid":"1 minut"},"schema":{"@context":"https:\/\/schema.org","@graph":[{"@type":"WebPage","@id":"https:\/\/truusk.store\/sv\/produkt\/truusk-fitnessstation-multigym-med-vikter-latdrag-bencurl-svart-hogkvalitativt-pu-konstlader-allt-i-ett-traningsmaskin\/","url":"https:\/\/truusk.store\/sv\/produkt\/truusk-fitnessstation-multigym-med-vikter-latdrag-bencurl-svart-hogkvalitativt-pu-konstlader-allt-i-ett-traningsmaskin\/","name":"TRUUSK Fitnessstation Multigym - Med Vikter - Latdrag &amp; Bencurl - Svart - H\u00f6gkvalitativt PU-konstl\u00e4der - Allt-i-ett tr\u00e4ningsmaskin - TRUUSK - Hem, Tr\u00e4dg\u00e5rd &amp; Fritid","isPartOf":{"@id":"https:\/\/truusk.store\/sv\/#website"},"primaryImageOfPage":{"@id":"https:\/\/truusk.store\/sv\/produkt\/truusk-fitnessstation-multigym-med-vikter-latdrag-bencurl-svart-hogkvalitativt-pu-konstlader-allt-i-ett-traningsmaskin\/#primaryimage"},"image":{"@id":"https:\/\/truusk.store\/sv\/produkt\/truusk-fitnessstation-multigym-med-vikter-latdrag-bencurl-svart-hogkvalitativt-pu-konstlader-allt-i-ett-traningsmaskin\/#primaryimage"},"thumbnailUrl":"https:\/\/i0.wp.com\/truusk.store\/wp-content\/uploads\/2025\/06\/gym-kraftstation-fitnessstation-multigym-med-vikter-latdrag-bencurl-metall-pu-konstlader-svart-1.webp?fit=2000%2C2000&ssl=1","datePublished":"2025-06-04T20:33:45+00:00","dateModified":"2026-03-12T08:03:35+00:00","breadcrumb":{"@id":"https:\/\/truusk.store\/sv\/produkt\/truusk-fitnessstation-multigym-med-vikter-latdrag-bencurl-svart-hogkvalitativt-pu-konstlader-allt-i-ett-traningsmaskin\/#breadcrumb"},"inLanguage":"sv-SE","potentialAction":[{"@type":"ReadAction","target":["https:\/\/truusk.store\/sv\/produkt\/truusk-fitnessstation-multigym-med-vikter-latdrag-bencurl-svart-hogkvalitativt-pu-konstlader-allt-i-ett-traningsmaskin\/"]}]},{"@type":"ImageObject","inLanguage":"sv-SE","@id":"https:\/\/truusk.store\/sv\/produkt\/truusk-fitnessstation-multigym-med-vikter-latdrag-bencurl-svart-hogkvalitativt-pu-konstlader-allt-i-ett-traningsmaskin\/#primaryimage","url":"https:\/\/i0.wp.com\/truusk.store\/wp-content\/uploads\/2025\/06\/gym-kraftstation-fitnessstation-multigym-med-vikter-latdrag-bencurl-metall-pu-konstlader-svart-1.webp?fit=2000%2C2000&ssl=1","contentUrl":"https:\/\/i0.wp.com\/truusk.store\/wp-content\/uploads\/2025\/06\/gym-kraftstation-fitnessstation-multigym-med-vikter-latdrag-bencurl-metall-pu-konstlader-svart-1.webp?fit=2000%2C2000&ssl=1","width":2000,"height":2000},{"@type":"BreadcrumbList","@id":"https:\/\/truusk.store\/sv\/produkt\/truusk-fitnessstation-multigym-med-vikter-latdrag-bencurl-svart-hogkvalitativt-pu-konstlader-allt-i-ett-traningsmaskin\/#breadcrumb","itemListElement":[{"@type":"ListItem","position":1,"name":"Home","item":"https:\/\/truusk.store\/sv\/"},{"@type":"ListItem","position":2,"name":"Shop","item":"https:\/\/truusk.store\/shop\/"},{"@type":"ListItem","position":3,"name":"TRUUSK Fitnessstation Multigym &#8211; Med Vikter &#8211; Latdrag &amp; Bencurl &#8211; Svart &#8211; H\u00f6gkvalitativt PU-konstl\u00e4der &#8211; Allt-i-ett tr\u00e4ningsmaskin"}]},{"@type":"WebSite","@id":"https:\/\/truusk.store\/sv\/#website","url":"https:\/\/truusk.store\/sv\/","name":"TRUUSK - Hem, Tr\u00e4dg\u00e5rd & Fritid","description":"","publisher":{"@id":"https:\/\/truusk.store\/sv\/#organization"},"potentialAction":[{"@type":"SearchAction","target":{"@type":"EntryPoint","urlTemplate":"https:\/\/truusk.store\/sv\/?s={search_term_string}"},"query-input":{"@type":"PropertyValueSpecification","valueRequired":true,"valueName":"search_term_string"}}],"inLanguage":"sv-SE"},{"@type":"Organization","@id":"https:\/\/truusk.store\/sv\/#organization","name":"TRUUSK - Hem, Tr\u00e4dg\u00e5rd & Fritid","url":"https:\/\/truusk.store\/sv\/","logo":{"@type":"ImageObject","inLanguage":"sv-SE","@id":"https:\/\/truusk.store\/sv\/#\/schema\/logo\/image\/","url":"https:\/\/i0.wp.com\/truusk.store\/wp-content\/uploads\/2026\/03\/cropped-TRUUSK.png?fit=2032%2C917&ssl=1","contentUrl":"https:\/\/i0.wp.com\/truusk.store\/wp-content\/uploads\/2026\/03\/cropped-TRUUSK.png?fit=2032%2C917&ssl=1","width":2032,"height":917,"caption":"TRUUSK - Hem, Tr\u00e4dg\u00e5rd & Fritid"},"image":{"@id":"https:\/\/truusk.store\/sv\/#\/schema\/logo\/image\/"}}]}},"jetpack_sharing_enabled":true,"_links":{"self":[{"href":"https:\/\/truusk.store\/sv\/wp-json\/wp\/v2\/product\/57331","targetHints":{"allow":["GET"]}}],"collection":[{"href":"https:\/\/truusk.store\/sv\/wp-json\/wp\/v2\/product"}],"about":[{"href":"https:\/\/truusk.store\/sv\/wp-json\/wp\/v2\/types\/product"}],"wp:featuredmedia":[{"embeddable":true,"href":"https:\/\/truusk.store\/sv\/wp-json\/wp\/v2\/media\/57322"}],"wp:attachment":[{"href":"https:\/\/truusk.store\/sv\/wp-json\/wp\/v2\/media?parent=57331"}],"wp:term":[{"taxonomy":"product_brand","embeddable":true,"href":"https:\/\/truusk.store\/sv\/wp-json\/wp\/v2\/product_brand?post=57331"},{"taxonomy":"product_cat","embeddable":true,"href":"https:\/\/truusk.store\/sv\/wp-json\/wp\/v2\/product_cat?post=57331"},{"taxonomy":"product_tag","embeddable":true,"href":"https:\/\/truusk.store\/sv\/wp-json\/wp\/v2\/product_tag?post=57331"}],"curies":[{"name":"wp","href":"https:\/\/api.w.org\/{rel}","templated":true}]}}