{"id":57341,"date":"2025-06-04T21:34:44","date_gmt":"2025-06-04T20:34:44","guid":{"rendered":"https:\/\/truusk.store\/product\/massagestol-med-stighjalp-avslappningsstol-med-varmefunktion-justerbar-vinkel-usb-fjarrkontroll-kort-plysch-brun-83x95x105cm\/"},"modified":"2026-03-12T09:07:37","modified_gmt":"2026-03-12T08:07:37","slug":"truusk-massagestol-med-stighjalp-avslappningsfunktion-justerbar-vinkel-varmefunktion-usb-fjarrkontroll-kort-plysch","status":"publish","type":"product","link":"https:\/\/truusk.store\/sv\/produkt\/truusk-massagestol-med-stighjalp-avslappningsfunktion-justerbar-vinkel-varmefunktion-usb-fjarrkontroll-kort-plysch\/","title":{"rendered":"TRUUSK Massagestol med Stighj\u00e4lp &#8211; Avslappningsfunktion &#8211; Justerbar Vinkel &#8211; V\u00e4rmefunktion &#8211; USB Fj\u00e4rrkontroll &#8211; Kort Plysch &#8211;"},"content":{"rendered":"<p>Den h\u00e4r TV-stolen fr\u00e5n TRUUSK ser inte bara bra ut, den \u00e4r ocks\u00e5 praktisk. En inbyggd lyfthj\u00e4lp hj\u00e4lper till att g\u00e5 fr\u00e5n en sittande position till en st\u00e5ende position. 8 massagehuvuden och en v\u00e4rmefunktion ger mycket avkoppling. Njut av verkliga v\u00e4lbefinnande stunder med denna relaxstol fr\u00e5n TRUUSK.<\/p>\n<p>Beskrivning:<\/p>\n<ul>\n<li> Lyftfunktionen underl\u00e4ttar st\u00e5ende<\/li>\n<li> 8 vibrationsmassagepunkter p\u00e5 rygg, midja, l\u00e5r och vader med olika l\u00e4gen och intensiteter<\/li>\n<li> USB-anslutning f\u00f6r enkel laddning av mobilen<\/li>\n<li> V\u00e4rmefunktion i l\u00e4ndryggen f\u00f6r extra komfort<\/li>\n<li> Mjuka armst\u00f6d och vadderad huvud och l\u00e4ndrygg f\u00f6r mycket komfort<\/li>\n<li> Mjuk flanell yta<\/li>\n<li> Stabil tr\u00e4- och metallkonstruktion<\/li>\n<\/ul>\n<p>Tekniska data:<\/p>\n<ul>\n<li> Material: Polyester, tr\u00e4, metall, skum<\/li>\n<li> F\u00e4rg: Brun<\/li>\n<li> Totala m\u00e5tt: 83B x 95T x 105H cm<\/li>\n<li> Liggande m\u00e5tt: 82B x 164T x 90H cm<\/li>\n<li> Sitsstorlek: 46B x 51T cm<\/li>\n<li> Sitth\u00f6jd: 50 cm<\/li>\n<li> Liggvinkel: maximalt 160\u00b0<\/li>\n<li> Lyftassistent: maximalt 45\u00b0<\/li>\n<li> Ing\u00e5ngssp\u00e4nning: AC 100\u2013240 V\/50\u201360 Hz<\/li>\n<li> Effekt: 50 W<\/li>\n<li> L\u00e4ngd p\u00e5 n\u00e4tkabel: 1,7 m<\/li>\n<li> Maximal belastning: 150 kg<\/li>\n<\/ul>\n<p>Leveransinneh\u00e5ll:<\/p>\n<ul>\n<li> 1 x Massagestol<\/li>\n<li> 1 x Fj\u00e4rrkontroll<\/li>\n<\/ul>\n","protected":false},"excerpt":{"rendered":"<p>Den h\u00e4r TV-stolen fr\u00e5n TRUUSK ser inte bara bra ut, den \u00e4r ocks\u00e5 praktisk. En inbyggd lyfthj\u00e4lp hj\u00e4lper till att&#8230;<\/p>\n","protected":false},"featured_media":57332,"template":"","meta":[],"product_brand":[],"product_cat":[911,521,871,910],"product_tag":[],"class_list":{"0":"post-57341","1":"product","2":"type-product","3":"status-publish","4":"has-post-thumbnail","6":"product_cat-aufstehsessel","7":"product_cat-fatolj","8":"product_cat-hus-hem","9":"product_cat-vardagsrum","11":"first","12":"instock","13":"sale","14":"taxable","15":"shipping-taxable","16":"purchasable","17":"product-type-simple"},"yoast_head":"<!-- This site is optimized with the Yoast SEO plugin v25.4 - https:\/\/yoast.com\/wordpress\/plugins\/seo\/ -->\n<title>TRUUSK Massagestol med Stighj\u00e4lp - Avslappningsfunktion - Justerbar Vinkel - V\u00e4rmefunktion - USB Fj\u00e4rrkontroll - Kort Plysch - TRUUSK - Hem, Tr\u00e4dg\u00e5rd &amp; Fritid<\/title>\n<meta name=\"robots\" content=\"index, follow, max-snippet:-1, max-image-preview:large, max-video-preview:-1\" \/>\n<link rel=\"canonical\" href=\"https:\/\/truusk.store\/sv\/produkt\/truusk-massagestol-med-stighjalp-avslappningsfunktion-justerbar-vinkel-varmefunktion-usb-fjarrkontroll-kort-plysch\/\" \/>\n<meta property=\"og:locale\" content=\"sv_SE\" \/>\n<meta property=\"og:type\" content=\"article\" \/>\n<meta property=\"og:title\" content=\"TRUUSK Massagestol med Stighj\u00e4lp - Avslappningsfunktion - Justerbar Vinkel - V\u00e4rmefunktion - USB Fj\u00e4rrkontroll - Kort Plysch - TRUUSK - Hem, Tr\u00e4dg\u00e5rd &amp; Fritid\" \/>\n<meta property=\"og:description\" content=\"Den h\u00e4r TV-stolen fr\u00e5n TRUUSK ser inte bara bra ut, den \u00e4r ocks\u00e5 praktisk. En inbyggd lyfthj\u00e4lp hj\u00e4lper till att...\" \/>\n<meta property=\"og:url\" content=\"https:\/\/truusk.store\/sv\/produkt\/truusk-massagestol-med-stighjalp-avslappningsfunktion-justerbar-vinkel-varmefunktion-usb-fjarrkontroll-kort-plysch\/\" \/>\n<meta property=\"og:site_name\" content=\"TRUUSK - Hem, Tr\u00e4dg\u00e5rd &amp; Fritid\" \/>\n<meta property=\"article:modified_time\" content=\"2026-03-12T08:07:37+00:00\" \/>\n<meta property=\"og:image\" content=\"https:\/\/i0.wp.com\/truusk.se\/wp-content\/uploads\/2025\/06\/massagestol-med-stighjalp-avslappningsstol-med-varmefunktion-justerbar-vinkel-usb-fjarrkontroll-kort-plysch-brun-83x95x105cm-1.webp?fit=2000%2C2000&ssl=1\" \/>\n\t<meta property=\"og:image:width\" content=\"2000\" \/>\n\t<meta property=\"og:image:height\" content=\"2000\" \/>\n\t<meta property=\"og:image:type\" content=\"image\/webp\" \/>\n<meta name=\"twitter:card\" content=\"summary_large_image\" \/>\n<meta name=\"twitter:label1\" content=\"Ber\u00e4knad l\u00e4stid\" \/>\n\t<meta name=\"twitter:data1\" content=\"1 minut\" \/>\n<!-- \/ Yoast SEO plugin. -->","yoast_head_json":{"title":"TRUUSK Massagestol med Stighj\u00e4lp - Avslappningsfunktion - Justerbar Vinkel - V\u00e4rmefunktion - USB Fj\u00e4rrkontroll - Kort Plysch - TRUUSK - Hem, Tr\u00e4dg\u00e5rd &amp; Fritid","robots":{"index":"index","follow":"follow","max-snippet":"max-snippet:-1","max-image-preview":"max-image-preview:large","max-video-preview":"max-video-preview:-1"},"canonical":"https:\/\/truusk.store\/sv\/produkt\/truusk-massagestol-med-stighjalp-avslappningsfunktion-justerbar-vinkel-varmefunktion-usb-fjarrkontroll-kort-plysch\/","og_locale":"sv_SE","og_type":"article","og_title":"TRUUSK Massagestol med Stighj\u00e4lp - Avslappningsfunktion - Justerbar Vinkel - V\u00e4rmefunktion - USB Fj\u00e4rrkontroll - Kort Plysch - TRUUSK - Hem, Tr\u00e4dg\u00e5rd &amp; Fritid","og_description":"Den h\u00e4r TV-stolen fr\u00e5n TRUUSK ser inte bara bra ut, den \u00e4r ocks\u00e5 praktisk. En inbyggd lyfthj\u00e4lp hj\u00e4lper till att...","og_url":"https:\/\/truusk.store\/sv\/produkt\/truusk-massagestol-med-stighjalp-avslappningsfunktion-justerbar-vinkel-varmefunktion-usb-fjarrkontroll-kort-plysch\/","og_site_name":"TRUUSK - Hem, Tr\u00e4dg\u00e5rd &amp; Fritid","article_modified_time":"2026-03-12T08:07:37+00:00","og_image":[{"width":2000,"height":2000,"url":"https:\/\/i0.wp.com\/truusk.se\/wp-content\/uploads\/2025\/06\/massagestol-med-stighjalp-avslappningsstol-med-varmefunktion-justerbar-vinkel-usb-fjarrkontroll-kort-plysch-brun-83x95x105cm-1.webp?fit=2000%2C2000&ssl=1","type":"image\/webp"}],"twitter_card":"summary_large_image","twitter_misc":{"Ber\u00e4knad l\u00e4stid":"1 minut"},"schema":{"@context":"https:\/\/schema.org","@graph":[{"@type":"WebPage","@id":"https:\/\/truusk.store\/sv\/produkt\/truusk-massagestol-med-stighjalp-avslappningsfunktion-justerbar-vinkel-varmefunktion-usb-fjarrkontroll-kort-plysch\/","url":"https:\/\/truusk.store\/sv\/produkt\/truusk-massagestol-med-stighjalp-avslappningsfunktion-justerbar-vinkel-varmefunktion-usb-fjarrkontroll-kort-plysch\/","name":"TRUUSK Massagestol med Stighj\u00e4lp - Avslappningsfunktion - Justerbar Vinkel - V\u00e4rmefunktion - USB Fj\u00e4rrkontroll - Kort Plysch - TRUUSK - Hem, Tr\u00e4dg\u00e5rd &amp; Fritid","isPartOf":{"@id":"https:\/\/truusk.store\/sv\/#website"},"primaryImageOfPage":{"@id":"https:\/\/truusk.store\/sv\/produkt\/truusk-massagestol-med-stighjalp-avslappningsfunktion-justerbar-vinkel-varmefunktion-usb-fjarrkontroll-kort-plysch\/#primaryimage"},"image":{"@id":"https:\/\/truusk.store\/sv\/produkt\/truusk-massagestol-med-stighjalp-avslappningsfunktion-justerbar-vinkel-varmefunktion-usb-fjarrkontroll-kort-plysch\/#primaryimage"},"thumbnailUrl":"https:\/\/i0.wp.com\/truusk.store\/wp-content\/uploads\/2025\/06\/massagestol-med-stighjalp-avslappningsstol-med-varmefunktion-justerbar-vinkel-usb-fjarrkontroll-kort-plysch-brun-83x95x105cm-1.webp?fit=2000%2C2000&ssl=1","datePublished":"2025-06-04T20:34:44+00:00","dateModified":"2026-03-12T08:07:37+00:00","breadcrumb":{"@id":"https:\/\/truusk.store\/sv\/produkt\/truusk-massagestol-med-stighjalp-avslappningsfunktion-justerbar-vinkel-varmefunktion-usb-fjarrkontroll-kort-plysch\/#breadcrumb"},"inLanguage":"sv-SE","potentialAction":[{"@type":"ReadAction","target":["https:\/\/truusk.store\/sv\/produkt\/truusk-massagestol-med-stighjalp-avslappningsfunktion-justerbar-vinkel-varmefunktion-usb-fjarrkontroll-kort-plysch\/"]}]},{"@type":"ImageObject","inLanguage":"sv-SE","@id":"https:\/\/truusk.store\/sv\/produkt\/truusk-massagestol-med-stighjalp-avslappningsfunktion-justerbar-vinkel-varmefunktion-usb-fjarrkontroll-kort-plysch\/#primaryimage","url":"https:\/\/i0.wp.com\/truusk.store\/wp-content\/uploads\/2025\/06\/massagestol-med-stighjalp-avslappningsstol-med-varmefunktion-justerbar-vinkel-usb-fjarrkontroll-kort-plysch-brun-83x95x105cm-1.webp?fit=2000%2C2000&ssl=1","contentUrl":"https:\/\/i0.wp.com\/truusk.store\/wp-content\/uploads\/2025\/06\/massagestol-med-stighjalp-avslappningsstol-med-varmefunktion-justerbar-vinkel-usb-fjarrkontroll-kort-plysch-brun-83x95x105cm-1.webp?fit=2000%2C2000&ssl=1","width":2000,"height":2000},{"@type":"BreadcrumbList","@id":"https:\/\/truusk.store\/sv\/produkt\/truusk-massagestol-med-stighjalp-avslappningsfunktion-justerbar-vinkel-varmefunktion-usb-fjarrkontroll-kort-plysch\/#breadcrumb","itemListElement":[{"@type":"ListItem","position":1,"name":"Home","item":"https:\/\/truusk.store\/sv\/"},{"@type":"ListItem","position":2,"name":"Shop","item":"https:\/\/truusk.store\/shop\/"},{"@type":"ListItem","position":3,"name":"TRUUSK Massagestol med Stighj\u00e4lp &#8211; Avslappningsfunktion &#8211; Justerbar Vinkel &#8211; V\u00e4rmefunktion &#8211; USB Fj\u00e4rrkontroll &#8211; Kort Plysch &#8211;"}]},{"@type":"WebSite","@id":"https:\/\/truusk.store\/sv\/#website","url":"https:\/\/truusk.store\/sv\/","name":"TRUUSK - Hem, Tr\u00e4dg\u00e5rd & Fritid","description":"","publisher":{"@id":"https:\/\/truusk.store\/sv\/#organization"},"potentialAction":[{"@type":"SearchAction","target":{"@type":"EntryPoint","urlTemplate":"https:\/\/truusk.store\/sv\/?s={search_term_string}"},"query-input":{"@type":"PropertyValueSpecification","valueRequired":true,"valueName":"search_term_string"}}],"inLanguage":"sv-SE"},{"@type":"Organization","@id":"https:\/\/truusk.store\/sv\/#organization","name":"TRUUSK - Hem, Tr\u00e4dg\u00e5rd & Fritid","url":"https:\/\/truusk.store\/sv\/","logo":{"@type":"ImageObject","inLanguage":"sv-SE","@id":"https:\/\/truusk.store\/sv\/#\/schema\/logo\/image\/","url":"https:\/\/i0.wp.com\/truusk.store\/wp-content\/uploads\/2026\/03\/cropped-TRUUSK.png?fit=2032%2C917&ssl=1","contentUrl":"https:\/\/i0.wp.com\/truusk.store\/wp-content\/uploads\/2026\/03\/cropped-TRUUSK.png?fit=2032%2C917&ssl=1","width":2032,"height":917,"caption":"TRUUSK - Hem, Tr\u00e4dg\u00e5rd & Fritid"},"image":{"@id":"https:\/\/truusk.store\/sv\/#\/schema\/logo\/image\/"}}]}},"jetpack_sharing_enabled":true,"_links":{"self":[{"href":"https:\/\/truusk.store\/sv\/wp-json\/wp\/v2\/product\/57341","targetHints":{"allow":["GET"]}}],"collection":[{"href":"https:\/\/truusk.store\/sv\/wp-json\/wp\/v2\/product"}],"about":[{"href":"https:\/\/truusk.store\/sv\/wp-json\/wp\/v2\/types\/product"}],"wp:featuredmedia":[{"embeddable":true,"href":"https:\/\/truusk.store\/sv\/wp-json\/wp\/v2\/media\/57332"}],"wp:attachment":[{"href":"https:\/\/truusk.store\/sv\/wp-json\/wp\/v2\/media?parent=57341"}],"wp:term":[{"taxonomy":"product_brand","embeddable":true,"href":"https:\/\/truusk.store\/sv\/wp-json\/wp\/v2\/product_brand?post=57341"},{"taxonomy":"product_cat","embeddable":true,"href":"https:\/\/truusk.store\/sv\/wp-json\/wp\/v2\/product_cat?post=57341"},{"taxonomy":"product_tag","embeddable":true,"href":"https:\/\/truusk.store\/sv\/wp-json\/wp\/v2\/product_tag?post=57341"}],"curies":[{"name":"wp","href":"https:\/\/api.w.org\/{rel}","templated":true}]}}