{"id":57371,"date":"2025-06-04T21:37:36","date_gmt":"2025-06-04T20:37:36","guid":{"rendered":"https:\/\/truusk.store\/product\/trimbord-roterbart-med-justerbar-arm-halkfri-bordplatta-och-lassystem-av-aluminiumlegering\/"},"modified":"2026-03-12T09:06:23","modified_gmt":"2026-03-12T08:06:23","slug":"truusk-trimbord-roterbart-justerbar-arm-halkfri-bordplatta-aluminiumlegering-for-hundar-och-katter-svensk-design","status":"publish","type":"product","link":"https:\/\/truusk.store\/sv\/produkt\/truusk-trimbord-roterbart-justerbar-arm-halkfri-bordplatta-aluminiumlegering-for-hundar-och-katter-svensk-design\/","title":{"rendered":"TRUUSK Trimbord Roterbart &#8211; Justerbar Arm &#8211; Halkfri Bordplatta &#8211; Aluminiumlegering &#8211; F\u00f6r Hundar och Katter &#8211; Svensk Design"},"content":{"rendered":"<p>Med detta praktiska trimbord fr\u00e5n TRUUSK blir det enkelt att trimma din hund. En roterande bordsskiva underl\u00e4ttar trimningen av din hund och en integrerad s\u00e4kerhetslina ger mycket s\u00e4kerhet. Bordets yta \u00e4r halkfri s\u00e5 att dina hundar inte kan halka. Detta trimbord fr\u00e5n TRUUSK underl\u00e4ttar arbetet f\u00f6r b\u00e5de privata och professionella hundfris\u00f6rer.<\/p>\n<p>Beskrivning:<\/p>\n<ul>\n<li> Rostfritt st\u00e5lram \u00e4r stabil och h\u00e5llbar<\/li>\n<li> Bordsskivan av en plastblandning och en aluminiumlegering ger mycket s\u00e4kerhet<\/li>\n<li> Inkluderar en justerbar rostfri st\u00e5ng f\u00f6r hundar av olika storlekar<\/li>\n<li> F\u00f6r enkel anv\u00e4ndning \u00e4r bordsskivan roterbar<\/li>\n<li> En s\u00e4kerhetslina med en stabil sp\u00e4nne ing\u00e5r<\/li>\n<li> L\u00e4mplig f\u00f6r varje professionell eller privat hundfris\u00f6r<\/li>\n<li> Montering kr\u00e4vs<\/li>\n<\/ul>\n<p> Tekniska data:<\/p>\n<ul>\n<li> F\u00e4rg: Svart<\/li>\n<li> Material: Gummi-plast-kompositbordsskiva, rostfritt st\u00e5lram<\/li>\n<li> Totala m\u00e5tt: \u00d865 x 10H cm (h\u00e4ngst\u00e5ng ing\u00e5r inte)<\/li>\n<li> Justerbar h\u00f6jd p\u00e5 rostfri st\u00e5ng (till bordsskivan): 46-72 cm<\/li>\n<li> Storlek p\u00e5 basramen: \u00d850,5 cm (till\u00e4mpligt bord m\u00e5ste vara st\u00f6rre \u00e4n denna storlek)<\/li>\n<li> Linl\u00e4ngd: 50 cm<\/li>\n<li> B\u00e4rkapacitet: 40 kg<\/li>\n<\/ul>\n<p> Leveransinneh\u00e5ll:<\/p>\n<ul>\n<li> 1 x V\u00e5rdtabell f\u00f6r husdjur<\/li>\n<li> 1 x Instruktioner<\/li>\n<\/ul>\n","protected":false},"excerpt":{"rendered":"<p>Med detta praktiska trimbord fr\u00e5n TRUUSK blir det enkelt att trimma din hund. En roterande bordsskiva underl\u00e4ttar trimningen av din&#8230;<\/p>\n","protected":false},"featured_media":57362,"template":"","meta":[],"product_brand":[],"product_cat":[878,574,913,914],"product_tag":[],"class_list":{"0":"post-57371","1":"product","2":"type-product","3":"status-publish","4":"has-post-thumbnail","6":"product_cat-djurbehov","7":"product_cat-hundtillbehor","8":"product_cat-hundvard","9":"product_cat-trimmtische","11":"first","12":"instock","13":"sale","14":"taxable","15":"shipping-taxable","16":"purchasable","17":"product-type-simple"},"yoast_head":"<!-- This site is optimized with the Yoast SEO plugin v25.4 - https:\/\/yoast.com\/wordpress\/plugins\/seo\/ -->\n<title>TRUUSK Trimbord Roterbart - Justerbar Arm - Halkfri Bordplatta - Aluminiumlegering - F\u00f6r Hundar och Katter - Svensk Design - TRUUSK - Hem, Tr\u00e4dg\u00e5rd &amp; Fritid<\/title>\n<meta name=\"robots\" content=\"index, follow, max-snippet:-1, max-image-preview:large, max-video-preview:-1\" \/>\n<link rel=\"canonical\" href=\"https:\/\/truusk.store\/sv\/produkt\/truusk-trimbord-roterbart-justerbar-arm-halkfri-bordplatta-aluminiumlegering-for-hundar-och-katter-svensk-design\/\" \/>\n<meta property=\"og:locale\" content=\"sv_SE\" \/>\n<meta property=\"og:type\" content=\"article\" \/>\n<meta property=\"og:title\" content=\"TRUUSK Trimbord Roterbart - Justerbar Arm - Halkfri Bordplatta - Aluminiumlegering - F\u00f6r Hundar och Katter - Svensk Design - TRUUSK - Hem, Tr\u00e4dg\u00e5rd &amp; Fritid\" \/>\n<meta property=\"og:description\" content=\"Med detta praktiska trimbord fr\u00e5n TRUUSK blir det enkelt att trimma din hund. En roterande bordsskiva underl\u00e4ttar trimningen av din...\" \/>\n<meta property=\"og:url\" content=\"https:\/\/truusk.store\/sv\/produkt\/truusk-trimbord-roterbart-justerbar-arm-halkfri-bordplatta-aluminiumlegering-for-hundar-och-katter-svensk-design\/\" \/>\n<meta property=\"og:site_name\" content=\"TRUUSK - Hem, Tr\u00e4dg\u00e5rd &amp; Fritid\" \/>\n<meta property=\"article:modified_time\" content=\"2026-03-12T08:06:23+00:00\" \/>\n<meta property=\"og:image\" content=\"https:\/\/i0.wp.com\/truusk.se\/wp-content\/uploads\/2025\/06\/trimbord-roterbart-med-justerbar-arm-halkfri-bordplatta-och-lassystem-av-aluminiumlegering-1.webp?fit=2000%2C2000&ssl=1\" \/>\n\t<meta property=\"og:image:width\" content=\"2000\" \/>\n\t<meta property=\"og:image:height\" content=\"2000\" \/>\n\t<meta property=\"og:image:type\" content=\"image\/webp\" \/>\n<meta name=\"twitter:card\" content=\"summary_large_image\" \/>\n<meta name=\"twitter:label1\" content=\"Ber\u00e4knad l\u00e4stid\" \/>\n\t<meta name=\"twitter:data1\" content=\"1 minut\" \/>\n<!-- \/ Yoast SEO plugin. -->","yoast_head_json":{"title":"TRUUSK Trimbord Roterbart - Justerbar Arm - Halkfri Bordplatta - Aluminiumlegering - F\u00f6r Hundar och Katter - Svensk Design - TRUUSK - Hem, Tr\u00e4dg\u00e5rd &amp; Fritid","robots":{"index":"index","follow":"follow","max-snippet":"max-snippet:-1","max-image-preview":"max-image-preview:large","max-video-preview":"max-video-preview:-1"},"canonical":"https:\/\/truusk.store\/sv\/produkt\/truusk-trimbord-roterbart-justerbar-arm-halkfri-bordplatta-aluminiumlegering-for-hundar-och-katter-svensk-design\/","og_locale":"sv_SE","og_type":"article","og_title":"TRUUSK Trimbord Roterbart - Justerbar Arm - Halkfri Bordplatta - Aluminiumlegering - F\u00f6r Hundar och Katter - Svensk Design - TRUUSK - Hem, Tr\u00e4dg\u00e5rd &amp; Fritid","og_description":"Med detta praktiska trimbord fr\u00e5n TRUUSK blir det enkelt att trimma din hund. En roterande bordsskiva underl\u00e4ttar trimningen av din...","og_url":"https:\/\/truusk.store\/sv\/produkt\/truusk-trimbord-roterbart-justerbar-arm-halkfri-bordplatta-aluminiumlegering-for-hundar-och-katter-svensk-design\/","og_site_name":"TRUUSK - Hem, Tr\u00e4dg\u00e5rd &amp; Fritid","article_modified_time":"2026-03-12T08:06:23+00:00","og_image":[{"width":2000,"height":2000,"url":"https:\/\/i0.wp.com\/truusk.se\/wp-content\/uploads\/2025\/06\/trimbord-roterbart-med-justerbar-arm-halkfri-bordplatta-och-lassystem-av-aluminiumlegering-1.webp?fit=2000%2C2000&ssl=1","type":"image\/webp"}],"twitter_card":"summary_large_image","twitter_misc":{"Ber\u00e4knad l\u00e4stid":"1 minut"},"schema":{"@context":"https:\/\/schema.org","@graph":[{"@type":"WebPage","@id":"https:\/\/truusk.store\/sv\/produkt\/truusk-trimbord-roterbart-justerbar-arm-halkfri-bordplatta-aluminiumlegering-for-hundar-och-katter-svensk-design\/","url":"https:\/\/truusk.store\/sv\/produkt\/truusk-trimbord-roterbart-justerbar-arm-halkfri-bordplatta-aluminiumlegering-for-hundar-och-katter-svensk-design\/","name":"TRUUSK Trimbord Roterbart - Justerbar Arm - Halkfri Bordplatta - Aluminiumlegering - F\u00f6r Hundar och Katter - Svensk Design - TRUUSK - Hem, Tr\u00e4dg\u00e5rd &amp; Fritid","isPartOf":{"@id":"https:\/\/truusk.store\/sv\/#website"},"primaryImageOfPage":{"@id":"https:\/\/truusk.store\/sv\/produkt\/truusk-trimbord-roterbart-justerbar-arm-halkfri-bordplatta-aluminiumlegering-for-hundar-och-katter-svensk-design\/#primaryimage"},"image":{"@id":"https:\/\/truusk.store\/sv\/produkt\/truusk-trimbord-roterbart-justerbar-arm-halkfri-bordplatta-aluminiumlegering-for-hundar-och-katter-svensk-design\/#primaryimage"},"thumbnailUrl":"https:\/\/i0.wp.com\/truusk.store\/wp-content\/uploads\/2025\/06\/trimbord-roterbart-med-justerbar-arm-halkfri-bordplatta-och-lassystem-av-aluminiumlegering-1.webp?fit=2000%2C2000&ssl=1","datePublished":"2025-06-04T20:37:36+00:00","dateModified":"2026-03-12T08:06:23+00:00","breadcrumb":{"@id":"https:\/\/truusk.store\/sv\/produkt\/truusk-trimbord-roterbart-justerbar-arm-halkfri-bordplatta-aluminiumlegering-for-hundar-och-katter-svensk-design\/#breadcrumb"},"inLanguage":"sv-SE","potentialAction":[{"@type":"ReadAction","target":["https:\/\/truusk.store\/sv\/produkt\/truusk-trimbord-roterbart-justerbar-arm-halkfri-bordplatta-aluminiumlegering-for-hundar-och-katter-svensk-design\/"]}]},{"@type":"ImageObject","inLanguage":"sv-SE","@id":"https:\/\/truusk.store\/sv\/produkt\/truusk-trimbord-roterbart-justerbar-arm-halkfri-bordplatta-aluminiumlegering-for-hundar-och-katter-svensk-design\/#primaryimage","url":"https:\/\/i0.wp.com\/truusk.store\/wp-content\/uploads\/2025\/06\/trimbord-roterbart-med-justerbar-arm-halkfri-bordplatta-och-lassystem-av-aluminiumlegering-1.webp?fit=2000%2C2000&ssl=1","contentUrl":"https:\/\/i0.wp.com\/truusk.store\/wp-content\/uploads\/2025\/06\/trimbord-roterbart-med-justerbar-arm-halkfri-bordplatta-och-lassystem-av-aluminiumlegering-1.webp?fit=2000%2C2000&ssl=1","width":2000,"height":2000},{"@type":"BreadcrumbList","@id":"https:\/\/truusk.store\/sv\/produkt\/truusk-trimbord-roterbart-justerbar-arm-halkfri-bordplatta-aluminiumlegering-for-hundar-och-katter-svensk-design\/#breadcrumb","itemListElement":[{"@type":"ListItem","position":1,"name":"Home","item":"https:\/\/truusk.store\/sv\/"},{"@type":"ListItem","position":2,"name":"Shop","item":"https:\/\/truusk.store\/shop\/"},{"@type":"ListItem","position":3,"name":"TRUUSK Trimbord Roterbart &#8211; Justerbar Arm &#8211; Halkfri Bordplatta &#8211; Aluminiumlegering &#8211; F\u00f6r Hundar och Katter &#8211; Svensk Design"}]},{"@type":"WebSite","@id":"https:\/\/truusk.store\/sv\/#website","url":"https:\/\/truusk.store\/sv\/","name":"TRUUSK - Hem, Tr\u00e4dg\u00e5rd & Fritid","description":"","publisher":{"@id":"https:\/\/truusk.store\/sv\/#organization"},"potentialAction":[{"@type":"SearchAction","target":{"@type":"EntryPoint","urlTemplate":"https:\/\/truusk.store\/sv\/?s={search_term_string}"},"query-input":{"@type":"PropertyValueSpecification","valueRequired":true,"valueName":"search_term_string"}}],"inLanguage":"sv-SE"},{"@type":"Organization","@id":"https:\/\/truusk.store\/sv\/#organization","name":"TRUUSK - Hem, Tr\u00e4dg\u00e5rd & Fritid","url":"https:\/\/truusk.store\/sv\/","logo":{"@type":"ImageObject","inLanguage":"sv-SE","@id":"https:\/\/truusk.store\/sv\/#\/schema\/logo\/image\/","url":"https:\/\/i0.wp.com\/truusk.store\/wp-content\/uploads\/2026\/03\/cropped-TRUUSK.png?fit=2032%2C917&ssl=1","contentUrl":"https:\/\/i0.wp.com\/truusk.store\/wp-content\/uploads\/2026\/03\/cropped-TRUUSK.png?fit=2032%2C917&ssl=1","width":2032,"height":917,"caption":"TRUUSK - Hem, Tr\u00e4dg\u00e5rd & Fritid"},"image":{"@id":"https:\/\/truusk.store\/sv\/#\/schema\/logo\/image\/"}}]}},"jetpack_sharing_enabled":true,"_links":{"self":[{"href":"https:\/\/truusk.store\/sv\/wp-json\/wp\/v2\/product\/57371","targetHints":{"allow":["GET"]}}],"collection":[{"href":"https:\/\/truusk.store\/sv\/wp-json\/wp\/v2\/product"}],"about":[{"href":"https:\/\/truusk.store\/sv\/wp-json\/wp\/v2\/types\/product"}],"wp:featuredmedia":[{"embeddable":true,"href":"https:\/\/truusk.store\/sv\/wp-json\/wp\/v2\/media\/57362"}],"wp:attachment":[{"href":"https:\/\/truusk.store\/sv\/wp-json\/wp\/v2\/media?parent=57371"}],"wp:term":[{"taxonomy":"product_brand","embeddable":true,"href":"https:\/\/truusk.store\/sv\/wp-json\/wp\/v2\/product_brand?post=57371"},{"taxonomy":"product_cat","embeddable":true,"href":"https:\/\/truusk.store\/sv\/wp-json\/wp\/v2\/product_cat?post=57371"},{"taxonomy":"product_tag","embeddable":true,"href":"https:\/\/truusk.store\/sv\/wp-json\/wp\/v2\/product_tag?post=57371"}],"curies":[{"name":"wp","href":"https:\/\/api.w.org\/{rel}","templated":true}]}}