{"id":57411,"date":"2025-06-04T21:41:42","date_gmt":"2025-06-04T20:41:42","guid":{"rendered":"https:\/\/truusk.store\/product\/hemtranare-x-bike-2-i-1-hopfallbar-cykeltranare-med-lcd-display-8-stegs-magnetmotstand-stalspanningslina-gra-97x51x115-cm\/"},"modified":"2026-03-12T09:04:26","modified_gmt":"2026-03-12T08:04:26","slug":"truusk-hopfallbar-x-bike-hemtranare-lcd-display-8-stegs-magnetmotstand-stalspanningslina-gra-97x51x115-cm","status":"publish","type":"product","link":"https:\/\/truusk.store\/sv\/produkt\/truusk-hopfallbar-x-bike-hemtranare-lcd-display-8-stegs-magnetmotstand-stalspanningslina-gra-97x51x115-cm\/","title":{"rendered":"TRUUSK Hopf\u00e4llbar X-Bike Hemtr\u00e4nare &#8211; LCD-display &#8211; 8-stegs Magnetmotst\u00e5nd &#8211; St\u00e5lsp\u00e4nningslina &#8211; Gr\u00e5 97x51x115 cm"},"content":{"rendered":"<p>Med denna hemtr\u00e4nare fr\u00e5n TRUUSK h\u00e5ller du dig i form och h\u00e4lsosam. Hemtr\u00e4naren har en LCD-display som visar tid, hastighet, avst\u00e5nd, hj\u00e4rtfrekvens och kalorif\u00f6rbrukning och visar dina framsteg. Med den inbyggda telefonh\u00e5llaren kan du se dina favoritprogram medan du tr\u00e4nar. Med denna hemtr\u00e4nare fr\u00e5n TRUUSK kan du tr\u00e4na var och n\u00e4r du vill.<\/p>\n<p>Beskrivning:<\/p>\n<ul>\n<li> Tr\u00e4nar ben, midja och rumpa<\/li>\n<li>Hj\u00e4lper till att f\u00f6rb\u00e4ttra din h\u00e4lsa<\/li>\n<li> Robust st\u00e5lram med sv\u00e4nghjul f\u00f6r en mjuk och balanserad \u00e5ktur<\/li>\n<li> Har en 8-stegs magnetisk tr\u00e4ningsmotst\u00e5nd<\/li>\n<li> LCD-sk\u00e4rm visar tid, hastighet, avst\u00e5nd, f\u00f6rbrukade kalorier,<\/li>\n<li> En telefonh\u00e5llare p\u00e5 framsidan<\/li>\n<li> Inneh\u00e5ller sp\u00e4nnband f\u00f6r att f\u00f6rb\u00e4ttra \u00f6verkroppsstyrkan<\/li>\n<li> Vadderat s\u00e4te<\/li>\n<li> S\u00e4tet \u00e4r h\u00f6jdbart<\/li>\n<li> Kommer med tv\u00e5 hjul f\u00f6r r\u00f6relse runt<\/li>\n<\/ul>\n<p> Tekniska data:<\/p>\n<ul>\n<li> F\u00e4rg: Gr\u00e5<\/li>\n<li> Material: St\u00e5l, ABS<\/li>\n<li> Totala m\u00e5tt: 105L x 48B x 118H cm<\/li>\n<li> S\u00e4te: 27L x 23B cm<\/li>\n<li> Hopf\u00e4llbar storlek: 50L x 48B x 135H cm<\/li>\n<li> Maximal belastningskapacitet: 120 kg<\/li>\n<li> Batterier kr\u00e4vs: 2 x AAA, ing\u00e5r ej<\/li>\n<li> Sv\u00e4nghjulsvikt: 2,5 kg<\/li>\n<\/ul>\n<p> Leveransinneh\u00e5ll:<\/p>\n<ul>\n<li> 1 x Hemtr\u00e4nare<\/li>\n<li> 1 x Par sp\u00e4nnband<\/li>\n<li> 1 x Instruktioner\uff1b<\/li>\n<\/ul>\n","protected":false},"excerpt":{"rendered":"<p>Med denna hemtr\u00e4nare fr\u00e5n TRUUSK h\u00e5ller du dig i form och h\u00e4lsosam. Hemtr\u00e4naren har en LCD-display som visar tid, hastighet,&#8230;<\/p>\n","protected":false},"featured_media":57402,"template":"","meta":[],"product_brand":[],"product_cat":[891,873,647],"product_tag":[],"class_list":{"0":"post-57411","1":"product","2":"type-product","3":"status-publish","4":"has-post-thumbnail","6":"product_cat-ergometer-hemtranare","7":"product_cat-fitness-styrketraning","8":"product_cat-sport-fritid","10":"first","11":"instock","12":"sale","13":"taxable","14":"shipping-taxable","15":"purchasable","16":"product-type-simple"},"yoast_head":"<!-- This site is optimized with the Yoast SEO plugin v25.4 - https:\/\/yoast.com\/wordpress\/plugins\/seo\/ -->\n<title>TRUUSK Hopf\u00e4llbar X-Bike Hemtr\u00e4nare - LCD-display - 8-stegs Magnetmotst\u00e5nd - St\u00e5lsp\u00e4nningslina - Gr\u00e5 97x51x115 cm - TRUUSK - Hem, Tr\u00e4dg\u00e5rd &amp; Fritid<\/title>\n<meta name=\"robots\" content=\"index, follow, max-snippet:-1, max-image-preview:large, max-video-preview:-1\" \/>\n<link rel=\"canonical\" href=\"https:\/\/truusk.store\/sv\/produkt\/truusk-hopfallbar-x-bike-hemtranare-lcd-display-8-stegs-magnetmotstand-stalspanningslina-gra-97x51x115-cm\/\" \/>\n<meta property=\"og:locale\" content=\"sv_SE\" \/>\n<meta property=\"og:type\" content=\"article\" \/>\n<meta property=\"og:title\" content=\"TRUUSK Hopf\u00e4llbar X-Bike Hemtr\u00e4nare - LCD-display - 8-stegs Magnetmotst\u00e5nd - St\u00e5lsp\u00e4nningslina - Gr\u00e5 97x51x115 cm - TRUUSK - Hem, Tr\u00e4dg\u00e5rd &amp; Fritid\" \/>\n<meta property=\"og:description\" content=\"Med denna hemtr\u00e4nare fr\u00e5n TRUUSK h\u00e5ller du dig i form och h\u00e4lsosam. Hemtr\u00e4naren har en LCD-display som visar tid, hastighet,...\" \/>\n<meta property=\"og:url\" content=\"https:\/\/truusk.store\/sv\/produkt\/truusk-hopfallbar-x-bike-hemtranare-lcd-display-8-stegs-magnetmotstand-stalspanningslina-gra-97x51x115-cm\/\" \/>\n<meta property=\"og:site_name\" content=\"TRUUSK - Hem, Tr\u00e4dg\u00e5rd &amp; Fritid\" \/>\n<meta property=\"article:modified_time\" content=\"2026-03-12T08:04:26+00:00\" \/>\n<meta property=\"og:image\" content=\"https:\/\/i0.wp.com\/truusk.se\/wp-content\/uploads\/2025\/06\/hemtranare-x-bike-2-i-1-hopfallbar-cykeltranare-med-lcd-display-8-stegs-magnetmotstand-stalspanningslina-gra-97x51x115-cm-1.webp?fit=2000%2C2000&ssl=1\" \/>\n\t<meta property=\"og:image:width\" content=\"2000\" \/>\n\t<meta property=\"og:image:height\" content=\"2000\" \/>\n\t<meta property=\"og:image:type\" content=\"image\/webp\" \/>\n<meta name=\"twitter:card\" content=\"summary_large_image\" \/>\n<meta name=\"twitter:label1\" content=\"Ber\u00e4knad l\u00e4stid\" \/>\n\t<meta name=\"twitter:data1\" content=\"1 minut\" \/>\n<!-- \/ Yoast SEO plugin. -->","yoast_head_json":{"title":"TRUUSK Hopf\u00e4llbar X-Bike Hemtr\u00e4nare - LCD-display - 8-stegs Magnetmotst\u00e5nd - St\u00e5lsp\u00e4nningslina - Gr\u00e5 97x51x115 cm - TRUUSK - Hem, Tr\u00e4dg\u00e5rd &amp; Fritid","robots":{"index":"index","follow":"follow","max-snippet":"max-snippet:-1","max-image-preview":"max-image-preview:large","max-video-preview":"max-video-preview:-1"},"canonical":"https:\/\/truusk.store\/sv\/produkt\/truusk-hopfallbar-x-bike-hemtranare-lcd-display-8-stegs-magnetmotstand-stalspanningslina-gra-97x51x115-cm\/","og_locale":"sv_SE","og_type":"article","og_title":"TRUUSK Hopf\u00e4llbar X-Bike Hemtr\u00e4nare - LCD-display - 8-stegs Magnetmotst\u00e5nd - St\u00e5lsp\u00e4nningslina - Gr\u00e5 97x51x115 cm - TRUUSK - Hem, Tr\u00e4dg\u00e5rd &amp; Fritid","og_description":"Med denna hemtr\u00e4nare fr\u00e5n TRUUSK h\u00e5ller du dig i form och h\u00e4lsosam. Hemtr\u00e4naren har en LCD-display som visar tid, hastighet,...","og_url":"https:\/\/truusk.store\/sv\/produkt\/truusk-hopfallbar-x-bike-hemtranare-lcd-display-8-stegs-magnetmotstand-stalspanningslina-gra-97x51x115-cm\/","og_site_name":"TRUUSK - Hem, Tr\u00e4dg\u00e5rd &amp; Fritid","article_modified_time":"2026-03-12T08:04:26+00:00","og_image":[{"width":2000,"height":2000,"url":"https:\/\/i0.wp.com\/truusk.se\/wp-content\/uploads\/2025\/06\/hemtranare-x-bike-2-i-1-hopfallbar-cykeltranare-med-lcd-display-8-stegs-magnetmotstand-stalspanningslina-gra-97x51x115-cm-1.webp?fit=2000%2C2000&ssl=1","type":"image\/webp"}],"twitter_card":"summary_large_image","twitter_misc":{"Ber\u00e4knad l\u00e4stid":"1 minut"},"schema":{"@context":"https:\/\/schema.org","@graph":[{"@type":"WebPage","@id":"https:\/\/truusk.store\/sv\/produkt\/truusk-hopfallbar-x-bike-hemtranare-lcd-display-8-stegs-magnetmotstand-stalspanningslina-gra-97x51x115-cm\/","url":"https:\/\/truusk.store\/sv\/produkt\/truusk-hopfallbar-x-bike-hemtranare-lcd-display-8-stegs-magnetmotstand-stalspanningslina-gra-97x51x115-cm\/","name":"TRUUSK Hopf\u00e4llbar X-Bike Hemtr\u00e4nare - LCD-display - 8-stegs Magnetmotst\u00e5nd - St\u00e5lsp\u00e4nningslina - Gr\u00e5 97x51x115 cm - TRUUSK - Hem, Tr\u00e4dg\u00e5rd &amp; Fritid","isPartOf":{"@id":"https:\/\/truusk.store\/sv\/#website"},"primaryImageOfPage":{"@id":"https:\/\/truusk.store\/sv\/produkt\/truusk-hopfallbar-x-bike-hemtranare-lcd-display-8-stegs-magnetmotstand-stalspanningslina-gra-97x51x115-cm\/#primaryimage"},"image":{"@id":"https:\/\/truusk.store\/sv\/produkt\/truusk-hopfallbar-x-bike-hemtranare-lcd-display-8-stegs-magnetmotstand-stalspanningslina-gra-97x51x115-cm\/#primaryimage"},"thumbnailUrl":"https:\/\/i0.wp.com\/truusk.store\/wp-content\/uploads\/2025\/06\/hemtranare-x-bike-2-i-1-hopfallbar-cykeltranare-med-lcd-display-8-stegs-magnetmotstand-stalspanningslina-gra-97x51x115-cm-1.webp?fit=2000%2C2000&ssl=1","datePublished":"2025-06-04T20:41:42+00:00","dateModified":"2026-03-12T08:04:26+00:00","breadcrumb":{"@id":"https:\/\/truusk.store\/sv\/produkt\/truusk-hopfallbar-x-bike-hemtranare-lcd-display-8-stegs-magnetmotstand-stalspanningslina-gra-97x51x115-cm\/#breadcrumb"},"inLanguage":"sv-SE","potentialAction":[{"@type":"ReadAction","target":["https:\/\/truusk.store\/sv\/produkt\/truusk-hopfallbar-x-bike-hemtranare-lcd-display-8-stegs-magnetmotstand-stalspanningslina-gra-97x51x115-cm\/"]}]},{"@type":"ImageObject","inLanguage":"sv-SE","@id":"https:\/\/truusk.store\/sv\/produkt\/truusk-hopfallbar-x-bike-hemtranare-lcd-display-8-stegs-magnetmotstand-stalspanningslina-gra-97x51x115-cm\/#primaryimage","url":"https:\/\/i0.wp.com\/truusk.store\/wp-content\/uploads\/2025\/06\/hemtranare-x-bike-2-i-1-hopfallbar-cykeltranare-med-lcd-display-8-stegs-magnetmotstand-stalspanningslina-gra-97x51x115-cm-1.webp?fit=2000%2C2000&ssl=1","contentUrl":"https:\/\/i0.wp.com\/truusk.store\/wp-content\/uploads\/2025\/06\/hemtranare-x-bike-2-i-1-hopfallbar-cykeltranare-med-lcd-display-8-stegs-magnetmotstand-stalspanningslina-gra-97x51x115-cm-1.webp?fit=2000%2C2000&ssl=1","width":2000,"height":2000},{"@type":"BreadcrumbList","@id":"https:\/\/truusk.store\/sv\/produkt\/truusk-hopfallbar-x-bike-hemtranare-lcd-display-8-stegs-magnetmotstand-stalspanningslina-gra-97x51x115-cm\/#breadcrumb","itemListElement":[{"@type":"ListItem","position":1,"name":"Home","item":"https:\/\/truusk.store\/sv\/"},{"@type":"ListItem","position":2,"name":"Shop","item":"https:\/\/truusk.store\/shop\/"},{"@type":"ListItem","position":3,"name":"TRUUSK Hopf\u00e4llbar X-Bike Hemtr\u00e4nare &#8211; LCD-display &#8211; 8-stegs Magnetmotst\u00e5nd &#8211; St\u00e5lsp\u00e4nningslina &#8211; Gr\u00e5 97x51x115 cm"}]},{"@type":"WebSite","@id":"https:\/\/truusk.store\/sv\/#website","url":"https:\/\/truusk.store\/sv\/","name":"TRUUSK - Hem, Tr\u00e4dg\u00e5rd & Fritid","description":"","publisher":{"@id":"https:\/\/truusk.store\/sv\/#organization"},"potentialAction":[{"@type":"SearchAction","target":{"@type":"EntryPoint","urlTemplate":"https:\/\/truusk.store\/sv\/?s={search_term_string}"},"query-input":{"@type":"PropertyValueSpecification","valueRequired":true,"valueName":"search_term_string"}}],"inLanguage":"sv-SE"},{"@type":"Organization","@id":"https:\/\/truusk.store\/sv\/#organization","name":"TRUUSK - Hem, Tr\u00e4dg\u00e5rd & Fritid","url":"https:\/\/truusk.store\/sv\/","logo":{"@type":"ImageObject","inLanguage":"sv-SE","@id":"https:\/\/truusk.store\/sv\/#\/schema\/logo\/image\/","url":"https:\/\/i0.wp.com\/truusk.store\/wp-content\/uploads\/2026\/03\/cropped-TRUUSK.png?fit=2032%2C917&ssl=1","contentUrl":"https:\/\/i0.wp.com\/truusk.store\/wp-content\/uploads\/2026\/03\/cropped-TRUUSK.png?fit=2032%2C917&ssl=1","width":2032,"height":917,"caption":"TRUUSK - Hem, Tr\u00e4dg\u00e5rd & Fritid"},"image":{"@id":"https:\/\/truusk.store\/sv\/#\/schema\/logo\/image\/"}}]}},"jetpack_sharing_enabled":true,"_links":{"self":[{"href":"https:\/\/truusk.store\/sv\/wp-json\/wp\/v2\/product\/57411","targetHints":{"allow":["GET"]}}],"collection":[{"href":"https:\/\/truusk.store\/sv\/wp-json\/wp\/v2\/product"}],"about":[{"href":"https:\/\/truusk.store\/sv\/wp-json\/wp\/v2\/types\/product"}],"wp:featuredmedia":[{"embeddable":true,"href":"https:\/\/truusk.store\/sv\/wp-json\/wp\/v2\/media\/57402"}],"wp:attachment":[{"href":"https:\/\/truusk.store\/sv\/wp-json\/wp\/v2\/media?parent=57411"}],"wp:term":[{"taxonomy":"product_brand","embeddable":true,"href":"https:\/\/truusk.store\/sv\/wp-json\/wp\/v2\/product_brand?post=57411"},{"taxonomy":"product_cat","embeddable":true,"href":"https:\/\/truusk.store\/sv\/wp-json\/wp\/v2\/product_cat?post=57411"},{"taxonomy":"product_tag","embeddable":true,"href":"https:\/\/truusk.store\/sv\/wp-json\/wp\/v2\/product_tag?post=57411"}],"curies":[{"name":"wp","href":"https:\/\/api.w.org\/{rel}","templated":true}]}}