{"id":57421,"date":"2025-06-04T21:42:41","date_gmt":"2025-06-04T20:42:41","guid":{"rendered":"https:\/\/truusk.store\/product\/massagekontorsstol-i-lader-ergonomisk-hojdjusterbar-snurrstol-datorstol-i-svart-for-kontor-hemmakontor\/"},"modified":"2026-03-12T08:59:21","modified_gmt":"2026-03-12T07:59:21","slug":"truusk-massagekontorsstol-i-lader-ergonomiskt-hojdjusterbar-snurrstol-svart-for-kontor-hemmakontor","status":"publish","type":"product","link":"https:\/\/truusk.store\/sv\/produkt\/truusk-massagekontorsstol-i-lader-ergonomiskt-hojdjusterbar-snurrstol-svart-for-kontor-hemmakontor\/","title":{"rendered":"TRUUSK Massagekontorsstol i L\u00e4der &#8211; Ergonomiskt H\u00f6jdjusterbar Snurrstol &#8211; Svart &#8211; F\u00f6r Kontor &amp; Hemmakontor"},"content":{"rendered":"<p>Visa arbetet vem som \u00e4r chefen med v\u00e5r massagekontorsstol fr\u00e5n TRUUSK. F\u00e4rgade detaljerade s\u00f6mmar ger ett modernt utseende. 4 rygg- och 2 sittmassagepunkter arbetar tillsammans med den nedre ryggv\u00e4rmen f\u00f6r att ge dig en o\u00f6vertr\u00e4ffad komfortniv\u00e5. Med justerbar h\u00f6jd, lutningssp\u00e4nning, inbyggd huvudst\u00f6d och dubbelvadderad stoppning hj\u00e4lper denna ergonomiska stol till att bibeh\u00e5lla en avslappnad kroppsh\u00e5llning och minska trycket.<\/p>\n<p>Beskrivning:<\/p>\n<ul>\n<li> Traditionell kontorsstol plus vibrationssystem f\u00f6r ultimat komfort p\u00e5 arbetsplatsen<\/li>\n<li> Inbyggda 6 vibrationspunkter, inklusive 4 rygg- och 2 sittplatser<\/li>\n<li> Justerbar sitth\u00f6jd anpassar sig till olika sittvanor och skrivbordsh\u00f6jder<\/li>\n<li> Justerbar lutningssp\u00e4nning ger en trevlig &#8221;gungk\u00e4nsla&#8221;<\/li>\n<li> H\u00f6gkapacitets 5-stj\u00e4rnigt nylonfotkors med hjul ger stabilitet och l\u00e4tt r\u00f6rlighet<\/li>\n<li> Dubbelvadderad stoppning och konstl\u00e4der\u00f6verdrag ger h\u00e5llbarhet, komfort och l\u00e4tt reng\u00f6ring<\/li>\n<li> Levereras med en kabelbunden fj\u00e4rrkontroll<\/li>\n<li> Montering kr\u00e4vs<\/li>\n<\/ul>\n<p> Tekniska data:<\/p>\n<ul>\n<li> F\u00e4rg: Svart<\/li>\n<li> Material: Konstl\u00e4der, PP-plast, Nylon<\/li>\n<li> Totala m\u00e5tt: 66B x 78T x 112-120H cm<\/li>\n<li> Sitsstorlek: 53,5B x 50T cm<\/li>\n<li> Sitt till golvh\u00f6jdjusterbar: 48-56 cm<\/li>\n<li> Armst\u00f6d till golvh\u00f6jd: 63-71 cm<\/li>\n<li> Ryggstorlek: 54B x 71H cm<\/li>\n<li> B\u00e4rkapacitet: 120 kg<\/li>\n<li> Ing\u00e5ng: AC100-240V, 50-60Hz<\/li>\n<li> L\u00e4ngd p\u00e5 n\u00e4tkabel: 1,2 m<\/li>\n<\/ul>\n<p> Leveransinneh\u00e5ll:<\/p>\n<ul>\n<li> 1 x Massagekontorsstol<\/li>\n<li> 1 x Kabelbunden fj\u00e4rrkontroll<\/li>\n<li> 1 x Instruktioner<\/li>\n<\/ul>\n","protected":false},"excerpt":{"rendered":"<p>Visa arbetet vem som \u00e4r chefen med v\u00e5r massagekontorsstol fr\u00e5n TRUUSK. F\u00e4rgade detaljerade s\u00f6mmar ger ett modernt utseende. 4 rygg-&#8230;<\/p>\n","protected":false},"featured_media":57412,"template":"","meta":[],"product_brand":[],"product_cat":[872,871,516],"product_tag":[],"class_list":{"0":"post-57421","1":"product","2":"type-product","3":"status-publish","4":"has-post-thumbnail","6":"product_cat-hemmakontor-arbetsplats","7":"product_cat-hus-hem","8":"product_cat-kontorsstolar","10":"first","11":"instock","12":"sale","13":"taxable","14":"shipping-taxable","15":"purchasable","16":"product-type-simple"},"yoast_head":"<!-- This site is optimized with the Yoast SEO plugin v25.4 - https:\/\/yoast.com\/wordpress\/plugins\/seo\/ -->\n<title>TRUUSK Massagekontorsstol i L\u00e4der - Ergonomiskt H\u00f6jdjusterbar Snurrstol - Svart - F\u00f6r Kontor &amp; Hemmakontor - TRUUSK - Hem, Tr\u00e4dg\u00e5rd &amp; Fritid<\/title>\n<meta name=\"robots\" content=\"index, follow, max-snippet:-1, max-image-preview:large, max-video-preview:-1\" \/>\n<link rel=\"canonical\" href=\"https:\/\/truusk.store\/sv\/produkt\/truusk-massagekontorsstol-i-lader-ergonomiskt-hojdjusterbar-snurrstol-svart-for-kontor-hemmakontor\/\" \/>\n<meta property=\"og:locale\" content=\"sv_SE\" \/>\n<meta property=\"og:type\" content=\"article\" \/>\n<meta property=\"og:title\" content=\"TRUUSK Massagekontorsstol i L\u00e4der - Ergonomiskt H\u00f6jdjusterbar Snurrstol - Svart - F\u00f6r Kontor &amp; Hemmakontor - TRUUSK - Hem, Tr\u00e4dg\u00e5rd &amp; Fritid\" \/>\n<meta property=\"og:description\" content=\"Visa arbetet vem som \u00e4r chefen med v\u00e5r massagekontorsstol fr\u00e5n TRUUSK. F\u00e4rgade detaljerade s\u00f6mmar ger ett modernt utseende. 4 rygg-...\" \/>\n<meta property=\"og:url\" content=\"https:\/\/truusk.store\/sv\/produkt\/truusk-massagekontorsstol-i-lader-ergonomiskt-hojdjusterbar-snurrstol-svart-for-kontor-hemmakontor\/\" \/>\n<meta property=\"og:site_name\" content=\"TRUUSK - Hem, Tr\u00e4dg\u00e5rd &amp; Fritid\" \/>\n<meta property=\"article:modified_time\" content=\"2026-03-12T07:59:21+00:00\" \/>\n<meta property=\"og:image\" content=\"https:\/\/i0.wp.com\/truusk.se\/wp-content\/uploads\/2025\/06\/massagekontorsstol-i-lader-ergonomisk-hojdjusterbar-snurrstol-datorstol-i-svart-for-kontor-hemmakontor-1.webp?fit=2000%2C2000&ssl=1\" \/>\n\t<meta property=\"og:image:width\" content=\"2000\" \/>\n\t<meta property=\"og:image:height\" content=\"2000\" \/>\n\t<meta property=\"og:image:type\" content=\"image\/webp\" \/>\n<meta name=\"twitter:card\" content=\"summary_large_image\" \/>\n<meta name=\"twitter:label1\" content=\"Ber\u00e4knad l\u00e4stid\" \/>\n\t<meta name=\"twitter:data1\" content=\"1 minut\" \/>\n<!-- \/ Yoast SEO plugin. -->","yoast_head_json":{"title":"TRUUSK Massagekontorsstol i L\u00e4der - Ergonomiskt H\u00f6jdjusterbar Snurrstol - Svart - F\u00f6r Kontor &amp; Hemmakontor - TRUUSK - Hem, Tr\u00e4dg\u00e5rd &amp; Fritid","robots":{"index":"index","follow":"follow","max-snippet":"max-snippet:-1","max-image-preview":"max-image-preview:large","max-video-preview":"max-video-preview:-1"},"canonical":"https:\/\/truusk.store\/sv\/produkt\/truusk-massagekontorsstol-i-lader-ergonomiskt-hojdjusterbar-snurrstol-svart-for-kontor-hemmakontor\/","og_locale":"sv_SE","og_type":"article","og_title":"TRUUSK Massagekontorsstol i L\u00e4der - Ergonomiskt H\u00f6jdjusterbar Snurrstol - Svart - F\u00f6r Kontor &amp; Hemmakontor - TRUUSK - Hem, Tr\u00e4dg\u00e5rd &amp; Fritid","og_description":"Visa arbetet vem som \u00e4r chefen med v\u00e5r massagekontorsstol fr\u00e5n TRUUSK. F\u00e4rgade detaljerade s\u00f6mmar ger ett modernt utseende. 4 rygg-...","og_url":"https:\/\/truusk.store\/sv\/produkt\/truusk-massagekontorsstol-i-lader-ergonomiskt-hojdjusterbar-snurrstol-svart-for-kontor-hemmakontor\/","og_site_name":"TRUUSK - Hem, Tr\u00e4dg\u00e5rd &amp; Fritid","article_modified_time":"2026-03-12T07:59:21+00:00","og_image":[{"width":2000,"height":2000,"url":"https:\/\/i0.wp.com\/truusk.se\/wp-content\/uploads\/2025\/06\/massagekontorsstol-i-lader-ergonomisk-hojdjusterbar-snurrstol-datorstol-i-svart-for-kontor-hemmakontor-1.webp?fit=2000%2C2000&ssl=1","type":"image\/webp"}],"twitter_card":"summary_large_image","twitter_misc":{"Ber\u00e4knad l\u00e4stid":"1 minut"},"schema":{"@context":"https:\/\/schema.org","@graph":[{"@type":"WebPage","@id":"https:\/\/truusk.store\/sv\/produkt\/truusk-massagekontorsstol-i-lader-ergonomiskt-hojdjusterbar-snurrstol-svart-for-kontor-hemmakontor\/","url":"https:\/\/truusk.store\/sv\/produkt\/truusk-massagekontorsstol-i-lader-ergonomiskt-hojdjusterbar-snurrstol-svart-for-kontor-hemmakontor\/","name":"TRUUSK Massagekontorsstol i L\u00e4der - Ergonomiskt H\u00f6jdjusterbar Snurrstol - Svart - F\u00f6r Kontor &amp; Hemmakontor - TRUUSK - Hem, Tr\u00e4dg\u00e5rd &amp; Fritid","isPartOf":{"@id":"https:\/\/truusk.store\/sv\/#website"},"primaryImageOfPage":{"@id":"https:\/\/truusk.store\/sv\/produkt\/truusk-massagekontorsstol-i-lader-ergonomiskt-hojdjusterbar-snurrstol-svart-for-kontor-hemmakontor\/#primaryimage"},"image":{"@id":"https:\/\/truusk.store\/sv\/produkt\/truusk-massagekontorsstol-i-lader-ergonomiskt-hojdjusterbar-snurrstol-svart-for-kontor-hemmakontor\/#primaryimage"},"thumbnailUrl":"https:\/\/i0.wp.com\/truusk.store\/wp-content\/uploads\/2025\/06\/massagekontorsstol-i-lader-ergonomisk-hojdjusterbar-snurrstol-datorstol-i-svart-for-kontor-hemmakontor-1.webp?fit=2000%2C2000&ssl=1","datePublished":"2025-06-04T20:42:41+00:00","dateModified":"2026-03-12T07:59:21+00:00","breadcrumb":{"@id":"https:\/\/truusk.store\/sv\/produkt\/truusk-massagekontorsstol-i-lader-ergonomiskt-hojdjusterbar-snurrstol-svart-for-kontor-hemmakontor\/#breadcrumb"},"inLanguage":"sv-SE","potentialAction":[{"@type":"ReadAction","target":["https:\/\/truusk.store\/sv\/produkt\/truusk-massagekontorsstol-i-lader-ergonomiskt-hojdjusterbar-snurrstol-svart-for-kontor-hemmakontor\/"]}]},{"@type":"ImageObject","inLanguage":"sv-SE","@id":"https:\/\/truusk.store\/sv\/produkt\/truusk-massagekontorsstol-i-lader-ergonomiskt-hojdjusterbar-snurrstol-svart-for-kontor-hemmakontor\/#primaryimage","url":"https:\/\/i0.wp.com\/truusk.store\/wp-content\/uploads\/2025\/06\/massagekontorsstol-i-lader-ergonomisk-hojdjusterbar-snurrstol-datorstol-i-svart-for-kontor-hemmakontor-1.webp?fit=2000%2C2000&ssl=1","contentUrl":"https:\/\/i0.wp.com\/truusk.store\/wp-content\/uploads\/2025\/06\/massagekontorsstol-i-lader-ergonomisk-hojdjusterbar-snurrstol-datorstol-i-svart-for-kontor-hemmakontor-1.webp?fit=2000%2C2000&ssl=1","width":2000,"height":2000},{"@type":"BreadcrumbList","@id":"https:\/\/truusk.store\/sv\/produkt\/truusk-massagekontorsstol-i-lader-ergonomiskt-hojdjusterbar-snurrstol-svart-for-kontor-hemmakontor\/#breadcrumb","itemListElement":[{"@type":"ListItem","position":1,"name":"Home","item":"https:\/\/truusk.store\/sv\/"},{"@type":"ListItem","position":2,"name":"Shop","item":"https:\/\/truusk.store\/shop\/"},{"@type":"ListItem","position":3,"name":"TRUUSK Massagekontorsstol i L\u00e4der &#8211; Ergonomiskt H\u00f6jdjusterbar Snurrstol &#8211; Svart &#8211; F\u00f6r Kontor &amp; Hemmakontor"}]},{"@type":"WebSite","@id":"https:\/\/truusk.store\/sv\/#website","url":"https:\/\/truusk.store\/sv\/","name":"TRUUSK - Hem, Tr\u00e4dg\u00e5rd & Fritid","description":"","publisher":{"@id":"https:\/\/truusk.store\/sv\/#organization"},"potentialAction":[{"@type":"SearchAction","target":{"@type":"EntryPoint","urlTemplate":"https:\/\/truusk.store\/sv\/?s={search_term_string}"},"query-input":{"@type":"PropertyValueSpecification","valueRequired":true,"valueName":"search_term_string"}}],"inLanguage":"sv-SE"},{"@type":"Organization","@id":"https:\/\/truusk.store\/sv\/#organization","name":"TRUUSK - Hem, Tr\u00e4dg\u00e5rd & Fritid","url":"https:\/\/truusk.store\/sv\/","logo":{"@type":"ImageObject","inLanguage":"sv-SE","@id":"https:\/\/truusk.store\/sv\/#\/schema\/logo\/image\/","url":"https:\/\/i0.wp.com\/truusk.store\/wp-content\/uploads\/2026\/03\/cropped-TRUUSK.png?fit=2032%2C917&ssl=1","contentUrl":"https:\/\/i0.wp.com\/truusk.store\/wp-content\/uploads\/2026\/03\/cropped-TRUUSK.png?fit=2032%2C917&ssl=1","width":2032,"height":917,"caption":"TRUUSK - Hem, Tr\u00e4dg\u00e5rd & Fritid"},"image":{"@id":"https:\/\/truusk.store\/sv\/#\/schema\/logo\/image\/"}}]}},"jetpack_sharing_enabled":true,"_links":{"self":[{"href":"https:\/\/truusk.store\/sv\/wp-json\/wp\/v2\/product\/57421","targetHints":{"allow":["GET"]}}],"collection":[{"href":"https:\/\/truusk.store\/sv\/wp-json\/wp\/v2\/product"}],"about":[{"href":"https:\/\/truusk.store\/sv\/wp-json\/wp\/v2\/types\/product"}],"wp:featuredmedia":[{"embeddable":true,"href":"https:\/\/truusk.store\/sv\/wp-json\/wp\/v2\/media\/57412"}],"wp:attachment":[{"href":"https:\/\/truusk.store\/sv\/wp-json\/wp\/v2\/media?parent=57421"}],"wp:term":[{"taxonomy":"product_brand","embeddable":true,"href":"https:\/\/truusk.store\/sv\/wp-json\/wp\/v2\/product_brand?post=57421"},{"taxonomy":"product_cat","embeddable":true,"href":"https:\/\/truusk.store\/sv\/wp-json\/wp\/v2\/product_cat?post=57421"},{"taxonomy":"product_tag","embeddable":true,"href":"https:\/\/truusk.store\/sv\/wp-json\/wp\/v2\/product_tag?post=57421"}],"curies":[{"name":"wp","href":"https:\/\/api.w.org\/{rel}","templated":true}]}}