{"id":57441,"date":"2025-06-04T21:44:36","date_gmt":"2025-06-04T20:44:36","guid":{"rendered":"https:\/\/truusk.store\/product\/kontorsstol-skrivbordsstol-ergonomisk-med-gungfunktion-vadderad-360-roterande-hjul-polyester-gron-62x69x92-100cm\/"},"modified":"2026-03-12T09:07:10","modified_gmt":"2026-03-12T08:07:10","slug":"truusk-ergonomisk-kontorsstol-med-gungfunktion-vadderad-360-roterande-gron-62x69x92-100cm","status":"publish","type":"product","link":"https:\/\/truusk.store\/sv\/produkt\/truusk-ergonomisk-kontorsstol-med-gungfunktion-vadderad-360-roterande-gron-62x69x92-100cm\/","title":{"rendered":"TRUUSK Ergonomisk Kontorsstol med Gungfunktion &#8211; Vadderad &#8211; 360\u00b0 Roterande &#8211; Gr\u00f6n &#8211; 62x69x92-100cm"},"content":{"rendered":"<p>Detta kontorsstol fr\u00e5n TRUUSK g\u00f6r l\u00e5nga sitttider bekv\u00e4ma. Den mjuka stoppningen och det mjuka \u00f6vermaterialet g\u00f6r sittandet bekv\u00e4mt och mysigt. Den ergonomiskt formade ryggst\u00f6det hj\u00e4lper till att avlasta ryggen under l\u00e5nga arbetsdagar. Den moderna designen passar till m\u00e5nga inredningsstilar. Denna kontorsstol fr\u00e5n TRUUSK finns ocks\u00e5 i andra trendiga f\u00e4rger, som till exempel trendf\u00e4rgen pastellrosa.<\/p>\n<p>Beskrivning:<\/p>\n<ul>\n<li> Ergonomisk linjedesign med mjuk stoppning ger extra komfort<\/li>\n<li> V\u00e4vstoffet \u00e4r andningsbart och bekv\u00e4mt<\/li>\n<li> Gungfunktion f\u00f6r korta pauser och f\u00f6r att str\u00e4cka p\u00e5 ryggen<\/li>\n<li> Den h\u00f6jdjusterbara s\u00e4tet kan anpassas till ditt skrivbord eller din sittstil<\/li>\n<li> B\u00f6jd l\u00e4ndryggst\u00f6d, st\u00f6der din rygg<\/li>\n<li> En high-end gaslyft g\u00f6r h\u00f6jdjustering och r\u00f6relse smidig<\/li>\n<li> 360\u00b0 roterande hjul ger enkel och snabb mobilitet<\/li>\n<li> Montering kr\u00e4vs<\/li>\n<\/ul>\n<p>Tekniska data:<\/p>\n<ul>\n<li> F\u00e4rg: Gr\u00f6n+Vit<\/li>\n<li> Material: Polyester, skum, nylon, PP-plast<\/li>\n<li> Totala m\u00e5tt: 62B x 69D x 92-100H cm<\/li>\n<li> Sits: 49B x 50D x 44-52H cm<\/li>\n<li> Armst\u00f6dsstorlek: 6B x 30D cm<\/li>\n<li> Ryggstorlek: 53L x 45B cm<\/li>\n<li> H\u00f6jd p\u00e5 armst\u00f6d (till sits): 19,5 cm<\/li>\n<li> Belastningskapacitet: 120 kg<\/li>\n<\/ul>\n<p>Leveransinneh\u00e5ll:<\/p>\n<ul>\n<li> 1 x Kontorsstol<\/li>\n<li> 1 x Instruktioner<\/li>\n<\/ul>\n","protected":false},"excerpt":{"rendered":"<p>Detta kontorsstol fr\u00e5n TRUUSK g\u00f6r l\u00e5nga sitttider bekv\u00e4ma. Den mjuka stoppningen och det mjuka \u00f6vermaterialet g\u00f6r sittandet bekv\u00e4mt och mysigt&#8230;.<\/p>\n","protected":false},"featured_media":57432,"template":"","meta":[],"product_brand":[],"product_cat":[872,871,516],"product_tag":[],"class_list":{"0":"post-57441","1":"product","2":"type-product","3":"status-publish","4":"has-post-thumbnail","6":"product_cat-hemmakontor-arbetsplats","7":"product_cat-hus-hem","8":"product_cat-kontorsstolar","10":"first","11":"instock","12":"sale","13":"taxable","14":"shipping-taxable","15":"purchasable","16":"product-type-simple"},"yoast_head":"<!-- This site is optimized with the Yoast SEO plugin v25.4 - https:\/\/yoast.com\/wordpress\/plugins\/seo\/ -->\n<title>TRUUSK Ergonomisk Kontorsstol med Gungfunktion - Vadderad - 360\u00b0 Roterande - Gr\u00f6n - 62x69x92-100cm - TRUUSK - Hem, Tr\u00e4dg\u00e5rd &amp; Fritid<\/title>\n<meta name=\"robots\" content=\"index, follow, max-snippet:-1, max-image-preview:large, max-video-preview:-1\" \/>\n<link rel=\"canonical\" href=\"https:\/\/truusk.store\/sv\/produkt\/truusk-ergonomisk-kontorsstol-med-gungfunktion-vadderad-360-roterande-gron-62x69x92-100cm\/\" \/>\n<meta property=\"og:locale\" content=\"sv_SE\" \/>\n<meta property=\"og:type\" content=\"article\" \/>\n<meta property=\"og:title\" content=\"TRUUSK Ergonomisk Kontorsstol med Gungfunktion - Vadderad - 360\u00b0 Roterande - Gr\u00f6n - 62x69x92-100cm - TRUUSK - Hem, Tr\u00e4dg\u00e5rd &amp; Fritid\" \/>\n<meta property=\"og:description\" content=\"Detta kontorsstol fr\u00e5n TRUUSK g\u00f6r l\u00e5nga sitttider bekv\u00e4ma. Den mjuka stoppningen och det mjuka \u00f6vermaterialet g\u00f6r sittandet bekv\u00e4mt och mysigt....\" \/>\n<meta property=\"og:url\" content=\"https:\/\/truusk.store\/sv\/produkt\/truusk-ergonomisk-kontorsstol-med-gungfunktion-vadderad-360-roterande-gron-62x69x92-100cm\/\" \/>\n<meta property=\"og:site_name\" content=\"TRUUSK - Hem, Tr\u00e4dg\u00e5rd &amp; Fritid\" \/>\n<meta property=\"article:modified_time\" content=\"2026-03-12T08:07:10+00:00\" \/>\n<meta property=\"og:image\" content=\"https:\/\/i0.wp.com\/truusk.se\/wp-content\/uploads\/2025\/06\/kontorsstol-skrivbordsstol-ergonomisk-med-gungfunktion-vadderad-360-roterande-hjul-polyester-gron-62x69x92-100cm-1.webp?fit=2000%2C2000&ssl=1\" \/>\n\t<meta property=\"og:image:width\" content=\"2000\" \/>\n\t<meta property=\"og:image:height\" content=\"2000\" \/>\n\t<meta property=\"og:image:type\" content=\"image\/webp\" \/>\n<meta name=\"twitter:card\" content=\"summary_large_image\" \/>\n<meta name=\"twitter:label1\" content=\"Ber\u00e4knad l\u00e4stid\" \/>\n\t<meta name=\"twitter:data1\" content=\"1 minut\" \/>\n<!-- \/ Yoast SEO plugin. -->","yoast_head_json":{"title":"TRUUSK Ergonomisk Kontorsstol med Gungfunktion - Vadderad - 360\u00b0 Roterande - Gr\u00f6n - 62x69x92-100cm - TRUUSK - Hem, Tr\u00e4dg\u00e5rd &amp; Fritid","robots":{"index":"index","follow":"follow","max-snippet":"max-snippet:-1","max-image-preview":"max-image-preview:large","max-video-preview":"max-video-preview:-1"},"canonical":"https:\/\/truusk.store\/sv\/produkt\/truusk-ergonomisk-kontorsstol-med-gungfunktion-vadderad-360-roterande-gron-62x69x92-100cm\/","og_locale":"sv_SE","og_type":"article","og_title":"TRUUSK Ergonomisk Kontorsstol med Gungfunktion - Vadderad - 360\u00b0 Roterande - Gr\u00f6n - 62x69x92-100cm - TRUUSK - Hem, Tr\u00e4dg\u00e5rd &amp; Fritid","og_description":"Detta kontorsstol fr\u00e5n TRUUSK g\u00f6r l\u00e5nga sitttider bekv\u00e4ma. Den mjuka stoppningen och det mjuka \u00f6vermaterialet g\u00f6r sittandet bekv\u00e4mt och mysigt....","og_url":"https:\/\/truusk.store\/sv\/produkt\/truusk-ergonomisk-kontorsstol-med-gungfunktion-vadderad-360-roterande-gron-62x69x92-100cm\/","og_site_name":"TRUUSK - Hem, Tr\u00e4dg\u00e5rd &amp; Fritid","article_modified_time":"2026-03-12T08:07:10+00:00","og_image":[{"width":2000,"height":2000,"url":"https:\/\/i0.wp.com\/truusk.se\/wp-content\/uploads\/2025\/06\/kontorsstol-skrivbordsstol-ergonomisk-med-gungfunktion-vadderad-360-roterande-hjul-polyester-gron-62x69x92-100cm-1.webp?fit=2000%2C2000&ssl=1","type":"image\/webp"}],"twitter_card":"summary_large_image","twitter_misc":{"Ber\u00e4knad l\u00e4stid":"1 minut"},"schema":{"@context":"https:\/\/schema.org","@graph":[{"@type":"WebPage","@id":"https:\/\/truusk.store\/sv\/produkt\/truusk-ergonomisk-kontorsstol-med-gungfunktion-vadderad-360-roterande-gron-62x69x92-100cm\/","url":"https:\/\/truusk.store\/sv\/produkt\/truusk-ergonomisk-kontorsstol-med-gungfunktion-vadderad-360-roterande-gron-62x69x92-100cm\/","name":"TRUUSK Ergonomisk Kontorsstol med Gungfunktion - Vadderad - 360\u00b0 Roterande - Gr\u00f6n - 62x69x92-100cm - TRUUSK - Hem, Tr\u00e4dg\u00e5rd &amp; Fritid","isPartOf":{"@id":"https:\/\/truusk.store\/sv\/#website"},"primaryImageOfPage":{"@id":"https:\/\/truusk.store\/sv\/produkt\/truusk-ergonomisk-kontorsstol-med-gungfunktion-vadderad-360-roterande-gron-62x69x92-100cm\/#primaryimage"},"image":{"@id":"https:\/\/truusk.store\/sv\/produkt\/truusk-ergonomisk-kontorsstol-med-gungfunktion-vadderad-360-roterande-gron-62x69x92-100cm\/#primaryimage"},"thumbnailUrl":"https:\/\/i0.wp.com\/truusk.store\/wp-content\/uploads\/2025\/06\/kontorsstol-skrivbordsstol-ergonomisk-med-gungfunktion-vadderad-360-roterande-hjul-polyester-gron-62x69x92-100cm-1.webp?fit=2000%2C2000&ssl=1","datePublished":"2025-06-04T20:44:36+00:00","dateModified":"2026-03-12T08:07:10+00:00","breadcrumb":{"@id":"https:\/\/truusk.store\/sv\/produkt\/truusk-ergonomisk-kontorsstol-med-gungfunktion-vadderad-360-roterande-gron-62x69x92-100cm\/#breadcrumb"},"inLanguage":"sv-SE","potentialAction":[{"@type":"ReadAction","target":["https:\/\/truusk.store\/sv\/produkt\/truusk-ergonomisk-kontorsstol-med-gungfunktion-vadderad-360-roterande-gron-62x69x92-100cm\/"]}]},{"@type":"ImageObject","inLanguage":"sv-SE","@id":"https:\/\/truusk.store\/sv\/produkt\/truusk-ergonomisk-kontorsstol-med-gungfunktion-vadderad-360-roterande-gron-62x69x92-100cm\/#primaryimage","url":"https:\/\/i0.wp.com\/truusk.store\/wp-content\/uploads\/2025\/06\/kontorsstol-skrivbordsstol-ergonomisk-med-gungfunktion-vadderad-360-roterande-hjul-polyester-gron-62x69x92-100cm-1.webp?fit=2000%2C2000&ssl=1","contentUrl":"https:\/\/i0.wp.com\/truusk.store\/wp-content\/uploads\/2025\/06\/kontorsstol-skrivbordsstol-ergonomisk-med-gungfunktion-vadderad-360-roterande-hjul-polyester-gron-62x69x92-100cm-1.webp?fit=2000%2C2000&ssl=1","width":2000,"height":2000},{"@type":"BreadcrumbList","@id":"https:\/\/truusk.store\/sv\/produkt\/truusk-ergonomisk-kontorsstol-med-gungfunktion-vadderad-360-roterande-gron-62x69x92-100cm\/#breadcrumb","itemListElement":[{"@type":"ListItem","position":1,"name":"Home","item":"https:\/\/truusk.store\/sv\/"},{"@type":"ListItem","position":2,"name":"Shop","item":"https:\/\/truusk.store\/shop\/"},{"@type":"ListItem","position":3,"name":"TRUUSK Ergonomisk Kontorsstol med Gungfunktion &#8211; Vadderad &#8211; 360\u00b0 Roterande &#8211; Gr\u00f6n &#8211; 62x69x92-100cm"}]},{"@type":"WebSite","@id":"https:\/\/truusk.store\/sv\/#website","url":"https:\/\/truusk.store\/sv\/","name":"TRUUSK - Hem, Tr\u00e4dg\u00e5rd & Fritid","description":"","publisher":{"@id":"https:\/\/truusk.store\/sv\/#organization"},"potentialAction":[{"@type":"SearchAction","target":{"@type":"EntryPoint","urlTemplate":"https:\/\/truusk.store\/sv\/?s={search_term_string}"},"query-input":{"@type":"PropertyValueSpecification","valueRequired":true,"valueName":"search_term_string"}}],"inLanguage":"sv-SE"},{"@type":"Organization","@id":"https:\/\/truusk.store\/sv\/#organization","name":"TRUUSK - Hem, Tr\u00e4dg\u00e5rd & Fritid","url":"https:\/\/truusk.store\/sv\/","logo":{"@type":"ImageObject","inLanguage":"sv-SE","@id":"https:\/\/truusk.store\/sv\/#\/schema\/logo\/image\/","url":"https:\/\/i0.wp.com\/truusk.store\/wp-content\/uploads\/2026\/03\/cropped-TRUUSK.png?fit=2032%2C917&ssl=1","contentUrl":"https:\/\/i0.wp.com\/truusk.store\/wp-content\/uploads\/2026\/03\/cropped-TRUUSK.png?fit=2032%2C917&ssl=1","width":2032,"height":917,"caption":"TRUUSK - Hem, Tr\u00e4dg\u00e5rd & Fritid"},"image":{"@id":"https:\/\/truusk.store\/sv\/#\/schema\/logo\/image\/"}}]}},"jetpack_sharing_enabled":true,"_links":{"self":[{"href":"https:\/\/truusk.store\/sv\/wp-json\/wp\/v2\/product\/57441","targetHints":{"allow":["GET"]}}],"collection":[{"href":"https:\/\/truusk.store\/sv\/wp-json\/wp\/v2\/product"}],"about":[{"href":"https:\/\/truusk.store\/sv\/wp-json\/wp\/v2\/types\/product"}],"wp:featuredmedia":[{"embeddable":true,"href":"https:\/\/truusk.store\/sv\/wp-json\/wp\/v2\/media\/57432"}],"wp:attachment":[{"href":"https:\/\/truusk.store\/sv\/wp-json\/wp\/v2\/media?parent=57441"}],"wp:term":[{"taxonomy":"product_brand","embeddable":true,"href":"https:\/\/truusk.store\/sv\/wp-json\/wp\/v2\/product_brand?post=57441"},{"taxonomy":"product_cat","embeddable":true,"href":"https:\/\/truusk.store\/sv\/wp-json\/wp\/v2\/product_cat?post=57441"},{"taxonomy":"product_tag","embeddable":true,"href":"https:\/\/truusk.store\/sv\/wp-json\/wp\/v2\/product_tag?post=57441"}],"curies":[{"name":"wp","href":"https:\/\/api.w.org\/{rel}","templated":true}]}}