{"id":57481,"date":"2025-06-04T21:48:36","date_gmt":"2025-06-04T20:48:36","guid":{"rendered":"https:\/\/truusk.store\/product\/2-pack-roterande-barstolar-hojdjusterbara-barstolar-med-ryggstod-svarta\/"},"modified":"2026-03-12T09:08:08","modified_gmt":"2026-03-12T08:08:08","slug":"truusk-hundvagn-och-kattbuggy-2-i-1-hopfallbar-med-regnskydd-natoppningar-dyna-for-hundar-och-katter-upp-till-10-kg","status":"publish","type":"product","link":"https:\/\/truusk.store\/sv\/produkt\/truusk-hundvagn-och-kattbuggy-2-i-1-hopfallbar-med-regnskydd-natoppningar-dyna-for-hundar-och-katter-upp-till-10-kg\/","title":{"rendered":"TRUUSK Hundvagn och Kattbuggy 2-i-1 &#8211; Hopf\u00e4llbar med Regnskydd &#8211; N\u00e4t\u00f6ppningar &#8211; Dyna &#8211; F\u00f6r Hundar och Katter upp till 10 kg &#8211;"},"content":{"rendered":"<p>V\u00e5rt tv\u00e5delade barstolset fr\u00e5n TRUUSK \u00e4r idealiskt f\u00f6r att ge ditt k\u00f6ksdisk eller din bar-matsal en stilfull touch. Den h\u00f6gkvalitativa flanell\u00f6verdraget ger dig en fantastisk stil. Fylld med mjukt skum, slappnar det av hela kroppen. Den kurvade ryggst\u00f6det och den armfria designen st\u00f6der kroppen och ger den frihet. Denna pall har stora runda metallf\u00f6tter.<\/p>\n<p>Beskrivning:<\/p>\n<ul>\n<li> Tv\u00e5delat set, perfekt f\u00f6r en matchande look i ditt hem<\/li>\n<li> Ett m\u00e5ste f\u00f6r hemmabarer, k\u00f6k och h\u00f6ga matplatser, diamanttuftning g\u00f6r denna barstol trendig<\/li>\n<li> Sitt h\u00f6jden kan justeras fr\u00e5n disk till barh\u00f6jd, roterande sittplats ger fri rotation<\/li>\n<li> Nedre fotst\u00f6det f\u00f6rhindrar att benen dinglar<\/li>\n<li> Pallen skapar en fantastisk stil, fylld med ett mjukt skum f\u00f6r att slappna av kroppen<\/li>\n<li> Rund, stor och tung f\u00f6r att h\u00e5lla pallen i balans n\u00e4r den anv\u00e4nds, halkfria gummipads kan effektivt f\u00f6rhindra golvskrap<\/li>\n<li> Enkel och snabb montering<\/li>\n<\/ul>\n<p>Tekniska data:<\/p>\n<ul>\n<li> F\u00e4rg: Svart<\/li>\n<li> Material: Skum, st\u00e5l, sammetliknande polyester<\/li>\n<li> Totala m\u00e5tt: 51,5B x 57,5T x 93-114,5H cm<\/li>\n<li> Sittm\u00e5tt: 51,5B x 41,5T cm<\/li>\n<li> B\u00e4rkapacitet: 120 kg<\/li>\n<\/ul>\n<p>Leveransinneh\u00e5ll:<\/p>\n<ul>\n<li> 2 x Barstolar<\/li>\n<li> 1 xInstruktioner<\/li>\n<\/ul>\n","protected":false},"excerpt":{"rendered":"<p>V\u00e5rt tv\u00e5delade barstolset fr\u00e5n TRUUSK \u00e4r idealiskt f\u00f6r att ge ditt k\u00f6ksdisk eller din bar-matsal en stilfull touch. Den h\u00f6gkvalitativa&#8230;<\/p>\n","protected":false},"featured_media":57472,"template":"","meta":[],"product_brand":[],"product_cat":[643,871,889],"product_tag":[],"class_list":{"0":"post-57481","1":"product","2":"type-product","3":"status-publish","4":"has-post-thumbnail","6":"product_cat-barnstolar","7":"product_cat-hus-hem","8":"product_cat-kok-matsal","10":"first","11":"instock","12":"sale","13":"taxable","14":"shipping-taxable","15":"purchasable","16":"product-type-simple"},"yoast_head":"<!-- This site is optimized with the Yoast SEO plugin v25.4 - https:\/\/yoast.com\/wordpress\/plugins\/seo\/ -->\n<title>TRUUSK Hundvagn och Kattbuggy 2-i-1 - Hopf\u00e4llbar med Regnskydd - N\u00e4t\u00f6ppningar - Dyna - F\u00f6r Hundar och Katter upp till 10 kg - TRUUSK - Hem, Tr\u00e4dg\u00e5rd &amp; Fritid<\/title>\n<meta name=\"robots\" content=\"index, follow, max-snippet:-1, max-image-preview:large, max-video-preview:-1\" \/>\n<link rel=\"canonical\" href=\"https:\/\/truusk.store\/sv\/produkt\/truusk-hundvagn-och-kattbuggy-2-i-1-hopfallbar-med-regnskydd-natoppningar-dyna-for-hundar-och-katter-upp-till-10-kg\/\" \/>\n<meta property=\"og:locale\" content=\"sv_SE\" \/>\n<meta property=\"og:type\" content=\"article\" \/>\n<meta property=\"og:title\" content=\"TRUUSK Hundvagn och Kattbuggy 2-i-1 - Hopf\u00e4llbar med Regnskydd - N\u00e4t\u00f6ppningar - Dyna - F\u00f6r Hundar och Katter upp till 10 kg - TRUUSK - Hem, Tr\u00e4dg\u00e5rd &amp; Fritid\" \/>\n<meta property=\"og:description\" content=\"V\u00e5rt tv\u00e5delade barstolset fr\u00e5n TRUUSK \u00e4r idealiskt f\u00f6r att ge ditt k\u00f6ksdisk eller din bar-matsal en stilfull touch. Den h\u00f6gkvalitativa...\" \/>\n<meta property=\"og:url\" content=\"https:\/\/truusk.store\/sv\/produkt\/truusk-hundvagn-och-kattbuggy-2-i-1-hopfallbar-med-regnskydd-natoppningar-dyna-for-hundar-och-katter-upp-till-10-kg\/\" \/>\n<meta property=\"og:site_name\" content=\"TRUUSK - Hem, Tr\u00e4dg\u00e5rd &amp; Fritid\" \/>\n<meta property=\"article:modified_time\" content=\"2026-03-12T08:08:08+00:00\" \/>\n<meta property=\"og:image\" content=\"https:\/\/i0.wp.com\/truusk.se\/wp-content\/uploads\/2025\/06\/2-pack-roterande-barstolar-hojdjusterbara-barstolar-med-ryggstod-svarta-1.webp?fit=2000%2C2000&ssl=1\" \/>\n\t<meta property=\"og:image:width\" content=\"2000\" \/>\n\t<meta property=\"og:image:height\" content=\"2000\" \/>\n\t<meta property=\"og:image:type\" content=\"image\/webp\" \/>\n<meta name=\"twitter:card\" content=\"summary_large_image\" \/>\n<meta name=\"twitter:label1\" content=\"Ber\u00e4knad l\u00e4stid\" \/>\n\t<meta name=\"twitter:data1\" content=\"1 minut\" \/>\n<!-- \/ Yoast SEO plugin. -->","yoast_head_json":{"title":"TRUUSK Hundvagn och Kattbuggy 2-i-1 - Hopf\u00e4llbar med Regnskydd - N\u00e4t\u00f6ppningar - Dyna - F\u00f6r Hundar och Katter upp till 10 kg - TRUUSK - Hem, Tr\u00e4dg\u00e5rd &amp; Fritid","robots":{"index":"index","follow":"follow","max-snippet":"max-snippet:-1","max-image-preview":"max-image-preview:large","max-video-preview":"max-video-preview:-1"},"canonical":"https:\/\/truusk.store\/sv\/produkt\/truusk-hundvagn-och-kattbuggy-2-i-1-hopfallbar-med-regnskydd-natoppningar-dyna-for-hundar-och-katter-upp-till-10-kg\/","og_locale":"sv_SE","og_type":"article","og_title":"TRUUSK Hundvagn och Kattbuggy 2-i-1 - Hopf\u00e4llbar med Regnskydd - N\u00e4t\u00f6ppningar - Dyna - F\u00f6r Hundar och Katter upp till 10 kg - TRUUSK - Hem, Tr\u00e4dg\u00e5rd &amp; Fritid","og_description":"V\u00e5rt tv\u00e5delade barstolset fr\u00e5n TRUUSK \u00e4r idealiskt f\u00f6r att ge ditt k\u00f6ksdisk eller din bar-matsal en stilfull touch. Den h\u00f6gkvalitativa...","og_url":"https:\/\/truusk.store\/sv\/produkt\/truusk-hundvagn-och-kattbuggy-2-i-1-hopfallbar-med-regnskydd-natoppningar-dyna-for-hundar-och-katter-upp-till-10-kg\/","og_site_name":"TRUUSK - Hem, Tr\u00e4dg\u00e5rd &amp; Fritid","article_modified_time":"2026-03-12T08:08:08+00:00","og_image":[{"width":2000,"height":2000,"url":"https:\/\/i0.wp.com\/truusk.se\/wp-content\/uploads\/2025\/06\/2-pack-roterande-barstolar-hojdjusterbara-barstolar-med-ryggstod-svarta-1.webp?fit=2000%2C2000&ssl=1","type":"image\/webp"}],"twitter_card":"summary_large_image","twitter_misc":{"Ber\u00e4knad l\u00e4stid":"1 minut"},"schema":{"@context":"https:\/\/schema.org","@graph":[{"@type":"WebPage","@id":"https:\/\/truusk.store\/sv\/produkt\/truusk-hundvagn-och-kattbuggy-2-i-1-hopfallbar-med-regnskydd-natoppningar-dyna-for-hundar-och-katter-upp-till-10-kg\/","url":"https:\/\/truusk.store\/sv\/produkt\/truusk-hundvagn-och-kattbuggy-2-i-1-hopfallbar-med-regnskydd-natoppningar-dyna-for-hundar-och-katter-upp-till-10-kg\/","name":"TRUUSK Hundvagn och Kattbuggy 2-i-1 - Hopf\u00e4llbar med Regnskydd - N\u00e4t\u00f6ppningar - Dyna - F\u00f6r Hundar och Katter upp till 10 kg - TRUUSK - Hem, Tr\u00e4dg\u00e5rd &amp; Fritid","isPartOf":{"@id":"https:\/\/truusk.store\/sv\/#website"},"primaryImageOfPage":{"@id":"https:\/\/truusk.store\/sv\/produkt\/truusk-hundvagn-och-kattbuggy-2-i-1-hopfallbar-med-regnskydd-natoppningar-dyna-for-hundar-och-katter-upp-till-10-kg\/#primaryimage"},"image":{"@id":"https:\/\/truusk.store\/sv\/produkt\/truusk-hundvagn-och-kattbuggy-2-i-1-hopfallbar-med-regnskydd-natoppningar-dyna-for-hundar-och-katter-upp-till-10-kg\/#primaryimage"},"thumbnailUrl":"https:\/\/i0.wp.com\/truusk.store\/wp-content\/uploads\/2025\/06\/2-pack-roterande-barstolar-hojdjusterbara-barstolar-med-ryggstod-svarta-1.webp?fit=2000%2C2000&ssl=1","datePublished":"2025-06-04T20:48:36+00:00","dateModified":"2026-03-12T08:08:08+00:00","breadcrumb":{"@id":"https:\/\/truusk.store\/sv\/produkt\/truusk-hundvagn-och-kattbuggy-2-i-1-hopfallbar-med-regnskydd-natoppningar-dyna-for-hundar-och-katter-upp-till-10-kg\/#breadcrumb"},"inLanguage":"sv-SE","potentialAction":[{"@type":"ReadAction","target":["https:\/\/truusk.store\/sv\/produkt\/truusk-hundvagn-och-kattbuggy-2-i-1-hopfallbar-med-regnskydd-natoppningar-dyna-for-hundar-och-katter-upp-till-10-kg\/"]}]},{"@type":"ImageObject","inLanguage":"sv-SE","@id":"https:\/\/truusk.store\/sv\/produkt\/truusk-hundvagn-och-kattbuggy-2-i-1-hopfallbar-med-regnskydd-natoppningar-dyna-for-hundar-och-katter-upp-till-10-kg\/#primaryimage","url":"https:\/\/i0.wp.com\/truusk.store\/wp-content\/uploads\/2025\/06\/2-pack-roterande-barstolar-hojdjusterbara-barstolar-med-ryggstod-svarta-1.webp?fit=2000%2C2000&ssl=1","contentUrl":"https:\/\/i0.wp.com\/truusk.store\/wp-content\/uploads\/2025\/06\/2-pack-roterande-barstolar-hojdjusterbara-barstolar-med-ryggstod-svarta-1.webp?fit=2000%2C2000&ssl=1","width":2000,"height":2000},{"@type":"BreadcrumbList","@id":"https:\/\/truusk.store\/sv\/produkt\/truusk-hundvagn-och-kattbuggy-2-i-1-hopfallbar-med-regnskydd-natoppningar-dyna-for-hundar-och-katter-upp-till-10-kg\/#breadcrumb","itemListElement":[{"@type":"ListItem","position":1,"name":"Home","item":"https:\/\/truusk.store\/sv\/"},{"@type":"ListItem","position":2,"name":"Shop","item":"https:\/\/truusk.store\/shop\/"},{"@type":"ListItem","position":3,"name":"TRUUSK Hundvagn och Kattbuggy 2-i-1 &#8211; Hopf\u00e4llbar med Regnskydd &#8211; N\u00e4t\u00f6ppningar &#8211; Dyna &#8211; F\u00f6r Hundar och Katter upp till 10 kg &#8211;"}]},{"@type":"WebSite","@id":"https:\/\/truusk.store\/sv\/#website","url":"https:\/\/truusk.store\/sv\/","name":"TRUUSK - Hem, Tr\u00e4dg\u00e5rd & Fritid","description":"","publisher":{"@id":"https:\/\/truusk.store\/sv\/#organization"},"potentialAction":[{"@type":"SearchAction","target":{"@type":"EntryPoint","urlTemplate":"https:\/\/truusk.store\/sv\/?s={search_term_string}"},"query-input":{"@type":"PropertyValueSpecification","valueRequired":true,"valueName":"search_term_string"}}],"inLanguage":"sv-SE"},{"@type":"Organization","@id":"https:\/\/truusk.store\/sv\/#organization","name":"TRUUSK - Hem, Tr\u00e4dg\u00e5rd & Fritid","url":"https:\/\/truusk.store\/sv\/","logo":{"@type":"ImageObject","inLanguage":"sv-SE","@id":"https:\/\/truusk.store\/sv\/#\/schema\/logo\/image\/","url":"https:\/\/i0.wp.com\/truusk.store\/wp-content\/uploads\/2026\/03\/cropped-TRUUSK.png?fit=2032%2C917&ssl=1","contentUrl":"https:\/\/i0.wp.com\/truusk.store\/wp-content\/uploads\/2026\/03\/cropped-TRUUSK.png?fit=2032%2C917&ssl=1","width":2032,"height":917,"caption":"TRUUSK - Hem, Tr\u00e4dg\u00e5rd & Fritid"},"image":{"@id":"https:\/\/truusk.store\/sv\/#\/schema\/logo\/image\/"}}]}},"jetpack_sharing_enabled":true,"_links":{"self":[{"href":"https:\/\/truusk.store\/sv\/wp-json\/wp\/v2\/product\/57481","targetHints":{"allow":["GET"]}}],"collection":[{"href":"https:\/\/truusk.store\/sv\/wp-json\/wp\/v2\/product"}],"about":[{"href":"https:\/\/truusk.store\/sv\/wp-json\/wp\/v2\/types\/product"}],"wp:featuredmedia":[{"embeddable":true,"href":"https:\/\/truusk.store\/sv\/wp-json\/wp\/v2\/media\/57472"}],"wp:attachment":[{"href":"https:\/\/truusk.store\/sv\/wp-json\/wp\/v2\/media?parent=57481"}],"wp:term":[{"taxonomy":"product_brand","embeddable":true,"href":"https:\/\/truusk.store\/sv\/wp-json\/wp\/v2\/product_brand?post=57481"},{"taxonomy":"product_cat","embeddable":true,"href":"https:\/\/truusk.store\/sv\/wp-json\/wp\/v2\/product_cat?post=57481"},{"taxonomy":"product_tag","embeddable":true,"href":"https:\/\/truusk.store\/sv\/wp-json\/wp\/v2\/product_tag?post=57481"}],"curies":[{"name":"wp","href":"https:\/\/api.w.org\/{rel}","templated":true}]}}