{"id":57501,"date":"2025-06-04T21:50:44","date_gmt":"2025-06-04T20:50:44","guid":{"rendered":"https:\/\/truusk.store\/product\/avslappningsstol-massagestol-med-fotpall-och-ligglage-konstlader-brun-79x82x101-cm-bekvam-for-avkoppling-wellness\/"},"modified":"2026-03-12T09:07:27","modified_gmt":"2026-03-12T08:07:27","slug":"truusk-massagestol-med-fotpall-avslappningsstol-i-konstlader-bekvam-for-wellness-brun-79x82x101-cm","status":"publish","type":"product","link":"https:\/\/truusk.store\/sv\/produkt\/truusk-massagestol-med-fotpall-avslappningsstol-i-konstlader-bekvam-for-wellness-brun-79x82x101-cm\/","title":{"rendered":"TRUUSK Massagestol med Fotpall &#8211; Avslappningsstol i Konstl\u00e4der &#8211; Bekv\u00e4m f\u00f6r Wellness &#8211; Brun &#8211; 79x82x101 cm"},"content":{"rendered":"<p>I denna TRUUSK relaxstol med fotpall kommer du snabbt att gl\u00f6mma vardagens stress. Tack vare de tio massagepunkterna kan du slappna av i hela kroppen. Biof\u00e5t\u00f6ljens lutningsvinkel \u00e4r upp till 145\u00b0. Ryggst\u00f6d, sittdyna, armst\u00f6d och fotst\u00f6d \u00e4r fyllda med skum, perfekt f\u00f6r en trevlig kv\u00e4ll, oavsett om du tittar p\u00e5 TV, l\u00e4ser eller tar en tupplur. F\u00e5t\u00f6ljen kan dessutom roteras 360\u00b0.<\/p>\n<p>Beskrivning:<\/p>\n<ul>\n<li> Lutningsvinkel p\u00e5 TV-f\u00e5t\u00f6ljen upp till 145\u00b0 &#8211; idealisk f\u00f6r att titta p\u00e5 TV, l\u00e4sa och vila<\/li>\n<li> Stabil st\u00e5lram b\u00e4r upp till 160 kg<\/li>\n<li> 10 vibrationsmassagepunkter fr\u00e4mjar blodcirkulationen och l\u00f6ser muskelsp\u00e4nningar<\/li>\n<li> Slitstarkt och l\u00e4tt att underh\u00e5lla konstl\u00e4der<\/li>\n<li> Ryggst\u00f6d, sittplats och fotpall p\u00e5 TV-f\u00e5t\u00f6ljen \u00e4r vadderade med mjukt skum<\/li>\n<li> Inkl. sidoficka f\u00f6r fj\u00e4rrkontroll<\/li>\n<li> Inkl. fj\u00e4rrkontroll f\u00f6r enkel anv\u00e4ndning<\/li>\n<li> 360\u00b0 roterbar<\/li>\n<li> Enkel montering<\/li>\n<\/ul>\n<p>Tekniska data:<\/p>\n<ul>\n<li> Material: St\u00e5l, tr\u00e4, konstl\u00e4der, skum<\/li>\n<li> F\u00e4rg: Brun<\/li>\n<li> Totala m\u00e5tt p\u00e5 f\u00e5t\u00f6ljen: 79B x 82D x 101H cm (i sittl\u00e4ge), 80B x 112D x 95H cm (i liggande l\u00e4ge)<\/li>\n<li> Fotpall: 48B x 42D x 42,5H cm<\/li>\n<li> Sitsstorlek: 50B x 52D cm<\/li>\n<li> M\u00e5tt p\u00e5 ryggst\u00f6d: 66B x 15D x 68H cm<\/li>\n<li> Maximal lutningsvinkel: 145\u00b0<\/li>\n<li> Ing\u00e5ngssp\u00e4nning: 100-240 V\/50\/60 Hz<\/li>\n<li> Utg\u00e5ngssp\u00e4nning: 12 V<\/li>\n<li> Kabell\u00e4ngd: 1,8 m<\/li>\n<li> Belastningskapacitet: 160 kg (f\u00e5t\u00f6lj), 20 kg (fotpall)<\/li>\n<\/ul>\n<p>Leveransinneh\u00e5ll:<\/p>\n<ul>\n<li> 1 x Massagestol<\/li>\n<li> 1 x Bruksanvisning<\/li>\n<\/ul>\n","protected":false},"excerpt":{"rendered":"<p>I denna TRUUSK relaxstol med fotpall kommer du snabbt att gl\u00f6mma vardagens stress. Tack vare de tio massagepunkterna kan du&#8230;<\/p>\n","protected":false},"featured_media":57492,"template":"","meta":[],"product_brand":[],"product_cat":[521,871,920,910],"product_tag":[],"class_list":{"0":"post-57501","1":"product","2":"type-product","3":"status-publish","4":"has-post-thumbnail","6":"product_cat-fatolj","7":"product_cat-hus-hem","8":"product_cat-relaxsessel-mit-hocker","9":"product_cat-vardagsrum","11":"first","12":"instock","13":"sale","14":"taxable","15":"shipping-taxable","16":"purchasable","17":"product-type-simple"},"yoast_head":"<!-- This site is optimized with the Yoast SEO plugin v25.4 - https:\/\/yoast.com\/wordpress\/plugins\/seo\/ -->\n<title>TRUUSK Massagestol med Fotpall - Avslappningsstol i Konstl\u00e4der - Bekv\u00e4m f\u00f6r Wellness - Brun - 79x82x101 cm - TRUUSK - Hem, Tr\u00e4dg\u00e5rd &amp; Fritid<\/title>\n<meta name=\"robots\" content=\"index, follow, max-snippet:-1, max-image-preview:large, max-video-preview:-1\" \/>\n<link rel=\"canonical\" href=\"https:\/\/truusk.store\/sv\/produkt\/truusk-massagestol-med-fotpall-avslappningsstol-i-konstlader-bekvam-for-wellness-brun-79x82x101-cm\/\" \/>\n<meta property=\"og:locale\" content=\"sv_SE\" \/>\n<meta property=\"og:type\" content=\"article\" \/>\n<meta property=\"og:title\" content=\"TRUUSK Massagestol med Fotpall - Avslappningsstol i Konstl\u00e4der - Bekv\u00e4m f\u00f6r Wellness - Brun - 79x82x101 cm - TRUUSK - Hem, Tr\u00e4dg\u00e5rd &amp; Fritid\" \/>\n<meta property=\"og:description\" content=\"I denna TRUUSK relaxstol med fotpall kommer du snabbt att gl\u00f6mma vardagens stress. Tack vare de tio massagepunkterna kan du...\" \/>\n<meta property=\"og:url\" content=\"https:\/\/truusk.store\/sv\/produkt\/truusk-massagestol-med-fotpall-avslappningsstol-i-konstlader-bekvam-for-wellness-brun-79x82x101-cm\/\" \/>\n<meta property=\"og:site_name\" content=\"TRUUSK - Hem, Tr\u00e4dg\u00e5rd &amp; Fritid\" \/>\n<meta property=\"article:modified_time\" content=\"2026-03-12T08:07:27+00:00\" \/>\n<meta property=\"og:image\" content=\"https:\/\/i0.wp.com\/truusk.se\/wp-content\/uploads\/2025\/06\/avslappningsstol-massagestol-med-fotpall-och-ligglage-konstlader-brun-79x82x101-cm-bekvam-for-avkoppling-wellness-1.webp?fit=2000%2C2000&ssl=1\" \/>\n\t<meta property=\"og:image:width\" content=\"2000\" \/>\n\t<meta property=\"og:image:height\" content=\"2000\" \/>\n\t<meta property=\"og:image:type\" content=\"image\/webp\" \/>\n<meta name=\"twitter:card\" content=\"summary_large_image\" \/>\n<meta name=\"twitter:label1\" content=\"Ber\u00e4knad l\u00e4stid\" \/>\n\t<meta name=\"twitter:data1\" content=\"1 minut\" \/>\n<!-- \/ Yoast SEO plugin. -->","yoast_head_json":{"title":"TRUUSK Massagestol med Fotpall - Avslappningsstol i Konstl\u00e4der - Bekv\u00e4m f\u00f6r Wellness - Brun - 79x82x101 cm - TRUUSK - Hem, Tr\u00e4dg\u00e5rd &amp; Fritid","robots":{"index":"index","follow":"follow","max-snippet":"max-snippet:-1","max-image-preview":"max-image-preview:large","max-video-preview":"max-video-preview:-1"},"canonical":"https:\/\/truusk.store\/sv\/produkt\/truusk-massagestol-med-fotpall-avslappningsstol-i-konstlader-bekvam-for-wellness-brun-79x82x101-cm\/","og_locale":"sv_SE","og_type":"article","og_title":"TRUUSK Massagestol med Fotpall - Avslappningsstol i Konstl\u00e4der - Bekv\u00e4m f\u00f6r Wellness - Brun - 79x82x101 cm - TRUUSK - Hem, Tr\u00e4dg\u00e5rd &amp; Fritid","og_description":"I denna TRUUSK relaxstol med fotpall kommer du snabbt att gl\u00f6mma vardagens stress. Tack vare de tio massagepunkterna kan du...","og_url":"https:\/\/truusk.store\/sv\/produkt\/truusk-massagestol-med-fotpall-avslappningsstol-i-konstlader-bekvam-for-wellness-brun-79x82x101-cm\/","og_site_name":"TRUUSK - Hem, Tr\u00e4dg\u00e5rd &amp; Fritid","article_modified_time":"2026-03-12T08:07:27+00:00","og_image":[{"width":2000,"height":2000,"url":"https:\/\/i0.wp.com\/truusk.se\/wp-content\/uploads\/2025\/06\/avslappningsstol-massagestol-med-fotpall-och-ligglage-konstlader-brun-79x82x101-cm-bekvam-for-avkoppling-wellness-1.webp?fit=2000%2C2000&ssl=1","type":"image\/webp"}],"twitter_card":"summary_large_image","twitter_misc":{"Ber\u00e4knad l\u00e4stid":"1 minut"},"schema":{"@context":"https:\/\/schema.org","@graph":[{"@type":"WebPage","@id":"https:\/\/truusk.store\/sv\/produkt\/truusk-massagestol-med-fotpall-avslappningsstol-i-konstlader-bekvam-for-wellness-brun-79x82x101-cm\/","url":"https:\/\/truusk.store\/sv\/produkt\/truusk-massagestol-med-fotpall-avslappningsstol-i-konstlader-bekvam-for-wellness-brun-79x82x101-cm\/","name":"TRUUSK Massagestol med Fotpall - Avslappningsstol i Konstl\u00e4der - Bekv\u00e4m f\u00f6r Wellness - Brun - 79x82x101 cm - TRUUSK - Hem, Tr\u00e4dg\u00e5rd &amp; Fritid","isPartOf":{"@id":"https:\/\/truusk.store\/sv\/#website"},"primaryImageOfPage":{"@id":"https:\/\/truusk.store\/sv\/produkt\/truusk-massagestol-med-fotpall-avslappningsstol-i-konstlader-bekvam-for-wellness-brun-79x82x101-cm\/#primaryimage"},"image":{"@id":"https:\/\/truusk.store\/sv\/produkt\/truusk-massagestol-med-fotpall-avslappningsstol-i-konstlader-bekvam-for-wellness-brun-79x82x101-cm\/#primaryimage"},"thumbnailUrl":"https:\/\/i0.wp.com\/truusk.store\/wp-content\/uploads\/2025\/06\/avslappningsstol-massagestol-med-fotpall-och-ligglage-konstlader-brun-79x82x101-cm-bekvam-for-avkoppling-wellness-1.webp?fit=2000%2C2000&ssl=1","datePublished":"2025-06-04T20:50:44+00:00","dateModified":"2026-03-12T08:07:27+00:00","breadcrumb":{"@id":"https:\/\/truusk.store\/sv\/produkt\/truusk-massagestol-med-fotpall-avslappningsstol-i-konstlader-bekvam-for-wellness-brun-79x82x101-cm\/#breadcrumb"},"inLanguage":"sv-SE","potentialAction":[{"@type":"ReadAction","target":["https:\/\/truusk.store\/sv\/produkt\/truusk-massagestol-med-fotpall-avslappningsstol-i-konstlader-bekvam-for-wellness-brun-79x82x101-cm\/"]}]},{"@type":"ImageObject","inLanguage":"sv-SE","@id":"https:\/\/truusk.store\/sv\/produkt\/truusk-massagestol-med-fotpall-avslappningsstol-i-konstlader-bekvam-for-wellness-brun-79x82x101-cm\/#primaryimage","url":"https:\/\/i0.wp.com\/truusk.store\/wp-content\/uploads\/2025\/06\/avslappningsstol-massagestol-med-fotpall-och-ligglage-konstlader-brun-79x82x101-cm-bekvam-for-avkoppling-wellness-1.webp?fit=2000%2C2000&ssl=1","contentUrl":"https:\/\/i0.wp.com\/truusk.store\/wp-content\/uploads\/2025\/06\/avslappningsstol-massagestol-med-fotpall-och-ligglage-konstlader-brun-79x82x101-cm-bekvam-for-avkoppling-wellness-1.webp?fit=2000%2C2000&ssl=1","width":2000,"height":2000},{"@type":"BreadcrumbList","@id":"https:\/\/truusk.store\/sv\/produkt\/truusk-massagestol-med-fotpall-avslappningsstol-i-konstlader-bekvam-for-wellness-brun-79x82x101-cm\/#breadcrumb","itemListElement":[{"@type":"ListItem","position":1,"name":"Home","item":"https:\/\/truusk.store\/sv\/"},{"@type":"ListItem","position":2,"name":"Shop","item":"https:\/\/truusk.store\/shop\/"},{"@type":"ListItem","position":3,"name":"TRUUSK Massagestol med Fotpall &#8211; Avslappningsstol i Konstl\u00e4der &#8211; Bekv\u00e4m f\u00f6r Wellness &#8211; Brun &#8211; 79x82x101 cm"}]},{"@type":"WebSite","@id":"https:\/\/truusk.store\/sv\/#website","url":"https:\/\/truusk.store\/sv\/","name":"TRUUSK - Hem, Tr\u00e4dg\u00e5rd & Fritid","description":"","publisher":{"@id":"https:\/\/truusk.store\/sv\/#organization"},"potentialAction":[{"@type":"SearchAction","target":{"@type":"EntryPoint","urlTemplate":"https:\/\/truusk.store\/sv\/?s={search_term_string}"},"query-input":{"@type":"PropertyValueSpecification","valueRequired":true,"valueName":"search_term_string"}}],"inLanguage":"sv-SE"},{"@type":"Organization","@id":"https:\/\/truusk.store\/sv\/#organization","name":"TRUUSK - Hem, Tr\u00e4dg\u00e5rd & Fritid","url":"https:\/\/truusk.store\/sv\/","logo":{"@type":"ImageObject","inLanguage":"sv-SE","@id":"https:\/\/truusk.store\/sv\/#\/schema\/logo\/image\/","url":"https:\/\/i0.wp.com\/truusk.store\/wp-content\/uploads\/2026\/03\/cropped-TRUUSK.png?fit=2032%2C917&ssl=1","contentUrl":"https:\/\/i0.wp.com\/truusk.store\/wp-content\/uploads\/2026\/03\/cropped-TRUUSK.png?fit=2032%2C917&ssl=1","width":2032,"height":917,"caption":"TRUUSK - Hem, Tr\u00e4dg\u00e5rd & Fritid"},"image":{"@id":"https:\/\/truusk.store\/sv\/#\/schema\/logo\/image\/"}}]}},"jetpack_sharing_enabled":true,"_links":{"self":[{"href":"https:\/\/truusk.store\/sv\/wp-json\/wp\/v2\/product\/57501","targetHints":{"allow":["GET"]}}],"collection":[{"href":"https:\/\/truusk.store\/sv\/wp-json\/wp\/v2\/product"}],"about":[{"href":"https:\/\/truusk.store\/sv\/wp-json\/wp\/v2\/types\/product"}],"wp:featuredmedia":[{"embeddable":true,"href":"https:\/\/truusk.store\/sv\/wp-json\/wp\/v2\/media\/57492"}],"wp:attachment":[{"href":"https:\/\/truusk.store\/sv\/wp-json\/wp\/v2\/media?parent=57501"}],"wp:term":[{"taxonomy":"product_brand","embeddable":true,"href":"https:\/\/truusk.store\/sv\/wp-json\/wp\/v2\/product_brand?post=57501"},{"taxonomy":"product_cat","embeddable":true,"href":"https:\/\/truusk.store\/sv\/wp-json\/wp\/v2\/product_cat?post=57501"},{"taxonomy":"product_tag","embeddable":true,"href":"https:\/\/truusk.store\/sv\/wp-json\/wp\/v2\/product_tag?post=57501"}],"curies":[{"name":"wp","href":"https:\/\/api.w.org\/{rel}","templated":true}]}}