{"id":57582,"date":"2025-06-04T21:58:37","date_gmt":"2025-06-04T20:58:37","guid":{"rendered":"https:\/\/truusk.store\/product\/adirondack-hopfallbar-tradgardsstol-75x87x93cm-vit-tradgardsstol-for-balkong-tradgardsmobler\/"},"modified":"2026-03-12T09:10:48","modified_gmt":"2026-03-12T08:10:48","slug":"truusk-hopfallbar-tradgardsstol-75x87x93cm-vit-balkong-tradgardsmobler-mysigt-sittplats-latt-att-forvara-hog-kvalitet","status":"publish","type":"product","link":"https:\/\/truusk.store\/sv\/produkt\/truusk-hopfallbar-tradgardsstol-75x87x93cm-vit-balkong-tradgardsmobler-mysigt-sittplats-latt-att-forvara-hog-kvalitet\/","title":{"rendered":"TRUUSK Hopf\u00e4llbar Tr\u00e4dg\u00e5rdsstol 75x87x93cm, Vit &#8211; Balkong &amp; Tr\u00e4dg\u00e5rdsm\u00f6bler &#8211; Mysigt Sittplats &#8211; L\u00e4tt att F\u00f6rvara &#8211; H\u00f6g Kvalitet"},"content":{"rendered":"<p>L\u00e5t vardagens stress mjukt glida bort i fj\u00e4rran medan du sitter p\u00e5 denna terrassstol fr\u00e5n TRUUSK som om du satt p\u00e5 moln! Den h\u00f6ga, lutande ryggst\u00f6det, de breda armst\u00f6den och den gener\u00f6sa sittytan ger en o\u00f6vertr\u00e4ffad sittkomfort. F\u00e4ll ihop den med ett handtag och ta den bekv\u00e4mt \u00f6verallt. Mycket robust konstruerad, denna tr\u00e4dg\u00e5rdsstol st\u00e5r emot alla v\u00e4der och kommer att gl\u00e4dja dig l\u00e4nge med bekv\u00e4mlighet och komfort.<\/p>\n<p>Beskrivning:<\/p>\n<ul>\n<li> Robust, v\u00e4derbest\u00e4ndig plast med tr\u00e4liknande \u00e5dring: splittras inte, spricker inte, bryts inte<\/li>\n<li> L\u00e4tt att f\u00f6rvara, kan f\u00e4llas ihop platt, l\u00e4tt att transportera och lagra<\/li>\n<li> Extremt bekv\u00e4m: lutande sits med breda armst\u00f6d<\/li>\n<li> Extra h\u00f6g, lutande ryggst\u00f6d av breda tr\u00e4ribbor<\/li>\n<li> S\u00e4rskilt bred sits, idealisk f\u00f6r de flesta kroppstyper<\/li>\n<li> Utm\u00e4rkt l\u00e4mpad f\u00f6r terrass, tr\u00e4dg\u00e5rd och andra utomhusomr\u00e5den<\/li>\n<li> Montering kr\u00e4vs<\/li>\n<\/ul>\n<p>Tekniska data:<\/p>\n<ul>\n<li> F\u00e4rg: Vit<\/li>\n<li> Material: HDPE<\/li>\n<li> Totala m\u00e5tt: 75B x 87D x 93H cm<\/li>\n<li> Sitsm\u00e5tt: 52B x 53D cm<\/li>\n<li> Ryggst\u00f6dets m\u00e5tt: 46B x 76H cm<\/li>\n<li> Framsitsens h\u00f6jd: 35 cm<\/li>\n<li> F\u00e4llm\u00e5tt: 118L x 74B x 25H cm<\/li>\n<li> B\u00e4rkapacitet: 150 kg<\/li>\n<\/ul>\n<p>Leveransinneh\u00e5ll:<\/p>\n<ul>\n<li> 1 x Tr\u00e4dg\u00e5rdsstol<\/li>\n<li> 1 x Instruktioner<\/li>\n<\/ul>\n","protected":false},"excerpt":{"rendered":"<p>L\u00e5t vardagens stress mjukt glida bort i fj\u00e4rran medan du sitter p\u00e5 denna terrassstol fr\u00e5n TRUUSK som om du satt&#8230;<\/p>\n","protected":false},"featured_media":57571,"template":"","meta":[],"product_brand":[],"product_cat":[858,450,452],"product_tag":[],"class_list":{"0":"post-57582","1":"product","2":"type-product","3":"status-publish","4":"has-post-thumbnail","6":"product_cat-tradgard-terrass","7":"product_cat-tradgardsmobler","8":"product_cat-tradgardsstolar","10":"first","11":"instock","12":"sale","13":"taxable","14":"shipping-taxable","15":"purchasable","16":"product-type-simple"},"yoast_head":"<!-- This site is optimized with the Yoast SEO plugin v25.4 - https:\/\/yoast.com\/wordpress\/plugins\/seo\/ -->\n<title>TRUUSK Hopf\u00e4llbar Tr\u00e4dg\u00e5rdsstol 75x87x93cm, Vit - Balkong &amp; Tr\u00e4dg\u00e5rdsm\u00f6bler - Mysigt Sittplats - L\u00e4tt att F\u00f6rvara - H\u00f6g Kvalitet - TRUUSK - Hem, Tr\u00e4dg\u00e5rd &amp; Fritid<\/title>\n<meta name=\"robots\" content=\"index, follow, max-snippet:-1, max-image-preview:large, max-video-preview:-1\" \/>\n<link rel=\"canonical\" href=\"https:\/\/truusk.store\/sv\/produkt\/truusk-hopfallbar-tradgardsstol-75x87x93cm-vit-balkong-tradgardsmobler-mysigt-sittplats-latt-att-forvara-hog-kvalitet\/\" \/>\n<meta property=\"og:locale\" content=\"sv_SE\" \/>\n<meta property=\"og:type\" content=\"article\" \/>\n<meta property=\"og:title\" content=\"TRUUSK Hopf\u00e4llbar Tr\u00e4dg\u00e5rdsstol 75x87x93cm, Vit - Balkong &amp; Tr\u00e4dg\u00e5rdsm\u00f6bler - Mysigt Sittplats - L\u00e4tt att F\u00f6rvara - H\u00f6g Kvalitet - TRUUSK - Hem, Tr\u00e4dg\u00e5rd &amp; Fritid\" \/>\n<meta property=\"og:description\" content=\"L\u00e5t vardagens stress mjukt glida bort i fj\u00e4rran medan du sitter p\u00e5 denna terrassstol fr\u00e5n TRUUSK som om du satt...\" \/>\n<meta property=\"og:url\" content=\"https:\/\/truusk.store\/sv\/produkt\/truusk-hopfallbar-tradgardsstol-75x87x93cm-vit-balkong-tradgardsmobler-mysigt-sittplats-latt-att-forvara-hog-kvalitet\/\" \/>\n<meta property=\"og:site_name\" content=\"TRUUSK - Hem, Tr\u00e4dg\u00e5rd &amp; Fritid\" \/>\n<meta property=\"article:modified_time\" content=\"2026-03-12T08:10:48+00:00\" \/>\n<meta property=\"og:image\" content=\"https:\/\/i0.wp.com\/truusk.se\/wp-content\/uploads\/2025\/06\/adirondack-hopfallbar-tradgardsstol-75x87x93cm-vit-tradgardsstol-for-balkong-tradgardsmobler-1.webp?fit=2000%2C2000&ssl=1\" \/>\n\t<meta property=\"og:image:width\" content=\"2000\" \/>\n\t<meta property=\"og:image:height\" content=\"2000\" \/>\n\t<meta property=\"og:image:type\" content=\"image\/webp\" \/>\n<meta name=\"twitter:card\" content=\"summary_large_image\" \/>\n<meta name=\"twitter:label1\" content=\"Ber\u00e4knad l\u00e4stid\" \/>\n\t<meta name=\"twitter:data1\" content=\"1 minut\" \/>\n<!-- \/ Yoast SEO plugin. -->","yoast_head_json":{"title":"TRUUSK Hopf\u00e4llbar Tr\u00e4dg\u00e5rdsstol 75x87x93cm, Vit - Balkong &amp; Tr\u00e4dg\u00e5rdsm\u00f6bler - Mysigt Sittplats - L\u00e4tt att F\u00f6rvara - H\u00f6g Kvalitet - TRUUSK - Hem, Tr\u00e4dg\u00e5rd &amp; Fritid","robots":{"index":"index","follow":"follow","max-snippet":"max-snippet:-1","max-image-preview":"max-image-preview:large","max-video-preview":"max-video-preview:-1"},"canonical":"https:\/\/truusk.store\/sv\/produkt\/truusk-hopfallbar-tradgardsstol-75x87x93cm-vit-balkong-tradgardsmobler-mysigt-sittplats-latt-att-forvara-hog-kvalitet\/","og_locale":"sv_SE","og_type":"article","og_title":"TRUUSK Hopf\u00e4llbar Tr\u00e4dg\u00e5rdsstol 75x87x93cm, Vit - Balkong &amp; Tr\u00e4dg\u00e5rdsm\u00f6bler - Mysigt Sittplats - L\u00e4tt att F\u00f6rvara - H\u00f6g Kvalitet - TRUUSK - Hem, Tr\u00e4dg\u00e5rd &amp; Fritid","og_description":"L\u00e5t vardagens stress mjukt glida bort i fj\u00e4rran medan du sitter p\u00e5 denna terrassstol fr\u00e5n TRUUSK som om du satt...","og_url":"https:\/\/truusk.store\/sv\/produkt\/truusk-hopfallbar-tradgardsstol-75x87x93cm-vit-balkong-tradgardsmobler-mysigt-sittplats-latt-att-forvara-hog-kvalitet\/","og_site_name":"TRUUSK - Hem, Tr\u00e4dg\u00e5rd &amp; Fritid","article_modified_time":"2026-03-12T08:10:48+00:00","og_image":[{"width":2000,"height":2000,"url":"https:\/\/i0.wp.com\/truusk.se\/wp-content\/uploads\/2025\/06\/adirondack-hopfallbar-tradgardsstol-75x87x93cm-vit-tradgardsstol-for-balkong-tradgardsmobler-1.webp?fit=2000%2C2000&ssl=1","type":"image\/webp"}],"twitter_card":"summary_large_image","twitter_misc":{"Ber\u00e4knad l\u00e4stid":"1 minut"},"schema":{"@context":"https:\/\/schema.org","@graph":[{"@type":"WebPage","@id":"https:\/\/truusk.store\/sv\/produkt\/truusk-hopfallbar-tradgardsstol-75x87x93cm-vit-balkong-tradgardsmobler-mysigt-sittplats-latt-att-forvara-hog-kvalitet\/","url":"https:\/\/truusk.store\/sv\/produkt\/truusk-hopfallbar-tradgardsstol-75x87x93cm-vit-balkong-tradgardsmobler-mysigt-sittplats-latt-att-forvara-hog-kvalitet\/","name":"TRUUSK Hopf\u00e4llbar Tr\u00e4dg\u00e5rdsstol 75x87x93cm, Vit - Balkong &amp; Tr\u00e4dg\u00e5rdsm\u00f6bler - Mysigt Sittplats - L\u00e4tt att F\u00f6rvara - H\u00f6g Kvalitet - TRUUSK - Hem, Tr\u00e4dg\u00e5rd &amp; Fritid","isPartOf":{"@id":"https:\/\/truusk.store\/sv\/#website"},"primaryImageOfPage":{"@id":"https:\/\/truusk.store\/sv\/produkt\/truusk-hopfallbar-tradgardsstol-75x87x93cm-vit-balkong-tradgardsmobler-mysigt-sittplats-latt-att-forvara-hog-kvalitet\/#primaryimage"},"image":{"@id":"https:\/\/truusk.store\/sv\/produkt\/truusk-hopfallbar-tradgardsstol-75x87x93cm-vit-balkong-tradgardsmobler-mysigt-sittplats-latt-att-forvara-hog-kvalitet\/#primaryimage"},"thumbnailUrl":"https:\/\/i0.wp.com\/truusk.store\/wp-content\/uploads\/2025\/06\/adirondack-hopfallbar-tradgardsstol-75x87x93cm-vit-tradgardsstol-for-balkong-tradgardsmobler-1.webp?fit=2000%2C2000&ssl=1","datePublished":"2025-06-04T20:58:37+00:00","dateModified":"2026-03-12T08:10:48+00:00","breadcrumb":{"@id":"https:\/\/truusk.store\/sv\/produkt\/truusk-hopfallbar-tradgardsstol-75x87x93cm-vit-balkong-tradgardsmobler-mysigt-sittplats-latt-att-forvara-hog-kvalitet\/#breadcrumb"},"inLanguage":"sv-SE","potentialAction":[{"@type":"ReadAction","target":["https:\/\/truusk.store\/sv\/produkt\/truusk-hopfallbar-tradgardsstol-75x87x93cm-vit-balkong-tradgardsmobler-mysigt-sittplats-latt-att-forvara-hog-kvalitet\/"]}]},{"@type":"ImageObject","inLanguage":"sv-SE","@id":"https:\/\/truusk.store\/sv\/produkt\/truusk-hopfallbar-tradgardsstol-75x87x93cm-vit-balkong-tradgardsmobler-mysigt-sittplats-latt-att-forvara-hog-kvalitet\/#primaryimage","url":"https:\/\/i0.wp.com\/truusk.store\/wp-content\/uploads\/2025\/06\/adirondack-hopfallbar-tradgardsstol-75x87x93cm-vit-tradgardsstol-for-balkong-tradgardsmobler-1.webp?fit=2000%2C2000&ssl=1","contentUrl":"https:\/\/i0.wp.com\/truusk.store\/wp-content\/uploads\/2025\/06\/adirondack-hopfallbar-tradgardsstol-75x87x93cm-vit-tradgardsstol-for-balkong-tradgardsmobler-1.webp?fit=2000%2C2000&ssl=1","width":2000,"height":2000},{"@type":"BreadcrumbList","@id":"https:\/\/truusk.store\/sv\/produkt\/truusk-hopfallbar-tradgardsstol-75x87x93cm-vit-balkong-tradgardsmobler-mysigt-sittplats-latt-att-forvara-hog-kvalitet\/#breadcrumb","itemListElement":[{"@type":"ListItem","position":1,"name":"Home","item":"https:\/\/truusk.store\/sv\/"},{"@type":"ListItem","position":2,"name":"Shop","item":"https:\/\/truusk.store\/shop\/"},{"@type":"ListItem","position":3,"name":"TRUUSK Hopf\u00e4llbar Tr\u00e4dg\u00e5rdsstol 75x87x93cm, Vit &#8211; Balkong &amp; Tr\u00e4dg\u00e5rdsm\u00f6bler &#8211; Mysigt Sittplats &#8211; L\u00e4tt att F\u00f6rvara &#8211; H\u00f6g Kvalitet"}]},{"@type":"WebSite","@id":"https:\/\/truusk.store\/sv\/#website","url":"https:\/\/truusk.store\/sv\/","name":"TRUUSK - Hem, Tr\u00e4dg\u00e5rd & Fritid","description":"","publisher":{"@id":"https:\/\/truusk.store\/sv\/#organization"},"potentialAction":[{"@type":"SearchAction","target":{"@type":"EntryPoint","urlTemplate":"https:\/\/truusk.store\/sv\/?s={search_term_string}"},"query-input":{"@type":"PropertyValueSpecification","valueRequired":true,"valueName":"search_term_string"}}],"inLanguage":"sv-SE"},{"@type":"Organization","@id":"https:\/\/truusk.store\/sv\/#organization","name":"TRUUSK - Hem, Tr\u00e4dg\u00e5rd & Fritid","url":"https:\/\/truusk.store\/sv\/","logo":{"@type":"ImageObject","inLanguage":"sv-SE","@id":"https:\/\/truusk.store\/sv\/#\/schema\/logo\/image\/","url":"https:\/\/i0.wp.com\/truusk.store\/wp-content\/uploads\/2026\/03\/cropped-TRUUSK.png?fit=2032%2C917&ssl=1","contentUrl":"https:\/\/i0.wp.com\/truusk.store\/wp-content\/uploads\/2026\/03\/cropped-TRUUSK.png?fit=2032%2C917&ssl=1","width":2032,"height":917,"caption":"TRUUSK - Hem, Tr\u00e4dg\u00e5rd & Fritid"},"image":{"@id":"https:\/\/truusk.store\/sv\/#\/schema\/logo\/image\/"}}]}},"jetpack_sharing_enabled":true,"_links":{"self":[{"href":"https:\/\/truusk.store\/sv\/wp-json\/wp\/v2\/product\/57582","targetHints":{"allow":["GET"]}}],"collection":[{"href":"https:\/\/truusk.store\/sv\/wp-json\/wp\/v2\/product"}],"about":[{"href":"https:\/\/truusk.store\/sv\/wp-json\/wp\/v2\/types\/product"}],"wp:featuredmedia":[{"embeddable":true,"href":"https:\/\/truusk.store\/sv\/wp-json\/wp\/v2\/media\/57571"}],"wp:attachment":[{"href":"https:\/\/truusk.store\/sv\/wp-json\/wp\/v2\/media?parent=57582"}],"wp:term":[{"taxonomy":"product_brand","embeddable":true,"href":"https:\/\/truusk.store\/sv\/wp-json\/wp\/v2\/product_brand?post=57582"},{"taxonomy":"product_cat","embeddable":true,"href":"https:\/\/truusk.store\/sv\/wp-json\/wp\/v2\/product_cat?post=57582"},{"taxonomy":"product_tag","embeddable":true,"href":"https:\/\/truusk.store\/sv\/wp-json\/wp\/v2\/product_tag?post=57582"}],"curies":[{"name":"wp","href":"https:\/\/api.w.org\/{rel}","templated":true}]}}