{"id":57592,"date":"2025-06-04T21:59:37","date_gmt":"2025-06-04T20:59:37","guid":{"rendered":"https:\/\/truusk.store\/product\/tradgardsbank-med-utdragbart-bord-for-2-3-personer-metallparkbank-sittbank-terrassbank-tradgardsmobler-svart-150x585x90cm\/"},"modified":"2026-03-12T09:11:25","modified_gmt":"2026-03-12T08:11:25","slug":"truusk-tradgardsbank-med-utdragbart-bord-metallparkbank-svart-150x585x90cm-for-2-3-personer-terrassbank-tradgardsmobler","status":"publish","type":"product","link":"https:\/\/truusk.store\/sv\/produkt\/truusk-tradgardsbank-med-utdragbart-bord-metallparkbank-svart-150x585x90cm-for-2-3-personer-terrassbank-tradgardsmobler\/","title":{"rendered":"TRUUSK Tr\u00e4dg\u00e5rdsb\u00e4nk Med Utdragbart Bord &#8211; Metallparkb\u00e4nk &#8211; Svart 150&#215;58,5x90cm &#8211; F\u00f6r 2-3 Personer &#8211; Terrassb\u00e4nk &#8211; Tr\u00e4dg\u00e5rdsm\u00f6bler"},"content":{"rendered":"<p>Den tidl\u00f6sa designen p\u00e5 denna b\u00e4nk fr\u00e5n TRUUSK \u00e4r ett fantastiskt tillskott f\u00f6r alla som s\u00f6ker n\u00e5got alldeles extra f\u00f6r sin tr\u00e4dg\u00e5rd och utomhusomr\u00e5de. Den har ett praktiskt, utdragbart mitbord d\u00e4r du bekv\u00e4mt kan st\u00e4lla mat, drycker, b\u00f6cker, tidningar osv. Denna b\u00e4nk \u00e4r idealisk f\u00f6r att njuta av en eftermiddagste i solen med v\u00e4nner.<\/p>\n<p>Beskrivning:<\/p>\n<ul>\n<li> Utdragbart mitbord f\u00f6r bekv\u00e4m placering av mat, drycker, b\u00f6cker osv.<\/li>\n<li> Metallkonstruktion f\u00f6r styrka, stabilitet och h\u00e5llbarhet<\/li>\n<li> Bekv\u00e4ma h\u00f6ga ryggst\u00f6d och armst\u00f6d<\/li>\n<li> Lattkonstruktion f\u00f6r god luftcirkulation och f\u00f6r att undvika vattenansamlingar<\/li>\n<li> L\u00e4tt att reng\u00f6ra med en fuktig trasa<\/li>\n<li> Montering kr\u00e4vs<\/li>\n<\/ul>\n<p> Tekniska data:<\/p>\n<ul>\n<li> F\u00e4rg: Svart<\/li>\n<li> Material: Metallram<\/li>\n<li> Totala dimensioner: 150B x 58,5T x 90H cm<\/li>\n<li> Sofabordets storlek: 40L x 38,5B cm<\/li>\n<li> Bordsh\u00f6jd till golvet: 66 cm<\/li>\n<li> Sitsstorlek: 52B x 43T cm<\/li>\n<li> Armst\u00f6dets h\u00f6jd: 62,5 cm<\/li>\n<li> Max. belastning: 120 kg (varje sits), 30 kg (bord)<\/li>\n<\/ul>\n<p>Leveransinneh\u00e5ll:<\/p>\n<ul>\n<li> 1 x Tr\u00e4dg\u00e5rdsb\u00e4nk<\/li>\n<li> 1 x Instruktioner<\/li>\n<\/ul>\n","protected":false},"excerpt":{"rendered":"<p>Den tidl\u00f6sa designen p\u00e5 denna b\u00e4nk fr\u00e5n TRUUSK \u00e4r ett fantastiskt tillskott f\u00f6r alla som s\u00f6ker n\u00e5got alldeles extra f\u00f6r&#8230;<\/p>\n","protected":false},"featured_media":57583,"template":"","meta":[],"product_brand":[],"product_cat":[858,454,450],"product_tag":[],"class_list":{"0":"post-57592","1":"product","2":"type-product","3":"status-publish","4":"has-post-thumbnail","6":"product_cat-tradgard-terrass","7":"product_cat-tradgardsbankar","8":"product_cat-tradgardsmobler","10":"first","11":"instock","12":"sale","13":"taxable","14":"shipping-taxable","15":"purchasable","16":"product-type-simple"},"yoast_head":"<!-- This site is optimized with the Yoast SEO plugin v25.4 - https:\/\/yoast.com\/wordpress\/plugins\/seo\/ -->\n<title>TRUUSK Tr\u00e4dg\u00e5rdsb\u00e4nk Med Utdragbart Bord - Metallparkb\u00e4nk - Svart 150x58,5x90cm - F\u00f6r 2-3 Personer - Terrassb\u00e4nk - Tr\u00e4dg\u00e5rdsm\u00f6bler - TRUUSK - Hem, Tr\u00e4dg\u00e5rd &amp; Fritid<\/title>\n<meta name=\"robots\" content=\"index, follow, max-snippet:-1, max-image-preview:large, max-video-preview:-1\" \/>\n<link rel=\"canonical\" href=\"https:\/\/truusk.store\/sv\/produkt\/truusk-tradgardsbank-med-utdragbart-bord-metallparkbank-svart-150x585x90cm-for-2-3-personer-terrassbank-tradgardsmobler\/\" \/>\n<meta property=\"og:locale\" content=\"sv_SE\" \/>\n<meta property=\"og:type\" content=\"article\" \/>\n<meta property=\"og:title\" content=\"TRUUSK Tr\u00e4dg\u00e5rdsb\u00e4nk Med Utdragbart Bord - Metallparkb\u00e4nk - Svart 150x58,5x90cm - F\u00f6r 2-3 Personer - Terrassb\u00e4nk - Tr\u00e4dg\u00e5rdsm\u00f6bler - TRUUSK - Hem, Tr\u00e4dg\u00e5rd &amp; Fritid\" \/>\n<meta property=\"og:description\" content=\"Den tidl\u00f6sa designen p\u00e5 denna b\u00e4nk fr\u00e5n TRUUSK \u00e4r ett fantastiskt tillskott f\u00f6r alla som s\u00f6ker n\u00e5got alldeles extra f\u00f6r...\" \/>\n<meta property=\"og:url\" content=\"https:\/\/truusk.store\/sv\/produkt\/truusk-tradgardsbank-med-utdragbart-bord-metallparkbank-svart-150x585x90cm-for-2-3-personer-terrassbank-tradgardsmobler\/\" \/>\n<meta property=\"og:site_name\" content=\"TRUUSK - Hem, Tr\u00e4dg\u00e5rd &amp; Fritid\" \/>\n<meta property=\"article:modified_time\" content=\"2026-03-12T08:11:25+00:00\" \/>\n<meta property=\"og:image\" content=\"https:\/\/i0.wp.com\/truusk.se\/wp-content\/uploads\/2025\/06\/tradgardsbank-med-utdragbart-bord-for-2-3-personer-metallparkbank-sittbank-terrassbank-tradgardsmobler-svart-150x585x90cm-1.webp?fit=2000%2C2000&ssl=1\" \/>\n\t<meta property=\"og:image:width\" content=\"2000\" \/>\n\t<meta property=\"og:image:height\" content=\"2000\" \/>\n\t<meta property=\"og:image:type\" content=\"image\/webp\" \/>\n<meta name=\"twitter:card\" content=\"summary_large_image\" \/>\n<meta name=\"twitter:label1\" content=\"Ber\u00e4knad l\u00e4stid\" \/>\n\t<meta name=\"twitter:data1\" content=\"1 minut\" \/>\n<!-- \/ Yoast SEO plugin. -->","yoast_head_json":{"title":"TRUUSK Tr\u00e4dg\u00e5rdsb\u00e4nk Med Utdragbart Bord - Metallparkb\u00e4nk - Svart 150x58,5x90cm - F\u00f6r 2-3 Personer - Terrassb\u00e4nk - Tr\u00e4dg\u00e5rdsm\u00f6bler - TRUUSK - Hem, Tr\u00e4dg\u00e5rd &amp; Fritid","robots":{"index":"index","follow":"follow","max-snippet":"max-snippet:-1","max-image-preview":"max-image-preview:large","max-video-preview":"max-video-preview:-1"},"canonical":"https:\/\/truusk.store\/sv\/produkt\/truusk-tradgardsbank-med-utdragbart-bord-metallparkbank-svart-150x585x90cm-for-2-3-personer-terrassbank-tradgardsmobler\/","og_locale":"sv_SE","og_type":"article","og_title":"TRUUSK Tr\u00e4dg\u00e5rdsb\u00e4nk Med Utdragbart Bord - Metallparkb\u00e4nk - Svart 150x58,5x90cm - F\u00f6r 2-3 Personer - Terrassb\u00e4nk - Tr\u00e4dg\u00e5rdsm\u00f6bler - TRUUSK - Hem, Tr\u00e4dg\u00e5rd &amp; Fritid","og_description":"Den tidl\u00f6sa designen p\u00e5 denna b\u00e4nk fr\u00e5n TRUUSK \u00e4r ett fantastiskt tillskott f\u00f6r alla som s\u00f6ker n\u00e5got alldeles extra f\u00f6r...","og_url":"https:\/\/truusk.store\/sv\/produkt\/truusk-tradgardsbank-med-utdragbart-bord-metallparkbank-svart-150x585x90cm-for-2-3-personer-terrassbank-tradgardsmobler\/","og_site_name":"TRUUSK - Hem, Tr\u00e4dg\u00e5rd &amp; Fritid","article_modified_time":"2026-03-12T08:11:25+00:00","og_image":[{"width":2000,"height":2000,"url":"https:\/\/i0.wp.com\/truusk.se\/wp-content\/uploads\/2025\/06\/tradgardsbank-med-utdragbart-bord-for-2-3-personer-metallparkbank-sittbank-terrassbank-tradgardsmobler-svart-150x585x90cm-1.webp?fit=2000%2C2000&ssl=1","type":"image\/webp"}],"twitter_card":"summary_large_image","twitter_misc":{"Ber\u00e4knad l\u00e4stid":"1 minut"},"schema":{"@context":"https:\/\/schema.org","@graph":[{"@type":"WebPage","@id":"https:\/\/truusk.store\/sv\/produkt\/truusk-tradgardsbank-med-utdragbart-bord-metallparkbank-svart-150x585x90cm-for-2-3-personer-terrassbank-tradgardsmobler\/","url":"https:\/\/truusk.store\/sv\/produkt\/truusk-tradgardsbank-med-utdragbart-bord-metallparkbank-svart-150x585x90cm-for-2-3-personer-terrassbank-tradgardsmobler\/","name":"TRUUSK Tr\u00e4dg\u00e5rdsb\u00e4nk Med Utdragbart Bord - Metallparkb\u00e4nk - Svart 150x58,5x90cm - F\u00f6r 2-3 Personer - Terrassb\u00e4nk - Tr\u00e4dg\u00e5rdsm\u00f6bler - TRUUSK - Hem, Tr\u00e4dg\u00e5rd &amp; Fritid","isPartOf":{"@id":"https:\/\/truusk.store\/sv\/#website"},"primaryImageOfPage":{"@id":"https:\/\/truusk.store\/sv\/produkt\/truusk-tradgardsbank-med-utdragbart-bord-metallparkbank-svart-150x585x90cm-for-2-3-personer-terrassbank-tradgardsmobler\/#primaryimage"},"image":{"@id":"https:\/\/truusk.store\/sv\/produkt\/truusk-tradgardsbank-med-utdragbart-bord-metallparkbank-svart-150x585x90cm-for-2-3-personer-terrassbank-tradgardsmobler\/#primaryimage"},"thumbnailUrl":"https:\/\/i0.wp.com\/truusk.store\/wp-content\/uploads\/2025\/06\/tradgardsbank-med-utdragbart-bord-for-2-3-personer-metallparkbank-sittbank-terrassbank-tradgardsmobler-svart-150x585x90cm-1.webp?fit=2000%2C2000&ssl=1","datePublished":"2025-06-04T20:59:37+00:00","dateModified":"2026-03-12T08:11:25+00:00","breadcrumb":{"@id":"https:\/\/truusk.store\/sv\/produkt\/truusk-tradgardsbank-med-utdragbart-bord-metallparkbank-svart-150x585x90cm-for-2-3-personer-terrassbank-tradgardsmobler\/#breadcrumb"},"inLanguage":"sv-SE","potentialAction":[{"@type":"ReadAction","target":["https:\/\/truusk.store\/sv\/produkt\/truusk-tradgardsbank-med-utdragbart-bord-metallparkbank-svart-150x585x90cm-for-2-3-personer-terrassbank-tradgardsmobler\/"]}]},{"@type":"ImageObject","inLanguage":"sv-SE","@id":"https:\/\/truusk.store\/sv\/produkt\/truusk-tradgardsbank-med-utdragbart-bord-metallparkbank-svart-150x585x90cm-for-2-3-personer-terrassbank-tradgardsmobler\/#primaryimage","url":"https:\/\/i0.wp.com\/truusk.store\/wp-content\/uploads\/2025\/06\/tradgardsbank-med-utdragbart-bord-for-2-3-personer-metallparkbank-sittbank-terrassbank-tradgardsmobler-svart-150x585x90cm-1.webp?fit=2000%2C2000&ssl=1","contentUrl":"https:\/\/i0.wp.com\/truusk.store\/wp-content\/uploads\/2025\/06\/tradgardsbank-med-utdragbart-bord-for-2-3-personer-metallparkbank-sittbank-terrassbank-tradgardsmobler-svart-150x585x90cm-1.webp?fit=2000%2C2000&ssl=1","width":2000,"height":2000},{"@type":"BreadcrumbList","@id":"https:\/\/truusk.store\/sv\/produkt\/truusk-tradgardsbank-med-utdragbart-bord-metallparkbank-svart-150x585x90cm-for-2-3-personer-terrassbank-tradgardsmobler\/#breadcrumb","itemListElement":[{"@type":"ListItem","position":1,"name":"Home","item":"https:\/\/truusk.store\/sv\/"},{"@type":"ListItem","position":2,"name":"Shop","item":"https:\/\/truusk.store\/shop\/"},{"@type":"ListItem","position":3,"name":"TRUUSK Tr\u00e4dg\u00e5rdsb\u00e4nk Med Utdragbart Bord &#8211; Metallparkb\u00e4nk &#8211; Svart 150&#215;58,5x90cm &#8211; F\u00f6r 2-3 Personer &#8211; Terrassb\u00e4nk &#8211; Tr\u00e4dg\u00e5rdsm\u00f6bler"}]},{"@type":"WebSite","@id":"https:\/\/truusk.store\/sv\/#website","url":"https:\/\/truusk.store\/sv\/","name":"TRUUSK - Hem, Tr\u00e4dg\u00e5rd & Fritid","description":"","publisher":{"@id":"https:\/\/truusk.store\/sv\/#organization"},"potentialAction":[{"@type":"SearchAction","target":{"@type":"EntryPoint","urlTemplate":"https:\/\/truusk.store\/sv\/?s={search_term_string}"},"query-input":{"@type":"PropertyValueSpecification","valueRequired":true,"valueName":"search_term_string"}}],"inLanguage":"sv-SE"},{"@type":"Organization","@id":"https:\/\/truusk.store\/sv\/#organization","name":"TRUUSK - Hem, Tr\u00e4dg\u00e5rd & Fritid","url":"https:\/\/truusk.store\/sv\/","logo":{"@type":"ImageObject","inLanguage":"sv-SE","@id":"https:\/\/truusk.store\/sv\/#\/schema\/logo\/image\/","url":"https:\/\/i0.wp.com\/truusk.store\/wp-content\/uploads\/2026\/03\/cropped-TRUUSK.png?fit=2032%2C917&ssl=1","contentUrl":"https:\/\/i0.wp.com\/truusk.store\/wp-content\/uploads\/2026\/03\/cropped-TRUUSK.png?fit=2032%2C917&ssl=1","width":2032,"height":917,"caption":"TRUUSK - Hem, Tr\u00e4dg\u00e5rd & Fritid"},"image":{"@id":"https:\/\/truusk.store\/sv\/#\/schema\/logo\/image\/"}}]}},"jetpack_sharing_enabled":true,"_links":{"self":[{"href":"https:\/\/truusk.store\/sv\/wp-json\/wp\/v2\/product\/57592","targetHints":{"allow":["GET"]}}],"collection":[{"href":"https:\/\/truusk.store\/sv\/wp-json\/wp\/v2\/product"}],"about":[{"href":"https:\/\/truusk.store\/sv\/wp-json\/wp\/v2\/types\/product"}],"wp:featuredmedia":[{"embeddable":true,"href":"https:\/\/truusk.store\/sv\/wp-json\/wp\/v2\/media\/57583"}],"wp:attachment":[{"href":"https:\/\/truusk.store\/sv\/wp-json\/wp\/v2\/media?parent=57592"}],"wp:term":[{"taxonomy":"product_brand","embeddable":true,"href":"https:\/\/truusk.store\/sv\/wp-json\/wp\/v2\/product_brand?post=57592"},{"taxonomy":"product_cat","embeddable":true,"href":"https:\/\/truusk.store\/sv\/wp-json\/wp\/v2\/product_cat?post=57592"},{"taxonomy":"product_tag","embeddable":true,"href":"https:\/\/truusk.store\/sv\/wp-json\/wp\/v2\/product_tag?post=57592"}],"curies":[{"name":"wp","href":"https:\/\/api.w.org\/{rel}","templated":true}]}}