{"id":57603,"date":"2025-06-04T22:01:02","date_gmt":"2025-06-04T21:01:02","guid":{"rendered":"https:\/\/truusk.store\/product\/tradgardsbank-2-sits-gjord-av-gjutjarn-128x585x89-cm-med-rygg-och-armstod-snabb-dranering-och-hog-stabilitet-i-svart\/"},"modified":"2026-03-12T09:11:25","modified_gmt":"2026-03-12T08:11:25","slug":"truusk-tradgardsbank-2-sits-i-gjutjarn-med-rygg-och-armstod-snabb-dranering-hog-stabilitet-svart-128x585x89-cm","status":"publish","type":"product","link":"https:\/\/truusk.store\/sv\/produkt\/truusk-tradgardsbank-2-sits-i-gjutjarn-med-rygg-och-armstod-snabb-dranering-hog-stabilitet-svart-128x585x89-cm\/","title":{"rendered":"TRUUSK Tr\u00e4dg\u00e5rdsb\u00e4nk 2-sits i Gjutj\u00e4rn &#8211; Med Rygg- och Armst\u00f6d &#8211; Snabb Dr\u00e4nering &#8211; H\u00f6g Stabilitet &#8211; Svart &#8211; 128&#215;58,5&#215;89 cm"},"content":{"rendered":"<p>Njut av en trevlig eftermiddag i din tr\u00e4dg\u00e5rd, p\u00e5 din terrass eller i din bakg\u00e5rd med denna stiliga terrassb\u00e4nk fr\u00e5n TRUUSK! Denna b\u00e4nk, tillverkad av robust st\u00e5l och gjutj\u00e4rn, \u00e4r stabil, praktisk och erbjuder s\u00e4rskilt h\u00f6g sittkomfort. Det sofistikerade m\u00f6nstret p\u00e5 ryggst\u00f6det ger b\u00e4nken en distinkt estetik som passar perfekt in i alla utomhusdekorationer. Ge din terrassomr\u00e5de en touch av klass med denna vintage-sittb\u00e4nk fr\u00e5n TRUUSK.<\/p>\n<p>Beskrivning:<\/p>\n<ul>\n<li> Distinkt m\u00f6nster p\u00e5 b\u00e4nkens ryggst\u00f6d ger den en autentisk, antik karakt\u00e4r<\/li>\n<li> Den mattsvarta ytan passar till alla milj\u00f6er och inredningsstilar<\/li>\n<li> Konstruerad av robust st\u00e5l och gjutj\u00e4rn f\u00f6r stabilitet och h\u00e5llbarhet<\/li>\n<li> Lattkonstruktionen f\u00f6rhindrar ansamling av regnvatten<\/li>\n<li> Skyddsf\u00f6tter f\u00f6rhindrar repor p\u00e5 golvet<\/li>\n<li> Montering kr\u00e4vs<\/li>\n<\/ul>\n<p>Tekniska data:<\/p>\n<ul>\n<li> F\u00e4rg: Svart<\/li>\n<li> Material: St\u00e5l, gjutj\u00e4rn<\/li>\n<li> Totala m\u00e5tt: 128B x 58,5T x 89H cm<\/li>\n<li> Sitsstorlek: 124B x 44T cm<\/li>\n<li> Sitth\u00f6jd: 43,5 cm<\/li>\n<li> H\u00f6jd p\u00e5 armst\u00f6d fram: 62 cm<\/li>\n<li> B\u00e4rkapacitet: 240 kg<\/li>\n<\/ul>\n<p>Leveransinneh\u00e5ll:<\/p>\n<ul>\n<li> 1 x Tr\u00e4dg\u00e5rdsb\u00e4nk<\/li>\n<li> 1 x Instruktioner<\/li>\n<\/ul>\n","protected":false},"excerpt":{"rendered":"<p>Njut av en trevlig eftermiddag i din tr\u00e4dg\u00e5rd, p\u00e5 din terrass eller i din bakg\u00e5rd med denna stiliga terrassb\u00e4nk fr\u00e5n&#8230;<\/p>\n","protected":false},"featured_media":57593,"template":"","meta":[],"product_brand":[],"product_cat":[858,454,450],"product_tag":[],"class_list":{"0":"post-57603","1":"product","2":"type-product","3":"status-publish","4":"has-post-thumbnail","6":"product_cat-tradgard-terrass","7":"product_cat-tradgardsbankar","8":"product_cat-tradgardsmobler","10":"first","11":"instock","12":"sale","13":"taxable","14":"shipping-taxable","15":"purchasable","16":"product-type-simple"},"yoast_head":"<!-- This site is optimized with the Yoast SEO plugin v25.4 - https:\/\/yoast.com\/wordpress\/plugins\/seo\/ -->\n<title>TRUUSK Tr\u00e4dg\u00e5rdsb\u00e4nk 2-sits i Gjutj\u00e4rn - Med Rygg- och Armst\u00f6d - Snabb Dr\u00e4nering - H\u00f6g Stabilitet - Svart - 128x58,5x89 cm - TRUUSK - Hem, Tr\u00e4dg\u00e5rd &amp; Fritid<\/title>\n<meta name=\"robots\" content=\"index, follow, max-snippet:-1, max-image-preview:large, max-video-preview:-1\" \/>\n<link rel=\"canonical\" href=\"https:\/\/truusk.store\/sv\/produkt\/truusk-tradgardsbank-2-sits-i-gjutjarn-med-rygg-och-armstod-snabb-dranering-hog-stabilitet-svart-128x585x89-cm\/\" \/>\n<meta property=\"og:locale\" content=\"sv_SE\" \/>\n<meta property=\"og:type\" content=\"article\" \/>\n<meta property=\"og:title\" content=\"TRUUSK Tr\u00e4dg\u00e5rdsb\u00e4nk 2-sits i Gjutj\u00e4rn - Med Rygg- och Armst\u00f6d - Snabb Dr\u00e4nering - H\u00f6g Stabilitet - Svart - 128x58,5x89 cm - TRUUSK - Hem, Tr\u00e4dg\u00e5rd &amp; Fritid\" \/>\n<meta property=\"og:description\" content=\"Njut av en trevlig eftermiddag i din tr\u00e4dg\u00e5rd, p\u00e5 din terrass eller i din bakg\u00e5rd med denna stiliga terrassb\u00e4nk fr\u00e5n...\" \/>\n<meta property=\"og:url\" content=\"https:\/\/truusk.store\/sv\/produkt\/truusk-tradgardsbank-2-sits-i-gjutjarn-med-rygg-och-armstod-snabb-dranering-hog-stabilitet-svart-128x585x89-cm\/\" \/>\n<meta property=\"og:site_name\" content=\"TRUUSK - Hem, Tr\u00e4dg\u00e5rd &amp; Fritid\" \/>\n<meta property=\"article:modified_time\" content=\"2026-03-12T08:11:25+00:00\" \/>\n<meta property=\"og:image\" content=\"https:\/\/i0.wp.com\/truusk.se\/wp-content\/uploads\/2025\/06\/tradgardsbank-2-sits-gjord-av-gjutjarn-128x585x89-cm-med-rygg-och-armstod-snabb-dranering-och-hog-stabilitet-i-svart-1.webp?fit=2000%2C2000&ssl=1\" \/>\n\t<meta property=\"og:image:width\" content=\"2000\" \/>\n\t<meta property=\"og:image:height\" content=\"2000\" \/>\n\t<meta property=\"og:image:type\" content=\"image\/webp\" \/>\n<meta name=\"twitter:card\" content=\"summary_large_image\" \/>\n<meta name=\"twitter:label1\" content=\"Ber\u00e4knad l\u00e4stid\" \/>\n\t<meta name=\"twitter:data1\" content=\"1 minut\" \/>\n<!-- \/ Yoast SEO plugin. -->","yoast_head_json":{"title":"TRUUSK Tr\u00e4dg\u00e5rdsb\u00e4nk 2-sits i Gjutj\u00e4rn - Med Rygg- och Armst\u00f6d - Snabb Dr\u00e4nering - H\u00f6g Stabilitet - Svart - 128x58,5x89 cm - TRUUSK - Hem, Tr\u00e4dg\u00e5rd &amp; Fritid","robots":{"index":"index","follow":"follow","max-snippet":"max-snippet:-1","max-image-preview":"max-image-preview:large","max-video-preview":"max-video-preview:-1"},"canonical":"https:\/\/truusk.store\/sv\/produkt\/truusk-tradgardsbank-2-sits-i-gjutjarn-med-rygg-och-armstod-snabb-dranering-hog-stabilitet-svart-128x585x89-cm\/","og_locale":"sv_SE","og_type":"article","og_title":"TRUUSK Tr\u00e4dg\u00e5rdsb\u00e4nk 2-sits i Gjutj\u00e4rn - Med Rygg- och Armst\u00f6d - Snabb Dr\u00e4nering - H\u00f6g Stabilitet - Svart - 128x58,5x89 cm - TRUUSK - Hem, Tr\u00e4dg\u00e5rd &amp; Fritid","og_description":"Njut av en trevlig eftermiddag i din tr\u00e4dg\u00e5rd, p\u00e5 din terrass eller i din bakg\u00e5rd med denna stiliga terrassb\u00e4nk fr\u00e5n...","og_url":"https:\/\/truusk.store\/sv\/produkt\/truusk-tradgardsbank-2-sits-i-gjutjarn-med-rygg-och-armstod-snabb-dranering-hog-stabilitet-svart-128x585x89-cm\/","og_site_name":"TRUUSK - Hem, Tr\u00e4dg\u00e5rd &amp; Fritid","article_modified_time":"2026-03-12T08:11:25+00:00","og_image":[{"width":2000,"height":2000,"url":"https:\/\/i0.wp.com\/truusk.se\/wp-content\/uploads\/2025\/06\/tradgardsbank-2-sits-gjord-av-gjutjarn-128x585x89-cm-med-rygg-och-armstod-snabb-dranering-och-hog-stabilitet-i-svart-1.webp?fit=2000%2C2000&ssl=1","type":"image\/webp"}],"twitter_card":"summary_large_image","twitter_misc":{"Ber\u00e4knad l\u00e4stid":"1 minut"},"schema":{"@context":"https:\/\/schema.org","@graph":[{"@type":"WebPage","@id":"https:\/\/truusk.store\/sv\/produkt\/truusk-tradgardsbank-2-sits-i-gjutjarn-med-rygg-och-armstod-snabb-dranering-hog-stabilitet-svart-128x585x89-cm\/","url":"https:\/\/truusk.store\/sv\/produkt\/truusk-tradgardsbank-2-sits-i-gjutjarn-med-rygg-och-armstod-snabb-dranering-hog-stabilitet-svart-128x585x89-cm\/","name":"TRUUSK Tr\u00e4dg\u00e5rdsb\u00e4nk 2-sits i Gjutj\u00e4rn - Med Rygg- och Armst\u00f6d - Snabb Dr\u00e4nering - H\u00f6g Stabilitet - Svart - 128x58,5x89 cm - TRUUSK - Hem, Tr\u00e4dg\u00e5rd &amp; Fritid","isPartOf":{"@id":"https:\/\/truusk.store\/sv\/#website"},"primaryImageOfPage":{"@id":"https:\/\/truusk.store\/sv\/produkt\/truusk-tradgardsbank-2-sits-i-gjutjarn-med-rygg-och-armstod-snabb-dranering-hog-stabilitet-svart-128x585x89-cm\/#primaryimage"},"image":{"@id":"https:\/\/truusk.store\/sv\/produkt\/truusk-tradgardsbank-2-sits-i-gjutjarn-med-rygg-och-armstod-snabb-dranering-hog-stabilitet-svart-128x585x89-cm\/#primaryimage"},"thumbnailUrl":"https:\/\/i0.wp.com\/truusk.store\/wp-content\/uploads\/2025\/06\/tradgardsbank-2-sits-gjord-av-gjutjarn-128x585x89-cm-med-rygg-och-armstod-snabb-dranering-och-hog-stabilitet-i-svart-1.webp?fit=2000%2C2000&ssl=1","datePublished":"2025-06-04T21:01:02+00:00","dateModified":"2026-03-12T08:11:25+00:00","breadcrumb":{"@id":"https:\/\/truusk.store\/sv\/produkt\/truusk-tradgardsbank-2-sits-i-gjutjarn-med-rygg-och-armstod-snabb-dranering-hog-stabilitet-svart-128x585x89-cm\/#breadcrumb"},"inLanguage":"sv-SE","potentialAction":[{"@type":"ReadAction","target":["https:\/\/truusk.store\/sv\/produkt\/truusk-tradgardsbank-2-sits-i-gjutjarn-med-rygg-och-armstod-snabb-dranering-hog-stabilitet-svart-128x585x89-cm\/"]}]},{"@type":"ImageObject","inLanguage":"sv-SE","@id":"https:\/\/truusk.store\/sv\/produkt\/truusk-tradgardsbank-2-sits-i-gjutjarn-med-rygg-och-armstod-snabb-dranering-hog-stabilitet-svart-128x585x89-cm\/#primaryimage","url":"https:\/\/i0.wp.com\/truusk.store\/wp-content\/uploads\/2025\/06\/tradgardsbank-2-sits-gjord-av-gjutjarn-128x585x89-cm-med-rygg-och-armstod-snabb-dranering-och-hog-stabilitet-i-svart-1.webp?fit=2000%2C2000&ssl=1","contentUrl":"https:\/\/i0.wp.com\/truusk.store\/wp-content\/uploads\/2025\/06\/tradgardsbank-2-sits-gjord-av-gjutjarn-128x585x89-cm-med-rygg-och-armstod-snabb-dranering-och-hog-stabilitet-i-svart-1.webp?fit=2000%2C2000&ssl=1","width":2000,"height":2000},{"@type":"BreadcrumbList","@id":"https:\/\/truusk.store\/sv\/produkt\/truusk-tradgardsbank-2-sits-i-gjutjarn-med-rygg-och-armstod-snabb-dranering-hog-stabilitet-svart-128x585x89-cm\/#breadcrumb","itemListElement":[{"@type":"ListItem","position":1,"name":"Home","item":"https:\/\/truusk.store\/sv\/"},{"@type":"ListItem","position":2,"name":"Shop","item":"https:\/\/truusk.store\/shop\/"},{"@type":"ListItem","position":3,"name":"TRUUSK Tr\u00e4dg\u00e5rdsb\u00e4nk 2-sits i Gjutj\u00e4rn &#8211; Med Rygg- och Armst\u00f6d &#8211; Snabb Dr\u00e4nering &#8211; H\u00f6g Stabilitet &#8211; Svart &#8211; 128&#215;58,5&#215;89 cm"}]},{"@type":"WebSite","@id":"https:\/\/truusk.store\/sv\/#website","url":"https:\/\/truusk.store\/sv\/","name":"TRUUSK - Hem, Tr\u00e4dg\u00e5rd & Fritid","description":"","publisher":{"@id":"https:\/\/truusk.store\/sv\/#organization"},"potentialAction":[{"@type":"SearchAction","target":{"@type":"EntryPoint","urlTemplate":"https:\/\/truusk.store\/sv\/?s={search_term_string}"},"query-input":{"@type":"PropertyValueSpecification","valueRequired":true,"valueName":"search_term_string"}}],"inLanguage":"sv-SE"},{"@type":"Organization","@id":"https:\/\/truusk.store\/sv\/#organization","name":"TRUUSK - Hem, Tr\u00e4dg\u00e5rd & Fritid","url":"https:\/\/truusk.store\/sv\/","logo":{"@type":"ImageObject","inLanguage":"sv-SE","@id":"https:\/\/truusk.store\/sv\/#\/schema\/logo\/image\/","url":"https:\/\/i0.wp.com\/truusk.store\/wp-content\/uploads\/2026\/03\/cropped-TRUUSK.png?fit=2032%2C917&ssl=1","contentUrl":"https:\/\/i0.wp.com\/truusk.store\/wp-content\/uploads\/2026\/03\/cropped-TRUUSK.png?fit=2032%2C917&ssl=1","width":2032,"height":917,"caption":"TRUUSK - Hem, Tr\u00e4dg\u00e5rd & Fritid"},"image":{"@id":"https:\/\/truusk.store\/sv\/#\/schema\/logo\/image\/"}}]}},"jetpack_sharing_enabled":true,"_links":{"self":[{"href":"https:\/\/truusk.store\/sv\/wp-json\/wp\/v2\/product\/57603","targetHints":{"allow":["GET"]}}],"collection":[{"href":"https:\/\/truusk.store\/sv\/wp-json\/wp\/v2\/product"}],"about":[{"href":"https:\/\/truusk.store\/sv\/wp-json\/wp\/v2\/types\/product"}],"wp:featuredmedia":[{"embeddable":true,"href":"https:\/\/truusk.store\/sv\/wp-json\/wp\/v2\/media\/57593"}],"wp:attachment":[{"href":"https:\/\/truusk.store\/sv\/wp-json\/wp\/v2\/media?parent=57603"}],"wp:term":[{"taxonomy":"product_brand","embeddable":true,"href":"https:\/\/truusk.store\/sv\/wp-json\/wp\/v2\/product_brand?post=57603"},{"taxonomy":"product_cat","embeddable":true,"href":"https:\/\/truusk.store\/sv\/wp-json\/wp\/v2\/product_cat?post=57603"},{"taxonomy":"product_tag","embeddable":true,"href":"https:\/\/truusk.store\/sv\/wp-json\/wp\/v2\/product_tag?post=57603"}],"curies":[{"name":"wp","href":"https:\/\/api.w.org\/{rel}","templated":true}]}}