{"id":57632,"date":"2025-06-04T22:03:40","date_gmt":"2025-06-04T21:03:40","guid":{"rendered":"https:\/\/truusk.store\/product\/blomstall-3-delat-set-i-metall-vaxtstall-for-blomkrukor-upp-till-o16-cm-elegant-blomstall-i-svart\/"},"modified":"2026-03-12T09:12:28","modified_gmt":"2026-03-12T08:12:28","slug":"truusk-blomstall-3-delat-set-i-metall-for-blomkrukor-upp-till-o16-cm-elegant-design-svart","status":"publish","type":"product","link":"https:\/\/truusk.store\/sv\/produkt\/truusk-blomstall-3-delat-set-i-metall-for-blomkrukor-upp-till-o16-cm-elegant-design-svart\/","title":{"rendered":"TRUUSK Blomst\u00e4ll 3-delat Set i Metall &#8211; F\u00f6r blomkrukor upp till \u00d816 cm &#8211; Elegant design &#8211; Svart"},"content":{"rendered":"<p>Med detta v\u00e4xtst\u00e4llset fr\u00e5n TRUUSK kan du placera dina v\u00e4xter smakfullt och dekorativt p\u00e5 din favoritplats. V\u00e4xthyllorna har tre olika utf\u00f6randen: liten, medium och stor. Idealisk som en karakt\u00e4rsfull helhetsensemble i ditt utomhusomr\u00e5de eller utm\u00e4rkt f\u00f6r separat anv\u00e4ndning f\u00f6r att dekorera enskilda rum. Den fina tr\u00e5dramen framh\u00e4ver subtilt den filigrana estetiken hos dina v\u00e4xter, blommor, \u00f6rter eller gr\u00f6dor.<\/p>\n<p>Beskrivning:<\/p>\n<ul>\n<li> Detta 3-delade set inneh\u00e5ller v\u00e4xtst\u00e4ll i olika storlekar, som kan st\u00e4llas upp perfekt som en helhetsensemble eller enskilt<\/li>\n<li> Den smala tr\u00e5dramen erbjuder tillf\u00f6rlitligt st\u00f6d och stabilitet och ger samtidigt en konstn\u00e4rlig, filigran utseende<\/li>\n<li> Ramen av massivt st\u00e5l h\u00e5ller dina k\u00e4nsliga krukv\u00e4xter s\u00e4kra och stabila<\/li>\n<li> Perfekt f\u00f6r inomhus- eller utomhusbruk f\u00f6r att f\u00f6rsk\u00f6na din entr\u00e9, ditt vardagsrum eller din tr\u00e4dg\u00e5rd<\/li>\n<li> Ingen montering kr\u00e4vs<\/li>\n<\/ul>\n<p> Tekniska data:<\/p>\n<ul>\n<li> F\u00e4rg: Svart<\/li>\n<li> Material: St\u00e5l<\/li>\n<li> Totala m\u00e5tt: 21L x 20B x 23,5H cm (liten), 22L x 21B x30H cm (medium), 26L x 23B x 42H cm (stor)<\/li>\n<li> Belastningskapacitet: 10 kg (varje st\u00e4ll)<\/li>\n<li> OBS: L\u00e4mplig f\u00f6r att placera v\u00e4xtkruka mindre \u00e4n \u03a616cm i diameter<\/li>\n<\/ul>\n<p>Leveransinneh\u00e5ll:<\/p>\n<ul>\n<li> 3 x v\u00e4xtst\u00e4ll;<\/li>\n<\/ul>\n","protected":false},"excerpt":{"rendered":"<p>Med detta v\u00e4xtst\u00e4llset fr\u00e5n TRUUSK kan du placera dina v\u00e4xter smakfullt och dekorativt p\u00e5 din favoritplats. V\u00e4xthyllorna har tre olika&#8230;<\/p>\n","protected":false},"featured_media":57623,"template":"","meta":[],"product_brand":[],"product_cat":[924,858,443],"product_tag":[],"class_list":{"0":"post-57632","1":"product","2":"type-product","3":"status-publish","4":"has-post-thumbnail","6":"product_cat-plantkarl","7":"product_cat-tradgard-terrass","8":"product_cat-vaxthus-tradgardsskotsel","10":"first","11":"instock","12":"sale","13":"taxable","14":"shipping-taxable","15":"purchasable","16":"product-type-simple"},"yoast_head":"<!-- This site is optimized with the Yoast SEO plugin v25.4 - https:\/\/yoast.com\/wordpress\/plugins\/seo\/ -->\n<title>TRUUSK Blomst\u00e4ll 3-delat Set i Metall - F\u00f6r blomkrukor upp till \u00d816 cm - Elegant design - Svart - TRUUSK - Hem, Tr\u00e4dg\u00e5rd &amp; Fritid<\/title>\n<meta name=\"robots\" content=\"index, follow, max-snippet:-1, max-image-preview:large, max-video-preview:-1\" \/>\n<link rel=\"canonical\" href=\"https:\/\/truusk.store\/sv\/produkt\/truusk-blomstall-3-delat-set-i-metall-for-blomkrukor-upp-till-o16-cm-elegant-design-svart\/\" \/>\n<meta property=\"og:locale\" content=\"sv_SE\" \/>\n<meta property=\"og:type\" content=\"article\" \/>\n<meta property=\"og:title\" content=\"TRUUSK Blomst\u00e4ll 3-delat Set i Metall - F\u00f6r blomkrukor upp till \u00d816 cm - Elegant design - Svart - TRUUSK - Hem, Tr\u00e4dg\u00e5rd &amp; Fritid\" \/>\n<meta property=\"og:description\" content=\"Med detta v\u00e4xtst\u00e4llset fr\u00e5n TRUUSK kan du placera dina v\u00e4xter smakfullt och dekorativt p\u00e5 din favoritplats. V\u00e4xthyllorna har tre olika...\" \/>\n<meta property=\"og:url\" content=\"https:\/\/truusk.store\/sv\/produkt\/truusk-blomstall-3-delat-set-i-metall-for-blomkrukor-upp-till-o16-cm-elegant-design-svart\/\" \/>\n<meta property=\"og:site_name\" content=\"TRUUSK - Hem, Tr\u00e4dg\u00e5rd &amp; Fritid\" \/>\n<meta property=\"article:modified_time\" content=\"2026-03-12T08:12:28+00:00\" \/>\n<meta property=\"og:image\" content=\"https:\/\/i0.wp.com\/truusk.se\/wp-content\/uploads\/2025\/06\/blomstall-3-delat-set-i-metall-vaxtstall-for-blomkrukor-upp-till-o16-cm-elegant-blomstall-i-svart-1.webp?fit=2000%2C2000&ssl=1\" \/>\n\t<meta property=\"og:image:width\" content=\"2000\" \/>\n\t<meta property=\"og:image:height\" content=\"2000\" \/>\n\t<meta property=\"og:image:type\" content=\"image\/webp\" \/>\n<meta name=\"twitter:card\" content=\"summary_large_image\" \/>\n<meta name=\"twitter:label1\" content=\"Ber\u00e4knad l\u00e4stid\" \/>\n\t<meta name=\"twitter:data1\" content=\"1 minut\" \/>\n<!-- \/ Yoast SEO plugin. -->","yoast_head_json":{"title":"TRUUSK Blomst\u00e4ll 3-delat Set i Metall - F\u00f6r blomkrukor upp till \u00d816 cm - Elegant design - Svart - TRUUSK - Hem, Tr\u00e4dg\u00e5rd &amp; Fritid","robots":{"index":"index","follow":"follow","max-snippet":"max-snippet:-1","max-image-preview":"max-image-preview:large","max-video-preview":"max-video-preview:-1"},"canonical":"https:\/\/truusk.store\/sv\/produkt\/truusk-blomstall-3-delat-set-i-metall-for-blomkrukor-upp-till-o16-cm-elegant-design-svart\/","og_locale":"sv_SE","og_type":"article","og_title":"TRUUSK Blomst\u00e4ll 3-delat Set i Metall - F\u00f6r blomkrukor upp till \u00d816 cm - Elegant design - Svart - TRUUSK - Hem, Tr\u00e4dg\u00e5rd &amp; Fritid","og_description":"Med detta v\u00e4xtst\u00e4llset fr\u00e5n TRUUSK kan du placera dina v\u00e4xter smakfullt och dekorativt p\u00e5 din favoritplats. V\u00e4xthyllorna har tre olika...","og_url":"https:\/\/truusk.store\/sv\/produkt\/truusk-blomstall-3-delat-set-i-metall-for-blomkrukor-upp-till-o16-cm-elegant-design-svart\/","og_site_name":"TRUUSK - Hem, Tr\u00e4dg\u00e5rd &amp; Fritid","article_modified_time":"2026-03-12T08:12:28+00:00","og_image":[{"width":2000,"height":2000,"url":"https:\/\/i0.wp.com\/truusk.se\/wp-content\/uploads\/2025\/06\/blomstall-3-delat-set-i-metall-vaxtstall-for-blomkrukor-upp-till-o16-cm-elegant-blomstall-i-svart-1.webp?fit=2000%2C2000&ssl=1","type":"image\/webp"}],"twitter_card":"summary_large_image","twitter_misc":{"Ber\u00e4knad l\u00e4stid":"1 minut"},"schema":{"@context":"https:\/\/schema.org","@graph":[{"@type":"WebPage","@id":"https:\/\/truusk.store\/sv\/produkt\/truusk-blomstall-3-delat-set-i-metall-for-blomkrukor-upp-till-o16-cm-elegant-design-svart\/","url":"https:\/\/truusk.store\/sv\/produkt\/truusk-blomstall-3-delat-set-i-metall-for-blomkrukor-upp-till-o16-cm-elegant-design-svart\/","name":"TRUUSK Blomst\u00e4ll 3-delat Set i Metall - F\u00f6r blomkrukor upp till \u00d816 cm - Elegant design - Svart - TRUUSK - Hem, Tr\u00e4dg\u00e5rd &amp; Fritid","isPartOf":{"@id":"https:\/\/truusk.store\/sv\/#website"},"primaryImageOfPage":{"@id":"https:\/\/truusk.store\/sv\/produkt\/truusk-blomstall-3-delat-set-i-metall-for-blomkrukor-upp-till-o16-cm-elegant-design-svart\/#primaryimage"},"image":{"@id":"https:\/\/truusk.store\/sv\/produkt\/truusk-blomstall-3-delat-set-i-metall-for-blomkrukor-upp-till-o16-cm-elegant-design-svart\/#primaryimage"},"thumbnailUrl":"https:\/\/i0.wp.com\/truusk.store\/wp-content\/uploads\/2025\/06\/blomstall-3-delat-set-i-metall-vaxtstall-for-blomkrukor-upp-till-o16-cm-elegant-blomstall-i-svart-1.webp?fit=2000%2C2000&ssl=1","datePublished":"2025-06-04T21:03:40+00:00","dateModified":"2026-03-12T08:12:28+00:00","breadcrumb":{"@id":"https:\/\/truusk.store\/sv\/produkt\/truusk-blomstall-3-delat-set-i-metall-for-blomkrukor-upp-till-o16-cm-elegant-design-svart\/#breadcrumb"},"inLanguage":"sv-SE","potentialAction":[{"@type":"ReadAction","target":["https:\/\/truusk.store\/sv\/produkt\/truusk-blomstall-3-delat-set-i-metall-for-blomkrukor-upp-till-o16-cm-elegant-design-svart\/"]}]},{"@type":"ImageObject","inLanguage":"sv-SE","@id":"https:\/\/truusk.store\/sv\/produkt\/truusk-blomstall-3-delat-set-i-metall-for-blomkrukor-upp-till-o16-cm-elegant-design-svart\/#primaryimage","url":"https:\/\/i0.wp.com\/truusk.store\/wp-content\/uploads\/2025\/06\/blomstall-3-delat-set-i-metall-vaxtstall-for-blomkrukor-upp-till-o16-cm-elegant-blomstall-i-svart-1.webp?fit=2000%2C2000&ssl=1","contentUrl":"https:\/\/i0.wp.com\/truusk.store\/wp-content\/uploads\/2025\/06\/blomstall-3-delat-set-i-metall-vaxtstall-for-blomkrukor-upp-till-o16-cm-elegant-blomstall-i-svart-1.webp?fit=2000%2C2000&ssl=1","width":2000,"height":2000},{"@type":"BreadcrumbList","@id":"https:\/\/truusk.store\/sv\/produkt\/truusk-blomstall-3-delat-set-i-metall-for-blomkrukor-upp-till-o16-cm-elegant-design-svart\/#breadcrumb","itemListElement":[{"@type":"ListItem","position":1,"name":"Home","item":"https:\/\/truusk.store\/sv\/"},{"@type":"ListItem","position":2,"name":"Shop","item":"https:\/\/truusk.store\/shop\/"},{"@type":"ListItem","position":3,"name":"TRUUSK Blomst\u00e4ll 3-delat Set i Metall &#8211; F\u00f6r blomkrukor upp till \u00d816 cm &#8211; Elegant design &#8211; Svart"}]},{"@type":"WebSite","@id":"https:\/\/truusk.store\/sv\/#website","url":"https:\/\/truusk.store\/sv\/","name":"TRUUSK - Hem, Tr\u00e4dg\u00e5rd & Fritid","description":"","publisher":{"@id":"https:\/\/truusk.store\/sv\/#organization"},"potentialAction":[{"@type":"SearchAction","target":{"@type":"EntryPoint","urlTemplate":"https:\/\/truusk.store\/sv\/?s={search_term_string}"},"query-input":{"@type":"PropertyValueSpecification","valueRequired":true,"valueName":"search_term_string"}}],"inLanguage":"sv-SE"},{"@type":"Organization","@id":"https:\/\/truusk.store\/sv\/#organization","name":"TRUUSK - Hem, Tr\u00e4dg\u00e5rd & Fritid","url":"https:\/\/truusk.store\/sv\/","logo":{"@type":"ImageObject","inLanguage":"sv-SE","@id":"https:\/\/truusk.store\/sv\/#\/schema\/logo\/image\/","url":"https:\/\/i0.wp.com\/truusk.store\/wp-content\/uploads\/2026\/03\/cropped-TRUUSK.png?fit=2032%2C917&ssl=1","contentUrl":"https:\/\/i0.wp.com\/truusk.store\/wp-content\/uploads\/2026\/03\/cropped-TRUUSK.png?fit=2032%2C917&ssl=1","width":2032,"height":917,"caption":"TRUUSK - Hem, Tr\u00e4dg\u00e5rd & Fritid"},"image":{"@id":"https:\/\/truusk.store\/sv\/#\/schema\/logo\/image\/"}}]}},"jetpack_sharing_enabled":true,"_links":{"self":[{"href":"https:\/\/truusk.store\/sv\/wp-json\/wp\/v2\/product\/57632","targetHints":{"allow":["GET"]}}],"collection":[{"href":"https:\/\/truusk.store\/sv\/wp-json\/wp\/v2\/product"}],"about":[{"href":"https:\/\/truusk.store\/sv\/wp-json\/wp\/v2\/types\/product"}],"wp:featuredmedia":[{"embeddable":true,"href":"https:\/\/truusk.store\/sv\/wp-json\/wp\/v2\/media\/57623"}],"wp:attachment":[{"href":"https:\/\/truusk.store\/sv\/wp-json\/wp\/v2\/media?parent=57632"}],"wp:term":[{"taxonomy":"product_brand","embeddable":true,"href":"https:\/\/truusk.store\/sv\/wp-json\/wp\/v2\/product_brand?post=57632"},{"taxonomy":"product_cat","embeddable":true,"href":"https:\/\/truusk.store\/sv\/wp-json\/wp\/v2\/product_cat?post=57632"},{"taxonomy":"product_tag","embeddable":true,"href":"https:\/\/truusk.store\/sv\/wp-json\/wp\/v2\/product_tag?post=57632"}],"curies":[{"name":"wp","href":"https:\/\/api.w.org\/{rel}","templated":true}]}}