{"id":57672,"date":"2025-06-04T22:07:35","date_gmt":"2025-06-04T21:07:35","guid":{"rendered":"https:\/\/truusk.store\/product\/lutande-parasoll-tradgardsparasoll-200-x-150-cm-3-stegs-justerbar-av-gran-och-polyester-i-kaffe\/"},"modified":"2026-03-12T09:00:32","modified_gmt":"2026-03-12T08:00:32","slug":"truusk-lutande-tradgardsparasoll-200x150-cm-justerbar-i-3-lagen-gran-och-polyester-kaffe","status":"publish","type":"product","link":"https:\/\/truusk.store\/sv\/produkt\/truusk-lutande-tradgardsparasoll-200x150-cm-justerbar-i-3-lagen-gran-och-polyester-kaffe\/","title":{"rendered":"TRUUSK Lutande Tr\u00e4dg\u00e5rdsparasoll 200&#215;150 cm &#8211; Justerbar i 3 L\u00e4gen &#8211; Gran och Polyester &#8211; Kaffe"},"content":{"rendered":"<p>Den rektangul\u00e4ra parasollen fr\u00e5n TRUUSK \u00e4r idealisk f\u00f6r din balkong, tr\u00e4dg\u00e5rd, terrass eller strand. Mittenst\u00e5ngen \u00e4r gjord av stabilt grantr\u00e4 och har en lutningsanordning. P\u00e5 s\u00e5 s\u00e4tt kan du alltid justera parasollen enligt solens position och dina behov. Med denna praktiska och vackra parasoll kan du njuta av den varma s\u00e4songen till fullo.<\/p>\n<p>Beskrivning:<\/p>\n<ul>\n<li> Parasoll med lutningsanordning f\u00f6r balkong, tr\u00e4dg\u00e5rd och terrass<\/li>\n<li> Parasollst\u00e5ng av grantr\u00e4, mycket robust<\/li>\n<li> 6 bambuspr\u00f6t f\u00f6r h\u00f6g stabilitet<\/li>\n<li> Parasoll\u00f6verdrag av polyester, vattenavvisande och UV-resistent<\/li>\n<li> Repdragningssystem f\u00f6r enkel \u00f6ppning och st\u00e4ngning<\/li>\n<li> Ytterligare stabilitet kan uppn\u00e5s till exempel genom att anv\u00e4nda ett bord med parasollh\u00e5llare, en bas eller en parasollst\u00e4llning.<\/li>\n<\/ul>\n<p> Tekniska data:<\/p>\n<ul>\n<li> Material: Grantr\u00e4 (parasollst\u00e5ng), bambu (spr\u00f6t), polyester (180 g\/m\u00b2)<\/li>\n<li> Storlek: L200 x B150 x H235 cm<\/li>\n<li> R\u00f6rdiameter: 38 mm<\/li>\n<li> Antal spr\u00f6t: 6<\/li>\n<li> Vikt: ca. 4,5 kg<\/li>\n<li> F\u00e4rg: Kaffe<\/li>\n<li> Obs: Endast parasoll. F\u00f6r optimal stabilitet rekommenderas en 15 kg tung parasollst\u00e4llning<\/li>\n<\/ul>\n<p>Leveransinneh\u00e5ll:<\/p>\n<ul>\n<li> 1 x Parasoll<\/li>\n<li> Obs: Parasollst\u00e4llning ing\u00e5r inte i leveransen<\/li>\n<\/ul>\n","protected":false},"excerpt":{"rendered":"<p>Den rektangul\u00e4ra parasollen fr\u00e5n TRUUSK \u00e4r idealisk f\u00f6r din balkong, tr\u00e4dg\u00e5rd, terrass eller strand. Mittenst\u00e5ngen \u00e4r gjord av stabilt grantr\u00e4&#8230;<\/p>\n","protected":false},"featured_media":57663,"template":"","meta":[],"product_brand":[],"product_cat":[472,862,858],"product_tag":[],"class_list":{"0":"post-57672","1":"product","2":"type-product","3":"status-publish","4":"has-post-thumbnail","6":"product_cat-parasoller","7":"product_cat-sol-insynsskydd","8":"product_cat-tradgard-terrass","10":"first","11":"instock","12":"sale","13":"taxable","14":"shipping-taxable","15":"purchasable","16":"product-type-simple"},"yoast_head":"<!-- This site is optimized with the Yoast SEO plugin v25.4 - https:\/\/yoast.com\/wordpress\/plugins\/seo\/ -->\n<title>TRUUSK Lutande Tr\u00e4dg\u00e5rdsparasoll 200x150 cm - Justerbar i 3 L\u00e4gen - Gran och Polyester - Kaffe - TRUUSK - Hem, Tr\u00e4dg\u00e5rd &amp; Fritid<\/title>\n<meta name=\"robots\" content=\"index, follow, max-snippet:-1, max-image-preview:large, max-video-preview:-1\" \/>\n<link rel=\"canonical\" href=\"https:\/\/truusk.store\/sv\/produkt\/truusk-lutande-tradgardsparasoll-200x150-cm-justerbar-i-3-lagen-gran-och-polyester-kaffe\/\" \/>\n<meta property=\"og:locale\" content=\"sv_SE\" \/>\n<meta property=\"og:type\" content=\"article\" \/>\n<meta property=\"og:title\" content=\"TRUUSK Lutande Tr\u00e4dg\u00e5rdsparasoll 200x150 cm - Justerbar i 3 L\u00e4gen - Gran och Polyester - Kaffe - TRUUSK - Hem, Tr\u00e4dg\u00e5rd &amp; Fritid\" \/>\n<meta property=\"og:description\" content=\"Den rektangul\u00e4ra parasollen fr\u00e5n TRUUSK \u00e4r idealisk f\u00f6r din balkong, tr\u00e4dg\u00e5rd, terrass eller strand. Mittenst\u00e5ngen \u00e4r gjord av stabilt grantr\u00e4...\" \/>\n<meta property=\"og:url\" content=\"https:\/\/truusk.store\/sv\/produkt\/truusk-lutande-tradgardsparasoll-200x150-cm-justerbar-i-3-lagen-gran-och-polyester-kaffe\/\" \/>\n<meta property=\"og:site_name\" content=\"TRUUSK - Hem, Tr\u00e4dg\u00e5rd &amp; Fritid\" \/>\n<meta property=\"article:modified_time\" content=\"2026-03-12T08:00:32+00:00\" \/>\n<meta property=\"og:image\" content=\"https:\/\/i0.wp.com\/truusk.se\/wp-content\/uploads\/2025\/06\/lutande-parasoll-tradgardsparasoll-200-x-150-cm-3-stegs-justerbar-av-gran-och-polyester-i-kaffe-1.webp?fit=2000%2C2000&ssl=1\" \/>\n\t<meta property=\"og:image:width\" content=\"2000\" \/>\n\t<meta property=\"og:image:height\" content=\"2000\" \/>\n\t<meta property=\"og:image:type\" content=\"image\/webp\" \/>\n<meta name=\"twitter:card\" content=\"summary_large_image\" \/>\n<meta name=\"twitter:label1\" content=\"Ber\u00e4knad l\u00e4stid\" \/>\n\t<meta name=\"twitter:data1\" content=\"1 minut\" \/>\n<!-- \/ Yoast SEO plugin. -->","yoast_head_json":{"title":"TRUUSK Lutande Tr\u00e4dg\u00e5rdsparasoll 200x150 cm - Justerbar i 3 L\u00e4gen - Gran och Polyester - Kaffe - TRUUSK - Hem, Tr\u00e4dg\u00e5rd &amp; Fritid","robots":{"index":"index","follow":"follow","max-snippet":"max-snippet:-1","max-image-preview":"max-image-preview:large","max-video-preview":"max-video-preview:-1"},"canonical":"https:\/\/truusk.store\/sv\/produkt\/truusk-lutande-tradgardsparasoll-200x150-cm-justerbar-i-3-lagen-gran-och-polyester-kaffe\/","og_locale":"sv_SE","og_type":"article","og_title":"TRUUSK Lutande Tr\u00e4dg\u00e5rdsparasoll 200x150 cm - Justerbar i 3 L\u00e4gen - Gran och Polyester - Kaffe - TRUUSK - Hem, Tr\u00e4dg\u00e5rd &amp; Fritid","og_description":"Den rektangul\u00e4ra parasollen fr\u00e5n TRUUSK \u00e4r idealisk f\u00f6r din balkong, tr\u00e4dg\u00e5rd, terrass eller strand. Mittenst\u00e5ngen \u00e4r gjord av stabilt grantr\u00e4...","og_url":"https:\/\/truusk.store\/sv\/produkt\/truusk-lutande-tradgardsparasoll-200x150-cm-justerbar-i-3-lagen-gran-och-polyester-kaffe\/","og_site_name":"TRUUSK - Hem, Tr\u00e4dg\u00e5rd &amp; Fritid","article_modified_time":"2026-03-12T08:00:32+00:00","og_image":[{"width":2000,"height":2000,"url":"https:\/\/i0.wp.com\/truusk.se\/wp-content\/uploads\/2025\/06\/lutande-parasoll-tradgardsparasoll-200-x-150-cm-3-stegs-justerbar-av-gran-och-polyester-i-kaffe-1.webp?fit=2000%2C2000&ssl=1","type":"image\/webp"}],"twitter_card":"summary_large_image","twitter_misc":{"Ber\u00e4knad l\u00e4stid":"1 minut"},"schema":{"@context":"https:\/\/schema.org","@graph":[{"@type":"WebPage","@id":"https:\/\/truusk.store\/sv\/produkt\/truusk-lutande-tradgardsparasoll-200x150-cm-justerbar-i-3-lagen-gran-och-polyester-kaffe\/","url":"https:\/\/truusk.store\/sv\/produkt\/truusk-lutande-tradgardsparasoll-200x150-cm-justerbar-i-3-lagen-gran-och-polyester-kaffe\/","name":"TRUUSK Lutande Tr\u00e4dg\u00e5rdsparasoll 200x150 cm - Justerbar i 3 L\u00e4gen - Gran och Polyester - Kaffe - TRUUSK - Hem, Tr\u00e4dg\u00e5rd &amp; Fritid","isPartOf":{"@id":"https:\/\/truusk.store\/sv\/#website"},"primaryImageOfPage":{"@id":"https:\/\/truusk.store\/sv\/produkt\/truusk-lutande-tradgardsparasoll-200x150-cm-justerbar-i-3-lagen-gran-och-polyester-kaffe\/#primaryimage"},"image":{"@id":"https:\/\/truusk.store\/sv\/produkt\/truusk-lutande-tradgardsparasoll-200x150-cm-justerbar-i-3-lagen-gran-och-polyester-kaffe\/#primaryimage"},"thumbnailUrl":"https:\/\/i0.wp.com\/truusk.store\/wp-content\/uploads\/2025\/06\/lutande-parasoll-tradgardsparasoll-200-x-150-cm-3-stegs-justerbar-av-gran-och-polyester-i-kaffe-1.webp?fit=2000%2C2000&ssl=1","datePublished":"2025-06-04T21:07:35+00:00","dateModified":"2026-03-12T08:00:32+00:00","breadcrumb":{"@id":"https:\/\/truusk.store\/sv\/produkt\/truusk-lutande-tradgardsparasoll-200x150-cm-justerbar-i-3-lagen-gran-och-polyester-kaffe\/#breadcrumb"},"inLanguage":"sv-SE","potentialAction":[{"@type":"ReadAction","target":["https:\/\/truusk.store\/sv\/produkt\/truusk-lutande-tradgardsparasoll-200x150-cm-justerbar-i-3-lagen-gran-och-polyester-kaffe\/"]}]},{"@type":"ImageObject","inLanguage":"sv-SE","@id":"https:\/\/truusk.store\/sv\/produkt\/truusk-lutande-tradgardsparasoll-200x150-cm-justerbar-i-3-lagen-gran-och-polyester-kaffe\/#primaryimage","url":"https:\/\/i0.wp.com\/truusk.store\/wp-content\/uploads\/2025\/06\/lutande-parasoll-tradgardsparasoll-200-x-150-cm-3-stegs-justerbar-av-gran-och-polyester-i-kaffe-1.webp?fit=2000%2C2000&ssl=1","contentUrl":"https:\/\/i0.wp.com\/truusk.store\/wp-content\/uploads\/2025\/06\/lutande-parasoll-tradgardsparasoll-200-x-150-cm-3-stegs-justerbar-av-gran-och-polyester-i-kaffe-1.webp?fit=2000%2C2000&ssl=1","width":2000,"height":2000},{"@type":"BreadcrumbList","@id":"https:\/\/truusk.store\/sv\/produkt\/truusk-lutande-tradgardsparasoll-200x150-cm-justerbar-i-3-lagen-gran-och-polyester-kaffe\/#breadcrumb","itemListElement":[{"@type":"ListItem","position":1,"name":"Home","item":"https:\/\/truusk.store\/sv\/"},{"@type":"ListItem","position":2,"name":"Shop","item":"https:\/\/truusk.store\/shop\/"},{"@type":"ListItem","position":3,"name":"TRUUSK Lutande Tr\u00e4dg\u00e5rdsparasoll 200&#215;150 cm &#8211; Justerbar i 3 L\u00e4gen &#8211; Gran och Polyester &#8211; Kaffe"}]},{"@type":"WebSite","@id":"https:\/\/truusk.store\/sv\/#website","url":"https:\/\/truusk.store\/sv\/","name":"TRUUSK - Hem, Tr\u00e4dg\u00e5rd & Fritid","description":"","publisher":{"@id":"https:\/\/truusk.store\/sv\/#organization"},"potentialAction":[{"@type":"SearchAction","target":{"@type":"EntryPoint","urlTemplate":"https:\/\/truusk.store\/sv\/?s={search_term_string}"},"query-input":{"@type":"PropertyValueSpecification","valueRequired":true,"valueName":"search_term_string"}}],"inLanguage":"sv-SE"},{"@type":"Organization","@id":"https:\/\/truusk.store\/sv\/#organization","name":"TRUUSK - Hem, Tr\u00e4dg\u00e5rd & Fritid","url":"https:\/\/truusk.store\/sv\/","logo":{"@type":"ImageObject","inLanguage":"sv-SE","@id":"https:\/\/truusk.store\/sv\/#\/schema\/logo\/image\/","url":"https:\/\/i0.wp.com\/truusk.store\/wp-content\/uploads\/2026\/03\/cropped-TRUUSK.png?fit=2032%2C917&ssl=1","contentUrl":"https:\/\/i0.wp.com\/truusk.store\/wp-content\/uploads\/2026\/03\/cropped-TRUUSK.png?fit=2032%2C917&ssl=1","width":2032,"height":917,"caption":"TRUUSK - Hem, Tr\u00e4dg\u00e5rd & Fritid"},"image":{"@id":"https:\/\/truusk.store\/sv\/#\/schema\/logo\/image\/"}}]}},"jetpack_sharing_enabled":true,"_links":{"self":[{"href":"https:\/\/truusk.store\/sv\/wp-json\/wp\/v2\/product\/57672","targetHints":{"allow":["GET"]}}],"collection":[{"href":"https:\/\/truusk.store\/sv\/wp-json\/wp\/v2\/product"}],"about":[{"href":"https:\/\/truusk.store\/sv\/wp-json\/wp\/v2\/types\/product"}],"wp:featuredmedia":[{"embeddable":true,"href":"https:\/\/truusk.store\/sv\/wp-json\/wp\/v2\/media\/57663"}],"wp:attachment":[{"href":"https:\/\/truusk.store\/sv\/wp-json\/wp\/v2\/media?parent=57672"}],"wp:term":[{"taxonomy":"product_brand","embeddable":true,"href":"https:\/\/truusk.store\/sv\/wp-json\/wp\/v2\/product_brand?post=57672"},{"taxonomy":"product_cat","embeddable":true,"href":"https:\/\/truusk.store\/sv\/wp-json\/wp\/v2\/product_cat?post=57672"},{"taxonomy":"product_tag","embeddable":true,"href":"https:\/\/truusk.store\/sv\/wp-json\/wp\/v2\/product_tag?post=57672"}],"curies":[{"name":"wp","href":"https:\/\/api.w.org\/{rel}","templated":true}]}}