{"id":57712,"date":"2025-06-04T22:11:31","date_gmt":"2025-06-04T21:11:31","guid":{"rendered":"https:\/\/truusk.store\/product\/camping-tvattstall-17l-handtvattstall-med-avloppstank-diskbank-med-dispenser-hdpe-gra-83x50x103-cm-for-utomhusbruk\/"},"modified":"2026-03-12T09:04:05","modified_gmt":"2026-03-12T08:04:05","slug":"truusk-camping-handtvattstall-17l-med-avloppstank-diskbank-dispenser-hdpe-gra-83x50x103-cm-utomhusbruk","status":"publish","type":"product","link":"https:\/\/truusk.store\/sv\/produkt\/truusk-camping-handtvattstall-17l-med-avloppstank-diskbank-dispenser-hdpe-gra-83x50x103-cm-utomhusbruk\/","title":{"rendered":"TRUUSK Camping Handtv\u00e4ttst\u00e4ll 17L &#8211; Med Avloppstank &#8211; Diskb\u00e4nk &#8211; Dispenser &#8211; HDPE &#8211; Gr\u00e5 &#8211; 83x50x103 Cm &#8211; Utomhusbruk"},"content":{"rendered":"<p>Uppt\u00e4ck friheten med mobil handtv\u00e4tt med TRUUSK! V\u00e5rt b\u00e4rbara handfat f\u00f6r utomhusbruk med \u00e5tervinningsbeh\u00e5llare \u00e4r den idealiska l\u00f6sningen f\u00f6r resan. Tack vare det inbyggda handtaget och de praktiska hjulen kan du enkelt ta det med dig \u00f6verallt. Oavsett om du deltar i utomhusevenemang, arbetar p\u00e5 byggarbetsplatser eller campar &#8211; detta handfat ger dig alltid ren hygien, bara ett handtag bort.<\/p>\n<p>Beskrivning:<\/p>\n<ul>\n<li> Tillverkad av HDPE, &#8211; Materialet \u00e4r stabilt och robust<\/li>\n<li> Med en 17 L vattentank<\/li>\n<li> Perfekt f\u00f6r camping, vandring eller grillning<\/li>\n<li> \u00c5tervinningsbeh\u00e5llaren rymmer ca 24 L<\/li>\n<li>L\u00e4tt och enkelt att transportera, med f\u00e4sta hjul<\/li>\n<li> Enkel montering, inga verktyg beh\u00f6vs<\/li>\n<\/ul>\n<p>Tekniska data:<\/p>\n<ul>\n<li> Material: HDPE<\/li>\n<li> F\u00e4rg: Gr\u00e5<\/li>\n<li> Totala m\u00e5tt: 83L x 50B x 103H cm<\/li>\n<li> M\u00e5tt p\u00e5 vattentanken: 51L x 33,5B x 17H cm<\/li>\n<li> M\u00e5tt p\u00e5 handfatet: 32,5L x 24B cm<\/li>\n<li> M\u00e5tt p\u00e5 \u00e5tervinningsbeh\u00e5llaren: 50L x 32B x 24H cm<\/li>\n<li> Vattenfl\u00f6de (varje pump): 0,18 L<\/li>\n<li> Vattentankens kapacitet: 17 L<\/li>\n<li> \u00c5tervinningsbeh\u00e5llarens kapacitet: 24 L<\/li>\n<li> 2 x hjulstorlek: \u00d84,5 cm<\/li>\n<\/ul>\n<p>Leveransinneh\u00e5ll:<\/p>\n<ul>\n<li> Campinghandfat<\/li>\n<li> Instruktioner<\/li>\n<\/ul>\n","protected":false},"excerpt":{"rendered":"<p>Uppt\u00e4ck friheten med mobil handtv\u00e4tt med TRUUSK! V\u00e5rt b\u00e4rbara handfat f\u00f6r utomhusbruk med \u00e5tervinningsbeh\u00e5llare \u00e4r den idealiska l\u00f6sningen f\u00f6r resan&#8230;.<\/p>\n","protected":false},"featured_media":57703,"template":"","meta":[],"product_brand":[],"product_cat":[648,647],"product_tag":[],"class_list":{"0":"post-57712","1":"product","2":"type-product","3":"status-publish","4":"has-post-thumbnail","6":"product_cat-camping-tillbehor","7":"product_cat-sport-fritid","9":"first","10":"instock","11":"sale","12":"taxable","13":"shipping-taxable","14":"purchasable","15":"product-type-simple"},"yoast_head":"<!-- This site is optimized with the Yoast SEO plugin v25.4 - https:\/\/yoast.com\/wordpress\/plugins\/seo\/ -->\n<title>TRUUSK Camping Handtv\u00e4ttst\u00e4ll 17L - Med Avloppstank - Diskb\u00e4nk - Dispenser - HDPE - Gr\u00e5 - 83x50x103 Cm - Utomhusbruk - TRUUSK - Hem, Tr\u00e4dg\u00e5rd &amp; Fritid<\/title>\n<meta name=\"robots\" content=\"index, follow, max-snippet:-1, max-image-preview:large, max-video-preview:-1\" \/>\n<link rel=\"canonical\" href=\"https:\/\/truusk.store\/sv\/produkt\/truusk-camping-handtvattstall-17l-med-avloppstank-diskbank-dispenser-hdpe-gra-83x50x103-cm-utomhusbruk\/\" \/>\n<meta property=\"og:locale\" content=\"sv_SE\" \/>\n<meta property=\"og:type\" content=\"article\" \/>\n<meta property=\"og:title\" content=\"TRUUSK Camping Handtv\u00e4ttst\u00e4ll 17L - Med Avloppstank - Diskb\u00e4nk - Dispenser - HDPE - Gr\u00e5 - 83x50x103 Cm - Utomhusbruk - TRUUSK - Hem, Tr\u00e4dg\u00e5rd &amp; Fritid\" \/>\n<meta property=\"og:description\" content=\"Uppt\u00e4ck friheten med mobil handtv\u00e4tt med TRUUSK! V\u00e5rt b\u00e4rbara handfat f\u00f6r utomhusbruk med \u00e5tervinningsbeh\u00e5llare \u00e4r den idealiska l\u00f6sningen f\u00f6r resan....\" \/>\n<meta property=\"og:url\" content=\"https:\/\/truusk.store\/sv\/produkt\/truusk-camping-handtvattstall-17l-med-avloppstank-diskbank-dispenser-hdpe-gra-83x50x103-cm-utomhusbruk\/\" \/>\n<meta property=\"og:site_name\" content=\"TRUUSK - Hem, Tr\u00e4dg\u00e5rd &amp; Fritid\" \/>\n<meta property=\"article:modified_time\" content=\"2026-03-12T08:04:05+00:00\" \/>\n<meta property=\"og:image\" content=\"https:\/\/i0.wp.com\/truusk.se\/wp-content\/uploads\/2025\/06\/camping-tvattstall-17l-handtvattstall-med-avloppstank-diskbank-med-dispenser-hdpe-gra-83x50x103-cm-for-utomhusbruk-1.webp?fit=2000%2C2000&ssl=1\" \/>\n\t<meta property=\"og:image:width\" content=\"2000\" \/>\n\t<meta property=\"og:image:height\" content=\"2000\" \/>\n\t<meta property=\"og:image:type\" content=\"image\/webp\" \/>\n<meta name=\"twitter:card\" content=\"summary_large_image\" \/>\n<meta name=\"twitter:label1\" content=\"Ber\u00e4knad l\u00e4stid\" \/>\n\t<meta name=\"twitter:data1\" content=\"1 minut\" \/>\n<!-- \/ Yoast SEO plugin. -->","yoast_head_json":{"title":"TRUUSK Camping Handtv\u00e4ttst\u00e4ll 17L - Med Avloppstank - Diskb\u00e4nk - Dispenser - HDPE - Gr\u00e5 - 83x50x103 Cm - Utomhusbruk - TRUUSK - Hem, Tr\u00e4dg\u00e5rd &amp; Fritid","robots":{"index":"index","follow":"follow","max-snippet":"max-snippet:-1","max-image-preview":"max-image-preview:large","max-video-preview":"max-video-preview:-1"},"canonical":"https:\/\/truusk.store\/sv\/produkt\/truusk-camping-handtvattstall-17l-med-avloppstank-diskbank-dispenser-hdpe-gra-83x50x103-cm-utomhusbruk\/","og_locale":"sv_SE","og_type":"article","og_title":"TRUUSK Camping Handtv\u00e4ttst\u00e4ll 17L - Med Avloppstank - Diskb\u00e4nk - Dispenser - HDPE - Gr\u00e5 - 83x50x103 Cm - Utomhusbruk - TRUUSK - Hem, Tr\u00e4dg\u00e5rd &amp; Fritid","og_description":"Uppt\u00e4ck friheten med mobil handtv\u00e4tt med TRUUSK! V\u00e5rt b\u00e4rbara handfat f\u00f6r utomhusbruk med \u00e5tervinningsbeh\u00e5llare \u00e4r den idealiska l\u00f6sningen f\u00f6r resan....","og_url":"https:\/\/truusk.store\/sv\/produkt\/truusk-camping-handtvattstall-17l-med-avloppstank-diskbank-dispenser-hdpe-gra-83x50x103-cm-utomhusbruk\/","og_site_name":"TRUUSK - Hem, Tr\u00e4dg\u00e5rd &amp; Fritid","article_modified_time":"2026-03-12T08:04:05+00:00","og_image":[{"width":2000,"height":2000,"url":"https:\/\/i0.wp.com\/truusk.se\/wp-content\/uploads\/2025\/06\/camping-tvattstall-17l-handtvattstall-med-avloppstank-diskbank-med-dispenser-hdpe-gra-83x50x103-cm-for-utomhusbruk-1.webp?fit=2000%2C2000&ssl=1","type":"image\/webp"}],"twitter_card":"summary_large_image","twitter_misc":{"Ber\u00e4knad l\u00e4stid":"1 minut"},"schema":{"@context":"https:\/\/schema.org","@graph":[{"@type":"WebPage","@id":"https:\/\/truusk.store\/sv\/produkt\/truusk-camping-handtvattstall-17l-med-avloppstank-diskbank-dispenser-hdpe-gra-83x50x103-cm-utomhusbruk\/","url":"https:\/\/truusk.store\/sv\/produkt\/truusk-camping-handtvattstall-17l-med-avloppstank-diskbank-dispenser-hdpe-gra-83x50x103-cm-utomhusbruk\/","name":"TRUUSK Camping Handtv\u00e4ttst\u00e4ll 17L - Med Avloppstank - Diskb\u00e4nk - Dispenser - HDPE - Gr\u00e5 - 83x50x103 Cm - Utomhusbruk - TRUUSK - Hem, Tr\u00e4dg\u00e5rd &amp; Fritid","isPartOf":{"@id":"https:\/\/truusk.store\/sv\/#website"},"primaryImageOfPage":{"@id":"https:\/\/truusk.store\/sv\/produkt\/truusk-camping-handtvattstall-17l-med-avloppstank-diskbank-dispenser-hdpe-gra-83x50x103-cm-utomhusbruk\/#primaryimage"},"image":{"@id":"https:\/\/truusk.store\/sv\/produkt\/truusk-camping-handtvattstall-17l-med-avloppstank-diskbank-dispenser-hdpe-gra-83x50x103-cm-utomhusbruk\/#primaryimage"},"thumbnailUrl":"https:\/\/i0.wp.com\/truusk.store\/wp-content\/uploads\/2025\/06\/camping-tvattstall-17l-handtvattstall-med-avloppstank-diskbank-med-dispenser-hdpe-gra-83x50x103-cm-for-utomhusbruk-1.webp?fit=2000%2C2000&ssl=1","datePublished":"2025-06-04T21:11:31+00:00","dateModified":"2026-03-12T08:04:05+00:00","breadcrumb":{"@id":"https:\/\/truusk.store\/sv\/produkt\/truusk-camping-handtvattstall-17l-med-avloppstank-diskbank-dispenser-hdpe-gra-83x50x103-cm-utomhusbruk\/#breadcrumb"},"inLanguage":"sv-SE","potentialAction":[{"@type":"ReadAction","target":["https:\/\/truusk.store\/sv\/produkt\/truusk-camping-handtvattstall-17l-med-avloppstank-diskbank-dispenser-hdpe-gra-83x50x103-cm-utomhusbruk\/"]}]},{"@type":"ImageObject","inLanguage":"sv-SE","@id":"https:\/\/truusk.store\/sv\/produkt\/truusk-camping-handtvattstall-17l-med-avloppstank-diskbank-dispenser-hdpe-gra-83x50x103-cm-utomhusbruk\/#primaryimage","url":"https:\/\/i0.wp.com\/truusk.store\/wp-content\/uploads\/2025\/06\/camping-tvattstall-17l-handtvattstall-med-avloppstank-diskbank-med-dispenser-hdpe-gra-83x50x103-cm-for-utomhusbruk-1.webp?fit=2000%2C2000&ssl=1","contentUrl":"https:\/\/i0.wp.com\/truusk.store\/wp-content\/uploads\/2025\/06\/camping-tvattstall-17l-handtvattstall-med-avloppstank-diskbank-med-dispenser-hdpe-gra-83x50x103-cm-for-utomhusbruk-1.webp?fit=2000%2C2000&ssl=1","width":2000,"height":2000},{"@type":"BreadcrumbList","@id":"https:\/\/truusk.store\/sv\/produkt\/truusk-camping-handtvattstall-17l-med-avloppstank-diskbank-dispenser-hdpe-gra-83x50x103-cm-utomhusbruk\/#breadcrumb","itemListElement":[{"@type":"ListItem","position":1,"name":"Home","item":"https:\/\/truusk.store\/sv\/"},{"@type":"ListItem","position":2,"name":"Shop","item":"https:\/\/truusk.store\/shop\/"},{"@type":"ListItem","position":3,"name":"TRUUSK Camping Handtv\u00e4ttst\u00e4ll 17L &#8211; Med Avloppstank &#8211; Diskb\u00e4nk &#8211; Dispenser &#8211; HDPE &#8211; Gr\u00e5 &#8211; 83x50x103 Cm &#8211; Utomhusbruk"}]},{"@type":"WebSite","@id":"https:\/\/truusk.store\/sv\/#website","url":"https:\/\/truusk.store\/sv\/","name":"TRUUSK - Hem, Tr\u00e4dg\u00e5rd & Fritid","description":"","publisher":{"@id":"https:\/\/truusk.store\/sv\/#organization"},"potentialAction":[{"@type":"SearchAction","target":{"@type":"EntryPoint","urlTemplate":"https:\/\/truusk.store\/sv\/?s={search_term_string}"},"query-input":{"@type":"PropertyValueSpecification","valueRequired":true,"valueName":"search_term_string"}}],"inLanguage":"sv-SE"},{"@type":"Organization","@id":"https:\/\/truusk.store\/sv\/#organization","name":"TRUUSK - Hem, Tr\u00e4dg\u00e5rd & Fritid","url":"https:\/\/truusk.store\/sv\/","logo":{"@type":"ImageObject","inLanguage":"sv-SE","@id":"https:\/\/truusk.store\/sv\/#\/schema\/logo\/image\/","url":"https:\/\/i0.wp.com\/truusk.store\/wp-content\/uploads\/2026\/03\/cropped-TRUUSK.png?fit=2032%2C917&ssl=1","contentUrl":"https:\/\/i0.wp.com\/truusk.store\/wp-content\/uploads\/2026\/03\/cropped-TRUUSK.png?fit=2032%2C917&ssl=1","width":2032,"height":917,"caption":"TRUUSK - Hem, Tr\u00e4dg\u00e5rd & Fritid"},"image":{"@id":"https:\/\/truusk.store\/sv\/#\/schema\/logo\/image\/"}}]}},"jetpack_sharing_enabled":true,"_links":{"self":[{"href":"https:\/\/truusk.store\/sv\/wp-json\/wp\/v2\/product\/57712","targetHints":{"allow":["GET"]}}],"collection":[{"href":"https:\/\/truusk.store\/sv\/wp-json\/wp\/v2\/product"}],"about":[{"href":"https:\/\/truusk.store\/sv\/wp-json\/wp\/v2\/types\/product"}],"wp:featuredmedia":[{"embeddable":true,"href":"https:\/\/truusk.store\/sv\/wp-json\/wp\/v2\/media\/57703"}],"wp:attachment":[{"href":"https:\/\/truusk.store\/sv\/wp-json\/wp\/v2\/media?parent=57712"}],"wp:term":[{"taxonomy":"product_brand","embeddable":true,"href":"https:\/\/truusk.store\/sv\/wp-json\/wp\/v2\/product_brand?post=57712"},{"taxonomy":"product_cat","embeddable":true,"href":"https:\/\/truusk.store\/sv\/wp-json\/wp\/v2\/product_cat?post=57712"},{"taxonomy":"product_tag","embeddable":true,"href":"https:\/\/truusk.store\/sv\/wp-json\/wp\/v2\/product_tag?post=57712"}],"curies":[{"name":"wp","href":"https:\/\/api.w.org\/{rel}","templated":true}]}}