{"id":57732,"date":"2025-06-04T22:13:39","date_gmt":"2025-06-04T21:13:39","guid":{"rendered":"https:\/\/truusk.store\/product\/manuell-ledarmmarkis-markis-4m-med-handvev-balkongmarkis-solskydd-vaggmontering-balkong-alu-vitgron-395-x-245-cm\/"},"modified":"2026-03-12T09:11:19","modified_gmt":"2026-03-12T08:11:19","slug":"truusk-manuell-ledarmmarkis-4m-handvev-balkongmarkis-solskydd-vaggmontering-alu-vitgron-395x245-cm","status":"publish","type":"product","link":"https:\/\/truusk.store\/sv\/produkt\/truusk-manuell-ledarmmarkis-4m-handvev-balkongmarkis-solskydd-vaggmontering-alu-vitgron-395x245-cm\/","title":{"rendered":"TRUUSK Manuell Ledarmmarkis 4m &#8211; Handvev &#8211; Balkongmarkis &#8211; Solskydd &#8211; V\u00e4ggmontering &#8211; Alu Vit+Gr\u00f6n &#8211; 395&#215;245 cm"},"content":{"rendered":"<p>F\u00f6r alla som vill f\u00f6rvandla sin terrass till ett skuggigt avkopplingsomr\u00e5de \u00e4r denna stora inf\u00e4llbara kassettmarkis fr\u00e5n TRUUSK det perfekta valet! Denna ledarmmarkis kr\u00e4ver ingen str\u00f6manslutning. Du kan allts\u00e5 st\u00e4lla upp den utan att beh\u00f6va oroa dig f\u00f6r kablar, uttag eller batterier. Den 1,5 meter l\u00e5nga handveven \u00f6ppnar markisen mjukt och tyst. S\u00e4rskilt praktiskt: Denna solskydd kan monteras p\u00e5 n\u00e4stan alla v\u00e4ggytor.<\/p>\n<p>Beskrivning:<\/p>\n<ul>\n<li> Idealisk f\u00f6r montering p\u00e5 en terrass, en balkong eller \u00f6ver ett skyltf\u00f6nster<\/li>\n<li> Justerbart metallhandtag m\u00f6jligg\u00f6r manuell \u00f6ppning och st\u00e4ngning<\/li>\n<li> Utm\u00e4rkt skydd mot UV-str\u00e5lar<\/li>\n<li> Vattenavvisande polyester med h\u00f6g densitet (280 g\/m\u00b2)<\/li>\n<li> Robust aluminiumram f\u00f6r l\u00e5ng livsl\u00e4ngd<\/li>\n<li> Polyestertyget b\u00e4rs av 2 inf\u00e4llbara armar, en rulle och en fr\u00e4mre st\u00f6dst\u00e5ng<\/li>\n<li> Montering kr\u00e4vs<\/li>\n<\/ul>\n<p>Tekniska data:<\/p>\n<ul>\n<li> F\u00e4rg: Vit+Gr\u00f6n<\/li>\n<li> Material: Aluminium, St\u00e5l, Polyester<\/li>\n<li> Total storlek: 395L x 245B<\/li>\n<li> Handtagets l\u00e4ngd: 1500 mm\uff1b<\/li>\n<\/ul>\n<p>Leveransinneh\u00e5ll:<\/p>\n<ul>\n<li> 1 x F\u00f6nstermarkis<\/li>\n<li> 1 x Instruktioner<\/li>\n<\/ul>\n","protected":false},"excerpt":{"rendered":"<p>F\u00f6r alla som vill f\u00f6rvandla sin terrass till ett skuggigt avkopplingsomr\u00e5de \u00e4r denna stora inf\u00e4llbara kassettmarkis fr\u00e5n TRUUSK det perfekta&#8230;<\/p>\n","protected":false},"featured_media":57723,"template":"","meta":[],"product_brand":[],"product_cat":[473,862,858],"product_tag":[],"class_list":{"0":"post-57732","1":"product","2":"type-product","3":"status-publish","4":"has-post-thumbnail","6":"product_cat-markiser","7":"product_cat-sol-insynsskydd","8":"product_cat-tradgard-terrass","10":"first","11":"instock","12":"sale","13":"taxable","14":"shipping-taxable","15":"purchasable","16":"product-type-simple"},"yoast_head":"<!-- This site is optimized with the Yoast SEO plugin v25.4 - https:\/\/yoast.com\/wordpress\/plugins\/seo\/ -->\n<title>TRUUSK Manuell Ledarmmarkis 4m - Handvev - Balkongmarkis - Solskydd - V\u00e4ggmontering - Alu Vit+Gr\u00f6n - 395x245 cm - TRUUSK - Hem, Tr\u00e4dg\u00e5rd &amp; Fritid<\/title>\n<meta name=\"robots\" content=\"index, follow, max-snippet:-1, max-image-preview:large, max-video-preview:-1\" \/>\n<link rel=\"canonical\" href=\"https:\/\/truusk.store\/sv\/produkt\/truusk-manuell-ledarmmarkis-4m-handvev-balkongmarkis-solskydd-vaggmontering-alu-vitgron-395x245-cm\/\" \/>\n<meta property=\"og:locale\" content=\"sv_SE\" \/>\n<meta property=\"og:type\" content=\"article\" \/>\n<meta property=\"og:title\" content=\"TRUUSK Manuell Ledarmmarkis 4m - Handvev - Balkongmarkis - Solskydd - V\u00e4ggmontering - Alu Vit+Gr\u00f6n - 395x245 cm - TRUUSK - Hem, Tr\u00e4dg\u00e5rd &amp; Fritid\" \/>\n<meta property=\"og:description\" content=\"F\u00f6r alla som vill f\u00f6rvandla sin terrass till ett skuggigt avkopplingsomr\u00e5de \u00e4r denna stora inf\u00e4llbara kassettmarkis fr\u00e5n TRUUSK det perfekta...\" \/>\n<meta property=\"og:url\" content=\"https:\/\/truusk.store\/sv\/produkt\/truusk-manuell-ledarmmarkis-4m-handvev-balkongmarkis-solskydd-vaggmontering-alu-vitgron-395x245-cm\/\" \/>\n<meta property=\"og:site_name\" content=\"TRUUSK - Hem, Tr\u00e4dg\u00e5rd &amp; Fritid\" \/>\n<meta property=\"article:modified_time\" content=\"2026-03-12T08:11:19+00:00\" \/>\n<meta property=\"og:image\" content=\"https:\/\/i0.wp.com\/truusk.se\/wp-content\/uploads\/2025\/06\/manuell-ledarmmarkis-markis-4m-med-handvev-balkongmarkis-solskydd-vaggmontering-balkong-alu-vitgron-395-x-245-cm-1.webp?fit=2000%2C2000&ssl=1\" \/>\n\t<meta property=\"og:image:width\" content=\"2000\" \/>\n\t<meta property=\"og:image:height\" content=\"2000\" \/>\n\t<meta property=\"og:image:type\" content=\"image\/webp\" \/>\n<meta name=\"twitter:card\" content=\"summary_large_image\" \/>\n<meta name=\"twitter:label1\" content=\"Ber\u00e4knad l\u00e4stid\" \/>\n\t<meta name=\"twitter:data1\" content=\"1 minut\" \/>\n<!-- \/ Yoast SEO plugin. -->","yoast_head_json":{"title":"TRUUSK Manuell Ledarmmarkis 4m - Handvev - Balkongmarkis - Solskydd - V\u00e4ggmontering - Alu Vit+Gr\u00f6n - 395x245 cm - TRUUSK - Hem, Tr\u00e4dg\u00e5rd &amp; Fritid","robots":{"index":"index","follow":"follow","max-snippet":"max-snippet:-1","max-image-preview":"max-image-preview:large","max-video-preview":"max-video-preview:-1"},"canonical":"https:\/\/truusk.store\/sv\/produkt\/truusk-manuell-ledarmmarkis-4m-handvev-balkongmarkis-solskydd-vaggmontering-alu-vitgron-395x245-cm\/","og_locale":"sv_SE","og_type":"article","og_title":"TRUUSK Manuell Ledarmmarkis 4m - Handvev - Balkongmarkis - Solskydd - V\u00e4ggmontering - Alu Vit+Gr\u00f6n - 395x245 cm - TRUUSK - Hem, Tr\u00e4dg\u00e5rd &amp; Fritid","og_description":"F\u00f6r alla som vill f\u00f6rvandla sin terrass till ett skuggigt avkopplingsomr\u00e5de \u00e4r denna stora inf\u00e4llbara kassettmarkis fr\u00e5n TRUUSK det perfekta...","og_url":"https:\/\/truusk.store\/sv\/produkt\/truusk-manuell-ledarmmarkis-4m-handvev-balkongmarkis-solskydd-vaggmontering-alu-vitgron-395x245-cm\/","og_site_name":"TRUUSK - Hem, Tr\u00e4dg\u00e5rd &amp; Fritid","article_modified_time":"2026-03-12T08:11:19+00:00","og_image":[{"width":2000,"height":2000,"url":"https:\/\/i0.wp.com\/truusk.se\/wp-content\/uploads\/2025\/06\/manuell-ledarmmarkis-markis-4m-med-handvev-balkongmarkis-solskydd-vaggmontering-balkong-alu-vitgron-395-x-245-cm-1.webp?fit=2000%2C2000&ssl=1","type":"image\/webp"}],"twitter_card":"summary_large_image","twitter_misc":{"Ber\u00e4knad l\u00e4stid":"1 minut"},"schema":{"@context":"https:\/\/schema.org","@graph":[{"@type":"WebPage","@id":"https:\/\/truusk.store\/sv\/produkt\/truusk-manuell-ledarmmarkis-4m-handvev-balkongmarkis-solskydd-vaggmontering-alu-vitgron-395x245-cm\/","url":"https:\/\/truusk.store\/sv\/produkt\/truusk-manuell-ledarmmarkis-4m-handvev-balkongmarkis-solskydd-vaggmontering-alu-vitgron-395x245-cm\/","name":"TRUUSK Manuell Ledarmmarkis 4m - Handvev - Balkongmarkis - Solskydd - V\u00e4ggmontering - Alu Vit+Gr\u00f6n - 395x245 cm - TRUUSK - Hem, Tr\u00e4dg\u00e5rd &amp; Fritid","isPartOf":{"@id":"https:\/\/truusk.store\/sv\/#website"},"primaryImageOfPage":{"@id":"https:\/\/truusk.store\/sv\/produkt\/truusk-manuell-ledarmmarkis-4m-handvev-balkongmarkis-solskydd-vaggmontering-alu-vitgron-395x245-cm\/#primaryimage"},"image":{"@id":"https:\/\/truusk.store\/sv\/produkt\/truusk-manuell-ledarmmarkis-4m-handvev-balkongmarkis-solskydd-vaggmontering-alu-vitgron-395x245-cm\/#primaryimage"},"thumbnailUrl":"https:\/\/i0.wp.com\/truusk.store\/wp-content\/uploads\/2025\/06\/manuell-ledarmmarkis-markis-4m-med-handvev-balkongmarkis-solskydd-vaggmontering-balkong-alu-vitgron-395-x-245-cm-1.webp?fit=2000%2C2000&ssl=1","datePublished":"2025-06-04T21:13:39+00:00","dateModified":"2026-03-12T08:11:19+00:00","breadcrumb":{"@id":"https:\/\/truusk.store\/sv\/produkt\/truusk-manuell-ledarmmarkis-4m-handvev-balkongmarkis-solskydd-vaggmontering-alu-vitgron-395x245-cm\/#breadcrumb"},"inLanguage":"sv-SE","potentialAction":[{"@type":"ReadAction","target":["https:\/\/truusk.store\/sv\/produkt\/truusk-manuell-ledarmmarkis-4m-handvev-balkongmarkis-solskydd-vaggmontering-alu-vitgron-395x245-cm\/"]}]},{"@type":"ImageObject","inLanguage":"sv-SE","@id":"https:\/\/truusk.store\/sv\/produkt\/truusk-manuell-ledarmmarkis-4m-handvev-balkongmarkis-solskydd-vaggmontering-alu-vitgron-395x245-cm\/#primaryimage","url":"https:\/\/i0.wp.com\/truusk.store\/wp-content\/uploads\/2025\/06\/manuell-ledarmmarkis-markis-4m-med-handvev-balkongmarkis-solskydd-vaggmontering-balkong-alu-vitgron-395-x-245-cm-1.webp?fit=2000%2C2000&ssl=1","contentUrl":"https:\/\/i0.wp.com\/truusk.store\/wp-content\/uploads\/2025\/06\/manuell-ledarmmarkis-markis-4m-med-handvev-balkongmarkis-solskydd-vaggmontering-balkong-alu-vitgron-395-x-245-cm-1.webp?fit=2000%2C2000&ssl=1","width":2000,"height":2000},{"@type":"BreadcrumbList","@id":"https:\/\/truusk.store\/sv\/produkt\/truusk-manuell-ledarmmarkis-4m-handvev-balkongmarkis-solskydd-vaggmontering-alu-vitgron-395x245-cm\/#breadcrumb","itemListElement":[{"@type":"ListItem","position":1,"name":"Home","item":"https:\/\/truusk.store\/sv\/"},{"@type":"ListItem","position":2,"name":"Shop","item":"https:\/\/truusk.store\/shop\/"},{"@type":"ListItem","position":3,"name":"TRUUSK Manuell Ledarmmarkis 4m &#8211; Handvev &#8211; Balkongmarkis &#8211; Solskydd &#8211; V\u00e4ggmontering &#8211; Alu Vit+Gr\u00f6n &#8211; 395&#215;245 cm"}]},{"@type":"WebSite","@id":"https:\/\/truusk.store\/sv\/#website","url":"https:\/\/truusk.store\/sv\/","name":"TRUUSK - Hem, Tr\u00e4dg\u00e5rd & Fritid","description":"","publisher":{"@id":"https:\/\/truusk.store\/sv\/#organization"},"potentialAction":[{"@type":"SearchAction","target":{"@type":"EntryPoint","urlTemplate":"https:\/\/truusk.store\/sv\/?s={search_term_string}"},"query-input":{"@type":"PropertyValueSpecification","valueRequired":true,"valueName":"search_term_string"}}],"inLanguage":"sv-SE"},{"@type":"Organization","@id":"https:\/\/truusk.store\/sv\/#organization","name":"TRUUSK - Hem, Tr\u00e4dg\u00e5rd & Fritid","url":"https:\/\/truusk.store\/sv\/","logo":{"@type":"ImageObject","inLanguage":"sv-SE","@id":"https:\/\/truusk.store\/sv\/#\/schema\/logo\/image\/","url":"https:\/\/i0.wp.com\/truusk.store\/wp-content\/uploads\/2026\/03\/cropped-TRUUSK.png?fit=2032%2C917&ssl=1","contentUrl":"https:\/\/i0.wp.com\/truusk.store\/wp-content\/uploads\/2026\/03\/cropped-TRUUSK.png?fit=2032%2C917&ssl=1","width":2032,"height":917,"caption":"TRUUSK - Hem, Tr\u00e4dg\u00e5rd & Fritid"},"image":{"@id":"https:\/\/truusk.store\/sv\/#\/schema\/logo\/image\/"}}]}},"jetpack_sharing_enabled":true,"_links":{"self":[{"href":"https:\/\/truusk.store\/sv\/wp-json\/wp\/v2\/product\/57732","targetHints":{"allow":["GET"]}}],"collection":[{"href":"https:\/\/truusk.store\/sv\/wp-json\/wp\/v2\/product"}],"about":[{"href":"https:\/\/truusk.store\/sv\/wp-json\/wp\/v2\/types\/product"}],"wp:featuredmedia":[{"embeddable":true,"href":"https:\/\/truusk.store\/sv\/wp-json\/wp\/v2\/media\/57723"}],"wp:attachment":[{"href":"https:\/\/truusk.store\/sv\/wp-json\/wp\/v2\/media?parent=57732"}],"wp:term":[{"taxonomy":"product_brand","embeddable":true,"href":"https:\/\/truusk.store\/sv\/wp-json\/wp\/v2\/product_brand?post=57732"},{"taxonomy":"product_cat","embeddable":true,"href":"https:\/\/truusk.store\/sv\/wp-json\/wp\/v2\/product_cat?post=57732"},{"taxonomy":"product_tag","embeddable":true,"href":"https:\/\/truusk.store\/sv\/wp-json\/wp\/v2\/product_tag?post=57732"}],"curies":[{"name":"wp","href":"https:\/\/api.w.org\/{rel}","templated":true}]}}